{"id":2233,"date":"2022-07-27T21:33:29","date_gmt":"2022-07-27T19:33:29","guid":{"rendered":"https:\/\/123-esta.com\/why-do-an-esta-application-for-us\/"},"modified":"2022-09-01T22:56:30","modified_gmt":"2022-09-01T20:56:30","slug":"porque-aplicar-esta-para-os-eua","status":"publish","type":"page","link":"https:\/\/123-esta.com\/pt-pt\/porque-aplicar-esta-para-os-eua\/","title":{"rendered":"Porqu\u00ea candidatar-se a um ESTA para os EUA?"},"content":{"rendered":"\n<p>Desde Janeiro de 2009, uma candidatura ESTA \u00e9 obrigat\u00f3ria para os viajantes que planeiam visitar os Estados Unidos por menos de 90 dias. No entanto, o<a href=\"https:\/\/123-esta.com\/pt-pt\/esta-oficial\/\">ESTA oficial<\/a> n\u00e3o est\u00e1 dispon\u00edvel para todos, uma vez que requer v\u00e1rias condi\u00e7\u00f5es a serem cumpridas para o obter.<\/p>\n\n<p>Neste artigo, discutiremos as diferentes raz\u00f5es e a necessidade de um pedido de autoriza\u00e7\u00e3o de viagem.<\/p>\n\n<h2 class=\"wp-block-heading\">O que \u00e9 o pedido de autoriza\u00e7\u00e3o de viagem?<\/h2>\n\n<p>O Departamento de Seguran\u00e7a Interna dos Estados Unidos implementou o <a href=\"https:\/\/123-esta.com\/pt-pt\/lista-de-paises-visa-waiver-program\/\">Programa de Isen\u00e7\u00e3o de Vistos<\/a> (VWP) para examinar os pedidos de entrada nos Estados Unidos e para refor\u00e7ar as medidas de seguran\u00e7a. O Programa de Isen\u00e7\u00e3o de Vistos (VWP) foi assinado por 40 pa\u00edses e permite aos nacionais de pa\u00edses membros do VWP viajar para os EUA utilizando a aplica\u00e7\u00e3o ESTA. Ver a nossa p\u00e1gina com a <a href=\"https:\/\/123-esta.com\/pt-pt\/lista-de-paises-visa-waiver-program\/\">lista de pa\u00edses do VWP<\/a>.<\/p>\n\n<p>Ao preencher a candidatura ESTA, as autoridades dos EUA poder\u00e3o identificar mais facilmente os viajantes de alto risco, gra\u00e7as \u00e0s informa\u00e7\u00f5es de identidade fornecidas pelo candidato. Para ter a certeza de obter a candidatura ESTA, deve certificar-se de que cumpre todos os crit\u00e9rios exigidos.<\/p>\n\n<p>Gra\u00e7as ao <a href=\"https:\/\/123-esta.com\/pt-pt\/forma-esta-em-portugues\/\">formul\u00e1rio online<\/a>, o ESTA oficial pode ser solicitado rapidamente (ao contr\u00e1rio do visto americano). Para <a href=\"https:\/\/123-esta.com\/pt-pt\/tudo-sobre-a-aplicacao-esta\/\">se candidatar online<\/a>, pode ir ao website do governo dos EUA ou ao website privado do nosso parceiro de servi\u00e7os.<\/p>\n\n<p>Aten\u00e7\u00e3o: n\u00e3o deixe isto para a \u00faltima hora, mesmo que o ESTA seja obtido para 99% dos requerentes, a sua candidatura pode demorar mais tempo se for solicitada pelas autoridades americanas.<\/p>\n\n<h2 class=\"wp-block-heading\">Preciso de me candidatar ao ESTA?<\/h2>\n\n<p>Mencion\u00e1mos o primeiro crit\u00e9rio: ser um nacional de um dos pa\u00edses em causa no VWP.<\/p>\n\n<p>No entanto, esta est\u00e1 longe de ser a \u00fanica condi\u00e7\u00e3o para a obten\u00e7\u00e3o da autoriza\u00e7\u00e3o ESTA. A fim de se dar a si pr\u00f3prio a melhor oportunidade, aqui est\u00e3o os diferentes pontos a respeitar.<\/p>\n\n<h3 class=\"wp-block-heading\">Viajar por uma destas 3 raz\u00f5es<\/h3>\n\n<ul class=\"wp-block-list\"><li>Turista: quer visitar os Estados Unidos para uma viagem rodovi\u00e1ria, uma viagem a Nova Iorque ou outra raz\u00e3o para viajar;<\/li><li>Tr\u00e2nsito: passa-se pelos EUA apenas para uma escala;<\/li><li>Profissional: forma\u00e7\u00e3o, reuni\u00f5es, etc. A raz\u00e3o comercial n\u00e3o deve ser comercial. Se quiser iniciar um neg\u00f3cio, ter\u00e1 de solicitar um visto americano.<\/li><\/ul>\n\n<h3 class=\"wp-block-heading\">Partida durante 90 dias (ou menos)<\/h3>\n\n<p>\u00c9 permitido um pedido ESTA para uma curta estadia de at\u00e9 90 dias (3 meses). O ESTA \u00e9 v\u00e1lido por 2 anos, mas n\u00e3o pode viajar por mais de 90 dias consecutivos.<\/p>\n\n<h3 class=\"wp-block-heading\">Tenha os seus documentos actualizados<\/h3>\n\n<h4 class=\"wp-block-heading\">Passaporte biom\u00e9trico ou electr\u00f3nico<\/h4>\n\n<p>O <a href=\"https:\/\/123-esta.com\/pt-pt\/passaporte-esta-eua\/\">passaporte electr\u00f3nico ou biom\u00e9trico<\/a> \u00e9 provavelmente o documento mais importante para o seu pedido de autoriza\u00e7\u00e3o de viagem para os EUA. Ser\u00e1 utilizado para preencher o seu formul\u00e1rio ESTA, mas estar\u00e1 tamb\u00e9m directamente ligado ao seu formul\u00e1rio ESTA gra\u00e7as ao n\u00famero de passaporte v\u00e1lido.<\/p>\n\n<p>Em resumo, as autoridades exigem um passaporte biom\u00e9trico ou electr\u00f3nico para poderem ligar digitalmente (com os seus sistemas electr\u00f3nicos) o seu ESTA e o seu passaporte. Portanto, quando o seu pedido ESTA for aprovado, n\u00e3o h\u00e1 necessidade de o imprimir, uma vez que os funcion\u00e1rios aduaneiros ir\u00e3o l\u00ea-lo no seu passaporte.<\/p>\n\n<h4 class=\"wp-block-heading\">Autoriza\u00e7\u00e3o ESTA<\/h4>\n\n<p>\u00c9 favor notar que a autoriza\u00e7\u00e3o ESTA \u00e9 v\u00e1lida por 2 anos a partir do dia em que \u00e9 recebida. Se o seu passaporte expirar durante os dois anos, ter\u00e1 de renovar o seu passaporte e solicitar um novo ESTA.<\/p>\n\n<h4 class=\"wp-block-heading\">Bilhetes de avi\u00e3o<\/h4>\n\n<p>Sim, parece l\u00f3gico ter bilhetes de avi\u00e3o, mas para os Estados Unidos \u00e9 obrigat\u00f3rio utilizar uma companhia a\u00e9rea ou companhia de navega\u00e7\u00e3o reconhecida pelo pa\u00eds. Al\u00e9m disso, n\u00e3o espere at\u00e9 estar l\u00e1 para comprar o seu bilhete de regresso a Fran\u00e7a (ou ao seu pa\u00eds de origem). Se o oficial de seguran\u00e7a observar \u00e0 chegada que n\u00e3o tem bilhete de regresso, pode negar-lhe o acesso aos Estados Unidos acreditando que a sua raz\u00e3o para viajar \u00e9 imigrar ilegalmente para os Estados Unidos.<\/p>\n\n<p>Por favor note: mesmo com a sua autoriza\u00e7\u00e3o de viagem ESTA (e um bilhete de regresso), a alf\u00e2ndega dos EUA est\u00e1 no seu direito de recusar a sua entrada. Uma ESTA \u00e9 uma autoriza\u00e7\u00e3o para viajar para os Estados Unidos (por via a\u00e9rea ou mar\u00edtima), mas n\u00e3o \u00e9 uma autoriza\u00e7\u00e3o para entrar no pa\u00eds.<\/p>\n\n<h2 class=\"wp-block-heading\">Ou atrav\u00e9s do visto?<\/h2>\n\n<p>Um ESTA n\u00e3o \u00e9 um visto. Os dois documentos s\u00e3o bastante distintos um do outro, uma vez que o ESTA permite aos viajantes serem isentos de visto para a sua estada tempor\u00e1ria. Existem muitos tipos de visto: um visto para trabalhar, para est\u00e1gios, para estudar numa universidade, para abrir um neg\u00f3cio, etc. Sabe-se que um pedido de visto \u00e9 mais caro e demorado do que um <span style=\"font-weight: 400;\">pedido ESTA<\/span>.<\/p>\n\n<p>As pessoas interessadas na obten\u00e7\u00e3o de um visto s\u00e3o aquelas que receberam :<\/p>\n\n<h3 class=\"wp-block-heading\">Um ESTA recusou<\/h3>\n\n<p>Depois de preencher o formul\u00e1rio online, a resposta \u00e0 sua candidatura demorar\u00e1 at\u00e9 72 horas e poder\u00e1 obter 3 respostas diferentes: aprovada, <a href=\"https:\/\/123-esta.com\/pt-pt\/o-que-fazer-se-a-aplicacao-esta-pendente\/\">pendente<\/a> ou recusada. Neste \u00faltimo caso, duas coisas podem ser a causa: erros na c\u00f3pia da sua informa\u00e7\u00e3o de identidade ou o n\u00e3o cumprimento dos crit\u00e9rios para a sua obten\u00e7\u00e3o. Para evitar erros de c\u00f3pia, certifique-se de que leva o seu tempo e tem o seu passaporte dispon\u00edvel ou utilize um prestador de servi\u00e7os privado.<\/p>\n\n<p>Se n\u00e3o cumprir os crit\u00e9rios de aplica\u00e7\u00e3o do ESTA, ter\u00e1 de solicitar um visto nos servi\u00e7os consulares da embaixada dos EUA (ou consulado geral). Tamb\u00e9m \u00e9 poss\u00edvel um pedido de Cart\u00e3o Verde se desejar tornar-se residente permanente. Tal como no caso do visto, ter\u00e1 de contactar a embaixada dos EUA.<\/p>\n","protected":false},"excerpt":{"rendered":"<p>Desde Janeiro de 2009, uma candidatura ESTA \u00e9 obrigat\u00f3ria para os viajantes que planeiam visitar os Estados Unidos por menos de 90 dias. No entanto, oESTA oficial n\u00e3o est\u00e1 dispon\u00edvel para todos, uma vez que requer v\u00e1rias condi\u00e7\u00f5es a serem cumpridas para o obter. Neste artigo, discutiremos as diferentes raz\u00f5es e a necessidade de um [&hellip;]<\/p>\n","protected":false},"author":1,"featured_media":0,"parent":0,"menu_order":0,"comment_status":"closed","ping_status":"closed","template":"","meta":{"site-sidebar-layout":"default","site-content-layout":"default","ast-site-content-layout":"default","site-content-style":"default","site-sidebar-style":"default","ast-global-header-display":"","ast-banner-title-visibility":"","ast-main-header-display":"","ast-hfb-above-header-display":"","ast-hfb-below-header-display":"","ast-hfb-mobile-header-display":"","site-post-title":"","ast-breadcrumbs-content":"","ast-featured-img":"","footer-sml-layout":"","ast-disable-related-posts":"","theme-transparent-header-meta":"default","adv-header-id-meta":"","stick-header-meta":"default","header-above-stick-meta":"","header-main-stick-meta":"","header-below-stick-meta":"","astra-migrate-meta-layouts":"default","ast-page-background-enabled":"default","ast-page-background-meta":{"desktop":{"background-color":"","background-image":"","background-repeat":"repeat","background-position":"center center","background-size":"auto","background-attachment":"scroll","background-type":"","background-media":"","overlay-type":"","overlay-color":"","overlay-opacity":"","overlay-gradient":""},"tablet":{"background-color":"","background-image":"","background-repeat":"repeat","background-position":"center center","background-size":"auto","background-attachment":"scroll","background-type":"","background-media":"","overlay-type":"","overlay-color":"","overlay-opacity":"","overlay-gradient":""},"mobile":{"background-color":"","background-image":"","background-repeat":"repeat","background-position":"center center","background-size":"auto","background-attachment":"scroll","background-type":"","background-media":"","overlay-type":"","overlay-color":"","overlay-opacity":"","overlay-gradient":""}},"ast-content-background-meta":{"desktop":{"background-color":"var(--ast-global-color-5)","background-image":"","background-repeat":"repeat","background-position":"center center","background-size":"auto","background-attachment":"scroll","background-type":"","background-media":"","overlay-type":"","overlay-color":"","overlay-opacity":"","overlay-gradient":""},"tablet":{"background-color":"var(--ast-global-color-5)","background-image":"","background-repeat":"repeat","background-position":"center center","background-size":"auto","background-attachment":"scroll","background-type":"","background-media":"","overlay-type":"","overlay-color":"","overlay-opacity":"","overlay-gradient":""},"mobile":{"background-color":"var(--ast-global-color-5)","background-image":"","background-repeat":"repeat","background-position":"center center","background-size":"auto","background-attachment":"scroll","background-type":"","background-media":"","overlay-type":"","overlay-color":"","overlay-opacity":"","overlay-gradient":""}},"footnotes":""},"class_list":["post-2233","page","type-page","status-publish","hentry"],"yoast_head":"<!-- This site is optimized with the Yoast SEO plugin v27.1.1 - https:\/\/yoast.com\/product\/yoast-seo-wordpress\/ -->\n<title>Porqu\u00ea candidatar-se a um ESTA para os EUA?<\/title>\n<meta name=\"description\" content=\"Um pedido ESTA \u00e9 uma autoriza\u00e7\u00e3o para viajar para os EUA. Todas as respostas \u00e0s suas perguntas sobre o pedido de uma licen\u00e7a.\" \/>\n<meta name=\"robots\" content=\"index, follow, max-snippet:-1, max-image-preview:large, max-video-preview:-1\" \/>\n<link rel=\"canonical\" href=\"https:\/\/123-esta.com\/pt-pt\/porque-aplicar-esta-para-os-eua\/\" \/>\n<meta property=\"og:locale\" content=\"pt_PT\" \/>\n<meta property=\"og:type\" content=\"article\" \/>\n<meta property=\"og:title\" content=\"Porqu\u00ea candidatar-se a um ESTA para os EUA?\" \/>\n<meta property=\"og:description\" content=\"Um pedido ESTA \u00e9 uma autoriza\u00e7\u00e3o para viajar para os EUA. Todas as respostas \u00e0s suas perguntas sobre o pedido de uma licen\u00e7a.\" \/>\n<meta property=\"og:url\" content=\"https:\/\/123-esta.com\/pt-pt\/porque-aplicar-esta-para-os-eua\/\" \/>\n<meta property=\"og:site_name\" content=\"Formulaire ESTA pour les USA\" \/>\n<meta property=\"article:modified_time\" content=\"2022-09-01T20:56:30+00:00\" \/>\n<meta name=\"twitter:card\" content=\"summary_large_image\" \/>\n<meta name=\"twitter:label1\" content=\"Tempo estimado de leitura\" \/>\n\t<meta name=\"twitter:data1\" content=\"5 minutos\" \/>\n<script type=\"application\/ld+json\" class=\"yoast-schema-graph\">{\"@context\":\"https:\/\/schema.org\",\"@graph\":[{\"@type\":\"WebPage\",\"@id\":\"https:\/\/123-esta.com\/pt-pt\/porque-aplicar-esta-para-os-eua\/\",\"url\":\"https:\/\/123-esta.com\/pt-pt\/porque-aplicar-esta-para-os-eua\/\",\"name\":\"Porqu\u00ea candidatar-se a um ESTA para os EUA?\",\"isPartOf\":{\"@id\":\"https:\/\/123-esta.com\/pt-pt\/#website\"},\"datePublished\":\"2022-07-27T19:33:29+00:00\",\"dateModified\":\"2022-09-01T20:56:30+00:00\",\"description\":\"Um pedido ESTA \u00e9 uma autoriza\u00e7\u00e3o para viajar para os EUA. Todas as respostas \u00e0s suas perguntas sobre o pedido de uma licen\u00e7a.\",\"inLanguage\":\"pt-PT\",\"potentialAction\":[{\"@type\":\"ReadAction\",\"target\":[\"https:\/\/123-esta.com\/pt-pt\/porque-aplicar-esta-para-os-eua\/\"]}]},{\"@type\":\"WebSite\",\"@id\":\"https:\/\/123-esta.com\/pt-pt\/#website\",\"url\":\"https:\/\/123-esta.com\/pt-pt\/\",\"name\":\"Formulaire ESTA pour les USA\",\"description\":\"\",\"publisher\":{\"@id\":\"https:\/\/123-esta.com\/pt-pt\/#organization\"},\"potentialAction\":[{\"@type\":\"SearchAction\",\"target\":{\"@type\":\"EntryPoint\",\"urlTemplate\":\"https:\/\/123-esta.com\/pt-pt\/?s={search_term_string}\"},\"query-input\":{\"@type\":\"PropertyValueSpecification\",\"valueRequired\":true,\"valueName\":\"search_term_string\"}}],\"inLanguage\":\"pt-PT\"},{\"@type\":\"Organization\",\"@id\":\"https:\/\/123-esta.com\/pt-pt\/#organization\",\"name\":\"Formulaire ESTA pour les USA\",\"url\":\"https:\/\/123-esta.com\/pt-pt\/\",\"logo\":{\"@type\":\"ImageObject\",\"inLanguage\":\"pt-PT\",\"@id\":\"https:\/\/123-esta.com\/pt-pt\/#\/schema\/logo\/image\/\",\"url\":\"https:\/\/123-esta.com\/wp-content\/uploads\/2018\/03\/logo-123-esta.png\",\"contentUrl\":\"https:\/\/123-esta.com\/wp-content\/uploads\/2018\/03\/logo-123-esta.png\",\"width\":191,\"height\":54,\"caption\":\"Formulaire ESTA pour les USA\"},\"image\":{\"@id\":\"https:\/\/123-esta.com\/pt-pt\/#\/schema\/logo\/image\/\"}}]}<\/script>\n<!-- \/ Yoast SEO plugin. -->","yoast_head_json":{"title":"Porqu\u00ea candidatar-se a um ESTA para os EUA?","description":"Um pedido ESTA \u00e9 uma autoriza\u00e7\u00e3o para viajar para os EUA. Todas as respostas \u00e0s suas perguntas sobre o pedido de uma licen\u00e7a.","robots":{"index":"index","follow":"follow","max-snippet":"max-snippet:-1","max-image-preview":"max-image-preview:large","max-video-preview":"max-video-preview:-1"},"canonical":"https:\/\/123-esta.com\/pt-pt\/porque-aplicar-esta-para-os-eua\/","og_locale":"pt_PT","og_type":"article","og_title":"Porqu\u00ea candidatar-se a um ESTA para os EUA?","og_description":"Um pedido ESTA \u00e9 uma autoriza\u00e7\u00e3o para viajar para os EUA. Todas as respostas \u00e0s suas perguntas sobre o pedido de uma licen\u00e7a.","og_url":"https:\/\/123-esta.com\/pt-pt\/porque-aplicar-esta-para-os-eua\/","og_site_name":"Formulaire ESTA pour les USA","article_modified_time":"2022-09-01T20:56:30+00:00","twitter_card":"summary_large_image","twitter_misc":{"Tempo estimado de leitura":"5 minutos"},"schema":{"@context":"https:\/\/schema.org","@graph":[{"@type":"WebPage","@id":"https:\/\/123-esta.com\/pt-pt\/porque-aplicar-esta-para-os-eua\/","url":"https:\/\/123-esta.com\/pt-pt\/porque-aplicar-esta-para-os-eua\/","name":"Porqu\u00ea candidatar-se a um ESTA para os EUA?","isPartOf":{"@id":"https:\/\/123-esta.com\/pt-pt\/#website"},"datePublished":"2022-07-27T19:33:29+00:00","dateModified":"2022-09-01T20:56:30+00:00","description":"Um pedido ESTA \u00e9 uma autoriza\u00e7\u00e3o para viajar para os EUA. Todas as respostas \u00e0s suas perguntas sobre o pedido de uma licen\u00e7a.","inLanguage":"pt-PT","potentialAction":[{"@type":"ReadAction","target":["https:\/\/123-esta.com\/pt-pt\/porque-aplicar-esta-para-os-eua\/"]}]},{"@type":"WebSite","@id":"https:\/\/123-esta.com\/pt-pt\/#website","url":"https:\/\/123-esta.com\/pt-pt\/","name":"Formulaire ESTA pour les USA","description":"","publisher":{"@id":"https:\/\/123-esta.com\/pt-pt\/#organization"},"potentialAction":[{"@type":"SearchAction","target":{"@type":"EntryPoint","urlTemplate":"https:\/\/123-esta.com\/pt-pt\/?s={search_term_string}"},"query-input":{"@type":"PropertyValueSpecification","valueRequired":true,"valueName":"search_term_string"}}],"inLanguage":"pt-PT"},{"@type":"Organization","@id":"https:\/\/123-esta.com\/pt-pt\/#organization","name":"Formulaire ESTA pour les USA","url":"https:\/\/123-esta.com\/pt-pt\/","logo":{"@type":"ImageObject","inLanguage":"pt-PT","@id":"https:\/\/123-esta.com\/pt-pt\/#\/schema\/logo\/image\/","url":"https:\/\/123-esta.com\/wp-content\/uploads\/2018\/03\/logo-123-esta.png","contentUrl":"https:\/\/123-esta.com\/wp-content\/uploads\/2018\/03\/logo-123-esta.png","width":191,"height":54,"caption":"Formulaire ESTA pour les USA"},"image":{"@id":"https:\/\/123-esta.com\/pt-pt\/#\/schema\/logo\/image\/"}}]}},"_links":{"self":[{"href":"https:\/\/123-esta.com\/pt-pt\/wp-json\/wp\/v2\/pages\/2233","targetHints":{"allow":["GET"]}}],"collection":[{"href":"https:\/\/123-esta.com\/pt-pt\/wp-json\/wp\/v2\/pages"}],"about":[{"href":"https:\/\/123-esta.com\/pt-pt\/wp-json\/wp\/v2\/types\/page"}],"author":[{"embeddable":true,"href":"https:\/\/123-esta.com\/pt-pt\/wp-json\/wp\/v2\/users\/1"}],"replies":[{"embeddable":true,"href":"https:\/\/123-esta.com\/pt-pt\/wp-json\/wp\/v2\/comments?post=2233"}],"version-history":[{"count":0,"href":"https:\/\/123-esta.com\/pt-pt\/wp-json\/wp\/v2\/pages\/2233\/revisions"}],"wp:attachment":[{"href":"https:\/\/123-esta.com\/pt-pt\/wp-json\/wp\/v2\/media?parent=2233"}],"curies":[{"name":"wp","href":"https:\/\/api.w.org\/{rel}","templated":true}]}}