{"id":2230,"date":"2022-07-27T21:33:29","date_gmt":"2022-07-27T19:33:29","guid":{"rendered":"https:\/\/123-esta.com\/forma-esta-em-portugues\/"},"modified":"2023-08-24T11:49:58","modified_gmt":"2023-08-24T09:49:58","slug":"forma-esta-em-portugues","status":"publish","type":"page","link":"https:\/\/123-esta.com\/pt-pt\/forma-esta-em-portugues\/","title":{"rendered":"Formul\u00e1rio em linha ESTA"},"content":{"rendered":"\t\t<div data-elementor-type=\"wp-page\" data-elementor-id=\"2230\" class=\"elementor elementor-2230 elementor-715\" data-elementor-post-type=\"page\">\n\t\t\t\t\t\t<section class=\"elementor-section elementor-top-section elementor-element elementor-element-feebf82 elementor-section-boxed elementor-section-height-default elementor-section-height-default\" data-id=\"feebf82\" data-element_type=\"section\" data-e-type=\"section\">\n\t\t\t\t\t\t<div class=\"elementor-container elementor-column-gap-default\">\n\t\t\t\t\t<div class=\"elementor-column elementor-col-100 elementor-top-column elementor-element elementor-element-652c94f\" data-id=\"652c94f\" data-element_type=\"column\" data-e-type=\"column\">\n\t\t\t<div class=\"elementor-widget-wrap elementor-element-populated\">\n\t\t\t\t\t\t<div class=\"elementor-element elementor-element-cc3db0a elementor-widget elementor-widget-spacer\" data-id=\"cc3db0a\" data-element_type=\"widget\" data-e-type=\"widget\" data-widget_type=\"spacer.default\">\n\t\t\t\t<div class=\"elementor-widget-container\">\n\t\t\t\t\t\t\t<div class=\"elementor-spacer\">\n\t\t\t<div class=\"elementor-spacer-inner\"><\/div>\n\t\t<\/div>\n\t\t\t\t\t\t<\/div>\n\t\t\t\t<\/div>\n\t\t\t\t\t<\/div>\n\t\t<\/div>\n\t\t\t\t\t<\/div>\n\t\t<\/section>\n\t\t\t\t<section class=\"elementor-section elementor-top-section elementor-element elementor-element-32a9414 elementor-section-boxed elementor-section-height-default elementor-section-height-default\" data-id=\"32a9414\" data-element_type=\"section\" data-e-type=\"section\">\n\t\t\t\t\t\t<div class=\"elementor-container elementor-column-gap-default\">\n\t\t\t\t\t<div class=\"elementor-column elementor-col-50 elementor-top-column elementor-element elementor-element-102f3fe\" data-id=\"102f3fe\" data-element_type=\"column\" data-e-type=\"column\">\n\t\t\t<div class=\"elementor-widget-wrap elementor-element-populated\">\n\t\t\t\t\t\t<div class=\"elementor-element elementor-element-a9cd3d3 elementor-button-danger elementor-widget elementor-widget-button\" data-id=\"a9cd3d3\" data-element_type=\"widget\" data-e-type=\"widget\" data-widget_type=\"button.default\">\n\t\t\t\t<div class=\"elementor-widget-container\">\n\t\t\t\t\t\t\t\t\t<div class=\"elementor-button-wrapper\">\n\t\t\t\t\t<a class=\"elementor-button elementor-button-link elementor-size-sm\" href=\"https:\/\/oficial-esta.pt\/solicite-a-esta\/?aid=1\">\n\t\t\t\t\t\t<span class=\"elementor-button-content-wrapper\">\n\t\t\t\t\t\t\t\t\t<span class=\"elementor-button-text\">Clique aqui<\/span>\n\t\t\t\t\t<\/span>\n\t\t\t\t\t<\/a>\n\t\t\t\t<\/div>\n\t\t\t\t\t\t\t\t<\/div>\n\t\t\t\t<\/div>\n\t\t\t\t\t<\/div>\n\t\t<\/div>\n\t\t\t\t<div class=\"elementor-column elementor-col-50 elementor-top-column elementor-element elementor-element-a00866f\" data-id=\"a00866f\" data-element_type=\"column\" data-e-type=\"column\">\n\t\t\t<div class=\"elementor-widget-wrap elementor-element-populated\">\n\t\t\t\t\t\t<div class=\"elementor-element elementor-element-42ac55a elementor-widget elementor-widget-text-editor\" data-id=\"42ac55a\" data-element_type=\"widget\" data-e-type=\"widget\" data-widget_type=\"text-editor.default\">\n\t\t\t\t<div class=\"elementor-widget-container\">\n\t\t\t\t\t\t\t\t\t<p>O pedido de autoriza\u00e7\u00e3o de viagem ESTA \u00e9 feito inteiramente online atrav\u00e9s da Internet.<br \/>\nSe tiver os seus documentos de viagem, pode preencher o formul\u00e1rio para obter o seu ESTA dentro de alguns minutos. <\/p>\n\t\t\t\t\t\t\t\t<\/div>\n\t\t\t\t<\/div>\n\t\t\t\t\t<\/div>\n\t\t<\/div>\n\t\t\t\t\t<\/div>\n\t\t<\/section>\n\t\t\t\t<section class=\"elementor-section elementor-top-section elementor-element elementor-element-8f1c345 elementor-section-boxed elementor-section-height-default elementor-section-height-default\" data-id=\"8f1c345\" data-element_type=\"section\" data-e-type=\"section\">\n\t\t\t\t\t\t<div class=\"elementor-container elementor-column-gap-default\">\n\t\t\t\t\t<div class=\"elementor-column elementor-col-100 elementor-top-column elementor-element elementor-element-3d0cb0b\" data-id=\"3d0cb0b\" data-element_type=\"column\" data-e-type=\"column\">\n\t\t\t<div class=\"elementor-widget-wrap elementor-element-populated\">\n\t\t\t\t\t\t<div class=\"elementor-element elementor-element-27f2ed2 elementor-widget elementor-widget-spacer\" data-id=\"27f2ed2\" data-element_type=\"widget\" data-e-type=\"widget\" data-widget_type=\"spacer.default\">\n\t\t\t\t<div class=\"elementor-widget-container\">\n\t\t\t\t\t\t\t<div class=\"elementor-spacer\">\n\t\t\t<div class=\"elementor-spacer-inner\"><\/div>\n\t\t<\/div>\n\t\t\t\t\t\t<\/div>\n\t\t\t\t<\/div>\n\t\t\t\t\t<\/div>\n\t\t<\/div>\n\t\t\t\t\t<\/div>\n\t\t<\/section>\n\t\t\t\t<section class=\"elementor-section elementor-top-section elementor-element elementor-element-7b0fc160 elementor-section-boxed elementor-section-height-default elementor-section-height-default\" data-id=\"7b0fc160\" data-element_type=\"section\" data-e-type=\"section\">\n\t\t\t\t\t\t<div class=\"elementor-container elementor-column-gap-default\">\n\t\t\t\t\t<div class=\"elementor-column elementor-col-100 elementor-top-column elementor-element elementor-element-68f20d73\" data-id=\"68f20d73\" data-element_type=\"column\" data-e-type=\"column\">\n\t\t\t<div class=\"elementor-widget-wrap elementor-element-populated\">\n\t\t\t\t\t\t<div class=\"elementor-element elementor-element-c383530 elementor-widget elementor-widget-text-editor\" data-id=\"c383530\" data-element_type=\"widget\" data-e-type=\"widget\" data-widget_type=\"text-editor.default\">\n\t\t\t\t<div class=\"elementor-widget-container\">\n\t\t\t\t\t\t\t\t\t<p><strong>Informa\u00e7\u00e3o importante: <\/strong>A partir de maio de 2023, j\u00e1 n\u00e3o \u00e9 necess\u00e1rio ser vacinado contra o coronav\u00edrus (COVID 19) para viajar para os Estados Unidos.<\/p>\n<h2>O question\u00e1rio para obter o ESTA<\/h2>\nO processo de apresenta\u00e7\u00e3o de um pedido ESTA em linha divide-se nas seguintes fases\n<ul>\n \t<li>V\u00e1 ao website do <a href=\"https:\/\/esta.cbp.dhs.gov\/\">Departamento de Seguran\u00e7a Interna<\/a> para se candidatar novamente;<\/li>\n \t<li>Validar o acesso ao formul\u00e1rio, aceitando as isen\u00e7\u00f5es de responsabilidade e as condi\u00e7\u00f5es gerais;<\/li>\n \t<li>Preencha os dados do candidato e verifique a sua caixa de correio electr\u00f3nico para validar o correio electr\u00f3nico de contacto;<\/li>\n \t<li>Preencha as informa\u00e7\u00f5es de identidade pessoal (apelido, nome pr\u00f3prio, sexo, local e data de nascimento, identidade dos pais, morada, emprego, perfis sociais ;<\/li>\n \t<li>Preencha as informa\u00e7\u00f5es de viagem, deve preencher um contacto de emerg\u00eancia e um endere\u00e7o domicili\u00e1rio durante a sua estadia nos EUA;<\/li>\n \t<li>Para responder \u00e0s perguntas de elegibilidade, s\u00f3 pode responder sim ou n\u00e3o. Isto implica responder honestamente a perguntas sobre a sua sa\u00fade, e outras relacionadas com a sua hist\u00f3ria com a lei;<\/li>\n \t<li>Para terminar este formul\u00e1rio ESTA, deve ler os seus v\u00e1rios detalhes, depois validar o pedido pagando o montante solicitado por cart\u00e3o de cr\u00e9dito ou Paypal.<\/li>\n<\/ul>\n<h2>O que fazer se a sua candidatura ao ESTA for rejeitada?<\/h2>\nPedir um visto na embaixada dos EUA ainda \u00e9 uma op\u00e7\u00e3o se tiver tempo antes da sua partida para os Estados Unidos da Am\u00e9rica. Se as autoridades dos EUA se recusarem a emitir-lhe um ESTA, pode voltar a candidatar-se 10 dias mais tarde, mas apenas se a rejei\u00e7\u00e3o se dever a um erro de dactilografia no pedido em linha original rejeitado.\n<h2>Qual \u00e9 a diferen\u00e7a entre um ESTA e um visto?<\/h2>\nEmbora o ESTA pare\u00e7a ser um visto dos EUA, tal n\u00e3o \u00e9 o caso.\nO ESTA \u00e9 uma autoriza\u00e7\u00e3o electr\u00f3nica de pr\u00e9-chegada aos Estados Unidos, enquanto que o visto \u00e9 uma autoriza\u00e7\u00e3o de resid\u00eancia emitida pela embaixada dos EUA ap\u00f3s um processo espec\u00edfico. \n\nAntes de preencher o formul\u00e1rio ESTA online, verifique se preenche todos os requisitos:\n<ol>\n \t<li>\u00c9 nacional de um dos pa\u00edses abrangidos pelo Programa de Isen\u00e7\u00e3o de Vistos dos EUA (VWP);<\/li>\n \t<li>Tem um passaporte electr\u00f3nico ou biom\u00e9trico v\u00e1lido;<\/li>\n \t<li>Deseja ficar nos EUA para turismo, neg\u00f3cios ou <a href=\"https:\/\/123-esta.com\/pt-pt\/deve-um-solicitar-uma-esta-para-um-transito\/\">tr\u00e2nsito<\/a> por um m\u00e1ximo de 90 dias;<\/li>\n<\/ol>\n&nbsp;\t\t\t\t\t\t\t\t<\/div>\n\t\t\t\t<\/div>\n\t\t\t\t\t<\/div>\n\t\t<\/div>\n\t\t\t\t\t<\/div>\n\t\t<\/section>\n\t\t\t\t<\/div>\n\t\t","protected":false},"excerpt":{"rendered":"<p>Clique aqui O pedido de autoriza\u00e7\u00e3o de viagem ESTA \u00e9 feito inteiramente online atrav\u00e9s da Internet. Se tiver os seus documentos de viagem, pode preencher o formul\u00e1rio para obter o seu ESTA dentro de alguns minutos. Informa\u00e7\u00e3o importante: A partir de maio de 2023, j\u00e1 n\u00e3o \u00e9 necess\u00e1rio ser vacinado contra o coronav\u00edrus (COVID 19) [&hellip;]<\/p>\n","protected":false},"author":1,"featured_media":0,"parent":0,"menu_order":0,"comment_status":"closed","ping_status":"closed","template":"","meta":{"site-sidebar-layout":"default","site-content-layout":"default","ast-site-content-layout":"default","site-content-style":"default","site-sidebar-style":"default","ast-global-header-display":"","ast-banner-title-visibility":"","ast-main-header-display":"","ast-hfb-above-header-display":"","ast-hfb-below-header-display":"","ast-hfb-mobile-header-display":"","site-post-title":"","ast-breadcrumbs-content":"","ast-featured-img":"","footer-sml-layout":"","ast-disable-related-posts":"","theme-transparent-header-meta":"default","adv-header-id-meta":"","stick-header-meta":"default","header-above-stick-meta":"","header-main-stick-meta":"","header-below-stick-meta":"","astra-migrate-meta-layouts":"default","ast-page-background-enabled":"default","ast-page-background-meta":{"desktop":{"background-color":"","background-image":"","background-repeat":"repeat","background-position":"center center","background-size":"auto","background-attachment":"scroll","background-type":"","background-media":"","overlay-type":"","overlay-color":"","overlay-opacity":"","overlay-gradient":""},"tablet":{"background-color":"","background-image":"","background-repeat":"repeat","background-position":"center center","background-size":"auto","background-attachment":"scroll","background-type":"","background-media":"","overlay-type":"","overlay-color":"","overlay-opacity":"","overlay-gradient":""},"mobile":{"background-color":"","background-image":"","background-repeat":"repeat","background-position":"center center","background-size":"auto","background-attachment":"scroll","background-type":"","background-media":"","overlay-type":"","overlay-color":"","overlay-opacity":"","overlay-gradient":""}},"ast-content-background-meta":{"desktop":{"background-color":"var(--ast-global-color-5)","background-image":"","background-repeat":"repeat","background-position":"center center","background-size":"auto","background-attachment":"scroll","background-type":"","background-media":"","overlay-type":"","overlay-color":"","overlay-opacity":"","overlay-gradient":""},"tablet":{"background-color":"var(--ast-global-color-5)","background-image":"","background-repeat":"repeat","background-position":"center center","background-size":"auto","background-attachment":"scroll","background-type":"","background-media":"","overlay-type":"","overlay-color":"","overlay-opacity":"","overlay-gradient":""},"mobile":{"background-color":"var(--ast-global-color-5)","background-image":"","background-repeat":"repeat","background-position":"center center","background-size":"auto","background-attachment":"scroll","background-type":"","background-media":"","overlay-type":"","overlay-color":"","overlay-opacity":"","overlay-gradient":""}},"footnotes":""},"class_list":["post-2230","page","type-page","status-publish","hentry"],"yoast_head":"<!-- This site is optimized with the Yoast SEO plugin v27.1.1 - https:\/\/yoast.com\/product\/yoast-seo-wordpress\/ -->\n<title>Como \u00e9 o formul\u00e1rio de autoriza\u00e7\u00e3o do ESTA?<\/title>\n<meta name=\"description\" content=\"Preencha o formul\u00e1rio em linha para obter rapidamente a sua autoriza\u00e7\u00e3o para viajar para os Estados Unidos da Am\u00e9rica durante 2 anos\" \/>\n<meta name=\"robots\" content=\"index, follow, max-snippet:-1, max-image-preview:large, max-video-preview:-1\" \/>\n<link rel=\"canonical\" href=\"https:\/\/123-esta.com\/pt-pt\/forma-esta-em-portugues\/\" \/>\n<meta property=\"og:locale\" content=\"pt_PT\" \/>\n<meta property=\"og:type\" content=\"article\" \/>\n<meta property=\"og:title\" content=\"Como \u00e9 o formul\u00e1rio de autoriza\u00e7\u00e3o do ESTA?\" \/>\n<meta property=\"og:description\" content=\"Preencha o formul\u00e1rio em linha para obter rapidamente a sua autoriza\u00e7\u00e3o para viajar para os Estados Unidos da Am\u00e9rica durante 2 anos\" \/>\n<meta property=\"og:url\" content=\"https:\/\/123-esta.com\/pt-pt\/forma-esta-em-portugues\/\" \/>\n<meta property=\"og:site_name\" content=\"Formulaire ESTA pour les USA\" \/>\n<meta property=\"article:modified_time\" content=\"2023-08-24T09:49:58+00:00\" \/>\n<meta name=\"twitter:card\" content=\"summary_large_image\" \/>\n<meta name=\"twitter:label1\" content=\"Tempo estimado de leitura\" \/>\n\t<meta name=\"twitter:data1\" content=\"2 minutos\" \/>\n<script type=\"application\/ld+json\" class=\"yoast-schema-graph\">{\"@context\":\"https:\/\/schema.org\",\"@graph\":[{\"@type\":\"WebPage\",\"@id\":\"https:\/\/123-esta.com\/pt-pt\/forma-esta-em-portugues\/\",\"url\":\"https:\/\/123-esta.com\/pt-pt\/forma-esta-em-portugues\/\",\"name\":\"Como \u00e9 o formul\u00e1rio de autoriza\u00e7\u00e3o do ESTA?\",\"isPartOf\":{\"@id\":\"https:\/\/123-esta.com\/pt-pt\/#website\"},\"datePublished\":\"2022-07-27T19:33:29+00:00\",\"dateModified\":\"2023-08-24T09:49:58+00:00\",\"description\":\"Preencha o formul\u00e1rio em linha para obter rapidamente a sua autoriza\u00e7\u00e3o para viajar para os Estados Unidos da Am\u00e9rica durante 2 anos\",\"inLanguage\":\"pt-PT\",\"potentialAction\":[{\"@type\":\"ReadAction\",\"target\":[\"https:\/\/123-esta.com\/pt-pt\/forma-esta-em-portugues\/\"]}]},{\"@type\":\"WebSite\",\"@id\":\"https:\/\/123-esta.com\/pt-pt\/#website\",\"url\":\"https:\/\/123-esta.com\/pt-pt\/\",\"name\":\"Formulaire ESTA pour les USA\",\"description\":\"\",\"publisher\":{\"@id\":\"https:\/\/123-esta.com\/pt-pt\/#organization\"},\"potentialAction\":[{\"@type\":\"SearchAction\",\"target\":{\"@type\":\"EntryPoint\",\"urlTemplate\":\"https:\/\/123-esta.com\/pt-pt\/?s={search_term_string}\"},\"query-input\":{\"@type\":\"PropertyValueSpecification\",\"valueRequired\":true,\"valueName\":\"search_term_string\"}}],\"inLanguage\":\"pt-PT\"},{\"@type\":\"Organization\",\"@id\":\"https:\/\/123-esta.com\/pt-pt\/#organization\",\"name\":\"Formulaire ESTA pour les USA\",\"url\":\"https:\/\/123-esta.com\/pt-pt\/\",\"logo\":{\"@type\":\"ImageObject\",\"inLanguage\":\"pt-PT\",\"@id\":\"https:\/\/123-esta.com\/pt-pt\/#\/schema\/logo\/image\/\",\"url\":\"https:\/\/123-esta.com\/wp-content\/uploads\/2018\/03\/logo-123-esta.png\",\"contentUrl\":\"https:\/\/123-esta.com\/wp-content\/uploads\/2018\/03\/logo-123-esta.png\",\"width\":191,\"height\":54,\"caption\":\"Formulaire ESTA pour les USA\"},\"image\":{\"@id\":\"https:\/\/123-esta.com\/pt-pt\/#\/schema\/logo\/image\/\"}}]}<\/script>\n<!-- \/ Yoast SEO plugin. -->","yoast_head_json":{"title":"Como \u00e9 o formul\u00e1rio de autoriza\u00e7\u00e3o do ESTA?","description":"Preencha o formul\u00e1rio em linha para obter rapidamente a sua autoriza\u00e7\u00e3o para viajar para os Estados Unidos da Am\u00e9rica durante 2 anos","robots":{"index":"index","follow":"follow","max-snippet":"max-snippet:-1","max-image-preview":"max-image-preview:large","max-video-preview":"max-video-preview:-1"},"canonical":"https:\/\/123-esta.com\/pt-pt\/forma-esta-em-portugues\/","og_locale":"pt_PT","og_type":"article","og_title":"Como \u00e9 o formul\u00e1rio de autoriza\u00e7\u00e3o do ESTA?","og_description":"Preencha o formul\u00e1rio em linha para obter rapidamente a sua autoriza\u00e7\u00e3o para viajar para os Estados Unidos da Am\u00e9rica durante 2 anos","og_url":"https:\/\/123-esta.com\/pt-pt\/forma-esta-em-portugues\/","og_site_name":"Formulaire ESTA pour les USA","article_modified_time":"2023-08-24T09:49:58+00:00","twitter_card":"summary_large_image","twitter_misc":{"Tempo estimado de leitura":"2 minutos"},"schema":{"@context":"https:\/\/schema.org","@graph":[{"@type":"WebPage","@id":"https:\/\/123-esta.com\/pt-pt\/forma-esta-em-portugues\/","url":"https:\/\/123-esta.com\/pt-pt\/forma-esta-em-portugues\/","name":"Como \u00e9 o formul\u00e1rio de autoriza\u00e7\u00e3o do ESTA?","isPartOf":{"@id":"https:\/\/123-esta.com\/pt-pt\/#website"},"datePublished":"2022-07-27T19:33:29+00:00","dateModified":"2023-08-24T09:49:58+00:00","description":"Preencha o formul\u00e1rio em linha para obter rapidamente a sua autoriza\u00e7\u00e3o para viajar para os Estados Unidos da Am\u00e9rica durante 2 anos","inLanguage":"pt-PT","potentialAction":[{"@type":"ReadAction","target":["https:\/\/123-esta.com\/pt-pt\/forma-esta-em-portugues\/"]}]},{"@type":"WebSite","@id":"https:\/\/123-esta.com\/pt-pt\/#website","url":"https:\/\/123-esta.com\/pt-pt\/","name":"Formulaire ESTA pour les USA","description":"","publisher":{"@id":"https:\/\/123-esta.com\/pt-pt\/#organization"},"potentialAction":[{"@type":"SearchAction","target":{"@type":"EntryPoint","urlTemplate":"https:\/\/123-esta.com\/pt-pt\/?s={search_term_string}"},"query-input":{"@type":"PropertyValueSpecification","valueRequired":true,"valueName":"search_term_string"}}],"inLanguage":"pt-PT"},{"@type":"Organization","@id":"https:\/\/123-esta.com\/pt-pt\/#organization","name":"Formulaire ESTA pour les USA","url":"https:\/\/123-esta.com\/pt-pt\/","logo":{"@type":"ImageObject","inLanguage":"pt-PT","@id":"https:\/\/123-esta.com\/pt-pt\/#\/schema\/logo\/image\/","url":"https:\/\/123-esta.com\/wp-content\/uploads\/2018\/03\/logo-123-esta.png","contentUrl":"https:\/\/123-esta.com\/wp-content\/uploads\/2018\/03\/logo-123-esta.png","width":191,"height":54,"caption":"Formulaire ESTA pour les USA"},"image":{"@id":"https:\/\/123-esta.com\/pt-pt\/#\/schema\/logo\/image\/"}}]}},"_links":{"self":[{"href":"https:\/\/123-esta.com\/pt-pt\/wp-json\/wp\/v2\/pages\/2230","targetHints":{"allow":["GET"]}}],"collection":[{"href":"https:\/\/123-esta.com\/pt-pt\/wp-json\/wp\/v2\/pages"}],"about":[{"href":"https:\/\/123-esta.com\/pt-pt\/wp-json\/wp\/v2\/types\/page"}],"author":[{"embeddable":true,"href":"https:\/\/123-esta.com\/pt-pt\/wp-json\/wp\/v2\/users\/1"}],"replies":[{"embeddable":true,"href":"https:\/\/123-esta.com\/pt-pt\/wp-json\/wp\/v2\/comments?post=2230"}],"version-history":[{"count":0,"href":"https:\/\/123-esta.com\/pt-pt\/wp-json\/wp\/v2\/pages\/2230\/revisions"}],"wp:attachment":[{"href":"https:\/\/123-esta.com\/pt-pt\/wp-json\/wp\/v2\/media?parent=2230"}],"curies":[{"name":"wp","href":"https:\/\/api.w.org\/{rel}","templated":true}]}}