{"id":2218,"date":"2022-07-27T21:33:27","date_gmt":"2022-07-27T19:33:27","guid":{"rendered":"https:\/\/123-esta.com\/explicacoes-sobre-os-diferentes-estatutos\/"},"modified":"2022-08-23T23:01:14","modified_gmt":"2022-08-23T21:01:14","slug":"explicacoes-sobre-os-diferentes-estatutos","status":"publish","type":"page","link":"https:\/\/123-esta.com\/pt-pt\/explicacoes-sobre-os-diferentes-estatutos\/","title":{"rendered":"Explica\u00e7\u00e3o dos diferentes estados do ESTA"},"content":{"rendered":"\n<p>\u00c9 eleg\u00edvel para o Programa de Isen\u00e7\u00e3o de Vistos do governo dos EUA? Se planeia viajar para os Estados Unidos num futuro pr\u00f3ximo, necessitar\u00e1 da sua autoriza\u00e7\u00e3o <a href=\"https:\/\/123-esta.com\/pt-pt\/\">ESTA<\/a> para entrar nos Estados Unidos. Uma vez que se tenha candidatado, h\u00e1 tr\u00eas estados ESTA poss\u00edveis. Explicaremos em detalhe a diferen\u00e7a entre cada um dos estados de candidatura ao ESTA.<\/p>\n\n<h2 class=\"wp-block-heading\">ESTA em resumo<\/h2>\n\n<p>Antes de mais, vejamos o que \u00e9 o Sistema Electr\u00f3nico de Autoriza\u00e7\u00e3o de Viagem ou ESTA.<\/p>\n\n<p>Esta \u00e9 uma autoriza\u00e7\u00e3o de viagem em vez de um pedido de visto tradicional dos EUA, que os nacionais dos pa\u00edses membros do <a href=\"https:\/\/123-esta.com\/pt-pt\/lista-de-paises-visa-waiver-program\/\">Programa de Isen\u00e7\u00e3o de Vistos<\/a> devem ter se tencionam viajar para os EUA para turismo ou neg\u00f3cios por um per\u00edodo at\u00e9 90 dias. Esta autoriza\u00e7\u00e3o tamb\u00e9m \u00e9 necess\u00e1ria no caso de tr\u00e2nsito atrav\u00e9s dos EUA para um destino final.<\/p>\n\n<p>A candidatura ao ESTA n\u00e3o requer uma marca\u00e7\u00e3o na embaixada dos EUA, pois tudo \u00e9 feito atrav\u00e9s de um formul\u00e1rio online. Uma vez preenchido o formul\u00e1rio ESTA, deve pagar a taxa de candidatura.<\/p>\n\n<p>A partir da\u00ed, tudo o que tem de fazer \u00e9 esperar que as autoridades dos EUA respondam. Para o fazer, regresse regularmente ao s\u00edtio web do governo para verificar o seu estatuto ESTA, iniciando sess\u00e3o com o seu n\u00famero de ficheiro ou n\u00famero de passaporte. Se tiver utilizado os servi\u00e7os de um s\u00edtio Web privado, como o nosso parceiro, ser\u00e1 informado por correio electr\u00f3nico de quaisquer altera\u00e7\u00f5es ao seu estado de candidatura ao ESTA.<\/p>\n\n<h2 class=\"wp-block-heading\">Estatuto aprovado pelo ESTA<\/h2>\n\n<p>Se cumprir todos os requisitos do Programa de Isen\u00e7\u00e3o de Vistos, a sua candidatura ser\u00e1 rapidamente aceite. O seu estatuto ESTA ser\u00e1 aprovado neste caso. Isto significa que o ESTA est\u00e1 agora ligado electronicamente ao seu passaporte biom\u00e9trico ou electr\u00f3nico. O Servi\u00e7o de Alf\u00e2ndega dos EUA poder\u00e1 verificar isto atrav\u00e9s do scanning do seu passaporte \u00e0 chegada \u00e0 fronteira. N\u00e3o tem de fazer mais nada a partir deste ponto em rela\u00e7\u00e3o ao seu estatuto de candidatura ao ESTA, para al\u00e9m de se preparar para a sua viagem aos EUA. Um ESTA \u00e9 v\u00e1lido por dois anos ou at\u00e9 o seu passaporte expirar, o que ocorrer primeiro. Esta autoriza\u00e7\u00e3o \u00e9 igualmente v\u00e1lida para m\u00faltiplas viagens tur\u00edsticas durante este per\u00edodo.<\/p>\n\n<h2 class=\"wp-block-heading\">O estado pendente<\/h2>\n\n<p>O seu estatuto ESTA pode estar pendente. Este estado n\u00e3o costuma durar mais de 72 horas. Isto acontece quando os funcion\u00e1rios que verificam os pedidos precisam de mais tempo para verificar alguns detalhes que consideram suspeitos. Por esta raz\u00e3o, deve ser extremamente cuidadoso ao preencher o formul\u00e1rio em linha. Um simples erro de dactilografia pode ser considerado uma tentativa de fraude e prejudicar a sua aplica\u00e7\u00e3o ESTA, bem como a sua viagem aos EUA. Um site privado, como o do nosso parceiro, assegura que as informa\u00e7\u00f5es contidas no formul\u00e1rio s\u00e3o verdadeiras, a fim de evitar qualquer mal-entendido.<\/p>\n\n<h2 class=\"wp-block-heading\">ESTA estado de candidatura negado<\/h2>\n\n<p>Se o seu estatuto ESTA for negado, significa que n\u00e3o preenche os crit\u00e9rios para o Programa de Isen\u00e7\u00e3o de Vistos. H\u00e1 v\u00e1rias raz\u00f5es poss\u00edveis para isto.<\/p>\n\n<p>Poder\u00e1 ter cometido um erro ao preencher o formul\u00e1rio relativo ao seu nome de solteira (se for casado), o seu n\u00famero de passaporte. Tamb\u00e9m \u00e9 poss\u00edvel que o seu passaporte n\u00e3o seja v\u00e1lido o tempo suficiente para a dura\u00e7\u00e3o da sua estadia nos Estados Unidos da Am\u00e9rica. Neste caso, ter\u00e1 de obter um novo passaporte e certificar-se de que se trata de um passaporte electr\u00f3nico ou biom\u00e9trico.<\/p>\n\n<p>Pode tamb\u00e9m ter respondido sim a uma das perguntas da \u00faltima parte do formul\u00e1rio em linha. Estas quest\u00f5es dizem respeito \u00e0 Seguran\u00e7a Interna dos EUA, responder sim a qualquer uma delas comprometer\u00e1 drasticamente as suas hip\u00f3teses de aceder ao ESTA. Pode sempre reaplicar 10 dias ap\u00f3s a recusa.<\/p>\n\n<p>Lembre-se de que ser recusado um ESTA n\u00e3o significa que n\u00e3o se possa viajar para os EUA. Mas ter\u00e1 de solicitar um visto de turista dos EUA e, por conseguinte, dirigir-se \u00e0 embaixada ou consulado dos EUA onde reside. Uma entrevista com um dos funcion\u00e1rios consulares determinar\u00e1 se est\u00e1 apto a obter um visto tur\u00edstico.<\/p>\n","protected":false},"excerpt":{"rendered":"<p>\u00c9 eleg\u00edvel para o Programa de Isen\u00e7\u00e3o de Vistos do governo dos EUA? Se planeia viajar para os Estados Unidos num futuro pr\u00f3ximo, necessitar\u00e1 da sua autoriza\u00e7\u00e3o ESTA para entrar nos Estados Unidos. Uma vez que se tenha candidatado, h\u00e1 tr\u00eas estados ESTA poss\u00edveis. Explicaremos em detalhe a diferen\u00e7a entre cada um dos estados de [&hellip;]<\/p>\n","protected":false},"author":1,"featured_media":0,"parent":0,"menu_order":0,"comment_status":"closed","ping_status":"closed","template":"","meta":{"site-sidebar-layout":"default","site-content-layout":"default","ast-site-content-layout":"default","site-content-style":"default","site-sidebar-style":"default","ast-global-header-display":"","ast-banner-title-visibility":"","ast-main-header-display":"","ast-hfb-above-header-display":"","ast-hfb-below-header-display":"","ast-hfb-mobile-header-display":"","site-post-title":"","ast-breadcrumbs-content":"","ast-featured-img":"","footer-sml-layout":"","ast-disable-related-posts":"","theme-transparent-header-meta":"default","adv-header-id-meta":"","stick-header-meta":"default","header-above-stick-meta":"","header-main-stick-meta":"","header-below-stick-meta":"","astra-migrate-meta-layouts":"default","ast-page-background-enabled":"default","ast-page-background-meta":{"desktop":{"background-color":"","background-image":"","background-repeat":"repeat","background-position":"center center","background-size":"auto","background-attachment":"scroll","background-type":"","background-media":"","overlay-type":"","overlay-color":"","overlay-opacity":"","overlay-gradient":""},"tablet":{"background-color":"","background-image":"","background-repeat":"repeat","background-position":"center center","background-size":"auto","background-attachment":"scroll","background-type":"","background-media":"","overlay-type":"","overlay-color":"","overlay-opacity":"","overlay-gradient":""},"mobile":{"background-color":"","background-image":"","background-repeat":"repeat","background-position":"center center","background-size":"auto","background-attachment":"scroll","background-type":"","background-media":"","overlay-type":"","overlay-color":"","overlay-opacity":"","overlay-gradient":""}},"ast-content-background-meta":{"desktop":{"background-color":"var(--ast-global-color-5)","background-image":"","background-repeat":"repeat","background-position":"center center","background-size":"auto","background-attachment":"scroll","background-type":"","background-media":"","overlay-type":"","overlay-color":"","overlay-opacity":"","overlay-gradient":""},"tablet":{"background-color":"var(--ast-global-color-5)","background-image":"","background-repeat":"repeat","background-position":"center center","background-size":"auto","background-attachment":"scroll","background-type":"","background-media":"","overlay-type":"","overlay-color":"","overlay-opacity":"","overlay-gradient":""},"mobile":{"background-color":"var(--ast-global-color-5)","background-image":"","background-repeat":"repeat","background-position":"center center","background-size":"auto","background-attachment":"scroll","background-type":"","background-media":"","overlay-type":"","overlay-color":"","overlay-opacity":"","overlay-gradient":""}},"footnotes":""},"class_list":["post-2218","page","type-page","status-publish","hentry"],"yoast_head":"<!-- This site is optimized with the Yoast SEO plugin v27.1.1 - https:\/\/yoast.com\/product\/yoast-seo-wordpress\/ -->\n<title>Como verifica o estado da sua candidatura ESTA?<\/title>\n<meta name=\"description\" content=\"Fez a sua candidatura ESTA para os Estados Unidos e deseja verificar o seu estatuto ESTA? Siga os conselhos dos nossos peritos para saber mais.\" \/>\n<meta name=\"robots\" content=\"index, follow, max-snippet:-1, max-image-preview:large, max-video-preview:-1\" \/>\n<link rel=\"canonical\" href=\"https:\/\/123-esta.com\/pt-pt\/explicacoes-sobre-os-diferentes-estatutos\/\" \/>\n<meta property=\"og:locale\" content=\"pt_PT\" \/>\n<meta property=\"og:type\" content=\"article\" \/>\n<meta property=\"og:title\" content=\"Como verifica o estado da sua candidatura ESTA?\" \/>\n<meta property=\"og:description\" content=\"Fez a sua candidatura ESTA para os Estados Unidos e deseja verificar o seu estatuto ESTA? Siga os conselhos dos nossos peritos para saber mais.\" \/>\n<meta property=\"og:url\" content=\"https:\/\/123-esta.com\/pt-pt\/explicacoes-sobre-os-diferentes-estatutos\/\" \/>\n<meta property=\"og:site_name\" content=\"Formulaire ESTA pour les USA\" \/>\n<meta property=\"article:modified_time\" content=\"2022-08-23T21:01:14+00:00\" \/>\n<meta name=\"twitter:card\" content=\"summary_large_image\" \/>\n<meta name=\"twitter:label1\" content=\"Tempo estimado de leitura\" \/>\n\t<meta name=\"twitter:data1\" content=\"4 minutos\" \/>\n<script type=\"application\/ld+json\" class=\"yoast-schema-graph\">{\"@context\":\"https:\/\/schema.org\",\"@graph\":[{\"@type\":\"WebPage\",\"@id\":\"https:\/\/123-esta.com\/pt-pt\/explicacoes-sobre-os-diferentes-estatutos\/\",\"url\":\"https:\/\/123-esta.com\/pt-pt\/explicacoes-sobre-os-diferentes-estatutos\/\",\"name\":\"Como verifica o estado da sua candidatura ESTA?\",\"isPartOf\":{\"@id\":\"https:\/\/123-esta.com\/pt-pt\/#website\"},\"datePublished\":\"2022-07-27T19:33:27+00:00\",\"dateModified\":\"2022-08-23T21:01:14+00:00\",\"description\":\"Fez a sua candidatura ESTA para os Estados Unidos e deseja verificar o seu estatuto ESTA? Siga os conselhos dos nossos peritos para saber mais.\",\"inLanguage\":\"pt-PT\",\"potentialAction\":[{\"@type\":\"ReadAction\",\"target\":[\"https:\/\/123-esta.com\/pt-pt\/explicacoes-sobre-os-diferentes-estatutos\/\"]}]},{\"@type\":\"WebSite\",\"@id\":\"https:\/\/123-esta.com\/pt-pt\/#website\",\"url\":\"https:\/\/123-esta.com\/pt-pt\/\",\"name\":\"Formulaire ESTA pour les USA\",\"description\":\"\",\"publisher\":{\"@id\":\"https:\/\/123-esta.com\/pt-pt\/#organization\"},\"potentialAction\":[{\"@type\":\"SearchAction\",\"target\":{\"@type\":\"EntryPoint\",\"urlTemplate\":\"https:\/\/123-esta.com\/pt-pt\/?s={search_term_string}\"},\"query-input\":{\"@type\":\"PropertyValueSpecification\",\"valueRequired\":true,\"valueName\":\"search_term_string\"}}],\"inLanguage\":\"pt-PT\"},{\"@type\":\"Organization\",\"@id\":\"https:\/\/123-esta.com\/pt-pt\/#organization\",\"name\":\"Formulaire ESTA pour les USA\",\"url\":\"https:\/\/123-esta.com\/pt-pt\/\",\"logo\":{\"@type\":\"ImageObject\",\"inLanguage\":\"pt-PT\",\"@id\":\"https:\/\/123-esta.com\/pt-pt\/#\/schema\/logo\/image\/\",\"url\":\"https:\/\/123-esta.com\/wp-content\/uploads\/2018\/03\/logo-123-esta.png\",\"contentUrl\":\"https:\/\/123-esta.com\/wp-content\/uploads\/2018\/03\/logo-123-esta.png\",\"width\":191,\"height\":54,\"caption\":\"Formulaire ESTA pour les USA\"},\"image\":{\"@id\":\"https:\/\/123-esta.com\/pt-pt\/#\/schema\/logo\/image\/\"}}]}<\/script>\n<!-- \/ Yoast SEO plugin. -->","yoast_head_json":{"title":"Como verifica o estado da sua candidatura ESTA?","description":"Fez a sua candidatura ESTA para os Estados Unidos e deseja verificar o seu estatuto ESTA? Siga os conselhos dos nossos peritos para saber mais.","robots":{"index":"index","follow":"follow","max-snippet":"max-snippet:-1","max-image-preview":"max-image-preview:large","max-video-preview":"max-video-preview:-1"},"canonical":"https:\/\/123-esta.com\/pt-pt\/explicacoes-sobre-os-diferentes-estatutos\/","og_locale":"pt_PT","og_type":"article","og_title":"Como verifica o estado da sua candidatura ESTA?","og_description":"Fez a sua candidatura ESTA para os Estados Unidos e deseja verificar o seu estatuto ESTA? Siga os conselhos dos nossos peritos para saber mais.","og_url":"https:\/\/123-esta.com\/pt-pt\/explicacoes-sobre-os-diferentes-estatutos\/","og_site_name":"Formulaire ESTA pour les USA","article_modified_time":"2022-08-23T21:01:14+00:00","twitter_card":"summary_large_image","twitter_misc":{"Tempo estimado de leitura":"4 minutos"},"schema":{"@context":"https:\/\/schema.org","@graph":[{"@type":"WebPage","@id":"https:\/\/123-esta.com\/pt-pt\/explicacoes-sobre-os-diferentes-estatutos\/","url":"https:\/\/123-esta.com\/pt-pt\/explicacoes-sobre-os-diferentes-estatutos\/","name":"Como verifica o estado da sua candidatura ESTA?","isPartOf":{"@id":"https:\/\/123-esta.com\/pt-pt\/#website"},"datePublished":"2022-07-27T19:33:27+00:00","dateModified":"2022-08-23T21:01:14+00:00","description":"Fez a sua candidatura ESTA para os Estados Unidos e deseja verificar o seu estatuto ESTA? Siga os conselhos dos nossos peritos para saber mais.","inLanguage":"pt-PT","potentialAction":[{"@type":"ReadAction","target":["https:\/\/123-esta.com\/pt-pt\/explicacoes-sobre-os-diferentes-estatutos\/"]}]},{"@type":"WebSite","@id":"https:\/\/123-esta.com\/pt-pt\/#website","url":"https:\/\/123-esta.com\/pt-pt\/","name":"Formulaire ESTA pour les USA","description":"","publisher":{"@id":"https:\/\/123-esta.com\/pt-pt\/#organization"},"potentialAction":[{"@type":"SearchAction","target":{"@type":"EntryPoint","urlTemplate":"https:\/\/123-esta.com\/pt-pt\/?s={search_term_string}"},"query-input":{"@type":"PropertyValueSpecification","valueRequired":true,"valueName":"search_term_string"}}],"inLanguage":"pt-PT"},{"@type":"Organization","@id":"https:\/\/123-esta.com\/pt-pt\/#organization","name":"Formulaire ESTA pour les USA","url":"https:\/\/123-esta.com\/pt-pt\/","logo":{"@type":"ImageObject","inLanguage":"pt-PT","@id":"https:\/\/123-esta.com\/pt-pt\/#\/schema\/logo\/image\/","url":"https:\/\/123-esta.com\/wp-content\/uploads\/2018\/03\/logo-123-esta.png","contentUrl":"https:\/\/123-esta.com\/wp-content\/uploads\/2018\/03\/logo-123-esta.png","width":191,"height":54,"caption":"Formulaire ESTA pour les USA"},"image":{"@id":"https:\/\/123-esta.com\/pt-pt\/#\/schema\/logo\/image\/"}}]}},"_links":{"self":[{"href":"https:\/\/123-esta.com\/pt-pt\/wp-json\/wp\/v2\/pages\/2218","targetHints":{"allow":["GET"]}}],"collection":[{"href":"https:\/\/123-esta.com\/pt-pt\/wp-json\/wp\/v2\/pages"}],"about":[{"href":"https:\/\/123-esta.com\/pt-pt\/wp-json\/wp\/v2\/types\/page"}],"author":[{"embeddable":true,"href":"https:\/\/123-esta.com\/pt-pt\/wp-json\/wp\/v2\/users\/1"}],"replies":[{"embeddable":true,"href":"https:\/\/123-esta.com\/pt-pt\/wp-json\/wp\/v2\/comments?post=2218"}],"version-history":[{"count":0,"href":"https:\/\/123-esta.com\/pt-pt\/wp-json\/wp\/v2\/pages\/2218\/revisions"}],"wp:attachment":[{"href":"https:\/\/123-esta.com\/pt-pt\/wp-json\/wp\/v2\/media?parent=2218"}],"curies":[{"name":"wp","href":"https:\/\/api.w.org\/{rel}","templated":true}]}}