{"id":2208,"date":"2022-07-27T21:33:22","date_gmt":"2022-07-27T19:33:22","guid":{"rendered":"https:\/\/123-esta.com\/a-questoes-de-forma-area-de-elegibilidade-elegibilidade\/"},"modified":"2022-08-31T11:37:43","modified_gmt":"2022-08-31T09:37:43","slug":"perguntas-sobre-elegibilidade-do-formulario-esta","status":"publish","type":"page","link":"https:\/\/123-esta.com\/pt-pt\/perguntas-sobre-elegibilidade-do-formulario-esta\/","title":{"rendered":"Quest\u00f5es de elegibilidade no formul\u00e1rio ESTA"},"content":{"rendered":"\n<p>Deseja preparar a sua viagem aos Estados Unidos da Am\u00e9rica o mais rapidamente poss\u00edvel e obter o<a href=\"\/\">ESTA<\/a>. O formul\u00e1rio ESTA \u00e9 frequentemente visto como mais acess\u00edvel e mais f\u00e1cil do que o visto dos EUA, o que \u00e9 verdade. No entanto, exige que certas condi\u00e7\u00f5es sejam cumpridas e que n\u00e3o sejam cometidos erros. Quais s\u00e3o as perguntas da ESTA? Como \u00e9 constitu\u00eddo o formul\u00e1rio em linha? As nossas respostas aqui.  <\/p>\n\n<h2 class=\"wp-block-heading\">Quais s\u00e3o as perguntas do ESTA no formul\u00e1rio?<\/h2>\n\n<p>As perguntas de elegibilidade do ESTA s\u00e3o perguntas fechadas e, portanto, requerem uma \u00fanica resposta de sim ou n\u00e3o, sem qualquer justifica\u00e7\u00e3o.  <\/p>\n\n<p>O question\u00e1rio ESTA pergunta sobre a sua hist\u00f3ria m\u00e9dica e\/ou jur\u00eddica e pode parecer simples e surpreendente. Contudo, o Departamento de Seguran\u00e7a Interna dos EUA incluiu estas quest\u00f5es como medida de seguran\u00e7a, por isso n\u00e3o se surpreenda e responda com verdade. Aqui est\u00e3o alguns exemplos de perguntas sobre o formul\u00e1rio ESTA:  <\/p>\n\n<ul class=\"wp-block-list\"><li>Sofre de alguma doen\u00e7a f\u00edsica ou mental?<\/li><li>J\u00e1 foi preso ou condenado por um crime que causou danos graves ou danos a bens, pessoas ou uma autoridade governamental?<\/li><li>Est\u00e1 actualmente \u00e0 procura de emprego nos Estados Unidos ou esteve empregado nos Estados Unidos no passado sem a necess\u00e1ria aprova\u00e7\u00e3o pr\u00e9via do governo?<\/li><li>etc.<\/li><\/ul>\n\n<p>\u00c9 verdade que responder \u00e0s perguntas fechadas do ESTA \u00e9 um passo importante. No entanto, n\u00e3o \u00e9 o \u00fanico passo no documento em linha. O formul\u00e1rio ESTA est\u00e1 dividido em tr\u00eas partes: os dados do requerente (os dados do seu passaporte), os dados do viajante (os seus motivos para viajar para os EUA) e o question\u00e1rio ESTA fechado.  <\/p>\n\n<h2 class=\"wp-block-heading\">Question\u00e1rio ESTA: como se preparar?<\/h2>\n\n<p>A fim de obter uma aprova\u00e7\u00e3o das autoridades americanas, as tr\u00eas partes do formul\u00e1rio ESTA devem satisfazer os crit\u00e9rios de elegibilidade estabelecidos pelo governo dos EUA.  <\/p>\n\n<p>Em primeiro lugar, antes de se dirigir ao s\u00edtio web oficial do governo ou a um s\u00edtio web privado para preencher o formul\u00e1rio, aconselhamo-lo a verificar se preenche estes crit\u00e9rios obrigat\u00f3rios:  <\/p>\n\n<ul class=\"wp-block-list\"><li>\u00e9 nacional de um dos 40 pa\u00edses membros do Programa de Isen\u00e7\u00e3o de Vistos (VWP);<\/li><li>deseja ficar nos EUA por at\u00e9 90 dias;  <\/li><li>deseja viajar para os EUA para uma estadia tur\u00edstica, uma viagem de neg\u00f3cios ou uma escala;<\/li><li>tem um passaporte v\u00e1lido.<\/li><\/ul>\n\n<p>Se n\u00e3o cumprir estes crit\u00e9rios, aconselhamo-lo a solicitar um visto. O processo \u00e9 mais enfadonho, uma vez que requer uma nomea\u00e7\u00e3o na embaixada dos EUA (ou consulado geral), mas permitir-lhe-\u00e1 ter mais direitos nos EUA. Se estas condi\u00e7\u00f5es forem cumpridas, vejamos a constitui\u00e7\u00e3o do formul\u00e1rio online contendo as perguntas fechadas do ESTA.<\/p>\n\n<h3 class=\"wp-block-heading\">Os dados pessoais do viajante  <\/h3>\n\n<p>Esta parte \u00e9 o primeiro passo do formul\u00e1rio e requer que simplesmente copie os seus dados pessoais tal como aparecem no seu passaporte (morada, apelido, nomes pr\u00f3prios, data de nascimento&#8230;).<\/p>\n\n<p>Esteja ciente de que o seu passaporte biom\u00e9trico ou electr\u00f3nico ser\u00e1 o elemento chave da sua viagem. Sem um passaporte electr\u00f3nico ou biom\u00e9trico, \u00e9 imposs\u00edvel <a href=\"https:\/\/123-esta.com\/pt-pt\/como-preencher-o-questionario-esta\/\">preencher correctamente o question\u00e1rio ESTA<\/a> e, por conseguinte, viajar para os EUA.  <\/p>\n\n<p>Do mesmo modo, se o seu passaporte expirou e j\u00e1 obteve autoriza\u00e7\u00e3o ESTA, ter\u00e1 de renovar o seu ESTA com os novos dados do passaporte.  <\/p>\n\n<p>N\u00e3o tente defraudar, pois a alf\u00e2ndega utiliza sistemas electr\u00f3nicos sofisticados para ler o seu ESTA ligado ao n\u00famero do passaporte. Desta forma, o departamento de TI detecta automaticamente se as informa\u00e7\u00f5es sobre os dois documentos coincidem ou n\u00e3o.  <\/p>\n\n<h3 class=\"wp-block-heading\">Raz\u00f5es para viajar para os EUA  <\/h3>\n\n<p>Para esta etapa, deve indicar as raz\u00f5es pelas quais deseja viajar para os Estados Unidos (turismo, neg\u00f3cios ou tr\u00e2nsito). Se o seu objectivo for ficar nos EUA (para turismo ou neg\u00f3cios), ter\u00e1 a oportunidade de fornecer os detalhes do seu alojamento nos EUA, mas isto n\u00e3o \u00e9 obrigat\u00f3rio.  <br\/><\/p>\n\n<p>Aten\u00e7\u00e3o: se n\u00e3o tiver a certeza de qual o <a href=\"https:\/\/123-esta.com\/pt-pt\/qual-hotel-escolher-nos-eua\/\">hotel ou alojamento a escolher nos EUA<\/a>, pode mudar o seu endere\u00e7o de resid\u00eancia mesmo depois de ter recebido o seu ESTA.<\/p>\n\n<h3 class=\"wp-block-heading\">  Perguntas ESTA<\/h3>\n\n<p>A terceira e \u00faltima etapa diz respeito \u00e0s perguntas fechadas sobre o formul\u00e1rio ESTA, que detalhamos no par\u00e1grafo anterior. Uma vez preenchido o question\u00e1rio e paga a taxa, receber\u00e1 uma resposta das autoridades dos EUA no prazo de 72 horas.  <\/p>\n\n<p>Contudo, receber a autoriza\u00e7\u00e3o ESTA n\u00e3o significa que possa entrar nos EUA. Quando aterra, apenas o funcion\u00e1rio aduaneiro \u00e9 respons\u00e1vel por determinar a sua admissibilidade. Para maximizar as suas possibilidades de acesso ao solo americano, aconselhamo-lo a ter os seus bilhetes de voo de regresso e a utilizar uma companhia a\u00e9rea reconhecida pelas autoridades americanas.  <\/p>\n","protected":false},"excerpt":{"rendered":"<p>Deseja preparar a sua viagem aos Estados Unidos da Am\u00e9rica o mais rapidamente poss\u00edvel e obter oESTA. O formul\u00e1rio ESTA \u00e9 frequentemente visto como mais acess\u00edvel e mais f\u00e1cil do que o visto dos EUA, o que \u00e9 verdade. No entanto, exige que certas condi\u00e7\u00f5es sejam cumpridas e que n\u00e3o sejam cometidos erros. Quais s\u00e3o [&hellip;]<\/p>\n","protected":false},"author":1,"featured_media":0,"parent":0,"menu_order":0,"comment_status":"closed","ping_status":"closed","template":"","meta":{"site-sidebar-layout":"default","site-content-layout":"default","ast-site-content-layout":"default","site-content-style":"default","site-sidebar-style":"default","ast-global-header-display":"","ast-banner-title-visibility":"","ast-main-header-display":"","ast-hfb-above-header-display":"","ast-hfb-below-header-display":"","ast-hfb-mobile-header-display":"","site-post-title":"","ast-breadcrumbs-content":"","ast-featured-img":"","footer-sml-layout":"","ast-disable-related-posts":"","theme-transparent-header-meta":"default","adv-header-id-meta":"","stick-header-meta":"default","header-above-stick-meta":"","header-main-stick-meta":"","header-below-stick-meta":"","astra-migrate-meta-layouts":"default","ast-page-background-enabled":"default","ast-page-background-meta":{"desktop":{"background-color":"","background-image":"","background-repeat":"repeat","background-position":"center center","background-size":"auto","background-attachment":"scroll","background-type":"","background-media":"","overlay-type":"","overlay-color":"","overlay-opacity":"","overlay-gradient":""},"tablet":{"background-color":"","background-image":"","background-repeat":"repeat","background-position":"center center","background-size":"auto","background-attachment":"scroll","background-type":"","background-media":"","overlay-type":"","overlay-color":"","overlay-opacity":"","overlay-gradient":""},"mobile":{"background-color":"","background-image":"","background-repeat":"repeat","background-position":"center center","background-size":"auto","background-attachment":"scroll","background-type":"","background-media":"","overlay-type":"","overlay-color":"","overlay-opacity":"","overlay-gradient":""}},"ast-content-background-meta":{"desktop":{"background-color":"var(--ast-global-color-5)","background-image":"","background-repeat":"repeat","background-position":"center center","background-size":"auto","background-attachment":"scroll","background-type":"","background-media":"","overlay-type":"","overlay-color":"","overlay-opacity":"","overlay-gradient":""},"tablet":{"background-color":"var(--ast-global-color-5)","background-image":"","background-repeat":"repeat","background-position":"center center","background-size":"auto","background-attachment":"scroll","background-type":"","background-media":"","overlay-type":"","overlay-color":"","overlay-opacity":"","overlay-gradient":""},"mobile":{"background-color":"var(--ast-global-color-5)","background-image":"","background-repeat":"repeat","background-position":"center center","background-size":"auto","background-attachment":"scroll","background-type":"","background-media":"","overlay-type":"","overlay-color":"","overlay-opacity":"","overlay-gradient":""}},"footnotes":""},"class_list":["post-2208","page","type-page","status-publish","hentry"],"yoast_head":"<!-- This site is optimized with the Yoast SEO plugin v27.1.1 - https:\/\/yoast.com\/product\/yoast-seo-wordpress\/ -->\n<title>Quais s\u00e3o as quest\u00f5es de elegibilidade no formul\u00e1rio ESTA?<\/title>\n<meta name=\"description\" content=\"O formul\u00e1rio ESTA est\u00e1 dividido em 3 partes, uma das quais consiste em responder a perguntas fechadas. Como s\u00e3o as perguntas da ESTA? Aqui est\u00e3o eles.\" \/>\n<meta name=\"robots\" content=\"index, follow, max-snippet:-1, max-image-preview:large, max-video-preview:-1\" \/>\n<link rel=\"canonical\" href=\"https:\/\/123-esta.com\/pt-pt\/perguntas-sobre-elegibilidade-do-formulario-esta\/\" \/>\n<meta property=\"og:locale\" content=\"pt_PT\" \/>\n<meta property=\"og:type\" content=\"article\" \/>\n<meta property=\"og:title\" content=\"Quais s\u00e3o as quest\u00f5es de elegibilidade no formul\u00e1rio ESTA?\" \/>\n<meta property=\"og:description\" content=\"O formul\u00e1rio ESTA est\u00e1 dividido em 3 partes, uma das quais consiste em responder a perguntas fechadas. Como s\u00e3o as perguntas da ESTA? Aqui est\u00e3o eles.\" \/>\n<meta property=\"og:url\" content=\"https:\/\/123-esta.com\/pt-pt\/perguntas-sobre-elegibilidade-do-formulario-esta\/\" \/>\n<meta property=\"og:site_name\" content=\"Formulaire ESTA pour les USA\" \/>\n<meta property=\"article:modified_time\" content=\"2022-08-31T09:37:43+00:00\" \/>\n<meta name=\"twitter:card\" content=\"summary_large_image\" \/>\n<meta name=\"twitter:label1\" content=\"Tempo estimado de leitura\" \/>\n\t<meta name=\"twitter:data1\" content=\"4 minutos\" \/>\n<script type=\"application\/ld+json\" class=\"yoast-schema-graph\">{\"@context\":\"https:\/\/schema.org\",\"@graph\":[{\"@type\":\"WebPage\",\"@id\":\"https:\/\/123-esta.com\/pt-pt\/perguntas-sobre-elegibilidade-do-formulario-esta\/\",\"url\":\"https:\/\/123-esta.com\/pt-pt\/perguntas-sobre-elegibilidade-do-formulario-esta\/\",\"name\":\"Quais s\u00e3o as quest\u00f5es de elegibilidade no formul\u00e1rio ESTA?\",\"isPartOf\":{\"@id\":\"https:\/\/123-esta.com\/pt-pt\/#website\"},\"datePublished\":\"2022-07-27T19:33:22+00:00\",\"dateModified\":\"2022-08-31T09:37:43+00:00\",\"description\":\"O formul\u00e1rio ESTA est\u00e1 dividido em 3 partes, uma das quais consiste em responder a perguntas fechadas. Como s\u00e3o as perguntas da ESTA? Aqui est\u00e3o eles.\",\"inLanguage\":\"pt-PT\",\"potentialAction\":[{\"@type\":\"ReadAction\",\"target\":[\"https:\/\/123-esta.com\/pt-pt\/perguntas-sobre-elegibilidade-do-formulario-esta\/\"]}]},{\"@type\":\"WebSite\",\"@id\":\"https:\/\/123-esta.com\/pt-pt\/#website\",\"url\":\"https:\/\/123-esta.com\/pt-pt\/\",\"name\":\"Formulaire ESTA pour les USA\",\"description\":\"\",\"publisher\":{\"@id\":\"https:\/\/123-esta.com\/pt-pt\/#organization\"},\"potentialAction\":[{\"@type\":\"SearchAction\",\"target\":{\"@type\":\"EntryPoint\",\"urlTemplate\":\"https:\/\/123-esta.com\/pt-pt\/?s={search_term_string}\"},\"query-input\":{\"@type\":\"PropertyValueSpecification\",\"valueRequired\":true,\"valueName\":\"search_term_string\"}}],\"inLanguage\":\"pt-PT\"},{\"@type\":\"Organization\",\"@id\":\"https:\/\/123-esta.com\/pt-pt\/#organization\",\"name\":\"Formulaire ESTA pour les USA\",\"url\":\"https:\/\/123-esta.com\/pt-pt\/\",\"logo\":{\"@type\":\"ImageObject\",\"inLanguage\":\"pt-PT\",\"@id\":\"https:\/\/123-esta.com\/pt-pt\/#\/schema\/logo\/image\/\",\"url\":\"https:\/\/123-esta.com\/wp-content\/uploads\/2018\/03\/logo-123-esta.png\",\"contentUrl\":\"https:\/\/123-esta.com\/wp-content\/uploads\/2018\/03\/logo-123-esta.png\",\"width\":191,\"height\":54,\"caption\":\"Formulaire ESTA pour les USA\"},\"image\":{\"@id\":\"https:\/\/123-esta.com\/pt-pt\/#\/schema\/logo\/image\/\"}}]}<\/script>\n<!-- \/ Yoast SEO plugin. -->","yoast_head_json":{"title":"Quais s\u00e3o as quest\u00f5es de elegibilidade no formul\u00e1rio ESTA?","description":"O formul\u00e1rio ESTA est\u00e1 dividido em 3 partes, uma das quais consiste em responder a perguntas fechadas. Como s\u00e3o as perguntas da ESTA? Aqui est\u00e3o eles.","robots":{"index":"index","follow":"follow","max-snippet":"max-snippet:-1","max-image-preview":"max-image-preview:large","max-video-preview":"max-video-preview:-1"},"canonical":"https:\/\/123-esta.com\/pt-pt\/perguntas-sobre-elegibilidade-do-formulario-esta\/","og_locale":"pt_PT","og_type":"article","og_title":"Quais s\u00e3o as quest\u00f5es de elegibilidade no formul\u00e1rio ESTA?","og_description":"O formul\u00e1rio ESTA est\u00e1 dividido em 3 partes, uma das quais consiste em responder a perguntas fechadas. Como s\u00e3o as perguntas da ESTA? Aqui est\u00e3o eles.","og_url":"https:\/\/123-esta.com\/pt-pt\/perguntas-sobre-elegibilidade-do-formulario-esta\/","og_site_name":"Formulaire ESTA pour les USA","article_modified_time":"2022-08-31T09:37:43+00:00","twitter_card":"summary_large_image","twitter_misc":{"Tempo estimado de leitura":"4 minutos"},"schema":{"@context":"https:\/\/schema.org","@graph":[{"@type":"WebPage","@id":"https:\/\/123-esta.com\/pt-pt\/perguntas-sobre-elegibilidade-do-formulario-esta\/","url":"https:\/\/123-esta.com\/pt-pt\/perguntas-sobre-elegibilidade-do-formulario-esta\/","name":"Quais s\u00e3o as quest\u00f5es de elegibilidade no formul\u00e1rio ESTA?","isPartOf":{"@id":"https:\/\/123-esta.com\/pt-pt\/#website"},"datePublished":"2022-07-27T19:33:22+00:00","dateModified":"2022-08-31T09:37:43+00:00","description":"O formul\u00e1rio ESTA est\u00e1 dividido em 3 partes, uma das quais consiste em responder a perguntas fechadas. Como s\u00e3o as perguntas da ESTA? Aqui est\u00e3o eles.","inLanguage":"pt-PT","potentialAction":[{"@type":"ReadAction","target":["https:\/\/123-esta.com\/pt-pt\/perguntas-sobre-elegibilidade-do-formulario-esta\/"]}]},{"@type":"WebSite","@id":"https:\/\/123-esta.com\/pt-pt\/#website","url":"https:\/\/123-esta.com\/pt-pt\/","name":"Formulaire ESTA pour les USA","description":"","publisher":{"@id":"https:\/\/123-esta.com\/pt-pt\/#organization"},"potentialAction":[{"@type":"SearchAction","target":{"@type":"EntryPoint","urlTemplate":"https:\/\/123-esta.com\/pt-pt\/?s={search_term_string}"},"query-input":{"@type":"PropertyValueSpecification","valueRequired":true,"valueName":"search_term_string"}}],"inLanguage":"pt-PT"},{"@type":"Organization","@id":"https:\/\/123-esta.com\/pt-pt\/#organization","name":"Formulaire ESTA pour les USA","url":"https:\/\/123-esta.com\/pt-pt\/","logo":{"@type":"ImageObject","inLanguage":"pt-PT","@id":"https:\/\/123-esta.com\/pt-pt\/#\/schema\/logo\/image\/","url":"https:\/\/123-esta.com\/wp-content\/uploads\/2018\/03\/logo-123-esta.png","contentUrl":"https:\/\/123-esta.com\/wp-content\/uploads\/2018\/03\/logo-123-esta.png","width":191,"height":54,"caption":"Formulaire ESTA pour les USA"},"image":{"@id":"https:\/\/123-esta.com\/pt-pt\/#\/schema\/logo\/image\/"}}]}},"_links":{"self":[{"href":"https:\/\/123-esta.com\/pt-pt\/wp-json\/wp\/v2\/pages\/2208","targetHints":{"allow":["GET"]}}],"collection":[{"href":"https:\/\/123-esta.com\/pt-pt\/wp-json\/wp\/v2\/pages"}],"about":[{"href":"https:\/\/123-esta.com\/pt-pt\/wp-json\/wp\/v2\/types\/page"}],"author":[{"embeddable":true,"href":"https:\/\/123-esta.com\/pt-pt\/wp-json\/wp\/v2\/users\/1"}],"replies":[{"embeddable":true,"href":"https:\/\/123-esta.com\/pt-pt\/wp-json\/wp\/v2\/comments?post=2208"}],"version-history":[{"count":0,"href":"https:\/\/123-esta.com\/pt-pt\/wp-json\/wp\/v2\/pages\/2208\/revisions"}],"wp:attachment":[{"href":"https:\/\/123-esta.com\/pt-pt\/wp-json\/wp\/v2\/media?parent=2208"}],"curies":[{"name":"wp","href":"https:\/\/api.w.org\/{rel}","templated":true}]}}