{"id":2194,"date":"2022-07-27T21:33:21","date_gmt":"2022-07-27T19:33:21","guid":{"rendered":"https:\/\/123-esta.com\/os-razoes-que-livre-reflexao\/"},"modified":"2022-08-31T11:41:58","modified_gmt":"2022-08-31T09:41:58","slug":"razoes-para-um-esta-recusado","status":"publish","type":"page","link":"https:\/\/123-esta.com\/pt-pt\/razoes-para-um-esta-recusado\/","title":{"rendered":"Raz\u00f5es para uma recusa do ESTA"},"content":{"rendered":"\n<p><span style=\"font-weight: 400;\">A autoriza\u00e7\u00e3o <a href=\"https:\/\/123-esta.com\/pt-pt\/\">ESTA<\/a> permite aos nacionais de certos pa\u00edses viajar para os EUA (para turismo ou neg\u00f3cios at\u00e9 90 dias) sem ter de solicitar primeiro um visto dos EUA. Esta medida, embora muito pr\u00e1tica, n\u00e3o se aplica a todos e h\u00e1 v\u00e1rias raz\u00f5es para uma  <\/span><span style=\"font-weight: 400;\">A ESTA recusou<\/span><span style=\"font-weight: 400;\">. Detalhamos as condi\u00e7\u00f5es de elegibilidade a fim de podermos determinar quais as raz\u00f5es que podem levar a uma recusa<\/span><span style=\"font-weight: 400;\">.<\/span><\/p>\n\n<h2 class=\"wp-block-heading\"><strong>O seu ESTA \u00e9 recusado porque n\u00e3o faz parte do VWP<\/strong><\/h2>\n\n<p><span style=\"font-weight: 400;\">Para beneficiar do ESTA, \u00e9 necess\u00e1rio ter um passaporte de um pa\u00eds membro do Programa de Isen\u00e7\u00e3o de Vistos criado pelo governo dos EUA. O Programa de Isen\u00e7\u00e3o de Vistos \u00e9 o primeiro e mais importante requisito para o acesso ao ESTA.  <\/span><\/p>\n\n<p><span style=\"font-weight: 400;\">O programa \u00e9 composto por 40 pa\u00edses desde 2022 com a adi\u00e7\u00e3o da Cro\u00e1cia:<\/span><\/p>\n\n<p><span style=\"font-weight: 400;\">Andorra, \u00c1ustria, Austr\u00e1lia, B\u00e9lgica, Brunei, Cro\u00e1cia, Rep\u00fablica Checa, Dinamarca, Est\u00f3nia, Finl\u00e2ndia, Fran\u00e7a, Alemanha, Gr\u00e9cia, Hungria, Isl\u00e2ndia, Irlanda, It\u00e1lia, Jap\u00e3o, Let\u00f3nia, Liechtenstein, Litu\u00e2nia, Luxemburgo, Malta, M\u00f3naco, Holanda, Nova Zel\u00e2ndia, Noruega, Pol\u00f3nia, Portugal, S\u00e3o Marino, Eslov\u00e1quia, Eslov\u00e9nia, Singapura, Espanha, Su\u00e9cia, Su\u00ed\u00e7a, Reino Unido.<\/span><\/p>\n\n<p><span style=\"font-weight: 400;\">Se o seu pa\u00eds n\u00e3o constar desta lista, a sua candidatura ao ESTA ser\u00e1 <\/span><span style=\"font-weight: 400;\">ser\u00e1 sistematicamente recusada. <\/span><span style=\"font-weight: 400;\">sistematicamente. <\/span> <\/p>\n\n<p><span style=\"font-weight: 400;\">\u00c9 poss\u00edvel que o seu passaporte seja de um dos pa\u00edses do VWP, mas que lhe seja ainda negado <\/span><span style=\"font-weight: 400;\">ESTA recusa de autoriza\u00e7\u00e3o<\/span><span style=\"font-weight: 400;\">. Isto pode ser devido a ter estado num dos pa\u00edses da lista negra dos EUA, que s\u00e3o o Ir\u00e3o, Iraque, L\u00edbia, Sud\u00e3o, Som\u00e1lia, S\u00edria e I\u00e9men. Se viajou para qualquer destes pa\u00edses desde 2011, a entrada nos EUA atrav\u00e9s do VWP n\u00e3o funciona e o seu  <\/span><span style=\"font-weight: 400;\">O ESTA ser\u00e1 recusado<\/span><span style=\"font-weight: 400;\">.<\/span><\/p>\n\n<h2 class=\"wp-block-heading\"><strong>Recusa da autoriza\u00e7\u00e3o do ESTA devido a passaporte n\u00e3o conforme<\/strong><\/h2>\n\n<p><span style=\"font-weight: 400;\">O ESTA \u00e9 uma autoriza\u00e7\u00e3o de viagem electr\u00f3nica e como tal deve estar ligado a um n\u00famero de <a href=\"https:\/\/123-esta.com\/pt-pt\/passaporte-esta-eua\/\">passaporte v\u00e1lido<\/a>. V\u00e1lido significa que o passaporte deve poder conter as impress\u00f5es digitais do propriet\u00e1rio, as informa\u00e7\u00f5es de identifica\u00e7\u00e3o facial e da retina.<\/span><\/p>\n\n<p><span style=\"font-weight: 400;\">Apenas um passaporte biom\u00e9trico ou electr\u00f3nico cumpre estes requisitos de seguran\u00e7a. <\/span><span style=\"font-weight: 400;\">resultar\u00e1 na recusa da sua autoriza\u00e7\u00e3o ESTA.<\/span><\/p>\n\n<p><span style=\"font-weight: 400;\">Se n\u00e3o tiver um passaporte v\u00e1lido ao qual o ESTA possa ser ligado electronicamente, o seu<\/span><span style=\"font-weight: 400;\"> O pedido ESTA ser\u00e1 recusado<\/span><span style=\"font-weight: 400;\">. <\/span> <\/p>\n\n<p><span style=\"font-weight: 400;\">Se tiver um passaporte electr\u00f3nico, mas ainda assim tiver sido recusado, verifique se o per\u00edodo de validade \u00e9 6 meses mais longo do que a data de in\u00edcio da sua viagem aos EUA. Caso contr\u00e1rio, ter\u00e1 de obter um novo passaporte.  <\/span><\/p>\n\n<h2 class=\"wp-block-heading\"><strong>Recusa devido a uma poss\u00edvel amea\u00e7a \u00e0 seguran\u00e7a interna dos EUA<\/strong><\/h2>\n\n<p><span style=\"font-weight: 400;\">As autoridades americanas levam muito a s\u00e9rio a seguran\u00e7a interna do seu pa\u00eds. Se sentirem que voc\u00ea representa qualquer amea\u00e7a, a sua autoriza\u00e7\u00e3o  <\/span><span style=\"font-weight: 400;\">O ESTA ser\u00e1 recusado<\/span><span style=\"font-weight: 400;\">. <\/span><span style=\"font-weight: 400;\">Mas o que os faz pensar que voc\u00ea pode ser uma amea\u00e7a potencial? <\/span> <\/p>\n\n<p><span style=\"font-weight: 400;\">A terceira parte do formul\u00e1rio ESTA, que consiste em perguntas fechadas (onde as \u00fanicas respostas poss\u00edveis s\u00e3o sim ou n\u00e3o), pode ser a culpada.  <\/span><\/p>\n\n<p><span style=\"font-weight: 400;\">Estas perguntas fazem perguntas sobre o seu historial criminal e m\u00e9dico, a sua poss\u00edvel filia\u00e7\u00e3o numa organiza\u00e7\u00e3o terrorista ou se deseja encontrar um emprego enquanto estiver nos Estados Unidos. Embora deva responder \u00e0s perguntas da forma mais honesta poss\u00edvel, esteja ciente de que uma resposta positiva neste question\u00e1rio online garante a  <\/span><span style=\"font-weight: 400;\">recusa da sua autoriza\u00e7\u00e3o ESTA<\/span><span style=\"font-weight: 400;\">. <\/span> <\/p>\n\n<p><span style=\"font-weight: 400;\">Al\u00e9m disso, um simples erro de digita\u00e7\u00e3o ao preencher o formul\u00e1rio em linha com as suas informa\u00e7\u00f5es pessoais pode ser entendido como fraude.<\/span><\/p>\n\n<h2 class=\"wp-block-heading\"><strong>O que fazer se o ESTA for recusado?  <\/strong><\/h2>\n\n<p><span style=\"font-weight: 400;\">A recusa da sua autoriza\u00e7\u00e3o ESTA n\u00e3o significa que esteja permanentemente proibido de viajar para os Estados Unidos, apenas que n\u00e3o cumpre os crit\u00e9rios para viajar para os Estados Unidos ao abrigo do Programa de Isen\u00e7\u00e3o de Vistos.  <\/span><\/p>\n\n<p><span style=\"font-weight: 400;\">Se pensar que o motivo da recusa se deve simplesmente a um erro de dactilografia no pedido em linha, tem a possibilidade de voltar a candidatar-se no prazo de 10 dias ap\u00f3s a recusa. Se, no entanto, a recusa for repetida na segunda tentativa, dever\u00e1 recorrer a outra solu\u00e7\u00e3o.  <\/span><\/p>\n\n<p><span style=\"font-weight: 400;\">Para viajar para os Estados Unidos, ter\u00e1 de contactar a sua embaixada americana local e <a href=\"https:\/\/123-esta.com\/pt-pt\/obter-um-visto-para-os-estados-unidos\/\">solicitar um visto de turista dos EUA<\/a>.  <\/span><\/p>\n","protected":false},"excerpt":{"rendered":"<p>A autoriza\u00e7\u00e3o ESTA permite aos nacionais de certos pa\u00edses viajar para os EUA (para turismo ou neg\u00f3cios at\u00e9 90 dias) sem ter de solicitar primeiro um visto dos EUA. Esta medida, embora muito pr\u00e1tica, n\u00e3o se aplica a todos e h\u00e1 v\u00e1rias raz\u00f5es para uma A ESTA recusou. Detalhamos as condi\u00e7\u00f5es de elegibilidade a fim [&hellip;]<\/p>\n","protected":false},"author":1,"featured_media":0,"parent":0,"menu_order":0,"comment_status":"closed","ping_status":"closed","template":"","meta":{"site-sidebar-layout":"default","site-content-layout":"default","ast-site-content-layout":"default","site-content-style":"default","site-sidebar-style":"default","ast-global-header-display":"","ast-banner-title-visibility":"","ast-main-header-display":"","ast-hfb-above-header-display":"","ast-hfb-below-header-display":"","ast-hfb-mobile-header-display":"","site-post-title":"","ast-breadcrumbs-content":"","ast-featured-img":"","footer-sml-layout":"","ast-disable-related-posts":"","theme-transparent-header-meta":"","adv-header-id-meta":"","stick-header-meta":"default","header-above-stick-meta":"","header-main-stick-meta":"","header-below-stick-meta":"","astra-migrate-meta-layouts":"default","ast-page-background-enabled":"default","ast-page-background-meta":{"desktop":{"background-color":"","background-image":"","background-repeat":"repeat","background-position":"center center","background-size":"auto","background-attachment":"scroll","background-type":"","background-media":"","overlay-type":"","overlay-color":"","overlay-opacity":"","overlay-gradient":""},"tablet":{"background-color":"","background-image":"","background-repeat":"repeat","background-position":"center center","background-size":"auto","background-attachment":"scroll","background-type":"","background-media":"","overlay-type":"","overlay-color":"","overlay-opacity":"","overlay-gradient":""},"mobile":{"background-color":"","background-image":"","background-repeat":"repeat","background-position":"center center","background-size":"auto","background-attachment":"scroll","background-type":"","background-media":"","overlay-type":"","overlay-color":"","overlay-opacity":"","overlay-gradient":""}},"ast-content-background-meta":{"desktop":{"background-color":"var(--ast-global-color-5)","background-image":"","background-repeat":"repeat","background-position":"center center","background-size":"auto","background-attachment":"scroll","background-type":"","background-media":"","overlay-type":"","overlay-color":"","overlay-opacity":"","overlay-gradient":""},"tablet":{"background-color":"var(--ast-global-color-5)","background-image":"","background-repeat":"repeat","background-position":"center center","background-size":"auto","background-attachment":"scroll","background-type":"","background-media":"","overlay-type":"","overlay-color":"","overlay-opacity":"","overlay-gradient":""},"mobile":{"background-color":"var(--ast-global-color-5)","background-image":"","background-repeat":"repeat","background-position":"center center","background-size":"auto","background-attachment":"scroll","background-type":"","background-media":"","overlay-type":"","overlay-color":"","overlay-opacity":"","overlay-gradient":""}},"footnotes":""},"class_list":["post-2194","page","type-page","status-publish","hentry"],"yoast_head":"<!-- This site is optimized with the Yoast SEO plugin v27.1.1 - https:\/\/yoast.com\/product\/yoast-seo-wordpress\/ -->\n<title>Os diferentes motivos de recusa de um ESTA<\/title>\n<meta name=\"description\" content=\"A sua autoriza\u00e7\u00e3o ESTA foi recusada e n\u00e3o compreende porqu\u00ea? Explicamos em pormenor as raz\u00f5es de uma ESTA recusada.\" \/>\n<meta name=\"robots\" content=\"index, follow, max-snippet:-1, max-image-preview:large, max-video-preview:-1\" \/>\n<link rel=\"canonical\" href=\"https:\/\/123-esta.com\/pt-pt\/razoes-para-um-esta-recusado\/\" \/>\n<meta property=\"og:locale\" content=\"pt_PT\" \/>\n<meta property=\"og:type\" content=\"article\" \/>\n<meta property=\"og:title\" content=\"Os diferentes motivos de recusa de um ESTA\" \/>\n<meta property=\"og:description\" content=\"A sua autoriza\u00e7\u00e3o ESTA foi recusada e n\u00e3o compreende porqu\u00ea? Explicamos em pormenor as raz\u00f5es de uma ESTA recusada.\" \/>\n<meta property=\"og:url\" content=\"https:\/\/123-esta.com\/pt-pt\/razoes-para-um-esta-recusado\/\" \/>\n<meta property=\"og:site_name\" content=\"Formulaire ESTA pour les USA\" \/>\n<meta property=\"article:modified_time\" content=\"2022-08-31T09:41:58+00:00\" \/>\n<meta name=\"twitter:card\" content=\"summary_large_image\" \/>\n<meta name=\"twitter:label1\" content=\"Tempo estimado de leitura\" \/>\n\t<meta name=\"twitter:data1\" content=\"4 minutos\" \/>\n<script type=\"application\/ld+json\" class=\"yoast-schema-graph\">{\"@context\":\"https:\/\/schema.org\",\"@graph\":[{\"@type\":\"WebPage\",\"@id\":\"https:\/\/123-esta.com\/pt-pt\/razoes-para-um-esta-recusado\/\",\"url\":\"https:\/\/123-esta.com\/pt-pt\/razoes-para-um-esta-recusado\/\",\"name\":\"Os diferentes motivos de recusa de um ESTA\",\"isPartOf\":{\"@id\":\"https:\/\/123-esta.com\/pt-pt\/#website\"},\"datePublished\":\"2022-07-27T19:33:21+00:00\",\"dateModified\":\"2022-08-31T09:41:58+00:00\",\"description\":\"A sua autoriza\u00e7\u00e3o ESTA foi recusada e n\u00e3o compreende porqu\u00ea? Explicamos em pormenor as raz\u00f5es de uma ESTA recusada.\",\"inLanguage\":\"pt-PT\",\"potentialAction\":[{\"@type\":\"ReadAction\",\"target\":[\"https:\/\/123-esta.com\/pt-pt\/razoes-para-um-esta-recusado\/\"]}]},{\"@type\":\"WebSite\",\"@id\":\"https:\/\/123-esta.com\/pt-pt\/#website\",\"url\":\"https:\/\/123-esta.com\/pt-pt\/\",\"name\":\"Formulaire ESTA pour les USA\",\"description\":\"\",\"publisher\":{\"@id\":\"https:\/\/123-esta.com\/pt-pt\/#organization\"},\"potentialAction\":[{\"@type\":\"SearchAction\",\"target\":{\"@type\":\"EntryPoint\",\"urlTemplate\":\"https:\/\/123-esta.com\/pt-pt\/?s={search_term_string}\"},\"query-input\":{\"@type\":\"PropertyValueSpecification\",\"valueRequired\":true,\"valueName\":\"search_term_string\"}}],\"inLanguage\":\"pt-PT\"},{\"@type\":\"Organization\",\"@id\":\"https:\/\/123-esta.com\/pt-pt\/#organization\",\"name\":\"Formulaire ESTA pour les USA\",\"url\":\"https:\/\/123-esta.com\/pt-pt\/\",\"logo\":{\"@type\":\"ImageObject\",\"inLanguage\":\"pt-PT\",\"@id\":\"https:\/\/123-esta.com\/pt-pt\/#\/schema\/logo\/image\/\",\"url\":\"https:\/\/123-esta.com\/wp-content\/uploads\/2018\/03\/logo-123-esta.png\",\"contentUrl\":\"https:\/\/123-esta.com\/wp-content\/uploads\/2018\/03\/logo-123-esta.png\",\"width\":191,\"height\":54,\"caption\":\"Formulaire ESTA pour les USA\"},\"image\":{\"@id\":\"https:\/\/123-esta.com\/pt-pt\/#\/schema\/logo\/image\/\"}}]}<\/script>\n<!-- \/ Yoast SEO plugin. -->","yoast_head_json":{"title":"Os diferentes motivos de recusa de um ESTA","description":"A sua autoriza\u00e7\u00e3o ESTA foi recusada e n\u00e3o compreende porqu\u00ea? Explicamos em pormenor as raz\u00f5es de uma ESTA recusada.","robots":{"index":"index","follow":"follow","max-snippet":"max-snippet:-1","max-image-preview":"max-image-preview:large","max-video-preview":"max-video-preview:-1"},"canonical":"https:\/\/123-esta.com\/pt-pt\/razoes-para-um-esta-recusado\/","og_locale":"pt_PT","og_type":"article","og_title":"Os diferentes motivos de recusa de um ESTA","og_description":"A sua autoriza\u00e7\u00e3o ESTA foi recusada e n\u00e3o compreende porqu\u00ea? Explicamos em pormenor as raz\u00f5es de uma ESTA recusada.","og_url":"https:\/\/123-esta.com\/pt-pt\/razoes-para-um-esta-recusado\/","og_site_name":"Formulaire ESTA pour les USA","article_modified_time":"2022-08-31T09:41:58+00:00","twitter_card":"summary_large_image","twitter_misc":{"Tempo estimado de leitura":"4 minutos"},"schema":{"@context":"https:\/\/schema.org","@graph":[{"@type":"WebPage","@id":"https:\/\/123-esta.com\/pt-pt\/razoes-para-um-esta-recusado\/","url":"https:\/\/123-esta.com\/pt-pt\/razoes-para-um-esta-recusado\/","name":"Os diferentes motivos de recusa de um ESTA","isPartOf":{"@id":"https:\/\/123-esta.com\/pt-pt\/#website"},"datePublished":"2022-07-27T19:33:21+00:00","dateModified":"2022-08-31T09:41:58+00:00","description":"A sua autoriza\u00e7\u00e3o ESTA foi recusada e n\u00e3o compreende porqu\u00ea? Explicamos em pormenor as raz\u00f5es de uma ESTA recusada.","inLanguage":"pt-PT","potentialAction":[{"@type":"ReadAction","target":["https:\/\/123-esta.com\/pt-pt\/razoes-para-um-esta-recusado\/"]}]},{"@type":"WebSite","@id":"https:\/\/123-esta.com\/pt-pt\/#website","url":"https:\/\/123-esta.com\/pt-pt\/","name":"Formulaire ESTA pour les USA","description":"","publisher":{"@id":"https:\/\/123-esta.com\/pt-pt\/#organization"},"potentialAction":[{"@type":"SearchAction","target":{"@type":"EntryPoint","urlTemplate":"https:\/\/123-esta.com\/pt-pt\/?s={search_term_string}"},"query-input":{"@type":"PropertyValueSpecification","valueRequired":true,"valueName":"search_term_string"}}],"inLanguage":"pt-PT"},{"@type":"Organization","@id":"https:\/\/123-esta.com\/pt-pt\/#organization","name":"Formulaire ESTA pour les USA","url":"https:\/\/123-esta.com\/pt-pt\/","logo":{"@type":"ImageObject","inLanguage":"pt-PT","@id":"https:\/\/123-esta.com\/pt-pt\/#\/schema\/logo\/image\/","url":"https:\/\/123-esta.com\/wp-content\/uploads\/2018\/03\/logo-123-esta.png","contentUrl":"https:\/\/123-esta.com\/wp-content\/uploads\/2018\/03\/logo-123-esta.png","width":191,"height":54,"caption":"Formulaire ESTA pour les USA"},"image":{"@id":"https:\/\/123-esta.com\/pt-pt\/#\/schema\/logo\/image\/"}}]}},"_links":{"self":[{"href":"https:\/\/123-esta.com\/pt-pt\/wp-json\/wp\/v2\/pages\/2194","targetHints":{"allow":["GET"]}}],"collection":[{"href":"https:\/\/123-esta.com\/pt-pt\/wp-json\/wp\/v2\/pages"}],"about":[{"href":"https:\/\/123-esta.com\/pt-pt\/wp-json\/wp\/v2\/types\/page"}],"author":[{"embeddable":true,"href":"https:\/\/123-esta.com\/pt-pt\/wp-json\/wp\/v2\/users\/1"}],"replies":[{"embeddable":true,"href":"https:\/\/123-esta.com\/pt-pt\/wp-json\/wp\/v2\/comments?post=2194"}],"version-history":[{"count":0,"href":"https:\/\/123-esta.com\/pt-pt\/wp-json\/wp\/v2\/pages\/2194\/revisions"}],"wp:attachment":[{"href":"https:\/\/123-esta.com\/pt-pt\/wp-json\/wp\/v2\/media?parent=2194"}],"curies":[{"name":"wp","href":"https:\/\/api.w.org\/{rel}","templated":true}]}}