{"id":2184,"date":"2022-07-27T21:33:20","date_gmt":"2022-07-27T19:33:20","guid":{"rendered":"https:\/\/123-esta.com\/o-que-fazer-se-se-aplica-esta-a-espera\/"},"modified":"2022-09-06T23:10:51","modified_gmt":"2022-09-06T21:10:51","slug":"o-que-fazer-se-a-aplicacao-esta-pendente","status":"publish","type":"page","link":"https:\/\/123-esta.com\/pt-pt\/o-que-fazer-se-a-aplicacao-esta-pendente\/","title":{"rendered":"O que fazer se tiver um pedido ESTA &#8216;pendente&#8217;?"},"content":{"rendered":"\n<p><span style=\"font-weight: 400;\">Como provavelmente sabe, viajar para os Estados Unidos n\u00e3o \u00e9 t\u00e3o f\u00e1cil para os cidad\u00e3os da UE como viajar dentro do espa\u00e7o Schengen. Infelizmente, a posse de um passaporte v\u00e1lido n\u00e3o \u00e9 suficiente para entrar nos Estados Unidos. No entanto, o governo dos EUA incentiva as viagens tempor\u00e1rias para os EUA. Isto \u00e9 evidenciado pela introdu\u00e7\u00e3o do Programa de Isen\u00e7\u00e3o de Vistos (VWP). Mesmo o desejo de proteger o seu territ\u00f3rio foi feito no interesse de manter o apelo tur\u00edstico dos Estados Unidos com a introdu\u00e7\u00e3o do ESTA e n\u00e3o com a aboli\u00e7\u00e3o do programa de isen\u00e7\u00e3o de visto.  <\/span><\/p>\n\n<p><span style=\"font-weight: 400;\"><a href=\"\/\/123-esta.com\/pt-pt\/\">ESTA<\/a> \u00e9 uma autoriza\u00e7\u00e3o de viagem electr\u00f3nica que s\u00f3 os estrangeiros dos 40 pa\u00edses membros do VWP (Programa de Isen\u00e7\u00e3o de Vistos) t\u00eam direito a solicitar. Para o fazer, ter\u00e3o de preencher um formul\u00e1rio online e fazer o pagamento. Ap\u00f3s submeter o formul\u00e1rio ESTA, os sistemas inform\u00e1ticos das Alf\u00e2ndegas e Protec\u00e7\u00e3o de Fronteiras dos EUA analisam o seu pedido ESTA e atribuem-lhe um estatuto: ESTA concedido, ESTA pendente ou ESTA negado.  <\/span><\/p>\n\n<p><span style=\"font-weight: 400;\">Neste artigo, olhamos para o <\/span><span style=\"font-weight: 400;\">Aplica\u00e7\u00e3o ESTA.<\/span><\/p>\n\n<h2 class=\"wp-block-heading\"><span style=\"font-weight: 400;\">&#8220;Autoriza\u00e7\u00e3o <\/span><span style=\"font-weight: 400;\">ESTA pendente<\/span><span style=\"font-weight: 400;\">&#8220;Ser\u00e1 isto uma recusa? <\/span> <\/h2>\n\n<p><span style=\"font-weight: 400;\">A resposta a um pedido ESTA \u00e9 imediata, mas a resposta pode ser ESTA pendente. Isto significa que receber\u00e1 uma resposta definitiva dentro de 72 horas. Cabe-lhe a si verificar o estado da sua candidatura, introduzindo o n\u00famero do seu passaporte e o n\u00famero de candidatura no s\u00edtio web oficial do governo dos EUA. Se a candidatura ESTA foi feita num website privado, tal como o do nosso parceiro, \u00e9-lhe enviado um e-mail informando-o sobre o estado da sua candidatura.<\/span><\/p>\n\n<p><span style=\"font-weight: 400;\">O estatuto de <\/span><span style=\"font-weight: 400;\">ESTA pendente<\/span><span style=\"font-weight: 400;\">  n\u00e3o \u00e9 necessariamente um sinal de rejei\u00e7\u00e3o. Significa simplesmente que a sua autoriza\u00e7\u00e3o de viagem est\u00e1 a ser revista, quer devido a um grande n\u00famero de pedidos, quer devido a outras verifica\u00e7\u00f5es.<\/span><\/p>\n\n<h2 class=\"wp-block-heading\"><span style=\"font-weight: 400;\">ESTA pendente<\/span><span style=\"font-weight: 400;\"> Que estatuto final vou obter?<\/span><\/h2>\n\n<p><span style=\"font-weight: 400;\">Naturalmente, o estatuto <\/span><span style=\"font-weight: 400;\">&#8220;Estatuto de &#8220;ESTA pendente<\/span><span style=\"font-weight: 400;\">  n\u00e3o \u00e9 definitivo. Poder\u00e1 descobrir se est\u00e1 ou n\u00e3o autorizado a viajar para os EUA com um ESTA no prazo de 3 dias.  <\/span><\/p>\n\n<p><span style=\"font-weight: 400;\">O seu estatuto final de &#8220;aprovado&#8221; ou &#8220;viagem n\u00e3o autorizada&#8221; depender\u00e1 do seu perfil. Recordamos que o ESTA \u00e9, antes de mais, uma medida de seguran\u00e7a, pelo que o cumprimento dos requisitos do governo americano \u00e9 essencial para a sua obten\u00e7\u00e3o. Se os crit\u00e9rios de elegibilidade forem cumpridos, a sua candidatura  <\/span><span style=\"font-weight: 400;\">ESTA pendente<\/span><span style=\"font-weight: 400;\"> resultar\u00e1 na aprova\u00e7\u00e3o da sua estadia nos EUA.<\/span><\/p>\n\n<h3 class=\"wp-block-heading\"><span style=\"font-weight: 400;\">Autoriza\u00e7\u00e3o aprovada: bon voyage!<\/span><\/h3>\n\n<p><span style=\"font-weight: 400;\">Quando um <\/span><span style=\"font-weight: 400;\">O ESTA est\u00e1 pendente<\/span><span style=\"font-weight: 400;\">  torna-se uma autoriza\u00e7\u00e3o aprovada, parab\u00e9ns! Isto significa que est\u00e1 autorizado a viajar para os Estados Unidos ao abrigo do Programa de Isen\u00e7\u00e3o de Vistos.  <\/span><\/p>\n\n<p><span style=\"font-weight: 400;\">No entanto, <a href=\"https:\/\/123-esta.com\/pt-pt\/o-que-e-esta\/\">uma autoriza\u00e7\u00e3o ESTA<\/a> n\u00e3o garante a sua admiss\u00e3o nos Estados Unidos, a decis\u00e3o final cabe ao funcion\u00e1rio aduaneiro. Para maximizar as suas hip\u00f3teses de entrar nos EUA, apresente os <a href=\"https:\/\/123-esta.com\/pt-pt\/esta-bilhete-voo-de-retorno-obrigatorio-para-os-estados-unidos\/\">seus bilhetes de voo de regresso<\/a> \u00e0 alf\u00e2ndega dos EUA e responda seriamente \u00e0s perguntas.  <\/span><\/p>\n\n<p><span style=\"font-weight: 400;\">Conselhos de viagem: h\u00e1 v\u00e1rias coisas a verificar antes de partir. Estes incluem:  <\/span><\/p>\n\n<ul class=\"wp-block-list\"><li style=\"font-weight: 400;\"><span style=\"font-weight: 400;\">ter um passaporte biom\u00e9trico (ou electr\u00f3nico) v\u00e1lido. O n\u00famero do passaporte est\u00e1 ligado ao seu ESTA atrav\u00e9s dos sistemas electr\u00f3nicos da seguran\u00e7a dos EUA. Se o seu passaporte expirar, deve renov\u00e1-lo e solicitar um novo ESTA com o novo passaporte;  <\/span><\/li><li style=\"font-weight: 400;\"><span style=\"font-weight: 400;\">Verifique se a sua autoriza\u00e7\u00e3o ainda \u00e9 v\u00e1lida antes de partir. A dura\u00e7\u00e3o oficial desta autoriza\u00e7\u00e3o de viagem \u00e9 normalmente de 2 anos, mas depende tamb\u00e9m da data de validade do seu passaporte. Se o ESTA expirar durante a sua viagem aos Estados Unidos da Am\u00e9rica, ainda pode viajar desde que tenha um passaporte v\u00e1lido que cubra toda a dura\u00e7\u00e3o da sua estadia.  <\/span><\/li><\/ul>\n\n<h3 class=\"wp-block-heading\"><span style=\"font-weight: 400;\">Viagens n\u00e3o autorizadas: virar para um visto  <\/span><\/h3>\n\n<p><span style=\"font-weight: 400;\">A causa mais comum de um estatuto rejeitado \u00e9 o descuido no preenchimento das suas informa\u00e7\u00f5es. Certifique-se de que preenche correctamente o formul\u00e1rio e que o rev\u00ea antes de o enviar. Se o pedido for rejeitado por este motivo, pode voltar a candidatar-se em linha no prazo de 10 dias. Para assegurar um pedido autorizado e, consequentemente, uma viagem aos EUA, aconselhamos a utiliza\u00e7\u00e3o de um s\u00edtio privado, como este. Os nossos peritos ir\u00e3o preencher e verificar o formul\u00e1rio por si.  <\/span><\/p>\n\n<p><span style=\"font-weight: 400;\">Outros casos de passagem <\/span><span style=\"font-weight: 400;\">&#8220;ESTA pendente<\/span><span style=\"font-weight: 400;\">  a &#8220;viagens n\u00e3o autorizadas&#8221;: n\u00e3o preenche as condi\u00e7\u00f5es para a obten\u00e7\u00e3o de um ESTA. Antes de fazer qualquer pedido, por favor assegure-se de que preenche estas condi\u00e7\u00f5es:  <\/span><\/p>\n\n<ul class=\"wp-block-list\"><li style=\"font-weight: 400;\"><span style=\"font-weight: 400;\">ser um nacional de um dos pa\u00edses abrangidos pelo VWP;  <\/span><\/li><li style=\"font-weight: 400;\"><span style=\"font-weight: 400;\">Curta estadia de at\u00e9 90 dias;  <\/span><\/li><li style=\"font-weight: 400;\"><span style=\"font-weight: 400;\">ter um passaporte electr\u00f3nico (ou biom\u00e9trico) v\u00e1lido;  <\/span><\/li><li style=\"font-weight: 400;\"><span style=\"font-weight: 400;\">ir para os EUA para uma estadia tur\u00edstica, uma viagem de neg\u00f3cios ou uma escala.  <\/span><\/li><\/ul>\n\n<p><span style=\"font-weight: 400;\">Se um ou mais dos elementos acima referidos n\u00e3o forem satisfeitos, dever\u00e1 solicitar um visto dos EUA, marcando uma entrevista nos servi\u00e7os consulares da embaixada dos EUA.  <\/span><\/p>\n","protected":false},"excerpt":{"rendered":"<p>Como provavelmente sabe, viajar para os Estados Unidos n\u00e3o \u00e9 t\u00e3o f\u00e1cil para os cidad\u00e3os da UE como viajar dentro do espa\u00e7o Schengen. Infelizmente, a posse de um passaporte v\u00e1lido n\u00e3o \u00e9 suficiente para entrar nos Estados Unidos. No entanto, o governo dos EUA incentiva as viagens tempor\u00e1rias para os EUA. Isto \u00e9 evidenciado pela [&hellip;]<\/p>\n","protected":false},"author":1,"featured_media":0,"parent":0,"menu_order":0,"comment_status":"closed","ping_status":"closed","template":"","meta":{"site-sidebar-layout":"default","site-content-layout":"default","ast-site-content-layout":"default","site-content-style":"default","site-sidebar-style":"default","ast-global-header-display":"","ast-banner-title-visibility":"","ast-main-header-display":"","ast-hfb-above-header-display":"","ast-hfb-below-header-display":"","ast-hfb-mobile-header-display":"","site-post-title":"","ast-breadcrumbs-content":"","ast-featured-img":"","footer-sml-layout":"","ast-disable-related-posts":"","theme-transparent-header-meta":"default","adv-header-id-meta":"","stick-header-meta":"default","header-above-stick-meta":"","header-main-stick-meta":"","header-below-stick-meta":"","astra-migrate-meta-layouts":"default","ast-page-background-enabled":"default","ast-page-background-meta":{"desktop":{"background-color":"","background-image":"","background-repeat":"repeat","background-position":"center center","background-size":"auto","background-attachment":"scroll","background-type":"","background-media":"","overlay-type":"","overlay-color":"","overlay-opacity":"","overlay-gradient":""},"tablet":{"background-color":"","background-image":"","background-repeat":"repeat","background-position":"center center","background-size":"auto","background-attachment":"scroll","background-type":"","background-media":"","overlay-type":"","overlay-color":"","overlay-opacity":"","overlay-gradient":""},"mobile":{"background-color":"","background-image":"","background-repeat":"repeat","background-position":"center center","background-size":"auto","background-attachment":"scroll","background-type":"","background-media":"","overlay-type":"","overlay-color":"","overlay-opacity":"","overlay-gradient":""}},"ast-content-background-meta":{"desktop":{"background-color":"var(--ast-global-color-5)","background-image":"","background-repeat":"repeat","background-position":"center center","background-size":"auto","background-attachment":"scroll","background-type":"","background-media":"","overlay-type":"","overlay-color":"","overlay-opacity":"","overlay-gradient":""},"tablet":{"background-color":"var(--ast-global-color-5)","background-image":"","background-repeat":"repeat","background-position":"center center","background-size":"auto","background-attachment":"scroll","background-type":"","background-media":"","overlay-type":"","overlay-color":"","overlay-opacity":"","overlay-gradient":""},"mobile":{"background-color":"var(--ast-global-color-5)","background-image":"","background-repeat":"repeat","background-position":"center center","background-size":"auto","background-attachment":"scroll","background-type":"","background-media":"","overlay-type":"","overlay-color":"","overlay-opacity":"","overlay-gradient":""}},"footnotes":""},"class_list":["post-2184","page","type-page","status-publish","hentry"],"yoast_head":"<!-- This site is optimized with the Yoast SEO plugin v27.1.1 - https:\/\/yoast.com\/product\/yoast-seo-wordpress\/ -->\n<title>Pedido ESTA &quot;pendente&quot;: o que fazer?<\/title>\n<meta name=\"description\" content=\"O seu pedido ESTA recebe a resposta &quot;ESTA pendente&quot;? A sua estadia nos EUA est\u00e1 em perigo? Explicamos tudo sobre este estatuto ESTA.\" \/>\n<meta name=\"robots\" content=\"index, follow, max-snippet:-1, max-image-preview:large, max-video-preview:-1\" \/>\n<link rel=\"canonical\" href=\"https:\/\/123-esta.com\/pt-pt\/o-que-fazer-se-a-aplicacao-esta-pendente\/\" \/>\n<meta property=\"og:locale\" content=\"pt_PT\" \/>\n<meta property=\"og:type\" content=\"article\" \/>\n<meta property=\"og:title\" content=\"Pedido ESTA &quot;pendente&quot;: o que fazer?\" \/>\n<meta property=\"og:description\" content=\"O seu pedido ESTA recebe a resposta &quot;ESTA pendente&quot;? A sua estadia nos EUA est\u00e1 em perigo? Explicamos tudo sobre este estatuto ESTA.\" \/>\n<meta property=\"og:url\" content=\"https:\/\/123-esta.com\/pt-pt\/o-que-fazer-se-a-aplicacao-esta-pendente\/\" \/>\n<meta property=\"og:site_name\" content=\"Formulaire ESTA pour les USA\" \/>\n<meta property=\"article:modified_time\" content=\"2022-09-06T21:10:51+00:00\" \/>\n<meta name=\"twitter:card\" content=\"summary_large_image\" \/>\n<meta name=\"twitter:label1\" content=\"Tempo estimado de leitura\" \/>\n\t<meta name=\"twitter:data1\" content=\"4 minutos\" \/>\n<script type=\"application\/ld+json\" class=\"yoast-schema-graph\">{\"@context\":\"https:\/\/schema.org\",\"@graph\":[{\"@type\":\"WebPage\",\"@id\":\"https:\/\/123-esta.com\/pt-pt\/o-que-fazer-se-a-aplicacao-esta-pendente\/\",\"url\":\"https:\/\/123-esta.com\/pt-pt\/o-que-fazer-se-a-aplicacao-esta-pendente\/\",\"name\":\"Pedido ESTA \\\"pendente\\\": o que fazer?\",\"isPartOf\":{\"@id\":\"https:\/\/123-esta.com\/pt-pt\/#website\"},\"datePublished\":\"2022-07-27T19:33:20+00:00\",\"dateModified\":\"2022-09-06T21:10:51+00:00\",\"description\":\"O seu pedido ESTA recebe a resposta \\\"ESTA pendente\\\"? A sua estadia nos EUA est\u00e1 em perigo? Explicamos tudo sobre este estatuto ESTA.\",\"inLanguage\":\"pt-PT\",\"potentialAction\":[{\"@type\":\"ReadAction\",\"target\":[\"https:\/\/123-esta.com\/pt-pt\/o-que-fazer-se-a-aplicacao-esta-pendente\/\"]}]},{\"@type\":\"WebSite\",\"@id\":\"https:\/\/123-esta.com\/pt-pt\/#website\",\"url\":\"https:\/\/123-esta.com\/pt-pt\/\",\"name\":\"Formulaire ESTA pour les USA\",\"description\":\"\",\"publisher\":{\"@id\":\"https:\/\/123-esta.com\/pt-pt\/#organization\"},\"potentialAction\":[{\"@type\":\"SearchAction\",\"target\":{\"@type\":\"EntryPoint\",\"urlTemplate\":\"https:\/\/123-esta.com\/pt-pt\/?s={search_term_string}\"},\"query-input\":{\"@type\":\"PropertyValueSpecification\",\"valueRequired\":true,\"valueName\":\"search_term_string\"}}],\"inLanguage\":\"pt-PT\"},{\"@type\":\"Organization\",\"@id\":\"https:\/\/123-esta.com\/pt-pt\/#organization\",\"name\":\"Formulaire ESTA pour les USA\",\"url\":\"https:\/\/123-esta.com\/pt-pt\/\",\"logo\":{\"@type\":\"ImageObject\",\"inLanguage\":\"pt-PT\",\"@id\":\"https:\/\/123-esta.com\/pt-pt\/#\/schema\/logo\/image\/\",\"url\":\"https:\/\/123-esta.com\/wp-content\/uploads\/2018\/03\/logo-123-esta.png\",\"contentUrl\":\"https:\/\/123-esta.com\/wp-content\/uploads\/2018\/03\/logo-123-esta.png\",\"width\":191,\"height\":54,\"caption\":\"Formulaire ESTA pour les USA\"},\"image\":{\"@id\":\"https:\/\/123-esta.com\/pt-pt\/#\/schema\/logo\/image\/\"}}]}<\/script>\n<!-- \/ Yoast SEO plugin. -->","yoast_head_json":{"title":"Pedido ESTA \"pendente\": o que fazer?","description":"O seu pedido ESTA recebe a resposta \"ESTA pendente\"? A sua estadia nos EUA est\u00e1 em perigo? Explicamos tudo sobre este estatuto ESTA.","robots":{"index":"index","follow":"follow","max-snippet":"max-snippet:-1","max-image-preview":"max-image-preview:large","max-video-preview":"max-video-preview:-1"},"canonical":"https:\/\/123-esta.com\/pt-pt\/o-que-fazer-se-a-aplicacao-esta-pendente\/","og_locale":"pt_PT","og_type":"article","og_title":"Pedido ESTA \"pendente\": o que fazer?","og_description":"O seu pedido ESTA recebe a resposta \"ESTA pendente\"? A sua estadia nos EUA est\u00e1 em perigo? Explicamos tudo sobre este estatuto ESTA.","og_url":"https:\/\/123-esta.com\/pt-pt\/o-que-fazer-se-a-aplicacao-esta-pendente\/","og_site_name":"Formulaire ESTA pour les USA","article_modified_time":"2022-09-06T21:10:51+00:00","twitter_card":"summary_large_image","twitter_misc":{"Tempo estimado de leitura":"4 minutos"},"schema":{"@context":"https:\/\/schema.org","@graph":[{"@type":"WebPage","@id":"https:\/\/123-esta.com\/pt-pt\/o-que-fazer-se-a-aplicacao-esta-pendente\/","url":"https:\/\/123-esta.com\/pt-pt\/o-que-fazer-se-a-aplicacao-esta-pendente\/","name":"Pedido ESTA \"pendente\": o que fazer?","isPartOf":{"@id":"https:\/\/123-esta.com\/pt-pt\/#website"},"datePublished":"2022-07-27T19:33:20+00:00","dateModified":"2022-09-06T21:10:51+00:00","description":"O seu pedido ESTA recebe a resposta \"ESTA pendente\"? A sua estadia nos EUA est\u00e1 em perigo? Explicamos tudo sobre este estatuto ESTA.","inLanguage":"pt-PT","potentialAction":[{"@type":"ReadAction","target":["https:\/\/123-esta.com\/pt-pt\/o-que-fazer-se-a-aplicacao-esta-pendente\/"]}]},{"@type":"WebSite","@id":"https:\/\/123-esta.com\/pt-pt\/#website","url":"https:\/\/123-esta.com\/pt-pt\/","name":"Formulaire ESTA pour les USA","description":"","publisher":{"@id":"https:\/\/123-esta.com\/pt-pt\/#organization"},"potentialAction":[{"@type":"SearchAction","target":{"@type":"EntryPoint","urlTemplate":"https:\/\/123-esta.com\/pt-pt\/?s={search_term_string}"},"query-input":{"@type":"PropertyValueSpecification","valueRequired":true,"valueName":"search_term_string"}}],"inLanguage":"pt-PT"},{"@type":"Organization","@id":"https:\/\/123-esta.com\/pt-pt\/#organization","name":"Formulaire ESTA pour les USA","url":"https:\/\/123-esta.com\/pt-pt\/","logo":{"@type":"ImageObject","inLanguage":"pt-PT","@id":"https:\/\/123-esta.com\/pt-pt\/#\/schema\/logo\/image\/","url":"https:\/\/123-esta.com\/wp-content\/uploads\/2018\/03\/logo-123-esta.png","contentUrl":"https:\/\/123-esta.com\/wp-content\/uploads\/2018\/03\/logo-123-esta.png","width":191,"height":54,"caption":"Formulaire ESTA pour les USA"},"image":{"@id":"https:\/\/123-esta.com\/pt-pt\/#\/schema\/logo\/image\/"}}]}},"_links":{"self":[{"href":"https:\/\/123-esta.com\/pt-pt\/wp-json\/wp\/v2\/pages\/2184","targetHints":{"allow":["GET"]}}],"collection":[{"href":"https:\/\/123-esta.com\/pt-pt\/wp-json\/wp\/v2\/pages"}],"about":[{"href":"https:\/\/123-esta.com\/pt-pt\/wp-json\/wp\/v2\/types\/page"}],"author":[{"embeddable":true,"href":"https:\/\/123-esta.com\/pt-pt\/wp-json\/wp\/v2\/users\/1"}],"replies":[{"embeddable":true,"href":"https:\/\/123-esta.com\/pt-pt\/wp-json\/wp\/v2\/comments?post=2184"}],"version-history":[{"count":0,"href":"https:\/\/123-esta.com\/pt-pt\/wp-json\/wp\/v2\/pages\/2184\/revisions"}],"wp:attachment":[{"href":"https:\/\/123-esta.com\/pt-pt\/wp-json\/wp\/v2\/media?parent=2184"}],"curies":[{"name":"wp","href":"https:\/\/api.w.org\/{rel}","templated":true}]}}