{"id":2174,"date":"2022-07-27T21:33:19","date_gmt":"2022-07-27T19:33:19","guid":{"rendered":"https:\/\/123-esta.com\/a-quando-must-apply-for-renewal-isa\/"},"modified":"2022-08-23T22:02:39","modified_gmt":"2022-08-23T20:02:39","slug":"quando-voce-deve-solicitar-uma-renovacao-esta","status":"publish","type":"page","link":"https:\/\/123-esta.com\/pt-pt\/quando-voce-deve-solicitar-uma-renovacao-esta\/","title":{"rendered":"Quando devo solicitar uma renova\u00e7\u00e3o do ESTA?"},"content":{"rendered":"\n<p>Uma autoriza\u00e7\u00e3o ESTA \u00e9 uma forma de os nacionais de certos pa\u00edses viajarem para os Estados Unidos sem terem de solicitar um visto de turista americano.<\/p>\n\n<p>Isto simplificou o processo para milh\u00f5es de viajantes em todo o mundo, mas a autoriza\u00e7\u00e3o, por muito conveniente que seja, n\u00e3o \u00e9 ilimitada no tempo. Chega uma altura em que \u00e9 necess\u00e1ria uma nova aplica\u00e7\u00e3o ESTA. Tamb\u00e9m \u00e9 poss\u00edvel que a renova\u00e7\u00e3o do ESTA deva ser feita por outras raz\u00f5es que n\u00e3o a data de validade.<\/p>\n\n<p>e analisar\u00e1 os diferentes cen\u00e1rios em que a renova\u00e7\u00e3o do ESTA \u00e9 necess\u00e1ria para poder entrar nos Estados Unidos sem impedimentos.<\/p>\n\n<h2 class=\"wp-block-heading\">Renova\u00e7\u00e3o do ESTA devido \u00e0 expira\u00e7\u00e3o da validade<\/h2>\n\n<p>A raz\u00e3o mais comum para a renova\u00e7\u00e3o do ESTA \u00e9 a expira\u00e7\u00e3o da autoriza\u00e7\u00e3o de viagem dos EUA. A partir da data de emiss\u00e3o, o ESTA est\u00e1 ligado ao seu passaporte biom\u00e9trico ou e-passaporte por um per\u00edodo de 2 anos. Ap\u00f3s este per\u00edodo, deve renovar o seu ESTA se pretende viajar para os EUA.<\/p>\n\n<h2 class=\"wp-block-heading\">Renova\u00e7\u00e3o do seu ESTA<span style=\"font-weight: 400;\"> devido a uma altera\u00e7\u00e3o do passaporte<\/span><\/h2>\n\n<p>Como acabamos de ver, o ESTA est\u00e1 ligado ao seu passaporte h\u00e1 2 anos. Mas o que acontece se j\u00e1 n\u00e3o tiver um <a href=\"https:\/\/123-esta.com\/pt-pt\/passaporte-esta-eua\/\">passaporte v\u00e1lido<\/a> e obtiver um novo antes do final dos dois anos? Dado que a autoriza\u00e7\u00e3o e o seu passaporte s\u00e3o insepar\u00e1veis, um novo passaporte significa que a renova\u00e7\u00e3o do ESTA \u00e9 obrigat\u00f3ria. Deve recome\u00e7ar o processo de candidatura ao ESTA com as suas novas informa\u00e7\u00f5es de passaporte (embora o n\u00famero do passaporte e a data de validade sejam normalmente as \u00fanicas altera\u00e7\u00f5es que s\u00e3o aparentes). N\u00e3o renovar o seu ESTA, pensando que ainda \u00e9 v\u00e1lido dentro do per\u00edodo de 2 anos, \u00e9 um erro, pois a sua autoriza\u00e7\u00e3o perde automaticamente a sua validade na data de expira\u00e7\u00e3o do seu antigo passaporte.<\/p>\n\n<h2 class=\"wp-block-heading\">Renova\u00e7\u00e3o do ESTA devido a mudan\u00e7a de informa\u00e7\u00e3o<\/h2>\n\n<p>A renova\u00e7\u00e3o do ESTA tamb\u00e9m \u00e9 obrigat\u00f3ria se as suas informa\u00e7\u00f5es pessoais mudarem durante o <a href=\"https:\/\/123-esta.com\/pt-pt\/tudo-sobre-a-validade-do-esta\/\">per\u00edodo de validade<\/a>. Uma mudan\u00e7a de informa\u00e7\u00e3o pessoal significa uma mudan\u00e7a de nome, nacionalidade ou pa\u00eds de resid\u00eancia. Da mesma forma, se as suas respostas relativas \u00e0 seguran\u00e7a interna dos EUA mudaram desde a sua primeira candidatura, a renova\u00e7\u00e3o do ESTA tamb\u00e9m \u00e9 necess\u00e1ria.<\/p>\n\n<p>Lembre-se que os empregados da companhia a\u00e9rea ou da companhia de navega\u00e7\u00e3o verificar\u00e3o se tem um documento ESTA antes de embarcar no seu voo para os EUA.<\/p>\n\n<p>Tenha tamb\u00e9m em mente que o ESTA s\u00f3 \u00e9 exigido para viagens tur\u00edsticas, de neg\u00f3cios ou de tr\u00e2nsito atrav\u00e9s dos EUA at\u00e9 ao seu destino final. A dura\u00e7\u00e3o da sua estadia nos EUA n\u00e3o deve exceder 90 dias.<\/p>\n\n<h2 class=\"wp-block-heading\">Candidate-se a um novo ESTA<\/h2>\n\n<p>Agora que sabemos quando \u00e9 necess\u00e1ria uma renova\u00e7\u00e3o do ESTA, vejamos como solicitar uma autoriza\u00e7\u00e3o. Em teoria, \u00e9 muito simples, porque \u00e9 preciso seguir exactamente os mesmos passos que da primeira vez.<\/p>\n\n<p>Ainda n\u00e3o h\u00e1 necessidade de ir \u00e0 embaixada dos EUA, todo o processo \u00e9 feito atrav\u00e9s de uma candidatura online atrav\u00e9s do website do governo ou atrav\u00e9s dos servi\u00e7os de um website privado, como o nosso parceiro.<\/p>\n\n<p>Ter um passaporte biom\u00e9trico ou electr\u00f3nico continua a ser um requisito obrigat\u00f3rio.<\/p>\n\n<p>Preencher o formul\u00e1rio ESTA como anteriormente. Evidentemente, prestar especial aten\u00e7\u00e3o \u00e0 exactid\u00e3o das informa\u00e7\u00f5es fornecidas, especialmente se estas se alterarem. Uma vez preenchido o formul\u00e1rio em linha, ser\u00e1 obrigado a pagar novamente a taxa de administra\u00e7\u00e3o.<\/p>\n\n<p>A partir desse momento, tudo o que tem de fazer \u00e9 esperar que as autoridades dos EUA respondam \u00e0 sua nova candidatura.<\/p>\n\n<p>Lembre-se que deve regressar regularmente ao website do governo para verificar o estado da sua candidatura (um prestador de servi\u00e7os privado, como o nosso parceiro, informa-o em tempo real sobre o progresso da sua candidatura).<\/p>\n\n<p>O seu ESTA USA pode ser aceite imediatamente ou pode ser colocado no estatuto de &#8220;pendente&#8221;, se os agentes respons\u00e1veis pela verifica\u00e7\u00e3o dos pedidos necessitarem de mais tempo.<\/p>\n\n<p>N\u00e3o \u00e9 imposs\u00edvel que lhe seja <a href=\"https:\/\/123-esta.com\/pt-pt\/razoes-para-um-esta-recusado\/\">recusado o ESTA<\/a> na sequ\u00eancia da sua nova candidatura.<\/p>\n\n<p>Isto pode significar que altera\u00e7\u00f5es \u00e0 sua informa\u00e7\u00e3o ou nacionalidade significam que j\u00e1 n\u00e3o \u00e9 eleg\u00edvel para o Programa de Isen\u00e7\u00e3o de Vistos. Neste caso, ter\u00e1 de contactar a sua embaixada ou consulado local dos EUA para solicitar um visto de turista americano. Uma entrevista com um funcion\u00e1rio consular determinar\u00e1 se \u00e9 ou n\u00e3o eleg\u00edvel para um visto de turista. Se a recusa for devida a um erro de c\u00f3pia, \u00e9 poss\u00edvel fazer um novo pedido ESTA ap\u00f3s a recusa anterior.<\/p>\n","protected":false},"excerpt":{"rendered":"<p>Uma autoriza\u00e7\u00e3o ESTA \u00e9 uma forma de os nacionais de certos pa\u00edses viajarem para os Estados Unidos sem terem de solicitar um visto de turista americano. Isto simplificou o processo para milh\u00f5es de viajantes em todo o mundo, mas a autoriza\u00e7\u00e3o, por muito conveniente que seja, n\u00e3o \u00e9 ilimitada no tempo. Chega uma altura em [&hellip;]<\/p>\n","protected":false},"author":1,"featured_media":0,"parent":0,"menu_order":0,"comment_status":"closed","ping_status":"closed","template":"","meta":{"site-sidebar-layout":"default","site-content-layout":"default","ast-site-content-layout":"default","site-content-style":"default","site-sidebar-style":"default","ast-global-header-display":"","ast-banner-title-visibility":"","ast-main-header-display":"","ast-hfb-above-header-display":"","ast-hfb-below-header-display":"","ast-hfb-mobile-header-display":"","site-post-title":"","ast-breadcrumbs-content":"","ast-featured-img":"","footer-sml-layout":"","ast-disable-related-posts":"","theme-transparent-header-meta":"default","adv-header-id-meta":"","stick-header-meta":"default","header-above-stick-meta":"","header-main-stick-meta":"","header-below-stick-meta":"","astra-migrate-meta-layouts":"default","ast-page-background-enabled":"default","ast-page-background-meta":{"desktop":{"background-color":"","background-image":"","background-repeat":"repeat","background-position":"center center","background-size":"auto","background-attachment":"scroll","background-type":"","background-media":"","overlay-type":"","overlay-color":"","overlay-opacity":"","overlay-gradient":""},"tablet":{"background-color":"","background-image":"","background-repeat":"repeat","background-position":"center center","background-size":"auto","background-attachment":"scroll","background-type":"","background-media":"","overlay-type":"","overlay-color":"","overlay-opacity":"","overlay-gradient":""},"mobile":{"background-color":"","background-image":"","background-repeat":"repeat","background-position":"center center","background-size":"auto","background-attachment":"scroll","background-type":"","background-media":"","overlay-type":"","overlay-color":"","overlay-opacity":"","overlay-gradient":""}},"ast-content-background-meta":{"desktop":{"background-color":"var(--ast-global-color-5)","background-image":"","background-repeat":"repeat","background-position":"center center","background-size":"auto","background-attachment":"scroll","background-type":"","background-media":"","overlay-type":"","overlay-color":"","overlay-opacity":"","overlay-gradient":""},"tablet":{"background-color":"var(--ast-global-color-5)","background-image":"","background-repeat":"repeat","background-position":"center center","background-size":"auto","background-attachment":"scroll","background-type":"","background-media":"","overlay-type":"","overlay-color":"","overlay-opacity":"","overlay-gradient":""},"mobile":{"background-color":"var(--ast-global-color-5)","background-image":"","background-repeat":"repeat","background-position":"center center","background-size":"auto","background-attachment":"scroll","background-type":"","background-media":"","overlay-type":"","overlay-color":"","overlay-opacity":"","overlay-gradient":""}},"footnotes":""},"class_list":["post-2174","page","type-page","status-publish","hentry"],"yoast_head":"<!-- This site is optimized with the Yoast SEO plugin v27.1.1 - https:\/\/yoast.com\/product\/yoast-seo-wordpress\/ -->\n<title>Quando \u00e9 que precisa de renovar o seu ESTA para os EUA?<\/title>\n<meta name=\"description\" content=\"Precisa de viajar para os EUA, mas n\u00e3o tem a certeza se precisa de renovar o seu ESTA? Explicamos quando reaplicar.\" \/>\n<meta name=\"robots\" content=\"index, follow, max-snippet:-1, max-image-preview:large, max-video-preview:-1\" \/>\n<link rel=\"canonical\" href=\"https:\/\/123-esta.com\/pt-pt\/quando-voce-deve-solicitar-uma-renovacao-esta\/\" \/>\n<meta property=\"og:locale\" content=\"pt_PT\" \/>\n<meta property=\"og:type\" content=\"article\" \/>\n<meta property=\"og:title\" content=\"Quando \u00e9 que precisa de renovar o seu ESTA para os EUA?\" \/>\n<meta property=\"og:description\" content=\"Precisa de viajar para os EUA, mas n\u00e3o tem a certeza se precisa de renovar o seu ESTA? Explicamos quando reaplicar.\" \/>\n<meta property=\"og:url\" content=\"https:\/\/123-esta.com\/pt-pt\/quando-voce-deve-solicitar-uma-renovacao-esta\/\" \/>\n<meta property=\"og:site_name\" content=\"Formulaire ESTA pour les USA\" \/>\n<meta property=\"article:modified_time\" content=\"2022-08-23T20:02:39+00:00\" \/>\n<meta name=\"twitter:card\" content=\"summary_large_image\" \/>\n<meta name=\"twitter:label1\" content=\"Tempo estimado de leitura\" \/>\n\t<meta name=\"twitter:data1\" content=\"4 minutos\" \/>\n<script type=\"application\/ld+json\" class=\"yoast-schema-graph\">{\"@context\":\"https:\/\/schema.org\",\"@graph\":[{\"@type\":\"WebPage\",\"@id\":\"https:\/\/123-esta.com\/pt-pt\/quando-voce-deve-solicitar-uma-renovacao-esta\/\",\"url\":\"https:\/\/123-esta.com\/pt-pt\/quando-voce-deve-solicitar-uma-renovacao-esta\/\",\"name\":\"Quando \u00e9 que precisa de renovar o seu ESTA para os EUA?\",\"isPartOf\":{\"@id\":\"https:\/\/123-esta.com\/pt-pt\/#website\"},\"datePublished\":\"2022-07-27T19:33:19+00:00\",\"dateModified\":\"2022-08-23T20:02:39+00:00\",\"description\":\"Precisa de viajar para os EUA, mas n\u00e3o tem a certeza se precisa de renovar o seu ESTA? Explicamos quando reaplicar.\",\"inLanguage\":\"pt-PT\",\"potentialAction\":[{\"@type\":\"ReadAction\",\"target\":[\"https:\/\/123-esta.com\/pt-pt\/quando-voce-deve-solicitar-uma-renovacao-esta\/\"]}]},{\"@type\":\"WebSite\",\"@id\":\"https:\/\/123-esta.com\/pt-pt\/#website\",\"url\":\"https:\/\/123-esta.com\/pt-pt\/\",\"name\":\"Formulaire ESTA pour les USA\",\"description\":\"\",\"publisher\":{\"@id\":\"https:\/\/123-esta.com\/pt-pt\/#organization\"},\"potentialAction\":[{\"@type\":\"SearchAction\",\"target\":{\"@type\":\"EntryPoint\",\"urlTemplate\":\"https:\/\/123-esta.com\/pt-pt\/?s={search_term_string}\"},\"query-input\":{\"@type\":\"PropertyValueSpecification\",\"valueRequired\":true,\"valueName\":\"search_term_string\"}}],\"inLanguage\":\"pt-PT\"},{\"@type\":\"Organization\",\"@id\":\"https:\/\/123-esta.com\/pt-pt\/#organization\",\"name\":\"Formulaire ESTA pour les USA\",\"url\":\"https:\/\/123-esta.com\/pt-pt\/\",\"logo\":{\"@type\":\"ImageObject\",\"inLanguage\":\"pt-PT\",\"@id\":\"https:\/\/123-esta.com\/pt-pt\/#\/schema\/logo\/image\/\",\"url\":\"https:\/\/123-esta.com\/wp-content\/uploads\/2018\/03\/logo-123-esta.png\",\"contentUrl\":\"https:\/\/123-esta.com\/wp-content\/uploads\/2018\/03\/logo-123-esta.png\",\"width\":191,\"height\":54,\"caption\":\"Formulaire ESTA pour les USA\"},\"image\":{\"@id\":\"https:\/\/123-esta.com\/pt-pt\/#\/schema\/logo\/image\/\"}}]}<\/script>\n<!-- \/ Yoast SEO plugin. -->","yoast_head_json":{"title":"Quando \u00e9 que precisa de renovar o seu ESTA para os EUA?","description":"Precisa de viajar para os EUA, mas n\u00e3o tem a certeza se precisa de renovar o seu ESTA? Explicamos quando reaplicar.","robots":{"index":"index","follow":"follow","max-snippet":"max-snippet:-1","max-image-preview":"max-image-preview:large","max-video-preview":"max-video-preview:-1"},"canonical":"https:\/\/123-esta.com\/pt-pt\/quando-voce-deve-solicitar-uma-renovacao-esta\/","og_locale":"pt_PT","og_type":"article","og_title":"Quando \u00e9 que precisa de renovar o seu ESTA para os EUA?","og_description":"Precisa de viajar para os EUA, mas n\u00e3o tem a certeza se precisa de renovar o seu ESTA? Explicamos quando reaplicar.","og_url":"https:\/\/123-esta.com\/pt-pt\/quando-voce-deve-solicitar-uma-renovacao-esta\/","og_site_name":"Formulaire ESTA pour les USA","article_modified_time":"2022-08-23T20:02:39+00:00","twitter_card":"summary_large_image","twitter_misc":{"Tempo estimado de leitura":"4 minutos"},"schema":{"@context":"https:\/\/schema.org","@graph":[{"@type":"WebPage","@id":"https:\/\/123-esta.com\/pt-pt\/quando-voce-deve-solicitar-uma-renovacao-esta\/","url":"https:\/\/123-esta.com\/pt-pt\/quando-voce-deve-solicitar-uma-renovacao-esta\/","name":"Quando \u00e9 que precisa de renovar o seu ESTA para os EUA?","isPartOf":{"@id":"https:\/\/123-esta.com\/pt-pt\/#website"},"datePublished":"2022-07-27T19:33:19+00:00","dateModified":"2022-08-23T20:02:39+00:00","description":"Precisa de viajar para os EUA, mas n\u00e3o tem a certeza se precisa de renovar o seu ESTA? Explicamos quando reaplicar.","inLanguage":"pt-PT","potentialAction":[{"@type":"ReadAction","target":["https:\/\/123-esta.com\/pt-pt\/quando-voce-deve-solicitar-uma-renovacao-esta\/"]}]},{"@type":"WebSite","@id":"https:\/\/123-esta.com\/pt-pt\/#website","url":"https:\/\/123-esta.com\/pt-pt\/","name":"Formulaire ESTA pour les USA","description":"","publisher":{"@id":"https:\/\/123-esta.com\/pt-pt\/#organization"},"potentialAction":[{"@type":"SearchAction","target":{"@type":"EntryPoint","urlTemplate":"https:\/\/123-esta.com\/pt-pt\/?s={search_term_string}"},"query-input":{"@type":"PropertyValueSpecification","valueRequired":true,"valueName":"search_term_string"}}],"inLanguage":"pt-PT"},{"@type":"Organization","@id":"https:\/\/123-esta.com\/pt-pt\/#organization","name":"Formulaire ESTA pour les USA","url":"https:\/\/123-esta.com\/pt-pt\/","logo":{"@type":"ImageObject","inLanguage":"pt-PT","@id":"https:\/\/123-esta.com\/pt-pt\/#\/schema\/logo\/image\/","url":"https:\/\/123-esta.com\/wp-content\/uploads\/2018\/03\/logo-123-esta.png","contentUrl":"https:\/\/123-esta.com\/wp-content\/uploads\/2018\/03\/logo-123-esta.png","width":191,"height":54,"caption":"Formulaire ESTA pour les USA"},"image":{"@id":"https:\/\/123-esta.com\/pt-pt\/#\/schema\/logo\/image\/"}}]}},"_links":{"self":[{"href":"https:\/\/123-esta.com\/pt-pt\/wp-json\/wp\/v2\/pages\/2174","targetHints":{"allow":["GET"]}}],"collection":[{"href":"https:\/\/123-esta.com\/pt-pt\/wp-json\/wp\/v2\/pages"}],"about":[{"href":"https:\/\/123-esta.com\/pt-pt\/wp-json\/wp\/v2\/types\/page"}],"author":[{"embeddable":true,"href":"https:\/\/123-esta.com\/pt-pt\/wp-json\/wp\/v2\/users\/1"}],"replies":[{"embeddable":true,"href":"https:\/\/123-esta.com\/pt-pt\/wp-json\/wp\/v2\/comments?post=2174"}],"version-history":[{"count":0,"href":"https:\/\/123-esta.com\/pt-pt\/wp-json\/wp\/v2\/pages\/2174\/revisions"}],"wp:attachment":[{"href":"https:\/\/123-esta.com\/pt-pt\/wp-json\/wp\/v2\/media?parent=2174"}],"curies":[{"name":"wp","href":"https:\/\/api.w.org\/{rel}","templated":true}]}}