{"id":2171,"date":"2022-07-27T21:33:19","date_gmt":"2022-07-27T19:33:19","guid":{"rendered":"https:\/\/123-esta.com\/tourist-visa-for-theunited-states\/"},"modified":"2022-09-19T17:13:44","modified_gmt":"2022-09-19T15:13:44","slug":"visto-de-turista-dos-estados-unidos","status":"publish","type":"page","link":"https:\/\/123-esta.com\/pt-pt\/visto-de-turista-dos-estados-unidos\/","title":{"rendered":"Visto de turismo dos EUA &#8211; Visto B2"},"content":{"rendered":"\n<p>Quando se viaja para os Estados Unidos para turismo, h\u00e1 v\u00e1rias formas de obter um visto de visitante para entrar no pa\u00eds. O objectivo tur\u00edstico de uma viagem indica o tipo de visto que o viajante deve solicitar \u00e0 administra\u00e7\u00e3o dos EUA. O visto de turista dos EUA \u00e9 solicitado online atrav\u00e9s da Internet.<\/p>\n\n<p><strong>Para uma estadia de menos de 90 dias nos Estados Unidos<\/strong>: N\u00e3o \u00e9 necess\u00e1rio solicitar um visto de turista americano, pode completar as suas formalidades directamente online e obter uma Autoriza\u00e7\u00e3o Electr\u00f3nica de Viagem ESTA em poucos minutos, clicando no<a href=\"https:\/\/123-esta.com\/pt-pt\/forma-esta-em-portugues\/\"> formul\u00e1rio online<\/a>.<\/p>\n\n<p>O visto de turismo americano para uma estadia de mais de 90 dias consecutivos \u00e9 o visto B2. Este visto de visitante permite a um viajante permanecer nos Estados Unidos para fins tur\u00edsticos ou de lazer, ou visitar a fam\u00edlia que vive nos EUA.  <\/p>\n\n<h2 class=\"wp-block-heading\">O que \u00e9 o visto de turista B2 para os EUA<\/h2>\n\n<p>O visto B2 \u00e9 um visto tur\u00edstico obtido por viajantes estrangeiros junto da administra\u00e7\u00e3o dos EUA no seu pa\u00eds de resid\u00eancia. Este visto permite aos viajantes permanecer por mais de 90 dias consecutivos nos Estados Unidos da Am\u00e9rica. Este tipo de <a href=\"https:\/\/usa-esta.net\/pt-pt\/visto-eua\/visto-b2\/\">visto tur\u00edstico dos EUA<\/a> tornou-se menos popular desde que os EUA introduziram em 2009 a Autoriza\u00e7\u00e3o Electr\u00f3nica de Viagem, que isenta os viajantes da obten\u00e7\u00e3o de um visto para uma estadia de menos de 90 dias.<\/p>\n\n<h2 class=\"wp-block-heading\">Quem pode solicitar um visto de turista dos EUA?<\/h2>\n\n<p>Um visto tur\u00edstico B2 pode ser solicitado por todos os viajantes que desejem permanecer nos EUA durante 6 meses. Os nacionais de pa\u00edses VWP (US Visa Waiver Program) tamb\u00e9m podem solicitar um visto quando se espera que a sua estadia tur\u00edstica nos EUA dure mais de 90 dias.<\/p>\n\n<h2 class=\"wp-block-heading\">Quais s\u00e3o os crit\u00e9rios de elegibilidade?<\/h2>\n\n<p>Os principais crit\u00e9rios para solicitar um visto de turista dos EUA s\u00e3o<\/p>\n\n<ul class=\"wp-block-list\"><li>Deve ter meios financeiros suficientes para pagar toda a sua estadia nos EUA;<\/li><li>N\u00e3o deve planear trabalhar nos EUA, nem deve procurar trabalho enquanto l\u00e1 estiver;<\/li><li>Deve tamb\u00e9m provar que planeia regressar ao seu pa\u00eds de origem no final da sua estadia nos EUA.<\/li><\/ul>\n\n<h2 class=\"wp-block-heading\">Que actividades s\u00e3o permitidas com o visto tur\u00edstico B2<\/h2>\n\n<p>Uma vez obtido o visto de turista B2, est\u00e1 autorizado a realizar as seguintes actividades:<\/p>\n\n<ul class=\"wp-block-list\"><li>Poder\u00e1 ter uma estadia tur\u00edstica em todo o pa\u00eds, fazer todo o tipo de actividades de lazer no local;<\/li><li>Pode participar em eventos desportivos e musicais nos EUA;<\/li><li>Tamb\u00e9m ser\u00e1 poss\u00edvel ter tratamento m\u00e9dico, se necess\u00e1rio;<\/li><li>Poder\u00e1 visitar a sua fam\u00edlia nos EUA ou os seus amigos.<\/li><\/ul>\n\n<h2 class=\"wp-block-heading\">foto de um visto de turista B2<\/h2>\n\n<figure class=\"wp-block-image size-full\"><img fetchpriority=\"high\" decoding=\"async\" width=\"2214\" height=\"1464\" src=\"https:\/\/123-esta.com\/wp-content\/uploads\/2022\/07\/visa-usa-tourist.jpg\" alt=\"Visto de turismo dos EUA - Visto B2\" class=\"wp-image-2023\" srcset=\"https:\/\/123-esta.com\/wp-content\/uploads\/2022\/07\/visa-usa-tourist.jpg 2214w, https:\/\/123-esta.com\/wp-content\/uploads\/2022\/07\/visa-usa-tourist-300x198.jpg 300w, https:\/\/123-esta.com\/wp-content\/uploads\/2022\/07\/visa-usa-tourist-1024x677.jpg 1024w, https:\/\/123-esta.com\/wp-content\/uploads\/2022\/07\/visa-usa-tourist-768x508.jpg 768w, https:\/\/123-esta.com\/wp-content\/uploads\/2022\/07\/visa-usa-tourist-1536x1016.jpg 1536w, https:\/\/123-esta.com\/wp-content\/uploads\/2022\/07\/visa-usa-tourist-2048x1354.jpg 2048w\" sizes=\"(max-width: 2214px) 100vw, 2214px\" \/><figcaption>Foto de um visto de turismo dos EUA &#8211; Visto B2 EUA<\/figcaption><\/figure>\n\n<h2 class=\"wp-block-heading\">Pedido de visto tur\u00edstico dos EUA<\/h2>\n\n<p>O pedido de visto B2 \u00e9 feito atrav\u00e9s da Internet no site oficial <a href=\"https:\/\/www.uscis.gov\/\">uscis.gov<\/a>. No final do processo de pedido de visto online dos EUA, os viajantes devem conduzir uma entrevista visitando a embaixada ou consulado dos EUA no pa\u00eds de resid\u00eancia.<\/p>\n\n<p>Um pedido de visto de turismo para os EUA procede da seguinte forma:<\/p>\n\n<ol class=\"wp-block-list\"><li>O viajante deve primeiro preencher online o formul\u00e1rio DS-160;<\/li><li>No final do formul\u00e1rio em linha, o requerente do visto \u00e9 solicitado a pagar a taxa administrativa pelo processamento do pedido de visto no valor de 160 d\u00f3lares;<\/li><li>Para finalizar o pedido, o viajante deve digitalizar e anexar documentos comprovativos ao pedido de visto em linha;<\/li><li>Uma vez conclu\u00eddo o pedido on-line, o requerente do visto deve marcar uma entrevista com o Consulado dos Estados Unidos;<\/li><\/ol>\n\n<h3 class=\"wp-block-heading\">Quais s\u00e3o os documentos de apoio para um visto de turista<\/h3>\n\n<p>Todos os documentos de apoio a juntar a um pedido de visto devem ser digitalizados. Estes documentos s\u00e3o essenciais para que o pedido de visto possa ser processado.  <\/p>\n\n<p>A lista completa dos documentos necess\u00e1rios para um visto de turista dos EUA \u00e9 a seguinte:  <\/p>\n\n<ul class=\"wp-block-list\"><li>Deve provar que possui um passaporte com mais de 6 meses de validade restante;<\/li><li>Deve anexar uma fotografia de passaporte que cumpra as regras de vistos dos EUA;<\/li><li>Deve juntar documentos que provem que apresentou o formul\u00e1rio DS-160 e pagou a taxa administrativa para o visto ($160);<\/li><li>Deve ter agendado a sua entrevista com o Consulado dos EUA;<\/li><li>Ter\u00e1 tamb\u00e9m de anexar uma carta pessoal descrevendo a sua raz\u00e3o para viajar para os EUA;<\/li><li>Ter\u00e1 de mostrar prova de capacidade financeira para cobrir toda a viagem aos EUA, que \u00e9 quase 300 d\u00f3lares por dia por pessoa.<\/li><li>Ter\u00e1 tamb\u00e9m de provar que os seus la\u00e7os com o seu pa\u00eds de origem s\u00e3o reais e que o trar\u00e3o de volta aos EUA ap\u00f3s a sua estadia;<\/li><li>Finalmente, deve apresentar um registo criminal limpo que prove que n\u00e3o tem condena\u00e7\u00f5es recentes.<\/li><\/ul>\n\n<h2 class=\"wp-block-heading\">Tempo para obter um visto de turista para os EUA<\/h2>\n\n<p>O tempo de processamento de um visto tur\u00edstico varia muito: pode levar de uma semana a v\u00e1rios meses. O per\u00edodo de tempo depender\u00e1 do consulado a que se candidatar e da sua carga de trabalho no momento em que se candidatar.<\/p>\n\n<h2 class=\"wp-block-heading\">Dura\u00e7\u00e3o da validade e prorroga\u00e7\u00e3o de um visto tur\u00edstico B2<\/h2>\n\n<p>Um visto de turista USA B2 \u00e9 v\u00e1lido por 5 anos. No entanto, n\u00e3o pode ficar mais de 6 meses consecutivos. Deve deixar os EUA ap\u00f3s 6 meses e regressar ao seu pa\u00eds de origem.<\/p>\n\n<p>Pode obter uma prorroga\u00e7\u00e3o do seu visto de turista para permanecer por mais 6 meses ap\u00f3s a validade inicial do seu visto. Para obter uma prorroga\u00e7\u00e3o, deve solicitar uma prorroga\u00e7\u00e3o de pelo menos 8 semanas antes de o seu visto B2 expirar.<\/p>\n","protected":false},"excerpt":{"rendered":"<p>Quando se viaja para os Estados Unidos para turismo, h\u00e1 v\u00e1rias formas de obter um visto de visitante para entrar no pa\u00eds. O objectivo tur\u00edstico de uma viagem indica o tipo de visto que o viajante deve solicitar \u00e0 administra\u00e7\u00e3o dos EUA. O visto de turista dos EUA \u00e9 solicitado online atrav\u00e9s da Internet. Para [&hellip;]<\/p>\n","protected":false},"author":1,"featured_media":0,"parent":0,"menu_order":0,"comment_status":"closed","ping_status":"closed","template":"","meta":{"site-sidebar-layout":"default","site-content-layout":"","ast-site-content-layout":"default","site-content-style":"default","site-sidebar-style":"default","ast-global-header-display":"","ast-banner-title-visibility":"","ast-main-header-display":"","ast-hfb-above-header-display":"","ast-hfb-below-header-display":"","ast-hfb-mobile-header-display":"","site-post-title":"","ast-breadcrumbs-content":"","ast-featured-img":"","footer-sml-layout":"","ast-disable-related-posts":"","theme-transparent-header-meta":"","adv-header-id-meta":"","stick-header-meta":"","header-above-stick-meta":"","header-main-stick-meta":"","header-below-stick-meta":"","astra-migrate-meta-layouts":"default","ast-page-background-enabled":"default","ast-page-background-meta":{"desktop":{"background-color":"","background-image":"","background-repeat":"repeat","background-position":"center center","background-size":"auto","background-attachment":"scroll","background-type":"","background-media":"","overlay-type":"","overlay-color":"","overlay-opacity":"","overlay-gradient":""},"tablet":{"background-color":"","background-image":"","background-repeat":"repeat","background-position":"center center","background-size":"auto","background-attachment":"scroll","background-type":"","background-media":"","overlay-type":"","overlay-color":"","overlay-opacity":"","overlay-gradient":""},"mobile":{"background-color":"","background-image":"","background-repeat":"repeat","background-position":"center center","background-size":"auto","background-attachment":"scroll","background-type":"","background-media":"","overlay-type":"","overlay-color":"","overlay-opacity":"","overlay-gradient":""}},"ast-content-background-meta":{"desktop":{"background-color":"var(--ast-global-color-5)","background-image":"","background-repeat":"repeat","background-position":"center center","background-size":"auto","background-attachment":"scroll","background-type":"","background-media":"","overlay-type":"","overlay-color":"","overlay-opacity":"","overlay-gradient":""},"tablet":{"background-color":"var(--ast-global-color-5)","background-image":"","background-repeat":"repeat","background-position":"center center","background-size":"auto","background-attachment":"scroll","background-type":"","background-media":"","overlay-type":"","overlay-color":"","overlay-opacity":"","overlay-gradient":""},"mobile":{"background-color":"var(--ast-global-color-5)","background-image":"","background-repeat":"repeat","background-position":"center center","background-size":"auto","background-attachment":"scroll","background-type":"","background-media":"","overlay-type":"","overlay-color":"","overlay-opacity":"","overlay-gradient":""}},"footnotes":""},"class_list":["post-2171","page","type-page","status-publish","hentry"],"yoast_head":"<!-- This site is optimized with the Yoast SEO plugin v27.1.1 - https:\/\/yoast.com\/product\/yoast-seo-wordpress\/ -->\n<title>Visto de turismo dos EUA - Visto B2<\/title>\n<meta name=\"description\" content=\"Como obter um visto de turista para os EUA. Descubra toda a informa\u00e7\u00e3o de que necessita para solicitar um visto com sucesso.\" \/>\n<meta name=\"robots\" content=\"index, follow, max-snippet:-1, max-image-preview:large, max-video-preview:-1\" \/>\n<link rel=\"canonical\" href=\"https:\/\/123-esta.com\/pt-pt\/visto-de-turista-dos-estados-unidos\/\" \/>\n<meta property=\"og:locale\" content=\"pt_PT\" \/>\n<meta property=\"og:type\" content=\"article\" \/>\n<meta property=\"og:title\" content=\"Visto de turismo dos EUA - Visto B2\" \/>\n<meta property=\"og:description\" content=\"Como obter um visto de turista para os EUA. Descubra toda a informa\u00e7\u00e3o de que necessita para solicitar um visto com sucesso.\" \/>\n<meta property=\"og:url\" content=\"https:\/\/123-esta.com\/pt-pt\/visto-de-turista-dos-estados-unidos\/\" \/>\n<meta property=\"og:site_name\" content=\"Formulaire ESTA pour les USA\" \/>\n<meta property=\"article:modified_time\" content=\"2022-09-19T15:13:44+00:00\" \/>\n<meta property=\"og:image\" content=\"https:\/\/123-esta.com\/wp-content\/uploads\/2022\/07\/visa-usa-tourist.jpg\" \/>\n<meta name=\"twitter:card\" content=\"summary_large_image\" \/>\n<meta name=\"twitter:label1\" content=\"Tempo estimado de leitura\" \/>\n\t<meta name=\"twitter:data1\" content=\"5 minutos\" \/>\n<script type=\"application\/ld+json\" class=\"yoast-schema-graph\">{\"@context\":\"https:\/\/schema.org\",\"@graph\":[{\"@type\":\"WebPage\",\"@id\":\"https:\/\/123-esta.com\/pt-pt\/visto-de-turista-dos-estados-unidos\/\",\"url\":\"https:\/\/123-esta.com\/pt-pt\/visto-de-turista-dos-estados-unidos\/\",\"name\":\"Visto de turismo dos EUA - Visto B2\",\"isPartOf\":{\"@id\":\"https:\/\/123-esta.com\/pt-pt\/#website\"},\"primaryImageOfPage\":{\"@id\":\"https:\/\/123-esta.com\/pt-pt\/visto-de-turista-dos-estados-unidos\/#primaryimage\"},\"image\":{\"@id\":\"https:\/\/123-esta.com\/pt-pt\/visto-de-turista-dos-estados-unidos\/#primaryimage\"},\"thumbnailUrl\":\"https:\/\/123-esta.com\/wp-content\/uploads\/2022\/07\/visa-usa-tourist.jpg\",\"datePublished\":\"2022-07-27T19:33:19+00:00\",\"dateModified\":\"2022-09-19T15:13:44+00:00\",\"description\":\"Como obter um visto de turista para os EUA. Descubra toda a informa\u00e7\u00e3o de que necessita para solicitar um visto com sucesso.\",\"inLanguage\":\"pt-PT\",\"potentialAction\":[{\"@type\":\"ReadAction\",\"target\":[\"https:\/\/123-esta.com\/pt-pt\/visto-de-turista-dos-estados-unidos\/\"]}]},{\"@type\":\"ImageObject\",\"inLanguage\":\"pt-PT\",\"@id\":\"https:\/\/123-esta.com\/pt-pt\/visto-de-turista-dos-estados-unidos\/#primaryimage\",\"url\":\"https:\/\/123-esta.com\/wp-content\/uploads\/2022\/07\/visa-usa-tourist.jpg\",\"contentUrl\":\"https:\/\/123-esta.com\/wp-content\/uploads\/2022\/07\/visa-usa-tourist.jpg\"},{\"@type\":\"WebSite\",\"@id\":\"https:\/\/123-esta.com\/pt-pt\/#website\",\"url\":\"https:\/\/123-esta.com\/pt-pt\/\",\"name\":\"Formulaire ESTA pour les USA\",\"description\":\"\",\"publisher\":{\"@id\":\"https:\/\/123-esta.com\/pt-pt\/#organization\"},\"potentialAction\":[{\"@type\":\"SearchAction\",\"target\":{\"@type\":\"EntryPoint\",\"urlTemplate\":\"https:\/\/123-esta.com\/pt-pt\/?s={search_term_string}\"},\"query-input\":{\"@type\":\"PropertyValueSpecification\",\"valueRequired\":true,\"valueName\":\"search_term_string\"}}],\"inLanguage\":\"pt-PT\"},{\"@type\":\"Organization\",\"@id\":\"https:\/\/123-esta.com\/pt-pt\/#organization\",\"name\":\"Formulaire ESTA pour les USA\",\"url\":\"https:\/\/123-esta.com\/pt-pt\/\",\"logo\":{\"@type\":\"ImageObject\",\"inLanguage\":\"pt-PT\",\"@id\":\"https:\/\/123-esta.com\/pt-pt\/#\/schema\/logo\/image\/\",\"url\":\"https:\/\/123-esta.com\/wp-content\/uploads\/2018\/03\/logo-123-esta.png\",\"contentUrl\":\"https:\/\/123-esta.com\/wp-content\/uploads\/2018\/03\/logo-123-esta.png\",\"width\":191,\"height\":54,\"caption\":\"Formulaire ESTA pour les USA\"},\"image\":{\"@id\":\"https:\/\/123-esta.com\/pt-pt\/#\/schema\/logo\/image\/\"}}]}<\/script>\n<!-- \/ Yoast SEO plugin. -->","yoast_head_json":{"title":"Visto de turismo dos EUA - Visto B2","description":"Como obter um visto de turista para os EUA. Descubra toda a informa\u00e7\u00e3o de que necessita para solicitar um visto com sucesso.","robots":{"index":"index","follow":"follow","max-snippet":"max-snippet:-1","max-image-preview":"max-image-preview:large","max-video-preview":"max-video-preview:-1"},"canonical":"https:\/\/123-esta.com\/pt-pt\/visto-de-turista-dos-estados-unidos\/","og_locale":"pt_PT","og_type":"article","og_title":"Visto de turismo dos EUA - Visto B2","og_description":"Como obter um visto de turista para os EUA. Descubra toda a informa\u00e7\u00e3o de que necessita para solicitar um visto com sucesso.","og_url":"https:\/\/123-esta.com\/pt-pt\/visto-de-turista-dos-estados-unidos\/","og_site_name":"Formulaire ESTA pour les USA","article_modified_time":"2022-09-19T15:13:44+00:00","og_image":[{"url":"https:\/\/123-esta.com\/wp-content\/uploads\/2022\/07\/visa-usa-tourist.jpg","type":"","width":"","height":""}],"twitter_card":"summary_large_image","twitter_misc":{"Tempo estimado de leitura":"5 minutos"},"schema":{"@context":"https:\/\/schema.org","@graph":[{"@type":"WebPage","@id":"https:\/\/123-esta.com\/pt-pt\/visto-de-turista-dos-estados-unidos\/","url":"https:\/\/123-esta.com\/pt-pt\/visto-de-turista-dos-estados-unidos\/","name":"Visto de turismo dos EUA - Visto B2","isPartOf":{"@id":"https:\/\/123-esta.com\/pt-pt\/#website"},"primaryImageOfPage":{"@id":"https:\/\/123-esta.com\/pt-pt\/visto-de-turista-dos-estados-unidos\/#primaryimage"},"image":{"@id":"https:\/\/123-esta.com\/pt-pt\/visto-de-turista-dos-estados-unidos\/#primaryimage"},"thumbnailUrl":"https:\/\/123-esta.com\/wp-content\/uploads\/2022\/07\/visa-usa-tourist.jpg","datePublished":"2022-07-27T19:33:19+00:00","dateModified":"2022-09-19T15:13:44+00:00","description":"Como obter um visto de turista para os EUA. Descubra toda a informa\u00e7\u00e3o de que necessita para solicitar um visto com sucesso.","inLanguage":"pt-PT","potentialAction":[{"@type":"ReadAction","target":["https:\/\/123-esta.com\/pt-pt\/visto-de-turista-dos-estados-unidos\/"]}]},{"@type":"ImageObject","inLanguage":"pt-PT","@id":"https:\/\/123-esta.com\/pt-pt\/visto-de-turista-dos-estados-unidos\/#primaryimage","url":"https:\/\/123-esta.com\/wp-content\/uploads\/2022\/07\/visa-usa-tourist.jpg","contentUrl":"https:\/\/123-esta.com\/wp-content\/uploads\/2022\/07\/visa-usa-tourist.jpg"},{"@type":"WebSite","@id":"https:\/\/123-esta.com\/pt-pt\/#website","url":"https:\/\/123-esta.com\/pt-pt\/","name":"Formulaire ESTA pour les USA","description":"","publisher":{"@id":"https:\/\/123-esta.com\/pt-pt\/#organization"},"potentialAction":[{"@type":"SearchAction","target":{"@type":"EntryPoint","urlTemplate":"https:\/\/123-esta.com\/pt-pt\/?s={search_term_string}"},"query-input":{"@type":"PropertyValueSpecification","valueRequired":true,"valueName":"search_term_string"}}],"inLanguage":"pt-PT"},{"@type":"Organization","@id":"https:\/\/123-esta.com\/pt-pt\/#organization","name":"Formulaire ESTA pour les USA","url":"https:\/\/123-esta.com\/pt-pt\/","logo":{"@type":"ImageObject","inLanguage":"pt-PT","@id":"https:\/\/123-esta.com\/pt-pt\/#\/schema\/logo\/image\/","url":"https:\/\/123-esta.com\/wp-content\/uploads\/2018\/03\/logo-123-esta.png","contentUrl":"https:\/\/123-esta.com\/wp-content\/uploads\/2018\/03\/logo-123-esta.png","width":191,"height":54,"caption":"Formulaire ESTA pour les USA"},"image":{"@id":"https:\/\/123-esta.com\/pt-pt\/#\/schema\/logo\/image\/"}}]}},"_links":{"self":[{"href":"https:\/\/123-esta.com\/pt-pt\/wp-json\/wp\/v2\/pages\/2171","targetHints":{"allow":["GET"]}}],"collection":[{"href":"https:\/\/123-esta.com\/pt-pt\/wp-json\/wp\/v2\/pages"}],"about":[{"href":"https:\/\/123-esta.com\/pt-pt\/wp-json\/wp\/v2\/types\/page"}],"author":[{"embeddable":true,"href":"https:\/\/123-esta.com\/pt-pt\/wp-json\/wp\/v2\/users\/1"}],"replies":[{"embeddable":true,"href":"https:\/\/123-esta.com\/pt-pt\/wp-json\/wp\/v2\/comments?post=2171"}],"version-history":[{"count":0,"href":"https:\/\/123-esta.com\/pt-pt\/wp-json\/wp\/v2\/pages\/2171\/revisions"}],"wp:attachment":[{"href":"https:\/\/123-esta.com\/pt-pt\/wp-json\/wp\/v2\/media?parent=2171"}],"curies":[{"name":"wp","href":"https:\/\/api.w.org\/{rel}","templated":true}]}}