{"id":2169,"date":"2022-07-27T21:33:18","date_gmt":"2022-07-27T19:33:18","guid":{"rendered":"https:\/\/123-esta.com\/necessidade-de-fazer-um-pedido-de-transito-desta\/"},"modified":"2022-08-23T23:12:21","modified_gmt":"2022-08-23T21:12:21","slug":"deve-um-solicitar-uma-esta-para-um-transito","status":"publish","type":"page","link":"https:\/\/123-esta.com\/pt-pt\/deve-um-solicitar-uma-esta-para-um-transito\/","title":{"rendered":"Preciso de solicitar o ESTA para o tr\u00e2nsito?"},"content":{"rendered":"\n<p>Como provavelmente sabe, para viajar para os EUA, todos precisamos de uma autoriza\u00e7\u00e3o de viagem, quer se trate de um visto americano ou de um <a href=\"\/\">ESTA<\/a>. Mas ser\u00e1 necess\u00e1rio solicitar um ESTA USA para um simples tr\u00e2nsito?<\/p>\n\n<p>Primeiro, definiremos o ESTA e o tr\u00e2nsito, e depois veremos <a href=\"https:\/\/123-esta.com\/pt-pt\/porque-aplicar-esta-para-os-eua\/\">se \u00e9 importante ter um ESTA<\/a> para a sua pr\u00f3xima viagem para os EUA em tr\u00e2nsito.<\/p>\n\n<h2 class=\"wp-block-heading\">Defini\u00e7\u00e3o de ESTA e tr\u00e2nsito<\/h2>\n\n<p>Antes de revelar se o ESTA \u00e9 essencial para o seu tr\u00e2nsito futuro, \u00e9 importante fazer um balan\u00e7o dos dois conceitos seguintes: o ESTA e o tr\u00e2nsito.<\/p>\n\n<h3 class=\"wp-block-heading\">Certificado ESTA<\/h3>\n\n<p>O ESTA, ou Sistema Electr\u00f3nico de Autoriza\u00e7\u00e3o de Viagem, \u00e9 uma autoriza\u00e7\u00e3o electr\u00f3nica que permite a certos cidad\u00e3os estrangeiros serem isentos dos requisitos de visto dos EUA. Certas condi\u00e7\u00f5es devem ser plenamente satisfeitas para serem eleg\u00edveis. Os cidad\u00e3os eleg\u00edveis devem ser de um dos pa\u00edses abrangidos pelo Programa de Isen\u00e7\u00e3o de Vistos (40 pa\u00edses a partir de 2022). Devem igualmente possuir um passaporte v\u00e1lido (passaporte electr\u00f3nico ou biom\u00e9trico). Al\u00e9m disso, a finalidade da viagem deve ser para turismo ou neg\u00f3cios e n\u00e3o deve exceder 90 dias. \u00c9 importante lembrar que os viajantes devem utilizar rotas a\u00e9reas ou mar\u00edtimas para viajar para os Estados Unidos com o ESTA.<\/p>\n\n<h3 class=\"wp-block-heading\">Tr\u00e2nsito<\/h3>\n\n<p>O dicion\u00e1rio Larousse define o tr\u00e2nsito como &#8220;a situa\u00e7\u00e3o de um viajante que, durante uma escala a\u00e9rea, permanece dentro do aeroporto&#8221;. Ou, no caso de tr\u00e2nsito mar\u00edtimo, dentro do porto.  <\/p>\n\n<p>Os viajantes param frequentemente num aeroporto ou porto americano antes de partirem para o seu destino final (Canad\u00e1, Cuba, M\u00e9xico, Tail\u00e2ndia, Jamaica, etc.).  <\/p>\n\n<p>Parece \u00f3bvio que n\u00e3o se deve candidatar a um ESTA apenas durante algumas horas num aeroporto nos EUA. No entanto, \u00e9 imposs\u00edvel para o viajante embarcar sem uma autoriza\u00e7\u00e3o de viagem. Mais explica\u00e7\u00f5es no par\u00e1grafo seguinte.<\/p>\n\n<h2 class=\"wp-block-heading\">Porqu\u00ea solicitar um ESTA para o tr\u00e2nsito?<\/h2>\n\n<p>\u00c9 essencial solicitar um ESTA, mesmo para tr\u00e2nsito, uma vez que permanecer no aeroporto ou porto equivale a pisar o solo americano. Por esta raz\u00e3o, o Departamento de Seguran\u00e7a Interna dos EUA exige que os turistas em tr\u00e2nsito tenham um ESTA. Se n\u00e3o tiverem solicitado esta autoriza\u00e7\u00e3o de viagem, n\u00e3o poder\u00e3o embarcar no avi\u00e3o ou embarcar para os Estados Unidos da Am\u00e9rica.<\/p>\n\n<p>A seguran\u00e7a interna \u00e9 mais do que importante nos EUA. O ESTA foi introduzido pelo governo dos EUA para refor\u00e7ar as medidas de seguran\u00e7a atrav\u00e9s de crit\u00e9rios de elegibilidade. De facto, esta aplica\u00e7\u00e3o online permite \u00e0s autoridades dos EUA seleccionar os viajantes com base nas suas informa\u00e7\u00f5es pessoais, motiva\u00e7\u00f5es e inten\u00e7\u00f5es para a sua estadia nos EUA. A autoriza\u00e7\u00e3o ESTA \u00e9, portanto, necess\u00e1ria para uma escala.<\/p>\n\n<h2 class=\"wp-block-heading\">Como obter a aprova\u00e7\u00e3o do ESTA para uma escala?<\/h2>\n\n<p>Os procedimentos para obter uma autoriza\u00e7\u00e3o ESTA para uma escala s\u00e3o os mesmos que para uma estadia tempor\u00e1ria de 90 dias consecutivos nos Estados Unidos da Am\u00e9rica.<\/p>\n\n<p>Gostaria de obter uma autoriza\u00e7\u00e3o electr\u00f3nica de viagem para viajar para os EUA? Tudo o que precisa \u00e9 de um computador com uma boa liga\u00e7\u00e3o \u00e0 Internet, porque tudo \u00e9 feito online. Ao contr\u00e1rio do pedido de visto, que tem lugar na embaixada ou consulado dos EUA, o pedido do ESTA s\u00f3 pode ser feito atrav\u00e9s do <a href=\"https:\/\/123-esta.com\/pt-pt\/como-preencher-o-questionario-esta\/\">preenchimento de um formul\u00e1rio online<\/a>.<\/p>\n\n<p>Este formul\u00e1rio de autoriza\u00e7\u00e3o ESTA est\u00e1 dispon\u00edvel em v\u00e1rias plataformas, tais como :<\/p>\n\n<ul class=\"wp-block-list\"><li>s\u00edtios privados autorizados a candidatarem-se ao ESTA em seu nome;<\/li><li>o website oficial do governo dos EUA, onde pode seleccionar &#8220;transit&#8221; como o tipo de estadia.<\/li><\/ul>\n\n<p>\u00c9 evidente que o formul\u00e1rio ESTA deve ser preenchido correctamente. Preste aten\u00e7\u00e3o \u00e0s informa\u00e7\u00f5es fornecidas, pois se os sistemas detectarem um erro, o seu pedido de autoriza\u00e7\u00e3o poder\u00e1 ser recusado. Se for este o caso, fazer um novo pedido 10 dias ap\u00f3s o primeiro pedido. Se o seu pedido for recusado por qualquer outro motivo que n\u00e3o seja um erro no formul\u00e1rio, dever\u00e1 solicitar um visto na embaixada dos EUA. O visto americano para o tr\u00e2nsito \u00e9 o visto C.<\/p>\n\n<p>A validade do ESTA depende da data de validade do passaporte, mas n\u00e3o pode exceder 2 anos. A emiss\u00e3o de bilhetes de &#8216;tr\u00e2nsito&#8217; na sua candidatura n\u00e3o deve limitar-se a este tipo de viagem. No entanto, em caso de d\u00favida, ainda se pode candidatar a um ESTA para uma estadia. Al\u00e9m disso, o ESTA permite m\u00faltiplas entradas nos EUA, pelo que n\u00e3o ter\u00e1 de renovar esta formalidade se viajar para os EUA durante os dois anos de validade do ESTA.  <\/p>\n\n<p>Para viagens futuras, tenha em conta que se o passaporte utilizado no pedido de isen\u00e7\u00e3o de visto j\u00e1 n\u00e3o for o mesmo, a sua autoriza\u00e7\u00e3o de resid\u00eancia j\u00e1 n\u00e3o \u00e9 v\u00e1lida, uma vez que est\u00e1 ligada electronicamente ao n\u00famero do passaporte. Um novo passaporte \u00e9 o mesmo que um novo pedido.<\/p>\n\n<h2 class=\"wp-block-heading\">Formalidades de entrada com um ESTA em tr\u00e2nsito  <\/h2>\n\n<p>Ter um ESTA ou um visto v\u00e1lido n\u00e3o garante a sua entrada nos Estados Unidos. \u00c0 chegada, ser\u00e1 controlado por um agente de imigra\u00e7\u00e3o. Este \u00faltimo tentar\u00e1 assegurar-se de que cumpre em todos os aspectos as condi\u00e7\u00f5es de entrada nos EUA, mesmo durante algumas horas de tr\u00e2nsito em solo americano. Em caso de d\u00favida, o oficial federal pode ordenar o repatriamento para o seu pa\u00eds de origem.  <br\/><\/p>\n","protected":false},"excerpt":{"rendered":"<p>Como provavelmente sabe, para viajar para os EUA, todos precisamos de uma autoriza\u00e7\u00e3o de viagem, quer se trate de um visto americano ou de um ESTA. Mas ser\u00e1 necess\u00e1rio solicitar um ESTA USA para um simples tr\u00e2nsito? Primeiro, definiremos o ESTA e o tr\u00e2nsito, e depois veremos se \u00e9 importante ter um ESTA para a [&hellip;]<\/p>\n","protected":false},"author":1,"featured_media":0,"parent":0,"menu_order":0,"comment_status":"closed","ping_status":"closed","template":"","meta":{"site-sidebar-layout":"default","site-content-layout":"default","ast-site-content-layout":"default","site-content-style":"default","site-sidebar-style":"default","ast-global-header-display":"","ast-banner-title-visibility":"","ast-main-header-display":"","ast-hfb-above-header-display":"","ast-hfb-below-header-display":"","ast-hfb-mobile-header-display":"","site-post-title":"","ast-breadcrumbs-content":"","ast-featured-img":"","footer-sml-layout":"","ast-disable-related-posts":"","theme-transparent-header-meta":"default","adv-header-id-meta":"","stick-header-meta":"default","header-above-stick-meta":"","header-main-stick-meta":"","header-below-stick-meta":"","astra-migrate-meta-layouts":"default","ast-page-background-enabled":"default","ast-page-background-meta":{"desktop":{"background-color":"","background-image":"","background-repeat":"repeat","background-position":"center center","background-size":"auto","background-attachment":"scroll","background-type":"","background-media":"","overlay-type":"","overlay-color":"","overlay-opacity":"","overlay-gradient":""},"tablet":{"background-color":"","background-image":"","background-repeat":"repeat","background-position":"center center","background-size":"auto","background-attachment":"scroll","background-type":"","background-media":"","overlay-type":"","overlay-color":"","overlay-opacity":"","overlay-gradient":""},"mobile":{"background-color":"","background-image":"","background-repeat":"repeat","background-position":"center center","background-size":"auto","background-attachment":"scroll","background-type":"","background-media":"","overlay-type":"","overlay-color":"","overlay-opacity":"","overlay-gradient":""}},"ast-content-background-meta":{"desktop":{"background-color":"var(--ast-global-color-5)","background-image":"","background-repeat":"repeat","background-position":"center center","background-size":"auto","background-attachment":"scroll","background-type":"","background-media":"","overlay-type":"","overlay-color":"","overlay-opacity":"","overlay-gradient":""},"tablet":{"background-color":"var(--ast-global-color-5)","background-image":"","background-repeat":"repeat","background-position":"center center","background-size":"auto","background-attachment":"scroll","background-type":"","background-media":"","overlay-type":"","overlay-color":"","overlay-opacity":"","overlay-gradient":""},"mobile":{"background-color":"var(--ast-global-color-5)","background-image":"","background-repeat":"repeat","background-position":"center center","background-size":"auto","background-attachment":"scroll","background-type":"","background-media":"","overlay-type":"","overlay-color":"","overlay-opacity":"","overlay-gradient":""}},"footnotes":""},"class_list":["post-2169","page","type-page","status-publish","hentry"],"yoast_head":"<!-- This site is optimized with the Yoast SEO plugin v27.1.1 - https:\/\/yoast.com\/product\/yoast-seo-wordpress\/ -->\n<title>\u00c9 obrigat\u00f3rio solicitar um ESTA para o tr\u00e2nsito?<\/title>\n<meta name=\"description\" content=\"Est\u00e1 a planear transitar pelos Estados Unidos e pergunta-se se precisa de se candidatar a um ESTA\" \/>\n<meta name=\"robots\" content=\"index, follow, max-snippet:-1, max-image-preview:large, max-video-preview:-1\" \/>\n<link rel=\"canonical\" href=\"https:\/\/123-esta.com\/pt-pt\/deve-um-solicitar-uma-esta-para-um-transito\/\" \/>\n<meta property=\"og:locale\" content=\"pt_PT\" \/>\n<meta property=\"og:type\" content=\"article\" \/>\n<meta property=\"og:title\" content=\"\u00c9 obrigat\u00f3rio solicitar um ESTA para o tr\u00e2nsito?\" \/>\n<meta property=\"og:description\" content=\"Est\u00e1 a planear transitar pelos Estados Unidos e pergunta-se se precisa de se candidatar a um ESTA\" \/>\n<meta property=\"og:url\" content=\"https:\/\/123-esta.com\/pt-pt\/deve-um-solicitar-uma-esta-para-um-transito\/\" \/>\n<meta property=\"og:site_name\" content=\"Formulaire ESTA pour les USA\" \/>\n<meta property=\"article:modified_time\" content=\"2022-08-23T21:12:21+00:00\" \/>\n<meta name=\"twitter:card\" content=\"summary_large_image\" \/>\n<meta name=\"twitter:label1\" content=\"Tempo estimado de leitura\" \/>\n\t<meta name=\"twitter:data1\" content=\"5 minutos\" \/>\n<script type=\"application\/ld+json\" class=\"yoast-schema-graph\">{\"@context\":\"https:\/\/schema.org\",\"@graph\":[{\"@type\":\"WebPage\",\"@id\":\"https:\/\/123-esta.com\/pt-pt\/deve-um-solicitar-uma-esta-para-um-transito\/\",\"url\":\"https:\/\/123-esta.com\/pt-pt\/deve-um-solicitar-uma-esta-para-um-transito\/\",\"name\":\"\u00c9 obrigat\u00f3rio solicitar um ESTA para o tr\u00e2nsito?\",\"isPartOf\":{\"@id\":\"https:\/\/123-esta.com\/pt-pt\/#website\"},\"datePublished\":\"2022-07-27T19:33:18+00:00\",\"dateModified\":\"2022-08-23T21:12:21+00:00\",\"description\":\"Est\u00e1 a planear transitar pelos Estados Unidos e pergunta-se se precisa de se candidatar a um ESTA\",\"inLanguage\":\"pt-PT\",\"potentialAction\":[{\"@type\":\"ReadAction\",\"target\":[\"https:\/\/123-esta.com\/pt-pt\/deve-um-solicitar-uma-esta-para-um-transito\/\"]}]},{\"@type\":\"WebSite\",\"@id\":\"https:\/\/123-esta.com\/pt-pt\/#website\",\"url\":\"https:\/\/123-esta.com\/pt-pt\/\",\"name\":\"Formulaire ESTA pour les USA\",\"description\":\"\",\"publisher\":{\"@id\":\"https:\/\/123-esta.com\/pt-pt\/#organization\"},\"potentialAction\":[{\"@type\":\"SearchAction\",\"target\":{\"@type\":\"EntryPoint\",\"urlTemplate\":\"https:\/\/123-esta.com\/pt-pt\/?s={search_term_string}\"},\"query-input\":{\"@type\":\"PropertyValueSpecification\",\"valueRequired\":true,\"valueName\":\"search_term_string\"}}],\"inLanguage\":\"pt-PT\"},{\"@type\":\"Organization\",\"@id\":\"https:\/\/123-esta.com\/pt-pt\/#organization\",\"name\":\"Formulaire ESTA pour les USA\",\"url\":\"https:\/\/123-esta.com\/pt-pt\/\",\"logo\":{\"@type\":\"ImageObject\",\"inLanguage\":\"pt-PT\",\"@id\":\"https:\/\/123-esta.com\/pt-pt\/#\/schema\/logo\/image\/\",\"url\":\"https:\/\/123-esta.com\/wp-content\/uploads\/2018\/03\/logo-123-esta.png\",\"contentUrl\":\"https:\/\/123-esta.com\/wp-content\/uploads\/2018\/03\/logo-123-esta.png\",\"width\":191,\"height\":54,\"caption\":\"Formulaire ESTA pour les USA\"},\"image\":{\"@id\":\"https:\/\/123-esta.com\/pt-pt\/#\/schema\/logo\/image\/\"}}]}<\/script>\n<!-- \/ Yoast SEO plugin. -->","yoast_head_json":{"title":"\u00c9 obrigat\u00f3rio solicitar um ESTA para o tr\u00e2nsito?","description":"Est\u00e1 a planear transitar pelos Estados Unidos e pergunta-se se precisa de se candidatar a um ESTA","robots":{"index":"index","follow":"follow","max-snippet":"max-snippet:-1","max-image-preview":"max-image-preview:large","max-video-preview":"max-video-preview:-1"},"canonical":"https:\/\/123-esta.com\/pt-pt\/deve-um-solicitar-uma-esta-para-um-transito\/","og_locale":"pt_PT","og_type":"article","og_title":"\u00c9 obrigat\u00f3rio solicitar um ESTA para o tr\u00e2nsito?","og_description":"Est\u00e1 a planear transitar pelos Estados Unidos e pergunta-se se precisa de se candidatar a um ESTA","og_url":"https:\/\/123-esta.com\/pt-pt\/deve-um-solicitar-uma-esta-para-um-transito\/","og_site_name":"Formulaire ESTA pour les USA","article_modified_time":"2022-08-23T21:12:21+00:00","twitter_card":"summary_large_image","twitter_misc":{"Tempo estimado de leitura":"5 minutos"},"schema":{"@context":"https:\/\/schema.org","@graph":[{"@type":"WebPage","@id":"https:\/\/123-esta.com\/pt-pt\/deve-um-solicitar-uma-esta-para-um-transito\/","url":"https:\/\/123-esta.com\/pt-pt\/deve-um-solicitar-uma-esta-para-um-transito\/","name":"\u00c9 obrigat\u00f3rio solicitar um ESTA para o tr\u00e2nsito?","isPartOf":{"@id":"https:\/\/123-esta.com\/pt-pt\/#website"},"datePublished":"2022-07-27T19:33:18+00:00","dateModified":"2022-08-23T21:12:21+00:00","description":"Est\u00e1 a planear transitar pelos Estados Unidos e pergunta-se se precisa de se candidatar a um ESTA","inLanguage":"pt-PT","potentialAction":[{"@type":"ReadAction","target":["https:\/\/123-esta.com\/pt-pt\/deve-um-solicitar-uma-esta-para-um-transito\/"]}]},{"@type":"WebSite","@id":"https:\/\/123-esta.com\/pt-pt\/#website","url":"https:\/\/123-esta.com\/pt-pt\/","name":"Formulaire ESTA pour les USA","description":"","publisher":{"@id":"https:\/\/123-esta.com\/pt-pt\/#organization"},"potentialAction":[{"@type":"SearchAction","target":{"@type":"EntryPoint","urlTemplate":"https:\/\/123-esta.com\/pt-pt\/?s={search_term_string}"},"query-input":{"@type":"PropertyValueSpecification","valueRequired":true,"valueName":"search_term_string"}}],"inLanguage":"pt-PT"},{"@type":"Organization","@id":"https:\/\/123-esta.com\/pt-pt\/#organization","name":"Formulaire ESTA pour les USA","url":"https:\/\/123-esta.com\/pt-pt\/","logo":{"@type":"ImageObject","inLanguage":"pt-PT","@id":"https:\/\/123-esta.com\/pt-pt\/#\/schema\/logo\/image\/","url":"https:\/\/123-esta.com\/wp-content\/uploads\/2018\/03\/logo-123-esta.png","contentUrl":"https:\/\/123-esta.com\/wp-content\/uploads\/2018\/03\/logo-123-esta.png","width":191,"height":54,"caption":"Formulaire ESTA pour les USA"},"image":{"@id":"https:\/\/123-esta.com\/pt-pt\/#\/schema\/logo\/image\/"}}]}},"_links":{"self":[{"href":"https:\/\/123-esta.com\/pt-pt\/wp-json\/wp\/v2\/pages\/2169","targetHints":{"allow":["GET"]}}],"collection":[{"href":"https:\/\/123-esta.com\/pt-pt\/wp-json\/wp\/v2\/pages"}],"about":[{"href":"https:\/\/123-esta.com\/pt-pt\/wp-json\/wp\/v2\/types\/page"}],"author":[{"embeddable":true,"href":"https:\/\/123-esta.com\/pt-pt\/wp-json\/wp\/v2\/users\/1"}],"replies":[{"embeddable":true,"href":"https:\/\/123-esta.com\/pt-pt\/wp-json\/wp\/v2\/comments?post=2169"}],"version-history":[{"count":0,"href":"https:\/\/123-esta.com\/pt-pt\/wp-json\/wp\/v2\/pages\/2169\/revisions"}],"wp:attachment":[{"href":"https:\/\/123-esta.com\/pt-pt\/wp-json\/wp\/v2\/media?parent=2169"}],"curies":[{"name":"wp","href":"https:\/\/api.w.org\/{rel}","templated":true}]}}