{"id":2162,"date":"2022-07-27T21:33:16","date_gmt":"2022-07-27T19:33:16","guid":{"rendered":"https:\/\/123-esta.com\/all-knowledge-about-application-for-desta-on-line-to-move-to-usa\/"},"modified":"2022-09-16T11:08:37","modified_gmt":"2022-09-16T09:08:37","slug":"tudo-sobre-a-aplicacao-esta","status":"publish","type":"page","link":"https:\/\/123-esta.com\/pt-pt\/tudo-sobre-a-aplicacao-esta\/","title":{"rendered":"Tudo o que precisa de saber sobre como candidatar-se ao ESTA online"},"content":{"rendered":"\n<p>Est\u00e1 prestes a viajar para os Estados Unidos e sabe que precisa de uma <a href=\"https:\/\/123-esta.com\/pt-pt\/\">autoriza\u00e7\u00e3o ESTA<\/a>. Mas talvez n\u00e3o saiba onde procurar ou que informa\u00e7\u00e3o precisa de fornecer para a sua candidatura ESTA online? Se for este o caso, encontrar\u00e1 neste artigo tudo o que precisa de saber sobre a aplica\u00e7\u00e3o em linha do ESTA.  <\/p>\n\n<h2 class=\"wp-block-heading\">ESTA online: para quem?<\/h2>\n\n<p>Antes de mais, tem a certeza de que precisa de solicitar um ESTA online antes da sua viagem aos EUA? Lembre-se que o ESTA est\u00e1 reservado aos nacionais de pa\u00edses abrangidos pelo Programa de <a href=\"https:\/\/123-esta.com\/pt-pt\/lista-de-paises-visa-waiver-program\/\">Isen\u00e7\u00e3o de Vistos (VWP)<\/a> criado pelo governo americano. Os nacionais dos 40 pa\u00edses membros est\u00e3o, portanto, isentos de requerer um visto americano e n\u00e3o precisam de se dirigir \u00e0 embaixada dos EUA para requerer um <a href=\"https:\/\/123-esta.com\/pt-pt\/visto-de-turista-dos-estados-unidos\/\">visto de turista americano<\/a>.  <\/p>\n\n<p>Deve-se tamb\u00e9m notar que o ESTA online s\u00f3 est\u00e1 dispon\u00edvel se viajar para os EUA para turismo ou neg\u00f3cios at\u00e9 90 dias. Esta autoriza\u00e7\u00e3o s\u00f3 \u00e9 necess\u00e1ria se estiver a entrar nos Estados Unidos por via a\u00e9rea ou mar\u00edtima.  <\/p>\n\n<p>Um ESTA online tamb\u00e9m \u00e9 necess\u00e1rio para o tr\u00e2nsito atrav\u00e9s dos Estados Unidos da Am\u00e9rica at\u00e9 ao seu destino final. Se ainda tiver a certeza de que precisa de se candidatar a um ESTA online, vejamos as diferentes formas de o fazer.  <\/p>\n\n<h2 class=\"wp-block-heading\">Onde e como candidatar-se a um ESTA online?  <\/h2>\n\n<p>H\u00e1 v\u00e1rias maneiras de se candidatar a um ESTA online. O primeiro \u00e9 ir ao website oficial do governo, o segundo \u00e9 utilizar os servi\u00e7os de um website especializado como o nosso parceiro, que realizar\u00e1 o procedimento por si.  <\/p>\n\n<p>Em ambos os casos, deve preencher um formul\u00e1rio online (o formul\u00e1rio ESTA \u00e9 simplificado se passar por um s\u00edtio privado), com o seu passaporte.  <\/p>\n\n<h3 class=\"wp-block-heading\">Ter um passaporte v\u00e1lido<\/h3>\n\n<p>Lembre-se de que deve ter um passaporte v\u00e1lido para se candidatar. Para as autoridades dos EUA, isto significa que deve ser um passaporte electr\u00f3nico ou biom\u00e9trico, equipado com o chip electr\u00f3nico capaz de armazenar as suas informa\u00e7\u00f5es de identifica\u00e7\u00e3o pessoal (impress\u00f5es digitais, scanner de retina, etc.). O ESTA est\u00e1 ligado ao seu n\u00famero de passaporte, e sem um documento que cumpra as medidas de seguran\u00e7a exigidas pelo governo dos EUA, n\u00e3o ser\u00e1 simplesmente poss\u00edvel uma candidatura online ao ESTA.  <\/p>\n\n<p>O formul\u00e1rio ESTA est\u00e1 dividido em tr\u00eas partes, cada uma delas centrada em dados espec\u00edficos.<\/p>\n\n<h3 class=\"wp-block-heading\">As duas primeiras partes do formul\u00e1rio ESTA<\/h3>\n\n<p>A primeira parte centra-se na sua informa\u00e7\u00e3o pessoal. \u00c9-lhe pedido que forne\u00e7a o seu nome, apelido, nome de solteira, data e local de nascimento, endere\u00e7o postal, endere\u00e7o electr\u00f3nico, n\u00famero de telefone, n\u00famero de passaporte, etc. Tamb\u00e9m devem ser fornecidas informa\u00e7\u00f5es sobre a sua actividade profissional, tais como os dados de contacto do seu empregador.<\/p>\n\n<p>A segunda parte diz respeito \u00e0 sua viagem aos pr\u00f3prios Estados Unidos. Em particular, \u00e9-lhe pedido que forne\u00e7a os dados de contacto para os EUA e o endere\u00e7o do local onde ir\u00e1 ficar durante a sua estadia nos EUA. Se n\u00e3o tiver um contacto ou se ainda n\u00e3o tiver esta informa\u00e7\u00e3o, pode responder &#8220;desconhecido&#8221;.<\/p>\n\n<h3 class=\"wp-block-heading\">\u00daltima parte do formul\u00e1rio ESTA  <\/h3>\n\n<p>A terceira e \u00faltima parte centra-se na poss\u00edvel amea\u00e7a que representa para a seguran\u00e7a interna dos EUA, fazendo-lhe uma s\u00e9rie de perguntas fechadas (onde as \u00fanicas respostas poss\u00edveis s\u00e3o sim ou n\u00e3o).<\/p>\n\n<p>As quest\u00f5es giram em torno do seu historial criminal e m\u00e9dico, se lhe foi recusado um visto no passado ou se tenciona cometer actos terroristas uma vez nos EUA. Responda \u00e0s perguntas da forma mais honesta poss\u00edvel, mas esteja ciente de que uma resposta afirmativa neste question\u00e1rio compromete fortemente as suas hip\u00f3teses de obter o seu ESTA.  <\/p>\n\n<p>Se viajar com crian\u00e7as, tem a op\u00e7\u00e3o de se candidatar como um grupo para todos os membros da fam\u00edlia. Se n\u00e3o for capaz de preencher pessoalmente o formul\u00e1rio, um terceiro pode faz\u00ea-lo. Informamos que \u00e9 o \u00fanico respons\u00e1vel pelas informa\u00e7\u00f5es fornecidas em seu nome.  <\/p>\n\n<h3 class=\"wp-block-heading\">Uma vez preenchido o formul\u00e1rio<\/h3>\n\n<p>Uma vez preenchido o formul\u00e1rio, tudo o que tem de fazer \u00e9 pagar a taxa de candidatura. A taxa \u00e9 de $21 no website do governo. O<a href=\"https:\/\/123-esta.com\/pt-pt\/precos-e-pagamentos-esta\/\"> custo do ESTA<\/a> num s\u00edtio privado pode variar em fun\u00e7\u00e3o do n\u00edvel de assist\u00eancia e apoio escolhido.<\/p>\n\n<p>Uma vez efectuado o pagamento, basta aguardar uma resposta dos agentes respons\u00e1veis pela verifica\u00e7\u00e3o dos pedidos. Se tiver utilizado um prestador de servi\u00e7os privado como o nosso parceiro, ser\u00e1 informado em tempo real sobre o andamento do seu pedido. Pelo contr\u00e1rio, se se candidatou ao ESTA online no s\u00edtio web do governo, cabe-lhe a si verificar regularmente o estado da sua candidatura ao ESTA.  <\/p>\n","protected":false},"excerpt":{"rendered":"<p>Est\u00e1 prestes a viajar para os Estados Unidos e sabe que precisa de uma autoriza\u00e7\u00e3o ESTA. Mas talvez n\u00e3o saiba onde procurar ou que informa\u00e7\u00e3o precisa de fornecer para a sua candidatura ESTA online? Se for este o caso, encontrar\u00e1 neste artigo tudo o que precisa de saber sobre a aplica\u00e7\u00e3o em linha do ESTA. [&hellip;]<\/p>\n","protected":false},"author":1,"featured_media":0,"parent":0,"menu_order":0,"comment_status":"closed","ping_status":"closed","template":"","meta":{"site-sidebar-layout":"default","site-content-layout":"default","ast-site-content-layout":"default","site-content-style":"default","site-sidebar-style":"default","ast-global-header-display":"","ast-banner-title-visibility":"","ast-main-header-display":"","ast-hfb-above-header-display":"","ast-hfb-below-header-display":"","ast-hfb-mobile-header-display":"","site-post-title":"","ast-breadcrumbs-content":"","ast-featured-img":"","footer-sml-layout":"","ast-disable-related-posts":"","theme-transparent-header-meta":"default","adv-header-id-meta":"","stick-header-meta":"default","header-above-stick-meta":"","header-main-stick-meta":"","header-below-stick-meta":"","astra-migrate-meta-layouts":"default","ast-page-background-enabled":"default","ast-page-background-meta":{"desktop":{"background-color":"","background-image":"","background-repeat":"repeat","background-position":"center center","background-size":"auto","background-attachment":"scroll","background-type":"","background-media":"","overlay-type":"","overlay-color":"","overlay-opacity":"","overlay-gradient":""},"tablet":{"background-color":"","background-image":"","background-repeat":"repeat","background-position":"center center","background-size":"auto","background-attachment":"scroll","background-type":"","background-media":"","overlay-type":"","overlay-color":"","overlay-opacity":"","overlay-gradient":""},"mobile":{"background-color":"","background-image":"","background-repeat":"repeat","background-position":"center center","background-size":"auto","background-attachment":"scroll","background-type":"","background-media":"","overlay-type":"","overlay-color":"","overlay-opacity":"","overlay-gradient":""}},"ast-content-background-meta":{"desktop":{"background-color":"var(--ast-global-color-5)","background-image":"","background-repeat":"repeat","background-position":"center center","background-size":"auto","background-attachment":"scroll","background-type":"","background-media":"","overlay-type":"","overlay-color":"","overlay-opacity":"","overlay-gradient":""},"tablet":{"background-color":"var(--ast-global-color-5)","background-image":"","background-repeat":"repeat","background-position":"center center","background-size":"auto","background-attachment":"scroll","background-type":"","background-media":"","overlay-type":"","overlay-color":"","overlay-opacity":"","overlay-gradient":""},"mobile":{"background-color":"var(--ast-global-color-5)","background-image":"","background-repeat":"repeat","background-position":"center center","background-size":"auto","background-attachment":"scroll","background-type":"","background-media":"","overlay-type":"","overlay-color":"","overlay-opacity":"","overlay-gradient":""}},"footnotes":""},"class_list":["post-2162","page","type-page","status-publish","hentry"],"yoast_head":"<!-- This site is optimized with the Yoast SEO plugin v27.1.1 - https:\/\/yoast.com\/product\/yoast-seo-wordpress\/ -->\n<title>Tudo o que precisa de saber sobre a aplica\u00e7\u00e3o ESTA online para os EUA<\/title>\n<meta name=\"description\" content=\"Quer saber como e onde se candidatar a um ESTA online? Ir para os EUA sem preocupa\u00e7\u00f5es com todas as nossas explica\u00e7\u00f5es neste artigo.\" \/>\n<meta name=\"robots\" content=\"index, follow, max-snippet:-1, max-image-preview:large, max-video-preview:-1\" \/>\n<link rel=\"canonical\" href=\"https:\/\/123-esta.com\/pt-pt\/tudo-sobre-a-aplicacao-esta\/\" \/>\n<meta property=\"og:locale\" content=\"pt_PT\" \/>\n<meta property=\"og:type\" content=\"article\" \/>\n<meta property=\"og:title\" content=\"Tudo o que precisa de saber sobre a aplica\u00e7\u00e3o ESTA online para os EUA\" \/>\n<meta property=\"og:description\" content=\"Quer saber como e onde se candidatar a um ESTA online? Ir para os EUA sem preocupa\u00e7\u00f5es com todas as nossas explica\u00e7\u00f5es neste artigo.\" \/>\n<meta property=\"og:url\" content=\"https:\/\/123-esta.com\/pt-pt\/tudo-sobre-a-aplicacao-esta\/\" \/>\n<meta property=\"og:site_name\" content=\"Formulaire ESTA pour les USA\" \/>\n<meta property=\"article:modified_time\" content=\"2022-09-16T09:08:37+00:00\" \/>\n<meta name=\"twitter:card\" content=\"summary_large_image\" \/>\n<meta name=\"twitter:label1\" content=\"Tempo estimado de leitura\" \/>\n\t<meta name=\"twitter:data1\" content=\"4 minutos\" \/>\n<script type=\"application\/ld+json\" class=\"yoast-schema-graph\">{\"@context\":\"https:\/\/schema.org\",\"@graph\":[{\"@type\":\"WebPage\",\"@id\":\"https:\/\/123-esta.com\/pt-pt\/tudo-sobre-a-aplicacao-esta\/\",\"url\":\"https:\/\/123-esta.com\/pt-pt\/tudo-sobre-a-aplicacao-esta\/\",\"name\":\"Tudo o que precisa de saber sobre a aplica\u00e7\u00e3o ESTA online para os EUA\",\"isPartOf\":{\"@id\":\"https:\/\/123-esta.com\/pt-pt\/#website\"},\"datePublished\":\"2022-07-27T19:33:16+00:00\",\"dateModified\":\"2022-09-16T09:08:37+00:00\",\"description\":\"Quer saber como e onde se candidatar a um ESTA online? Ir para os EUA sem preocupa\u00e7\u00f5es com todas as nossas explica\u00e7\u00f5es neste artigo.\",\"inLanguage\":\"pt-PT\",\"potentialAction\":[{\"@type\":\"ReadAction\",\"target\":[\"https:\/\/123-esta.com\/pt-pt\/tudo-sobre-a-aplicacao-esta\/\"]}]},{\"@type\":\"WebSite\",\"@id\":\"https:\/\/123-esta.com\/pt-pt\/#website\",\"url\":\"https:\/\/123-esta.com\/pt-pt\/\",\"name\":\"Formulaire ESTA pour les USA\",\"description\":\"\",\"publisher\":{\"@id\":\"https:\/\/123-esta.com\/pt-pt\/#organization\"},\"potentialAction\":[{\"@type\":\"SearchAction\",\"target\":{\"@type\":\"EntryPoint\",\"urlTemplate\":\"https:\/\/123-esta.com\/pt-pt\/?s={search_term_string}\"},\"query-input\":{\"@type\":\"PropertyValueSpecification\",\"valueRequired\":true,\"valueName\":\"search_term_string\"}}],\"inLanguage\":\"pt-PT\"},{\"@type\":\"Organization\",\"@id\":\"https:\/\/123-esta.com\/pt-pt\/#organization\",\"name\":\"Formulaire ESTA pour les USA\",\"url\":\"https:\/\/123-esta.com\/pt-pt\/\",\"logo\":{\"@type\":\"ImageObject\",\"inLanguage\":\"pt-PT\",\"@id\":\"https:\/\/123-esta.com\/pt-pt\/#\/schema\/logo\/image\/\",\"url\":\"https:\/\/123-esta.com\/wp-content\/uploads\/2018\/03\/logo-123-esta.png\",\"contentUrl\":\"https:\/\/123-esta.com\/wp-content\/uploads\/2018\/03\/logo-123-esta.png\",\"width\":191,\"height\":54,\"caption\":\"Formulaire ESTA pour les USA\"},\"image\":{\"@id\":\"https:\/\/123-esta.com\/pt-pt\/#\/schema\/logo\/image\/\"}}]}<\/script>\n<!-- \/ Yoast SEO plugin. -->","yoast_head_json":{"title":"Tudo o que precisa de saber sobre a aplica\u00e7\u00e3o ESTA online para os EUA","description":"Quer saber como e onde se candidatar a um ESTA online? Ir para os EUA sem preocupa\u00e7\u00f5es com todas as nossas explica\u00e7\u00f5es neste artigo.","robots":{"index":"index","follow":"follow","max-snippet":"max-snippet:-1","max-image-preview":"max-image-preview:large","max-video-preview":"max-video-preview:-1"},"canonical":"https:\/\/123-esta.com\/pt-pt\/tudo-sobre-a-aplicacao-esta\/","og_locale":"pt_PT","og_type":"article","og_title":"Tudo o que precisa de saber sobre a aplica\u00e7\u00e3o ESTA online para os EUA","og_description":"Quer saber como e onde se candidatar a um ESTA online? Ir para os EUA sem preocupa\u00e7\u00f5es com todas as nossas explica\u00e7\u00f5es neste artigo.","og_url":"https:\/\/123-esta.com\/pt-pt\/tudo-sobre-a-aplicacao-esta\/","og_site_name":"Formulaire ESTA pour les USA","article_modified_time":"2022-09-16T09:08:37+00:00","twitter_card":"summary_large_image","twitter_misc":{"Tempo estimado de leitura":"4 minutos"},"schema":{"@context":"https:\/\/schema.org","@graph":[{"@type":"WebPage","@id":"https:\/\/123-esta.com\/pt-pt\/tudo-sobre-a-aplicacao-esta\/","url":"https:\/\/123-esta.com\/pt-pt\/tudo-sobre-a-aplicacao-esta\/","name":"Tudo o que precisa de saber sobre a aplica\u00e7\u00e3o ESTA online para os EUA","isPartOf":{"@id":"https:\/\/123-esta.com\/pt-pt\/#website"},"datePublished":"2022-07-27T19:33:16+00:00","dateModified":"2022-09-16T09:08:37+00:00","description":"Quer saber como e onde se candidatar a um ESTA online? Ir para os EUA sem preocupa\u00e7\u00f5es com todas as nossas explica\u00e7\u00f5es neste artigo.","inLanguage":"pt-PT","potentialAction":[{"@type":"ReadAction","target":["https:\/\/123-esta.com\/pt-pt\/tudo-sobre-a-aplicacao-esta\/"]}]},{"@type":"WebSite","@id":"https:\/\/123-esta.com\/pt-pt\/#website","url":"https:\/\/123-esta.com\/pt-pt\/","name":"Formulaire ESTA pour les USA","description":"","publisher":{"@id":"https:\/\/123-esta.com\/pt-pt\/#organization"},"potentialAction":[{"@type":"SearchAction","target":{"@type":"EntryPoint","urlTemplate":"https:\/\/123-esta.com\/pt-pt\/?s={search_term_string}"},"query-input":{"@type":"PropertyValueSpecification","valueRequired":true,"valueName":"search_term_string"}}],"inLanguage":"pt-PT"},{"@type":"Organization","@id":"https:\/\/123-esta.com\/pt-pt\/#organization","name":"Formulaire ESTA pour les USA","url":"https:\/\/123-esta.com\/pt-pt\/","logo":{"@type":"ImageObject","inLanguage":"pt-PT","@id":"https:\/\/123-esta.com\/pt-pt\/#\/schema\/logo\/image\/","url":"https:\/\/123-esta.com\/wp-content\/uploads\/2018\/03\/logo-123-esta.png","contentUrl":"https:\/\/123-esta.com\/wp-content\/uploads\/2018\/03\/logo-123-esta.png","width":191,"height":54,"caption":"Formulaire ESTA pour les USA"},"image":{"@id":"https:\/\/123-esta.com\/pt-pt\/#\/schema\/logo\/image\/"}}]}},"_links":{"self":[{"href":"https:\/\/123-esta.com\/pt-pt\/wp-json\/wp\/v2\/pages\/2162","targetHints":{"allow":["GET"]}}],"collection":[{"href":"https:\/\/123-esta.com\/pt-pt\/wp-json\/wp\/v2\/pages"}],"about":[{"href":"https:\/\/123-esta.com\/pt-pt\/wp-json\/wp\/v2\/types\/page"}],"author":[{"embeddable":true,"href":"https:\/\/123-esta.com\/pt-pt\/wp-json\/wp\/v2\/users\/1"}],"replies":[{"embeddable":true,"href":"https:\/\/123-esta.com\/pt-pt\/wp-json\/wp\/v2\/comments?post=2162"}],"version-history":[{"count":0,"href":"https:\/\/123-esta.com\/pt-pt\/wp-json\/wp\/v2\/pages\/2162\/revisions"}],"wp:attachment":[{"href":"https:\/\/123-esta.com\/pt-pt\/wp-json\/wp\/v2\/media?parent=2162"}],"curies":[{"name":"wp","href":"https:\/\/api.w.org\/{rel}","templated":true}]}}