{"id":2155,"date":"2022-07-27T21:32:43","date_gmt":"2022-07-27T19:32:43","guid":{"rendered":"https:\/\/123-esta.com\/language-stay-with-esta\/"},"modified":"2022-08-23T23:25:44","modified_gmt":"2022-08-23T21:25:44","slug":"idioma-estadia-com-esta","status":"publish","type":"page","link":"https:\/\/123-esta.com\/pt-pt\/idioma-estadia-com-esta\/","title":{"rendered":"A autoriza\u00e7\u00e3o ESTA pode ser utilizada para uma estadia lingu\u00edstica?"},"content":{"rendered":"\n<p>No caso de estudos lingu\u00edsticos, pode aprender ingl\u00eas com a consci\u00eancia tranquila gra\u00e7as \u00e0 sua autoriza\u00e7\u00e3o ESTA, o que lhe poupar\u00e1 a papelada necess\u00e1ria para solicitar um visto.<\/p>\n\n<p>Se quiser melhorar o seu ingl\u00eas, <a href=\"https:\/\/123-esta.com\/pt-pt\/dicas-para-viajar-para-os-eua\/\">ir para os EUA \u00e9 uma excelente ideia e n\u00f3s recomendamos vivamente<\/a>. De facto, reconhece-se que o ingl\u00eas americano \u00e9 muito mais f\u00e1cil do que o dos cidad\u00e3os ingleses, que muitas vezes t\u00eam um sotaque dif\u00edcil de compreender.<\/p>\n\n<p>Uma vez nos EUA, pode fazer cursos de ingl\u00eas de menos de 18 horas por semana, por exemplo. No entanto, \u00e9 favor assegurar que o curso n\u00e3o exceda 90 dias, que \u00e9 o limite da sua autoriza\u00e7\u00e3o ESTA.<\/p>\n\n<p>De facto, durante uma dura\u00e7\u00e3o que exceda este limite, ter\u00e1 de solicitar um visto, o que por vezes pode ser dif\u00edcil de obter. Apostamos que, dentro de 3 meses, j\u00e1 poder\u00e1 melhorar o seu n\u00edvel na l\u00edngua de Shakespeare.<\/p>\n\n<h2 class=\"wp-block-heading\">Tire partido da sua estadia nos Estados Unidos para melhorar o seu n\u00edvel de ingl\u00eas<\/h2>\n\n<p>Quer esteja nos EUA de f\u00e9rias ou como turista, ter\u00e1 certamente muitas oportunidades para melhorar o seu ingl\u00eas. Uma vez que se tenha o b\u00e1sico de uma l\u00edngua, o mais importante \u00e9 praticar! Se passar v\u00e1rias semanas nos EUA, ter\u00e1 certamente esta oportunidade.<\/p>\n\n<p>Para aqueles que desejam, muitas escolas oferecem cursos de l\u00ednguas para estrangeiros no local. Estes cursos s\u00e3o geralmente realizados durante 3 horas por dia, de segunda a sexta-feira. Isto dar-lhe-\u00e1 tempo para descobrir as maravilhas da cidade ou regi\u00e3o onde ir\u00e1 estar baseado.<\/p>\n\n<h2 class=\"wp-block-heading\">Descobrir o que \u00e9 uma autoriza\u00e7\u00e3o ESTA<\/h2>\n\n<p>A autoriza\u00e7\u00e3o ESTA deve ser solicitada antes da partida. Para se candidatar, basta preencher o nosso <a href=\"https:\/\/123-esta.com\/pt-pt\/forma-esta-em-portugues\/\">formul\u00e1rio online<\/a>.<\/p>\n\n<p>Tenha o cuidado, claro, de prestar muita aten\u00e7\u00e3o \u00e0s informa\u00e7\u00f5es fornecidas para evitar que a sua candidatura seja rejeitada. Isto pode acontecer se a sua informa\u00e7\u00e3o n\u00e3o for a mesma que consta do seu passaporte. \u00c9 tamb\u00e9m aconselh\u00e1vel <a href=\"https:\/\/123-esta.com\/pt-pt\/porque-aplicar-esta-para-os-eua\/\">candidatar-se<\/a> v\u00e1rios dias antes da sua partida no caso de a sua candidatura estar pendente. Um &#8220;espera&#8221; significa que a administra\u00e7\u00e3o dos EUA tem v\u00e1rios dias para analisar se a sua candidatura \u00e9 aceit\u00e1vel ou n\u00e3o.<\/p>\n\n<p>Note que a autoriza\u00e7\u00e3o ESTA \u00e9 v\u00e1lida por um per\u00edodo m\u00e1ximo de 2 anos ou at\u00e9 o seu passaporte expirar.<\/p>\n\n<p>Uma vez concedida a autoriza\u00e7\u00e3o, poder\u00e1 entrar nos Estados Unidos sempre que desejar, desde que n\u00e3o exceda o limite de 90 dias. Se, por qualquer raz\u00e3o, o seu pedido n\u00e3o for aprovado, \u00e9 aconselh\u00e1vel solicitar um visto o mais cedo poss\u00edvel. No entanto, \u00e9 de notar que as recusas s\u00e3o muito raras.<\/p>\n\n<p>Naturalmente, conclu\u00edmos lembrando que a candidatura ESTA n\u00e3o \u00e9 v\u00e1lida para aqueles que planeiam viver e trabalhar nos EUA. Nesta situa\u00e7\u00e3o, deve solicitar imediatamente um visto, uma vez que uma autoriza\u00e7\u00e3o ESTA n\u00e3o lhe permite trabalhar no local.<\/p>\n","protected":false},"excerpt":{"rendered":"<p>No caso de estudos lingu\u00edsticos, pode aprender ingl\u00eas com a consci\u00eancia tranquila gra\u00e7as \u00e0 sua autoriza\u00e7\u00e3o ESTA, o que lhe poupar\u00e1 a papelada necess\u00e1ria para solicitar um visto. Se quiser melhorar o seu ingl\u00eas, ir para os EUA \u00e9 uma excelente ideia e n\u00f3s recomendamos vivamente. De facto, reconhece-se que o ingl\u00eas americano \u00e9 muito [&hellip;]<\/p>\n","protected":false},"author":1,"featured_media":0,"parent":0,"menu_order":0,"comment_status":"closed","ping_status":"closed","template":"","meta":{"site-sidebar-layout":"default","site-content-layout":"default","ast-site-content-layout":"default","site-content-style":"default","site-sidebar-style":"default","ast-global-header-display":"","ast-banner-title-visibility":"","ast-main-header-display":"","ast-hfb-above-header-display":"","ast-hfb-below-header-display":"","ast-hfb-mobile-header-display":"","site-post-title":"","ast-breadcrumbs-content":"","ast-featured-img":"","footer-sml-layout":"","ast-disable-related-posts":"","theme-transparent-header-meta":"default","adv-header-id-meta":"","stick-header-meta":"default","header-above-stick-meta":"","header-main-stick-meta":"","header-below-stick-meta":"","astra-migrate-meta-layouts":"default","ast-page-background-enabled":"default","ast-page-background-meta":{"desktop":{"background-color":"","background-image":"","background-repeat":"repeat","background-position":"center center","background-size":"auto","background-attachment":"scroll","background-type":"","background-media":"","overlay-type":"","overlay-color":"","overlay-opacity":"","overlay-gradient":""},"tablet":{"background-color":"","background-image":"","background-repeat":"repeat","background-position":"center center","background-size":"auto","background-attachment":"scroll","background-type":"","background-media":"","overlay-type":"","overlay-color":"","overlay-opacity":"","overlay-gradient":""},"mobile":{"background-color":"","background-image":"","background-repeat":"repeat","background-position":"center center","background-size":"auto","background-attachment":"scroll","background-type":"","background-media":"","overlay-type":"","overlay-color":"","overlay-opacity":"","overlay-gradient":""}},"ast-content-background-meta":{"desktop":{"background-color":"var(--ast-global-color-5)","background-image":"","background-repeat":"repeat","background-position":"center center","background-size":"auto","background-attachment":"scroll","background-type":"","background-media":"","overlay-type":"","overlay-color":"","overlay-opacity":"","overlay-gradient":""},"tablet":{"background-color":"var(--ast-global-color-5)","background-image":"","background-repeat":"repeat","background-position":"center center","background-size":"auto","background-attachment":"scroll","background-type":"","background-media":"","overlay-type":"","overlay-color":"","overlay-opacity":"","overlay-gradient":""},"mobile":{"background-color":"var(--ast-global-color-5)","background-image":"","background-repeat":"repeat","background-position":"center center","background-size":"auto","background-attachment":"scroll","background-type":"","background-media":"","overlay-type":"","overlay-color":"","overlay-opacity":"","overlay-gradient":""}},"footnotes":""},"class_list":["post-2155","page","type-page","status-publish","hentry"],"yoast_head":"<!-- This site is optimized with the Yoast SEO plugin v27.1.1 - https:\/\/yoast.com\/product\/yoast-seo-wordpress\/ -->\n<title>Ser\u00e1 que uma l\u00edngua fica nos EUA requer um ESTA?<\/title>\n<meta name=\"description\" content=\"\u00c9 poss\u00edvel ir para os Estados Unidos para aprender ingl\u00eas. Uma simples autoriza\u00e7\u00e3o ESTA \u00e9 suficiente? A resposta aqui.\" \/>\n<meta name=\"robots\" content=\"index, follow, max-snippet:-1, max-image-preview:large, max-video-preview:-1\" \/>\n<link rel=\"canonical\" href=\"https:\/\/123-esta.com\/pt-pt\/idioma-estadia-com-esta\/\" \/>\n<meta property=\"og:locale\" content=\"pt_PT\" \/>\n<meta property=\"og:type\" content=\"article\" \/>\n<meta property=\"og:title\" content=\"Ser\u00e1 que uma l\u00edngua fica nos EUA requer um ESTA?\" \/>\n<meta property=\"og:description\" content=\"\u00c9 poss\u00edvel ir para os Estados Unidos para aprender ingl\u00eas. Uma simples autoriza\u00e7\u00e3o ESTA \u00e9 suficiente? A resposta aqui.\" \/>\n<meta property=\"og:url\" content=\"https:\/\/123-esta.com\/pt-pt\/idioma-estadia-com-esta\/\" \/>\n<meta property=\"og:site_name\" content=\"Formulaire ESTA pour les USA\" \/>\n<meta property=\"article:modified_time\" content=\"2022-08-23T21:25:44+00:00\" \/>\n<meta name=\"twitter:card\" content=\"summary_large_image\" \/>\n<meta name=\"twitter:label1\" content=\"Tempo estimado de leitura\" \/>\n\t<meta name=\"twitter:data1\" content=\"3 minutos\" \/>\n<script type=\"application\/ld+json\" class=\"yoast-schema-graph\">{\"@context\":\"https:\/\/schema.org\",\"@graph\":[{\"@type\":\"WebPage\",\"@id\":\"https:\/\/123-esta.com\/pt-pt\/idioma-estadia-com-esta\/\",\"url\":\"https:\/\/123-esta.com\/pt-pt\/idioma-estadia-com-esta\/\",\"name\":\"Ser\u00e1 que uma l\u00edngua fica nos EUA requer um ESTA?\",\"isPartOf\":{\"@id\":\"https:\/\/123-esta.com\/pt-pt\/#website\"},\"datePublished\":\"2022-07-27T19:32:43+00:00\",\"dateModified\":\"2022-08-23T21:25:44+00:00\",\"description\":\"\u00c9 poss\u00edvel ir para os Estados Unidos para aprender ingl\u00eas. Uma simples autoriza\u00e7\u00e3o ESTA \u00e9 suficiente? A resposta aqui.\",\"inLanguage\":\"pt-PT\",\"potentialAction\":[{\"@type\":\"ReadAction\",\"target\":[\"https:\/\/123-esta.com\/pt-pt\/idioma-estadia-com-esta\/\"]}]},{\"@type\":\"WebSite\",\"@id\":\"https:\/\/123-esta.com\/pt-pt\/#website\",\"url\":\"https:\/\/123-esta.com\/pt-pt\/\",\"name\":\"Formulaire ESTA pour les USA\",\"description\":\"\",\"publisher\":{\"@id\":\"https:\/\/123-esta.com\/pt-pt\/#organization\"},\"potentialAction\":[{\"@type\":\"SearchAction\",\"target\":{\"@type\":\"EntryPoint\",\"urlTemplate\":\"https:\/\/123-esta.com\/pt-pt\/?s={search_term_string}\"},\"query-input\":{\"@type\":\"PropertyValueSpecification\",\"valueRequired\":true,\"valueName\":\"search_term_string\"}}],\"inLanguage\":\"pt-PT\"},{\"@type\":\"Organization\",\"@id\":\"https:\/\/123-esta.com\/pt-pt\/#organization\",\"name\":\"Formulaire ESTA pour les USA\",\"url\":\"https:\/\/123-esta.com\/pt-pt\/\",\"logo\":{\"@type\":\"ImageObject\",\"inLanguage\":\"pt-PT\",\"@id\":\"https:\/\/123-esta.com\/pt-pt\/#\/schema\/logo\/image\/\",\"url\":\"https:\/\/123-esta.com\/wp-content\/uploads\/2018\/03\/logo-123-esta.png\",\"contentUrl\":\"https:\/\/123-esta.com\/wp-content\/uploads\/2018\/03\/logo-123-esta.png\",\"width\":191,\"height\":54,\"caption\":\"Formulaire ESTA pour les USA\"},\"image\":{\"@id\":\"https:\/\/123-esta.com\/pt-pt\/#\/schema\/logo\/image\/\"}}]}<\/script>\n<!-- \/ Yoast SEO plugin. -->","yoast_head_json":{"title":"Ser\u00e1 que uma l\u00edngua fica nos EUA requer um ESTA?","description":"\u00c9 poss\u00edvel ir para os Estados Unidos para aprender ingl\u00eas. Uma simples autoriza\u00e7\u00e3o ESTA \u00e9 suficiente? A resposta aqui.","robots":{"index":"index","follow":"follow","max-snippet":"max-snippet:-1","max-image-preview":"max-image-preview:large","max-video-preview":"max-video-preview:-1"},"canonical":"https:\/\/123-esta.com\/pt-pt\/idioma-estadia-com-esta\/","og_locale":"pt_PT","og_type":"article","og_title":"Ser\u00e1 que uma l\u00edngua fica nos EUA requer um ESTA?","og_description":"\u00c9 poss\u00edvel ir para os Estados Unidos para aprender ingl\u00eas. Uma simples autoriza\u00e7\u00e3o ESTA \u00e9 suficiente? A resposta aqui.","og_url":"https:\/\/123-esta.com\/pt-pt\/idioma-estadia-com-esta\/","og_site_name":"Formulaire ESTA pour les USA","article_modified_time":"2022-08-23T21:25:44+00:00","twitter_card":"summary_large_image","twitter_misc":{"Tempo estimado de leitura":"3 minutos"},"schema":{"@context":"https:\/\/schema.org","@graph":[{"@type":"WebPage","@id":"https:\/\/123-esta.com\/pt-pt\/idioma-estadia-com-esta\/","url":"https:\/\/123-esta.com\/pt-pt\/idioma-estadia-com-esta\/","name":"Ser\u00e1 que uma l\u00edngua fica nos EUA requer um ESTA?","isPartOf":{"@id":"https:\/\/123-esta.com\/pt-pt\/#website"},"datePublished":"2022-07-27T19:32:43+00:00","dateModified":"2022-08-23T21:25:44+00:00","description":"\u00c9 poss\u00edvel ir para os Estados Unidos para aprender ingl\u00eas. Uma simples autoriza\u00e7\u00e3o ESTA \u00e9 suficiente? A resposta aqui.","inLanguage":"pt-PT","potentialAction":[{"@type":"ReadAction","target":["https:\/\/123-esta.com\/pt-pt\/idioma-estadia-com-esta\/"]}]},{"@type":"WebSite","@id":"https:\/\/123-esta.com\/pt-pt\/#website","url":"https:\/\/123-esta.com\/pt-pt\/","name":"Formulaire ESTA pour les USA","description":"","publisher":{"@id":"https:\/\/123-esta.com\/pt-pt\/#organization"},"potentialAction":[{"@type":"SearchAction","target":{"@type":"EntryPoint","urlTemplate":"https:\/\/123-esta.com\/pt-pt\/?s={search_term_string}"},"query-input":{"@type":"PropertyValueSpecification","valueRequired":true,"valueName":"search_term_string"}}],"inLanguage":"pt-PT"},{"@type":"Organization","@id":"https:\/\/123-esta.com\/pt-pt\/#organization","name":"Formulaire ESTA pour les USA","url":"https:\/\/123-esta.com\/pt-pt\/","logo":{"@type":"ImageObject","inLanguage":"pt-PT","@id":"https:\/\/123-esta.com\/pt-pt\/#\/schema\/logo\/image\/","url":"https:\/\/123-esta.com\/wp-content\/uploads\/2018\/03\/logo-123-esta.png","contentUrl":"https:\/\/123-esta.com\/wp-content\/uploads\/2018\/03\/logo-123-esta.png","width":191,"height":54,"caption":"Formulaire ESTA pour les USA"},"image":{"@id":"https:\/\/123-esta.com\/pt-pt\/#\/schema\/logo\/image\/"}}]}},"_links":{"self":[{"href":"https:\/\/123-esta.com\/pt-pt\/wp-json\/wp\/v2\/pages\/2155","targetHints":{"allow":["GET"]}}],"collection":[{"href":"https:\/\/123-esta.com\/pt-pt\/wp-json\/wp\/v2\/pages"}],"about":[{"href":"https:\/\/123-esta.com\/pt-pt\/wp-json\/wp\/v2\/types\/page"}],"author":[{"embeddable":true,"href":"https:\/\/123-esta.com\/pt-pt\/wp-json\/wp\/v2\/users\/1"}],"replies":[{"embeddable":true,"href":"https:\/\/123-esta.com\/pt-pt\/wp-json\/wp\/v2\/comments?post=2155"}],"version-history":[{"count":0,"href":"https:\/\/123-esta.com\/pt-pt\/wp-json\/wp\/v2\/pages\/2155\/revisions"}],"wp:attachment":[{"href":"https:\/\/123-esta.com\/pt-pt\/wp-json\/wp\/v2\/media?parent=2155"}],"curies":[{"name":"wp","href":"https:\/\/api.w.org\/{rel}","templated":true}]}}