{"id":2143,"date":"2022-07-27T21:32:41","date_gmt":"2022-07-27T19:32:41","guid":{"rendered":"https:\/\/123-esta.com\/home\/"},"modified":"2025-12-18T12:33:01","modified_gmt":"2025-12-18T11:33:01","slug":"home","status":"publish","type":"page","link":"https:\/\/123-esta.com\/pt-pt\/","title":{"rendered":"Formul\u00e1rio ESTA para os EUA"},"content":{"rendered":"\t\t<div data-elementor-type=\"wp-post\" data-elementor-id=\"2143\" class=\"elementor elementor-2143 elementor-4\" data-elementor-post-type=\"page\">\n\t\t\t\t\t\t<section class=\"elementor-section elementor-top-section elementor-element elementor-element-2d3ad03 elementor-section-stretched elementor-section-boxed elementor-section-height-default elementor-section-height-default\" data-id=\"2d3ad03\" data-element_type=\"section\" data-e-type=\"section\" data-settings=\"{&quot;stretch_section&quot;:&quot;section-stretched&quot;,&quot;background_background&quot;:&quot;classic&quot;}\">\n\t\t\t\t\t\t<div class=\"elementor-container elementor-column-gap-default\">\n\t\t\t\t\t<div class=\"elementor-column elementor-col-100 elementor-top-column elementor-element elementor-element-6d353e0\" data-id=\"6d353e0\" data-element_type=\"column\" data-e-type=\"column\">\n\t\t\t<div class=\"elementor-widget-wrap elementor-element-populated\">\n\t\t\t\t\t\t<section class=\"elementor-section elementor-inner-section elementor-element elementor-element-9bafa84 elementor-section-boxed elementor-section-height-default elementor-section-height-default\" data-id=\"9bafa84\" data-element_type=\"section\" data-e-type=\"section\">\n\t\t\t\t\t\t<div class=\"elementor-container elementor-column-gap-default\">\n\t\t\t\t\t<div class=\"elementor-column elementor-col-50 elementor-inner-column elementor-element elementor-element-2436f2e\" data-id=\"2436f2e\" data-element_type=\"column\" data-e-type=\"column\">\n\t\t\t<div class=\"elementor-widget-wrap elementor-element-populated\">\n\t\t\t\t\t\t<div class=\"elementor-element elementor-element-5f977d7 elementor-widget elementor-widget-spacer\" data-id=\"5f977d7\" data-element_type=\"widget\" data-e-type=\"widget\" data-widget_type=\"spacer.default\">\n\t\t\t\t<div class=\"elementor-widget-container\">\n\t\t\t\t\t\t\t<div class=\"elementor-spacer\">\n\t\t\t<div class=\"elementor-spacer-inner\"><\/div>\n\t\t<\/div>\n\t\t\t\t\t\t<\/div>\n\t\t\t\t<\/div>\n\t\t\t\t\t<\/div>\n\t\t<\/div>\n\t\t\t\t<div class=\"elementor-column elementor-col-50 elementor-inner-column elementor-element elementor-element-3773590\" data-id=\"3773590\" data-element_type=\"column\" data-e-type=\"column\">\n\t\t\t<div class=\"elementor-widget-wrap elementor-element-populated\">\n\t\t\t\t\t\t<div class=\"elementor-element elementor-element-f1ba379 elementor-widget elementor-widget-heading\" data-id=\"f1ba379\" data-element_type=\"widget\" data-e-type=\"widget\" data-widget_type=\"heading.default\">\n\t\t\t\t<div class=\"elementor-widget-container\">\n\t\t\t\t\t<h1 class=\"elementor-heading-title elementor-size-default\">Autoriza\u00e7\u00e3o de viagem ESTA para os EUA<\/h1>\t\t\t\t<\/div>\n\t\t\t\t<\/div>\n\t\t\t\t<div class=\"elementor-element elementor-element-075bfb1 elementor-widget elementor-widget-text-editor\" data-id=\"075bfb1\" data-element_type=\"widget\" data-e-type=\"widget\" data-widget_type=\"text-editor.default\">\n\t\t\t\t<div class=\"elementor-widget-container\">\n\t\t\t\t\t\t\t\t\t<p>O processo de candidatura on-line do ESTA assegura que recebe rapidamente a sua autoriza\u00e7\u00e3o ESTA. O formul\u00e1rio est\u00e1 dispon\u00edvel em linha, com instru\u00e7\u00f5es pormenorizadas para cada campo. S\u00e3o necess\u00e1rios apenas alguns minutos para preencher e apresentar a sua candidatura em linha.<\/p>\t\t\t\t\t\t\t\t<\/div>\n\t\t\t\t<\/div>\n\t\t\t\t\t<\/div>\n\t\t<\/div>\n\t\t\t\t\t<\/div>\n\t\t<\/section>\n\t\t\t\t\t<\/div>\n\t\t<\/div>\n\t\t\t\t\t<\/div>\n\t\t<\/section>\n\t\t\t\t<section class=\"elementor-section elementor-top-section elementor-element elementor-element-d5a5f66 elementor-section-boxed elementor-section-height-default elementor-section-height-default\" data-id=\"d5a5f66\" data-element_type=\"section\" data-e-type=\"section\">\n\t\t\t\t\t\t<div class=\"elementor-container elementor-column-gap-default\">\n\t\t\t\t\t<div class=\"elementor-column elementor-col-100 elementor-top-column elementor-element elementor-element-a391abb\" data-id=\"a391abb\" data-element_type=\"column\" data-e-type=\"column\">\n\t\t\t<div class=\"elementor-widget-wrap elementor-element-populated\">\n\t\t\t\t\t\t<div class=\"elementor-element elementor-element-21084ef elementor-widget elementor-widget-text-editor\" data-id=\"21084ef\" data-element_type=\"widget\" data-e-type=\"widget\" data-widget_type=\"text-editor.default\">\n\t\t\t\t<div class=\"elementor-widget-container\">\n\t\t\t\t\t\t\t\t\t<h2>Viajar para os Estados Unidos sem um visto americano<\/h2><p>As formalidades para uma estadia nos EUA inferior a 90 dias podem ser cumpridas diretamente em linha. N\u00e3o \u00e9 necess\u00e1rio marcar uma reuni\u00e3o na embaixada ou no consulado americano.<\/p><p><strong>Para uma estada inferior a 90 dias nos Estados Unidos<\/strong>: pode completar as formalidades clicando no <a href=\"https:\/\/123-esta.com\/pt-pt\/forma-esta-em-portugues\/\">formul\u00e1rio em linha<\/a>.<\/p><p>O formul\u00e1rio em linha pode ser preenchido em apenas alguns minutos se tiver o seu passaporte, e tudo o que tem de fazer \u00e9 preencher os dados pessoais solicitados para obter a autoriza\u00e7\u00e3o ESTA. O pagamento \u00e9 efectuado diretamente ap\u00f3s o preenchimento do formul\u00e1rio em linha e, em poucos minutos, receber\u00e1 a confirma\u00e7\u00e3o de que o seu ESTA foi validado.<\/p><h2>O que \u00e9 esta?<\/h2><p>O ESTA \u00e9 uma autoriza\u00e7\u00e3o electr\u00f3nica de viagem para os Estados Unidos. Foi introduzido pelo governo dos EUA em 2009 e deve ser obtido antes do embarque. A autoriza\u00e7\u00e3o ESTA \u00e9 reservada para viagens de neg\u00f3cios e estadias tur\u00edsticas de at\u00e9 90 dias em solo americano. O ESTA \u00e9 tamb\u00e9m obrigat\u00f3rio para uma simples escala em territ\u00f3rio americano.<\/p><p>O ESTA \u00e9 exigido para todas as pessoas eleg\u00edveis que viajam por via a\u00e9rea e mar\u00edtima, e deve ser preenchido para cada membro da fam\u00edlia, incluindo beb\u00e9s. Deve ter um passaporte electr\u00f3nico ou biom\u00e9trico para se candidatar. J\u00e1 n\u00e3o \u00e9 necess\u00e1rio dirigir-se \u00e0 embaixada ou consulado dos EUA, uma vez que o processo de candidatura \u00e9 feito inteiramente online. Para saber mais, leia a nossa p\u00e1gina sobre o <a href=\"https:\/\/123-esta.com\/pt-pt\/o-que-e-esta\/\">que \u00e9 o ESTA<\/a>.<\/p><p>O ESTA \u00e9 v\u00e1lido por dois anos, durante os quais o viajante pode fazer tantas viagens de regresso quantas desejar. Uma vez expirado o per\u00edodo de validade, ou se entretanto obtiver um novo passaporte franc\u00eas, ter\u00e1 de ser feito um novo pedido em linha. A fim de obter esta autoriza\u00e7\u00e3o de viagem, o formul\u00e1rio ESTA deve ser preenchido. Para mais informa\u00e7\u00f5es sobre o ESTA, visite este s\u00edtio.<\/p><h2>Porque \u00e9 que o ESTA \u00e9 obrigat\u00f3rio?<\/h2><p>Viajar para os Estados Unidos sem autoriza\u00e7\u00e3o de viagem, ESTA ou visto americano, n\u00e3o \u00e9 poss\u00edvel. O ESTA, ou Sistema Electr\u00f3nico de Autoriza\u00e7\u00e3o de Viagens, \u00e9 um mecanismo para refor\u00e7ar as medidas de seguran\u00e7a para viagens aos EUA. Este \u00e9 um sistema de pr\u00e9-selec\u00e7\u00e3o de cada viajante. Com base nas informa\u00e7\u00f5es fornecidas no question\u00e1rio online, as autoridades dos EUA determinar\u00e3o se o viajante \u00e9 ou n\u00e3o autorizado a viajar para os EUA sem visto.<\/p><p>O ESTA aumenta a seguran\u00e7a ao mesmo tempo que reduz o tempo de espera na fronteira, uma vez que permite \u00e0 alf\u00e2ndega ter informa\u00e7\u00f5es sobre os viajantes mesmo antes da sua chegada aos EUA. O DHS (Department of Homeland Security) \u00e9 respons\u00e1vel pela gest\u00e3o do seu <a href=\"https:\/\/123-esta.com\/pt-pt\/tudo-sobre-a-aplicacao-esta\/\">pedido ESTA<\/a>.<\/p><h2>Que pa\u00edses s\u00e3o abrangidos pelo ESTA?<\/h2><p>O ESTA baseia-se no <a href=\"https:\/\/travel.state.gov\/content\/travel\/en\/us-visas\/tourism-visit\/visa-waiver-program.html\">Programa de Isen\u00e7\u00e3o de Vistos<\/a>. Este regime aplica-se aos nacionais dos seguintes pa\u00edses: Andorra, Austr\u00e1lia, \u00c1ustria, B\u00e9lgica, Brunei, Chile, Cro\u00e1cia, Rep\u00fablica Checa, Dinamarca, Est\u00f3nia, Finl\u00e2ndia, Fran\u00e7a, Alemanha, Gr\u00e9cia, Hungria, Isl\u00e2ndia, Irlanda, Israel, It\u00e1lia, Jap\u00e3o, Let\u00f3nia, Liechtenstein, Litu\u00e2nia, Luxemburgo, M\u00f3naco, Pa\u00edses Baixos, Nova Zel\u00e2ndia, Noruega, Pol\u00f3nia, Portugal, Rep\u00fablica de Malta, S\u00e3o Marino, Singapura, Eslov\u00e1quia, Eslov\u00e9nia, Coreia do Sul, Espanha, Su\u00e9cia, Su\u00ed\u00e7a, Taiwan e Reino Unido.  <\/p><p>\u00c9 eleg\u00edvel para o ESTA se tiver uma destas nacionalidades e desejar viajar para os Estados Unidos para uma estadia tempor\u00e1ria.<\/p><h2>Qual \u00e9 a diferen\u00e7a entre o visto e o ESTA?<\/h2><p>Muitas pessoas falam de vistos ESTA porque a autoriza\u00e7\u00e3o de viagem ESTA permite a entrada nos Estados Unidos. A emiss\u00e3o de um visto de turista B2 \u00e9 muito mais vinculativa para o Departamento de Seguran\u00e7a Interna dos EUA. Os v\u00e1rios vistos dos EUA permitem aos estrangeiros permanecer muito mais tempo nos EUA do que com um ESTA, o que s\u00f3 permite um m\u00e1ximo de 90 dias nos EUA.<\/p><p>A obten\u00e7\u00e3o de um visto americano \u00e9 um processo mais longo e mais complicado do que a simples obten\u00e7\u00e3o de uma autoriza\u00e7\u00e3o ESTA atrav\u00e9s da Internet. Para obter um visto para os EUA, os candidatos devem comparecer a uma entrevista na embaixada americana. Esta entrevista com um agente americano \u00e9 obrigat\u00f3ria e decisiva para a obten\u00e7\u00e3o de um visto para viajar para os EUA.<\/p><h2>Quanto tempo demora a processar o meu formul\u00e1rio ESTA?<\/h2><p>Assim que o formul\u00e1rio ESTA tiver sido preenchido e o pagamento efectuado, o processamento do pedido de autoriza\u00e7\u00e3o ESTA come\u00e7a imediatamente. O primeiro passo \u00e9 verificar a sua informa\u00e7\u00e3o. Isto ir\u00e1 detectar quaisquer erros ou omiss\u00f5es no preenchimento do formul\u00e1rio online. Se a informa\u00e7\u00e3o for completa e exacta, poder\u00e1 receber a sua candidatura em minutos.<\/p><p>Este documento pode demorar at\u00e9 72 horas a ser emitido se a sua <a href=\"https:\/\/123-esta.com\/pt-pt\/o-que-fazer-se-a-aplicacao-esta-pendente\/\">candidatura for colocada em espera<\/a> pelas autoridades dos EUA. <br>Neste caso, as autoridades americanas disp\u00f5em de um prazo m\u00e1ximo de tr\u00eas dias para analisar o seu pedido e enviar-nos uma resposta. Depois de receber o seu ESTA, aproveita para ler os nossos<a href=\"https:\/\/123-esta.com\/pt-pt\/dicas-para-viajar-para-os-eua\/\">conselhos sobre a viagem aos Estados Unidos<\/a>. Quer esteja a planear uma viagem a Nova Iorque, Niagara Falls ou Florida, a sua pr\u00f3xima viagem aos EUA ser\u00e1 muito mais f\u00e1cil de planear.<\/p><h2>Posso viajar para o Canad\u00e1 ou para o Reino Unido com um ESTA?<\/h2><p>A autoriza\u00e7\u00e3o ESTA n\u00e3o lhe permite entrar no Canad\u00e1 ou no Reino Unido. O ESTA destina-se exclusivamente \u00e0 entrada nos Estados Unidos. Desde 2016, o Canad\u00e1 introduziu um sistema informatizado de autoriza\u00e7\u00e3o de viagem semelhante ao dos Estados Unidos. Este sistema emite uma autoriza\u00e7\u00e3o eTA Canada aos viajantes que pretendam visitar o Canad\u00e1.<\/p><p>Em 2024, o Reino Unido lan\u00e7ou tamb\u00e9m o seu programa de documento de viagem eletr\u00f3nico, que emite uma <a href=\"https:\/\/uk-gb.net\/pt-pt\/eta-inglaterra-reino-unido\/\">eTA para o Reino Unido<\/a>. Este certificado de viagem antecipada permite aos viajantes estrangeiros eleg\u00edveis efetuar uma curta estadia no Reino Unido sem necessidade de visto.<\/p>\t\t\t\t\t\t\t\t<\/div>\n\t\t\t\t<\/div>\n\t\t\t\t\t<\/div>\n\t\t<\/div>\n\t\t\t\t\t<\/div>\n\t\t<\/section>\n\t\t\t\t<\/div>\n\t\t","protected":false},"excerpt":{"rendered":"<p>Autoriza\u00e7\u00e3o de viagem ESTA para os EUA O processo de candidatura on-line do ESTA assegura que recebe rapidamente a sua autoriza\u00e7\u00e3o ESTA. O formul\u00e1rio est\u00e1 dispon\u00edvel em linha, com instru\u00e7\u00f5es pormenorizadas para cada campo. S\u00e3o necess\u00e1rios apenas alguns minutos para preencher e apresentar a sua candidatura em linha. Viajar para os Estados Unidos sem um [&hellip;]<\/p>\n","protected":false},"author":1,"featured_media":0,"parent":0,"menu_order":0,"comment_status":"closed","ping_status":"closed","template":"","meta":{"site-sidebar-layout":"no-sidebar","site-content-layout":"page-builder","ast-site-content-layout":"full-width-container","site-content-style":"unboxed","site-sidebar-style":"unboxed","ast-global-header-display":"","ast-banner-title-visibility":"","ast-main-header-display":"","ast-hfb-above-header-display":"","ast-hfb-below-header-display":"","ast-hfb-mobile-header-display":"","site-post-title":"disabled","ast-breadcrumbs-content":"","ast-featured-img":"disabled","footer-sml-layout":"","ast-disable-related-posts":"","theme-transparent-header-meta":"default","adv-header-id-meta":"","stick-header-meta":"default","header-above-stick-meta":"","header-main-stick-meta":"","header-below-stick-meta":"","astra-migrate-meta-layouts":"default","ast-page-background-enabled":"default","ast-page-background-meta":{"desktop":{"background-color":"","background-image":"","background-repeat":"repeat","background-position":"center center","background-size":"auto","background-attachment":"scroll","background-type":"","background-media":"","overlay-type":"","overlay-color":"","overlay-opacity":"","overlay-gradient":""},"tablet":{"background-color":"","background-image":"","background-repeat":"repeat","background-position":"center center","background-size":"auto","background-attachment":"scroll","background-type":"","background-media":"","overlay-type":"","overlay-color":"","overlay-opacity":"","overlay-gradient":""},"mobile":{"background-color":"","background-image":"","background-repeat":"repeat","background-position":"center center","background-size":"auto","background-attachment":"scroll","background-type":"","background-media":"","overlay-type":"","overlay-color":"","overlay-opacity":"","overlay-gradient":""}},"ast-content-background-meta":{"desktop":{"background-color":"var(--ast-global-color-5)","background-image":"","background-repeat":"repeat","background-position":"center center","background-size":"auto","background-attachment":"scroll","background-type":"","background-media":"","overlay-type":"","overlay-color":"","overlay-opacity":"","overlay-gradient":""},"tablet":{"background-color":"var(--ast-global-color-5)","background-image":"","background-repeat":"repeat","background-position":"center center","background-size":"auto","background-attachment":"scroll","background-type":"","background-media":"","overlay-type":"","overlay-color":"","overlay-opacity":"","overlay-gradient":""},"mobile":{"background-color":"var(--ast-global-color-5)","background-image":"","background-repeat":"repeat","background-position":"center center","background-size":"auto","background-attachment":"scroll","background-type":"","background-media":"","overlay-type":"","overlay-color":"","overlay-opacity":"","overlay-gradient":""}},"footnotes":""},"class_list":["post-2143","page","type-page","status-publish","hentry"],"yoast_head":"<!-- This site is optimized with the Yoast SEO plugin v27.1.1 - https:\/\/yoast.com\/product\/yoast-seo-wordpress\/ -->\n<title>Formul\u00e1rio ESTA para os EUA<\/title>\n<meta name=\"description\" content=\"Fornecemos-lhe toda a informa\u00e7\u00e3o necess\u00e1ria para obter facilmente um visto ESTA atrav\u00e9s da Internet, o seu pre\u00e7o e as condi\u00e7\u00f5es para a sua obten\u00e7\u00e3o.\" \/>\n<meta name=\"robots\" content=\"index, follow, max-snippet:-1, max-image-preview:large, max-video-preview:-1\" \/>\n<link rel=\"canonical\" href=\"https:\/\/123-esta.com\/pt-pt\/\" \/>\n<meta property=\"og:locale\" content=\"pt_PT\" \/>\n<meta property=\"og:type\" content=\"article\" \/>\n<meta property=\"og:title\" content=\"Formul\u00e1rio ESTA para os EUA\" \/>\n<meta property=\"og:description\" content=\"Fornecemos-lhe toda a informa\u00e7\u00e3o necess\u00e1ria para obter facilmente um visto ESTA atrav\u00e9s da Internet, o seu pre\u00e7o e as condi\u00e7\u00f5es para a sua obten\u00e7\u00e3o.\" \/>\n<meta property=\"og:url\" content=\"https:\/\/123-esta.com\/pt-pt\/\" \/>\n<meta property=\"og:site_name\" content=\"Formulaire ESTA pour les USA\" \/>\n<meta property=\"article:modified_time\" content=\"2025-12-18T11:33:01+00:00\" \/>\n<meta name=\"twitter:card\" content=\"summary_large_image\" \/>\n<meta name=\"twitter:label1\" content=\"Tempo estimado de leitura\" \/>\n\t<meta name=\"twitter:data1\" content=\"5 minutos\" \/>\n<script type=\"application\/ld+json\" class=\"yoast-schema-graph\">{\"@context\":\"https:\/\/schema.org\",\"@graph\":[{\"@type\":\"WebPage\",\"@id\":\"https:\/\/123-esta.com\/pt-pt\/\",\"url\":\"https:\/\/123-esta.com\/pt-pt\/\",\"name\":\"Formul\u00e1rio ESTA para os EUA\",\"isPartOf\":{\"@id\":\"https:\/\/123-esta.com\/pt-pt\/#website\"},\"datePublished\":\"2022-07-27T19:32:41+00:00\",\"dateModified\":\"2025-12-18T11:33:01+00:00\",\"description\":\"Fornecemos-lhe toda a informa\u00e7\u00e3o necess\u00e1ria para obter facilmente um visto ESTA atrav\u00e9s da Internet, o seu pre\u00e7o e as condi\u00e7\u00f5es para a sua obten\u00e7\u00e3o.\",\"inLanguage\":\"pt-PT\",\"potentialAction\":[{\"@type\":\"ReadAction\",\"target\":[\"https:\/\/123-esta.com\/pt-pt\/\"]}]},{\"@type\":\"WebSite\",\"@id\":\"https:\/\/123-esta.com\/pt-pt\/#website\",\"url\":\"https:\/\/123-esta.com\/pt-pt\/\",\"name\":\"Formulaire ESTA pour les USA\",\"description\":\"\",\"publisher\":{\"@id\":\"https:\/\/123-esta.com\/pt-pt\/#organization\"},\"potentialAction\":[{\"@type\":\"SearchAction\",\"target\":{\"@type\":\"EntryPoint\",\"urlTemplate\":\"https:\/\/123-esta.com\/pt-pt\/?s={search_term_string}\"},\"query-input\":{\"@type\":\"PropertyValueSpecification\",\"valueRequired\":true,\"valueName\":\"search_term_string\"}}],\"inLanguage\":\"pt-PT\"},{\"@type\":\"Organization\",\"@id\":\"https:\/\/123-esta.com\/pt-pt\/#organization\",\"name\":\"Formulaire ESTA pour les USA\",\"url\":\"https:\/\/123-esta.com\/pt-pt\/\",\"logo\":{\"@type\":\"ImageObject\",\"inLanguage\":\"pt-PT\",\"@id\":\"https:\/\/123-esta.com\/pt-pt\/#\/schema\/logo\/image\/\",\"url\":\"https:\/\/123-esta.com\/wp-content\/uploads\/2018\/03\/logo-123-esta.png\",\"contentUrl\":\"https:\/\/123-esta.com\/wp-content\/uploads\/2018\/03\/logo-123-esta.png\",\"width\":191,\"height\":54,\"caption\":\"Formulaire ESTA pour les USA\"},\"image\":{\"@id\":\"https:\/\/123-esta.com\/pt-pt\/#\/schema\/logo\/image\/\"}}]}<\/script>\n<!-- \/ Yoast SEO plugin. -->","yoast_head_json":{"title":"Formul\u00e1rio ESTA para os EUA","description":"Fornecemos-lhe toda a informa\u00e7\u00e3o necess\u00e1ria para obter facilmente um visto ESTA atrav\u00e9s da Internet, o seu pre\u00e7o e as condi\u00e7\u00f5es para a sua obten\u00e7\u00e3o.","robots":{"index":"index","follow":"follow","max-snippet":"max-snippet:-1","max-image-preview":"max-image-preview:large","max-video-preview":"max-video-preview:-1"},"canonical":"https:\/\/123-esta.com\/pt-pt\/","og_locale":"pt_PT","og_type":"article","og_title":"Formul\u00e1rio ESTA para os EUA","og_description":"Fornecemos-lhe toda a informa\u00e7\u00e3o necess\u00e1ria para obter facilmente um visto ESTA atrav\u00e9s da Internet, o seu pre\u00e7o e as condi\u00e7\u00f5es para a sua obten\u00e7\u00e3o.","og_url":"https:\/\/123-esta.com\/pt-pt\/","og_site_name":"Formulaire ESTA pour les USA","article_modified_time":"2025-12-18T11:33:01+00:00","twitter_card":"summary_large_image","twitter_misc":{"Tempo estimado de leitura":"5 minutos"},"schema":{"@context":"https:\/\/schema.org","@graph":[{"@type":"WebPage","@id":"https:\/\/123-esta.com\/pt-pt\/","url":"https:\/\/123-esta.com\/pt-pt\/","name":"Formul\u00e1rio ESTA para os EUA","isPartOf":{"@id":"https:\/\/123-esta.com\/pt-pt\/#website"},"datePublished":"2022-07-27T19:32:41+00:00","dateModified":"2025-12-18T11:33:01+00:00","description":"Fornecemos-lhe toda a informa\u00e7\u00e3o necess\u00e1ria para obter facilmente um visto ESTA atrav\u00e9s da Internet, o seu pre\u00e7o e as condi\u00e7\u00f5es para a sua obten\u00e7\u00e3o.","inLanguage":"pt-PT","potentialAction":[{"@type":"ReadAction","target":["https:\/\/123-esta.com\/pt-pt\/"]}]},{"@type":"WebSite","@id":"https:\/\/123-esta.com\/pt-pt\/#website","url":"https:\/\/123-esta.com\/pt-pt\/","name":"Formulaire ESTA pour les USA","description":"","publisher":{"@id":"https:\/\/123-esta.com\/pt-pt\/#organization"},"potentialAction":[{"@type":"SearchAction","target":{"@type":"EntryPoint","urlTemplate":"https:\/\/123-esta.com\/pt-pt\/?s={search_term_string}"},"query-input":{"@type":"PropertyValueSpecification","valueRequired":true,"valueName":"search_term_string"}}],"inLanguage":"pt-PT"},{"@type":"Organization","@id":"https:\/\/123-esta.com\/pt-pt\/#organization","name":"Formulaire ESTA pour les USA","url":"https:\/\/123-esta.com\/pt-pt\/","logo":{"@type":"ImageObject","inLanguage":"pt-PT","@id":"https:\/\/123-esta.com\/pt-pt\/#\/schema\/logo\/image\/","url":"https:\/\/123-esta.com\/wp-content\/uploads\/2018\/03\/logo-123-esta.png","contentUrl":"https:\/\/123-esta.com\/wp-content\/uploads\/2018\/03\/logo-123-esta.png","width":191,"height":54,"caption":"Formulaire ESTA pour les USA"},"image":{"@id":"https:\/\/123-esta.com\/pt-pt\/#\/schema\/logo\/image\/"}}]}},"_links":{"self":[{"href":"https:\/\/123-esta.com\/pt-pt\/wp-json\/wp\/v2\/pages\/2143","targetHints":{"allow":["GET"]}}],"collection":[{"href":"https:\/\/123-esta.com\/pt-pt\/wp-json\/wp\/v2\/pages"}],"about":[{"href":"https:\/\/123-esta.com\/pt-pt\/wp-json\/wp\/v2\/types\/page"}],"author":[{"embeddable":true,"href":"https:\/\/123-esta.com\/pt-pt\/wp-json\/wp\/v2\/users\/1"}],"replies":[{"embeddable":true,"href":"https:\/\/123-esta.com\/pt-pt\/wp-json\/wp\/v2\/comments?post=2143"}],"version-history":[{"count":0,"href":"https:\/\/123-esta.com\/pt-pt\/wp-json\/wp\/v2\/pages\/2143\/revisions"}],"wp:attachment":[{"href":"https:\/\/123-esta.com\/pt-pt\/wp-json\/wp\/v2\/media?parent=2143"}],"curies":[{"name":"wp","href":"https:\/\/api.w.org\/{rel}","templated":true}]}}