{"id":2134,"date":"2022-07-27T21:32:40","date_gmt":"2022-07-27T19:32:40","guid":{"rendered":"https:\/\/123-esta.com\/dicas-antes-da-que-voce-mesmo-na-us\/"},"modified":"2022-09-01T09:21:28","modified_gmt":"2022-09-01T07:21:28","slug":"dicas-para-viajar-para-os-eua","status":"publish","type":"page","link":"https:\/\/123-esta.com\/pt-pt\/dicas-para-viajar-para-os-eua\/","title":{"rendered":"Os nossos conselhos para viajar para os Estados Unidos com paz de esp\u00edrito"},"content":{"rendered":"\n<p>Decidiu ir para os Estados Unidos para as suas pr\u00f3ximas f\u00e9rias? Tem o seu passaporte v\u00e1lido, o seu <a href=\"https:\/\/123-esta.com\/pt-pt\/\">ESTA<\/a> no bolso e at\u00e9 j\u00e1 reservou os seus bilhetes de avi\u00e3o? Excelente!<br\/>Quer v\u00e1 a Nova Iorque para visitar a cidade que nunca dorme, quer v\u00e1 l\u00e1 para um curso de <a href=\"https:\/\/123-esta.com\/pt-pt\/idioma-estadia-com-esta\/\">l\u00ednguas<\/a>, aqui est\u00e3o as nossas dicas finais antes da grande partida para estar o mais preparado poss\u00edvel e evitar surpresas desagrad\u00e1veis.<\/p>\n\n<h2 class=\"wp-block-heading\">Visitas e viagens<\/h2>\n\n<p>Se o seu itiner\u00e1rio ainda n\u00e3o foi definido com precis\u00e3o, uma coisa \u00e9 certa: n\u00e3o h\u00e1 falta de destinos para uma <a href=\"https:\/\/123-esta.com\/pt-pt\/o-que-fazer-nos-eua\/\">visita aos EUA<\/a>! Grandes cidades como Nova Iorque s\u00e3o apreciadas pelo seu excesso, enquanto que a Calif\u00f3rnia \u00e9 o lugar a ser para o modo de vida suave. Vai viajar com a sua fam\u00edlia? A Florida, com os seus muitos parques tem\u00e1ticos, far\u00e1 as del\u00edcias de jovens e velhos!<\/p>\n\n<p>Se n\u00e3o se limitar a uma s\u00f3 cidade, o pa\u00eds est\u00e1 bem equipado com infra-estruturas e \u00e9 f\u00e1cil viajar de comboio, autocarro ou mesmo de avi\u00e3o para longas dist\u00e2ncias. Para uma viagem na estrada, um carro alugado ainda \u00e9 a melhor <a href=\"https:\/\/123-esta.com\/pt-pt\/transporte-nos-estados-unidos\/\">forma de se deslocar pelos Estados<\/a> Unidos. A este respeito, \u00e9 importante notar que n\u00e3o \u00e9 necess\u00e1rio solicitar uma carta de condu\u00e7\u00e3o internacional antes de partir, pois a sua carta de condu\u00e7\u00e3o francesa \u00e9 suficiente para alugar um ve\u00edculo.<\/p>\n\n<h2 class=\"wp-block-heading\">Cobertura sanit\u00e1ria e c\u00e2mbio estrangeiro<\/h2>\n\n<p>Deve tamb\u00e9m considerar a subscri\u00e7\u00e3o <a href=\"https:\/\/123-esta.com\/pt-pt\/seguro-de-saude-para-uma-viagem-para-os-estados-unidos\/\">de um seguro de viagem<\/a>. \u00c9 ideal optar por uma ap\u00f3lice de seguro abrangente que cubra, entre outras coisas, parte do tratamento fornecido nos Estados Unidos. Infelizmente, o pa\u00eds \u00e9 not\u00f3rio pelos seus custos m\u00e9dicos muito elevados. O ditado &#8220;mais vale prevenir do que remediar&#8221; \u00e9 particularmente relevante para uma viagem aos EUA, e seria uma pena se um acidente, por menor que seja, cortasse no seu or\u00e7amento de f\u00e9rias.<\/p>\n\n<p>Como sabe, a moeda dos Estados Unidos \u00e9 o d\u00f3lar americano. Ter\u00e1 portanto de mudar os seus euros em d\u00f3lares em algum momento. H\u00e1 muitas op\u00e7\u00f5es para o fazer. Pode trocar o seu dinheiro antes da sua partida ou quando l\u00e1 estiver: no seu banco, num aeroporto, numa <a href=\"https:\/\/123-esta.com\/pt-pt\/como-mudar-a-moeda-para-dolares\/\">casa de c\u00e2mbio<\/a> ou levantar dinheiro das caixas multibanco.<\/p>\n\n<h2 class=\"wp-block-heading\">Cultura americana<\/h2>\n\n<p>Finalmente, a descoberta de outra cultura \u00e9 o que torna uma viagem ao estrangeiro t\u00e3o encantadora, e a gastronomia faz parte disso. A comida r\u00e1pida, e os seus muitos representantes no nosso pa\u00eds, \u00e9, evidentemente, um alimento b\u00e1sico da <a href=\"https:\/\/123-esta.com\/pt-pt\/la-cuisina-americaina\/\">cozinha americana<\/a>. No entanto, as especialidades culin\u00e1rias do pa\u00eds n\u00e3o se limitam ao hamb\u00farguer ou ao cachorro-quente. Os Estados Unidos s\u00e3o compostos por 50 estados, cada um com a sua pr\u00f3pria especialidade culin\u00e1ria, da carne ao peixe, da comida saud\u00e1vel \u00e0 junk food, h\u00e1 algo para todos!<\/p>\n\n<p>Tamb\u00e9m n\u00e3o fique surpreendido se os americanos se aproximarem de si na rua. Os americanos s\u00e3o muito acolhedores e tamb\u00e9m curiosos, como pa\u00eds de imigrantes. Se isto lhe acontecer, ser\u00e1 uma oportunidade para interagir, aprender sobre a cultura do pa\u00eds e praticar o seu ingl\u00eas.<\/p>\n","protected":false},"excerpt":{"rendered":"<p>Decidiu ir para os Estados Unidos para as suas pr\u00f3ximas f\u00e9rias? Tem o seu passaporte v\u00e1lido, o seu ESTA no bolso e at\u00e9 j\u00e1 reservou os seus bilhetes de avi\u00e3o? Excelente!Quer v\u00e1 a Nova Iorque para visitar a cidade que nunca dorme, quer v\u00e1 l\u00e1 para um curso de l\u00ednguas, aqui est\u00e3o as nossas dicas [&hellip;]<\/p>\n","protected":false},"author":1,"featured_media":0,"parent":0,"menu_order":0,"comment_status":"closed","ping_status":"closed","template":"","meta":{"site-sidebar-layout":"default","site-content-layout":"default","ast-site-content-layout":"default","site-content-style":"default","site-sidebar-style":"default","ast-global-header-display":"","ast-banner-title-visibility":"","ast-main-header-display":"","ast-hfb-above-header-display":"","ast-hfb-below-header-display":"","ast-hfb-mobile-header-display":"","site-post-title":"","ast-breadcrumbs-content":"","ast-featured-img":"","footer-sml-layout":"","ast-disable-related-posts":"","theme-transparent-header-meta":"default","adv-header-id-meta":"","stick-header-meta":"default","header-above-stick-meta":"","header-main-stick-meta":"","header-below-stick-meta":"","astra-migrate-meta-layouts":"default","ast-page-background-enabled":"default","ast-page-background-meta":{"desktop":{"background-color":"","background-image":"","background-repeat":"repeat","background-position":"center center","background-size":"auto","background-attachment":"scroll","background-type":"","background-media":"","overlay-type":"","overlay-color":"","overlay-opacity":"","overlay-gradient":""},"tablet":{"background-color":"","background-image":"","background-repeat":"repeat","background-position":"center center","background-size":"auto","background-attachment":"scroll","background-type":"","background-media":"","overlay-type":"","overlay-color":"","overlay-opacity":"","overlay-gradient":""},"mobile":{"background-color":"","background-image":"","background-repeat":"repeat","background-position":"center center","background-size":"auto","background-attachment":"scroll","background-type":"","background-media":"","overlay-type":"","overlay-color":"","overlay-opacity":"","overlay-gradient":""}},"ast-content-background-meta":{"desktop":{"background-color":"var(--ast-global-color-5)","background-image":"","background-repeat":"repeat","background-position":"center center","background-size":"auto","background-attachment":"scroll","background-type":"","background-media":"","overlay-type":"","overlay-color":"","overlay-opacity":"","overlay-gradient":""},"tablet":{"background-color":"var(--ast-global-color-5)","background-image":"","background-repeat":"repeat","background-position":"center center","background-size":"auto","background-attachment":"scroll","background-type":"","background-media":"","overlay-type":"","overlay-color":"","overlay-opacity":"","overlay-gradient":""},"mobile":{"background-color":"var(--ast-global-color-5)","background-image":"","background-repeat":"repeat","background-position":"center center","background-size":"auto","background-attachment":"scroll","background-type":"","background-media":"","overlay-type":"","overlay-color":"","overlay-opacity":"","overlay-gradient":""}},"footnotes":""},"class_list":["post-2134","page","type-page","status-publish","hentry"],"yoast_head":"<!-- This site is optimized with the Yoast SEO plugin v27.1.1 - https:\/\/yoast.com\/product\/yoast-seo-wordpress\/ -->\n<title>Os nossos conselhos para preparar a sua viagem aos Estados Unidos<\/title>\n<meta name=\"description\" content=\"Os viajantes que desejem visitar os Estados Unidos devem preparar cuidadosamente o seu programa. Encontre aqui as nossas dicas para umas f\u00e9rias de sucesso.\" \/>\n<meta name=\"robots\" content=\"index, follow, max-snippet:-1, max-image-preview:large, max-video-preview:-1\" \/>\n<link rel=\"canonical\" href=\"https:\/\/123-esta.com\/pt-pt\/dicas-para-viajar-para-os-eua\/\" \/>\n<meta property=\"og:locale\" content=\"pt_PT\" \/>\n<meta property=\"og:type\" content=\"article\" \/>\n<meta property=\"og:title\" content=\"Os nossos conselhos para preparar a sua viagem aos Estados Unidos\" \/>\n<meta property=\"og:description\" content=\"Os viajantes que desejem visitar os Estados Unidos devem preparar cuidadosamente o seu programa. Encontre aqui as nossas dicas para umas f\u00e9rias de sucesso.\" \/>\n<meta property=\"og:url\" content=\"https:\/\/123-esta.com\/pt-pt\/dicas-para-viajar-para-os-eua\/\" \/>\n<meta property=\"og:site_name\" content=\"Formulaire ESTA pour les USA\" \/>\n<meta property=\"article:modified_time\" content=\"2022-09-01T07:21:28+00:00\" \/>\n<meta name=\"twitter:card\" content=\"summary_large_image\" \/>\n<meta name=\"twitter:label1\" content=\"Tempo estimado de leitura\" \/>\n\t<meta name=\"twitter:data1\" content=\"3 minutos\" \/>\n<script type=\"application\/ld+json\" class=\"yoast-schema-graph\">{\"@context\":\"https:\/\/schema.org\",\"@graph\":[{\"@type\":\"WebPage\",\"@id\":\"https:\/\/123-esta.com\/pt-pt\/dicas-para-viajar-para-os-eua\/\",\"url\":\"https:\/\/123-esta.com\/pt-pt\/dicas-para-viajar-para-os-eua\/\",\"name\":\"Os nossos conselhos para preparar a sua viagem aos Estados Unidos\",\"isPartOf\":{\"@id\":\"https:\/\/123-esta.com\/pt-pt\/#website\"},\"datePublished\":\"2022-07-27T19:32:40+00:00\",\"dateModified\":\"2022-09-01T07:21:28+00:00\",\"description\":\"Os viajantes que desejem visitar os Estados Unidos devem preparar cuidadosamente o seu programa. Encontre aqui as nossas dicas para umas f\u00e9rias de sucesso.\",\"inLanguage\":\"pt-PT\",\"potentialAction\":[{\"@type\":\"ReadAction\",\"target\":[\"https:\/\/123-esta.com\/pt-pt\/dicas-para-viajar-para-os-eua\/\"]}]},{\"@type\":\"WebSite\",\"@id\":\"https:\/\/123-esta.com\/pt-pt\/#website\",\"url\":\"https:\/\/123-esta.com\/pt-pt\/\",\"name\":\"Formulaire ESTA pour les USA\",\"description\":\"\",\"publisher\":{\"@id\":\"https:\/\/123-esta.com\/pt-pt\/#organization\"},\"potentialAction\":[{\"@type\":\"SearchAction\",\"target\":{\"@type\":\"EntryPoint\",\"urlTemplate\":\"https:\/\/123-esta.com\/pt-pt\/?s={search_term_string}\"},\"query-input\":{\"@type\":\"PropertyValueSpecification\",\"valueRequired\":true,\"valueName\":\"search_term_string\"}}],\"inLanguage\":\"pt-PT\"},{\"@type\":\"Organization\",\"@id\":\"https:\/\/123-esta.com\/pt-pt\/#organization\",\"name\":\"Formulaire ESTA pour les USA\",\"url\":\"https:\/\/123-esta.com\/pt-pt\/\",\"logo\":{\"@type\":\"ImageObject\",\"inLanguage\":\"pt-PT\",\"@id\":\"https:\/\/123-esta.com\/pt-pt\/#\/schema\/logo\/image\/\",\"url\":\"https:\/\/123-esta.com\/wp-content\/uploads\/2018\/03\/logo-123-esta.png\",\"contentUrl\":\"https:\/\/123-esta.com\/wp-content\/uploads\/2018\/03\/logo-123-esta.png\",\"width\":191,\"height\":54,\"caption\":\"Formulaire ESTA pour les USA\"},\"image\":{\"@id\":\"https:\/\/123-esta.com\/pt-pt\/#\/schema\/logo\/image\/\"}}]}<\/script>\n<!-- \/ Yoast SEO plugin. -->","yoast_head_json":{"title":"Os nossos conselhos para preparar a sua viagem aos Estados Unidos","description":"Os viajantes que desejem visitar os Estados Unidos devem preparar cuidadosamente o seu programa. Encontre aqui as nossas dicas para umas f\u00e9rias de sucesso.","robots":{"index":"index","follow":"follow","max-snippet":"max-snippet:-1","max-image-preview":"max-image-preview:large","max-video-preview":"max-video-preview:-1"},"canonical":"https:\/\/123-esta.com\/pt-pt\/dicas-para-viajar-para-os-eua\/","og_locale":"pt_PT","og_type":"article","og_title":"Os nossos conselhos para preparar a sua viagem aos Estados Unidos","og_description":"Os viajantes que desejem visitar os Estados Unidos devem preparar cuidadosamente o seu programa. Encontre aqui as nossas dicas para umas f\u00e9rias de sucesso.","og_url":"https:\/\/123-esta.com\/pt-pt\/dicas-para-viajar-para-os-eua\/","og_site_name":"Formulaire ESTA pour les USA","article_modified_time":"2022-09-01T07:21:28+00:00","twitter_card":"summary_large_image","twitter_misc":{"Tempo estimado de leitura":"3 minutos"},"schema":{"@context":"https:\/\/schema.org","@graph":[{"@type":"WebPage","@id":"https:\/\/123-esta.com\/pt-pt\/dicas-para-viajar-para-os-eua\/","url":"https:\/\/123-esta.com\/pt-pt\/dicas-para-viajar-para-os-eua\/","name":"Os nossos conselhos para preparar a sua viagem aos Estados Unidos","isPartOf":{"@id":"https:\/\/123-esta.com\/pt-pt\/#website"},"datePublished":"2022-07-27T19:32:40+00:00","dateModified":"2022-09-01T07:21:28+00:00","description":"Os viajantes que desejem visitar os Estados Unidos devem preparar cuidadosamente o seu programa. Encontre aqui as nossas dicas para umas f\u00e9rias de sucesso.","inLanguage":"pt-PT","potentialAction":[{"@type":"ReadAction","target":["https:\/\/123-esta.com\/pt-pt\/dicas-para-viajar-para-os-eua\/"]}]},{"@type":"WebSite","@id":"https:\/\/123-esta.com\/pt-pt\/#website","url":"https:\/\/123-esta.com\/pt-pt\/","name":"Formulaire ESTA pour les USA","description":"","publisher":{"@id":"https:\/\/123-esta.com\/pt-pt\/#organization"},"potentialAction":[{"@type":"SearchAction","target":{"@type":"EntryPoint","urlTemplate":"https:\/\/123-esta.com\/pt-pt\/?s={search_term_string}"},"query-input":{"@type":"PropertyValueSpecification","valueRequired":true,"valueName":"search_term_string"}}],"inLanguage":"pt-PT"},{"@type":"Organization","@id":"https:\/\/123-esta.com\/pt-pt\/#organization","name":"Formulaire ESTA pour les USA","url":"https:\/\/123-esta.com\/pt-pt\/","logo":{"@type":"ImageObject","inLanguage":"pt-PT","@id":"https:\/\/123-esta.com\/pt-pt\/#\/schema\/logo\/image\/","url":"https:\/\/123-esta.com\/wp-content\/uploads\/2018\/03\/logo-123-esta.png","contentUrl":"https:\/\/123-esta.com\/wp-content\/uploads\/2018\/03\/logo-123-esta.png","width":191,"height":54,"caption":"Formulaire ESTA pour les USA"},"image":{"@id":"https:\/\/123-esta.com\/pt-pt\/#\/schema\/logo\/image\/"}}]}},"_links":{"self":[{"href":"https:\/\/123-esta.com\/pt-pt\/wp-json\/wp\/v2\/pages\/2134","targetHints":{"allow":["GET"]}}],"collection":[{"href":"https:\/\/123-esta.com\/pt-pt\/wp-json\/wp\/v2\/pages"}],"about":[{"href":"https:\/\/123-esta.com\/pt-pt\/wp-json\/wp\/v2\/types\/page"}],"author":[{"embeddable":true,"href":"https:\/\/123-esta.com\/pt-pt\/wp-json\/wp\/v2\/users\/1"}],"replies":[{"embeddable":true,"href":"https:\/\/123-esta.com\/pt-pt\/wp-json\/wp\/v2\/comments?post=2134"}],"version-history":[{"count":0,"href":"https:\/\/123-esta.com\/pt-pt\/wp-json\/wp\/v2\/pages\/2134\/revisions"}],"wp:attachment":[{"href":"https:\/\/123-esta.com\/pt-pt\/wp-json\/wp\/v2\/media?parent=2134"}],"curies":[{"name":"wp","href":"https:\/\/api.w.org\/{rel}","templated":true}]}}