{"id":2131,"date":"2022-07-27T21:32:40","date_gmt":"2022-07-27T19:32:40","guid":{"rendered":"https:\/\/123-esta.com\/la-cuisina-americaina\/"},"modified":"2022-08-23T23:32:39","modified_gmt":"2022-08-23T21:32:39","slug":"la-cuisina-americaina","status":"publish","type":"page","link":"https:\/\/123-esta.com\/pt-pt\/la-cuisina-americaina\/","title":{"rendered":"Cozinha americana &#8211; um must para a sua viagem"},"content":{"rendered":"\n<p>A cozinha americana sofre de uma imerecida falta de reconhecimento a n\u00edvel mundial. Isto porque para os n\u00e3o iniciados, a cozinha americana significa comida frita e junk food. A globaliza\u00e7\u00e3o da comida r\u00e1pida americana desempenhou um papel negativo no que acreditamos saber actualmente sobre a gastronomia americana. No entanto, seguindo os <a href=\"https:\/\/123-esta.com\/pt-pt\/dicas-para-viajar-para-os-eua\/\">nossos conselhos sobre os EUA<\/a>, pode encontrar a comida certa para si.<\/p>\n\n<p>Antes de ir mais longe, \u00e9 de notar que a fast food s\u00f3 foi democratizada no in\u00edcio dos anos 40, mais precisamente em 1937, com a cria\u00e7\u00e3o da multinacional McDonalds. A cozinha americana, no entanto, \u00e9 mais antiga do que isso. A Wikip\u00e9dia diz-nos que as receitas tradicionais dos \u00edndios americanos s\u00e3o hoje em dia bem preservadas e consideradas como patrim\u00f3nio cultural americano.<\/p>\n\n<h2 class=\"wp-block-heading\">Gastronomia americana<\/h2>\n\n<p>A grandeza dos Estados Unidos reflecte-se na sua cultura rica e diversificada. Cada estado tem a sua pr\u00f3pria cultura que o diferencia dos outros, e o mesmo se aplica \u00e0 cozinha americana. \u00c0 primeira vista, \u00e9 como uma mistura perfeita dos conhecimentos culin\u00e1rios dos imigrantes que vieram para o pa\u00eds desde o s\u00e9culo XVI.<\/p>\n\n<p><a href=\"https:\/\/123-esta.com\/pt-pt\/comida-eua-fazendo-a-escolha-certa\/\">Algumas especialidades americanas<\/a>, tais como o famoso hamb\u00farguer, n\u00e3o foram inventadas pelos americanos. No entanto, os americanos ainda lhe dedicam um dia nacional (28 de Maio).<\/p>\n\n<p>Cada estado nos Estados Unidos tem a sua pr\u00f3pria especialidade, e alguns pratos tornaram-se populares e tornaram-se uma especialidade americana por direito pr\u00f3prio. No departamento dos doces: panquecas, donuts, brownies, muffins, etc.; e no departamento dos salgados: rolo de carne de bacon, bife e ovo, rolo de lagosta de Maine (um rolo de cachorro quente com lagosta, legumes e um bom molho), piment\u00e3o com carne, Mac e Queijo, e claro, o cachorro quente.<\/p>\n\n<h2 class=\"wp-block-heading\">Os famosos restaurantes de fast-food americanos<\/h2>\n\n<p>Depois de o levar a suspeitar do lado ignorado da cozinha americana, vamos dar uma breve vista de olhos aos famosos restaurantes de comida r\u00e1pida que se deram a conhecer ao mundo.<\/p>\n\n<p>Como acab\u00e1mos de dizer, o hamb\u00farguer n\u00e3o \u00e9 americano, mas os EUA aperfei\u00e7oaram-no e at\u00e9 fizeram dele o seu pr\u00f3prio hamb\u00farguer. Existem v\u00e1rias marcas americanas de fast-food, a maioria das quais se espalharam pela Europa: McDonald&#8217;s, Burger King, Denny&#8217;s, Taco Bell, Pizza Hut, KFC, etc. A lista \u00e9 longa.<\/p>\n\n<p>Nestas lojas, ser-lhe-\u00e3o servidas por\u00e7\u00f5es generosas de comida deliciosa que tem um sabor um pouco diferente dos das filiais locais. Fique descansado, todos correm o risco de engordar alguns quilos durante as f\u00e9rias, independentemente do local para onde se v\u00e1. Comer um ou dois hamb\u00fargueres nos EUA n\u00e3o vai fazer mal. Por outro lado, comer apenas isto, mesmo aqui em Fran\u00e7a, pode ser prejudicial para a sua sa\u00fade. Mas \u00e9 dif\u00edcil resistir ao vendedor de cachorros quentes na Time Square! Vale definitivamente a pena uma visita para aqueles que passam por Nova Iorque.<\/p>\n","protected":false},"excerpt":{"rendered":"<p>A cozinha americana sofre de uma imerecida falta de reconhecimento a n\u00edvel mundial. Isto porque para os n\u00e3o iniciados, a cozinha americana significa comida frita e junk food. A globaliza\u00e7\u00e3o da comida r\u00e1pida americana desempenhou um papel negativo no que acreditamos saber actualmente sobre a gastronomia americana. No entanto, seguindo os nossos conselhos sobre os [&hellip;]<\/p>\n","protected":false},"author":1,"featured_media":0,"parent":0,"menu_order":0,"comment_status":"closed","ping_status":"closed","template":"","meta":{"site-sidebar-layout":"default","site-content-layout":"default","ast-site-content-layout":"default","site-content-style":"default","site-sidebar-style":"default","ast-global-header-display":"","ast-banner-title-visibility":"","ast-main-header-display":"","ast-hfb-above-header-display":"","ast-hfb-below-header-display":"","ast-hfb-mobile-header-display":"","site-post-title":"","ast-breadcrumbs-content":"","ast-featured-img":"","footer-sml-layout":"","ast-disable-related-posts":"","theme-transparent-header-meta":"default","adv-header-id-meta":"","stick-header-meta":"default","header-above-stick-meta":"","header-main-stick-meta":"","header-below-stick-meta":"","astra-migrate-meta-layouts":"default","ast-page-background-enabled":"default","ast-page-background-meta":{"desktop":{"background-color":"","background-image":"","background-repeat":"repeat","background-position":"center center","background-size":"auto","background-attachment":"scroll","background-type":"","background-media":"","overlay-type":"","overlay-color":"","overlay-opacity":"","overlay-gradient":""},"tablet":{"background-color":"","background-image":"","background-repeat":"repeat","background-position":"center center","background-size":"auto","background-attachment":"scroll","background-type":"","background-media":"","overlay-type":"","overlay-color":"","overlay-opacity":"","overlay-gradient":""},"mobile":{"background-color":"","background-image":"","background-repeat":"repeat","background-position":"center center","background-size":"auto","background-attachment":"scroll","background-type":"","background-media":"","overlay-type":"","overlay-color":"","overlay-opacity":"","overlay-gradient":""}},"ast-content-background-meta":{"desktop":{"background-color":"var(--ast-global-color-5)","background-image":"","background-repeat":"repeat","background-position":"center center","background-size":"auto","background-attachment":"scroll","background-type":"","background-media":"","overlay-type":"","overlay-color":"","overlay-opacity":"","overlay-gradient":""},"tablet":{"background-color":"var(--ast-global-color-5)","background-image":"","background-repeat":"repeat","background-position":"center center","background-size":"auto","background-attachment":"scroll","background-type":"","background-media":"","overlay-type":"","overlay-color":"","overlay-opacity":"","overlay-gradient":""},"mobile":{"background-color":"var(--ast-global-color-5)","background-image":"","background-repeat":"repeat","background-position":"center center","background-size":"auto","background-attachment":"scroll","background-type":"","background-media":"","overlay-type":"","overlay-color":"","overlay-opacity":"","overlay-gradient":""}},"footnotes":""},"class_list":["post-2131","page","type-page","status-publish","hentry"],"yoast_head":"<!-- This site is optimized with the Yoast SEO plugin v27.1.1 - https:\/\/yoast.com\/product\/yoast-seo-wordpress\/ -->\n<title>A cozinha americana - uma descoberta imperd\u00edvel<\/title>\n<meta name=\"description\" content=\"Aqui est\u00e1 uma pequena excurs\u00e3o \u00e0 cozinha americana e \u00e0 riqueza culin\u00e1ria dos Estados Unidos. A comida r\u00e1pida americana tamb\u00e9m ser\u00e1 discutida.\" \/>\n<meta name=\"robots\" content=\"index, follow, max-snippet:-1, max-image-preview:large, max-video-preview:-1\" \/>\n<link rel=\"canonical\" href=\"https:\/\/123-esta.com\/pt-pt\/la-cuisina-americaina\/\" \/>\n<meta property=\"og:locale\" content=\"pt_PT\" \/>\n<meta property=\"og:type\" content=\"article\" \/>\n<meta property=\"og:title\" content=\"A cozinha americana - uma descoberta imperd\u00edvel\" \/>\n<meta property=\"og:description\" content=\"Aqui est\u00e1 uma pequena excurs\u00e3o \u00e0 cozinha americana e \u00e0 riqueza culin\u00e1ria dos Estados Unidos. A comida r\u00e1pida americana tamb\u00e9m ser\u00e1 discutida.\" \/>\n<meta property=\"og:url\" content=\"https:\/\/123-esta.com\/pt-pt\/la-cuisina-americaina\/\" \/>\n<meta property=\"og:site_name\" content=\"Formulaire ESTA pour les USA\" \/>\n<meta property=\"article:modified_time\" content=\"2022-08-23T21:32:39+00:00\" \/>\n<meta name=\"twitter:card\" content=\"summary_large_image\" \/>\n<meta name=\"twitter:label1\" content=\"Tempo estimado de leitura\" \/>\n\t<meta name=\"twitter:data1\" content=\"2 minutos\" \/>\n<script type=\"application\/ld+json\" class=\"yoast-schema-graph\">{\"@context\":\"https:\/\/schema.org\",\"@graph\":[{\"@type\":\"WebPage\",\"@id\":\"https:\/\/123-esta.com\/pt-pt\/la-cuisina-americaina\/\",\"url\":\"https:\/\/123-esta.com\/pt-pt\/la-cuisina-americaina\/\",\"name\":\"A cozinha americana - uma descoberta imperd\u00edvel\",\"isPartOf\":{\"@id\":\"https:\/\/123-esta.com\/pt-pt\/#website\"},\"datePublished\":\"2022-07-27T19:32:40+00:00\",\"dateModified\":\"2022-08-23T21:32:39+00:00\",\"description\":\"Aqui est\u00e1 uma pequena excurs\u00e3o \u00e0 cozinha americana e \u00e0 riqueza culin\u00e1ria dos Estados Unidos. A comida r\u00e1pida americana tamb\u00e9m ser\u00e1 discutida.\",\"inLanguage\":\"pt-PT\",\"potentialAction\":[{\"@type\":\"ReadAction\",\"target\":[\"https:\/\/123-esta.com\/pt-pt\/la-cuisina-americaina\/\"]}]},{\"@type\":\"WebSite\",\"@id\":\"https:\/\/123-esta.com\/pt-pt\/#website\",\"url\":\"https:\/\/123-esta.com\/pt-pt\/\",\"name\":\"Formulaire ESTA pour les USA\",\"description\":\"\",\"publisher\":{\"@id\":\"https:\/\/123-esta.com\/pt-pt\/#organization\"},\"potentialAction\":[{\"@type\":\"SearchAction\",\"target\":{\"@type\":\"EntryPoint\",\"urlTemplate\":\"https:\/\/123-esta.com\/pt-pt\/?s={search_term_string}\"},\"query-input\":{\"@type\":\"PropertyValueSpecification\",\"valueRequired\":true,\"valueName\":\"search_term_string\"}}],\"inLanguage\":\"pt-PT\"},{\"@type\":\"Organization\",\"@id\":\"https:\/\/123-esta.com\/pt-pt\/#organization\",\"name\":\"Formulaire ESTA pour les USA\",\"url\":\"https:\/\/123-esta.com\/pt-pt\/\",\"logo\":{\"@type\":\"ImageObject\",\"inLanguage\":\"pt-PT\",\"@id\":\"https:\/\/123-esta.com\/pt-pt\/#\/schema\/logo\/image\/\",\"url\":\"https:\/\/123-esta.com\/wp-content\/uploads\/2018\/03\/logo-123-esta.png\",\"contentUrl\":\"https:\/\/123-esta.com\/wp-content\/uploads\/2018\/03\/logo-123-esta.png\",\"width\":191,\"height\":54,\"caption\":\"Formulaire ESTA pour les USA\"},\"image\":{\"@id\":\"https:\/\/123-esta.com\/pt-pt\/#\/schema\/logo\/image\/\"}}]}<\/script>\n<!-- \/ Yoast SEO plugin. -->","yoast_head_json":{"title":"A cozinha americana - uma descoberta imperd\u00edvel","description":"Aqui est\u00e1 uma pequena excurs\u00e3o \u00e0 cozinha americana e \u00e0 riqueza culin\u00e1ria dos Estados Unidos. A comida r\u00e1pida americana tamb\u00e9m ser\u00e1 discutida.","robots":{"index":"index","follow":"follow","max-snippet":"max-snippet:-1","max-image-preview":"max-image-preview:large","max-video-preview":"max-video-preview:-1"},"canonical":"https:\/\/123-esta.com\/pt-pt\/la-cuisina-americaina\/","og_locale":"pt_PT","og_type":"article","og_title":"A cozinha americana - uma descoberta imperd\u00edvel","og_description":"Aqui est\u00e1 uma pequena excurs\u00e3o \u00e0 cozinha americana e \u00e0 riqueza culin\u00e1ria dos Estados Unidos. A comida r\u00e1pida americana tamb\u00e9m ser\u00e1 discutida.","og_url":"https:\/\/123-esta.com\/pt-pt\/la-cuisina-americaina\/","og_site_name":"Formulaire ESTA pour les USA","article_modified_time":"2022-08-23T21:32:39+00:00","twitter_card":"summary_large_image","twitter_misc":{"Tempo estimado de leitura":"2 minutos"},"schema":{"@context":"https:\/\/schema.org","@graph":[{"@type":"WebPage","@id":"https:\/\/123-esta.com\/pt-pt\/la-cuisina-americaina\/","url":"https:\/\/123-esta.com\/pt-pt\/la-cuisina-americaina\/","name":"A cozinha americana - uma descoberta imperd\u00edvel","isPartOf":{"@id":"https:\/\/123-esta.com\/pt-pt\/#website"},"datePublished":"2022-07-27T19:32:40+00:00","dateModified":"2022-08-23T21:32:39+00:00","description":"Aqui est\u00e1 uma pequena excurs\u00e3o \u00e0 cozinha americana e \u00e0 riqueza culin\u00e1ria dos Estados Unidos. A comida r\u00e1pida americana tamb\u00e9m ser\u00e1 discutida.","inLanguage":"pt-PT","potentialAction":[{"@type":"ReadAction","target":["https:\/\/123-esta.com\/pt-pt\/la-cuisina-americaina\/"]}]},{"@type":"WebSite","@id":"https:\/\/123-esta.com\/pt-pt\/#website","url":"https:\/\/123-esta.com\/pt-pt\/","name":"Formulaire ESTA pour les USA","description":"","publisher":{"@id":"https:\/\/123-esta.com\/pt-pt\/#organization"},"potentialAction":[{"@type":"SearchAction","target":{"@type":"EntryPoint","urlTemplate":"https:\/\/123-esta.com\/pt-pt\/?s={search_term_string}"},"query-input":{"@type":"PropertyValueSpecification","valueRequired":true,"valueName":"search_term_string"}}],"inLanguage":"pt-PT"},{"@type":"Organization","@id":"https:\/\/123-esta.com\/pt-pt\/#organization","name":"Formulaire ESTA pour les USA","url":"https:\/\/123-esta.com\/pt-pt\/","logo":{"@type":"ImageObject","inLanguage":"pt-PT","@id":"https:\/\/123-esta.com\/pt-pt\/#\/schema\/logo\/image\/","url":"https:\/\/123-esta.com\/wp-content\/uploads\/2018\/03\/logo-123-esta.png","contentUrl":"https:\/\/123-esta.com\/wp-content\/uploads\/2018\/03\/logo-123-esta.png","width":191,"height":54,"caption":"Formulaire ESTA pour les USA"},"image":{"@id":"https:\/\/123-esta.com\/pt-pt\/#\/schema\/logo\/image\/"}}]}},"_links":{"self":[{"href":"https:\/\/123-esta.com\/pt-pt\/wp-json\/wp\/v2\/pages\/2131","targetHints":{"allow":["GET"]}}],"collection":[{"href":"https:\/\/123-esta.com\/pt-pt\/wp-json\/wp\/v2\/pages"}],"about":[{"href":"https:\/\/123-esta.com\/pt-pt\/wp-json\/wp\/v2\/types\/page"}],"author":[{"embeddable":true,"href":"https:\/\/123-esta.com\/pt-pt\/wp-json\/wp\/v2\/users\/1"}],"replies":[{"embeddable":true,"href":"https:\/\/123-esta.com\/pt-pt\/wp-json\/wp\/v2\/comments?post=2131"}],"version-history":[{"count":0,"href":"https:\/\/123-esta.com\/pt-pt\/wp-json\/wp\/v2\/pages\/2131\/revisions"}],"wp:attachment":[{"href":"https:\/\/123-esta.com\/pt-pt\/wp-json\/wp\/v2\/media?parent=2131"}],"curies":[{"name":"wp","href":"https:\/\/api.w.org\/{rel}","templated":true}]}}