{"id":2123,"date":"2022-07-27T21:32:39","date_gmt":"2022-07-27T19:32:39","guid":{"rendered":"https:\/\/123-esta.com\/food-usa-good-chood-choice\/"},"modified":"2022-08-23T23:03:27","modified_gmt":"2022-08-23T21:03:27","slug":"comida-eua-fazendo-a-escolha-certa","status":"publish","type":"page","link":"https:\/\/123-esta.com\/pt-pt\/comida-eua-fazendo-a-escolha-certa\/","title":{"rendered":"Fazer a escolha alimentar certa nos EUA"},"content":{"rendered":"<p>Com uma popula\u00e7\u00e3o de mais de 320 milh\u00f5es de habitantes, os EUA n\u00e3o t\u00eam exactamente falta de alimentos. O pa\u00eds \u00e9 infelizmente conhecido pela obesidade de uma grande parte da sua popula\u00e7\u00e3o.<\/p>\n<h2>Como comer bem nos EUA?<\/h2>\n<p>Nos EUA, ser\u00e1 sempre f\u00e1cil encontrar uma vasta selec\u00e7\u00e3o de restaurantes e pontos de venda de fast food. Em termos da primeira, n\u00e3o ter\u00e1 dificuldade em encontrar muita escolha nas grandes cidades, bem como <a href=\"https:\/\/123-esta.com\/pt-pt\/la-cuisina-americaina\/\">bons restaurantes culin\u00e1rios<\/a>, embora muitas vezes tenha de pagar um pre\u00e7o.<\/p>\n<p>Em \u00e1reas mais remotas, poder\u00e1 ter de se habituar a h\u00e1bitos alimentares diferentes. Isto pode ser uma boa ou m\u00e1 not\u00edcia. Quem sabe, pode at\u00e9 gostar da sopa de milho com feij\u00e3o vermelho t\u00edpica das regi\u00f5es fronteiri\u00e7as com o M\u00e9xico? Tamb\u00e9m \u00e9 poss\u00edvel que n\u00e3o lhe agrade nada&#8230;<\/p>\n<p>Na pior das hip\u00f3teses, pode sempre contar com o restaurante de fast food local para satisfazer as suas necessidades cal\u00f3ricas. Por sua conta e risco!<\/p>\n<p>Note que, se reservar um quarto de hotel, ver\u00e1 muitas vezes que o pequeno-almo\u00e7o, almo\u00e7o e jantar est\u00e3o inclu\u00eddos no pre\u00e7o do quarto, o que pode ser \u00fatil se ficar no mesmo local durante v\u00e1rios dias.<\/p>\n<p>Finalmente, n\u00e3o se esque\u00e7a que se viajar de carro atrav\u00e9s dos amplos espa\u00e7os abertos da Am\u00e9rica, a viagem para encontrar um lugar para comer pode por vezes ser muito longa.<\/p>\n<h2>Dicas e truques<\/h2>\n<p>\u00c9 aconselh\u00e1vel comprar um refrigerador se decidir ir para longe ou se n\u00e3o puder pagar um restaurante ou uma mercearia. Isto permitir-lhe-\u00e1 comer uma dieta mais equilibrada do que a m\u00e9dia americana, e a um pre\u00e7o mais baixo. Compre um pouco de gelado e armazene tudo o que precisar no supermercado mais pr\u00f3ximo: fruta, legumes, leite, etc. Com um pouco de imagina\u00e7\u00e3o, dever\u00e1 ser capaz de fazer qualquer tipo de salada que queira.<\/p>\n<p>Em caso de dificuldades ou viagens longas fora das cidades, a op\u00e7\u00e3o de piquenique com comida enlatada pode tamb\u00e9m ajud\u00e1-lo.<\/p>\n<p>Tamb\u00e9m \u00fatil \u00e9 o facto de que as Salad Bars se encontram em todo o lado nos EUA. Estes s\u00e3o racks de saladas frescas com o molho da sua escolha que pode comer com p\u00e3o e queijo, se lhe apetecer. H\u00e1 tamb\u00e9m muitas cadeias que oferecem diferentes produtos alimentares de acordo com a sua especialidade.<\/p>\n<p>Como pode ver, \u00e9 poss\u00edvel encontrar tudo o que lhe convier nos Estados Unidos. Ainda que seja aconselh\u00e1vel n\u00e3o ter demasiadas expectativas quando se vai para o estrangeiro. As surpresas s\u00e3o ainda melhores!<\/p>\n","protected":false},"excerpt":{"rendered":"<p>Com uma popula\u00e7\u00e3o de mais de 320 milh\u00f5es de habitantes, os EUA n\u00e3o t\u00eam exactamente falta de alimentos. O pa\u00eds \u00e9 infelizmente conhecido pela obesidade de uma grande parte da sua popula\u00e7\u00e3o. Como comer bem nos EUA? Nos EUA, ser\u00e1 sempre f\u00e1cil encontrar uma vasta selec\u00e7\u00e3o de restaurantes e pontos de venda de fast food. [&hellip;]<\/p>\n","protected":false},"author":1,"featured_media":0,"parent":0,"menu_order":0,"comment_status":"closed","ping_status":"closed","template":"","meta":{"site-sidebar-layout":"default","site-content-layout":"default","ast-site-content-layout":"default","site-content-style":"default","site-sidebar-style":"default","ast-global-header-display":"","ast-banner-title-visibility":"","ast-main-header-display":"","ast-hfb-above-header-display":"","ast-hfb-below-header-display":"","ast-hfb-mobile-header-display":"","site-post-title":"","ast-breadcrumbs-content":"","ast-featured-img":"","footer-sml-layout":"","ast-disable-related-posts":"","theme-transparent-header-meta":"default","adv-header-id-meta":"","stick-header-meta":"default","header-above-stick-meta":"","header-main-stick-meta":"","header-below-stick-meta":"","astra-migrate-meta-layouts":"default","ast-page-background-enabled":"default","ast-page-background-meta":{"desktop":{"background-color":"","background-image":"","background-repeat":"repeat","background-position":"center center","background-size":"auto","background-attachment":"scroll","background-type":"","background-media":"","overlay-type":"","overlay-color":"","overlay-opacity":"","overlay-gradient":""},"tablet":{"background-color":"","background-image":"","background-repeat":"repeat","background-position":"center center","background-size":"auto","background-attachment":"scroll","background-type":"","background-media":"","overlay-type":"","overlay-color":"","overlay-opacity":"","overlay-gradient":""},"mobile":{"background-color":"","background-image":"","background-repeat":"repeat","background-position":"center center","background-size":"auto","background-attachment":"scroll","background-type":"","background-media":"","overlay-type":"","overlay-color":"","overlay-opacity":"","overlay-gradient":""}},"ast-content-background-meta":{"desktop":{"background-color":"var(--ast-global-color-5)","background-image":"","background-repeat":"repeat","background-position":"center center","background-size":"auto","background-attachment":"scroll","background-type":"","background-media":"","overlay-type":"","overlay-color":"","overlay-opacity":"","overlay-gradient":""},"tablet":{"background-color":"var(--ast-global-color-5)","background-image":"","background-repeat":"repeat","background-position":"center center","background-size":"auto","background-attachment":"scroll","background-type":"","background-media":"","overlay-type":"","overlay-color":"","overlay-opacity":"","overlay-gradient":""},"mobile":{"background-color":"var(--ast-global-color-5)","background-image":"","background-repeat":"repeat","background-position":"center center","background-size":"auto","background-attachment":"scroll","background-type":"","background-media":"","overlay-type":"","overlay-color":"","overlay-opacity":"","overlay-gradient":""}},"footnotes":""},"class_list":["post-2123","page","type-page","status-publish","hentry"],"yoast_head":"<!-- This site is optimized with the Yoast SEO plugin v27.1.1 - https:\/\/yoast.com\/product\/yoast-seo-wordpress\/ -->\n<title>As nossas dicas para escolher os alimentos nos EUA<\/title>\n<meta name=\"description\" content=\"Descubra restaurantes nos Estados Unidos, bem como especialidades culin\u00e1rias e dicas para comer bem.\" \/>\n<meta name=\"robots\" content=\"index, follow, max-snippet:-1, max-image-preview:large, max-video-preview:-1\" \/>\n<link rel=\"canonical\" href=\"https:\/\/123-esta.com\/pt-pt\/comida-eua-fazendo-a-escolha-certa\/\" \/>\n<meta property=\"og:locale\" content=\"pt_PT\" \/>\n<meta property=\"og:type\" content=\"article\" \/>\n<meta property=\"og:title\" content=\"As nossas dicas para escolher os alimentos nos EUA\" \/>\n<meta property=\"og:description\" content=\"Descubra restaurantes nos Estados Unidos, bem como especialidades culin\u00e1rias e dicas para comer bem.\" \/>\n<meta property=\"og:url\" content=\"https:\/\/123-esta.com\/pt-pt\/comida-eua-fazendo-a-escolha-certa\/\" \/>\n<meta property=\"og:site_name\" content=\"Formulaire ESTA pour les USA\" \/>\n<meta property=\"article:modified_time\" content=\"2022-08-23T21:03:27+00:00\" \/>\n<meta name=\"twitter:card\" content=\"summary_large_image\" \/>\n<meta name=\"twitter:label1\" content=\"Tempo estimado de leitura\" \/>\n\t<meta name=\"twitter:data1\" content=\"2 minutos\" \/>\n<script type=\"application\/ld+json\" class=\"yoast-schema-graph\">{\"@context\":\"https:\/\/schema.org\",\"@graph\":[{\"@type\":\"WebPage\",\"@id\":\"https:\/\/123-esta.com\/pt-pt\/comida-eua-fazendo-a-escolha-certa\/\",\"url\":\"https:\/\/123-esta.com\/pt-pt\/comida-eua-fazendo-a-escolha-certa\/\",\"name\":\"As nossas dicas para escolher os alimentos nos EUA\",\"isPartOf\":{\"@id\":\"https:\/\/123-esta.com\/pt-pt\/#website\"},\"datePublished\":\"2022-07-27T19:32:39+00:00\",\"dateModified\":\"2022-08-23T21:03:27+00:00\",\"description\":\"Descubra restaurantes nos Estados Unidos, bem como especialidades culin\u00e1rias e dicas para comer bem.\",\"inLanguage\":\"pt-PT\",\"potentialAction\":[{\"@type\":\"ReadAction\",\"target\":[\"https:\/\/123-esta.com\/pt-pt\/comida-eua-fazendo-a-escolha-certa\/\"]}]},{\"@type\":\"WebSite\",\"@id\":\"https:\/\/123-esta.com\/pt-pt\/#website\",\"url\":\"https:\/\/123-esta.com\/pt-pt\/\",\"name\":\"Formulaire ESTA pour les USA\",\"description\":\"\",\"publisher\":{\"@id\":\"https:\/\/123-esta.com\/pt-pt\/#organization\"},\"potentialAction\":[{\"@type\":\"SearchAction\",\"target\":{\"@type\":\"EntryPoint\",\"urlTemplate\":\"https:\/\/123-esta.com\/pt-pt\/?s={search_term_string}\"},\"query-input\":{\"@type\":\"PropertyValueSpecification\",\"valueRequired\":true,\"valueName\":\"search_term_string\"}}],\"inLanguage\":\"pt-PT\"},{\"@type\":\"Organization\",\"@id\":\"https:\/\/123-esta.com\/pt-pt\/#organization\",\"name\":\"Formulaire ESTA pour les USA\",\"url\":\"https:\/\/123-esta.com\/pt-pt\/\",\"logo\":{\"@type\":\"ImageObject\",\"inLanguage\":\"pt-PT\",\"@id\":\"https:\/\/123-esta.com\/pt-pt\/#\/schema\/logo\/image\/\",\"url\":\"https:\/\/123-esta.com\/wp-content\/uploads\/2018\/03\/logo-123-esta.png\",\"contentUrl\":\"https:\/\/123-esta.com\/wp-content\/uploads\/2018\/03\/logo-123-esta.png\",\"width\":191,\"height\":54,\"caption\":\"Formulaire ESTA pour les USA\"},\"image\":{\"@id\":\"https:\/\/123-esta.com\/pt-pt\/#\/schema\/logo\/image\/\"}}]}<\/script>\n<!-- \/ Yoast SEO plugin. -->","yoast_head_json":{"title":"As nossas dicas para escolher os alimentos nos EUA","description":"Descubra restaurantes nos Estados Unidos, bem como especialidades culin\u00e1rias e dicas para comer bem.","robots":{"index":"index","follow":"follow","max-snippet":"max-snippet:-1","max-image-preview":"max-image-preview:large","max-video-preview":"max-video-preview:-1"},"canonical":"https:\/\/123-esta.com\/pt-pt\/comida-eua-fazendo-a-escolha-certa\/","og_locale":"pt_PT","og_type":"article","og_title":"As nossas dicas para escolher os alimentos nos EUA","og_description":"Descubra restaurantes nos Estados Unidos, bem como especialidades culin\u00e1rias e dicas para comer bem.","og_url":"https:\/\/123-esta.com\/pt-pt\/comida-eua-fazendo-a-escolha-certa\/","og_site_name":"Formulaire ESTA pour les USA","article_modified_time":"2022-08-23T21:03:27+00:00","twitter_card":"summary_large_image","twitter_misc":{"Tempo estimado de leitura":"2 minutos"},"schema":{"@context":"https:\/\/schema.org","@graph":[{"@type":"WebPage","@id":"https:\/\/123-esta.com\/pt-pt\/comida-eua-fazendo-a-escolha-certa\/","url":"https:\/\/123-esta.com\/pt-pt\/comida-eua-fazendo-a-escolha-certa\/","name":"As nossas dicas para escolher os alimentos nos EUA","isPartOf":{"@id":"https:\/\/123-esta.com\/pt-pt\/#website"},"datePublished":"2022-07-27T19:32:39+00:00","dateModified":"2022-08-23T21:03:27+00:00","description":"Descubra restaurantes nos Estados Unidos, bem como especialidades culin\u00e1rias e dicas para comer bem.","inLanguage":"pt-PT","potentialAction":[{"@type":"ReadAction","target":["https:\/\/123-esta.com\/pt-pt\/comida-eua-fazendo-a-escolha-certa\/"]}]},{"@type":"WebSite","@id":"https:\/\/123-esta.com\/pt-pt\/#website","url":"https:\/\/123-esta.com\/pt-pt\/","name":"Formulaire ESTA pour les USA","description":"","publisher":{"@id":"https:\/\/123-esta.com\/pt-pt\/#organization"},"potentialAction":[{"@type":"SearchAction","target":{"@type":"EntryPoint","urlTemplate":"https:\/\/123-esta.com\/pt-pt\/?s={search_term_string}"},"query-input":{"@type":"PropertyValueSpecification","valueRequired":true,"valueName":"search_term_string"}}],"inLanguage":"pt-PT"},{"@type":"Organization","@id":"https:\/\/123-esta.com\/pt-pt\/#organization","name":"Formulaire ESTA pour les USA","url":"https:\/\/123-esta.com\/pt-pt\/","logo":{"@type":"ImageObject","inLanguage":"pt-PT","@id":"https:\/\/123-esta.com\/pt-pt\/#\/schema\/logo\/image\/","url":"https:\/\/123-esta.com\/wp-content\/uploads\/2018\/03\/logo-123-esta.png","contentUrl":"https:\/\/123-esta.com\/wp-content\/uploads\/2018\/03\/logo-123-esta.png","width":191,"height":54,"caption":"Formulaire ESTA pour les USA"},"image":{"@id":"https:\/\/123-esta.com\/pt-pt\/#\/schema\/logo\/image\/"}}]}},"_links":{"self":[{"href":"https:\/\/123-esta.com\/pt-pt\/wp-json\/wp\/v2\/pages\/2123","targetHints":{"allow":["GET"]}}],"collection":[{"href":"https:\/\/123-esta.com\/pt-pt\/wp-json\/wp\/v2\/pages"}],"about":[{"href":"https:\/\/123-esta.com\/pt-pt\/wp-json\/wp\/v2\/types\/page"}],"author":[{"embeddable":true,"href":"https:\/\/123-esta.com\/pt-pt\/wp-json\/wp\/v2\/users\/1"}],"replies":[{"embeddable":true,"href":"https:\/\/123-esta.com\/pt-pt\/wp-json\/wp\/v2\/comments?post=2123"}],"version-history":[{"count":0,"href":"https:\/\/123-esta.com\/pt-pt\/wp-json\/wp\/v2\/pages\/2123\/revisions"}],"wp:attachment":[{"href":"https:\/\/123-esta.com\/pt-pt\/wp-json\/wp\/v2\/media?parent=2123"}],"curies":[{"name":"wp","href":"https:\/\/api.w.org\/{rel}","templated":true}]}}