{"id":2116,"date":"2022-07-27T21:32:37","date_gmt":"2022-07-27T19:32:37","guid":{"rendered":"https:\/\/123-esta.com\/or-change-your-currency-in-dollars\/"},"modified":"2022-08-23T22:07:31","modified_gmt":"2022-08-23T20:07:31","slug":"como-mudar-a-moeda-para-dolares","status":"publish","type":"page","link":"https:\/\/123-esta.com\/pt-pt\/como-mudar-a-moeda-para-dolares\/","title":{"rendered":"Como e onde trocar moeda quando se vai para os EUA"},"content":{"rendered":"\n<p>A moeda utilizada nos Estados Unidos \u00e9 o d\u00f3lar americano.<\/p>\n\n<p>Como provavelmente chegar\u00e1 de um pa\u00eds que n\u00e3o tem esta moeda, ter\u00e1 de trocar moeda, especialmente se o seu pa\u00eds de origem fizer parte da Zona Euro, pelo que <a href=\"https:\/\/123-esta.com\/pt-pt\/dicas-para-viajar-para-os-eua\/\">o nosso conselho \u00e9 claramente de antecipar<\/a> isto. Onde e como pode trocar o seu dinheiro?<\/p>\n\n<h2 class=\"wp-block-heading\">Num aeroporto<\/h2>\n\n<p>Quer seja antes ou logo ap\u00f3s o voo, a troca de moeda pode ser feita em qualquer aeroporto.<\/p>\n\n<p>No entanto, se puder, aconselhamo-lo a informar-se sobre os n\u00edveis reais de c\u00e2mbio da moeda que vai trocar. De facto, cada vez que uma troca de moeda \u00e9 efectuada, s\u00e3o cobradas taxas mais ou menos importantes pelas casas de c\u00e2mbio.<\/p>\n\n<p>E, infelizmente conscientes da sua vantagem &#8220;estrat\u00e9gica&#8221;, os aeroportos t\u00eam quase sempre taxas mais elevadas do que na cidade. \u00c9 aconselh\u00e1vel trocar apenas uma pequena quantia de dinheiro \u00e0 chegada ao aeroporto e fazer a maior parte da troca de moeda fora do aeroporto, onde as taxas s\u00e3o muitas vezes melhores.<\/p>\n\n<p>A taxa de c\u00e2mbio tamb\u00e9m deve ser tida em conta na troca de moedas. Pode flutuar ao longo do dia. Com base em todos os crit\u00e9rios acima referidos, o viajante poder\u00e1 determinar o momento mais rent\u00e1vel para trocar moeda em d\u00f3lares.<\/p>\n\n<h2 class=\"wp-block-heading\">Num banco<\/h2>\n\n<p>O c\u00e2mbio de moeda em d\u00f3lares tamb\u00e9m pode ser feito em qualquer banco no pa\u00eds de origem do viajante. Pode ser feito no balc\u00e3o ou a partir de um s\u00edtio seguro que alguns bancos t\u00eam.<\/p>\n\n<p>No entanto, pode demorar at\u00e9 dez dias para receber o seu dinheiro.<\/p>\n\n<h2 class=\"wp-block-heading\">Uma vez nos EUA<\/h2>\n\n<p>Como explicado acima, o interc\u00e2mbio tamb\u00e9m pode ter lugar ap\u00f3s a sua chegada aos EUA.<\/p>\n\n<p>O factor custo deve ser novamente tido em conta, mas uma troca de moeda local poupa-lhe tempo e muitas vezes dinheiro. As taxas s\u00e3o mais baixas e a taxa \u00e9 melhor do que num banco ou aeroporto. Note por favor: a maioria das casas de c\u00e2mbio ir\u00e1 pedir-lhe o seu passaporte para verifica\u00e7\u00e3o.<\/p>\n\n<h2 class=\"wp-block-heading\">Cart\u00f5es banc\u00e1rios<\/h2>\n\n<p>Os cart\u00f5es banc\u00e1rios, especialmente os cart\u00f5es Visa ou Mastercard, podem ser utilizados na maioria dos pa\u00edses.<\/p>\n\n<p>Ao viajar para os EUA, a posse de um destes dois tipos de cart\u00e3o evitar\u00e1 o transporte de dinheiro de um pa\u00eds para outro. De facto, os levantamentos podem ser feitos na maioria das ATMs locais. A taxa de c\u00e2mbio a ser tomada em considera\u00e7\u00e3o \u00e9 a do seu banco.<\/p>\n\n<h2 class=\"wp-block-heading\">Como \u00e9 efectuada a troca?<\/h2>\n\n<p>Para trocar uma moeda em d\u00f3lares, basta escolher o montante a ser trocado (na moeda \u00e0 sua disposi\u00e7\u00e3o) e calcular o seu equivalente em moeda americana de acordo com a taxa do d\u00f3lar.<\/p>\n\n<p>Evidentemente, o montante atribu\u00eddo ao viajante depender\u00e1 tamb\u00e9m das taxas cobradas pela ag\u00eancia onde a troca foi efectuada.<\/p>\n","protected":false},"excerpt":{"rendered":"<p>A moeda utilizada nos Estados Unidos \u00e9 o d\u00f3lar americano. Como provavelmente chegar\u00e1 de um pa\u00eds que n\u00e3o tem esta moeda, ter\u00e1 de trocar moeda, especialmente se o seu pa\u00eds de origem fizer parte da Zona Euro, pelo que o nosso conselho \u00e9 claramente de antecipar isto. Onde e como pode trocar o seu dinheiro? [&hellip;]<\/p>\n","protected":false},"author":1,"featured_media":0,"parent":0,"menu_order":0,"comment_status":"closed","ping_status":"closed","template":"","meta":{"site-sidebar-layout":"default","site-content-layout":"default","ast-site-content-layout":"default","site-content-style":"default","site-sidebar-style":"default","ast-global-header-display":"","ast-banner-title-visibility":"","ast-main-header-display":"","ast-hfb-above-header-display":"","ast-hfb-below-header-display":"","ast-hfb-mobile-header-display":"","site-post-title":"","ast-breadcrumbs-content":"","ast-featured-img":"","footer-sml-layout":"","ast-disable-related-posts":"","theme-transparent-header-meta":"default","adv-header-id-meta":"","stick-header-meta":"default","header-above-stick-meta":"","header-main-stick-meta":"","header-below-stick-meta":"","astra-migrate-meta-layouts":"default","ast-page-background-enabled":"default","ast-page-background-meta":{"desktop":{"background-color":"","background-image":"","background-repeat":"repeat","background-position":"center center","background-size":"auto","background-attachment":"scroll","background-type":"","background-media":"","overlay-type":"","overlay-color":"","overlay-opacity":"","overlay-gradient":""},"tablet":{"background-color":"","background-image":"","background-repeat":"repeat","background-position":"center center","background-size":"auto","background-attachment":"scroll","background-type":"","background-media":"","overlay-type":"","overlay-color":"","overlay-opacity":"","overlay-gradient":""},"mobile":{"background-color":"","background-image":"","background-repeat":"repeat","background-position":"center center","background-size":"auto","background-attachment":"scroll","background-type":"","background-media":"","overlay-type":"","overlay-color":"","overlay-opacity":"","overlay-gradient":""}},"ast-content-background-meta":{"desktop":{"background-color":"var(--ast-global-color-5)","background-image":"","background-repeat":"repeat","background-position":"center center","background-size":"auto","background-attachment":"scroll","background-type":"","background-media":"","overlay-type":"","overlay-color":"","overlay-opacity":"","overlay-gradient":""},"tablet":{"background-color":"var(--ast-global-color-5)","background-image":"","background-repeat":"repeat","background-position":"center center","background-size":"auto","background-attachment":"scroll","background-type":"","background-media":"","overlay-type":"","overlay-color":"","overlay-opacity":"","overlay-gradient":""},"mobile":{"background-color":"var(--ast-global-color-5)","background-image":"","background-repeat":"repeat","background-position":"center center","background-size":"auto","background-attachment":"scroll","background-type":"","background-media":"","overlay-type":"","overlay-color":"","overlay-opacity":"","overlay-gradient":""}},"footnotes":""},"class_list":["post-2116","page","type-page","status-publish","hentry"],"yoast_head":"<!-- This site is optimized with the Yoast SEO plugin v27.1.1 - https:\/\/yoast.com\/product\/yoast-seo-wordpress\/ -->\n<title>Como transformar dinheiro em d\u00f3lares americanos?<\/title>\n<meta name=\"description\" content=\"Vai em breve para os EUA? Siga os nossos conselhos para trocar os seus euros por d\u00f3lares americanos: como, quando e onde? As nossas respostas!\" \/>\n<meta name=\"robots\" content=\"index, follow, max-snippet:-1, max-image-preview:large, max-video-preview:-1\" \/>\n<link rel=\"canonical\" href=\"https:\/\/123-esta.com\/pt-pt\/como-mudar-a-moeda-para-dolares\/\" \/>\n<meta property=\"og:locale\" content=\"pt_PT\" \/>\n<meta property=\"og:type\" content=\"article\" \/>\n<meta property=\"og:title\" content=\"Como transformar dinheiro em d\u00f3lares americanos?\" \/>\n<meta property=\"og:description\" content=\"Vai em breve para os EUA? Siga os nossos conselhos para trocar os seus euros por d\u00f3lares americanos: como, quando e onde? As nossas respostas!\" \/>\n<meta property=\"og:url\" content=\"https:\/\/123-esta.com\/pt-pt\/como-mudar-a-moeda-para-dolares\/\" \/>\n<meta property=\"og:site_name\" content=\"Formulaire ESTA pour les USA\" \/>\n<meta property=\"article:modified_time\" content=\"2022-08-23T20:07:31+00:00\" \/>\n<meta name=\"twitter:card\" content=\"summary_large_image\" \/>\n<meta name=\"twitter:label1\" content=\"Tempo estimado de leitura\" \/>\n\t<meta name=\"twitter:data1\" content=\"2 minutos\" \/>\n<script type=\"application\/ld+json\" class=\"yoast-schema-graph\">{\"@context\":\"https:\/\/schema.org\",\"@graph\":[{\"@type\":\"WebPage\",\"@id\":\"https:\/\/123-esta.com\/pt-pt\/como-mudar-a-moeda-para-dolares\/\",\"url\":\"https:\/\/123-esta.com\/pt-pt\/como-mudar-a-moeda-para-dolares\/\",\"name\":\"Como transformar dinheiro em d\u00f3lares americanos?\",\"isPartOf\":{\"@id\":\"https:\/\/123-esta.com\/pt-pt\/#website\"},\"datePublished\":\"2022-07-27T19:32:37+00:00\",\"dateModified\":\"2022-08-23T20:07:31+00:00\",\"description\":\"Vai em breve para os EUA? Siga os nossos conselhos para trocar os seus euros por d\u00f3lares americanos: como, quando e onde? As nossas respostas!\",\"inLanguage\":\"pt-PT\",\"potentialAction\":[{\"@type\":\"ReadAction\",\"target\":[\"https:\/\/123-esta.com\/pt-pt\/como-mudar-a-moeda-para-dolares\/\"]}]},{\"@type\":\"WebSite\",\"@id\":\"https:\/\/123-esta.com\/pt-pt\/#website\",\"url\":\"https:\/\/123-esta.com\/pt-pt\/\",\"name\":\"Formulaire ESTA pour les USA\",\"description\":\"\",\"publisher\":{\"@id\":\"https:\/\/123-esta.com\/pt-pt\/#organization\"},\"potentialAction\":[{\"@type\":\"SearchAction\",\"target\":{\"@type\":\"EntryPoint\",\"urlTemplate\":\"https:\/\/123-esta.com\/pt-pt\/?s={search_term_string}\"},\"query-input\":{\"@type\":\"PropertyValueSpecification\",\"valueRequired\":true,\"valueName\":\"search_term_string\"}}],\"inLanguage\":\"pt-PT\"},{\"@type\":\"Organization\",\"@id\":\"https:\/\/123-esta.com\/pt-pt\/#organization\",\"name\":\"Formulaire ESTA pour les USA\",\"url\":\"https:\/\/123-esta.com\/pt-pt\/\",\"logo\":{\"@type\":\"ImageObject\",\"inLanguage\":\"pt-PT\",\"@id\":\"https:\/\/123-esta.com\/pt-pt\/#\/schema\/logo\/image\/\",\"url\":\"https:\/\/123-esta.com\/wp-content\/uploads\/2018\/03\/logo-123-esta.png\",\"contentUrl\":\"https:\/\/123-esta.com\/wp-content\/uploads\/2018\/03\/logo-123-esta.png\",\"width\":191,\"height\":54,\"caption\":\"Formulaire ESTA pour les USA\"},\"image\":{\"@id\":\"https:\/\/123-esta.com\/pt-pt\/#\/schema\/logo\/image\/\"}}]}<\/script>\n<!-- \/ Yoast SEO plugin. -->","yoast_head_json":{"title":"Como transformar dinheiro em d\u00f3lares americanos?","description":"Vai em breve para os EUA? Siga os nossos conselhos para trocar os seus euros por d\u00f3lares americanos: como, quando e onde? As nossas respostas!","robots":{"index":"index","follow":"follow","max-snippet":"max-snippet:-1","max-image-preview":"max-image-preview:large","max-video-preview":"max-video-preview:-1"},"canonical":"https:\/\/123-esta.com\/pt-pt\/como-mudar-a-moeda-para-dolares\/","og_locale":"pt_PT","og_type":"article","og_title":"Como transformar dinheiro em d\u00f3lares americanos?","og_description":"Vai em breve para os EUA? Siga os nossos conselhos para trocar os seus euros por d\u00f3lares americanos: como, quando e onde? As nossas respostas!","og_url":"https:\/\/123-esta.com\/pt-pt\/como-mudar-a-moeda-para-dolares\/","og_site_name":"Formulaire ESTA pour les USA","article_modified_time":"2022-08-23T20:07:31+00:00","twitter_card":"summary_large_image","twitter_misc":{"Tempo estimado de leitura":"2 minutos"},"schema":{"@context":"https:\/\/schema.org","@graph":[{"@type":"WebPage","@id":"https:\/\/123-esta.com\/pt-pt\/como-mudar-a-moeda-para-dolares\/","url":"https:\/\/123-esta.com\/pt-pt\/como-mudar-a-moeda-para-dolares\/","name":"Como transformar dinheiro em d\u00f3lares americanos?","isPartOf":{"@id":"https:\/\/123-esta.com\/pt-pt\/#website"},"datePublished":"2022-07-27T19:32:37+00:00","dateModified":"2022-08-23T20:07:31+00:00","description":"Vai em breve para os EUA? Siga os nossos conselhos para trocar os seus euros por d\u00f3lares americanos: como, quando e onde? As nossas respostas!","inLanguage":"pt-PT","potentialAction":[{"@type":"ReadAction","target":["https:\/\/123-esta.com\/pt-pt\/como-mudar-a-moeda-para-dolares\/"]}]},{"@type":"WebSite","@id":"https:\/\/123-esta.com\/pt-pt\/#website","url":"https:\/\/123-esta.com\/pt-pt\/","name":"Formulaire ESTA pour les USA","description":"","publisher":{"@id":"https:\/\/123-esta.com\/pt-pt\/#organization"},"potentialAction":[{"@type":"SearchAction","target":{"@type":"EntryPoint","urlTemplate":"https:\/\/123-esta.com\/pt-pt\/?s={search_term_string}"},"query-input":{"@type":"PropertyValueSpecification","valueRequired":true,"valueName":"search_term_string"}}],"inLanguage":"pt-PT"},{"@type":"Organization","@id":"https:\/\/123-esta.com\/pt-pt\/#organization","name":"Formulaire ESTA pour les USA","url":"https:\/\/123-esta.com\/pt-pt\/","logo":{"@type":"ImageObject","inLanguage":"pt-PT","@id":"https:\/\/123-esta.com\/pt-pt\/#\/schema\/logo\/image\/","url":"https:\/\/123-esta.com\/wp-content\/uploads\/2018\/03\/logo-123-esta.png","contentUrl":"https:\/\/123-esta.com\/wp-content\/uploads\/2018\/03\/logo-123-esta.png","width":191,"height":54,"caption":"Formulaire ESTA pour les USA"},"image":{"@id":"https:\/\/123-esta.com\/pt-pt\/#\/schema\/logo\/image\/"}}]}},"_links":{"self":[{"href":"https:\/\/123-esta.com\/pt-pt\/wp-json\/wp\/v2\/pages\/2116","targetHints":{"allow":["GET"]}}],"collection":[{"href":"https:\/\/123-esta.com\/pt-pt\/wp-json\/wp\/v2\/pages"}],"about":[{"href":"https:\/\/123-esta.com\/pt-pt\/wp-json\/wp\/v2\/types\/page"}],"author":[{"embeddable":true,"href":"https:\/\/123-esta.com\/pt-pt\/wp-json\/wp\/v2\/users\/1"}],"replies":[{"embeddable":true,"href":"https:\/\/123-esta.com\/pt-pt\/wp-json\/wp\/v2\/comments?post=2116"}],"version-history":[{"count":0,"href":"https:\/\/123-esta.com\/pt-pt\/wp-json\/wp\/v2\/pages\/2116\/revisions"}],"wp:attachment":[{"href":"https:\/\/123-esta.com\/pt-pt\/wp-json\/wp\/v2\/media?parent=2116"}],"curies":[{"name":"wp","href":"https:\/\/api.w.org\/{rel}","templated":true}]}}