{"id":2545,"date":"2022-07-27T21:36:11","date_gmt":"2022-07-27T19:36:11","guid":{"rendered":"https:\/\/123-esta.com\/esta-return-ticket-compulsory-aircraft-to-the-united-states\/"},"modified":"2022-08-23T22:56:35","modified_gmt":"2022-08-23T20:56:35","slug":"esta-biglietto-aereo-di-ritorno-obbligatorio-per-gli-stati-uniti","status":"publish","type":"page","link":"https:\/\/123-esta.com\/it\/esta-biglietto-aereo-di-ritorno-obbligatorio-per-gli-stati-uniti\/","title":{"rendered":"ESTA: biglietto aereo obbligatorio di andata e ritorno per gli Stati Uniti."},"content":{"rendered":"\n<p>Se desiderate recarvi negli Stati Uniti, sappiate che alcuni Paesi consentono ai loro cittadini di recarsi negli Stati Uniti senza visto. Ci\u00f2 non significa che si possa rimanere negli Stati Uniti senza richiedere un permesso, ma che esiste un sostituto del visto statunitense pi\u00f9 rapido da ottenere. Prima di partire per un viaggio turistico o un soggiorno linguistico, non dimenticate di richiedere l&#8217;ESTA! Per ottenerlo e volare a Manhattan o in Florida, \u00e8 necessario compilare un modulo facilmente accessibile su Internet. Ci sono dei criteri da rispettare, tra cui il possesso di <a href=\"https:\/\/123-esta.com\/it\/chiedere-esta-meglio-acquistare-biglietti-aerei\/\">biglietti aerei<\/a> (o navali) che dimostrino che si viaggia per un massimo di 90 giorni. Come avrete sicuramente capito, un solo biglietto non soddisfa il governo americano, che si rifiuta di accettarlo: \u00e8 necessario avere un biglietto di andata e ritorno per qualsiasi soggiorno negli Stati Uniti.<\/p>\n\n<h2 class=\"wp-block-heading\">Un biglietto di ritorno richiesto per l&#8217;autorizzazione ESTA, ma non solo.<\/h2>\n\n<p>Per recarsi negli Stati Uniti \u00e8 spesso necessario un visto americano. Tuttavia, questo non \u00e8 un requisito universale, ad esempio grazie al Visa Waiver Program (VWP) istituito dalle autorit\u00e0 statunitensi. Questo sistema semplifica il processo per i cittadini di 40 Paesi che devono solo compilare un modulo ESTA per entrare negli Stati Uniti. Attenzione: la <a href=\"https:\/\/123-esta.com\/it\/tutte-le-conoscenze-sulla-domanda-esta\/\">domanda online<\/a> \u00e8 semplice ma non comporta necessariamente una risposta positiva da parte del governo.<\/p>\n\n<p>Devono essere soddisfatte diverse condizioni cumulative:<\/p>\n\n<ul class=\"wp-block-list\"><li>Scopo del viaggio negli Stati Uniti: turismo, transito o affari.<\/li><li>Durata del viaggio: massimo 90 giorni consecutivi<\/li><li>Avere un passaporto biometrico o elettronico valido per tutto il soggiorno (in caso contrario, richiedere un nuovo passaporto)<\/li><li>avere un biglietto di ritorno o di proseguimento, che dimostri che non resterete negli Stati Uniti per pi\u00f9 di 90 giorni.<\/li><\/ul>\n\n<p>Se avete intenzione di avviare un&#8217;attivit\u00e0, trovare un lavoro, studiare per un semestre o immigrare, \u00e8 meglio non perdere tempo a richiedere l&#8217;ESTA. Non \u00e8 possibile imbarcarsi e raggiungere questo tipo di obiettivo senza un <a href=\"https:\/\/123-esta.com\/it\/visto-turistico-stati-uniti\/\">visto turistico B2<\/a>. Informatevi sulla carta verde, ad esempio.<\/p>\n\n<p>Se invece soddisfate le condizioni di cui sopra, potete compilare il modulo online con il vostro passaporto francese. La risposta del governo statunitense viene data entro 72 ore, ma questo lasso di tempo \u00e8 solitamente molto pi\u00f9 breve. Anche se \u00e8 possibile partire per gli Stati Uniti all&#8217;ultimo momento grazie a questa reattivit\u00e0, vi consigliamo di anticipare la procedura. In effetti, il vostro fascicolo potrebbe essere estratto a caso dalle autorit\u00e0 per un controllo di routine e <a href=\"https:\/\/123-esta.com\/it\/cosa-fare-se-la-domanda-esta-e-in-attesa\/\">messo in attesa<\/a> (l&#8217;ESTA viene rilasciato tramite sistemi elettronici che non sono infallibili).<\/p>\n\n<h2 class=\"wp-block-heading\">Con il biglietto di ritorno e il passaporto valido in mano, l&#8217;ESTA \u00e8 quasi vostra!<\/h2>\n\n<p>La probabilit\u00e0 che una domanda ESTA venga rifiutata \u00e8 minima, quasi nulla. Oltre a non soddisfare i criteri di cui sopra, alcune risposte fornite nel questionario online comportano il rifiuto di recarsi negli Stati Uniti, ad esempio se la sicurezza interna \u00e8 considerata a rischio.<\/p>\n\n<p>Se non avete intenzione di organizzare un attentato a New York o non siete cittadini di uno dei Paesi interessati da un divieto, potete procedere con relativa facilit\u00e0 compilando il modulo sul sito web del governo o su un sito web privato. Un espatrio di breve durata per visitare il Grand Canyon o le spiagge di Miami di solito non \u00e8 un problema.<\/p>\n\n<p>Quindi non aspettate oltre per acquistare i biglietti di ritorno e richiedere l&#8217;autorizzazione. Controllate attentamente i vostri dati (cognome, numero di passaporto, cognome da nubile, ecc.); qualsiasi errore richieder\u00e0 una nuova domanda (solo l&#8217;indirizzo e-mail e l&#8217;indirizzo di destinazione finale negli Stati Uniti possono essere modificati dopo l&#8217;invio dell&#8217;ordine ESTA).<br\/>Non esitate a recarvi al consolato o all&#8217;ambasciata degli Stati Uniti per ottenere maggiori informazioni (compagnie aeree da utilizzare, scadenza del passaporto elettronico, uscita dal territorio statunitense durante un soggiorno con l&#8217;ESTA&#8230;).<\/p>\n\n<p>Godetevi il vostro viaggio a New York o nel West americano!<\/p>\n","protected":false},"excerpt":{"rendered":"<p>Se desiderate recarvi negli Stati Uniti, sappiate che alcuni Paesi consentono ai loro cittadini di recarsi negli Stati Uniti senza visto. Ci\u00f2 non significa che si possa rimanere negli Stati Uniti senza richiedere un permesso, ma che esiste un sostituto del visto statunitense pi\u00f9 rapido da ottenere. Prima di partire per un viaggio turistico o [&hellip;]<\/p>\n","protected":false},"author":1,"featured_media":0,"parent":0,"menu_order":0,"comment_status":"closed","ping_status":"closed","template":"","meta":{"site-sidebar-layout":"default","site-content-layout":"default","ast-site-content-layout":"default","site-content-style":"default","site-sidebar-style":"default","ast-global-header-display":"","ast-banner-title-visibility":"","ast-main-header-display":"","ast-hfb-above-header-display":"","ast-hfb-below-header-display":"","ast-hfb-mobile-header-display":"","site-post-title":"","ast-breadcrumbs-content":"","ast-featured-img":"","footer-sml-layout":"","ast-disable-related-posts":"","theme-transparent-header-meta":"default","adv-header-id-meta":"","stick-header-meta":"default","header-above-stick-meta":"","header-main-stick-meta":"","header-below-stick-meta":"","astra-migrate-meta-layouts":"default","ast-page-background-enabled":"default","ast-page-background-meta":{"desktop":{"background-color":"","background-image":"","background-repeat":"repeat","background-position":"center center","background-size":"auto","background-attachment":"scroll","background-type":"","background-media":"","overlay-type":"","overlay-color":"","overlay-opacity":"","overlay-gradient":""},"tablet":{"background-color":"","background-image":"","background-repeat":"repeat","background-position":"center center","background-size":"auto","background-attachment":"scroll","background-type":"","background-media":"","overlay-type":"","overlay-color":"","overlay-opacity":"","overlay-gradient":""},"mobile":{"background-color":"","background-image":"","background-repeat":"repeat","background-position":"center center","background-size":"auto","background-attachment":"scroll","background-type":"","background-media":"","overlay-type":"","overlay-color":"","overlay-opacity":"","overlay-gradient":""}},"ast-content-background-meta":{"desktop":{"background-color":"var(--ast-global-color-5)","background-image":"","background-repeat":"repeat","background-position":"center center","background-size":"auto","background-attachment":"scroll","background-type":"","background-media":"","overlay-type":"","overlay-color":"","overlay-opacity":"","overlay-gradient":""},"tablet":{"background-color":"var(--ast-global-color-5)","background-image":"","background-repeat":"repeat","background-position":"center center","background-size":"auto","background-attachment":"scroll","background-type":"","background-media":"","overlay-type":"","overlay-color":"","overlay-opacity":"","overlay-gradient":""},"mobile":{"background-color":"var(--ast-global-color-5)","background-image":"","background-repeat":"repeat","background-position":"center center","background-size":"auto","background-attachment":"scroll","background-type":"","background-media":"","overlay-type":"","overlay-color":"","overlay-opacity":"","overlay-gradient":""}},"footnotes":""},"class_list":["post-2545","page","type-page","status-publish","hentry"],"yoast_head":"<!-- This site is optimized with the Yoast SEO plugin v27.1.1 - https:\/\/yoast.com\/product\/yoast-seo-wordpress\/ -->\n<title>ESTA: biglietto aereo obbligatorio di andata e ritorno per gli Stati Uniti.<\/title>\n<meta name=\"description\" content=\"L&#039;ESTA consente soggiorni brevi negli Stati Uniti. Per garantire un soggiorno fino a 90 giorni, \u00e8 necessario presentare un biglietto di ritorno.\" \/>\n<meta name=\"robots\" content=\"index, follow, max-snippet:-1, max-image-preview:large, max-video-preview:-1\" \/>\n<link rel=\"canonical\" href=\"https:\/\/123-esta.com\/it\/esta-biglietto-aereo-di-ritorno-obbligatorio-per-gli-stati-uniti\/\" \/>\n<meta property=\"og:locale\" content=\"it_IT\" \/>\n<meta property=\"og:type\" content=\"article\" \/>\n<meta property=\"og:title\" content=\"ESTA: biglietto aereo obbligatorio di andata e ritorno per gli Stati Uniti.\" \/>\n<meta property=\"og:description\" content=\"L&#039;ESTA consente soggiorni brevi negli Stati Uniti. Per garantire un soggiorno fino a 90 giorni, \u00e8 necessario presentare un biglietto di ritorno.\" \/>\n<meta property=\"og:url\" content=\"https:\/\/123-esta.com\/it\/esta-biglietto-aereo-di-ritorno-obbligatorio-per-gli-stati-uniti\/\" \/>\n<meta property=\"og:site_name\" content=\"Formulaire ESTA pour les USA\" \/>\n<meta property=\"article:modified_time\" content=\"2022-08-23T20:56:35+00:00\" \/>\n<meta name=\"twitter:card\" content=\"summary_large_image\" \/>\n<meta name=\"twitter:label1\" content=\"Tempo di lettura stimato\" \/>\n\t<meta name=\"twitter:data1\" content=\"3 minuti\" \/>\n<script type=\"application\/ld+json\" class=\"yoast-schema-graph\">{\"@context\":\"https:\/\/schema.org\",\"@graph\":[{\"@type\":\"WebPage\",\"@id\":\"https:\/\/123-esta.com\/it\/esta-biglietto-aereo-di-ritorno-obbligatorio-per-gli-stati-uniti\/\",\"url\":\"https:\/\/123-esta.com\/it\/esta-biglietto-aereo-di-ritorno-obbligatorio-per-gli-stati-uniti\/\",\"name\":\"ESTA: biglietto aereo obbligatorio di andata e ritorno per gli Stati Uniti.\",\"isPartOf\":{\"@id\":\"https:\/\/123-esta.com\/it\/#website\"},\"datePublished\":\"2022-07-27T19:36:11+00:00\",\"dateModified\":\"2022-08-23T20:56:35+00:00\",\"description\":\"L'ESTA consente soggiorni brevi negli Stati Uniti. Per garantire un soggiorno fino a 90 giorni, \u00e8 necessario presentare un biglietto di ritorno.\",\"inLanguage\":\"it-IT\",\"potentialAction\":[{\"@type\":\"ReadAction\",\"target\":[\"https:\/\/123-esta.com\/it\/esta-biglietto-aereo-di-ritorno-obbligatorio-per-gli-stati-uniti\/\"]}]},{\"@type\":\"WebSite\",\"@id\":\"https:\/\/123-esta.com\/it\/#website\",\"url\":\"https:\/\/123-esta.com\/it\/\",\"name\":\"Formulaire ESTA pour les USA\",\"description\":\"\",\"publisher\":{\"@id\":\"https:\/\/123-esta.com\/it\/#organization\"},\"potentialAction\":[{\"@type\":\"SearchAction\",\"target\":{\"@type\":\"EntryPoint\",\"urlTemplate\":\"https:\/\/123-esta.com\/it\/?s={search_term_string}\"},\"query-input\":{\"@type\":\"PropertyValueSpecification\",\"valueRequired\":true,\"valueName\":\"search_term_string\"}}],\"inLanguage\":\"it-IT\"},{\"@type\":\"Organization\",\"@id\":\"https:\/\/123-esta.com\/it\/#organization\",\"name\":\"Formulaire ESTA pour les USA\",\"url\":\"https:\/\/123-esta.com\/it\/\",\"logo\":{\"@type\":\"ImageObject\",\"inLanguage\":\"it-IT\",\"@id\":\"https:\/\/123-esta.com\/it\/#\/schema\/logo\/image\/\",\"url\":\"https:\/\/123-esta.com\/wp-content\/uploads\/2018\/03\/logo-123-esta.png\",\"contentUrl\":\"https:\/\/123-esta.com\/wp-content\/uploads\/2018\/03\/logo-123-esta.png\",\"width\":191,\"height\":54,\"caption\":\"Formulaire ESTA pour les USA\"},\"image\":{\"@id\":\"https:\/\/123-esta.com\/it\/#\/schema\/logo\/image\/\"}}]}<\/script>\n<!-- \/ Yoast SEO plugin. -->","yoast_head_json":{"title":"ESTA: biglietto aereo obbligatorio di andata e ritorno per gli Stati Uniti.","description":"L'ESTA consente soggiorni brevi negli Stati Uniti. Per garantire un soggiorno fino a 90 giorni, \u00e8 necessario presentare un biglietto di ritorno.","robots":{"index":"index","follow":"follow","max-snippet":"max-snippet:-1","max-image-preview":"max-image-preview:large","max-video-preview":"max-video-preview:-1"},"canonical":"https:\/\/123-esta.com\/it\/esta-biglietto-aereo-di-ritorno-obbligatorio-per-gli-stati-uniti\/","og_locale":"it_IT","og_type":"article","og_title":"ESTA: biglietto aereo obbligatorio di andata e ritorno per gli Stati Uniti.","og_description":"L'ESTA consente soggiorni brevi negli Stati Uniti. Per garantire un soggiorno fino a 90 giorni, \u00e8 necessario presentare un biglietto di ritorno.","og_url":"https:\/\/123-esta.com\/it\/esta-biglietto-aereo-di-ritorno-obbligatorio-per-gli-stati-uniti\/","og_site_name":"Formulaire ESTA pour les USA","article_modified_time":"2022-08-23T20:56:35+00:00","twitter_card":"summary_large_image","twitter_misc":{"Tempo di lettura stimato":"3 minuti"},"schema":{"@context":"https:\/\/schema.org","@graph":[{"@type":"WebPage","@id":"https:\/\/123-esta.com\/it\/esta-biglietto-aereo-di-ritorno-obbligatorio-per-gli-stati-uniti\/","url":"https:\/\/123-esta.com\/it\/esta-biglietto-aereo-di-ritorno-obbligatorio-per-gli-stati-uniti\/","name":"ESTA: biglietto aereo obbligatorio di andata e ritorno per gli Stati Uniti.","isPartOf":{"@id":"https:\/\/123-esta.com\/it\/#website"},"datePublished":"2022-07-27T19:36:11+00:00","dateModified":"2022-08-23T20:56:35+00:00","description":"L'ESTA consente soggiorni brevi negli Stati Uniti. Per garantire un soggiorno fino a 90 giorni, \u00e8 necessario presentare un biglietto di ritorno.","inLanguage":"it-IT","potentialAction":[{"@type":"ReadAction","target":["https:\/\/123-esta.com\/it\/esta-biglietto-aereo-di-ritorno-obbligatorio-per-gli-stati-uniti\/"]}]},{"@type":"WebSite","@id":"https:\/\/123-esta.com\/it\/#website","url":"https:\/\/123-esta.com\/it\/","name":"Formulaire ESTA pour les USA","description":"","publisher":{"@id":"https:\/\/123-esta.com\/it\/#organization"},"potentialAction":[{"@type":"SearchAction","target":{"@type":"EntryPoint","urlTemplate":"https:\/\/123-esta.com\/it\/?s={search_term_string}"},"query-input":{"@type":"PropertyValueSpecification","valueRequired":true,"valueName":"search_term_string"}}],"inLanguage":"it-IT"},{"@type":"Organization","@id":"https:\/\/123-esta.com\/it\/#organization","name":"Formulaire ESTA pour les USA","url":"https:\/\/123-esta.com\/it\/","logo":{"@type":"ImageObject","inLanguage":"it-IT","@id":"https:\/\/123-esta.com\/it\/#\/schema\/logo\/image\/","url":"https:\/\/123-esta.com\/wp-content\/uploads\/2018\/03\/logo-123-esta.png","contentUrl":"https:\/\/123-esta.com\/wp-content\/uploads\/2018\/03\/logo-123-esta.png","width":191,"height":54,"caption":"Formulaire ESTA pour les USA"},"image":{"@id":"https:\/\/123-esta.com\/it\/#\/schema\/logo\/image\/"}}]}},"_links":{"self":[{"href":"https:\/\/123-esta.com\/it\/wp-json\/wp\/v2\/pages\/2545","targetHints":{"allow":["GET"]}}],"collection":[{"href":"https:\/\/123-esta.com\/it\/wp-json\/wp\/v2\/pages"}],"about":[{"href":"https:\/\/123-esta.com\/it\/wp-json\/wp\/v2\/types\/page"}],"author":[{"embeddable":true,"href":"https:\/\/123-esta.com\/it\/wp-json\/wp\/v2\/users\/1"}],"replies":[{"embeddable":true,"href":"https:\/\/123-esta.com\/it\/wp-json\/wp\/v2\/comments?post=2545"}],"version-history":[{"count":0,"href":"https:\/\/123-esta.com\/it\/wp-json\/wp\/v2\/pages\/2545\/revisions"}],"wp:attachment":[{"href":"https:\/\/123-esta.com\/it\/wp-json\/wp\/v2\/media?parent=2545"}],"curies":[{"name":"wp","href":"https:\/\/api.w.org\/{rel}","templated":true}]}}