{"id":2519,"date":"2022-07-27T21:36:06","date_gmt":"2022-07-27T19:36:06","guid":{"rendered":"https:\/\/123-esta.com\/termini-e-condizioni\/"},"modified":"2022-09-13T23:43:42","modified_gmt":"2022-09-13T21:43:42","slug":"termini-e-condizioni","status":"publish","type":"page","link":"https:\/\/123-esta.com\/it\/termini-e-condizioni\/","title":{"rendered":"Termini e condizioni"},"content":{"rendered":"\n<h2 class=\"wp-block-heading\">Generale &#8211; Ambito di applicazione<\/h2>\n\n<p>Si consiglia di consultare i Termini e Condizioni (i &#8220;Termini e Condizioni&#8221;) prima di navigare nelle pagine del sito web https:\/\/123-esta.com. Accedendo e utilizzando il sito web 123-esta.com, l&#8217;utente riconosce e accetta di agire in conformit\u00e0 con i presenti Termini e condizioni.<\/p>\n\n<h2 class=\"wp-block-heading\">Servizi ONLINE<\/h2>\n\n<p>https:\/\/123-esta.com \u00e8 un sito di informazione sull&#8217;ESTA (Electronic System for Travel Authorization) indipendente da qualsiasi amministrazione, in particolare indipendente e non collegato all&#8217;amministrazione statunitense. Si tratta di un portale privato di informazioni su Internet il cui unico scopo \u00e8 quello di informare gli utenti di Internet e non offre servizi aggiuntivi.<\/p>\n\n<h2 class=\"wp-block-heading\">Limitazione di responsabilit\u00e0, esclusione di garanzia<\/h2>\n\n<p>Il sito web https:\/\/123-esta.com contiene alcuni collegamenti ipertestuali in uscita a siti web di terzi. Non abbiamo alcun legame o controllo su questi siti e non siamo responsabili delle loro politiche sulla privacy o delle loro pratiche commerciali o di marketing.<\/p>\n\n<h2 class=\"wp-block-heading\">La privacy<\/h2>\n\n<p>Il sito https:\/\/123-esta.com non raccoglie dati sui propri utenti. Il sito non offre servizi o moduli online. Il sito non utilizza inoltre strumenti di tracciamento del traffico e degli utenti per tracciare le loro abitudini di navigazione.<\/p>\n\n<h2 class=\"wp-block-heading\">Avviso legale<\/h2>\n\n<p>123-esta.com \u00e8 rappresentato da una societ\u00e0 privata e indipendente non affiliata alle autorit\u00e0 statunitensi.<\/p>\n\n<h2 class=\"wp-block-heading\">Legge applicabile, luogo di esecuzione<\/h2>\n\n<p>Si applica la legge maltese. Qualsiasi questione relativa ai presenti termini e condizioni che non sia trattata nelle presenti disposizioni contrattuali sar\u00e0 disciplinata dalla legge maltese con l&#8217;esclusione di tutte le altre leggi. L&#8217;utente accetta di sottoporsi alla giurisdizione esclusiva dei tribunali di Malta.<\/p>\n","protected":false},"excerpt":{"rendered":"<p>Generale &#8211; Ambito di applicazione Si consiglia di consultare i Termini e Condizioni (i &#8220;Termini e Condizioni&#8221;) prima di navigare nelle pagine del sito web https:\/\/123-esta.com. Accedendo e utilizzando il sito web 123-esta.com, l&#8217;utente riconosce e accetta di agire in conformit\u00e0 con i presenti Termini e condizioni. Servizi ONLINE https:\/\/123-esta.com \u00e8 un sito di informazione [&hellip;]<\/p>\n","protected":false},"author":1,"featured_media":0,"parent":0,"menu_order":0,"comment_status":"closed","ping_status":"closed","template":"","meta":{"site-sidebar-layout":"default","site-content-layout":"default","ast-site-content-layout":"default","site-content-style":"default","site-sidebar-style":"default","ast-global-header-display":"","ast-banner-title-visibility":"","ast-main-header-display":"","ast-hfb-above-header-display":"","ast-hfb-below-header-display":"","ast-hfb-mobile-header-display":"","site-post-title":"","ast-breadcrumbs-content":"","ast-featured-img":"","footer-sml-layout":"","ast-disable-related-posts":"","theme-transparent-header-meta":"default","adv-header-id-meta":"","stick-header-meta":"default","header-above-stick-meta":"","header-main-stick-meta":"","header-below-stick-meta":"","astra-migrate-meta-layouts":"default","ast-page-background-enabled":"default","ast-page-background-meta":{"desktop":{"background-color":"","background-image":"","background-repeat":"repeat","background-position":"center center","background-size":"auto","background-attachment":"scroll","background-type":"","background-media":"","overlay-type":"","overlay-color":"","overlay-opacity":"","overlay-gradient":""},"tablet":{"background-color":"","background-image":"","background-repeat":"repeat","background-position":"center center","background-size":"auto","background-attachment":"scroll","background-type":"","background-media":"","overlay-type":"","overlay-color":"","overlay-opacity":"","overlay-gradient":""},"mobile":{"background-color":"","background-image":"","background-repeat":"repeat","background-position":"center center","background-size":"auto","background-attachment":"scroll","background-type":"","background-media":"","overlay-type":"","overlay-color":"","overlay-opacity":"","overlay-gradient":""}},"ast-content-background-meta":{"desktop":{"background-color":"var(--ast-global-color-5)","background-image":"","background-repeat":"repeat","background-position":"center center","background-size":"auto","background-attachment":"scroll","background-type":"","background-media":"","overlay-type":"","overlay-color":"","overlay-opacity":"","overlay-gradient":""},"tablet":{"background-color":"var(--ast-global-color-5)","background-image":"","background-repeat":"repeat","background-position":"center center","background-size":"auto","background-attachment":"scroll","background-type":"","background-media":"","overlay-type":"","overlay-color":"","overlay-opacity":"","overlay-gradient":""},"mobile":{"background-color":"var(--ast-global-color-5)","background-image":"","background-repeat":"repeat","background-position":"center center","background-size":"auto","background-attachment":"scroll","background-type":"","background-media":"","overlay-type":"","overlay-color":"","overlay-opacity":"","overlay-gradient":""}},"footnotes":""},"class_list":["post-2519","page","type-page","status-publish","hentry"],"yoast_head":"<!-- This site is optimized with the Yoast SEO plugin v27.1.1 - https:\/\/yoast.com\/product\/yoast-seo-wordpress\/ -->\n<title>Termini e condizioni dettagliate del sito<\/title>\n<meta name=\"description\" content=\"Termini e condizioni del sito 123-esta.com\" \/>\n<meta name=\"robots\" content=\"index, follow, max-snippet:-1, max-image-preview:large, max-video-preview:-1\" \/>\n<link rel=\"canonical\" href=\"https:\/\/123-esta.com\/it\/termini-e-condizioni\/\" \/>\n<meta property=\"og:locale\" content=\"it_IT\" \/>\n<meta property=\"og:type\" content=\"article\" \/>\n<meta property=\"og:title\" content=\"Termini e condizioni dettagliate del sito\" \/>\n<meta property=\"og:description\" content=\"Termini e condizioni del sito 123-esta.com\" \/>\n<meta property=\"og:url\" content=\"https:\/\/123-esta.com\/it\/termini-e-condizioni\/\" \/>\n<meta property=\"og:site_name\" content=\"Formulaire ESTA pour les USA\" \/>\n<meta property=\"article:modified_time\" content=\"2022-09-13T21:43:42+00:00\" \/>\n<meta name=\"twitter:card\" content=\"summary_large_image\" \/>\n<meta name=\"twitter:label1\" content=\"Tempo di lettura stimato\" \/>\n\t<meta name=\"twitter:data1\" content=\"1 minuto\" \/>\n<script type=\"application\/ld+json\" class=\"yoast-schema-graph\">{\"@context\":\"https:\/\/schema.org\",\"@graph\":[{\"@type\":\"WebPage\",\"@id\":\"https:\/\/123-esta.com\/it\/termini-e-condizioni\/\",\"url\":\"https:\/\/123-esta.com\/it\/termini-e-condizioni\/\",\"name\":\"Termini e condizioni dettagliate del sito\",\"isPartOf\":{\"@id\":\"https:\/\/123-esta.com\/it\/#website\"},\"datePublished\":\"2022-07-27T19:36:06+00:00\",\"dateModified\":\"2022-09-13T21:43:42+00:00\",\"description\":\"Termini e condizioni del sito 123-esta.com\",\"inLanguage\":\"it-IT\",\"potentialAction\":[{\"@type\":\"ReadAction\",\"target\":[\"https:\/\/123-esta.com\/it\/termini-e-condizioni\/\"]}]},{\"@type\":\"WebSite\",\"@id\":\"https:\/\/123-esta.com\/it\/#website\",\"url\":\"https:\/\/123-esta.com\/it\/\",\"name\":\"Formulaire ESTA pour les USA\",\"description\":\"\",\"publisher\":{\"@id\":\"https:\/\/123-esta.com\/it\/#organization\"},\"potentialAction\":[{\"@type\":\"SearchAction\",\"target\":{\"@type\":\"EntryPoint\",\"urlTemplate\":\"https:\/\/123-esta.com\/it\/?s={search_term_string}\"},\"query-input\":{\"@type\":\"PropertyValueSpecification\",\"valueRequired\":true,\"valueName\":\"search_term_string\"}}],\"inLanguage\":\"it-IT\"},{\"@type\":\"Organization\",\"@id\":\"https:\/\/123-esta.com\/it\/#organization\",\"name\":\"Formulaire ESTA pour les USA\",\"url\":\"https:\/\/123-esta.com\/it\/\",\"logo\":{\"@type\":\"ImageObject\",\"inLanguage\":\"it-IT\",\"@id\":\"https:\/\/123-esta.com\/it\/#\/schema\/logo\/image\/\",\"url\":\"https:\/\/123-esta.com\/wp-content\/uploads\/2018\/03\/logo-123-esta.png\",\"contentUrl\":\"https:\/\/123-esta.com\/wp-content\/uploads\/2018\/03\/logo-123-esta.png\",\"width\":191,\"height\":54,\"caption\":\"Formulaire ESTA pour les USA\"},\"image\":{\"@id\":\"https:\/\/123-esta.com\/it\/#\/schema\/logo\/image\/\"}}]}<\/script>\n<!-- \/ Yoast SEO plugin. -->","yoast_head_json":{"title":"Termini e condizioni dettagliate del sito","description":"Termini e condizioni del sito 123-esta.com","robots":{"index":"index","follow":"follow","max-snippet":"max-snippet:-1","max-image-preview":"max-image-preview:large","max-video-preview":"max-video-preview:-1"},"canonical":"https:\/\/123-esta.com\/it\/termini-e-condizioni\/","og_locale":"it_IT","og_type":"article","og_title":"Termini e condizioni dettagliate del sito","og_description":"Termini e condizioni del sito 123-esta.com","og_url":"https:\/\/123-esta.com\/it\/termini-e-condizioni\/","og_site_name":"Formulaire ESTA pour les USA","article_modified_time":"2022-09-13T21:43:42+00:00","twitter_card":"summary_large_image","twitter_misc":{"Tempo di lettura stimato":"1 minuto"},"schema":{"@context":"https:\/\/schema.org","@graph":[{"@type":"WebPage","@id":"https:\/\/123-esta.com\/it\/termini-e-condizioni\/","url":"https:\/\/123-esta.com\/it\/termini-e-condizioni\/","name":"Termini e condizioni dettagliate del sito","isPartOf":{"@id":"https:\/\/123-esta.com\/it\/#website"},"datePublished":"2022-07-27T19:36:06+00:00","dateModified":"2022-09-13T21:43:42+00:00","description":"Termini e condizioni del sito 123-esta.com","inLanguage":"it-IT","potentialAction":[{"@type":"ReadAction","target":["https:\/\/123-esta.com\/it\/termini-e-condizioni\/"]}]},{"@type":"WebSite","@id":"https:\/\/123-esta.com\/it\/#website","url":"https:\/\/123-esta.com\/it\/","name":"Formulaire ESTA pour les USA","description":"","publisher":{"@id":"https:\/\/123-esta.com\/it\/#organization"},"potentialAction":[{"@type":"SearchAction","target":{"@type":"EntryPoint","urlTemplate":"https:\/\/123-esta.com\/it\/?s={search_term_string}"},"query-input":{"@type":"PropertyValueSpecification","valueRequired":true,"valueName":"search_term_string"}}],"inLanguage":"it-IT"},{"@type":"Organization","@id":"https:\/\/123-esta.com\/it\/#organization","name":"Formulaire ESTA pour les USA","url":"https:\/\/123-esta.com\/it\/","logo":{"@type":"ImageObject","inLanguage":"it-IT","@id":"https:\/\/123-esta.com\/it\/#\/schema\/logo\/image\/","url":"https:\/\/123-esta.com\/wp-content\/uploads\/2018\/03\/logo-123-esta.png","contentUrl":"https:\/\/123-esta.com\/wp-content\/uploads\/2018\/03\/logo-123-esta.png","width":191,"height":54,"caption":"Formulaire ESTA pour les USA"},"image":{"@id":"https:\/\/123-esta.com\/it\/#\/schema\/logo\/image\/"}}]}},"_links":{"self":[{"href":"https:\/\/123-esta.com\/it\/wp-json\/wp\/v2\/pages\/2519","targetHints":{"allow":["GET"]}}],"collection":[{"href":"https:\/\/123-esta.com\/it\/wp-json\/wp\/v2\/pages"}],"about":[{"href":"https:\/\/123-esta.com\/it\/wp-json\/wp\/v2\/types\/page"}],"author":[{"embeddable":true,"href":"https:\/\/123-esta.com\/it\/wp-json\/wp\/v2\/users\/1"}],"replies":[{"embeddable":true,"href":"https:\/\/123-esta.com\/it\/wp-json\/wp\/v2\/comments?post=2519"}],"version-history":[{"count":0,"href":"https:\/\/123-esta.com\/it\/wp-json\/wp\/v2\/pages\/2519\/revisions"}],"wp:attachment":[{"href":"https:\/\/123-esta.com\/it\/wp-json\/wp\/v2\/media?parent=2519"}],"curies":[{"name":"wp","href":"https:\/\/api.w.org\/{rel}","templated":true}]}}