{"id":2513,"date":"2022-07-27T21:35:28","date_gmt":"2022-07-27T19:35:28","guid":{"rendered":"https:\/\/123-esta.com\/programma-di-esenzione-dalla-visita-del-paese\/"},"modified":"2022-09-19T17:20:04","modified_gmt":"2022-09-19T15:20:04","slug":"elenco-dei-paesi-visa-waiver-program","status":"publish","type":"page","link":"https:\/\/123-esta.com\/it\/elenco-dei-paesi-visa-waiver-program\/","title":{"rendered":"Paesi aderenti al Programma Viaggio senza Visto"},"content":{"rendered":"\n<p>In caso di soggiorno negli Stati Uniti per un massimo di 90 giorni consecutivi, i viaggiatori possono entrare negli Stati Uniti senza visto.<\/p>\n\n<p>Infatti, dovranno semplicemente richiedere un&#8217;esenzione dal visto (ESTA, che consentir\u00e0 loro di entrare legalmente negli Stati Uniti), tramite un modulo online.<br\/>Tuttavia, questo programma \u00e8 attivo solo in alcuni Paesi in collaborazione con gli Stati Uniti ed \u00e8 aperto solo ai viaggiatori che soddisfano i criteri stabiliti dal Dipartimento di Sicurezza Nazionale degli Stati Uniti. Torneremo qui sul Programma Viaggio senza Visto, ma per domande pi\u00f9 specifiche, consultate le nostre <a href=\"https:\/\/123-esta.com\/it\/faq-esta\/\">FAQ<\/a> dedicate all&#8217;<a href=\"https:\/\/123-esta.com\/it\/faq-esta\/\">ESTA<\/a>.<\/p>\n\n<h2 class=\"wp-block-heading\">Paesi membri del Programma Viaggio senza Visto (ESTA)<\/h2>\n\n<p>Istituito il 12 gennaio 2009, il Visa Waiver Programme conter\u00e0 un totale di 40 Paesi membri entro la fine del 2021. I loro cittadini sono quindi potenzialmente idonei a richiedere l&#8217;ESTA. L&#8217;elenco dei Paesi \u00e8 presentato in ordine alfabetico:<\/p>\n\n<ul class=\"wp-block-list\"><li>Germania, Andorra, Australia, Austria<\/li><li>Belgio, Brunei<\/li><li>Cile, Corea del Sud, Croazia<\/li><li>Danimarca<\/li><li>Spagna, Estonia<\/li><li>Finlandia, Francia<\/li><li>Grecia<\/li><li>Ungheria<\/li><li>Islanda, Irlanda, Italia<\/li><li>Giappone<\/li><li>Lettonia, Liechtenstein, Lituania, Lussemburgo<\/li><li>Malta, Monaco<\/li><li>Nuova Zelanda, Norvegia<\/li><li>Paesi Bassi, Portogallo, Polonia<\/li><li>Repubblica Ceca, Regno Unito<\/li><li>San Marino, Singapore, Slovacchia, Slovenia, Svezia, Svizzera<\/li><li>Taiwan<\/li><\/ul>\n\n<h2 class=\"wp-block-heading\">Condizioni da soddisfare per beneficiare dell&#8217;esenzione dal visto USA<\/h2>\n\n<p>Per beneficiare del Programma Viaggio senza Visto, il viaggiatore deve essere cittadino di uno dei Paesi sopra indicati. I cittadini con doppia cittadinanza devono viaggiare con il passaporto del Paese esente. I cittadini di Iraq, Iran, Siria e Sudan con doppia cittadinanza sono automaticamente esclusi dall&#8217;ESTA.<\/p>\n\n<p>Tuttavia, la cittadinanza del viaggiatore non \u00e8 l&#8217;unica condizione per richiedere l&#8217;ESTA. \u00c8 inoltre indispensabile essere in possesso di un passaporto valido con chip incorporato, ossia un passaporto elettronico o biometrico compatibile con i sistemi elettronici del governo statunitense. Il numero di passaporto \u00e8 anche un&#8217;informazione da fornire al momento della richiesta di autorizzazione, che consente alle autorit\u00e0 americane di verificare preventivamente la vostra identit\u00e0.<\/p>\n\n<p>La durata del soggiorno negli Stati Uniti non deve inoltre superare i 90 giorni e deve rientrare in un viaggio turistico o professionale (visita agli Stati Uniti, studio della lingua, partecipazione a conferenze, ecc.) \u00c8 necessario anche per il transito.<\/p>\n\n<p>Il richiedente deve recarsi negli Stati Uniti per via aerea o marittima con una compagnia approvata dal governo statunitense.<\/p>\n\n<h2 class=\"wp-block-heading\">Tariffe e scadenze dell&#8217;ESTA<\/h2>\n\n<p>La richiesta di esenzione dal visto viene effettuata su Internet. Il viaggiatore deve pagare la tassa ESTA di 21 dollari (nuova tariffa dal 2022) in tasse statunitensi per completare la domanda online. \u00c8 consigliabile compilare il modulo ESTA prima dell&#8217;imbarco, possibilmente il prima possibile e non oltre 3 giorni prima della partenza.<\/p>\n\n<p>Le autorit\u00e0 statunitensi forniranno una risposta entro un massimo di 72 ore. Quindi, se lo status ESTA \u00e8 in sospeso, non c&#8217;\u00e8 nulla di male: la dogana statunitense effettua regolarmente controlli a campione.<\/p>\n\n<h2 class=\"wp-block-heading\">Possibili motivi di rifiuto dell&#8217;autorizzazione ESTA<\/h2>\n\n<p>L&#8217;autorizzazione ESTA sar\u00e0 generalmente <a href=\"https:\/\/123-esta.com\/it\/ragioni-per-un-esta-rifiutato\/\">negata<\/a> alle persone che si trovano in una delle seguenti situazioni:<\/p>\n\n<ul class=\"wp-block-list\"><li>hanno la fedina penale sporca, anche se sono stati assolti o hanno ottenuto la clemenza;<\/li><li>essere affetti da una malattia grave o contagiosa;<\/li><li>sono stati rifiutati in passato o hanno soggiornato in eccesso in un precedente viaggio negli Stati Uniti;<\/li><li>aver commesso un&#8217;infrazione al codice della strada negli Stati Uniti;<\/li><li>avere un passaporto la cui validit\u00e0 scade durante il viaggio (\u00e8 necessario ottenere un nuovo passaporto);<\/li><li>hanno cambiato il loro status durante la permanenza negli Stati Uniti (ad esempio, da turista a lavoratore migrante);<\/li><li>hanno viaggiato in Iran, Iraq, Libia, Somalia, Siria, Sudan o Yemen dal 1\u00b0 marzo 2011.<\/li><\/ul>\n\n<p>Il programma di esenzione dal visto degli Stati Uniti \u00e8 quindi aperto a tutti i viaggiatori che non presentano nessuna di queste caratteristiche e i rifiuti sono rari. In caso contrario, per sperare di entrare nel Paese, l&#8217;alternativa \u00e8 richiedere un visto. I cittadini dell&#8217;UE possono contattare il consolato o l&#8217;ambasciata statunitense nel proprio Paese. Il Consolato degli Stati Uniti \u00e8 l&#8217;unico ente che pu\u00f2 rilasciare un visto per gli Stati Uniti all&#8217;estero.<\/p>\n","protected":false},"excerpt":{"rendered":"<p>In caso di soggiorno negli Stati Uniti per un massimo di 90 giorni consecutivi, i viaggiatori possono entrare negli Stati Uniti senza visto. Infatti, dovranno semplicemente richiedere un&#8217;esenzione dal visto (ESTA, che consentir\u00e0 loro di entrare legalmente negli Stati Uniti), tramite un modulo online.Tuttavia, questo programma \u00e8 attivo solo in alcuni Paesi in collaborazione con [&hellip;]<\/p>\n","protected":false},"author":1,"featured_media":0,"parent":0,"menu_order":0,"comment_status":"closed","ping_status":"closed","template":"","meta":{"site-sidebar-layout":"default","site-content-layout":"default","ast-site-content-layout":"default","site-content-style":"default","site-sidebar-style":"default","ast-global-header-display":"","ast-banner-title-visibility":"","ast-main-header-display":"","ast-hfb-above-header-display":"","ast-hfb-below-header-display":"","ast-hfb-mobile-header-display":"","site-post-title":"","ast-breadcrumbs-content":"","ast-featured-img":"","footer-sml-layout":"","ast-disable-related-posts":"","theme-transparent-header-meta":"default","adv-header-id-meta":"","stick-header-meta":"default","header-above-stick-meta":"","header-main-stick-meta":"","header-below-stick-meta":"","astra-migrate-meta-layouts":"default","ast-page-background-enabled":"default","ast-page-background-meta":{"desktop":{"background-color":"","background-image":"","background-repeat":"repeat","background-position":"center center","background-size":"auto","background-attachment":"scroll","background-type":"","background-media":"","overlay-type":"","overlay-color":"","overlay-opacity":"","overlay-gradient":""},"tablet":{"background-color":"","background-image":"","background-repeat":"repeat","background-position":"center center","background-size":"auto","background-attachment":"scroll","background-type":"","background-media":"","overlay-type":"","overlay-color":"","overlay-opacity":"","overlay-gradient":""},"mobile":{"background-color":"","background-image":"","background-repeat":"repeat","background-position":"center center","background-size":"auto","background-attachment":"scroll","background-type":"","background-media":"","overlay-type":"","overlay-color":"","overlay-opacity":"","overlay-gradient":""}},"ast-content-background-meta":{"desktop":{"background-color":"var(--ast-global-color-5)","background-image":"","background-repeat":"repeat","background-position":"center center","background-size":"auto","background-attachment":"scroll","background-type":"","background-media":"","overlay-type":"","overlay-color":"","overlay-opacity":"","overlay-gradient":""},"tablet":{"background-color":"var(--ast-global-color-5)","background-image":"","background-repeat":"repeat","background-position":"center center","background-size":"auto","background-attachment":"scroll","background-type":"","background-media":"","overlay-type":"","overlay-color":"","overlay-opacity":"","overlay-gradient":""},"mobile":{"background-color":"var(--ast-global-color-5)","background-image":"","background-repeat":"repeat","background-position":"center center","background-size":"auto","background-attachment":"scroll","background-type":"","background-media":"","overlay-type":"","overlay-color":"","overlay-opacity":"","overlay-gradient":""}},"footnotes":""},"class_list":["post-2513","page","type-page","status-publish","hentry"],"yoast_head":"<!-- This site is optimized with the Yoast SEO plugin v27.1.1 - https:\/\/yoast.com\/product\/yoast-seo-wordpress\/ -->\n<title>Paesi aderenti al Programma Viaggio senza Visto<\/title>\n<meta name=\"description\" content=\"Elenco dei Paesi aderenti al Programma Viaggio senza Visto e requisiti ESTA. Tutte le informazioni necessarie per ottenere l&#039;ESTA senza problemi\" \/>\n<meta name=\"robots\" content=\"index, follow, max-snippet:-1, max-image-preview:large, max-video-preview:-1\" \/>\n<link rel=\"canonical\" href=\"https:\/\/123-esta.com\/it\/elenco-dei-paesi-visa-waiver-program\/\" \/>\n<meta property=\"og:locale\" content=\"it_IT\" \/>\n<meta property=\"og:type\" content=\"article\" \/>\n<meta property=\"og:title\" content=\"Paesi aderenti al Programma Viaggio senza Visto\" \/>\n<meta property=\"og:description\" content=\"Elenco dei Paesi aderenti al Programma Viaggio senza Visto e requisiti ESTA. Tutte le informazioni necessarie per ottenere l&#039;ESTA senza problemi\" \/>\n<meta property=\"og:url\" content=\"https:\/\/123-esta.com\/it\/elenco-dei-paesi-visa-waiver-program\/\" \/>\n<meta property=\"og:site_name\" content=\"Formulaire ESTA pour les USA\" \/>\n<meta property=\"article:modified_time\" content=\"2022-09-19T15:20:04+00:00\" \/>\n<meta name=\"twitter:card\" content=\"summary_large_image\" \/>\n<meta name=\"twitter:label1\" content=\"Tempo di lettura stimato\" \/>\n\t<meta name=\"twitter:data1\" content=\"3 minuti\" \/>\n<script type=\"application\/ld+json\" class=\"yoast-schema-graph\">{\"@context\":\"https:\/\/schema.org\",\"@graph\":[{\"@type\":\"WebPage\",\"@id\":\"https:\/\/123-esta.com\/it\/elenco-dei-paesi-visa-waiver-program\/\",\"url\":\"https:\/\/123-esta.com\/it\/elenco-dei-paesi-visa-waiver-program\/\",\"name\":\"Paesi aderenti al Programma Viaggio senza Visto\",\"isPartOf\":{\"@id\":\"https:\/\/123-esta.com\/it\/#website\"},\"datePublished\":\"2022-07-27T19:35:28+00:00\",\"dateModified\":\"2022-09-19T15:20:04+00:00\",\"description\":\"Elenco dei Paesi aderenti al Programma Viaggio senza Visto e requisiti ESTA. Tutte le informazioni necessarie per ottenere l'ESTA senza problemi\",\"inLanguage\":\"it-IT\",\"potentialAction\":[{\"@type\":\"ReadAction\",\"target\":[\"https:\/\/123-esta.com\/it\/elenco-dei-paesi-visa-waiver-program\/\"]}]},{\"@type\":\"WebSite\",\"@id\":\"https:\/\/123-esta.com\/it\/#website\",\"url\":\"https:\/\/123-esta.com\/it\/\",\"name\":\"Formulaire ESTA pour les USA\",\"description\":\"\",\"publisher\":{\"@id\":\"https:\/\/123-esta.com\/it\/#organization\"},\"potentialAction\":[{\"@type\":\"SearchAction\",\"target\":{\"@type\":\"EntryPoint\",\"urlTemplate\":\"https:\/\/123-esta.com\/it\/?s={search_term_string}\"},\"query-input\":{\"@type\":\"PropertyValueSpecification\",\"valueRequired\":true,\"valueName\":\"search_term_string\"}}],\"inLanguage\":\"it-IT\"},{\"@type\":\"Organization\",\"@id\":\"https:\/\/123-esta.com\/it\/#organization\",\"name\":\"Formulaire ESTA pour les USA\",\"url\":\"https:\/\/123-esta.com\/it\/\",\"logo\":{\"@type\":\"ImageObject\",\"inLanguage\":\"it-IT\",\"@id\":\"https:\/\/123-esta.com\/it\/#\/schema\/logo\/image\/\",\"url\":\"https:\/\/123-esta.com\/wp-content\/uploads\/2018\/03\/logo-123-esta.png\",\"contentUrl\":\"https:\/\/123-esta.com\/wp-content\/uploads\/2018\/03\/logo-123-esta.png\",\"width\":191,\"height\":54,\"caption\":\"Formulaire ESTA pour les USA\"},\"image\":{\"@id\":\"https:\/\/123-esta.com\/it\/#\/schema\/logo\/image\/\"}}]}<\/script>\n<!-- \/ Yoast SEO plugin. -->","yoast_head_json":{"title":"Paesi aderenti al Programma Viaggio senza Visto","description":"Elenco dei Paesi aderenti al Programma Viaggio senza Visto e requisiti ESTA. Tutte le informazioni necessarie per ottenere l'ESTA senza problemi","robots":{"index":"index","follow":"follow","max-snippet":"max-snippet:-1","max-image-preview":"max-image-preview:large","max-video-preview":"max-video-preview:-1"},"canonical":"https:\/\/123-esta.com\/it\/elenco-dei-paesi-visa-waiver-program\/","og_locale":"it_IT","og_type":"article","og_title":"Paesi aderenti al Programma Viaggio senza Visto","og_description":"Elenco dei Paesi aderenti al Programma Viaggio senza Visto e requisiti ESTA. Tutte le informazioni necessarie per ottenere l'ESTA senza problemi","og_url":"https:\/\/123-esta.com\/it\/elenco-dei-paesi-visa-waiver-program\/","og_site_name":"Formulaire ESTA pour les USA","article_modified_time":"2022-09-19T15:20:04+00:00","twitter_card":"summary_large_image","twitter_misc":{"Tempo di lettura stimato":"3 minuti"},"schema":{"@context":"https:\/\/schema.org","@graph":[{"@type":"WebPage","@id":"https:\/\/123-esta.com\/it\/elenco-dei-paesi-visa-waiver-program\/","url":"https:\/\/123-esta.com\/it\/elenco-dei-paesi-visa-waiver-program\/","name":"Paesi aderenti al Programma Viaggio senza Visto","isPartOf":{"@id":"https:\/\/123-esta.com\/it\/#website"},"datePublished":"2022-07-27T19:35:28+00:00","dateModified":"2022-09-19T15:20:04+00:00","description":"Elenco dei Paesi aderenti al Programma Viaggio senza Visto e requisiti ESTA. Tutte le informazioni necessarie per ottenere l'ESTA senza problemi","inLanguage":"it-IT","potentialAction":[{"@type":"ReadAction","target":["https:\/\/123-esta.com\/it\/elenco-dei-paesi-visa-waiver-program\/"]}]},{"@type":"WebSite","@id":"https:\/\/123-esta.com\/it\/#website","url":"https:\/\/123-esta.com\/it\/","name":"Formulaire ESTA pour les USA","description":"","publisher":{"@id":"https:\/\/123-esta.com\/it\/#organization"},"potentialAction":[{"@type":"SearchAction","target":{"@type":"EntryPoint","urlTemplate":"https:\/\/123-esta.com\/it\/?s={search_term_string}"},"query-input":{"@type":"PropertyValueSpecification","valueRequired":true,"valueName":"search_term_string"}}],"inLanguage":"it-IT"},{"@type":"Organization","@id":"https:\/\/123-esta.com\/it\/#organization","name":"Formulaire ESTA pour les USA","url":"https:\/\/123-esta.com\/it\/","logo":{"@type":"ImageObject","inLanguage":"it-IT","@id":"https:\/\/123-esta.com\/it\/#\/schema\/logo\/image\/","url":"https:\/\/123-esta.com\/wp-content\/uploads\/2018\/03\/logo-123-esta.png","contentUrl":"https:\/\/123-esta.com\/wp-content\/uploads\/2018\/03\/logo-123-esta.png","width":191,"height":54,"caption":"Formulaire ESTA pour les USA"},"image":{"@id":"https:\/\/123-esta.com\/it\/#\/schema\/logo\/image\/"}}]}},"_links":{"self":[{"href":"https:\/\/123-esta.com\/it\/wp-json\/wp\/v2\/pages\/2513","targetHints":{"allow":["GET"]}}],"collection":[{"href":"https:\/\/123-esta.com\/it\/wp-json\/wp\/v2\/pages"}],"about":[{"href":"https:\/\/123-esta.com\/it\/wp-json\/wp\/v2\/types\/page"}],"author":[{"embeddable":true,"href":"https:\/\/123-esta.com\/it\/wp-json\/wp\/v2\/users\/1"}],"replies":[{"embeddable":true,"href":"https:\/\/123-esta.com\/it\/wp-json\/wp\/v2\/comments?post=2513"}],"version-history":[{"count":0,"href":"https:\/\/123-esta.com\/it\/wp-json\/wp\/v2\/pages\/2513\/revisions"}],"wp:attachment":[{"href":"https:\/\/123-esta.com\/it\/wp-json\/wp\/v2\/media?parent=2513"}],"curies":[{"name":"wp","href":"https:\/\/api.w.org\/{rel}","templated":true}]}}