{"id":2494,"date":"2022-07-27T21:35:25","date_gmt":"2022-07-27T19:35:25","guid":{"rendered":"https:\/\/123-esta.com\/faq-esta\/"},"modified":"2022-09-19T09:15:11","modified_gmt":"2022-09-19T07:15:11","slug":"faq-esta","status":"publish","type":"page","link":"https:\/\/123-esta.com\/it\/faq-esta\/","title":{"rendered":"FAQ &#8211; Tutte le risposte alle vostre domande sull&#8217;ESTA"},"content":{"rendered":"\n<h2 class=\"wp-block-heading\">Cos&#8217;\u00e8 l&#8217;autorizzazione al viaggio ESTA?<\/h2>\n\n<p>Il <a href=\"https:\/\/123-esta.com\/it\/cose-esta-per-gli-stati-uniti\/\">visto ESTA<\/a> \u00e8 l&#8217;acronimo di Electronic System for Travel Authorisation. Si tratta di un sistema elettronico per autorizzare i viaggi negli Stati Uniti. L&#8217;autorizzazione \u00e8 stata concessa per garantire il viaggio negli Stati Uniti.<\/p>\n\n<p>Si tratta di un programma sviluppato in collaborazione con il Visa Waiver Program (VWP), che consente di recarsi negli Stati Uniti senza visto. Questo documento \u00e8 obbligatorio per tutti i viaggiatori esenti da visto provenienti dai Paesi ammessi al programma.<\/p>\n\n<p>Per ottenere l&#8217;autorizzazione ESTA \u00e8 necessario compilare il modulo di richiesta. Potete compilare il modulo sul nostro sito web.<\/p>\n\n<h2 class=\"wp-block-heading\">A chi \u00e8 rivolto l&#8217;ESTA?<\/h2>\n\n<p>L&#8217;ESTA \u00e8 obbligatoria per tutte le persone che desiderano recarsi negli Stati Uniti in nave o in aereo e soggiornare per meno di 3 mesi sul suolo americano. Anche i bambini piccoli (neonati) devono ottenere l&#8217;ESTA. L&#8217;elenco dei Paesi ammessi al programma \u00e8 riportato di seguito.<\/p>\n\n<h2 class=\"wp-block-heading\">Devo entrare negli Stati Uniti con l&#8217;ESTA?<\/h2>\n\n<p>Il possesso di un&#8217;autorizzazione ESTA non garantisce l&#8217;ammissione negli Stati Uniti. Un funzionario dell&#8217;immigrazione vi controller\u00e0 una volta arrivati al valico di frontiera. Possono effettivamente rifiutare l&#8217;ammissione sulla base della legge statunitense.<\/p>\n\n<h2 class=\"wp-block-heading\">L&#8217;ESTA \u00e8 l&#8217;equivalente di un visto?<\/h2>\n\n<p>No. L&#8217;ESTA e il visto sono due documenti diversi che non possono essere sostituiti. Quando \u00e8 necessario un visto, l&#8217;ESTA non pu\u00f2 sostituirlo. Se avete un visto valido con uno scopo di soggiorno corrispondente a tale visto, potete recarvi in quel Paese senza ESTA.<\/p>\n\n<h2 class=\"wp-block-heading\">Per quanto tempo \u00e8 valida l&#8217;autorizzazione ESTA?<\/h2>\n\n<p>L&#8217;ESTA \u00e8 valida per due (2) anni dalla data di approvazione. Pu\u00f2 anche essere annullato durante la sua validit\u00e0 o terminato contemporaneamente al passaporto se questo scade prima della fine della validit\u00e0 dell&#8217;ESTA.<\/p>\n\n<h2 class=\"wp-block-heading\">Quando richiedere l&#8217;autorizzazione ESTA?<\/h2>\n\n<p>Si consiglia di applicarlo almeno 72 ore prima della partenza. Sebbene l&#8217;autorizzazione al viaggio possa essere concessa in pochi minuti, se la domanda \u00e8 in sospeso, le autorit\u00e0 statunitensi si riservano un massimo di tre giorni per approfondire la domanda e fornire una risposta.<\/p>\n\n<h2 class=\"wp-block-heading\">La domanda ESTA pu\u00f2 essere accettata senza un piano specifico?<\/h2>\n\n<p>Non \u00e8 necessario indicare un motivo specifico per il viaggio nella domanda ESTA. Non richiede l&#8217;itinerario o l&#8217;alloggio. \u00c8 possibile rispondere &#8220;sconosciuto&#8221; per molte domande per le quali non si dispone di informazioni, come ad esempio il contatto negli Stati Uniti.<\/p>\n\n<p>Anche gli aggiornamenti del dossier non sono obbligatori una volta che la domanda \u00e8 stata accettata.<\/p>\n\n<h2 class=\"wp-block-heading\">Ho bisogno dell&#8217;autorizzazione ESTA per uno scalo durante un viaggio?<\/h2>\n\n<p>Per uno scalo negli Stati Uniti, \u00e8 indispensabile che un cittadino di uno dei Paesi ENP sia in possesso di un&#8217;autorizzazione o di un visto ESTA valido. Al momento della candidatura \u00e8 necessario indicare &#8220;in transito&#8221;.<\/p>\n\n<h2 class=\"wp-block-heading\">Perch\u00e9 l&#8217;ESTA \u00e8 obbligatoria per i viaggi negli Stati Uniti?<\/h2>\n\n<p>L&#8217;introduzione dell&#8217;ESTA \u00e8 un mezzo per rafforzare la sicurezza interna degli Stati Uniti. Con esso, il Dipartimento di Sicurezza Nazionale (DHS) valuta la vostra ammissibilit\u00e0 negli Stati Uniti molto prima del vostro arrivo, sia per i viaggi aerei che per quelli marittimi. Si noti che dal 2022 l&#8217;<a href=\"https:\/\/123-esta.com\/it\/esta-per-viaggiare-negli-stati-uniti-via-terra\/\">ESTA \u00e8 obbligatorio per entrare negli Stati Uniti via terra<\/a>. Determina se la vostra visita rappresenta una minaccia per la sicurezza nazionale o una violazione della legge locale.<\/p>\n\n<h2 class=\"wp-block-heading\">Che cos&#8217;\u00e8 il Programma Viaggio senza Visto?<\/h2>\n\n<p>Il Visa Waiver Program (VWP) \u00e8 un modo per recarsi negli Stati Uniti senza visto. Si applica solo ai viaggi d&#8217;affari o di turismo di durata inferiore a 90 giorni. Non \u00e8 possibile fare ricorso o contestare il rifiuto dell&#8217;autorizzazione ESTA.<\/p>\n\n<h2 class=\"wp-block-heading\">Quali paesi sono inclusi nel Programma Viaggio senza Visto?<\/h2>\n\n<p>Il <a href=\"https:\/\/123-esta.com\/it\/elenco-dei-paesi-visa-waiver-program\/\">Programma Viaggio senza Visto<\/a>  \u00e8 prerogativa dei seguenti Paesi: Andorra, Australia, Austria, Belgio, Brunei, Cile, Croazia, Repubblica Ceca, Danimarca, Estonia, Finlandia, Francia, Germania, Grecia, Ungheria, Islanda, Irlanda, Italia, Giappone, Lettonia, Liechtenstein, Lituania, Lussemburgo, Monaco, Paesi Bassi, Nuova Zelanda, Norvegia, Polonia, Portogallo, Repubblica di Malta, San Marino, Singapore, Slovacchia, Slovenia, Corea del Sud, Spagna, Svezia, Svizzera, Regno Unito e Taiwan. Sono ammessi al programma coloro che hanno una di queste nazionalit\u00e0.<\/p>\n\n<h2 class=\"wp-block-heading\">A chi \u00e8 rivolto il Programma Viaggio senza Visto?<\/h2>\n\n<p>Chiunque sia cittadino di uno dei Paesi sopra citati \u00e8 esplicitamente idoneo al Programma Viaggio senza Visto se soddisfa le condizioni.<\/p>\n\n<p>Queste condizioni sono :<\/p>\n\n<ul class=\"wp-block-list\"><li>programmare un viaggio di meno di 90 giorni negli Stati Uniti per turismo, scalo o affari;<\/li><li>avere un passaporto rilasciato da un Paese membro del VWP;<\/li><li>avere un&#8217;autorizzazione di viaggio ESTA;<\/li><li>viaggiare in un&#8217;azienda che ha firmato l&#8217;accordo VWP;<\/li><li>avere un biglietto per un altro Paese o un biglietto di ritorno;<\/li><li>essere una persona innocua (che non rappresenti un rischio per la sicurezza, la salute, l&#8217;equilibrio e l&#8217;incolumit\u00e0 locali);<\/li><li>se si effettua uno scalo, la destinazione finale non deve essere un&#8217;isola adiacente al territorio statunitense o un territorio di confine. In caso contrario, dovete essere residenti in uno di questi luoghi.<\/li><\/ul>\n\n<h2 class=\"wp-block-heading\">Ci sono requisiti per il passaporto nel Programma Viaggio senza Visto?<\/h2>\n\n<p>S\u00ec, il passaporto deve soddisfare i requisiti del Visa Waiver Program, ossia :<\/p>\n\n<ul class=\"wp-block-list\"><li>avere un&#8217;area scannerizzabile sulla vostra pagina di identit\u00e0,<\/li><li>avere un passaporto elettronico, cio\u00e8 con un chip elettronico contenente una foto digitale per un passaporto rilasciato dopo il 26 ottobre 2005,<\/li><li>avere un passaporto biometrico, cio\u00e8 con un chip digitale contenente i dati biometrici per un passaporto rilasciato dal 26 ottobre 2006.<\/li><\/ul>\n\n<h2 class=\"wp-block-heading\">Quando richiedere un visto per recarsi negli Stati Uniti?<\/h2>\n\n<p>Il <a href=\"https:\/\/123-esta.com\/it\/visto-turistico-stati-uniti\/\">visto turistico per gli Stati Uniti<\/a> \u00e8 obbligatorio quando :<\/p>\n\n<ul class=\"wp-block-list\"><li>viaggiate con una compagnia aerea o di navigazione non firmataria;<\/li><li>si desidera rimanere negli Stati Uniti per pi\u00f9 di 90 giorni;<\/li><li>\u00e8 probabile che la domanda ESTA venga rifiutata o sia stata rifiutata. In questo caso, \u00e8 necessario richiedere un visto di soggiorno temporaneo;<\/li><li>si reca negli Stati Uniti per un motivo diverso dal turismo o dal viaggio d&#8217;affari.<\/li><\/ul>\n\n<h2 class=\"wp-block-heading\">Di cosa ho bisogno per richiedere un permesso?<\/h2>\n\n<p>Per completare la domanda di ESTA, \u00e8 necessario il proprio :<\/p>\n\n<ul class=\"wp-block-list\"><li>nome completo ;<\/li><li>sesso ;<\/li><li>data di nascita (giorno, mese, anno) ;<\/li><li>paese di nascita ;<\/li><li>paese di residenza ;<\/li><li>numero di telefono preceduto dal prefisso del paese ;<\/li><li>indirizzo e-mail ;<\/li><li>data di scadenza del passaporto (giorno, mese, anno) ;<\/li><li>data di rilascio del passaporto (giorno, mese, anno) ;<\/li><li>paese di rilascio del passaporto ;<\/li><li>numero di passaporto ;<\/li><li>elenco di malattie, allergie, disturbi mentali o fisici che vi affliggono;<\/li><li>Si noti che <a href=\"https:\/\/123-esta.com\/it\/informare-facebook-esta\/\">non \u00e8 obbligatorio indicare i propri<\/a> account di <a href=\"https:\/\/123-esta.com\/it\/informare-facebook-esta\/\">Facebook<\/a> o di altri social network.<\/li><\/ul>\n\n<p>Tutte queste informazioni devono essere fornite cos\u00ec come appaiono sul passaporto.<\/p>\n\n<h2 class=\"wp-block-heading\">\u00c8 richiesta una copia dell&#8217;autorizzazione ESTA per l&#8217;imbarco in aeroporto?<\/h2>\n\n<p>No, non \u00e8 obbligatorio. Il Dipartimento di Sicurezza Nazionale ha gi\u00e0 informato la compagnia di viaggio sullo stato della vostra domanda. Si consiglia comunque di tenerne una copia con s\u00e9 per ogni evenienza.<\/p>\n\n<h2 class=\"wp-block-heading\">Devo rinnovare la domanda ESTA per i viaggi futuri?<\/h2>\n\n<p>Non \u00e8 possibile rinnovare un&#8217;autorizzazione al viaggio. \u00c8 necessario presentare una nuova domanda. Questo pu\u00f2 essere fatto quando :<\/p>\n\n<ul class=\"wp-block-list\"><li>la domanda \u00e8 scaduta o scadr\u00e0 a breve;<\/li><li>il passaporto deve essere rinnovato;<\/li><li>si \u00e8 verificato un cambiamento nella vostra vita, che ha modificato i vostri dati di identificazione (trasloco, matrimonio, divorzio, ecc.);<\/li><li>si cambia sesso;<\/li><li>si cambia nazionalit\u00e0;<\/li><li>una delle vostre risposte alle domande chiuse (s\u00ec o no) \u00e8 cambiata.<\/li><\/ul>\n\n<h2 class=\"wp-block-heading\">\u00a0<\/h2>\n\n<h2 class=\"wp-block-heading\">La mia autorizzazione ESTA scadr\u00e0 prima del mio ritorno dagli Stati Uniti. Dovr\u00f2 rifare la domanda prima di partire?<\/h2>\n\n<p>No, l&#8217;ESTA deve essere valido all&#8217;arrivo negli Stati Uniti e non al ritorno dal Paese.<\/p>\n\n<h2 class=\"wp-block-heading\">Quali dati posso aggiornare?<\/h2>\n\n<p>\u00e8 possibile aggiornare il proprio file :<\/p>\n\n<ul class=\"wp-block-list\"><li>Indirizzo e-mail;<\/li><li>Indirizzo di destinazione (indirizzo e citt\u00e0).<\/li><\/ul>\n\n<h2 class=\"wp-block-heading\">Cosa devo fare se i dati del mio passaporto sono stati modificati?<\/h2>\n\n<p>Una volta ottenuto il nuovo passaporto, sar\u00e0 necessario presentare una nuova domanda ESTA. Lo stesso vale quando le informazioni in esso contenute sono state modificate.<\/p>\n\n<h2 class=\"wp-block-heading\">Posso correggere la mia domanda ESTA?<\/h2>\n\n<p>Prima di presentare la domanda, \u00e8 consigliabile controllare attentamente tutte le informazioni. In caso di errore dopo la presentazione della domanda, non sar\u00e0 possibile modificare le informazioni inviate. Sar\u00e0 necessario presentare una nuova domanda e un nuovo pagamento.<\/p>\n\n<p>\u00c8 disponibile una funzione di aggiornamento per modificare le caselle che possono essere cambiate senza dover rifare la domanda, ma questo riguarda solo l&#8217;indirizzo e-mail e l&#8217;indirizzo locale.<\/p>\n\n<h2 class=\"wp-block-heading\">C&#8217;\u00e8 stato un errore nella data di scadenza o di emissione del passaporto. Come correggerlo?<\/h2>\n\n<p>Se la domanda \u00e8 stata convalidata e approvata, non \u00e8 possibile modificare questi dati. \u00c8 necessario presentare un&#8217;altra domanda e un altro pagamento. Il modulo precedentemente inviato verr\u00e0 automaticamente annullato.<\/p>\n\n<h2 class=\"wp-block-heading\">Cosa devo fare se la mia domanda ESTA viene rifiutata?<\/h2>\n\n<p>Non tutte le domande ESTA sono accettate. Se, sfortunatamente, la vostra domanda ESTA viene rifiutata, dovrete richiedere un visto. Contattare l&#8217;ambasciata o il consolato degli Stati Uniti per informazioni su come fare.<\/p>\n\n<h2 class=\"wp-block-heading\">Posso richiedere nuovamente l&#8217;ESTA dopo un rifiuto?<\/h2>\n\n<p>S\u00ec, \u00e8 possibile richiedere nuovamente l&#8217;ESTA se la domanda precedente \u00e8 stata rifiutata. Tuttavia, la risposta sar\u00e0 la stessa se le informazioni rimangono invariate. Tuttavia, non \u00e8 possibile fornire dati falsi nel modulo di richiesta dell&#8217;ESTA.<\/p>\n\n<p>Questo pu\u00f2 portare a un divieto permanente di soggiorno in quel Paese. \u00c8 inoltre improbabile che la seconda domanda venga accolta. Pertanto, \u00e8 meglio recarsi negli Stati Uniti al di fuori del Programma Viaggio senza Visto. Ci\u00f2 comporta la richiesta di un visto.<\/p>\n\n<h2 class=\"wp-block-heading\">Il sistema mi fornir\u00e0 i motivi del rifiuto?<\/h2>\n\n<p>Il sistema ESTA rifiuta solo le persone che non soddisfano i requisiti del Programma Viaggio senza Visto. Lo stesso vale per le persone che rappresentano un rischio potenziale per la sicurezza degli Stati Uniti. In caso di rifiuto, i motivi non vi saranno comunicati.<\/p>\n\n<h2 class=\"wp-block-heading\">Se mi viene rifiutato un viaggio urgente, posso chiedere un appuntamento d&#8217;emergenza all&#8217;ambasciata?<\/h2>\n\n<p>\u00c8 possibile ottenere un appuntamento immediato quando il numero di domande di visto pendenti \u00e8 basso, ma ci\u00f2 non \u00e8 garantito. Per garantire una partenza tempestiva, \u00e8 meglio richiedere l&#8217;ESTA con diversi mesi di anticipo. In questo modo, in caso di rifiuto, potrete richiedere un visto in tempo utile.<\/p>\n","protected":false},"excerpt":{"rendered":"<p>Cos&#8217;\u00e8 l&#8217;autorizzazione al viaggio ESTA? Il visto ESTA \u00e8 l&#8217;acronimo di Electronic System for Travel Authorisation. Si tratta di un sistema elettronico per autorizzare i viaggi negli Stati Uniti. L&#8217;autorizzazione \u00e8 stata concessa per garantire il viaggio negli Stati Uniti. Si tratta di un programma sviluppato in collaborazione con il Visa Waiver Program (VWP), che [&hellip;]<\/p>\n","protected":false},"author":1,"featured_media":0,"parent":0,"menu_order":0,"comment_status":"closed","ping_status":"closed","template":"","meta":{"site-sidebar-layout":"default","site-content-layout":"default","ast-site-content-layout":"default","site-content-style":"default","site-sidebar-style":"default","ast-global-header-display":"","ast-banner-title-visibility":"","ast-main-header-display":"","ast-hfb-above-header-display":"","ast-hfb-below-header-display":"","ast-hfb-mobile-header-display":"","site-post-title":"","ast-breadcrumbs-content":"","ast-featured-img":"","footer-sml-layout":"","ast-disable-related-posts":"","theme-transparent-header-meta":"default","adv-header-id-meta":"","stick-header-meta":"default","header-above-stick-meta":"","header-main-stick-meta":"","header-below-stick-meta":"","astra-migrate-meta-layouts":"default","ast-page-background-enabled":"default","ast-page-background-meta":{"desktop":{"background-color":"","background-image":"","background-repeat":"repeat","background-position":"center center","background-size":"auto","background-attachment":"scroll","background-type":"","background-media":"","overlay-type":"","overlay-color":"","overlay-opacity":"","overlay-gradient":""},"tablet":{"background-color":"","background-image":"","background-repeat":"repeat","background-position":"center center","background-size":"auto","background-attachment":"scroll","background-type":"","background-media":"","overlay-type":"","overlay-color":"","overlay-opacity":"","overlay-gradient":""},"mobile":{"background-color":"","background-image":"","background-repeat":"repeat","background-position":"center center","background-size":"auto","background-attachment":"scroll","background-type":"","background-media":"","overlay-type":"","overlay-color":"","overlay-opacity":"","overlay-gradient":""}},"ast-content-background-meta":{"desktop":{"background-color":"var(--ast-global-color-5)","background-image":"","background-repeat":"repeat","background-position":"center center","background-size":"auto","background-attachment":"scroll","background-type":"","background-media":"","overlay-type":"","overlay-color":"","overlay-opacity":"","overlay-gradient":""},"tablet":{"background-color":"var(--ast-global-color-5)","background-image":"","background-repeat":"repeat","background-position":"center center","background-size":"auto","background-attachment":"scroll","background-type":"","background-media":"","overlay-type":"","overlay-color":"","overlay-opacity":"","overlay-gradient":""},"mobile":{"background-color":"var(--ast-global-color-5)","background-image":"","background-repeat":"repeat","background-position":"center center","background-size":"auto","background-attachment":"scroll","background-type":"","background-media":"","overlay-type":"","overlay-color":"","overlay-opacity":"","overlay-gradient":""}},"footnotes":""},"class_list":["post-2494","page","type-page","status-publish","hentry"],"yoast_head":"<!-- This site is optimized with the Yoast SEO plugin v27.1.1 - https:\/\/yoast.com\/product\/yoast-seo-wordpress\/ -->\n<title>FAQ - Tutte le risposte alle vostre domande sull&#039;ESTA<\/title>\n<meta name=\"description\" content=\"Tutte le risposte alle vostre domande sull&#039;ESTA sono disponibili sul nostro sito web. Le nostre risposte sono chiare, semplici e precise.\" \/>\n<meta name=\"robots\" content=\"index, follow, max-snippet:-1, max-image-preview:large, max-video-preview:-1\" \/>\n<link rel=\"canonical\" href=\"https:\/\/123-esta.com\/it\/faq-esta\/\" \/>\n<meta property=\"og:locale\" content=\"it_IT\" \/>\n<meta property=\"og:type\" content=\"article\" \/>\n<meta property=\"og:title\" content=\"FAQ - Tutte le risposte alle vostre domande sull&#039;ESTA\" \/>\n<meta property=\"og:description\" content=\"Tutte le risposte alle vostre domande sull&#039;ESTA sono disponibili sul nostro sito web. Le nostre risposte sono chiare, semplici e precise.\" \/>\n<meta property=\"og:url\" content=\"https:\/\/123-esta.com\/it\/faq-esta\/\" \/>\n<meta property=\"og:site_name\" content=\"Formulaire ESTA pour les USA\" \/>\n<meta property=\"article:modified_time\" content=\"2022-09-19T07:15:11+00:00\" \/>\n<meta name=\"twitter:card\" content=\"summary_large_image\" \/>\n<meta name=\"twitter:label1\" content=\"Tempo di lettura stimato\" \/>\n\t<meta name=\"twitter:data1\" content=\"8 minuti\" \/>\n<script type=\"application\/ld+json\" class=\"yoast-schema-graph\">{\"@context\":\"https:\/\/schema.org\",\"@graph\":[{\"@type\":\"WebPage\",\"@id\":\"https:\/\/123-esta.com\/it\/faq-esta\/\",\"url\":\"https:\/\/123-esta.com\/it\/faq-esta\/\",\"name\":\"FAQ - Tutte le risposte alle vostre domande sull'ESTA\",\"isPartOf\":{\"@id\":\"https:\/\/123-esta.com\/it\/#website\"},\"datePublished\":\"2022-07-27T19:35:25+00:00\",\"dateModified\":\"2022-09-19T07:15:11+00:00\",\"description\":\"Tutte le risposte alle vostre domande sull'ESTA sono disponibili sul nostro sito web. Le nostre risposte sono chiare, semplici e precise.\",\"inLanguage\":\"it-IT\",\"potentialAction\":[{\"@type\":\"ReadAction\",\"target\":[\"https:\/\/123-esta.com\/it\/faq-esta\/\"]}]},{\"@type\":\"WebSite\",\"@id\":\"https:\/\/123-esta.com\/it\/#website\",\"url\":\"https:\/\/123-esta.com\/it\/\",\"name\":\"Formulaire ESTA pour les USA\",\"description\":\"\",\"publisher\":{\"@id\":\"https:\/\/123-esta.com\/it\/#organization\"},\"potentialAction\":[{\"@type\":\"SearchAction\",\"target\":{\"@type\":\"EntryPoint\",\"urlTemplate\":\"https:\/\/123-esta.com\/it\/?s={search_term_string}\"},\"query-input\":{\"@type\":\"PropertyValueSpecification\",\"valueRequired\":true,\"valueName\":\"search_term_string\"}}],\"inLanguage\":\"it-IT\"},{\"@type\":\"Organization\",\"@id\":\"https:\/\/123-esta.com\/it\/#organization\",\"name\":\"Formulaire ESTA pour les USA\",\"url\":\"https:\/\/123-esta.com\/it\/\",\"logo\":{\"@type\":\"ImageObject\",\"inLanguage\":\"it-IT\",\"@id\":\"https:\/\/123-esta.com\/it\/#\/schema\/logo\/image\/\",\"url\":\"https:\/\/123-esta.com\/wp-content\/uploads\/2018\/03\/logo-123-esta.png\",\"contentUrl\":\"https:\/\/123-esta.com\/wp-content\/uploads\/2018\/03\/logo-123-esta.png\",\"width\":191,\"height\":54,\"caption\":\"Formulaire ESTA pour les USA\"},\"image\":{\"@id\":\"https:\/\/123-esta.com\/it\/#\/schema\/logo\/image\/\"}}]}<\/script>\n<!-- \/ Yoast SEO plugin. -->","yoast_head_json":{"title":"FAQ - Tutte le risposte alle vostre domande sull'ESTA","description":"Tutte le risposte alle vostre domande sull'ESTA sono disponibili sul nostro sito web. Le nostre risposte sono chiare, semplici e precise.","robots":{"index":"index","follow":"follow","max-snippet":"max-snippet:-1","max-image-preview":"max-image-preview:large","max-video-preview":"max-video-preview:-1"},"canonical":"https:\/\/123-esta.com\/it\/faq-esta\/","og_locale":"it_IT","og_type":"article","og_title":"FAQ - Tutte le risposte alle vostre domande sull'ESTA","og_description":"Tutte le risposte alle vostre domande sull'ESTA sono disponibili sul nostro sito web. Le nostre risposte sono chiare, semplici e precise.","og_url":"https:\/\/123-esta.com\/it\/faq-esta\/","og_site_name":"Formulaire ESTA pour les USA","article_modified_time":"2022-09-19T07:15:11+00:00","twitter_card":"summary_large_image","twitter_misc":{"Tempo di lettura stimato":"8 minuti"},"schema":{"@context":"https:\/\/schema.org","@graph":[{"@type":"WebPage","@id":"https:\/\/123-esta.com\/it\/faq-esta\/","url":"https:\/\/123-esta.com\/it\/faq-esta\/","name":"FAQ - Tutte le risposte alle vostre domande sull'ESTA","isPartOf":{"@id":"https:\/\/123-esta.com\/it\/#website"},"datePublished":"2022-07-27T19:35:25+00:00","dateModified":"2022-09-19T07:15:11+00:00","description":"Tutte le risposte alle vostre domande sull'ESTA sono disponibili sul nostro sito web. Le nostre risposte sono chiare, semplici e precise.","inLanguage":"it-IT","potentialAction":[{"@type":"ReadAction","target":["https:\/\/123-esta.com\/it\/faq-esta\/"]}]},{"@type":"WebSite","@id":"https:\/\/123-esta.com\/it\/#website","url":"https:\/\/123-esta.com\/it\/","name":"Formulaire ESTA pour les USA","description":"","publisher":{"@id":"https:\/\/123-esta.com\/it\/#organization"},"potentialAction":[{"@type":"SearchAction","target":{"@type":"EntryPoint","urlTemplate":"https:\/\/123-esta.com\/it\/?s={search_term_string}"},"query-input":{"@type":"PropertyValueSpecification","valueRequired":true,"valueName":"search_term_string"}}],"inLanguage":"it-IT"},{"@type":"Organization","@id":"https:\/\/123-esta.com\/it\/#organization","name":"Formulaire ESTA pour les USA","url":"https:\/\/123-esta.com\/it\/","logo":{"@type":"ImageObject","inLanguage":"it-IT","@id":"https:\/\/123-esta.com\/it\/#\/schema\/logo\/image\/","url":"https:\/\/123-esta.com\/wp-content\/uploads\/2018\/03\/logo-123-esta.png","contentUrl":"https:\/\/123-esta.com\/wp-content\/uploads\/2018\/03\/logo-123-esta.png","width":191,"height":54,"caption":"Formulaire ESTA pour les USA"},"image":{"@id":"https:\/\/123-esta.com\/it\/#\/schema\/logo\/image\/"}}]}},"_links":{"self":[{"href":"https:\/\/123-esta.com\/it\/wp-json\/wp\/v2\/pages\/2494","targetHints":{"allow":["GET"]}}],"collection":[{"href":"https:\/\/123-esta.com\/it\/wp-json\/wp\/v2\/pages"}],"about":[{"href":"https:\/\/123-esta.com\/it\/wp-json\/wp\/v2\/types\/page"}],"author":[{"embeddable":true,"href":"https:\/\/123-esta.com\/it\/wp-json\/wp\/v2\/users\/1"}],"replies":[{"embeddable":true,"href":"https:\/\/123-esta.com\/it\/wp-json\/wp\/v2\/comments?post=2494"}],"version-history":[{"count":0,"href":"https:\/\/123-esta.com\/it\/wp-json\/wp\/v2\/pages\/2494\/revisions"}],"wp:attachment":[{"href":"https:\/\/123-esta.com\/it\/wp-json\/wp\/v2\/media?parent=2494"}],"curies":[{"name":"wp","href":"https:\/\/api.w.org\/{rel}","templated":true}]}}