{"id":2492,"date":"2022-07-27T21:35:24","date_gmt":"2022-07-27T19:35:24","guid":{"rendered":"https:\/\/123-esta.com\/superamento-della-data-di-permanenza-in-usa\/"},"modified":"2024-10-07T15:02:24","modified_gmt":"2024-10-07T13:02:24","slug":"superamento-della-data-limite-per-il-soggiorno-negli-stati-uniti","status":"publish","type":"page","link":"https:\/\/123-esta.com\/it\/superamento-della-data-limite-per-il-soggiorno-negli-stati-uniti\/","title":{"rendered":"I rischi di un soggiorno prolungato negli USA"},"content":{"rendered":"\n<p>Gli Stati Uniti sono una delle destinazioni pi\u00f9 popolari per i visitatori durante tutto l&#8217;anno, soprattutto durante il periodo natalizio. Se si tratta del primo viaggio nel Paese o se sono passati pi\u00f9 di due anni dall&#8217;ultima visita, \u00e8 necessario richiedere l&#8217;autorizzazione ESTA, se il Paese \u00e8 membro del Programma Viaggio senza Visto.<\/p>\n\n<p>\u00c8 facile fare domanda, basta compilare il modulo ESTA online. A questo punto possono presentarsi tre casi:<\/p>\n\n<ul class=\"wp-block-list\">\n<li>la vostra domanda \u00e8 approvata ;<\/li>\n\n\n\n<li>la vostra domanda \u00e8 respinta ;<\/li>\n\n\n\n<li>la vostra domanda \u00e8 in sospeso.<\/li>\n<\/ul>\n\n<p>Se vi viene concessa l&#8217;autorizzazione ESTA, ci\u00f2 significa che avete il diritto di soggiornare negli Stati Uniti ogni volta che lo desiderate per un periodo spesso equivalente a un massimo di 3 mesi. Si ricorda che <a href=\"\/\/123-esta.com\/validite-esta\/\">l&#8217;autorizzazione ESTA \u00e8 valida per un periodo di 2 anni<\/a>.<\/p>\n\n<h2 class=\"wp-block-heading\">Che cosa succede se prolungo il mio soggiorno?<\/h2>\n\n<p>Una volta superato il periodo di soggiorno, si \u00e8 automaticamente considerati immigrati clandestini.<\/p>\n\n<p>Ovviamente, per evitare questa spiacevole situazione, dovrete assicurarvi di lasciare gli Stati Uniti prima della scadenza del vostro soggiorno. In caso contrario, ci\u00f2 pu\u00f2 comportare un divieto o addirittura un rifiuto di ingresso negli Stati Uniti di durata compresa tra i 3 e i 10 anni, a seconda della durata del superamento.<\/p>\n\n<p>Se il limite viene superato, il funzionario consolare vi chieder\u00e0 il motivo. Se avete un buon argomento (incidente, problema medico, forza maggiore, ecc.) potrete tornare negli Stati Uniti senza problemi. Tuttavia, se la vostra argomentazione non convince l&#8217;amministrazione statunitense, sarete automaticamente sanzionati e segnalati come persone che intendono soggiornare illegalmente negli Stati Uniti.<\/p>\n\n<h2 class=\"wp-block-heading\">Cosa fare per evitare una situazione del genere<\/h2>\n\n<p>Se per qualsiasi motivo il tuo soggiorno potrebbe durare pi\u00f9 di 90 giorni, ti consigliamo vivamente di richiedere un visto evitando la domanda ESTA. Infatti, alcuni tipi di visto consentono di rimanere negli Stati Uniti per pi\u00f9 di 3 mesi.<\/p>\n\n<p>Inoltre, con un visto, \u00e8 possibile prolungare il soggiorno semplicemente presentando una richiesta motivata. Questo non si applica all&#8217;autorizzazione ESTA, a meno che non si tratti di un&#8217;emergenza medica o di una richiesta di asilo politico.<\/p>\n\n<p>Tuttavia, i soggiorni superiori a 90 giorni sono rari e spesso richiedono procedure amministrative lunghe e costose. Se sei certo che il tuo soggiorno sar\u00e0 inferiore a 3 mesi, puoi semplicemente richiedere l&#8217;autorizzazione ESTA. Un permesso che consente di entrare negli Stati Uniti in modo legale e sicuro.<\/p>\n\n<p><\/p>\n","protected":false},"excerpt":{"rendered":"<p>Gli Stati Uniti sono una delle destinazioni pi\u00f9 popolari per i visitatori durante tutto l&#8217;anno, soprattutto durante il periodo natalizio. Se si tratta del primo viaggio nel Paese o se sono passati pi\u00f9 di due anni dall&#8217;ultima visita, \u00e8 necessario richiedere l&#8217;autorizzazione ESTA, se il Paese \u00e8 membro del Programma Viaggio senza Visto. \u00c8 facile [&hellip;]<\/p>\n","protected":false},"author":1,"featured_media":0,"parent":0,"menu_order":0,"comment_status":"closed","ping_status":"closed","template":"","meta":{"site-sidebar-layout":"default","site-content-layout":"default","ast-site-content-layout":"default","site-content-style":"default","site-sidebar-style":"default","ast-global-header-display":"","ast-banner-title-visibility":"","ast-main-header-display":"","ast-hfb-above-header-display":"","ast-hfb-below-header-display":"","ast-hfb-mobile-header-display":"","site-post-title":"","ast-breadcrumbs-content":"","ast-featured-img":"","footer-sml-layout":"","ast-disable-related-posts":"","theme-transparent-header-meta":"default","adv-header-id-meta":"","stick-header-meta":"default","header-above-stick-meta":"","header-main-stick-meta":"","header-below-stick-meta":"","astra-migrate-meta-layouts":"default","ast-page-background-enabled":"default","ast-page-background-meta":{"desktop":{"background-color":"","background-image":"","background-repeat":"repeat","background-position":"center center","background-size":"auto","background-attachment":"scroll","background-type":"","background-media":"","overlay-type":"","overlay-color":"","overlay-opacity":"","overlay-gradient":""},"tablet":{"background-color":"","background-image":"","background-repeat":"repeat","background-position":"center center","background-size":"auto","background-attachment":"scroll","background-type":"","background-media":"","overlay-type":"","overlay-color":"","overlay-opacity":"","overlay-gradient":""},"mobile":{"background-color":"","background-image":"","background-repeat":"repeat","background-position":"center center","background-size":"auto","background-attachment":"scroll","background-type":"","background-media":"","overlay-type":"","overlay-color":"","overlay-opacity":"","overlay-gradient":""}},"ast-content-background-meta":{"desktop":{"background-color":"var(--ast-global-color-5)","background-image":"","background-repeat":"repeat","background-position":"center center","background-size":"auto","background-attachment":"scroll","background-type":"","background-media":"","overlay-type":"","overlay-color":"","overlay-opacity":"","overlay-gradient":""},"tablet":{"background-color":"var(--ast-global-color-5)","background-image":"","background-repeat":"repeat","background-position":"center center","background-size":"auto","background-attachment":"scroll","background-type":"","background-media":"","overlay-type":"","overlay-color":"","overlay-opacity":"","overlay-gradient":""},"mobile":{"background-color":"var(--ast-global-color-5)","background-image":"","background-repeat":"repeat","background-position":"center center","background-size":"auto","background-attachment":"scroll","background-type":"","background-media":"","overlay-type":"","overlay-color":"","overlay-opacity":"","overlay-gradient":""}},"footnotes":""},"class_list":["post-2492","page","type-page","status-publish","hentry"],"yoast_head":"<!-- This site is optimized with the Yoast SEO plugin v27.1.1 - https:\/\/yoast.com\/product\/yoast-seo-wordpress\/ -->\n<title>I rischi di un soggiorno prolungato negli USA<\/title>\n<meta name=\"description\" content=\"Esiste un limite di tempo per i soggiorni approvati dall&#039;ESTA? In caso affermativo, di cosa si tratta e pu\u00f2 essere esteso?\" \/>\n<meta name=\"robots\" content=\"index, follow, max-snippet:-1, max-image-preview:large, max-video-preview:-1\" \/>\n<link rel=\"canonical\" href=\"https:\/\/123-esta.com\/it\/superamento-della-data-limite-per-il-soggiorno-negli-stati-uniti\/\" \/>\n<meta property=\"og:locale\" content=\"it_IT\" \/>\n<meta property=\"og:type\" content=\"article\" \/>\n<meta property=\"og:title\" content=\"I rischi di un soggiorno prolungato negli USA\" \/>\n<meta property=\"og:description\" content=\"Esiste un limite di tempo per i soggiorni approvati dall&#039;ESTA? In caso affermativo, di cosa si tratta e pu\u00f2 essere esteso?\" \/>\n<meta property=\"og:url\" content=\"https:\/\/123-esta.com\/it\/superamento-della-data-limite-per-il-soggiorno-negli-stati-uniti\/\" \/>\n<meta property=\"og:site_name\" content=\"Formulaire ESTA pour les USA\" \/>\n<meta property=\"article:modified_time\" content=\"2024-10-07T13:02:24+00:00\" \/>\n<meta name=\"twitter:card\" content=\"summary_large_image\" \/>\n<meta name=\"twitter:label1\" content=\"Tempo di lettura stimato\" \/>\n\t<meta name=\"twitter:data1\" content=\"2 minuti\" \/>\n<script type=\"application\/ld+json\" class=\"yoast-schema-graph\">{\"@context\":\"https:\/\/schema.org\",\"@graph\":[{\"@type\":\"WebPage\",\"@id\":\"https:\/\/123-esta.com\/it\/superamento-della-data-limite-per-il-soggiorno-negli-stati-uniti\/\",\"url\":\"https:\/\/123-esta.com\/it\/superamento-della-data-limite-per-il-soggiorno-negli-stati-uniti\/\",\"name\":\"I rischi di un soggiorno prolungato negli USA\",\"isPartOf\":{\"@id\":\"https:\/\/123-esta.com\/it\/#website\"},\"datePublished\":\"2022-07-27T19:35:24+00:00\",\"dateModified\":\"2024-10-07T13:02:24+00:00\",\"description\":\"Esiste un limite di tempo per i soggiorni approvati dall'ESTA? In caso affermativo, di cosa si tratta e pu\u00f2 essere esteso?\",\"inLanguage\":\"it-IT\",\"potentialAction\":[{\"@type\":\"ReadAction\",\"target\":[\"https:\/\/123-esta.com\/it\/superamento-della-data-limite-per-il-soggiorno-negli-stati-uniti\/\"]}]},{\"@type\":\"WebSite\",\"@id\":\"https:\/\/123-esta.com\/it\/#website\",\"url\":\"https:\/\/123-esta.com\/it\/\",\"name\":\"Formulaire ESTA pour les USA\",\"description\":\"\",\"publisher\":{\"@id\":\"https:\/\/123-esta.com\/it\/#organization\"},\"potentialAction\":[{\"@type\":\"SearchAction\",\"target\":{\"@type\":\"EntryPoint\",\"urlTemplate\":\"https:\/\/123-esta.com\/it\/?s={search_term_string}\"},\"query-input\":{\"@type\":\"PropertyValueSpecification\",\"valueRequired\":true,\"valueName\":\"search_term_string\"}}],\"inLanguage\":\"it-IT\"},{\"@type\":\"Organization\",\"@id\":\"https:\/\/123-esta.com\/it\/#organization\",\"name\":\"Formulaire ESTA pour les USA\",\"url\":\"https:\/\/123-esta.com\/it\/\",\"logo\":{\"@type\":\"ImageObject\",\"inLanguage\":\"it-IT\",\"@id\":\"https:\/\/123-esta.com\/it\/#\/schema\/logo\/image\/\",\"url\":\"https:\/\/123-esta.com\/wp-content\/uploads\/2018\/03\/logo-123-esta.png\",\"contentUrl\":\"https:\/\/123-esta.com\/wp-content\/uploads\/2018\/03\/logo-123-esta.png\",\"width\":191,\"height\":54,\"caption\":\"Formulaire ESTA pour les USA\"},\"image\":{\"@id\":\"https:\/\/123-esta.com\/it\/#\/schema\/logo\/image\/\"}}]}<\/script>\n<!-- \/ Yoast SEO plugin. -->","yoast_head_json":{"title":"I rischi di un soggiorno prolungato negli USA","description":"Esiste un limite di tempo per i soggiorni approvati dall'ESTA? In caso affermativo, di cosa si tratta e pu\u00f2 essere esteso?","robots":{"index":"index","follow":"follow","max-snippet":"max-snippet:-1","max-image-preview":"max-image-preview:large","max-video-preview":"max-video-preview:-1"},"canonical":"https:\/\/123-esta.com\/it\/superamento-della-data-limite-per-il-soggiorno-negli-stati-uniti\/","og_locale":"it_IT","og_type":"article","og_title":"I rischi di un soggiorno prolungato negli USA","og_description":"Esiste un limite di tempo per i soggiorni approvati dall'ESTA? In caso affermativo, di cosa si tratta e pu\u00f2 essere esteso?","og_url":"https:\/\/123-esta.com\/it\/superamento-della-data-limite-per-il-soggiorno-negli-stati-uniti\/","og_site_name":"Formulaire ESTA pour les USA","article_modified_time":"2024-10-07T13:02:24+00:00","twitter_card":"summary_large_image","twitter_misc":{"Tempo di lettura stimato":"2 minuti"},"schema":{"@context":"https:\/\/schema.org","@graph":[{"@type":"WebPage","@id":"https:\/\/123-esta.com\/it\/superamento-della-data-limite-per-il-soggiorno-negli-stati-uniti\/","url":"https:\/\/123-esta.com\/it\/superamento-della-data-limite-per-il-soggiorno-negli-stati-uniti\/","name":"I rischi di un soggiorno prolungato negli USA","isPartOf":{"@id":"https:\/\/123-esta.com\/it\/#website"},"datePublished":"2022-07-27T19:35:24+00:00","dateModified":"2024-10-07T13:02:24+00:00","description":"Esiste un limite di tempo per i soggiorni approvati dall'ESTA? In caso affermativo, di cosa si tratta e pu\u00f2 essere esteso?","inLanguage":"it-IT","potentialAction":[{"@type":"ReadAction","target":["https:\/\/123-esta.com\/it\/superamento-della-data-limite-per-il-soggiorno-negli-stati-uniti\/"]}]},{"@type":"WebSite","@id":"https:\/\/123-esta.com\/it\/#website","url":"https:\/\/123-esta.com\/it\/","name":"Formulaire ESTA pour les USA","description":"","publisher":{"@id":"https:\/\/123-esta.com\/it\/#organization"},"potentialAction":[{"@type":"SearchAction","target":{"@type":"EntryPoint","urlTemplate":"https:\/\/123-esta.com\/it\/?s={search_term_string}"},"query-input":{"@type":"PropertyValueSpecification","valueRequired":true,"valueName":"search_term_string"}}],"inLanguage":"it-IT"},{"@type":"Organization","@id":"https:\/\/123-esta.com\/it\/#organization","name":"Formulaire ESTA pour les USA","url":"https:\/\/123-esta.com\/it\/","logo":{"@type":"ImageObject","inLanguage":"it-IT","@id":"https:\/\/123-esta.com\/it\/#\/schema\/logo\/image\/","url":"https:\/\/123-esta.com\/wp-content\/uploads\/2018\/03\/logo-123-esta.png","contentUrl":"https:\/\/123-esta.com\/wp-content\/uploads\/2018\/03\/logo-123-esta.png","width":191,"height":54,"caption":"Formulaire ESTA pour les USA"},"image":{"@id":"https:\/\/123-esta.com\/it\/#\/schema\/logo\/image\/"}}]}},"_links":{"self":[{"href":"https:\/\/123-esta.com\/it\/wp-json\/wp\/v2\/pages\/2492","targetHints":{"allow":["GET"]}}],"collection":[{"href":"https:\/\/123-esta.com\/it\/wp-json\/wp\/v2\/pages"}],"about":[{"href":"https:\/\/123-esta.com\/it\/wp-json\/wp\/v2\/types\/page"}],"author":[{"embeddable":true,"href":"https:\/\/123-esta.com\/it\/wp-json\/wp\/v2\/users\/1"}],"replies":[{"embeddable":true,"href":"https:\/\/123-esta.com\/it\/wp-json\/wp\/v2\/comments?post=2492"}],"version-history":[{"count":0,"href":"https:\/\/123-esta.com\/it\/wp-json\/wp\/v2\/pages\/2492\/revisions"}],"wp:attachment":[{"href":"https:\/\/123-esta.com\/it\/wp-json\/wp\/v2\/media?parent=2492"}],"curies":[{"name":"wp","href":"https:\/\/api.w.org\/{rel}","templated":true}]}}