{"id":2487,"date":"2022-07-27T21:35:23","date_gmt":"2022-07-27T19:35:23","guid":{"rendered":"https:\/\/123-esta.com\/informare-facebook-esta\/"},"modified":"2022-08-23T22:49:45","modified_gmt":"2022-08-23T20:49:45","slug":"informare-facebook-esta","status":"publish","type":"page","link":"https:\/\/123-esta.com\/it\/informare-facebook-esta\/","title":{"rendered":"\u00c8 necessario inserire il proprio account Facebook per ottenere l&#8217;ESTA?"},"content":{"rendered":"\n<p>Da alcuni mesi circolano false voci sull&#8217;obbligo di fornire gli identificativi di Facebook e di altri social network per ottenere l&#8217;autorizzazione elettronica al viaggio negli Stati Uniti (ESTA). Molti viaggiatori pensano che per ottenere l&#8217;ESTA sia sufficiente inserire l&#8217;ID di Facebook o di altri social network su cui sono registrati. Le nostre <a href=\"https:\/\/123-esta.com\/it\/faq-esta\/\">FAQ sull&#8217;ESTA<\/a> vi aiuteranno a distinguere il vero dal falso.<\/p>\n\n<p>Questa idea pu\u00f2 essere scomoda e le voci infondate possono far sentire i candidati spiati, il che pu\u00f2 essere spiacevole. I login ai social network sono informazioni private e sensibili. Si tratta di informazioni che i candidati apprezzano. Va notato che il Dipartimento di Sicurezza Nazionale degli Stati Uniti pone una domanda facoltativa sulle credenziali di Facebook e di altri social network. Contrariamente a quanto si dice, questa domanda non \u00e8 obbligatoria e l&#8217;ottenimento dell&#8217;ESTA non dipende da essa.<\/p>\n\n<p>Le richieste di autorizzazione al viaggio sono automatizzate tramite un sistema informatico. Come \u00e8 noto, la registrazione avviene online e non c&#8217;\u00e8 una persona fisica dietro ogni domanda. Al contrario, rispondere &#8220;s\u00ec&#8221; alla domanda sui social network e fornire i propri dati di accesso pu\u00f2 comportare il rifiuto di ottenere l&#8217;ESTA.<\/p>\n\n<p>Come avrete capito, per ottenere l&#8217;ESTA e mettere tutte le possibilit\u00e0 dalla vostra parte, vi consigliamo di ignorare questa domanda e di non inserire i vostri identificativi. Si tratta di un processo normativo che non comporta alcuna sanzione. Va ricordato che si tratta di una domanda facoltativa alla quale il candidato non \u00e8 obbligato a rispondere.<\/p>\n\n<p>Il viaggiatore avr\u00e0 bisogno solo del passaporto in corso di validit\u00e0 per compilare il <a href=\"https:\/\/123-esta.com\/it\/forma-esta\/\">modulo di domanda<\/a>. Le risposte vengono fornite in tempi brevi, ma possono richiedere fino a 72 ore per alcune richieste che richiedono una verifica con le autorit\u00e0 statunitensi. I casi di rifiuto sono rari e spesso sono dovuti a errori di inserimento e alla mancanza di conoscenza del funzionamento del sistema. \u00c8 quindi pi\u00f9 facile ricorrere a servizi professionali, a pagamento, per accelerare e semplificare il processo. In questo modo si evita la possibilit\u00e0 di commettere errori durante il processo di invio.<\/p>\n","protected":false},"excerpt":{"rendered":"<p>Da alcuni mesi circolano false voci sull&#8217;obbligo di fornire gli identificativi di Facebook e di altri social network per ottenere l&#8217;autorizzazione elettronica al viaggio negli Stati Uniti (ESTA). Molti viaggiatori pensano che per ottenere l&#8217;ESTA sia sufficiente inserire l&#8217;ID di Facebook o di altri social network su cui sono registrati. Le nostre FAQ sull&#8217;ESTA vi [&hellip;]<\/p>\n","protected":false},"author":1,"featured_media":0,"parent":0,"menu_order":0,"comment_status":"closed","ping_status":"closed","template":"","meta":{"site-sidebar-layout":"default","site-content-layout":"default","ast-site-content-layout":"default","site-content-style":"default","site-sidebar-style":"default","ast-global-header-display":"","ast-banner-title-visibility":"","ast-main-header-display":"","ast-hfb-above-header-display":"","ast-hfb-below-header-display":"","ast-hfb-mobile-header-display":"","site-post-title":"","ast-breadcrumbs-content":"","ast-featured-img":"","footer-sml-layout":"","ast-disable-related-posts":"","theme-transparent-header-meta":"default","adv-header-id-meta":"","stick-header-meta":"default","header-above-stick-meta":"","header-main-stick-meta":"","header-below-stick-meta":"","astra-migrate-meta-layouts":"default","ast-page-background-enabled":"default","ast-page-background-meta":{"desktop":{"background-color":"","background-image":"","background-repeat":"repeat","background-position":"center center","background-size":"auto","background-attachment":"scroll","background-type":"","background-media":"","overlay-type":"","overlay-color":"","overlay-opacity":"","overlay-gradient":""},"tablet":{"background-color":"","background-image":"","background-repeat":"repeat","background-position":"center center","background-size":"auto","background-attachment":"scroll","background-type":"","background-media":"","overlay-type":"","overlay-color":"","overlay-opacity":"","overlay-gradient":""},"mobile":{"background-color":"","background-image":"","background-repeat":"repeat","background-position":"center center","background-size":"auto","background-attachment":"scroll","background-type":"","background-media":"","overlay-type":"","overlay-color":"","overlay-opacity":"","overlay-gradient":""}},"ast-content-background-meta":{"desktop":{"background-color":"var(--ast-global-color-5)","background-image":"","background-repeat":"repeat","background-position":"center center","background-size":"auto","background-attachment":"scroll","background-type":"","background-media":"","overlay-type":"","overlay-color":"","overlay-opacity":"","overlay-gradient":""},"tablet":{"background-color":"var(--ast-global-color-5)","background-image":"","background-repeat":"repeat","background-position":"center center","background-size":"auto","background-attachment":"scroll","background-type":"","background-media":"","overlay-type":"","overlay-color":"","overlay-opacity":"","overlay-gradient":""},"mobile":{"background-color":"var(--ast-global-color-5)","background-image":"","background-repeat":"repeat","background-position":"center center","background-size":"auto","background-attachment":"scroll","background-type":"","background-media":"","overlay-type":"","overlay-color":"","overlay-opacity":"","overlay-gradient":""}},"footnotes":""},"class_list":["post-2487","page","type-page","status-publish","hentry"],"yoast_head":"<!-- This site is optimized with the Yoast SEO plugin v27.1.1 - https:\/\/yoast.com\/product\/yoast-seo-wordpress\/ -->\n<title>\u00c8 necessario inserire il proprio account Facebook per ottenere l&#039;ESTA?<\/title>\n<meta name=\"description\" content=\"La voce si sta diffondendo: l&#039;ESTA viene rilasciata solo in cambio degli identificativi di Facebook, Twitter e altri social network. Che dire?\" \/>\n<meta name=\"robots\" content=\"index, follow, max-snippet:-1, max-image-preview:large, max-video-preview:-1\" \/>\n<link rel=\"canonical\" href=\"https:\/\/123-esta.com\/it\/informare-facebook-esta\/\" \/>\n<meta property=\"og:locale\" content=\"it_IT\" \/>\n<meta property=\"og:type\" content=\"article\" \/>\n<meta property=\"og:title\" content=\"\u00c8 necessario inserire il proprio account Facebook per ottenere l&#039;ESTA?\" \/>\n<meta property=\"og:description\" content=\"La voce si sta diffondendo: l&#039;ESTA viene rilasciata solo in cambio degli identificativi di Facebook, Twitter e altri social network. Che dire?\" \/>\n<meta property=\"og:url\" content=\"https:\/\/123-esta.com\/it\/informare-facebook-esta\/\" \/>\n<meta property=\"og:site_name\" content=\"Formulaire ESTA pour les USA\" \/>\n<meta property=\"article:modified_time\" content=\"2022-08-23T20:49:45+00:00\" \/>\n<meta name=\"twitter:card\" content=\"summary_large_image\" \/>\n<meta name=\"twitter:label1\" content=\"Tempo di lettura stimato\" \/>\n\t<meta name=\"twitter:data1\" content=\"2 minuti\" \/>\n<script type=\"application\/ld+json\" class=\"yoast-schema-graph\">{\"@context\":\"https:\/\/schema.org\",\"@graph\":[{\"@type\":\"WebPage\",\"@id\":\"https:\/\/123-esta.com\/it\/informare-facebook-esta\/\",\"url\":\"https:\/\/123-esta.com\/it\/informare-facebook-esta\/\",\"name\":\"\u00c8 necessario inserire il proprio account Facebook per ottenere l'ESTA?\",\"isPartOf\":{\"@id\":\"https:\/\/123-esta.com\/it\/#website\"},\"datePublished\":\"2022-07-27T19:35:23+00:00\",\"dateModified\":\"2022-08-23T20:49:45+00:00\",\"description\":\"La voce si sta diffondendo: l'ESTA viene rilasciata solo in cambio degli identificativi di Facebook, Twitter e altri social network. Che dire?\",\"inLanguage\":\"it-IT\",\"potentialAction\":[{\"@type\":\"ReadAction\",\"target\":[\"https:\/\/123-esta.com\/it\/informare-facebook-esta\/\"]}]},{\"@type\":\"WebSite\",\"@id\":\"https:\/\/123-esta.com\/it\/#website\",\"url\":\"https:\/\/123-esta.com\/it\/\",\"name\":\"Formulaire ESTA pour les USA\",\"description\":\"\",\"publisher\":{\"@id\":\"https:\/\/123-esta.com\/it\/#organization\"},\"potentialAction\":[{\"@type\":\"SearchAction\",\"target\":{\"@type\":\"EntryPoint\",\"urlTemplate\":\"https:\/\/123-esta.com\/it\/?s={search_term_string}\"},\"query-input\":{\"@type\":\"PropertyValueSpecification\",\"valueRequired\":true,\"valueName\":\"search_term_string\"}}],\"inLanguage\":\"it-IT\"},{\"@type\":\"Organization\",\"@id\":\"https:\/\/123-esta.com\/it\/#organization\",\"name\":\"Formulaire ESTA pour les USA\",\"url\":\"https:\/\/123-esta.com\/it\/\",\"logo\":{\"@type\":\"ImageObject\",\"inLanguage\":\"it-IT\",\"@id\":\"https:\/\/123-esta.com\/it\/#\/schema\/logo\/image\/\",\"url\":\"https:\/\/123-esta.com\/wp-content\/uploads\/2018\/03\/logo-123-esta.png\",\"contentUrl\":\"https:\/\/123-esta.com\/wp-content\/uploads\/2018\/03\/logo-123-esta.png\",\"width\":191,\"height\":54,\"caption\":\"Formulaire ESTA pour les USA\"},\"image\":{\"@id\":\"https:\/\/123-esta.com\/it\/#\/schema\/logo\/image\/\"}}]}<\/script>\n<!-- \/ Yoast SEO plugin. -->","yoast_head_json":{"title":"\u00c8 necessario inserire il proprio account Facebook per ottenere l'ESTA?","description":"La voce si sta diffondendo: l'ESTA viene rilasciata solo in cambio degli identificativi di Facebook, Twitter e altri social network. Che dire?","robots":{"index":"index","follow":"follow","max-snippet":"max-snippet:-1","max-image-preview":"max-image-preview:large","max-video-preview":"max-video-preview:-1"},"canonical":"https:\/\/123-esta.com\/it\/informare-facebook-esta\/","og_locale":"it_IT","og_type":"article","og_title":"\u00c8 necessario inserire il proprio account Facebook per ottenere l'ESTA?","og_description":"La voce si sta diffondendo: l'ESTA viene rilasciata solo in cambio degli identificativi di Facebook, Twitter e altri social network. Che dire?","og_url":"https:\/\/123-esta.com\/it\/informare-facebook-esta\/","og_site_name":"Formulaire ESTA pour les USA","article_modified_time":"2022-08-23T20:49:45+00:00","twitter_card":"summary_large_image","twitter_misc":{"Tempo di lettura stimato":"2 minuti"},"schema":{"@context":"https:\/\/schema.org","@graph":[{"@type":"WebPage","@id":"https:\/\/123-esta.com\/it\/informare-facebook-esta\/","url":"https:\/\/123-esta.com\/it\/informare-facebook-esta\/","name":"\u00c8 necessario inserire il proprio account Facebook per ottenere l'ESTA?","isPartOf":{"@id":"https:\/\/123-esta.com\/it\/#website"},"datePublished":"2022-07-27T19:35:23+00:00","dateModified":"2022-08-23T20:49:45+00:00","description":"La voce si sta diffondendo: l'ESTA viene rilasciata solo in cambio degli identificativi di Facebook, Twitter e altri social network. Che dire?","inLanguage":"it-IT","potentialAction":[{"@type":"ReadAction","target":["https:\/\/123-esta.com\/it\/informare-facebook-esta\/"]}]},{"@type":"WebSite","@id":"https:\/\/123-esta.com\/it\/#website","url":"https:\/\/123-esta.com\/it\/","name":"Formulaire ESTA pour les USA","description":"","publisher":{"@id":"https:\/\/123-esta.com\/it\/#organization"},"potentialAction":[{"@type":"SearchAction","target":{"@type":"EntryPoint","urlTemplate":"https:\/\/123-esta.com\/it\/?s={search_term_string}"},"query-input":{"@type":"PropertyValueSpecification","valueRequired":true,"valueName":"search_term_string"}}],"inLanguage":"it-IT"},{"@type":"Organization","@id":"https:\/\/123-esta.com\/it\/#organization","name":"Formulaire ESTA pour les USA","url":"https:\/\/123-esta.com\/it\/","logo":{"@type":"ImageObject","inLanguage":"it-IT","@id":"https:\/\/123-esta.com\/it\/#\/schema\/logo\/image\/","url":"https:\/\/123-esta.com\/wp-content\/uploads\/2018\/03\/logo-123-esta.png","contentUrl":"https:\/\/123-esta.com\/wp-content\/uploads\/2018\/03\/logo-123-esta.png","width":191,"height":54,"caption":"Formulaire ESTA pour les USA"},"image":{"@id":"https:\/\/123-esta.com\/it\/#\/schema\/logo\/image\/"}}]}},"_links":{"self":[{"href":"https:\/\/123-esta.com\/it\/wp-json\/wp\/v2\/pages\/2487","targetHints":{"allow":["GET"]}}],"collection":[{"href":"https:\/\/123-esta.com\/it\/wp-json\/wp\/v2\/pages"}],"about":[{"href":"https:\/\/123-esta.com\/it\/wp-json\/wp\/v2\/types\/page"}],"author":[{"embeddable":true,"href":"https:\/\/123-esta.com\/it\/wp-json\/wp\/v2\/users\/1"}],"replies":[{"embeddable":true,"href":"https:\/\/123-esta.com\/it\/wp-json\/wp\/v2\/comments?post=2487"}],"version-history":[{"count":0,"href":"https:\/\/123-esta.com\/it\/wp-json\/wp\/v2\/pages\/2487\/revisions"}],"wp:attachment":[{"href":"https:\/\/123-esta.com\/it\/wp-json\/wp\/v2\/media?parent=2487"}],"curies":[{"name":"wp","href":"https:\/\/api.w.org\/{rel}","templated":true}]}}