{"id":2472,"date":"2022-07-27T21:35:19","date_gmt":"2022-07-27T19:35:19","guid":{"rendered":"https:\/\/123-esta.com\/passaporto-usa\/"},"modified":"2022-09-13T22:51:06","modified_gmt":"2022-09-13T20:51:06","slug":"esta-usa-passaporto","status":"publish","type":"page","link":"https:\/\/123-esta.com\/it\/esta-usa-passaporto\/","title":{"rendered":"Quale passaporto ESTA utilizzare per recarsi negli Stati Uniti?"},"content":{"rendered":"\n<p>State programmando una vacanza negli Stati Uniti? Che si tratti di un viaggiatore per la prima volta o di un frequent flyer, una volta lasciata l&#8217;Unione Europea \u00e8 necessario avere un passaporto per gli Stati Uniti prima di richiedere un&#8217;autorizzazione di viaggio o un visto.<\/p>\n\n<p>Se siete gi\u00e0 in possesso di un&#8217;autorizzazione al viaggio nell&#8217;ambito del Programma Viaggio senza Visto (Visa Waiver Program), tenete presente che la <a href=\"https:\/\/123-esta.com\/it\/tutto-sulla-validita-esta\/\">validit\u00e0 dell&#8217;ESTA<\/a> \u00e8 legata anche alla validit\u00e0 del vostro passaporto statunitense. Inoltre, se l&#8217;autorizzazione \u00e8 scaduta da quando l&#8217;avete presentata, non sar\u00e0 pi\u00f9 valida e dovrete ripresentare la domanda.<\/p>\n\n<h2 class=\"wp-block-heading\">Quale passaporto per gli Stati Uniti?<\/h2>\n\n<p>I controlli di sicurezza negli Stati Uniti sono stati rafforzati nel corso degli anni, tanto che tutti i viaggiatori devono essere in possesso di un passaporto elettronico o biometrico per gli Stati Uniti. Dal 2016, i passaporti a lettura ottica non sono pi\u00f9 validi per viaggiare negli Stati Uniti.<\/p>\n\n<p>La versione biometrica \u00e8 pi\u00f9 recente di quella elettronica. Per sapere che tipo di passaporto statunitense avete, \u00e8 molto semplice: basta guardare la copertina del documento, la parola &#8220;Passport&#8221; \u00e8 sottolineata sulla versione biometrica.<\/p>\n\n<p>In pratica, il passaporto elettronico \u00e8 stato introdotto in Francia nel 2006. Contiene le informazioni del titolare in forma digitale: nomi, data di nascita, nazionalit\u00e0 e numero del documento.<\/p>\n\n<p>Il passaporto biometrico viene rilasciato in Francia dal 2009. Oltre alle informazioni gi\u00e0 registrate sul passaporto elettronico, esso contiene anche la foto e le impronte digitali digitalizzate del titolare.<\/p>\n\n<p>Che sia elettronico o biometrico, il passaporto USA \u00e8 un documento essenziale che vi permetter\u00e0 di richiedere un visto o un&#8217;autorizzazione al viaggio.<\/p>\n\n<h2 class=\"wp-block-heading\">Richiedere il passaporto USA per il viaggio<\/h2>\n\n<p>Si consiglia di richiedere il passaporto USA il prima possibile, soprattutto se si viaggia durante i mesi estivi, quando le domande sono molto richieste e i tempi di elaborazione pi\u00f9 lunghi. Infatti, molti viaggiatori si recano negli Stati Uniti in estate, durante le lunghe vacanze.<\/p>\n\n<p>Viene emesso dai municipi, dalle sottoprefetture e dalle questure. Se fate domanda dall&#8217;estero, vi verr\u00e0 consegnato dall&#8217;ambasciata o dal consolato del vostro Paese di residenza.<br\/>Se state richiedendo il vostro primo passaporto per recarvi negli Stati Uniti, dovrete fornire un documento d&#8217;identit\u00e0 valido, due fototessere e una prova di indirizzo. Se state rinnovando il passaporto, dovrete riportarlo e sar\u00e0 distrutto sul posto dall&#8217;agente amministrativo.<\/p>\n\n<p>Il prezzo della marca da bollo \u00e8 attualmente di 96 euro, acquistabile ad esempio in tabaccheria.<\/p>\n\n<h2 class=\"wp-block-heading\">Validit\u00e0 del passaporto USA<\/h2>\n\n<p>Il passaporto ha una validit\u00e0 di 10 anni per gli adulti (e di 5 anni per i minori). Per i viaggi negli Stati Uniti, il passaporto USA deve essere valido per l&#8217;intero soggiorno. Tuttavia, l&#8217;amministrazione italiana raccomanda che sia valida per i 6 mesi successivi alla data di rientro dal viaggio negli Stati Uniti.<\/p>\n","protected":false},"excerpt":{"rendered":"<p>State programmando una vacanza negli Stati Uniti? Che si tratti di un viaggiatore per la prima volta o di un frequent flyer, una volta lasciata l&#8217;Unione Europea \u00e8 necessario avere un passaporto per gli Stati Uniti prima di richiedere un&#8217;autorizzazione di viaggio o un visto. Se siete gi\u00e0 in possesso di un&#8217;autorizzazione al viaggio nell&#8217;ambito [&hellip;]<\/p>\n","protected":false},"author":1,"featured_media":0,"parent":0,"menu_order":0,"comment_status":"closed","ping_status":"closed","template":"","meta":{"site-sidebar-layout":"default","site-content-layout":"default","ast-site-content-layout":"default","site-content-style":"default","site-sidebar-style":"default","ast-global-header-display":"","ast-banner-title-visibility":"","ast-main-header-display":"","ast-hfb-above-header-display":"","ast-hfb-below-header-display":"","ast-hfb-mobile-header-display":"","site-post-title":"","ast-breadcrumbs-content":"","ast-featured-img":"","footer-sml-layout":"","ast-disable-related-posts":"","theme-transparent-header-meta":"default","adv-header-id-meta":"","stick-header-meta":"default","header-above-stick-meta":"","header-main-stick-meta":"","header-below-stick-meta":"","astra-migrate-meta-layouts":"default","ast-page-background-enabled":"default","ast-page-background-meta":{"desktop":{"background-color":"","background-image":"","background-repeat":"repeat","background-position":"center center","background-size":"auto","background-attachment":"scroll","background-type":"","background-media":"","overlay-type":"","overlay-color":"","overlay-opacity":"","overlay-gradient":""},"tablet":{"background-color":"","background-image":"","background-repeat":"repeat","background-position":"center center","background-size":"auto","background-attachment":"scroll","background-type":"","background-media":"","overlay-type":"","overlay-color":"","overlay-opacity":"","overlay-gradient":""},"mobile":{"background-color":"","background-image":"","background-repeat":"repeat","background-position":"center center","background-size":"auto","background-attachment":"scroll","background-type":"","background-media":"","overlay-type":"","overlay-color":"","overlay-opacity":"","overlay-gradient":""}},"ast-content-background-meta":{"desktop":{"background-color":"var(--ast-global-color-5)","background-image":"","background-repeat":"repeat","background-position":"center center","background-size":"auto","background-attachment":"scroll","background-type":"","background-media":"","overlay-type":"","overlay-color":"","overlay-opacity":"","overlay-gradient":""},"tablet":{"background-color":"var(--ast-global-color-5)","background-image":"","background-repeat":"repeat","background-position":"center center","background-size":"auto","background-attachment":"scroll","background-type":"","background-media":"","overlay-type":"","overlay-color":"","overlay-opacity":"","overlay-gradient":""},"mobile":{"background-color":"var(--ast-global-color-5)","background-image":"","background-repeat":"repeat","background-position":"center center","background-size":"auto","background-attachment":"scroll","background-type":"","background-media":"","overlay-type":"","overlay-color":"","overlay-opacity":"","overlay-gradient":""}},"footnotes":""},"class_list":["post-2472","page","type-page","status-publish","hentry"],"yoast_head":"<!-- This site is optimized with the Yoast SEO plugin v27.1.1 - https:\/\/yoast.com\/product\/yoast-seo-wordpress\/ -->\n<title>Quale passaporto ESTA utilizzare per recarsi negli Stati Uniti?<\/title>\n<meta name=\"description\" content=\"Per viaggiare al di fuori dell&#039;area Schegen \u00e8 necessario il passaporto. Le autorit\u00e0 statunitensi accettano solo passaporti biometrici\" \/>\n<meta name=\"robots\" content=\"index, follow, max-snippet:-1, max-image-preview:large, max-video-preview:-1\" \/>\n<link rel=\"canonical\" href=\"https:\/\/123-esta.com\/it\/esta-usa-passaporto\/\" \/>\n<meta property=\"og:locale\" content=\"it_IT\" \/>\n<meta property=\"og:type\" content=\"article\" \/>\n<meta property=\"og:title\" content=\"Quale passaporto ESTA utilizzare per recarsi negli Stati Uniti?\" \/>\n<meta property=\"og:description\" content=\"Per viaggiare al di fuori dell&#039;area Schegen \u00e8 necessario il passaporto. Le autorit\u00e0 statunitensi accettano solo passaporti biometrici\" \/>\n<meta property=\"og:url\" content=\"https:\/\/123-esta.com\/it\/esta-usa-passaporto\/\" \/>\n<meta property=\"og:site_name\" content=\"Formulaire ESTA pour les USA\" \/>\n<meta property=\"article:modified_time\" content=\"2022-09-13T20:51:06+00:00\" \/>\n<meta name=\"twitter:card\" content=\"summary_large_image\" \/>\n<meta name=\"twitter:label1\" content=\"Tempo di lettura stimato\" \/>\n\t<meta name=\"twitter:data1\" content=\"2 minuti\" \/>\n<script type=\"application\/ld+json\" class=\"yoast-schema-graph\">{\"@context\":\"https:\/\/schema.org\",\"@graph\":[{\"@type\":\"WebPage\",\"@id\":\"https:\/\/123-esta.com\/it\/esta-usa-passaporto\/\",\"url\":\"https:\/\/123-esta.com\/it\/esta-usa-passaporto\/\",\"name\":\"Quale passaporto ESTA utilizzare per recarsi negli Stati Uniti?\",\"isPartOf\":{\"@id\":\"https:\/\/123-esta.com\/it\/#website\"},\"datePublished\":\"2022-07-27T19:35:19+00:00\",\"dateModified\":\"2022-09-13T20:51:06+00:00\",\"description\":\"Per viaggiare al di fuori dell'area Schegen \u00e8 necessario il passaporto. Le autorit\u00e0 statunitensi accettano solo passaporti biometrici\",\"inLanguage\":\"it-IT\",\"potentialAction\":[{\"@type\":\"ReadAction\",\"target\":[\"https:\/\/123-esta.com\/it\/esta-usa-passaporto\/\"]}]},{\"@type\":\"WebSite\",\"@id\":\"https:\/\/123-esta.com\/it\/#website\",\"url\":\"https:\/\/123-esta.com\/it\/\",\"name\":\"Formulaire ESTA pour les USA\",\"description\":\"\",\"publisher\":{\"@id\":\"https:\/\/123-esta.com\/it\/#organization\"},\"potentialAction\":[{\"@type\":\"SearchAction\",\"target\":{\"@type\":\"EntryPoint\",\"urlTemplate\":\"https:\/\/123-esta.com\/it\/?s={search_term_string}\"},\"query-input\":{\"@type\":\"PropertyValueSpecification\",\"valueRequired\":true,\"valueName\":\"search_term_string\"}}],\"inLanguage\":\"it-IT\"},{\"@type\":\"Organization\",\"@id\":\"https:\/\/123-esta.com\/it\/#organization\",\"name\":\"Formulaire ESTA pour les USA\",\"url\":\"https:\/\/123-esta.com\/it\/\",\"logo\":{\"@type\":\"ImageObject\",\"inLanguage\":\"it-IT\",\"@id\":\"https:\/\/123-esta.com\/it\/#\/schema\/logo\/image\/\",\"url\":\"https:\/\/123-esta.com\/wp-content\/uploads\/2018\/03\/logo-123-esta.png\",\"contentUrl\":\"https:\/\/123-esta.com\/wp-content\/uploads\/2018\/03\/logo-123-esta.png\",\"width\":191,\"height\":54,\"caption\":\"Formulaire ESTA pour les USA\"},\"image\":{\"@id\":\"https:\/\/123-esta.com\/it\/#\/schema\/logo\/image\/\"}}]}<\/script>\n<!-- \/ Yoast SEO plugin. -->","yoast_head_json":{"title":"Quale passaporto ESTA utilizzare per recarsi negli Stati Uniti?","description":"Per viaggiare al di fuori dell'area Schegen \u00e8 necessario il passaporto. Le autorit\u00e0 statunitensi accettano solo passaporti biometrici","robots":{"index":"index","follow":"follow","max-snippet":"max-snippet:-1","max-image-preview":"max-image-preview:large","max-video-preview":"max-video-preview:-1"},"canonical":"https:\/\/123-esta.com\/it\/esta-usa-passaporto\/","og_locale":"it_IT","og_type":"article","og_title":"Quale passaporto ESTA utilizzare per recarsi negli Stati Uniti?","og_description":"Per viaggiare al di fuori dell'area Schegen \u00e8 necessario il passaporto. Le autorit\u00e0 statunitensi accettano solo passaporti biometrici","og_url":"https:\/\/123-esta.com\/it\/esta-usa-passaporto\/","og_site_name":"Formulaire ESTA pour les USA","article_modified_time":"2022-09-13T20:51:06+00:00","twitter_card":"summary_large_image","twitter_misc":{"Tempo di lettura stimato":"2 minuti"},"schema":{"@context":"https:\/\/schema.org","@graph":[{"@type":"WebPage","@id":"https:\/\/123-esta.com\/it\/esta-usa-passaporto\/","url":"https:\/\/123-esta.com\/it\/esta-usa-passaporto\/","name":"Quale passaporto ESTA utilizzare per recarsi negli Stati Uniti?","isPartOf":{"@id":"https:\/\/123-esta.com\/it\/#website"},"datePublished":"2022-07-27T19:35:19+00:00","dateModified":"2022-09-13T20:51:06+00:00","description":"Per viaggiare al di fuori dell'area Schegen \u00e8 necessario il passaporto. Le autorit\u00e0 statunitensi accettano solo passaporti biometrici","inLanguage":"it-IT","potentialAction":[{"@type":"ReadAction","target":["https:\/\/123-esta.com\/it\/esta-usa-passaporto\/"]}]},{"@type":"WebSite","@id":"https:\/\/123-esta.com\/it\/#website","url":"https:\/\/123-esta.com\/it\/","name":"Formulaire ESTA pour les USA","description":"","publisher":{"@id":"https:\/\/123-esta.com\/it\/#organization"},"potentialAction":[{"@type":"SearchAction","target":{"@type":"EntryPoint","urlTemplate":"https:\/\/123-esta.com\/it\/?s={search_term_string}"},"query-input":{"@type":"PropertyValueSpecification","valueRequired":true,"valueName":"search_term_string"}}],"inLanguage":"it-IT"},{"@type":"Organization","@id":"https:\/\/123-esta.com\/it\/#organization","name":"Formulaire ESTA pour les USA","url":"https:\/\/123-esta.com\/it\/","logo":{"@type":"ImageObject","inLanguage":"it-IT","@id":"https:\/\/123-esta.com\/it\/#\/schema\/logo\/image\/","url":"https:\/\/123-esta.com\/wp-content\/uploads\/2018\/03\/logo-123-esta.png","contentUrl":"https:\/\/123-esta.com\/wp-content\/uploads\/2018\/03\/logo-123-esta.png","width":191,"height":54,"caption":"Formulaire ESTA pour les USA"},"image":{"@id":"https:\/\/123-esta.com\/it\/#\/schema\/logo\/image\/"}}]}},"_links":{"self":[{"href":"https:\/\/123-esta.com\/it\/wp-json\/wp\/v2\/pages\/2472","targetHints":{"allow":["GET"]}}],"collection":[{"href":"https:\/\/123-esta.com\/it\/wp-json\/wp\/v2\/pages"}],"about":[{"href":"https:\/\/123-esta.com\/it\/wp-json\/wp\/v2\/types\/page"}],"author":[{"embeddable":true,"href":"https:\/\/123-esta.com\/it\/wp-json\/wp\/v2\/users\/1"}],"replies":[{"embeddable":true,"href":"https:\/\/123-esta.com\/it\/wp-json\/wp\/v2\/comments?post=2472"}],"version-history":[{"count":0,"href":"https:\/\/123-esta.com\/it\/wp-json\/wp\/v2\/pages\/2472\/revisions"}],"wp:attachment":[{"href":"https:\/\/123-esta.com\/it\/wp-json\/wp\/v2\/media?parent=2472"}],"curies":[{"name":"wp","href":"https:\/\/api.w.org\/{rel}","templated":true}]}}