{"id":2470,"date":"2022-07-27T21:35:19","date_gmt":"2022-07-27T19:35:19","guid":{"rendered":"https:\/\/123-esta.com\/domanda-per-visa-usa\/"},"modified":"2022-09-15T09:36:54","modified_gmt":"2022-09-15T07:36:54","slug":"domanda-per-visa-stati-uniti","status":"publish","type":"page","link":"https:\/\/123-esta.com\/it\/domanda-per-visa-stati-uniti\/","title":{"rendered":"Come richiedere un visto per gli Stati Uniti"},"content":{"rendered":"\n<p>Sognate l&#8217;espatrio e il sogno americano? Volete vivere negli Stati Uniti o andarci solo per una semplice visita turistica? Prima di poter mettere piede sul suolo americano, \u00e8 necessario richiedere un <a href=\"https:\/\/123-esta.com\/it\/visto-turistico-stati-uniti\/\">visto turistico per gli Stati Uniti<\/a>.<\/p>\n\n<p>Esistono quasi tanti visti quante sono le situazioni (per fare uno stage, per studiare in un&#8217;universit\u00e0 americana, per fare un soggiorno linguistico&#8230;), ma in questo articolo torneremo sulla procedura di richiesta di un <a href=\"https:\/\/123-esta.com\/it\/hai-bisogno-di-un-visto-per-stati-uniti\/\">visto per gli Stati Uniti<\/a> nell&#8217;ambito di un soggiorno temporaneo.<\/p>\n\n<h2 class=\"wp-block-heading\">Chi deve richiedere un visto per gli Stati Uniti?<\/h2>\n\n<p>Il governo statunitense \u00e8 molto severo in materia di immigrazione, anche temporanea. Chi vuole lavorare negli Stati Uniti o semplicemente fare un giro per le strade di Miami deve soddisfare una serie di criteri di ammissibilit\u00e0. I criteri di idoneit\u00e0 vengono verificati durante la procedura di richiesta del <a href=\"https:\/\/usa-esta.net\/it\/visto-stati-uniti\/\">visto per gli Stati Uniti<\/a>.<\/p>\n\n<p>Esistono 3 tipi di visto per gli Stati Uniti: l&#8217;autorizzazione al viaggio del Programma Viaggio senza Visto (VWP), il visto per residenti temporanei e il visto per residenti permanenti.<\/p>\n\n<p>Le procedure e il <a href=\"https:\/\/123-esta.com\/it\/qual-e-il-prezzo-di-un-visto-per-gli-stati-uniti\/\">costo del visto USA<\/a> variano a seconda della categoria di documenti richiesti, ma chiunque intenda recarsi nel Paese dello Zio Sam deve essere in possesso di un&#8217;autorizzazione di viaggio o di un visto statunitense.<\/p>\n\n<p>Le richieste pi\u00f9 frequenti sono quelle per turismo, affari, studio, programmi di scambio e lavoro temporaneo.<\/p>\n\n<h2 class=\"wp-block-heading\">Quando richiedere un visto per gli Stati Uniti?<\/h2>\n\n<p>Per evitare qualsiasi delusione, la risposta \u00e8 inequivocabile: il prima possibile! I tempi di elaborazione dipendono dal tipo di domanda e anche dal consolato in cui si richiede il visto USA. Inoltre, il processo pu\u00f2 talvolta richiedere tempi pi\u00f9 lunghi di quelli annunciati se le autorit\u00e0 statunitensi ritengono che siano necessarie ulteriori indagini.<br\/>Si consiglia quindi di aspettare di avere il visto USA in tasca prima di prenotare i biglietti aerei e l&#8217;hotel per gli Stati Uniti, perch\u00e9 senza visto si pu\u00f2 dire addio al viaggio in Florida.<\/p>\n\n<p>Pi\u00f9 in generale, e questa informazione \u00e8 particolarmente rilevante per i giramondo, assicuratevi di avere un passaporto elettronico o biometrico valido prima di richiedere un visto e controllate la data di scadenza. Inoltre, se viaggiate spesso, aspettate di essere nel vostro Paese di residenza prima di richiedere un visto per gli Stati Uniti, poich\u00e9 dovrete sostenere un colloquio fisico.<\/p>\n\n<h2 class=\"wp-block-heading\">Come richiedere un visto per gli Stati Uniti?<\/h2>\n\n<p>Ma <a href=\"https:\/\/123-esta.com\/it\/ottenere-un-visto-per-gli-stati-uniti\/\">come si ottiene un visto per gli Stati Uniti<\/a>? La domanda di visto per gli Stati Uniti viene presentata direttamente all&#8217;ambasciata o al consolato statunitense pi\u00f9 vicino.<\/p>\n\n<p>In concreto, per ottenere un visto per gli Stati Uniti, \u00e8 necessario innanzitutto collegarsi al sito ufficiale del governo, ovvero al sito dell&#8217;ambasciata e dei consolati degli Stati Uniti d&#8217;America, per compilare un modulo online. Se avete domande sulla procedura di richiesta di un visto per gli Stati Uniti nel vostro Paese, potete trovare i dettagli di contatto dell&#8217;ambasciata (numero di telefono e indirizzo e-mail) direttamente sul sito web.<\/p>\n\n<p>Una volta completata la domanda online, caricata la foto, pagata la tassa di richiesta del visto e raccolti i documenti necessari, riceverete una notifica dei documenti da raccogliere e presentare al colloquio presso l&#8217;Ambasciata (o il Consolato) degli Stati Uniti con un rappresentante del governo statunitense. Durante questo incontro, sarete invitati a presentare voi stessi e il vostro progetto personale o professionale sul territorio americano. Non deve essere legato a tutti i dettagli, ma deve essere definito a grandi linee, in particolare per quanto riguarda le vostre motivazioni e la durata prevista del vostro soggiorno.<\/p>\n\n<p>Una volta superato il colloquio, il tempo necessario per ricevere il visto per gli Stati Uniti \u00e8 abbastanza rapido (tra i 3 e i 5 giorni), ma \u00e8 comunque soggetto ai capricci del servizio postale e al tempo necessario per elaborare la domanda, a seconda del numero di richieste di visto nel vostro Paese.<\/p>\n","protected":false},"excerpt":{"rendered":"<p>Sognate l&#8217;espatrio e il sogno americano? Volete vivere negli Stati Uniti o andarci solo per una semplice visita turistica? Prima di poter mettere piede sul suolo americano, \u00e8 necessario richiedere un visto turistico per gli Stati Uniti. Esistono quasi tanti visti quante sono le situazioni (per fare uno stage, per studiare in un&#8217;universit\u00e0 americana, per [&hellip;]<\/p>\n","protected":false},"author":1,"featured_media":0,"parent":0,"menu_order":0,"comment_status":"closed","ping_status":"closed","template":"","meta":{"site-sidebar-layout":"default","site-content-layout":"default","ast-site-content-layout":"default","site-content-style":"default","site-sidebar-style":"default","ast-global-header-display":"","ast-banner-title-visibility":"","ast-main-header-display":"","ast-hfb-above-header-display":"","ast-hfb-below-header-display":"","ast-hfb-mobile-header-display":"","site-post-title":"","ast-breadcrumbs-content":"","ast-featured-img":"","footer-sml-layout":"","ast-disable-related-posts":"","theme-transparent-header-meta":"default","adv-header-id-meta":"","stick-header-meta":"default","header-above-stick-meta":"","header-main-stick-meta":"","header-below-stick-meta":"","astra-migrate-meta-layouts":"default","ast-page-background-enabled":"default","ast-page-background-meta":{"desktop":{"background-color":"","background-image":"","background-repeat":"repeat","background-position":"center center","background-size":"auto","background-attachment":"scroll","background-type":"","background-media":"","overlay-type":"","overlay-color":"","overlay-opacity":"","overlay-gradient":""},"tablet":{"background-color":"","background-image":"","background-repeat":"repeat","background-position":"center center","background-size":"auto","background-attachment":"scroll","background-type":"","background-media":"","overlay-type":"","overlay-color":"","overlay-opacity":"","overlay-gradient":""},"mobile":{"background-color":"","background-image":"","background-repeat":"repeat","background-position":"center center","background-size":"auto","background-attachment":"scroll","background-type":"","background-media":"","overlay-type":"","overlay-color":"","overlay-opacity":"","overlay-gradient":""}},"ast-content-background-meta":{"desktop":{"background-color":"var(--ast-global-color-5)","background-image":"","background-repeat":"repeat","background-position":"center center","background-size":"auto","background-attachment":"scroll","background-type":"","background-media":"","overlay-type":"","overlay-color":"","overlay-opacity":"","overlay-gradient":""},"tablet":{"background-color":"var(--ast-global-color-5)","background-image":"","background-repeat":"repeat","background-position":"center center","background-size":"auto","background-attachment":"scroll","background-type":"","background-media":"","overlay-type":"","overlay-color":"","overlay-opacity":"","overlay-gradient":""},"mobile":{"background-color":"var(--ast-global-color-5)","background-image":"","background-repeat":"repeat","background-position":"center center","background-size":"auto","background-attachment":"scroll","background-type":"","background-media":"","overlay-type":"","overlay-color":"","overlay-opacity":"","overlay-gradient":""}},"footnotes":""},"class_list":["post-2470","page","type-page","status-publish","hentry"],"yoast_head":"<!-- This site is optimized with the Yoast SEO plugin v27.1.1 - https:\/\/yoast.com\/product\/yoast-seo-wordpress\/ -->\n<title>Come richiedere un visto per gli Stati Uniti<\/title>\n<meta name=\"description\" content=\"Tutte le informazioni necessarie per richiedere un visto all&#039;Ambasciata degli Stati Uniti sono disponibili qui.\" \/>\n<meta name=\"robots\" content=\"index, follow, max-snippet:-1, max-image-preview:large, max-video-preview:-1\" \/>\n<link rel=\"canonical\" href=\"https:\/\/123-esta.com\/it\/domanda-per-visa-stati-uniti\/\" \/>\n<meta property=\"og:locale\" content=\"it_IT\" \/>\n<meta property=\"og:type\" content=\"article\" \/>\n<meta property=\"og:title\" content=\"Come richiedere un visto per gli Stati Uniti\" \/>\n<meta property=\"og:description\" content=\"Tutte le informazioni necessarie per richiedere un visto all&#039;Ambasciata degli Stati Uniti sono disponibili qui.\" \/>\n<meta property=\"og:url\" content=\"https:\/\/123-esta.com\/it\/domanda-per-visa-stati-uniti\/\" \/>\n<meta property=\"og:site_name\" content=\"Formulaire ESTA pour les USA\" \/>\n<meta property=\"article:modified_time\" content=\"2022-09-15T07:36:54+00:00\" \/>\n<meta name=\"twitter:card\" content=\"summary_large_image\" \/>\n<meta name=\"twitter:label1\" content=\"Tempo di lettura stimato\" \/>\n\t<meta name=\"twitter:data1\" content=\"3 minuti\" \/>\n<script type=\"application\/ld+json\" class=\"yoast-schema-graph\">{\"@context\":\"https:\/\/schema.org\",\"@graph\":[{\"@type\":\"WebPage\",\"@id\":\"https:\/\/123-esta.com\/it\/domanda-per-visa-stati-uniti\/\",\"url\":\"https:\/\/123-esta.com\/it\/domanda-per-visa-stati-uniti\/\",\"name\":\"Come richiedere un visto per gli Stati Uniti\",\"isPartOf\":{\"@id\":\"https:\/\/123-esta.com\/it\/#website\"},\"datePublished\":\"2022-07-27T19:35:19+00:00\",\"dateModified\":\"2022-09-15T07:36:54+00:00\",\"description\":\"Tutte le informazioni necessarie per richiedere un visto all'Ambasciata degli Stati Uniti sono disponibili qui.\",\"inLanguage\":\"it-IT\",\"potentialAction\":[{\"@type\":\"ReadAction\",\"target\":[\"https:\/\/123-esta.com\/it\/domanda-per-visa-stati-uniti\/\"]}]},{\"@type\":\"WebSite\",\"@id\":\"https:\/\/123-esta.com\/it\/#website\",\"url\":\"https:\/\/123-esta.com\/it\/\",\"name\":\"Formulaire ESTA pour les USA\",\"description\":\"\",\"publisher\":{\"@id\":\"https:\/\/123-esta.com\/it\/#organization\"},\"potentialAction\":[{\"@type\":\"SearchAction\",\"target\":{\"@type\":\"EntryPoint\",\"urlTemplate\":\"https:\/\/123-esta.com\/it\/?s={search_term_string}\"},\"query-input\":{\"@type\":\"PropertyValueSpecification\",\"valueRequired\":true,\"valueName\":\"search_term_string\"}}],\"inLanguage\":\"it-IT\"},{\"@type\":\"Organization\",\"@id\":\"https:\/\/123-esta.com\/it\/#organization\",\"name\":\"Formulaire ESTA pour les USA\",\"url\":\"https:\/\/123-esta.com\/it\/\",\"logo\":{\"@type\":\"ImageObject\",\"inLanguage\":\"it-IT\",\"@id\":\"https:\/\/123-esta.com\/it\/#\/schema\/logo\/image\/\",\"url\":\"https:\/\/123-esta.com\/wp-content\/uploads\/2018\/03\/logo-123-esta.png\",\"contentUrl\":\"https:\/\/123-esta.com\/wp-content\/uploads\/2018\/03\/logo-123-esta.png\",\"width\":191,\"height\":54,\"caption\":\"Formulaire ESTA pour les USA\"},\"image\":{\"@id\":\"https:\/\/123-esta.com\/it\/#\/schema\/logo\/image\/\"}}]}<\/script>\n<!-- \/ Yoast SEO plugin. -->","yoast_head_json":{"title":"Come richiedere un visto per gli Stati Uniti","description":"Tutte le informazioni necessarie per richiedere un visto all'Ambasciata degli Stati Uniti sono disponibili qui.","robots":{"index":"index","follow":"follow","max-snippet":"max-snippet:-1","max-image-preview":"max-image-preview:large","max-video-preview":"max-video-preview:-1"},"canonical":"https:\/\/123-esta.com\/it\/domanda-per-visa-stati-uniti\/","og_locale":"it_IT","og_type":"article","og_title":"Come richiedere un visto per gli Stati Uniti","og_description":"Tutte le informazioni necessarie per richiedere un visto all'Ambasciata degli Stati Uniti sono disponibili qui.","og_url":"https:\/\/123-esta.com\/it\/domanda-per-visa-stati-uniti\/","og_site_name":"Formulaire ESTA pour les USA","article_modified_time":"2022-09-15T07:36:54+00:00","twitter_card":"summary_large_image","twitter_misc":{"Tempo di lettura stimato":"3 minuti"},"schema":{"@context":"https:\/\/schema.org","@graph":[{"@type":"WebPage","@id":"https:\/\/123-esta.com\/it\/domanda-per-visa-stati-uniti\/","url":"https:\/\/123-esta.com\/it\/domanda-per-visa-stati-uniti\/","name":"Come richiedere un visto per gli Stati Uniti","isPartOf":{"@id":"https:\/\/123-esta.com\/it\/#website"},"datePublished":"2022-07-27T19:35:19+00:00","dateModified":"2022-09-15T07:36:54+00:00","description":"Tutte le informazioni necessarie per richiedere un visto all'Ambasciata degli Stati Uniti sono disponibili qui.","inLanguage":"it-IT","potentialAction":[{"@type":"ReadAction","target":["https:\/\/123-esta.com\/it\/domanda-per-visa-stati-uniti\/"]}]},{"@type":"WebSite","@id":"https:\/\/123-esta.com\/it\/#website","url":"https:\/\/123-esta.com\/it\/","name":"Formulaire ESTA pour les USA","description":"","publisher":{"@id":"https:\/\/123-esta.com\/it\/#organization"},"potentialAction":[{"@type":"SearchAction","target":{"@type":"EntryPoint","urlTemplate":"https:\/\/123-esta.com\/it\/?s={search_term_string}"},"query-input":{"@type":"PropertyValueSpecification","valueRequired":true,"valueName":"search_term_string"}}],"inLanguage":"it-IT"},{"@type":"Organization","@id":"https:\/\/123-esta.com\/it\/#organization","name":"Formulaire ESTA pour les USA","url":"https:\/\/123-esta.com\/it\/","logo":{"@type":"ImageObject","inLanguage":"it-IT","@id":"https:\/\/123-esta.com\/it\/#\/schema\/logo\/image\/","url":"https:\/\/123-esta.com\/wp-content\/uploads\/2018\/03\/logo-123-esta.png","contentUrl":"https:\/\/123-esta.com\/wp-content\/uploads\/2018\/03\/logo-123-esta.png","width":191,"height":54,"caption":"Formulaire ESTA pour les USA"},"image":{"@id":"https:\/\/123-esta.com\/it\/#\/schema\/logo\/image\/"}}]}},"_links":{"self":[{"href":"https:\/\/123-esta.com\/it\/wp-json\/wp\/v2\/pages\/2470","targetHints":{"allow":["GET"]}}],"collection":[{"href":"https:\/\/123-esta.com\/it\/wp-json\/wp\/v2\/pages"}],"about":[{"href":"https:\/\/123-esta.com\/it\/wp-json\/wp\/v2\/types\/page"}],"author":[{"embeddable":true,"href":"https:\/\/123-esta.com\/it\/wp-json\/wp\/v2\/users\/1"}],"replies":[{"embeddable":true,"href":"https:\/\/123-esta.com\/it\/wp-json\/wp\/v2\/comments?post=2470"}],"version-history":[{"count":0,"href":"https:\/\/123-esta.com\/it\/wp-json\/wp\/v2\/pages\/2470\/revisions"}],"wp:attachment":[{"href":"https:\/\/123-esta.com\/it\/wp-json\/wp\/v2\/media?parent=2470"}],"curies":[{"name":"wp","href":"https:\/\/api.w.org\/{rel}","templated":true}]}}