{"id":2466,"date":"2022-07-27T21:35:18","date_gmt":"2022-07-27T19:35:18","guid":{"rendered":"https:\/\/123-esta.com\/formalita-usa\/"},"modified":"2022-08-23T23:43:53","modified_gmt":"2022-08-23T21:43:53","slug":"formalita-usa","status":"publish","type":"page","link":"https:\/\/123-esta.com\/it\/formalita-usa\/","title":{"rendered":"Formalit\u00e0 statunitensi per i viaggi negli Stati Uniti"},"content":{"rendered":"\n<p>Avete deciso di trasferirvi negli Stati Uniti? Il governo statunitense, preoccupato per la sicurezza del proprio Paese, richiede che i viaggiatori soddisfino determinati criteri e completino le necessarie formalit\u00e0 di ingresso negli Stati Uniti prima di poter lasciare e mettere piede sul suolo americano.<\/p>\n\n<p>Grazie al Visa Waiver Program, molti francesi scelgono di trascorrere le loro vacanze negli Stati Uniti. L&#8217;<a href=\"https:\/\/123-esta.com\/it\/tutto-sulla-validita-esta\/\">ESTA \u00e8 valida<\/a> per due anni e consente di effettuare pi\u00f9 visite negli Stati Uniti durante questo periodo. Sebbene questo documento sia semplice da ottenere, \u00e8 comunque essenziale, cos\u00ec come alcune altre formalit\u00e0 statunitensi da espletare prima della partenza.<\/p>\n\n<h2 class=\"wp-block-heading\">Rispetto delle formalit\u00e0 americane<\/h2>\n\n<p>Bisogna prepararsi per una vacanza, e questo vale soprattutto per un viaggio negli Stati Uniti! Le formalit\u00e0 USA possono sembrare inizialmente lunghe e noiose, ma non lo sono. Vi presentiamo i documenti da raccogliere e i criteri da soddisfare per viaggiare negli Stati Uniti.<\/p>\n\n<p>Innanzitutto, \u00e8 necessario essere in possesso di un passaporto elettronico o biometrico valido che copra l&#8217;intera durata del soggiorno negli Stati Uniti (compresa la data di rientro). Poich\u00e9 la Francia \u00e8 membro del &#8220;club dei sei mesi&#8221;, non \u00e8 necessario che i suoi cittadini abbiano un passaporto valido per i 6 mesi successivi alla data di rientro. Una volta che avrete questo documento in tasca, potrete richiedere un&#8217;autorizzazione al viaggio o un <a href=\"https:\/\/123-esta.com\/it\/visto-turistico-stati-uniti\/\">visto turistico per gli Stati Uniti<\/a> (a seconda della vostra situazione).<\/p>\n\n<p>Attenzione: se avete un passaporto d&#8217;emergenza, dovete richiedere un visto per gli Stati Uniti, indipendentemente dal tipo di viaggio che state effettuando (turistico, d&#8217;affari o di <a href=\"https:\/\/123-esta.com\/it\/dovrebbe-uno-richiedere-un-esta-per-un-transito\/\">transito<\/a>).<\/p>\n\n<p>Infine, se entrate negli Stati Uniti via terra (dal Canada o dal Messico), dovete avere con voi il passaporto e dovrete pagare una tassa di 6 dollari alla frontiera.<\/p>\n\n<p>Una volta espletate queste formalit\u00e0 statunitensi, potrete partire per gli Stati Uniti in tutta tranquillit\u00e0. Tuttavia, il viaggio inizia davvero solo dopo aver superato l&#8217;immigrazione negli Stati Uniti.<\/p>\n\n<h2 class=\"wp-block-heading\">Formalit\u00e0 Stati Uniti: passaggio attraverso il servizio di immigrazione statunitense<\/h2>\n\n<p>Avete tutti i documenti necessari per la vostra vacanza a New York e avete espletato tutte le formalit\u00e0 di viaggio negli Stati Uniti? Molto bene! Quando si arriva negli Stati Uniti, si passa attraverso il Servizio Immigrazione degli Stati Uniti. Il funzionario a cui ci si presenta chieder\u00e0 il passaporto. Il modulo blu 6059B, noto anche come modulo di dichiarazione doganale (consegnato in aereo o in nave) non \u00e8 pi\u00f9 necessario.<\/p>\n\n<p>Il funzionario dell&#8217;immigrazione vi scatter\u00e0 una foto e scansioner\u00e0 le vostre impronte digitali. Inoltre, se si dispone di un&#8217;autorizzazione al viaggio, \u00e8 importante ricordare che essa riguarda solo il viaggio e non l&#8217;ingresso negli Stati Uniti. In altre parole, significa che \u00e8 possibile presentarsi al confine degli Stati Uniti senza avere la garanzia di attraversarlo. Ma state tranquilli, se avete compilato il modulo di domanda in modo corretto e onesto, non c&#8217;\u00e8 alcun motivo per cui l&#8217;ufficiale dovrebbe rifiutarvi l&#8217;ingresso negli Stati Uniti.<br\/>\nInfine, ricordate che se siete solo in transito, non siete esenti dalle formalit\u00e0 statunitensi: passerete attraverso lo stesso checkpoint ma utilizzerete una corsia dedicata ai viaggiatori in transito.<\/p>\n","protected":false},"excerpt":{"rendered":"<p>Avete deciso di trasferirvi negli Stati Uniti? Il governo statunitense, preoccupato per la sicurezza del proprio Paese, richiede che i viaggiatori soddisfino determinati criteri e completino le necessarie formalit\u00e0 di ingresso negli Stati Uniti prima di poter lasciare e mettere piede sul suolo americano. Grazie al Visa Waiver Program, molti francesi scelgono di trascorrere le [&hellip;]<\/p>\n","protected":false},"author":1,"featured_media":0,"parent":0,"menu_order":0,"comment_status":"closed","ping_status":"closed","template":"","meta":{"site-sidebar-layout":"default","site-content-layout":"default","ast-site-content-layout":"default","site-content-style":"default","site-sidebar-style":"default","ast-global-header-display":"","ast-banner-title-visibility":"","ast-main-header-display":"","ast-hfb-above-header-display":"","ast-hfb-below-header-display":"","ast-hfb-mobile-header-display":"","site-post-title":"","ast-breadcrumbs-content":"","ast-featured-img":"","footer-sml-layout":"","ast-disable-related-posts":"","theme-transparent-header-meta":"default","adv-header-id-meta":"","stick-header-meta":"default","header-above-stick-meta":"","header-main-stick-meta":"","header-below-stick-meta":"","astra-migrate-meta-layouts":"default","ast-page-background-enabled":"default","ast-page-background-meta":{"desktop":{"background-color":"","background-image":"","background-repeat":"repeat","background-position":"center center","background-size":"auto","background-attachment":"scroll","background-type":"","background-media":"","overlay-type":"","overlay-color":"","overlay-opacity":"","overlay-gradient":""},"tablet":{"background-color":"","background-image":"","background-repeat":"repeat","background-position":"center center","background-size":"auto","background-attachment":"scroll","background-type":"","background-media":"","overlay-type":"","overlay-color":"","overlay-opacity":"","overlay-gradient":""},"mobile":{"background-color":"","background-image":"","background-repeat":"repeat","background-position":"center center","background-size":"auto","background-attachment":"scroll","background-type":"","background-media":"","overlay-type":"","overlay-color":"","overlay-opacity":"","overlay-gradient":""}},"ast-content-background-meta":{"desktop":{"background-color":"var(--ast-global-color-5)","background-image":"","background-repeat":"repeat","background-position":"center center","background-size":"auto","background-attachment":"scroll","background-type":"","background-media":"","overlay-type":"","overlay-color":"","overlay-opacity":"","overlay-gradient":""},"tablet":{"background-color":"var(--ast-global-color-5)","background-image":"","background-repeat":"repeat","background-position":"center center","background-size":"auto","background-attachment":"scroll","background-type":"","background-media":"","overlay-type":"","overlay-color":"","overlay-opacity":"","overlay-gradient":""},"mobile":{"background-color":"var(--ast-global-color-5)","background-image":"","background-repeat":"repeat","background-position":"center center","background-size":"auto","background-attachment":"scroll","background-type":"","background-media":"","overlay-type":"","overlay-color":"","overlay-opacity":"","overlay-gradient":""}},"footnotes":""},"class_list":["post-2466","page","type-page","status-publish","hentry"],"yoast_head":"<!-- This site is optimized with the Yoast SEO plugin v27.1.1 - https:\/\/yoast.com\/product\/yoast-seo-wordpress\/ -->\n<title>Formalit\u00e0 per preparare il viaggio negli Stati Uniti<\/title>\n<meta name=\"description\" content=\"Trasferirsi negli Stati Uniti \u00e8 un&#039;esperienza emozionante che deve essere preparata, altrimenti si trasformer\u00e0 in un incubo. Richiamo delle formalit\u00e0 statunitensi da rispettare.\" \/>\n<meta name=\"robots\" content=\"index, follow, max-snippet:-1, max-image-preview:large, max-video-preview:-1\" \/>\n<link rel=\"canonical\" href=\"https:\/\/123-esta.com\/it\/formalita-usa\/\" \/>\n<meta property=\"og:locale\" content=\"it_IT\" \/>\n<meta property=\"og:type\" content=\"article\" \/>\n<meta property=\"og:title\" content=\"Formalit\u00e0 per preparare il viaggio negli Stati Uniti\" \/>\n<meta property=\"og:description\" content=\"Trasferirsi negli Stati Uniti \u00e8 un&#039;esperienza emozionante che deve essere preparata, altrimenti si trasformer\u00e0 in un incubo. Richiamo delle formalit\u00e0 statunitensi da rispettare.\" \/>\n<meta property=\"og:url\" content=\"https:\/\/123-esta.com\/it\/formalita-usa\/\" \/>\n<meta property=\"og:site_name\" content=\"Formulaire ESTA pour les USA\" \/>\n<meta property=\"article:modified_time\" content=\"2022-08-23T21:43:53+00:00\" \/>\n<meta name=\"twitter:card\" content=\"summary_large_image\" \/>\n<meta name=\"twitter:label1\" content=\"Tempo di lettura stimato\" \/>\n\t<meta name=\"twitter:data1\" content=\"2 minuti\" \/>\n<script type=\"application\/ld+json\" class=\"yoast-schema-graph\">{\"@context\":\"https:\/\/schema.org\",\"@graph\":[{\"@type\":\"WebPage\",\"@id\":\"https:\/\/123-esta.com\/it\/formalita-usa\/\",\"url\":\"https:\/\/123-esta.com\/it\/formalita-usa\/\",\"name\":\"Formalit\u00e0 per preparare il viaggio negli Stati Uniti\",\"isPartOf\":{\"@id\":\"https:\/\/123-esta.com\/it\/#website\"},\"datePublished\":\"2022-07-27T19:35:18+00:00\",\"dateModified\":\"2022-08-23T21:43:53+00:00\",\"description\":\"Trasferirsi negli Stati Uniti \u00e8 un'esperienza emozionante che deve essere preparata, altrimenti si trasformer\u00e0 in un incubo. Richiamo delle formalit\u00e0 statunitensi da rispettare.\",\"inLanguage\":\"it-IT\",\"potentialAction\":[{\"@type\":\"ReadAction\",\"target\":[\"https:\/\/123-esta.com\/it\/formalita-usa\/\"]}]},{\"@type\":\"WebSite\",\"@id\":\"https:\/\/123-esta.com\/it\/#website\",\"url\":\"https:\/\/123-esta.com\/it\/\",\"name\":\"Formulaire ESTA pour les USA\",\"description\":\"\",\"publisher\":{\"@id\":\"https:\/\/123-esta.com\/it\/#organization\"},\"potentialAction\":[{\"@type\":\"SearchAction\",\"target\":{\"@type\":\"EntryPoint\",\"urlTemplate\":\"https:\/\/123-esta.com\/it\/?s={search_term_string}\"},\"query-input\":{\"@type\":\"PropertyValueSpecification\",\"valueRequired\":true,\"valueName\":\"search_term_string\"}}],\"inLanguage\":\"it-IT\"},{\"@type\":\"Organization\",\"@id\":\"https:\/\/123-esta.com\/it\/#organization\",\"name\":\"Formulaire ESTA pour les USA\",\"url\":\"https:\/\/123-esta.com\/it\/\",\"logo\":{\"@type\":\"ImageObject\",\"inLanguage\":\"it-IT\",\"@id\":\"https:\/\/123-esta.com\/it\/#\/schema\/logo\/image\/\",\"url\":\"https:\/\/123-esta.com\/wp-content\/uploads\/2018\/03\/logo-123-esta.png\",\"contentUrl\":\"https:\/\/123-esta.com\/wp-content\/uploads\/2018\/03\/logo-123-esta.png\",\"width\":191,\"height\":54,\"caption\":\"Formulaire ESTA pour les USA\"},\"image\":{\"@id\":\"https:\/\/123-esta.com\/it\/#\/schema\/logo\/image\/\"}}]}<\/script>\n<!-- \/ Yoast SEO plugin. -->","yoast_head_json":{"title":"Formalit\u00e0 per preparare il viaggio negli Stati Uniti","description":"Trasferirsi negli Stati Uniti \u00e8 un'esperienza emozionante che deve essere preparata, altrimenti si trasformer\u00e0 in un incubo. Richiamo delle formalit\u00e0 statunitensi da rispettare.","robots":{"index":"index","follow":"follow","max-snippet":"max-snippet:-1","max-image-preview":"max-image-preview:large","max-video-preview":"max-video-preview:-1"},"canonical":"https:\/\/123-esta.com\/it\/formalita-usa\/","og_locale":"it_IT","og_type":"article","og_title":"Formalit\u00e0 per preparare il viaggio negli Stati Uniti","og_description":"Trasferirsi negli Stati Uniti \u00e8 un'esperienza emozionante che deve essere preparata, altrimenti si trasformer\u00e0 in un incubo. Richiamo delle formalit\u00e0 statunitensi da rispettare.","og_url":"https:\/\/123-esta.com\/it\/formalita-usa\/","og_site_name":"Formulaire ESTA pour les USA","article_modified_time":"2022-08-23T21:43:53+00:00","twitter_card":"summary_large_image","twitter_misc":{"Tempo di lettura stimato":"2 minuti"},"schema":{"@context":"https:\/\/schema.org","@graph":[{"@type":"WebPage","@id":"https:\/\/123-esta.com\/it\/formalita-usa\/","url":"https:\/\/123-esta.com\/it\/formalita-usa\/","name":"Formalit\u00e0 per preparare il viaggio negli Stati Uniti","isPartOf":{"@id":"https:\/\/123-esta.com\/it\/#website"},"datePublished":"2022-07-27T19:35:18+00:00","dateModified":"2022-08-23T21:43:53+00:00","description":"Trasferirsi negli Stati Uniti \u00e8 un'esperienza emozionante che deve essere preparata, altrimenti si trasformer\u00e0 in un incubo. Richiamo delle formalit\u00e0 statunitensi da rispettare.","inLanguage":"it-IT","potentialAction":[{"@type":"ReadAction","target":["https:\/\/123-esta.com\/it\/formalita-usa\/"]}]},{"@type":"WebSite","@id":"https:\/\/123-esta.com\/it\/#website","url":"https:\/\/123-esta.com\/it\/","name":"Formulaire ESTA pour les USA","description":"","publisher":{"@id":"https:\/\/123-esta.com\/it\/#organization"},"potentialAction":[{"@type":"SearchAction","target":{"@type":"EntryPoint","urlTemplate":"https:\/\/123-esta.com\/it\/?s={search_term_string}"},"query-input":{"@type":"PropertyValueSpecification","valueRequired":true,"valueName":"search_term_string"}}],"inLanguage":"it-IT"},{"@type":"Organization","@id":"https:\/\/123-esta.com\/it\/#organization","name":"Formulaire ESTA pour les USA","url":"https:\/\/123-esta.com\/it\/","logo":{"@type":"ImageObject","inLanguage":"it-IT","@id":"https:\/\/123-esta.com\/it\/#\/schema\/logo\/image\/","url":"https:\/\/123-esta.com\/wp-content\/uploads\/2018\/03\/logo-123-esta.png","contentUrl":"https:\/\/123-esta.com\/wp-content\/uploads\/2018\/03\/logo-123-esta.png","width":191,"height":54,"caption":"Formulaire ESTA pour les USA"},"image":{"@id":"https:\/\/123-esta.com\/it\/#\/schema\/logo\/image\/"}}]}},"_links":{"self":[{"href":"https:\/\/123-esta.com\/it\/wp-json\/wp\/v2\/pages\/2466","targetHints":{"allow":["GET"]}}],"collection":[{"href":"https:\/\/123-esta.com\/it\/wp-json\/wp\/v2\/pages"}],"about":[{"href":"https:\/\/123-esta.com\/it\/wp-json\/wp\/v2\/types\/page"}],"author":[{"embeddable":true,"href":"https:\/\/123-esta.com\/it\/wp-json\/wp\/v2\/users\/1"}],"replies":[{"embeddable":true,"href":"https:\/\/123-esta.com\/it\/wp-json\/wp\/v2\/comments?post=2466"}],"version-history":[{"count":0,"href":"https:\/\/123-esta.com\/it\/wp-json\/wp\/v2\/pages\/2466\/revisions"}],"wp:attachment":[{"href":"https:\/\/123-esta.com\/it\/wp-json\/wp\/v2\/media?parent=2466"}],"curies":[{"name":"wp","href":"https:\/\/api.w.org\/{rel}","templated":true}]}}