{"id":2463,"date":"2022-07-27T21:35:18","date_gmt":"2022-07-27T19:35:18","guid":{"rendered":"https:\/\/123-esta.com\/come-ottenere-un-visto-per-gli-stati-uniti\/"},"modified":"2022-09-01T10:40:16","modified_gmt":"2022-09-01T08:40:16","slug":"ottenere-un-visto-per-gli-stati-uniti","status":"publish","type":"page","link":"https:\/\/123-esta.com\/it\/ottenere-un-visto-per-gli-stati-uniti\/","title":{"rendered":"Ottenere un visto per gli Stati Uniti"},"content":{"rendered":"\n<p>Le autorit\u00e0 statunitensi prendono molto sul serio la sicurezza interna, e ancora di pi\u00f9 da quando il Presidente Trump \u00e8 entrato in carica. Inoltre, tutti i richiedenti non statunitensi devono assicurarsi di soddisfare i requisiti per un <a href=\"https:\/\/123-esta.com\/it\/hai-bisogno-di-un-visto-per-stati-uniti\/\">visto statunitense<\/a>. Tuttavia, la procedura di richiesta e i documenti da raccogliere sono diversi a seconda della categoria del visto. Ma quali sono i passi da compiere e come si ottiene un visto per gli Stati Uniti?<\/p>\n\n<h2 class=\"wp-block-heading\">Determinazione del tipo di visto per gli Stati Uniti<\/h2>\n\n<p>Innanzitutto, per stabilire come ottenere un visto per gli Stati Uniti, \u00e8 necessario determinare il tipo di visto richiesto, poich\u00e9 ne esistono molti!<\/p>\n\n<p>A parte il Visa Waiver Programme, che non \u00e8 disponibile per tutti, esistono due categorie di visti: il visto per non immigrati per soggiorni temporanei e, al contrario, il visto per immigrati per coloro che desiderano risiedere permanentemente negli Stati Uniti. In ogni caso, la <a href=\"https:\/\/123-esta.com\/it\/domanda-per-visa-stati-uniti\/\">richiesta di un visto per gli Stati Uniti<\/a> \u00e8 indispensabile per recarsi nel Paese, indipendentemente dallo scopo della visita.<\/p>\n\n<p>Le persone che desiderano recarsi negli Stati Uniti per un soggiorno temporaneo hanno uno status di non immigrato. Possono richiedere un visto B per i visitatori, un visto C per il transito, un visto F, M o J per gli studenti&#8230; la lista \u00e8 lunga! \u00c8 necessario un visto per lo scopo del soggiorno negli Stati Uniti.<\/p>\n\n<p>Le persone che desiderano vivere in modo permanente negli Stati Uniti devono richiedere un visto di immigrazione. Tuttavia, a differenza del visto per non immigrati, il richiedente non pu\u00f2 avviare la procedura da solo. Gli Stati Uniti, nonostante la loro tradizione di paese accogliente, non aprono le porte a chiunque. Chiunque desideri stabilirsi negli Stati Uniti in modo permanente deve richiedere un visto per residenti permanenti che richiede la sponsorizzazione o la selezione nella lotteria dei visti per la diversit\u00e0 (nota anche come lotteria della carta verde). Visto temporaneo o visto per residenti permanenti, in tutti i casi, una parte del processo si svolge online.<\/p>\n\n<h2 class=\"wp-block-heading\">Richiesta online di un visto per gli Stati Uniti<\/h2>\n\n<p>Come gi\u00e0 detto, la procedura per ottenere un <a href=\"https:\/\/123-esta.com\/it\/visto-turistico-stati-uniti\/\">visto turistico B2 per gli Stati Uniti<\/a> varia a seconda della categoria di visto. A differenza del Programma Viaggio senza Visto (Visa Waiver Program, VWP), in cui la domanda \u00e8 completamente priva di documenti cartacei, solo una parte del processo si svolge online, sul sito dell&#8217;Ambasciata statunitense.<\/p>\n\n<p>In generale, \u00e8 necessario compilare un modulo (il modulo DS-160 per i non immigrati), raccogliere i documenti necessari (passaporto biometrico o elettronico, documenti che attestino la propria situazione, ecc. Il <a href=\"https:\/\/123-esta.com\/it\/qual-e-il-prezzo-di-un-visto-per-gli-stati-uniti\/\">prezzo del visto USA<\/a> varia a seconda della natura dell&#8217;autorizzazione richiesta.<\/p>\n\n<p>Infine, una volta convalidata la domanda, riceverete un messaggio che vi indicher\u00e0 come procedere per il colloquio con un funzionario consolare. Si prega di notare che il tempo di attesa per un appuntamento presso l&#8217;Ambasciata o il Consolato degli Stati Uniti per ottenere un visto statunitense varia da un&#8217;istituzione all&#8217;altra. Si consiglia pertanto di richiedere il visto il prima possibile.<\/p>\n\n<p>Il colloquio in s\u00e9 \u00e8 relativamente rapido &#8211; circa dieci minuti &#8211; e consente all&#8217;intervistatore di stabilire se siete idonei o meno a entrare negli Stati Uniti.<\/p>\n\n<h2 class=\"wp-block-heading\">Quanto tempo ci vuole per ottenere un visto per gli Stati Uniti?<\/h2>\n\n<p>Dopo il colloquio, il funzionario consolare vi informer\u00e0 della sua decisione. Se vi viene concesso il visto, il funzionario del governo statunitense tratterr\u00e0 il vostro passaporto e apporr\u00e0 il vostro visto USA. Pertanto, non tornerete a casa immediatamente con il passaporto in tasca, ma riceverete il passaporto per posta entro 3-5 giorni lavorativi.<br\/>Infine, se avete domande su come ottenere un visto per gli Stati Uniti, non esitate a contattare l&#8217;ambasciata o il consolato americano pi\u00f9 vicino.<\/p>\n","protected":false},"excerpt":{"rendered":"<p>Le autorit\u00e0 statunitensi prendono molto sul serio la sicurezza interna, e ancora di pi\u00f9 da quando il Presidente Trump \u00e8 entrato in carica. Inoltre, tutti i richiedenti non statunitensi devono assicurarsi di soddisfare i requisiti per un visto statunitense. Tuttavia, la procedura di richiesta e i documenti da raccogliere sono diversi a seconda della categoria [&hellip;]<\/p>\n","protected":false},"author":1,"featured_media":0,"parent":0,"menu_order":0,"comment_status":"closed","ping_status":"closed","template":"","meta":{"site-sidebar-layout":"default","site-content-layout":"default","ast-site-content-layout":"default","site-content-style":"default","site-sidebar-style":"default","ast-global-header-display":"","ast-banner-title-visibility":"","ast-main-header-display":"","ast-hfb-above-header-display":"","ast-hfb-below-header-display":"","ast-hfb-mobile-header-display":"","site-post-title":"","ast-breadcrumbs-content":"","ast-featured-img":"","footer-sml-layout":"","ast-disable-related-posts":"","theme-transparent-header-meta":"default","adv-header-id-meta":"","stick-header-meta":"default","header-above-stick-meta":"","header-main-stick-meta":"","header-below-stick-meta":"","astra-migrate-meta-layouts":"default","ast-page-background-enabled":"default","ast-page-background-meta":{"desktop":{"background-color":"","background-image":"","background-repeat":"repeat","background-position":"center center","background-size":"auto","background-attachment":"scroll","background-type":"","background-media":"","overlay-type":"","overlay-color":"","overlay-opacity":"","overlay-gradient":""},"tablet":{"background-color":"","background-image":"","background-repeat":"repeat","background-position":"center center","background-size":"auto","background-attachment":"scroll","background-type":"","background-media":"","overlay-type":"","overlay-color":"","overlay-opacity":"","overlay-gradient":""},"mobile":{"background-color":"","background-image":"","background-repeat":"repeat","background-position":"center center","background-size":"auto","background-attachment":"scroll","background-type":"","background-media":"","overlay-type":"","overlay-color":"","overlay-opacity":"","overlay-gradient":""}},"ast-content-background-meta":{"desktop":{"background-color":"var(--ast-global-color-5)","background-image":"","background-repeat":"repeat","background-position":"center center","background-size":"auto","background-attachment":"scroll","background-type":"","background-media":"","overlay-type":"","overlay-color":"","overlay-opacity":"","overlay-gradient":""},"tablet":{"background-color":"var(--ast-global-color-5)","background-image":"","background-repeat":"repeat","background-position":"center center","background-size":"auto","background-attachment":"scroll","background-type":"","background-media":"","overlay-type":"","overlay-color":"","overlay-opacity":"","overlay-gradient":""},"mobile":{"background-color":"var(--ast-global-color-5)","background-image":"","background-repeat":"repeat","background-position":"center center","background-size":"auto","background-attachment":"scroll","background-type":"","background-media":"","overlay-type":"","overlay-color":"","overlay-opacity":"","overlay-gradient":""}},"footnotes":""},"class_list":["post-2463","page","type-page","status-publish","hentry"],"yoast_head":"<!-- This site is optimized with the Yoast SEO plugin v27.1.1 - https:\/\/yoast.com\/product\/yoast-seo-wordpress\/ -->\n<title>Come ottenere un visto per recarsi negli Stati Uniti<\/title>\n<meta name=\"description\" content=\"L&#039;ESTA non copre tutti i tipi di soggiorno negli Stati Uniti e la richiesta di un visto potrebbe essere inevitabile. I nostri consigli per una rapida richiesta di visto.\" \/>\n<meta name=\"robots\" content=\"index, follow, max-snippet:-1, max-image-preview:large, max-video-preview:-1\" \/>\n<link rel=\"canonical\" href=\"https:\/\/123-esta.com\/it\/ottenere-un-visto-per-gli-stati-uniti\/\" \/>\n<meta property=\"og:locale\" content=\"it_IT\" \/>\n<meta property=\"og:type\" content=\"article\" \/>\n<meta property=\"og:title\" content=\"Come ottenere un visto per recarsi negli Stati Uniti\" \/>\n<meta property=\"og:description\" content=\"L&#039;ESTA non copre tutti i tipi di soggiorno negli Stati Uniti e la richiesta di un visto potrebbe essere inevitabile. I nostri consigli per una rapida richiesta di visto.\" \/>\n<meta property=\"og:url\" content=\"https:\/\/123-esta.com\/it\/ottenere-un-visto-per-gli-stati-uniti\/\" \/>\n<meta property=\"og:site_name\" content=\"Formulaire ESTA pour les USA\" \/>\n<meta property=\"article:modified_time\" content=\"2022-09-01T08:40:16+00:00\" \/>\n<meta name=\"twitter:card\" content=\"summary_large_image\" \/>\n<meta name=\"twitter:label1\" content=\"Tempo di lettura stimato\" \/>\n\t<meta name=\"twitter:data1\" content=\"3 minuti\" \/>\n<script type=\"application\/ld+json\" class=\"yoast-schema-graph\">{\"@context\":\"https:\/\/schema.org\",\"@graph\":[{\"@type\":\"WebPage\",\"@id\":\"https:\/\/123-esta.com\/it\/ottenere-un-visto-per-gli-stati-uniti\/\",\"url\":\"https:\/\/123-esta.com\/it\/ottenere-un-visto-per-gli-stati-uniti\/\",\"name\":\"Come ottenere un visto per recarsi negli Stati Uniti\",\"isPartOf\":{\"@id\":\"https:\/\/123-esta.com\/it\/#website\"},\"datePublished\":\"2022-07-27T19:35:18+00:00\",\"dateModified\":\"2022-09-01T08:40:16+00:00\",\"description\":\"L'ESTA non copre tutti i tipi di soggiorno negli Stati Uniti e la richiesta di un visto potrebbe essere inevitabile. I nostri consigli per una rapida richiesta di visto.\",\"inLanguage\":\"it-IT\",\"potentialAction\":[{\"@type\":\"ReadAction\",\"target\":[\"https:\/\/123-esta.com\/it\/ottenere-un-visto-per-gli-stati-uniti\/\"]}]},{\"@type\":\"WebSite\",\"@id\":\"https:\/\/123-esta.com\/it\/#website\",\"url\":\"https:\/\/123-esta.com\/it\/\",\"name\":\"Formulaire ESTA pour les USA\",\"description\":\"\",\"publisher\":{\"@id\":\"https:\/\/123-esta.com\/it\/#organization\"},\"potentialAction\":[{\"@type\":\"SearchAction\",\"target\":{\"@type\":\"EntryPoint\",\"urlTemplate\":\"https:\/\/123-esta.com\/it\/?s={search_term_string}\"},\"query-input\":{\"@type\":\"PropertyValueSpecification\",\"valueRequired\":true,\"valueName\":\"search_term_string\"}}],\"inLanguage\":\"it-IT\"},{\"@type\":\"Organization\",\"@id\":\"https:\/\/123-esta.com\/it\/#organization\",\"name\":\"Formulaire ESTA pour les USA\",\"url\":\"https:\/\/123-esta.com\/it\/\",\"logo\":{\"@type\":\"ImageObject\",\"inLanguage\":\"it-IT\",\"@id\":\"https:\/\/123-esta.com\/it\/#\/schema\/logo\/image\/\",\"url\":\"https:\/\/123-esta.com\/wp-content\/uploads\/2018\/03\/logo-123-esta.png\",\"contentUrl\":\"https:\/\/123-esta.com\/wp-content\/uploads\/2018\/03\/logo-123-esta.png\",\"width\":191,\"height\":54,\"caption\":\"Formulaire ESTA pour les USA\"},\"image\":{\"@id\":\"https:\/\/123-esta.com\/it\/#\/schema\/logo\/image\/\"}}]}<\/script>\n<!-- \/ Yoast SEO plugin. -->","yoast_head_json":{"title":"Come ottenere un visto per recarsi negli Stati Uniti","description":"L'ESTA non copre tutti i tipi di soggiorno negli Stati Uniti e la richiesta di un visto potrebbe essere inevitabile. I nostri consigli per una rapida richiesta di visto.","robots":{"index":"index","follow":"follow","max-snippet":"max-snippet:-1","max-image-preview":"max-image-preview:large","max-video-preview":"max-video-preview:-1"},"canonical":"https:\/\/123-esta.com\/it\/ottenere-un-visto-per-gli-stati-uniti\/","og_locale":"it_IT","og_type":"article","og_title":"Come ottenere un visto per recarsi negli Stati Uniti","og_description":"L'ESTA non copre tutti i tipi di soggiorno negli Stati Uniti e la richiesta di un visto potrebbe essere inevitabile. I nostri consigli per una rapida richiesta di visto.","og_url":"https:\/\/123-esta.com\/it\/ottenere-un-visto-per-gli-stati-uniti\/","og_site_name":"Formulaire ESTA pour les USA","article_modified_time":"2022-09-01T08:40:16+00:00","twitter_card":"summary_large_image","twitter_misc":{"Tempo di lettura stimato":"3 minuti"},"schema":{"@context":"https:\/\/schema.org","@graph":[{"@type":"WebPage","@id":"https:\/\/123-esta.com\/it\/ottenere-un-visto-per-gli-stati-uniti\/","url":"https:\/\/123-esta.com\/it\/ottenere-un-visto-per-gli-stati-uniti\/","name":"Come ottenere un visto per recarsi negli Stati Uniti","isPartOf":{"@id":"https:\/\/123-esta.com\/it\/#website"},"datePublished":"2022-07-27T19:35:18+00:00","dateModified":"2022-09-01T08:40:16+00:00","description":"L'ESTA non copre tutti i tipi di soggiorno negli Stati Uniti e la richiesta di un visto potrebbe essere inevitabile. I nostri consigli per una rapida richiesta di visto.","inLanguage":"it-IT","potentialAction":[{"@type":"ReadAction","target":["https:\/\/123-esta.com\/it\/ottenere-un-visto-per-gli-stati-uniti\/"]}]},{"@type":"WebSite","@id":"https:\/\/123-esta.com\/it\/#website","url":"https:\/\/123-esta.com\/it\/","name":"Formulaire ESTA pour les USA","description":"","publisher":{"@id":"https:\/\/123-esta.com\/it\/#organization"},"potentialAction":[{"@type":"SearchAction","target":{"@type":"EntryPoint","urlTemplate":"https:\/\/123-esta.com\/it\/?s={search_term_string}"},"query-input":{"@type":"PropertyValueSpecification","valueRequired":true,"valueName":"search_term_string"}}],"inLanguage":"it-IT"},{"@type":"Organization","@id":"https:\/\/123-esta.com\/it\/#organization","name":"Formulaire ESTA pour les USA","url":"https:\/\/123-esta.com\/it\/","logo":{"@type":"ImageObject","inLanguage":"it-IT","@id":"https:\/\/123-esta.com\/it\/#\/schema\/logo\/image\/","url":"https:\/\/123-esta.com\/wp-content\/uploads\/2018\/03\/logo-123-esta.png","contentUrl":"https:\/\/123-esta.com\/wp-content\/uploads\/2018\/03\/logo-123-esta.png","width":191,"height":54,"caption":"Formulaire ESTA pour les USA"},"image":{"@id":"https:\/\/123-esta.com\/it\/#\/schema\/logo\/image\/"}}]}},"_links":{"self":[{"href":"https:\/\/123-esta.com\/it\/wp-json\/wp\/v2\/pages\/2463","targetHints":{"allow":["GET"]}}],"collection":[{"href":"https:\/\/123-esta.com\/it\/wp-json\/wp\/v2\/pages"}],"about":[{"href":"https:\/\/123-esta.com\/it\/wp-json\/wp\/v2\/types\/page"}],"author":[{"embeddable":true,"href":"https:\/\/123-esta.com\/it\/wp-json\/wp\/v2\/users\/1"}],"replies":[{"embeddable":true,"href":"https:\/\/123-esta.com\/it\/wp-json\/wp\/v2\/comments?post=2463"}],"version-history":[{"count":0,"href":"https:\/\/123-esta.com\/it\/wp-json\/wp\/v2\/pages\/2463\/revisions"}],"wp:attachment":[{"href":"https:\/\/123-esta.com\/it\/wp-json\/wp\/v2\/media?parent=2463"}],"curies":[{"name":"wp","href":"https:\/\/api.w.org\/{rel}","templated":true}]}}