{"id":2462,"date":"2022-07-27T21:35:18","date_gmt":"2022-07-27T19:35:18","guid":{"rendered":"https:\/\/123-esta.com\/esta-ufficiale\/"},"modified":"2022-07-29T15:58:54","modified_gmt":"2022-07-29T13:58:54","slug":"esta-ufficiale","status":"publish","type":"page","link":"https:\/\/123-esta.com\/it\/esta-ufficiale\/","title":{"rendered":"Viaggiare negli Stati Uniti senza visto grazie all&#8217;ESTA ufficiale"},"content":{"rendered":"\n<p><span style=\"font-weight: 400;\">Siete appassionati di cultura americana? Viaggiare negli Stati Uniti non \u00e8 mai stato cos\u00ec facile. \u00c8 perfettamente possibile recarsi negli Stati Uniti senza un <a href=\"https:\/\/123-esta.com\/it\/visto-turistico-stati-uniti\/\">visto turistico B2<\/a>. \u00c8 sufficiente una semplice autorizzazione elettronica al viaggio: l&#8217;ESTA ufficiale. Introdotto dall&#8217;amministrazione statunitense, il suo obiettivo \u00e8 quello di rafforzare la sicurezza interna facilitando al contempo l&#8217;ingresso negli Stati Uniti. Tuttavia, l&#8217;ESTA ufficiale non \u00e8 disponibile per tutti. In questo articolo esamineremo le varie condizioni che devono essere soddisfatte per poter ottenere l&#8217;ESTA. In seguito, vi illustreremo la procedura per richiederlo.  <\/span><\/p>\n\n<h2 class=\"wp-block-heading\"><span style=\"font-weight: 400;\">I requisiti di idoneit\u00e0 per l&#8217;iscrizione al concorso ufficiale<\/span><span style=\"font-weight: 400;\">ESTA ufficiale <\/span><span style=\"font-weight: 400;\">Stati Uniti <\/span> <\/h2>\n\n<h3 class=\"wp-block-heading\"><span style=\"font-weight: 400;\">La nazionalit\u00e0 del cittadino<\/span><\/h3>\n\n<p><span style=\"font-weight: 400;\">La prima cosa da verificare prima di richiedere l&#8217;autorizzazione ufficiale ESTA \u00e8 assicurarsi che la propria nazionalit\u00e0 faccia parte del VWP (Visa Waiver Program). Questo regime di esenzione dal visto copre un totale di 40 Paesi dal 2022. Tra i paesi membri figurano i paesi dell&#8217;UE (Francia, Italia, Spagna, Polonia, ecc.), l&#8217;Australia, la Nuova Zelanda e il Giappone.<\/span><\/p>\n\n<p><span style=\"font-weight: 400;\">I cittadini europei possono quindi recarsi negli Stati Uniti senza visto, a condizione che non abbiano la doppia cittadinanza siriana, irachena, iraniana o sudanese.  <\/span><\/p>\n\n<h3 class=\"wp-block-heading\"><span style=\"font-weight: 400;\">Il passaporto del viaggiatore  <\/span><\/h3>\n\n<p><span style=\"font-weight: 400;\">Per entrare nel Paese \u00e8 ovviamente necessario essere sempre accompagnati da un documento d&#8217;identit\u00e0 valido. Le autorit\u00e0 statunitensi richiedono ai viaggiatori un passaporto biometrico o elettronico. Questa condizione si applica sia all&#8217;ESTA che al visto USA.  <\/span><\/p>\n\n<p><span style=\"font-weight: 400;\">\u00c8 inoltre necessario avere un passaporto valido per tutta la durata del viaggio negli Stati Uniti. Se il passaporto scade prima della partenza per gli Stati Uniti, \u00e8 necessario richiederne il rinnovo presso il municipio locale.<\/span><\/p>\n\n<h3 class=\"wp-block-heading\"><span style=\"font-weight: 400;\">Come entrare negli Stati Uniti  <\/span><\/h3>\n\n<p><span style=\"font-weight: 400;\">Il visto ESTA consente ai cittadini stranieri di entrare nel Paese per via aerea o marittima. Se arrivate negli Stati Uniti via terra, ora \u00e8 necessario richiedere un&#8217;ESTA anche dal Messico o dal Canada; il modulo l94-W non \u00e8 pi\u00f9 sufficiente da maggio 2022.  <\/span><\/p>\n\n<h3 class=\"wp-block-heading\"><span style=\"font-weight: 400;\">Il motivo del viaggio negli Stati Uniti  <\/span><\/h3>\n\n<p><span style=\"font-weight: 400;\">L&#8217;ESTA ufficiale viene rilasciato solo per tre tipi di soggiorno negli Stati Uniti:  <\/span><\/p>\n\n<ul class=\"wp-block-list\"><li><span style=\"font-weight: 400;\">un viaggio turistico (visita a New York, campeggio nei parchi nazionali, road-trip nel West americano&#8230;);  <\/span><\/li><li><span style=\"font-weight: 400;\">un viaggio d&#8217;affari (visita a un partner commerciale, firma di un contratto, conferenza, ecc.) Si noti che se si desidera recarsi negli Stati Uniti per uno stage o per lavorare, non si potr\u00e0 beneficiare dell&#8217;ESTA. \u00c8 necessario richiedere un visto per gli Stati Uniti presso l&#8217;ambasciata statunitense;  <\/span><\/li><li><span style=\"font-weight: 400;\"> <a href=\"https:\/\/123-esta.com\/it\/dovrebbe-uno-richiedere-un-esta-per-un-transito\/\">transito negli Stati Uniti<\/a> fino alla destinazione finale.  <\/span><\/li><\/ul>\n\n<h3 class=\"wp-block-heading\"><span style=\"font-weight: 400;\">Durata del soggiorno negli Stati Uniti  <\/span><\/h3>\n\n<p><span style=\"font-weight: 400;\">Se si prevede di rimanere negli Stati Uniti per un massimo di 90 giorni, \u00e8 possibile entrare negli Stati Uniti con un documento ufficiale. <\/span><span style=\"font-weight: 400;\">Certificato ESTA<\/span><span style=\"font-weight: 400;\">. Vi verr\u00e0 chiesto di mostrare al funzionario dell&#8217;immigrazione un biglietto di ritorno o di proseguimento (andata).<\/span><\/p>\n\n<p><span style=\"font-weight: 400;\">Se il vostro soggiorno supera questa soglia, anche di un solo giorno, dovrete richiedere un visto per gli Stati Uniti. Per <a href=\"https:\/\/123-esta.com\/it\/ottenere-un-visto-per-gli-stati-uniti\/\">ottenere un visto statunitense<\/a>, \u00e8 necessario recarsi di persona all&#8217;ambasciata o al consolato degli Stati Uniti.  <\/span><\/p>\n\n<p><span style=\"font-weight: 400;\">Se soddisfate tutti i requisiti, potete richiedere ufficialmente la residenza temporanea per recarvi negli Stati Uniti.  <\/span><\/p>\n\n<h2 class=\"wp-block-heading\"><span style=\"font-weight: 400;\">Come richiedere un&#8217;ESTA ufficiale?  <\/span><\/h2>\n\n<p><span style=\"font-weight: 400;\">Per richiedere un&#8217;autorizzazione ufficiale ESTA, la procedura \u00e8 semplice: basta compilare <a href=\"https:\/\/123-esta.com\/it\/forma-esta\/\">un modulo online<\/a>. Per accedere al modulo di domanda, visitate il sito ufficiale del governo statunitense.  <\/span><\/p>\n\n<h3 class=\"wp-block-heading\"><span style=\"font-weight: 400;\">Il modulo online sul sito ufficiale<\/span><\/h3>\n\n<p><span style=\"font-weight: 400;\">Il modulo ufficiale ESTA \u00e8 rapido da compilare. Tuttavia, richiede un certo rigore, perch\u00e9 se le informazioni richieste non sono corrette, i sistemi elettronici del governo statunitense possono respingere la domanda. Attenzione, soprattutto per le donne sposate: il cognome da indicare sul modulo ESTA \u00e8 quello che compare sul passaporto (da nubile o da sposata).  <\/span><\/p>\n\n<p><span style=\"font-weight: 400;\">Il modulo ufficiale ESTA \u00e8 strutturato come segue:  <\/span><\/p>\n\n<ol class=\"wp-block-list\"><li style=\"font-weight: 400;\"><span style=\"font-weight: 400;\">la prima parte riguarda i vostri dati personali e i motivi del vostro viaggio negli Stati Uniti;  <\/span><\/li><li style=\"font-weight: 400;\"><span style=\"font-weight: 400;\">Nella seconda parte, dovrete fornire i dati del vostro passaporto (numero di passaporto, paese di emissione, data di scadenza, ecc;)  <\/span><\/li><li style=\"font-weight: 400;\"><span style=\"font-weight: 400;\">l&#8217;ultima parte ha la forma di un questionario. Dovrete rispondere a dieci domande chiuse (s\u00ec o no). Le domande riguardano la fedina penale, i precedenti soggiorni all&#8217;estero e lo stato di salute attuale.  <\/span><\/li><\/ol>\n\n<p><span style=\"font-weight: 400;\">Se non avete commesso errori di negligenza, non siete soggetti a malattie trasmissibili e non siete mai stati condannati per un reato, la US Customs and Border Protection molto probabilmente approver\u00e0 la vostra domanda online.  <\/span><\/p>\n\n<p><span style=\"font-weight: 400;\">Dopo aver presentato la domanda sul sito ufficiale dell&#8217;ESTA, dovrete attendere un massimo di 72 ore prima di ricevere una risposta dal governo.  <\/span><\/p>\n\n<h2 class=\"wp-block-heading\"><span style=\"font-weight: 400;\">Domanda ufficiale ESTA: quanto costa?  <\/span><\/h2>\n\n<p><span style=\"font-weight: 400;\">La richiesta di un ESTA ufficiale online comporta una tassa amministrativa di 21 USD. La tassa ESTA USA \u00e8 composta come segue:  <\/span><\/p>\n\n<ul class=\"wp-block-list\"><li><span style=\"font-weight: 400;\">4 USD per la tassa di elaborazione della domanda;  <\/span><\/li><li><span style=\"font-weight: 400;\">17 USD per il conto spese di autorizzazione. L&#8217;importo raccolto viene utilizzato per promuovere il turismo statunitense a livello internazionale. Se la vostra domanda ufficiale ESTA viene respinta dal governo statunitense, non dovrete pagare questa tassa.  <\/span><\/li><\/ul>\n\n<p><span style=\"font-weight: 400;\">Per pagare, vi verr\u00e0 semplicemente chiesto di inserire i dati della vostra carta di credito (Mastercard, Visa, American Express, ecc.).<\/span><\/p>\n\n<h2 class=\"wp-block-heading\"><span style=\"font-weight: 400;\">Condizioni di utilizzo del<\/span><span style=\"font-weight: 400;\">ESTA ufficiale USA <\/span> <\/h2>\n\n<p><span style=\"font-weight: 400;\">Quando viene concesso, il funzionario<\/span><span style=\"font-weight: 400;\"> ESTA ufficiale USA <\/span> <span style=\"font-weight: 400;\">ha una validit\u00e0 di 24 mesi. Permette ai cittadini di effettuare diversi viaggi turistici o di lavoro negli Stati Uniti durante questo periodo. Tuttavia, questa condizione \u00e8 valida solo se si \u00e8 in possesso di un passaporto valido. Se il documento d&#8217;identit\u00e0 scade prima della data di scadenza dell&#8217;ESTA, l&#8217;autorizzazione di viaggio online diventa inutilizzabile.<\/span><\/p>\n\n<p><span style=\"font-weight: 400;\">Dopo i due anni, se si desidera visitare nuovamente gli Stati Uniti, \u00e8 possibile rinnovare il documento ufficiale ESTA USA. La procedura \u00e8 la stessa della prima domanda ESTA: basta andare sul sito web del governo statunitense e presentare una nuova domanda utilizzando il nuovo passaporto.<\/span><\/p>\n\n<p><span style=\"font-weight: 400;\">Non \u00e8 necessario stampare il modulo ESTA prima di recarsi negli Stati Uniti. Per assicurarsi di essere in possesso del<\/span><span style=\"font-weight: 400;\">ESTA ufficiale,<\/span><span style=\"font-weight: 400;\">  il funzionario al posto di frontiera si limiter\u00e0 a scannerizzare il passaporto. Grazie ai sistemi informatici della US Customs and Border Protection, il funzionario di controllo sar\u00e0 in grado di vedere istantaneamente se avete il permesso di rimanere negli Stati Uniti.<\/span><\/p>\n\n<h2 class=\"wp-block-heading\"><span style=\"font-weight: 400;\">Cosa fare se il vostro ESTA ufficiale \u00e8 stato rifiutato?  <\/span><\/h2>\n\n<p><span style=\"font-weight: 400;\">Se le autorit\u00e0 statunitensi rifiutano di concedervi l&#8217;autorizzazione al viaggio ESTA. Innanzitutto, assicuratevi che il rifiuto non sia dovuto a un errore nel modulo. A questo punto, gli scenari possibili sono due:  <\/span><\/p>\n\n<ul class=\"wp-block-list\"><li style=\"font-weight: 400;\"><span style=\"font-weight: 400;\">viene visualizzato un errore nel modulo. Dovrete iniziare la procedura da zero dal sito ufficiale dell&#8217;ESTA;  <\/span><\/li><li style=\"font-weight: 400;\"><span style=\"font-weight: 400;\">non ci sono errori. Il rifiuto \u00e8 probabilmente dovuto al mancato rispetto delle condizioni di esenzione dal visto. L&#8217;unica alternativa \u00e8 contattare l&#8217;ambasciata o i servizi consolari statunitensi per richiedere un visto.  <\/span><\/li><\/ul>\n\n<p><span style=\"font-weight: 400;\">Si noti che la richiesta di un ESTA su un sito web privato specializzato non costituisce in alcun modo un ostacolo all&#8217;ottenimento di un ESTA ufficiale. Il valore del vostro ESTA non ne risente. La differenza sta nell&#8217;assistenza personalizzata che vi viene offerta per ridurre il <a href=\"https:\/\/123-esta.com\/it\/ragioni-per-un-esta-rifiutato\/\">rischio di rifiuto<\/a>.<\/span><\/p>\n","protected":false},"excerpt":{"rendered":"<p>Siete appassionati di cultura americana? Viaggiare negli Stati Uniti non \u00e8 mai stato cos\u00ec facile. \u00c8 perfettamente possibile recarsi negli Stati Uniti senza un visto turistico B2. \u00c8 sufficiente una semplice autorizzazione elettronica al viaggio: l&#8217;ESTA ufficiale. Introdotto dall&#8217;amministrazione statunitense, il suo obiettivo \u00e8 quello di rafforzare la sicurezza interna facilitando al contempo l&#8217;ingresso negli [&hellip;]<\/p>\n","protected":false},"author":1,"featured_media":0,"parent":0,"menu_order":0,"comment_status":"closed","ping_status":"closed","template":"","meta":{"site-sidebar-layout":"default","site-content-layout":"default","ast-site-content-layout":"default","site-content-style":"default","site-sidebar-style":"default","ast-global-header-display":"","ast-banner-title-visibility":"","ast-main-header-display":"","ast-hfb-above-header-display":"","ast-hfb-below-header-display":"","ast-hfb-mobile-header-display":"","site-post-title":"","ast-breadcrumbs-content":"","ast-featured-img":"","footer-sml-layout":"","ast-disable-related-posts":"","theme-transparent-header-meta":"default","adv-header-id-meta":"","stick-header-meta":"default","header-above-stick-meta":"","header-main-stick-meta":"","header-below-stick-meta":"","astra-migrate-meta-layouts":"default","ast-page-background-enabled":"default","ast-page-background-meta":{"desktop":{"background-color":"","background-image":"","background-repeat":"repeat","background-position":"center center","background-size":"auto","background-attachment":"scroll","background-type":"","background-media":"","overlay-type":"","overlay-color":"","overlay-opacity":"","overlay-gradient":""},"tablet":{"background-color":"","background-image":"","background-repeat":"repeat","background-position":"center center","background-size":"auto","background-attachment":"scroll","background-type":"","background-media":"","overlay-type":"","overlay-color":"","overlay-opacity":"","overlay-gradient":""},"mobile":{"background-color":"","background-image":"","background-repeat":"repeat","background-position":"center center","background-size":"auto","background-attachment":"scroll","background-type":"","background-media":"","overlay-type":"","overlay-color":"","overlay-opacity":"","overlay-gradient":""}},"ast-content-background-meta":{"desktop":{"background-color":"var(--ast-global-color-5)","background-image":"","background-repeat":"repeat","background-position":"center center","background-size":"auto","background-attachment":"scroll","background-type":"","background-media":"","overlay-type":"","overlay-color":"","overlay-opacity":"","overlay-gradient":""},"tablet":{"background-color":"var(--ast-global-color-5)","background-image":"","background-repeat":"repeat","background-position":"center center","background-size":"auto","background-attachment":"scroll","background-type":"","background-media":"","overlay-type":"","overlay-color":"","overlay-opacity":"","overlay-gradient":""},"mobile":{"background-color":"var(--ast-global-color-5)","background-image":"","background-repeat":"repeat","background-position":"center center","background-size":"auto","background-attachment":"scroll","background-type":"","background-media":"","overlay-type":"","overlay-color":"","overlay-opacity":"","overlay-gradient":""}},"footnotes":""},"class_list":["post-2462","page","type-page","status-publish","hentry"],"yoast_head":"<!-- This site is optimized with the Yoast SEO plugin v27.1.1 - https:\/\/yoast.com\/product\/yoast-seo-wordpress\/ -->\n<title>Viaggiare negli USA con l&#039;ESTA ufficiale<\/title>\n<meta name=\"description\" content=\"\u00c8 possibile entrare negli Stati Uniti senza visto. \u00e8 sufficiente richiedere un&#039;ESTA ufficiale. Per ottenerlo sono necessarie alcune condizioni.\" \/>\n<meta name=\"robots\" content=\"index, follow, max-snippet:-1, max-image-preview:large, max-video-preview:-1\" \/>\n<link rel=\"canonical\" href=\"https:\/\/123-esta.com\/it\/esta-ufficiale\/\" \/>\n<meta property=\"og:locale\" content=\"it_IT\" \/>\n<meta property=\"og:type\" content=\"article\" \/>\n<meta property=\"og:title\" content=\"Viaggiare negli USA con l&#039;ESTA ufficiale\" \/>\n<meta property=\"og:description\" content=\"\u00c8 possibile entrare negli Stati Uniti senza visto. \u00e8 sufficiente richiedere un&#039;ESTA ufficiale. Per ottenerlo sono necessarie alcune condizioni.\" \/>\n<meta property=\"og:url\" content=\"https:\/\/123-esta.com\/it\/esta-ufficiale\/\" \/>\n<meta property=\"og:site_name\" content=\"Formulaire ESTA pour les USA\" \/>\n<meta property=\"article:modified_time\" content=\"2022-07-29T13:58:54+00:00\" \/>\n<meta name=\"twitter:card\" content=\"summary_large_image\" \/>\n<meta name=\"twitter:label1\" content=\"Tempo di lettura stimato\" \/>\n\t<meta name=\"twitter:data1\" content=\"6 minuti\" \/>\n<script type=\"application\/ld+json\" class=\"yoast-schema-graph\">{\"@context\":\"https:\/\/schema.org\",\"@graph\":[{\"@type\":\"WebPage\",\"@id\":\"https:\/\/123-esta.com\/it\/esta-ufficiale\/\",\"url\":\"https:\/\/123-esta.com\/it\/esta-ufficiale\/\",\"name\":\"Viaggiare negli USA con l'ESTA ufficiale\",\"isPartOf\":{\"@id\":\"https:\/\/123-esta.com\/it\/#website\"},\"datePublished\":\"2022-07-27T19:35:18+00:00\",\"dateModified\":\"2022-07-29T13:58:54+00:00\",\"description\":\"\u00c8 possibile entrare negli Stati Uniti senza visto. \u00e8 sufficiente richiedere un'ESTA ufficiale. Per ottenerlo sono necessarie alcune condizioni.\",\"inLanguage\":\"it-IT\",\"potentialAction\":[{\"@type\":\"ReadAction\",\"target\":[\"https:\/\/123-esta.com\/it\/esta-ufficiale\/\"]}]},{\"@type\":\"WebSite\",\"@id\":\"https:\/\/123-esta.com\/it\/#website\",\"url\":\"https:\/\/123-esta.com\/it\/\",\"name\":\"Formulaire ESTA pour les USA\",\"description\":\"\",\"publisher\":{\"@id\":\"https:\/\/123-esta.com\/it\/#organization\"},\"potentialAction\":[{\"@type\":\"SearchAction\",\"target\":{\"@type\":\"EntryPoint\",\"urlTemplate\":\"https:\/\/123-esta.com\/it\/?s={search_term_string}\"},\"query-input\":{\"@type\":\"PropertyValueSpecification\",\"valueRequired\":true,\"valueName\":\"search_term_string\"}}],\"inLanguage\":\"it-IT\"},{\"@type\":\"Organization\",\"@id\":\"https:\/\/123-esta.com\/it\/#organization\",\"name\":\"Formulaire ESTA pour les USA\",\"url\":\"https:\/\/123-esta.com\/it\/\",\"logo\":{\"@type\":\"ImageObject\",\"inLanguage\":\"it-IT\",\"@id\":\"https:\/\/123-esta.com\/it\/#\/schema\/logo\/image\/\",\"url\":\"https:\/\/123-esta.com\/wp-content\/uploads\/2018\/03\/logo-123-esta.png\",\"contentUrl\":\"https:\/\/123-esta.com\/wp-content\/uploads\/2018\/03\/logo-123-esta.png\",\"width\":191,\"height\":54,\"caption\":\"Formulaire ESTA pour les USA\"},\"image\":{\"@id\":\"https:\/\/123-esta.com\/it\/#\/schema\/logo\/image\/\"}}]}<\/script>\n<!-- \/ Yoast SEO plugin. -->","yoast_head_json":{"title":"Viaggiare negli USA con l'ESTA ufficiale","description":"\u00c8 possibile entrare negli Stati Uniti senza visto. \u00e8 sufficiente richiedere un'ESTA ufficiale. Per ottenerlo sono necessarie alcune condizioni.","robots":{"index":"index","follow":"follow","max-snippet":"max-snippet:-1","max-image-preview":"max-image-preview:large","max-video-preview":"max-video-preview:-1"},"canonical":"https:\/\/123-esta.com\/it\/esta-ufficiale\/","og_locale":"it_IT","og_type":"article","og_title":"Viaggiare negli USA con l'ESTA ufficiale","og_description":"\u00c8 possibile entrare negli Stati Uniti senza visto. \u00e8 sufficiente richiedere un'ESTA ufficiale. Per ottenerlo sono necessarie alcune condizioni.","og_url":"https:\/\/123-esta.com\/it\/esta-ufficiale\/","og_site_name":"Formulaire ESTA pour les USA","article_modified_time":"2022-07-29T13:58:54+00:00","twitter_card":"summary_large_image","twitter_misc":{"Tempo di lettura stimato":"6 minuti"},"schema":{"@context":"https:\/\/schema.org","@graph":[{"@type":"WebPage","@id":"https:\/\/123-esta.com\/it\/esta-ufficiale\/","url":"https:\/\/123-esta.com\/it\/esta-ufficiale\/","name":"Viaggiare negli USA con l'ESTA ufficiale","isPartOf":{"@id":"https:\/\/123-esta.com\/it\/#website"},"datePublished":"2022-07-27T19:35:18+00:00","dateModified":"2022-07-29T13:58:54+00:00","description":"\u00c8 possibile entrare negli Stati Uniti senza visto. \u00e8 sufficiente richiedere un'ESTA ufficiale. Per ottenerlo sono necessarie alcune condizioni.","inLanguage":"it-IT","potentialAction":[{"@type":"ReadAction","target":["https:\/\/123-esta.com\/it\/esta-ufficiale\/"]}]},{"@type":"WebSite","@id":"https:\/\/123-esta.com\/it\/#website","url":"https:\/\/123-esta.com\/it\/","name":"Formulaire ESTA pour les USA","description":"","publisher":{"@id":"https:\/\/123-esta.com\/it\/#organization"},"potentialAction":[{"@type":"SearchAction","target":{"@type":"EntryPoint","urlTemplate":"https:\/\/123-esta.com\/it\/?s={search_term_string}"},"query-input":{"@type":"PropertyValueSpecification","valueRequired":true,"valueName":"search_term_string"}}],"inLanguage":"it-IT"},{"@type":"Organization","@id":"https:\/\/123-esta.com\/it\/#organization","name":"Formulaire ESTA pour les USA","url":"https:\/\/123-esta.com\/it\/","logo":{"@type":"ImageObject","inLanguage":"it-IT","@id":"https:\/\/123-esta.com\/it\/#\/schema\/logo\/image\/","url":"https:\/\/123-esta.com\/wp-content\/uploads\/2018\/03\/logo-123-esta.png","contentUrl":"https:\/\/123-esta.com\/wp-content\/uploads\/2018\/03\/logo-123-esta.png","width":191,"height":54,"caption":"Formulaire ESTA pour les USA"},"image":{"@id":"https:\/\/123-esta.com\/it\/#\/schema\/logo\/image\/"}}]}},"_links":{"self":[{"href":"https:\/\/123-esta.com\/it\/wp-json\/wp\/v2\/pages\/2462","targetHints":{"allow":["GET"]}}],"collection":[{"href":"https:\/\/123-esta.com\/it\/wp-json\/wp\/v2\/pages"}],"about":[{"href":"https:\/\/123-esta.com\/it\/wp-json\/wp\/v2\/types\/page"}],"author":[{"embeddable":true,"href":"https:\/\/123-esta.com\/it\/wp-json\/wp\/v2\/users\/1"}],"replies":[{"embeddable":true,"href":"https:\/\/123-esta.com\/it\/wp-json\/wp\/v2\/comments?post=2462"}],"version-history":[{"count":0,"href":"https:\/\/123-esta.com\/it\/wp-json\/wp\/v2\/pages\/2462\/revisions"}],"wp:attachment":[{"href":"https:\/\/123-esta.com\/it\/wp-json\/wp\/v2\/media?parent=2462"}],"curies":[{"name":"wp","href":"https:\/\/api.w.org\/{rel}","templated":true}]}}