{"id":2447,"date":"2022-07-27T21:35:17","date_gmt":"2022-07-27T19:35:17","guid":{"rendered":"https:\/\/123-esta.com\/stampa-formula-esta\/"},"modified":"2022-08-23T22:51:37","modified_gmt":"2022-08-23T20:51:37","slug":"stampa-formula-esta","status":"publish","type":"page","link":"https:\/\/123-esta.com\/it\/stampa-formula-esta\/","title":{"rendered":"Devo stampare il documento ESTA prima di recarmi negli Stati Uniti?"},"content":{"rendered":"\n<p>Una volta ottenuta l&#8217;autorizzazione, dopo aver <a href=\"https:\/\/123-esta.com\/it\/come-compilare-il-questionario-esta\/\">compilato il modulo ESTA<\/a>, vi verr\u00e0 assegnato un numero di ricevuta. \u00c8 questo il numero da conservare, soprattutto in caso di smarrimento. Naturalmente, \u00e8 possibile stampare il riepilogo e tenere con s\u00e9 i dati per il passaggio della dogana statunitense. Per essere valida, la copia deve contenere il numero di ricevuta assegnato all&#8217;autorizzazione.<\/p>\n\n<p>Quando si compila il questionario, i dati inseriti devono essere accurati e coerenti con le informazioni riportate sul passaporto, come il nome completo, la data di nascita, gli estremi del passaporto e la nazionalit\u00e0.<\/p>\n\n<p>Questo perch\u00e9 questi dati saranno presi in considerazione quando l&#8217;Ufficio doganale statunitense rilascer\u00e0 l&#8217;autorizzazione al viaggio. Quando si entra negli Stati Uniti, il passaporto viene scansionato e il sistema rileva automaticamente se \u00e8 stata concessa un&#8217;autorizzazione al viaggio. Un errore nei dati inseriti nel questionario ESTA vi impedir\u00e0 di entrare negli Stati Uniti.<\/p>\n\n<p>Poich\u00e9 le informazioni vengono ricevute in anticipo dal servizio doganale, il modulo non \u00e8 obbligatorio, ma le autorit\u00e0 competenti degli Stati Uniti consigliano vivamente di conservarne una copia durante il soggiorno. In questo modo, non sar\u00e0 difficile verificare il possesso dell&#8217;autorizzazione ESTA senza una connessione a Internet. Questa versione stampata costituisce una prova inconfutabile da tenere a portata di mano.<\/p>\n\n<h2 class=\"wp-block-heading\">Motivi per stampare il modulo ESTA<\/h2>\n\n<p>Anche se non \u00e8 obbligatorio, \u00e8 comunque consigliabile conservare una copia del modulo ESTA per assicurarsi che le informazioni fornite siano corrette. Le ragioni sono molteplici:<\/p>\n\n<ul class=\"wp-block-list\"><li>In caso di errore, sar\u00e0 pi\u00f9 facile scoprire in quale parte l&#8217;informazione \u00e8 sbagliata;<\/li><li>La copia del modulo ESTA vi servir\u00e0 per evitare problemi al momento della partenza e per aiutarvi in caso di problemi informatici o per rispondere alle domande dei funzionari dell&#8217;immigrazione americani;<\/li><li>la copia vi indicher\u00e0 la durata di validit\u00e0 dell&#8217;autorizzazione ESTA. \u00c8 ovviamente importante conoscere la data di scadenza.<\/li><\/ul>\n\n<p>In breve, questa copia potrebbe essere utile ovunque durante il vostro soggiorno sul suolo americano.<\/p>\n\n<h2 class=\"wp-block-heading\">Altre informazioni importanti<\/h2>\n\n<p>Quando si riceve l&#8217;autorizzazione ESTA, \u00e8 sempre consigliabile leggere attentamente le informazioni in essa contenute. Se si commette un errore, \u00e8 necessario segnalarlo immediatamente per evitare ulteriori problemi.<\/p>\n\n<p>Se si \u00e8 sicuri che le informazioni contenute nel passaporto siano corrette nell&#8217;autorizzazione ESTA, \u00e8 sufficiente stampare il documento. Come gi\u00e0 sottolineato in precedenza, questa procedura non \u00e8 obbligatoria ma \u00e8 consigliata.<\/p>\n\n<p>Se per qualche motivo non avete stampato il documento, \u00e8 importante avere a disposizione almeno il vostro numero di identificazione. Potrebbe essere richiesto al momento dell&#8217;imbarco.<\/p>\n","protected":false},"excerpt":{"rendered":"<p>Una volta ottenuta l&#8217;autorizzazione, dopo aver compilato il modulo ESTA, vi verr\u00e0 assegnato un numero di ricevuta. \u00c8 questo il numero da conservare, soprattutto in caso di smarrimento. Naturalmente, \u00e8 possibile stampare il riepilogo e tenere con s\u00e9 i dati per il passaggio della dogana statunitense. Per essere valida, la copia deve contenere il numero [&hellip;]<\/p>\n","protected":false},"author":1,"featured_media":0,"parent":0,"menu_order":0,"comment_status":"closed","ping_status":"closed","template":"","meta":{"site-sidebar-layout":"default","site-content-layout":"default","ast-site-content-layout":"default","site-content-style":"default","site-sidebar-style":"default","ast-global-header-display":"","ast-banner-title-visibility":"","ast-main-header-display":"","ast-hfb-above-header-display":"","ast-hfb-below-header-display":"","ast-hfb-mobile-header-display":"","site-post-title":"","ast-breadcrumbs-content":"","ast-featured-img":"","footer-sml-layout":"","ast-disable-related-posts":"","theme-transparent-header-meta":"default","adv-header-id-meta":"","stick-header-meta":"default","header-above-stick-meta":"","header-main-stick-meta":"","header-below-stick-meta":"","astra-migrate-meta-layouts":"default","ast-page-background-enabled":"default","ast-page-background-meta":{"desktop":{"background-color":"","background-image":"","background-repeat":"repeat","background-position":"center center","background-size":"auto","background-attachment":"scroll","background-type":"","background-media":"","overlay-type":"","overlay-color":"","overlay-opacity":"","overlay-gradient":""},"tablet":{"background-color":"","background-image":"","background-repeat":"repeat","background-position":"center center","background-size":"auto","background-attachment":"scroll","background-type":"","background-media":"","overlay-type":"","overlay-color":"","overlay-opacity":"","overlay-gradient":""},"mobile":{"background-color":"","background-image":"","background-repeat":"repeat","background-position":"center center","background-size":"auto","background-attachment":"scroll","background-type":"","background-media":"","overlay-type":"","overlay-color":"","overlay-opacity":"","overlay-gradient":""}},"ast-content-background-meta":{"desktop":{"background-color":"var(--ast-global-color-5)","background-image":"","background-repeat":"repeat","background-position":"center center","background-size":"auto","background-attachment":"scroll","background-type":"","background-media":"","overlay-type":"","overlay-color":"","overlay-opacity":"","overlay-gradient":""},"tablet":{"background-color":"var(--ast-global-color-5)","background-image":"","background-repeat":"repeat","background-position":"center center","background-size":"auto","background-attachment":"scroll","background-type":"","background-media":"","overlay-type":"","overlay-color":"","overlay-opacity":"","overlay-gradient":""},"mobile":{"background-color":"var(--ast-global-color-5)","background-image":"","background-repeat":"repeat","background-position":"center center","background-size":"auto","background-attachment":"scroll","background-type":"","background-media":"","overlay-type":"","overlay-color":"","overlay-opacity":"","overlay-gradient":""}},"footnotes":""},"class_list":["post-2447","page","type-page","status-publish","hentry"],"yoast_head":"<!-- This site is optimized with the Yoast SEO plugin v27.1.1 - https:\/\/yoast.com\/product\/yoast-seo-wordpress\/ -->\n<title>Devo stampare il documento ESTA prima di recarmi negli Stati Uniti?<\/title>\n<meta name=\"description\" content=\"La stampa del modulo di viaggio ESTA prima dell&#039;imbarco \u00e8 consigliata ma non obbligatoria. Guardiamo indietro al processo.\" \/>\n<meta name=\"robots\" content=\"index, follow, max-snippet:-1, max-image-preview:large, max-video-preview:-1\" \/>\n<link rel=\"canonical\" href=\"https:\/\/123-esta.com\/it\/stampa-formula-esta\/\" \/>\n<meta property=\"og:locale\" content=\"it_IT\" \/>\n<meta property=\"og:type\" content=\"article\" \/>\n<meta property=\"og:title\" content=\"Devo stampare il documento ESTA prima di recarmi negli Stati Uniti?\" \/>\n<meta property=\"og:description\" content=\"La stampa del modulo di viaggio ESTA prima dell&#039;imbarco \u00e8 consigliata ma non obbligatoria. Guardiamo indietro al processo.\" \/>\n<meta property=\"og:url\" content=\"https:\/\/123-esta.com\/it\/stampa-formula-esta\/\" \/>\n<meta property=\"og:site_name\" content=\"Formulaire ESTA pour les USA\" \/>\n<meta property=\"article:modified_time\" content=\"2022-08-23T20:51:37+00:00\" \/>\n<meta name=\"twitter:card\" content=\"summary_large_image\" \/>\n<meta name=\"twitter:label1\" content=\"Tempo di lettura stimato\" \/>\n\t<meta name=\"twitter:data1\" content=\"2 minuti\" \/>\n<script type=\"application\/ld+json\" class=\"yoast-schema-graph\">{\"@context\":\"https:\/\/schema.org\",\"@graph\":[{\"@type\":\"WebPage\",\"@id\":\"https:\/\/123-esta.com\/it\/stampa-formula-esta\/\",\"url\":\"https:\/\/123-esta.com\/it\/stampa-formula-esta\/\",\"name\":\"Devo stampare il documento ESTA prima di recarmi negli Stati Uniti?\",\"isPartOf\":{\"@id\":\"https:\/\/123-esta.com\/it\/#website\"},\"datePublished\":\"2022-07-27T19:35:17+00:00\",\"dateModified\":\"2022-08-23T20:51:37+00:00\",\"description\":\"La stampa del modulo di viaggio ESTA prima dell'imbarco \u00e8 consigliata ma non obbligatoria. Guardiamo indietro al processo.\",\"inLanguage\":\"it-IT\",\"potentialAction\":[{\"@type\":\"ReadAction\",\"target\":[\"https:\/\/123-esta.com\/it\/stampa-formula-esta\/\"]}]},{\"@type\":\"WebSite\",\"@id\":\"https:\/\/123-esta.com\/it\/#website\",\"url\":\"https:\/\/123-esta.com\/it\/\",\"name\":\"Formulaire ESTA pour les USA\",\"description\":\"\",\"publisher\":{\"@id\":\"https:\/\/123-esta.com\/it\/#organization\"},\"potentialAction\":[{\"@type\":\"SearchAction\",\"target\":{\"@type\":\"EntryPoint\",\"urlTemplate\":\"https:\/\/123-esta.com\/it\/?s={search_term_string}\"},\"query-input\":{\"@type\":\"PropertyValueSpecification\",\"valueRequired\":true,\"valueName\":\"search_term_string\"}}],\"inLanguage\":\"it-IT\"},{\"@type\":\"Organization\",\"@id\":\"https:\/\/123-esta.com\/it\/#organization\",\"name\":\"Formulaire ESTA pour les USA\",\"url\":\"https:\/\/123-esta.com\/it\/\",\"logo\":{\"@type\":\"ImageObject\",\"inLanguage\":\"it-IT\",\"@id\":\"https:\/\/123-esta.com\/it\/#\/schema\/logo\/image\/\",\"url\":\"https:\/\/123-esta.com\/wp-content\/uploads\/2018\/03\/logo-123-esta.png\",\"contentUrl\":\"https:\/\/123-esta.com\/wp-content\/uploads\/2018\/03\/logo-123-esta.png\",\"width\":191,\"height\":54,\"caption\":\"Formulaire ESTA pour les USA\"},\"image\":{\"@id\":\"https:\/\/123-esta.com\/it\/#\/schema\/logo\/image\/\"}}]}<\/script>\n<!-- \/ Yoast SEO plugin. -->","yoast_head_json":{"title":"Devo stampare il documento ESTA prima di recarmi negli Stati Uniti?","description":"La stampa del modulo di viaggio ESTA prima dell'imbarco \u00e8 consigliata ma non obbligatoria. Guardiamo indietro al processo.","robots":{"index":"index","follow":"follow","max-snippet":"max-snippet:-1","max-image-preview":"max-image-preview:large","max-video-preview":"max-video-preview:-1"},"canonical":"https:\/\/123-esta.com\/it\/stampa-formula-esta\/","og_locale":"it_IT","og_type":"article","og_title":"Devo stampare il documento ESTA prima di recarmi negli Stati Uniti?","og_description":"La stampa del modulo di viaggio ESTA prima dell'imbarco \u00e8 consigliata ma non obbligatoria. Guardiamo indietro al processo.","og_url":"https:\/\/123-esta.com\/it\/stampa-formula-esta\/","og_site_name":"Formulaire ESTA pour les USA","article_modified_time":"2022-08-23T20:51:37+00:00","twitter_card":"summary_large_image","twitter_misc":{"Tempo di lettura stimato":"2 minuti"},"schema":{"@context":"https:\/\/schema.org","@graph":[{"@type":"WebPage","@id":"https:\/\/123-esta.com\/it\/stampa-formula-esta\/","url":"https:\/\/123-esta.com\/it\/stampa-formula-esta\/","name":"Devo stampare il documento ESTA prima di recarmi negli Stati Uniti?","isPartOf":{"@id":"https:\/\/123-esta.com\/it\/#website"},"datePublished":"2022-07-27T19:35:17+00:00","dateModified":"2022-08-23T20:51:37+00:00","description":"La stampa del modulo di viaggio ESTA prima dell'imbarco \u00e8 consigliata ma non obbligatoria. Guardiamo indietro al processo.","inLanguage":"it-IT","potentialAction":[{"@type":"ReadAction","target":["https:\/\/123-esta.com\/it\/stampa-formula-esta\/"]}]},{"@type":"WebSite","@id":"https:\/\/123-esta.com\/it\/#website","url":"https:\/\/123-esta.com\/it\/","name":"Formulaire ESTA pour les USA","description":"","publisher":{"@id":"https:\/\/123-esta.com\/it\/#organization"},"potentialAction":[{"@type":"SearchAction","target":{"@type":"EntryPoint","urlTemplate":"https:\/\/123-esta.com\/it\/?s={search_term_string}"},"query-input":{"@type":"PropertyValueSpecification","valueRequired":true,"valueName":"search_term_string"}}],"inLanguage":"it-IT"},{"@type":"Organization","@id":"https:\/\/123-esta.com\/it\/#organization","name":"Formulaire ESTA pour les USA","url":"https:\/\/123-esta.com\/it\/","logo":{"@type":"ImageObject","inLanguage":"it-IT","@id":"https:\/\/123-esta.com\/it\/#\/schema\/logo\/image\/","url":"https:\/\/123-esta.com\/wp-content\/uploads\/2018\/03\/logo-123-esta.png","contentUrl":"https:\/\/123-esta.com\/wp-content\/uploads\/2018\/03\/logo-123-esta.png","width":191,"height":54,"caption":"Formulaire ESTA pour les USA"},"image":{"@id":"https:\/\/123-esta.com\/it\/#\/schema\/logo\/image\/"}}]}},"_links":{"self":[{"href":"https:\/\/123-esta.com\/it\/wp-json\/wp\/v2\/pages\/2447","targetHints":{"allow":["GET"]}}],"collection":[{"href":"https:\/\/123-esta.com\/it\/wp-json\/wp\/v2\/pages"}],"about":[{"href":"https:\/\/123-esta.com\/it\/wp-json\/wp\/v2\/types\/page"}],"author":[{"embeddable":true,"href":"https:\/\/123-esta.com\/it\/wp-json\/wp\/v2\/users\/1"}],"replies":[{"embeddable":true,"href":"https:\/\/123-esta.com\/it\/wp-json\/wp\/v2\/comments?post=2447"}],"version-history":[{"count":0,"href":"https:\/\/123-esta.com\/it\/wp-json\/wp\/v2\/pages\/2447\/revisions"}],"wp:attachment":[{"href":"https:\/\/123-esta.com\/it\/wp-json\/wp\/v2\/media?parent=2447"}],"curies":[{"name":"wp","href":"https:\/\/api.w.org\/{rel}","templated":true}]}}