{"id":2432,"date":"2022-07-27T21:35:14","date_gmt":"2022-07-27T19:35:14","guid":{"rendered":"https:\/\/123-esta.com\/validita-esta\/"},"modified":"2022-09-19T17:06:11","modified_gmt":"2022-09-19T15:06:11","slug":"tutto-sulla-validita-esta","status":"publish","type":"page","link":"https:\/\/123-esta.com\/it\/tutto-sulla-validita-esta\/","title":{"rendered":"Tutto sulla validit\u00e0 dell&#8217;autorizzazione di viaggio ESTA"},"content":{"rendered":"\n<p>L&#8217;ESTA \u00e8 il modo migliore per recarsi negli Stati Uniti grazie al Visa Waiver Programme, di cui beneficiano i cittadini di 40 Paesi in tutto il mondo.<\/p>\n\n<p>Questa autorizzazione di viaggio, nota anche come <a href=\"https:\/\/123-esta.com\/it\/cose-esta-per-gli-stati-uniti\/\">visto ESTA USA<\/a>, \u00e8 molto popolare tra i viaggiatori che desiderano recarsi in vacanza negli Stati Uniti. Tuttavia, questo documento non \u00e8 valido a tempo indeterminato. Torneremo in dettaglio sulla validit\u00e0 dell&#8217;ESTA, su cosa vi permette di fare e in che misura.<\/p>\n\n<h2 class=\"wp-block-heading\">Per quanto tempo \u00e8 valido l&#8217;ESTA?<\/h2>\n\n<p>L&#8217;autorizzazione al viaggio negli Stati Uniti \u00e8 limitata nel tempo: l&#8217;<a href=\"https:\/\/123-esta.com\/it\/superamento-della-data-limite-per-il-soggiorno-negli-stati-uniti\/\">ESTA<\/a> ha una durata di 2 anni dalla data di rilascio. Durante questo periodo, \u00e8 possibile effettuare pi\u00f9 viaggi negli Stati Uniti con un&#8217;unica autorizzazione.<\/p>\n\n<p>Tuttavia, dovete assicurarvi di soddisfare alcune condizioni: i vostri soggiorni non devono superare i 90 giorni consecutivi e devono essere effettuati per turismo o per affari (ma non per remunerazione). Dopodich\u00e9, dovete lasciare gli Stati Uniti prima di rientrare dopo un periodo di tempo ragionevole, in modo che la dogana non sospetti che siate residenti illegalmente negli Stati Uniti. Questo periodo deve essere preso molto seriamente, poich\u00e9 la confusione tra 90 giorni e 3 mesi pu\u00f2 avvenire rapidamente (soprattutto nel caso dei mesi dispari). Inoltre, per verificare la validit\u00e0 dell&#8217;ESTA, \u00e8 sufficiente consultare il documento, su cui \u00e8 riportata la data.<\/p>\n\n<p>Una volta scaduta la validit\u00e0 dell&#8217;ESTA, non \u00e8 possibile richiedere il <a href=\"https:\/\/123-esta.com\/it\/a-quando-deve-richiedere-il-rinnovo-esta\/\">rinnovo<\/a> della stessa autorizzazione. \u00c8 obbligatorio presentare una nuova richiesta ESTA per poter viaggiare legalmente negli Stati Uniti.<\/p>\n\n<h2 class=\"wp-block-heading\">Validit\u00e0 dell&#8217;ESTA dopo un cambio di passaporto<\/h2>\n\n<p>Sebbene l&#8217;ESTA sia valido per due anni, in realt\u00e0 pu\u00f2 scadere molto prima. Al momento della presentazione della domanda, vi verr\u00e0 chiesto di compilare un modulo che vi chieder\u00e0 di fornire informazioni sul vostro stato civile, sul vostro passaporto o sul vostro soggiorno negli Stati Uniti. Tutte queste informazioni consentono al governo degli Stati Uniti di identificarvi e di stabilire se siete autorizzati o meno a presentarvi alla frontiera americana. Come si pu\u00f2 notare, il periodo di validit\u00e0 dell&#8217;ESTA non dipende solo dal calendario.<\/p>\n\n<p>Spesso capita che alcune informazioni cambino (cambio di passaporto, stato civile, ecc.). Pertanto, se cambiate il <a href=\"https:\/\/123-esta.com\/it\/esta-usa-passaporto\/\">passaporto USA<\/a> entro il periodo di due anni, vi verr\u00e0 assegnato un nuovo numero di identificazione che non corrisponder\u00e0 pi\u00f9 a quello dell&#8217;autorizzazione al viaggio. La validit\u00e0 dell&#8217;ESTA sar\u00e0 quindi invalidata agli occhi delle autorit\u00e0 americane.<\/p>\n\n<p>In questo caso, per aggiornare i vostri dati, non avrete altra scelta che rinnovare il passaporto prima di richiedere una nuova autorizzazione al viaggio, e non il contrario!<\/p>\n\n<p>Questi due documenti sono tra le poche <a href=\"https:\/\/123-esta.com\/it\/formalita-usa\/\">formalit\u00e0 statunitensi<\/a> richieste per entrare negli Stati <a href=\"https:\/\/123-esta.com\/it\/formalita-usa\/\">Uniti<\/a>. Se i vostri documenti non sono in regola, il governo statunitense vi rifiuter\u00e0 sicuramente l&#8217;ingresso.<\/p>\n\n<p>Assicuratevi quindi che sia l&#8217;ESTA che il passaporto siano validi prima di pianificare in modo pi\u00f9 dettagliato il vostro soggiorno negli Stati Uniti.<\/p>\n","protected":false},"excerpt":{"rendered":"<p>L&#8217;ESTA \u00e8 il modo migliore per recarsi negli Stati Uniti grazie al Visa Waiver Programme, di cui beneficiano i cittadini di 40 Paesi in tutto il mondo. Questa autorizzazione di viaggio, nota anche come visto ESTA USA, \u00e8 molto popolare tra i viaggiatori che desiderano recarsi in vacanza negli Stati Uniti. Tuttavia, questo documento non [&hellip;]<\/p>\n","protected":false},"author":1,"featured_media":0,"parent":0,"menu_order":0,"comment_status":"closed","ping_status":"closed","template":"","meta":{"site-sidebar-layout":"default","site-content-layout":"default","ast-site-content-layout":"default","site-content-style":"default","site-sidebar-style":"default","ast-global-header-display":"","ast-banner-title-visibility":"","ast-main-header-display":"","ast-hfb-above-header-display":"","ast-hfb-below-header-display":"","ast-hfb-mobile-header-display":"","site-post-title":"","ast-breadcrumbs-content":"","ast-featured-img":"","footer-sml-layout":"","ast-disable-related-posts":"","theme-transparent-header-meta":"default","adv-header-id-meta":"","stick-header-meta":"default","header-above-stick-meta":"","header-main-stick-meta":"","header-below-stick-meta":"","astra-migrate-meta-layouts":"default","ast-page-background-enabled":"default","ast-page-background-meta":{"desktop":{"background-color":"","background-image":"","background-repeat":"repeat","background-position":"center center","background-size":"auto","background-attachment":"scroll","background-type":"","background-media":"","overlay-type":"","overlay-color":"","overlay-opacity":"","overlay-gradient":""},"tablet":{"background-color":"","background-image":"","background-repeat":"repeat","background-position":"center center","background-size":"auto","background-attachment":"scroll","background-type":"","background-media":"","overlay-type":"","overlay-color":"","overlay-opacity":"","overlay-gradient":""},"mobile":{"background-color":"","background-image":"","background-repeat":"repeat","background-position":"center center","background-size":"auto","background-attachment":"scroll","background-type":"","background-media":"","overlay-type":"","overlay-color":"","overlay-opacity":"","overlay-gradient":""}},"ast-content-background-meta":{"desktop":{"background-color":"var(--ast-global-color-5)","background-image":"","background-repeat":"repeat","background-position":"center center","background-size":"auto","background-attachment":"scroll","background-type":"","background-media":"","overlay-type":"","overlay-color":"","overlay-opacity":"","overlay-gradient":""},"tablet":{"background-color":"var(--ast-global-color-5)","background-image":"","background-repeat":"repeat","background-position":"center center","background-size":"auto","background-attachment":"scroll","background-type":"","background-media":"","overlay-type":"","overlay-color":"","overlay-opacity":"","overlay-gradient":""},"mobile":{"background-color":"var(--ast-global-color-5)","background-image":"","background-repeat":"repeat","background-position":"center center","background-size":"auto","background-attachment":"scroll","background-type":"","background-media":"","overlay-type":"","overlay-color":"","overlay-opacity":"","overlay-gradient":""}},"footnotes":""},"class_list":["post-2432","page","type-page","status-publish","hentry"],"yoast_head":"<!-- This site is optimized with the Yoast SEO plugin v27.1.1 - https:\/\/yoast.com\/product\/yoast-seo-wordpress\/ -->\n<title>Tutto sulla validit\u00e0 dell&#039;autorizzazione di viaggio ESTA<\/title>\n<meta name=\"description\" content=\"Non \u00e8 necessario richiedere l&#039;autorizzazione ESTA ogni volta che ci si reca negli Stati Uniti. L&#039;ESTA \u00e8 valido per diversi anni.\" \/>\n<meta name=\"robots\" content=\"index, follow, max-snippet:-1, max-image-preview:large, max-video-preview:-1\" \/>\n<link rel=\"canonical\" href=\"https:\/\/123-esta.com\/it\/tutto-sulla-validita-esta\/\" \/>\n<meta property=\"og:locale\" content=\"it_IT\" \/>\n<meta property=\"og:type\" content=\"article\" \/>\n<meta property=\"og:title\" content=\"Tutto sulla validit\u00e0 dell&#039;autorizzazione di viaggio ESTA\" \/>\n<meta property=\"og:description\" content=\"Non \u00e8 necessario richiedere l&#039;autorizzazione ESTA ogni volta che ci si reca negli Stati Uniti. L&#039;ESTA \u00e8 valido per diversi anni.\" \/>\n<meta property=\"og:url\" content=\"https:\/\/123-esta.com\/it\/tutto-sulla-validita-esta\/\" \/>\n<meta property=\"og:site_name\" content=\"Formulaire ESTA pour les USA\" \/>\n<meta property=\"article:modified_time\" content=\"2022-09-19T15:06:11+00:00\" \/>\n<meta name=\"twitter:card\" content=\"summary_large_image\" \/>\n<meta name=\"twitter:label1\" content=\"Tempo di lettura stimato\" \/>\n\t<meta name=\"twitter:data1\" content=\"2 minuti\" \/>\n<script type=\"application\/ld+json\" class=\"yoast-schema-graph\">{\"@context\":\"https:\/\/schema.org\",\"@graph\":[{\"@type\":\"WebPage\",\"@id\":\"https:\/\/123-esta.com\/it\/tutto-sulla-validita-esta\/\",\"url\":\"https:\/\/123-esta.com\/it\/tutto-sulla-validita-esta\/\",\"name\":\"Tutto sulla validit\u00e0 dell'autorizzazione di viaggio ESTA\",\"isPartOf\":{\"@id\":\"https:\/\/123-esta.com\/it\/#website\"},\"datePublished\":\"2022-07-27T19:35:14+00:00\",\"dateModified\":\"2022-09-19T15:06:11+00:00\",\"description\":\"Non \u00e8 necessario richiedere l'autorizzazione ESTA ogni volta che ci si reca negli Stati Uniti. L'ESTA \u00e8 valido per diversi anni.\",\"inLanguage\":\"it-IT\",\"potentialAction\":[{\"@type\":\"ReadAction\",\"target\":[\"https:\/\/123-esta.com\/it\/tutto-sulla-validita-esta\/\"]}]},{\"@type\":\"WebSite\",\"@id\":\"https:\/\/123-esta.com\/it\/#website\",\"url\":\"https:\/\/123-esta.com\/it\/\",\"name\":\"Formulaire ESTA pour les USA\",\"description\":\"\",\"publisher\":{\"@id\":\"https:\/\/123-esta.com\/it\/#organization\"},\"potentialAction\":[{\"@type\":\"SearchAction\",\"target\":{\"@type\":\"EntryPoint\",\"urlTemplate\":\"https:\/\/123-esta.com\/it\/?s={search_term_string}\"},\"query-input\":{\"@type\":\"PropertyValueSpecification\",\"valueRequired\":true,\"valueName\":\"search_term_string\"}}],\"inLanguage\":\"it-IT\"},{\"@type\":\"Organization\",\"@id\":\"https:\/\/123-esta.com\/it\/#organization\",\"name\":\"Formulaire ESTA pour les USA\",\"url\":\"https:\/\/123-esta.com\/it\/\",\"logo\":{\"@type\":\"ImageObject\",\"inLanguage\":\"it-IT\",\"@id\":\"https:\/\/123-esta.com\/it\/#\/schema\/logo\/image\/\",\"url\":\"https:\/\/123-esta.com\/wp-content\/uploads\/2018\/03\/logo-123-esta.png\",\"contentUrl\":\"https:\/\/123-esta.com\/wp-content\/uploads\/2018\/03\/logo-123-esta.png\",\"width\":191,\"height\":54,\"caption\":\"Formulaire ESTA pour les USA\"},\"image\":{\"@id\":\"https:\/\/123-esta.com\/it\/#\/schema\/logo\/image\/\"}}]}<\/script>\n<!-- \/ Yoast SEO plugin. -->","yoast_head_json":{"title":"Tutto sulla validit\u00e0 dell'autorizzazione di viaggio ESTA","description":"Non \u00e8 necessario richiedere l'autorizzazione ESTA ogni volta che ci si reca negli Stati Uniti. L'ESTA \u00e8 valido per diversi anni.","robots":{"index":"index","follow":"follow","max-snippet":"max-snippet:-1","max-image-preview":"max-image-preview:large","max-video-preview":"max-video-preview:-1"},"canonical":"https:\/\/123-esta.com\/it\/tutto-sulla-validita-esta\/","og_locale":"it_IT","og_type":"article","og_title":"Tutto sulla validit\u00e0 dell'autorizzazione di viaggio ESTA","og_description":"Non \u00e8 necessario richiedere l'autorizzazione ESTA ogni volta che ci si reca negli Stati Uniti. L'ESTA \u00e8 valido per diversi anni.","og_url":"https:\/\/123-esta.com\/it\/tutto-sulla-validita-esta\/","og_site_name":"Formulaire ESTA pour les USA","article_modified_time":"2022-09-19T15:06:11+00:00","twitter_card":"summary_large_image","twitter_misc":{"Tempo di lettura stimato":"2 minuti"},"schema":{"@context":"https:\/\/schema.org","@graph":[{"@type":"WebPage","@id":"https:\/\/123-esta.com\/it\/tutto-sulla-validita-esta\/","url":"https:\/\/123-esta.com\/it\/tutto-sulla-validita-esta\/","name":"Tutto sulla validit\u00e0 dell'autorizzazione di viaggio ESTA","isPartOf":{"@id":"https:\/\/123-esta.com\/it\/#website"},"datePublished":"2022-07-27T19:35:14+00:00","dateModified":"2022-09-19T15:06:11+00:00","description":"Non \u00e8 necessario richiedere l'autorizzazione ESTA ogni volta che ci si reca negli Stati Uniti. L'ESTA \u00e8 valido per diversi anni.","inLanguage":"it-IT","potentialAction":[{"@type":"ReadAction","target":["https:\/\/123-esta.com\/it\/tutto-sulla-validita-esta\/"]}]},{"@type":"WebSite","@id":"https:\/\/123-esta.com\/it\/#website","url":"https:\/\/123-esta.com\/it\/","name":"Formulaire ESTA pour les USA","description":"","publisher":{"@id":"https:\/\/123-esta.com\/it\/#organization"},"potentialAction":[{"@type":"SearchAction","target":{"@type":"EntryPoint","urlTemplate":"https:\/\/123-esta.com\/it\/?s={search_term_string}"},"query-input":{"@type":"PropertyValueSpecification","valueRequired":true,"valueName":"search_term_string"}}],"inLanguage":"it-IT"},{"@type":"Organization","@id":"https:\/\/123-esta.com\/it\/#organization","name":"Formulaire ESTA pour les USA","url":"https:\/\/123-esta.com\/it\/","logo":{"@type":"ImageObject","inLanguage":"it-IT","@id":"https:\/\/123-esta.com\/it\/#\/schema\/logo\/image\/","url":"https:\/\/123-esta.com\/wp-content\/uploads\/2018\/03\/logo-123-esta.png","contentUrl":"https:\/\/123-esta.com\/wp-content\/uploads\/2018\/03\/logo-123-esta.png","width":191,"height":54,"caption":"Formulaire ESTA pour les USA"},"image":{"@id":"https:\/\/123-esta.com\/it\/#\/schema\/logo\/image\/"}}]}},"_links":{"self":[{"href":"https:\/\/123-esta.com\/it\/wp-json\/wp\/v2\/pages\/2432","targetHints":{"allow":["GET"]}}],"collection":[{"href":"https:\/\/123-esta.com\/it\/wp-json\/wp\/v2\/pages"}],"about":[{"href":"https:\/\/123-esta.com\/it\/wp-json\/wp\/v2\/types\/page"}],"author":[{"embeddable":true,"href":"https:\/\/123-esta.com\/it\/wp-json\/wp\/v2\/users\/1"}],"replies":[{"embeddable":true,"href":"https:\/\/123-esta.com\/it\/wp-json\/wp\/v2\/comments?post=2432"}],"version-history":[{"count":0,"href":"https:\/\/123-esta.com\/it\/wp-json\/wp\/v2\/pages\/2432\/revisions"}],"wp:attachment":[{"href":"https:\/\/123-esta.com\/it\/wp-json\/wp\/v2\/media?parent=2432"}],"curies":[{"name":"wp","href":"https:\/\/api.w.org\/{rel}","templated":true}]}}