{"id":2428,"date":"2022-07-27T21:34:47","date_gmt":"2022-07-27T19:34:47","guid":{"rendered":"https:\/\/123-esta.com\/come-compilare-il-questionario-isa\/"},"modified":"2022-08-23T22:24:12","modified_gmt":"2022-08-23T20:24:12","slug":"come-compilare-il-questionario-esta","status":"publish","type":"page","link":"https:\/\/123-esta.com\/it\/come-compilare-il-questionario-esta\/","title":{"rendered":"Come compilare correttamente il questionario ESTA?"},"content":{"rendered":"\n<p>Avete intenzione di trascorrere le vostre prossime vacanze oltreoceano e visitare gli Stati Uniti? Che si tratti di un viaggio a New York o di un viaggio on the road attraverso l&#8217;Ovest americano, ci sono alcune formalit\u00e0 da sbrigare prima di partire e intraprendere l&#8217;avventura.<\/p>\n\n<p>Tra l&#8217;altro, \u00e8 necessario richiedere un <a href=\"https:\/\/123-esta.com\/it\/cose-esta-per-gli-stati-uniti\/\">visto ESTA USA<\/a>, noto anche come autorizzazione ESTA! Se siete idonei a questo programma di viaggio senza visto, dovrete compilare il <a href=\"https:\/\/123-esta.com\/it\/domande-di-idoneita-per-il-modulo-esta\/\">questionario ESTA<\/a>. Idealmente, il prima possibile e non oltre 72 ore prima della partenza. I rifiuti sono rari, ma se il permesso non viene concesso, dovrete ripresentare la domanda 10 giorni dopo il rifiuto o rivolgervi all&#8217;ambasciata statunitense per la richiesta del visto.<\/p>\n\n<p>La domanda di autorizzazione si presenta sotto forma di modulo online, disponibile solo su Internet. Per evitare delusioni, vi presentiamo in dettaglio il questionario per gli Stati Uniti.<\/p>\n\n<p><a href=\"https:\/\/123-esta.com\/it\/forma-esta\/\">Compilare<\/a> il modulo di domanda online non \u00e8 un&#8217;impresa da poco. Tuttavia, il sito web del governo statunitense indica che la compilazione del questionario ESTA richiede circa 20 minuti. Assicuratevi di avere il passaporto a portata di mano. Siete pronti? Andiamo!<\/p>\n\n<h2 class=\"wp-block-heading\">Per chi \u00e8 il questionario USA?<\/h2>\n\n<p>Prima di iniziare a compilare il questionario per gli Stati Uniti, \u00e8 importante ricordare i requisiti di idoneit\u00e0 per il Programma Viaggio senza Visto (VWP):<\/p>\n\n<ul class=\"wp-block-list\"><li>essere in possesso di un passaporto biometrico o elettronico valido per l&#8217;intero soggiorno negli Stati Uniti;<\/li><li>non soggiornare per pi\u00f9 di 90 giorni consecutivi;<\/li><li>recarsi negli Stati Uniti per via aerea o marittima utilizzando una compagnia approvata dalle autorit\u00e0 statunitensi;<\/li><li>essere cittadino di uno dei 40 Paesi membri del Programma Viaggio senza Visto (VWP) per gli Stati Uniti;<\/li><li>viaggi per turismo, affari o transito.<\/li><\/ul>\n\n<p>Controllate tutti questi criteri? Non aspettate oltre per compilare il vostro questionario ESTA!<\/p>\n\n<h2 class=\"wp-block-heading\">Il questionario ESTA e il suo modulo in pi\u00f9 parti<\/h2>\n\n<p>Sia che si faccia domanda sul sito ufficiale del governo degli Stati Uniti o su un sito privato, le domande poste saranno pi\u00f9 o meno le stesse. Il modulo ESTA \u00e8 composto da quattro parti distinte. L&#8217;inglese non \u00e8 il tuo punto forte? Non preoccupatevi, per la domanda ESTA le domande sono in francese.<\/p>\n\n<p>Il primo \u00e8 costituito dai vostri dati personali, come riportati sul passaporto: cognome, nome, sesso, data e luogo di nascita, paese di origine, nazionalit\u00e0 e informazioni di contatto. Tutte queste informazioni consentono al Dipartimento di Sicurezza Nazionale di conoscere l&#8217;identit\u00e0 delle persone che desiderano recarsi negli Stati Uniti.<\/p>\n\n<p>Nota per le donne sposate: il cognome riportato sull&#8217;ESTA deve essere lo stesso del passaporto. Se non avete rinnovato il passaporto da quando vi siete sposati, dovrete indicare il vostro cognome da nubile. I cognomi devono essere coerenti su entrambi i documenti<\/p>\n\n<p>Segue la seconda parte relativa alle informazioni specifiche del passaporto. Vi verr\u00e0 chiesto, tra l&#8217;altro, il numero del passaporto, la data di emissione e la data di scadenza.<br\/>Questa sezione \u00e8 seguita da una terza parte in cui vengono richieste informazioni sul vostro soggiorno negli Stati Uniti (indirizzo e dati di contatto). Se non avete ancora prenotato l&#8217;hotel o state pianificando un viaggio in auto, non c&#8217;\u00e8 problema: questi campi non sono obbligatori per sperare di mettere piede sul suolo americano.<\/p>\n\n<p>Infine, vi verr\u00e0 posta una serie di domande &#8220;s\u00ec o no&#8221; sulla vostra salute e sulla vostra fedina penale. Queste domande consentono al governo degli Stati Uniti di stabilire se il candidato rappresenta una minaccia per la sicurezza interna del Paese. \u00c8 consigliabile rispondere &#8220;no&#8221; a tutte queste domande, ma in ogni caso bisogna essere il pi\u00f9 onesti possibile quando si compila il questionario ESTA. Una falsa dichiarazione potrebbe causare danni e gli Stati Uniti potrebbero vietare a vita l&#8217;ingresso nel loro territorio.<br\/>Una volta compilato il modulo, dovrete pagare una tassa di elaborazione. Lo <a href=\"https:\/\/123-esta.com\/it\/spiegazioni-sui-diversi-stati-di-esta\/\">stato dell&#8217;ESTA<\/a> verr\u00e0 trasmesso entro 72 ore (ESTA concesso, <a href=\"https:\/\/123-esta.com\/it\/cosa-fare-se-la-domanda-esta-e-in-attesa\/\">ESTA in attesa<\/a> o ESTA negato).<\/p>\n\n<h2 class=\"wp-block-heading\">Una terza persona pu\u00f2 compilare un modulo ESTA?<\/h2>\n\n<p>Chiunque desideri recarsi negli Stati Uniti deve avere un&#8217;autorizzazione preventiva al viaggio. Questo obbligo vale sia per gli adulti che per i bambini. Cos\u00ec come un minore deve avere un proprio passaporto valido, un bambino o una bambina devono avere un ESTA a loro nome, anche se non sono in grado di richiederlo da soli.<\/p>\n\n<p>Il sistema americano \u00e8 ben rodato, poich\u00e9 il modulo ESTA consente di presentare pi\u00f9 domande in una sola! Per un viaggio in famiglia di quattro persone, ad esempio, i genitori possono richiedere un <a href=\"https:\/\/123-esta.com\/it\/esta-per-bambini\/\">ESTA per i figli<\/a> contemporaneamente al proprio. In questo modo si risparmia molto tempo e si lascia pi\u00f9 tempo per preparare e organizzare il viaggio negli Stati Uniti.<br\/>Allo stesso modo, i viaggiatori con problemi di salute mentale potrebbero non essere in grado di compilare il questionario da soli e potrebbero richiedere l&#8217;assistenza di una terza persona. La persona responsabile deve quindi spuntare la casella prevista.<\/p>\n\n<p>Non dimenticate che potete <a href=\"https:\/\/123-esta.com\/it\/stampa-formula-esta\/\">stampare il vostro ESTA<\/a> se volete essere sicuri di non incontrare problemi all&#8217;immigrazione statunitense.<\/p>\n","protected":false},"excerpt":{"rendered":"<p>Avete intenzione di trascorrere le vostre prossime vacanze oltreoceano e visitare gli Stati Uniti? Che si tratti di un viaggio a New York o di un viaggio on the road attraverso l&#8217;Ovest americano, ci sono alcune formalit\u00e0 da sbrigare prima di partire e intraprendere l&#8217;avventura. Tra l&#8217;altro, \u00e8 necessario richiedere un visto ESTA USA, noto [&hellip;]<\/p>\n","protected":false},"author":1,"featured_media":0,"parent":0,"menu_order":0,"comment_status":"closed","ping_status":"closed","template":"","meta":{"site-sidebar-layout":"default","site-content-layout":"default","ast-site-content-layout":"default","site-content-style":"default","site-sidebar-style":"default","ast-global-header-display":"","ast-banner-title-visibility":"","ast-main-header-display":"","ast-hfb-above-header-display":"","ast-hfb-below-header-display":"","ast-hfb-mobile-header-display":"","site-post-title":"","ast-breadcrumbs-content":"","ast-featured-img":"","footer-sml-layout":"","ast-disable-related-posts":"","theme-transparent-header-meta":"default","adv-header-id-meta":"","stick-header-meta":"default","header-above-stick-meta":"","header-main-stick-meta":"","header-below-stick-meta":"","astra-migrate-meta-layouts":"default","ast-page-background-enabled":"default","ast-page-background-meta":{"desktop":{"background-color":"","background-image":"","background-repeat":"repeat","background-position":"center center","background-size":"auto","background-attachment":"scroll","background-type":"","background-media":"","overlay-type":"","overlay-color":"","overlay-opacity":"","overlay-gradient":""},"tablet":{"background-color":"","background-image":"","background-repeat":"repeat","background-position":"center center","background-size":"auto","background-attachment":"scroll","background-type":"","background-media":"","overlay-type":"","overlay-color":"","overlay-opacity":"","overlay-gradient":""},"mobile":{"background-color":"","background-image":"","background-repeat":"repeat","background-position":"center center","background-size":"auto","background-attachment":"scroll","background-type":"","background-media":"","overlay-type":"","overlay-color":"","overlay-opacity":"","overlay-gradient":""}},"ast-content-background-meta":{"desktop":{"background-color":"var(--ast-global-color-5)","background-image":"","background-repeat":"repeat","background-position":"center center","background-size":"auto","background-attachment":"scroll","background-type":"","background-media":"","overlay-type":"","overlay-color":"","overlay-opacity":"","overlay-gradient":""},"tablet":{"background-color":"var(--ast-global-color-5)","background-image":"","background-repeat":"repeat","background-position":"center center","background-size":"auto","background-attachment":"scroll","background-type":"","background-media":"","overlay-type":"","overlay-color":"","overlay-opacity":"","overlay-gradient":""},"mobile":{"background-color":"var(--ast-global-color-5)","background-image":"","background-repeat":"repeat","background-position":"center center","background-size":"auto","background-attachment":"scroll","background-type":"","background-media":"","overlay-type":"","overlay-color":"","overlay-opacity":"","overlay-gradient":""}},"footnotes":""},"class_list":["post-2428","page","type-page","status-publish","hentry"],"yoast_head":"<!-- This site is optimized with the Yoast SEO plugin v27.1.1 - https:\/\/yoast.com\/product\/yoast-seo-wordpress\/ -->\n<title>Come compilare correttamente il questionario ESTA?<\/title>\n<meta name=\"description\" content=\"Aiuto per il questionario ESTA: quali sono le informazioni richieste nel modulo sul viaggiatore e sul passaporto?\" \/>\n<meta name=\"robots\" content=\"index, follow, max-snippet:-1, max-image-preview:large, max-video-preview:-1\" \/>\n<link rel=\"canonical\" href=\"https:\/\/123-esta.com\/it\/come-compilare-il-questionario-esta\/\" \/>\n<meta property=\"og:locale\" content=\"it_IT\" \/>\n<meta property=\"og:type\" content=\"article\" \/>\n<meta property=\"og:title\" content=\"Come compilare correttamente il questionario ESTA?\" \/>\n<meta property=\"og:description\" content=\"Aiuto per il questionario ESTA: quali sono le informazioni richieste nel modulo sul viaggiatore e sul passaporto?\" \/>\n<meta property=\"og:url\" content=\"https:\/\/123-esta.com\/it\/come-compilare-il-questionario-esta\/\" \/>\n<meta property=\"og:site_name\" content=\"Formulaire ESTA pour les USA\" \/>\n<meta property=\"article:modified_time\" content=\"2022-08-23T20:24:12+00:00\" \/>\n<meta name=\"twitter:card\" content=\"summary_large_image\" \/>\n<meta name=\"twitter:label1\" content=\"Tempo di lettura stimato\" \/>\n\t<meta name=\"twitter:data1\" content=\"4 minuti\" \/>\n<script type=\"application\/ld+json\" class=\"yoast-schema-graph\">{\"@context\":\"https:\/\/schema.org\",\"@graph\":[{\"@type\":\"WebPage\",\"@id\":\"https:\/\/123-esta.com\/it\/come-compilare-il-questionario-esta\/\",\"url\":\"https:\/\/123-esta.com\/it\/come-compilare-il-questionario-esta\/\",\"name\":\"Come compilare correttamente il questionario ESTA?\",\"isPartOf\":{\"@id\":\"https:\/\/123-esta.com\/it\/#website\"},\"datePublished\":\"2022-07-27T19:34:47+00:00\",\"dateModified\":\"2022-08-23T20:24:12+00:00\",\"description\":\"Aiuto per il questionario ESTA: quali sono le informazioni richieste nel modulo sul viaggiatore e sul passaporto?\",\"inLanguage\":\"it-IT\",\"potentialAction\":[{\"@type\":\"ReadAction\",\"target\":[\"https:\/\/123-esta.com\/it\/come-compilare-il-questionario-esta\/\"]}]},{\"@type\":\"WebSite\",\"@id\":\"https:\/\/123-esta.com\/it\/#website\",\"url\":\"https:\/\/123-esta.com\/it\/\",\"name\":\"Formulaire ESTA pour les USA\",\"description\":\"\",\"publisher\":{\"@id\":\"https:\/\/123-esta.com\/it\/#organization\"},\"potentialAction\":[{\"@type\":\"SearchAction\",\"target\":{\"@type\":\"EntryPoint\",\"urlTemplate\":\"https:\/\/123-esta.com\/it\/?s={search_term_string}\"},\"query-input\":{\"@type\":\"PropertyValueSpecification\",\"valueRequired\":true,\"valueName\":\"search_term_string\"}}],\"inLanguage\":\"it-IT\"},{\"@type\":\"Organization\",\"@id\":\"https:\/\/123-esta.com\/it\/#organization\",\"name\":\"Formulaire ESTA pour les USA\",\"url\":\"https:\/\/123-esta.com\/it\/\",\"logo\":{\"@type\":\"ImageObject\",\"inLanguage\":\"it-IT\",\"@id\":\"https:\/\/123-esta.com\/it\/#\/schema\/logo\/image\/\",\"url\":\"https:\/\/123-esta.com\/wp-content\/uploads\/2018\/03\/logo-123-esta.png\",\"contentUrl\":\"https:\/\/123-esta.com\/wp-content\/uploads\/2018\/03\/logo-123-esta.png\",\"width\":191,\"height\":54,\"caption\":\"Formulaire ESTA pour les USA\"},\"image\":{\"@id\":\"https:\/\/123-esta.com\/it\/#\/schema\/logo\/image\/\"}}]}<\/script>\n<!-- \/ Yoast SEO plugin. -->","yoast_head_json":{"title":"Come compilare correttamente il questionario ESTA?","description":"Aiuto per il questionario ESTA: quali sono le informazioni richieste nel modulo sul viaggiatore e sul passaporto?","robots":{"index":"index","follow":"follow","max-snippet":"max-snippet:-1","max-image-preview":"max-image-preview:large","max-video-preview":"max-video-preview:-1"},"canonical":"https:\/\/123-esta.com\/it\/come-compilare-il-questionario-esta\/","og_locale":"it_IT","og_type":"article","og_title":"Come compilare correttamente il questionario ESTA?","og_description":"Aiuto per il questionario ESTA: quali sono le informazioni richieste nel modulo sul viaggiatore e sul passaporto?","og_url":"https:\/\/123-esta.com\/it\/come-compilare-il-questionario-esta\/","og_site_name":"Formulaire ESTA pour les USA","article_modified_time":"2022-08-23T20:24:12+00:00","twitter_card":"summary_large_image","twitter_misc":{"Tempo di lettura stimato":"4 minuti"},"schema":{"@context":"https:\/\/schema.org","@graph":[{"@type":"WebPage","@id":"https:\/\/123-esta.com\/it\/come-compilare-il-questionario-esta\/","url":"https:\/\/123-esta.com\/it\/come-compilare-il-questionario-esta\/","name":"Come compilare correttamente il questionario ESTA?","isPartOf":{"@id":"https:\/\/123-esta.com\/it\/#website"},"datePublished":"2022-07-27T19:34:47+00:00","dateModified":"2022-08-23T20:24:12+00:00","description":"Aiuto per il questionario ESTA: quali sono le informazioni richieste nel modulo sul viaggiatore e sul passaporto?","inLanguage":"it-IT","potentialAction":[{"@type":"ReadAction","target":["https:\/\/123-esta.com\/it\/come-compilare-il-questionario-esta\/"]}]},{"@type":"WebSite","@id":"https:\/\/123-esta.com\/it\/#website","url":"https:\/\/123-esta.com\/it\/","name":"Formulaire ESTA pour les USA","description":"","publisher":{"@id":"https:\/\/123-esta.com\/it\/#organization"},"potentialAction":[{"@type":"SearchAction","target":{"@type":"EntryPoint","urlTemplate":"https:\/\/123-esta.com\/it\/?s={search_term_string}"},"query-input":{"@type":"PropertyValueSpecification","valueRequired":true,"valueName":"search_term_string"}}],"inLanguage":"it-IT"},{"@type":"Organization","@id":"https:\/\/123-esta.com\/it\/#organization","name":"Formulaire ESTA pour les USA","url":"https:\/\/123-esta.com\/it\/","logo":{"@type":"ImageObject","inLanguage":"it-IT","@id":"https:\/\/123-esta.com\/it\/#\/schema\/logo\/image\/","url":"https:\/\/123-esta.com\/wp-content\/uploads\/2018\/03\/logo-123-esta.png","contentUrl":"https:\/\/123-esta.com\/wp-content\/uploads\/2018\/03\/logo-123-esta.png","width":191,"height":54,"caption":"Formulaire ESTA pour les USA"},"image":{"@id":"https:\/\/123-esta.com\/it\/#\/schema\/logo\/image\/"}}]}},"_links":{"self":[{"href":"https:\/\/123-esta.com\/it\/wp-json\/wp\/v2\/pages\/2428","targetHints":{"allow":["GET"]}}],"collection":[{"href":"https:\/\/123-esta.com\/it\/wp-json\/wp\/v2\/pages"}],"about":[{"href":"https:\/\/123-esta.com\/it\/wp-json\/wp\/v2\/types\/page"}],"author":[{"embeddable":true,"href":"https:\/\/123-esta.com\/it\/wp-json\/wp\/v2\/users\/1"}],"replies":[{"embeddable":true,"href":"https:\/\/123-esta.com\/it\/wp-json\/wp\/v2\/comments?post=2428"}],"version-history":[{"count":0,"href":"https:\/\/123-esta.com\/it\/wp-json\/wp\/v2\/pages\/2428\/revisions"}],"wp:attachment":[{"href":"https:\/\/123-esta.com\/it\/wp-json\/wp\/v2\/media?parent=2428"}],"curies":[{"name":"wp","href":"https:\/\/api.w.org\/{rel}","templated":true}]}}