{"id":2421,"date":"2022-07-27T21:34:46","date_gmt":"2022-07-27T19:34:46","guid":{"rendered":"https:\/\/123-esta.com\/esta-e-bassa-eta-bambino\/"},"modified":"2022-08-23T23:36:13","modified_gmt":"2022-08-23T21:36:13","slug":"esta-per-bambini","status":"publish","type":"page","link":"https:\/\/123-esta.com\/it\/esta-per-bambini\/","title":{"rendered":"La domanda di ESTA \u00e8 necessaria per i bambini e i minori?"},"content":{"rendered":"\n<p>Chiunque voglia recarsi negli Stati Uniti non pu\u00f2 farlo senza un visto o un&#8217;autorizzazione di viaggio prima di partire.<\/p>\n\n<p>Molti genitori che desiderano trascorrere un periodo di vacanza negli Stati Uniti e che beneficiano del Programma Viaggio senza Visto (Visa Waiver Programme) si chiedono se debbano richiedere l&#8217;ESTA per i loro figli.<\/p>\n\n<p>\u00c8 una domanda legittima, soprattutto quando si viaggia con un bambino. Il Dipartimento di Sicurezza Nazionale degli Stati Uniti verifica l&#8217;identit\u00e0 di tutti i viaggiatori prima del loro arrivo negli Stati Uniti, sia adulti che minori. Prima di compilare il <a href=\"https:\/\/123-esta.com\/it\/come-compilare-il-questionario-esta\/\">questionario ESTA<\/a>, trovate tutti i nostri consigli ai viaggiatori sulle formalit\u00e0 da espletare prima di partire per gli Stati Uniti con un bambino, in modo da non essere lasciati sulla pista al momento dell&#8217;imbarco.<\/p>\n\n<h2 class=\"wp-block-heading\">Quali sono i requisiti per richiedere l&#8217;ESTA per minori?<\/h2>\n\n<p>Che si tratti di un ESTA per bambini o per adulti, le condizioni da soddisfare sono esattamente le stesse (essere cittadini di uno dei Paesi interessati dal VWP, soggiorno massimo di 90 giorni, viaggio a scopo turistico o di transito, ecc.)<\/p>\n\n<p>Come per qualsiasi viaggio all&#8217;estero, al di fuori dell&#8217;Unione Europea, \u00e8 necessario un passaporto valido a proprio nome. Quando si viaggia negli Stati Uniti, l&#8217;ESTA \u00e8 collegato al numero di passaporto. Il minore deve quindi essere in possesso di un passaporto biometrico o di un passaporto elettronico, nonch\u00e9 di un ESTA per minori.<\/p>\n\n<p>Nel caso di figli di coppie non sposate o divorziate, la cui madre ha ripreso il cognome da nubile, il bambino non porta sempre lo stesso nome del genitore. Per questo motivo hanno bisogno di un proprio documento d&#8217;identit\u00e0 e il libretto di famiglia non \u00e8 un documento accettabile per il soggiorno negli Stati Uniti.<\/p>\n\n<p>Quindi, se vostro figlio non ha ancora un documento di viaggio e state pianificando una vacanza negli Stati Uniti, recatevi al municipio locale con vostro figlio per richiedere il passaporto per la prima volta. Attendere un mese per riceverlo.<\/p>\n\n<h2 class=\"wp-block-heading\">Come si richiede l&#8217;ESTA per un minore?<\/h2>\n\n<p>La <a href=\"https:\/\/123-esta.com\/it\/perche-applicare-esta-per-gli-usa\/\">domanda di ESTA<\/a> per un minore \u00e8 uguale a quella per un adulto. Si tratta di compilare un modulo online disponibile sul sito ufficiale del governo statunitense o su un sito specializzato.<br\/>Il vantaggio \u00e8 che potete fare domanda online come gruppo. Assicuratevi quindi di avere in anticipo i passaporti di tutte le persone che viaggiano con voi per assicurarvi che la vostra domanda vada a buon fine. La procedura \u00e8 pi\u00f9 rapida rispetto alla compilazione di un modulo ESTA per ogni persona separatamente.<\/p>\n\n<p>Con una validit\u00e0 di 2 anni, l&#8217;ESTA per bambini consente di visitare pi\u00f9 volte gli Stati Uniti durante questo periodo e non sar\u00e0 necessario per un viaggio futuro.<\/p>\n\n<p>La tassa di richiesta per l&#8217;autorizzazione al viaggio di un minore \u00e8 la stessa di quella per un adulto e l&#8217;importo da pagare \u00e8 lo stesso sia per gli adulti che per i bambini &#8211; le autorit\u00e0 statunitensi non concedono una tariffa preferenziale in questo caso!<\/p>\n\n<p><em><strong>Nota importante:<\/strong>  L&#8217;unica differenza tra la domanda ESTA per un minore e quella per un adulto \u00e8 la modalit\u00e0 di compilazione del modulo: il genitore o il tutore pu\u00f2 compilare la domanda ESTA per il minore, ma deve assicurarsi di spuntare la casella &#8220;Domanda presentata da una terza parte&#8221; per certificare che un adulto ha effettivamente presentato la domanda per conto del minore. Va notato che un minore non pu\u00f2 presentare la domanda da solo e quindi dipende da una terza persona. Anche se il bambino non risponde personalmente alle domande, le informazioni fornite dal genitore o dal tutore legale devono essere veritiere.<\/em><\/p>\n\n<h2 class=\"wp-block-heading\">Altri documenti richiesti per i bambini che viaggiano verso gli Stati Uniti<\/h2>\n\n<p>Se un minore si reca negli Stati Uniti per uno stage all&#8217;estero, un corso di lingua o semplicemente per visitare i parenti e visitare gli Stati Uniti, pu\u00f2 viaggiare accompagnato o meno da un genitore. Tuttavia, deve essere in possesso di un&#8217;autorizzazione a lasciare il Paese (AST). Reintrodotto il 15 gennaio 2017, questo decreto riguarda tutti i minori che vivono in Francia e che viaggiano all&#8217;estero senza essere accompagnati da entrambi i genitori, con l&#8217;obiettivo di prevenire la sottrazione di minori. Pu\u00f2 sembrare esagerato, ma succede nei casi di divorzio.<\/p>\n\n<p>In sintesi, per entrare negli Stati Uniti, un minore deve avere i seguenti documenti che possono essere richiesti dai funzionari doganali alla frontiera:<\/p>\n\n<ul class=\"wp-block-list\"><li>un&#8217;autorizzazione ESTA per minori a suo nome;<\/li><li>un passaporto francese valido a suo nome;<\/li><li>un biglietto aereo o di crociera a loro nome;<\/li><li>il modulo originale dell&#8217;autorizzazione a lasciare il Paese firmato da uno dei due genitori (o dal rappresentante legale);<\/li><li>una fotocopia del documento d&#8217;identit\u00e0 del firmatario.<\/li><\/ul>\n\n<p>Viaggiare con un neonato o un bambino non \u00e8 sempre facile! Armati di questi preziosi consigli, ora siete pronti a richiedere l&#8217;autorizzazione al viaggio per voi stessi e\/o per i vostri figli in tutta tranquillit\u00e0. Ricordiamo che la domanda ESTA deve essere richiesta il prima possibile per poterla ripresentare se necessario o, in caso di rifiuto, per richiedere un visto all&#8217;ambasciata statunitense.<\/p>\n","protected":false},"excerpt":{"rendered":"<p>Chiunque voglia recarsi negli Stati Uniti non pu\u00f2 farlo senza un visto o un&#8217;autorizzazione di viaggio prima di partire. Molti genitori che desiderano trascorrere un periodo di vacanza negli Stati Uniti e che beneficiano del Programma Viaggio senza Visto (Visa Waiver Programme) si chiedono se debbano richiedere l&#8217;ESTA per i loro figli. \u00c8 una domanda [&hellip;]<\/p>\n","protected":false},"author":1,"featured_media":0,"parent":0,"menu_order":0,"comment_status":"closed","ping_status":"closed","template":"","meta":{"site-sidebar-layout":"default","site-content-layout":"default","ast-site-content-layout":"default","site-content-style":"default","site-sidebar-style":"default","ast-global-header-display":"","ast-banner-title-visibility":"","ast-main-header-display":"","ast-hfb-above-header-display":"","ast-hfb-below-header-display":"","ast-hfb-mobile-header-display":"","site-post-title":"","ast-breadcrumbs-content":"","ast-featured-img":"","footer-sml-layout":"","ast-disable-related-posts":"","theme-transparent-header-meta":"default","adv-header-id-meta":"","stick-header-meta":"default","header-above-stick-meta":"","header-main-stick-meta":"","header-below-stick-meta":"","astra-migrate-meta-layouts":"default","ast-page-background-enabled":"default","ast-page-background-meta":{"desktop":{"background-color":"","background-image":"","background-repeat":"repeat","background-position":"center center","background-size":"auto","background-attachment":"scroll","background-type":"","background-media":"","overlay-type":"","overlay-color":"","overlay-opacity":"","overlay-gradient":""},"tablet":{"background-color":"","background-image":"","background-repeat":"repeat","background-position":"center center","background-size":"auto","background-attachment":"scroll","background-type":"","background-media":"","overlay-type":"","overlay-color":"","overlay-opacity":"","overlay-gradient":""},"mobile":{"background-color":"","background-image":"","background-repeat":"repeat","background-position":"center center","background-size":"auto","background-attachment":"scroll","background-type":"","background-media":"","overlay-type":"","overlay-color":"","overlay-opacity":"","overlay-gradient":""}},"ast-content-background-meta":{"desktop":{"background-color":"var(--ast-global-color-5)","background-image":"","background-repeat":"repeat","background-position":"center center","background-size":"auto","background-attachment":"scroll","background-type":"","background-media":"","overlay-type":"","overlay-color":"","overlay-opacity":"","overlay-gradient":""},"tablet":{"background-color":"var(--ast-global-color-5)","background-image":"","background-repeat":"repeat","background-position":"center center","background-size":"auto","background-attachment":"scroll","background-type":"","background-media":"","overlay-type":"","overlay-color":"","overlay-opacity":"","overlay-gradient":""},"mobile":{"background-color":"var(--ast-global-color-5)","background-image":"","background-repeat":"repeat","background-position":"center center","background-size":"auto","background-attachment":"scroll","background-type":"","background-media":"","overlay-type":"","overlay-color":"","overlay-opacity":"","overlay-gradient":""}},"footnotes":""},"class_list":["post-2421","page","type-page","status-publish","hentry"],"yoast_head":"<!-- This site is optimized with the Yoast SEO plugin v27.1.1 - https:\/\/yoast.com\/product\/yoast-seo-wordpress\/ -->\n<title>La domanda di ESTA \u00e8 necessaria per i bambini e i minori?<\/title>\n<meta name=\"description\" content=\"Devo richiedere l&#039;ESTA per un neonato o un bambino? Informazioni sul Programma &quot;Viaggio senza Visto&quot; degli Stati Uniti.\" \/>\n<meta name=\"robots\" content=\"index, follow, max-snippet:-1, max-image-preview:large, max-video-preview:-1\" \/>\n<link rel=\"canonical\" href=\"https:\/\/123-esta.com\/it\/esta-per-bambini\/\" \/>\n<meta property=\"og:locale\" content=\"it_IT\" \/>\n<meta property=\"og:type\" content=\"article\" \/>\n<meta property=\"og:title\" content=\"La domanda di ESTA \u00e8 necessaria per i bambini e i minori?\" \/>\n<meta property=\"og:description\" content=\"Devo richiedere l&#039;ESTA per un neonato o un bambino? Informazioni sul Programma &quot;Viaggio senza Visto&quot; degli Stati Uniti.\" \/>\n<meta property=\"og:url\" content=\"https:\/\/123-esta.com\/it\/esta-per-bambini\/\" \/>\n<meta property=\"og:site_name\" content=\"Formulaire ESTA pour les USA\" \/>\n<meta property=\"article:modified_time\" content=\"2022-08-23T21:36:13+00:00\" \/>\n<meta name=\"twitter:card\" content=\"summary_large_image\" \/>\n<meta name=\"twitter:label1\" content=\"Tempo di lettura stimato\" \/>\n\t<meta name=\"twitter:data1\" content=\"4 minuti\" \/>\n<script type=\"application\/ld+json\" class=\"yoast-schema-graph\">{\"@context\":\"https:\/\/schema.org\",\"@graph\":[{\"@type\":\"WebPage\",\"@id\":\"https:\/\/123-esta.com\/it\/esta-per-bambini\/\",\"url\":\"https:\/\/123-esta.com\/it\/esta-per-bambini\/\",\"name\":\"La domanda di ESTA \u00e8 necessaria per i bambini e i minori?\",\"isPartOf\":{\"@id\":\"https:\/\/123-esta.com\/it\/#website\"},\"datePublished\":\"2022-07-27T19:34:46+00:00\",\"dateModified\":\"2022-08-23T21:36:13+00:00\",\"description\":\"Devo richiedere l'ESTA per un neonato o un bambino? Informazioni sul Programma \\\"Viaggio senza Visto\\\" degli Stati Uniti.\",\"inLanguage\":\"it-IT\",\"potentialAction\":[{\"@type\":\"ReadAction\",\"target\":[\"https:\/\/123-esta.com\/it\/esta-per-bambini\/\"]}]},{\"@type\":\"WebSite\",\"@id\":\"https:\/\/123-esta.com\/it\/#website\",\"url\":\"https:\/\/123-esta.com\/it\/\",\"name\":\"Formulaire ESTA pour les USA\",\"description\":\"\",\"publisher\":{\"@id\":\"https:\/\/123-esta.com\/it\/#organization\"},\"potentialAction\":[{\"@type\":\"SearchAction\",\"target\":{\"@type\":\"EntryPoint\",\"urlTemplate\":\"https:\/\/123-esta.com\/it\/?s={search_term_string}\"},\"query-input\":{\"@type\":\"PropertyValueSpecification\",\"valueRequired\":true,\"valueName\":\"search_term_string\"}}],\"inLanguage\":\"it-IT\"},{\"@type\":\"Organization\",\"@id\":\"https:\/\/123-esta.com\/it\/#organization\",\"name\":\"Formulaire ESTA pour les USA\",\"url\":\"https:\/\/123-esta.com\/it\/\",\"logo\":{\"@type\":\"ImageObject\",\"inLanguage\":\"it-IT\",\"@id\":\"https:\/\/123-esta.com\/it\/#\/schema\/logo\/image\/\",\"url\":\"https:\/\/123-esta.com\/wp-content\/uploads\/2018\/03\/logo-123-esta.png\",\"contentUrl\":\"https:\/\/123-esta.com\/wp-content\/uploads\/2018\/03\/logo-123-esta.png\",\"width\":191,\"height\":54,\"caption\":\"Formulaire ESTA pour les USA\"},\"image\":{\"@id\":\"https:\/\/123-esta.com\/it\/#\/schema\/logo\/image\/\"}}]}<\/script>\n<!-- \/ Yoast SEO plugin. -->","yoast_head_json":{"title":"La domanda di ESTA \u00e8 necessaria per i bambini e i minori?","description":"Devo richiedere l'ESTA per un neonato o un bambino? Informazioni sul Programma \"Viaggio senza Visto\" degli Stati Uniti.","robots":{"index":"index","follow":"follow","max-snippet":"max-snippet:-1","max-image-preview":"max-image-preview:large","max-video-preview":"max-video-preview:-1"},"canonical":"https:\/\/123-esta.com\/it\/esta-per-bambini\/","og_locale":"it_IT","og_type":"article","og_title":"La domanda di ESTA \u00e8 necessaria per i bambini e i minori?","og_description":"Devo richiedere l'ESTA per un neonato o un bambino? Informazioni sul Programma \"Viaggio senza Visto\" degli Stati Uniti.","og_url":"https:\/\/123-esta.com\/it\/esta-per-bambini\/","og_site_name":"Formulaire ESTA pour les USA","article_modified_time":"2022-08-23T21:36:13+00:00","twitter_card":"summary_large_image","twitter_misc":{"Tempo di lettura stimato":"4 minuti"},"schema":{"@context":"https:\/\/schema.org","@graph":[{"@type":"WebPage","@id":"https:\/\/123-esta.com\/it\/esta-per-bambini\/","url":"https:\/\/123-esta.com\/it\/esta-per-bambini\/","name":"La domanda di ESTA \u00e8 necessaria per i bambini e i minori?","isPartOf":{"@id":"https:\/\/123-esta.com\/it\/#website"},"datePublished":"2022-07-27T19:34:46+00:00","dateModified":"2022-08-23T21:36:13+00:00","description":"Devo richiedere l'ESTA per un neonato o un bambino? Informazioni sul Programma \"Viaggio senza Visto\" degli Stati Uniti.","inLanguage":"it-IT","potentialAction":[{"@type":"ReadAction","target":["https:\/\/123-esta.com\/it\/esta-per-bambini\/"]}]},{"@type":"WebSite","@id":"https:\/\/123-esta.com\/it\/#website","url":"https:\/\/123-esta.com\/it\/","name":"Formulaire ESTA pour les USA","description":"","publisher":{"@id":"https:\/\/123-esta.com\/it\/#organization"},"potentialAction":[{"@type":"SearchAction","target":{"@type":"EntryPoint","urlTemplate":"https:\/\/123-esta.com\/it\/?s={search_term_string}"},"query-input":{"@type":"PropertyValueSpecification","valueRequired":true,"valueName":"search_term_string"}}],"inLanguage":"it-IT"},{"@type":"Organization","@id":"https:\/\/123-esta.com\/it\/#organization","name":"Formulaire ESTA pour les USA","url":"https:\/\/123-esta.com\/it\/","logo":{"@type":"ImageObject","inLanguage":"it-IT","@id":"https:\/\/123-esta.com\/it\/#\/schema\/logo\/image\/","url":"https:\/\/123-esta.com\/wp-content\/uploads\/2018\/03\/logo-123-esta.png","contentUrl":"https:\/\/123-esta.com\/wp-content\/uploads\/2018\/03\/logo-123-esta.png","width":191,"height":54,"caption":"Formulaire ESTA pour les USA"},"image":{"@id":"https:\/\/123-esta.com\/it\/#\/schema\/logo\/image\/"}}]}},"_links":{"self":[{"href":"https:\/\/123-esta.com\/it\/wp-json\/wp\/v2\/pages\/2421","targetHints":{"allow":["GET"]}}],"collection":[{"href":"https:\/\/123-esta.com\/it\/wp-json\/wp\/v2\/pages"}],"about":[{"href":"https:\/\/123-esta.com\/it\/wp-json\/wp\/v2\/types\/page"}],"author":[{"embeddable":true,"href":"https:\/\/123-esta.com\/it\/wp-json\/wp\/v2\/users\/1"}],"replies":[{"embeddable":true,"href":"https:\/\/123-esta.com\/it\/wp-json\/wp\/v2\/comments?post=2421"}],"version-history":[{"count":0,"href":"https:\/\/123-esta.com\/it\/wp-json\/wp\/v2\/pages\/2421\/revisions"}],"wp:attachment":[{"href":"https:\/\/123-esta.com\/it\/wp-json\/wp\/v2\/media?parent=2421"}],"curies":[{"name":"wp","href":"https:\/\/api.w.org\/{rel}","templated":true}]}}