{"id":2397,"date":"2022-07-27T21:34:43","date_gmt":"2022-07-27T19:34:43","guid":{"rendered":"https:\/\/123-esta.com\/un-viaggio-degli-stati-uniti-e-possibile\/"},"modified":"2022-09-19T17:11:06","modified_gmt":"2022-09-19T15:11:06","slug":"tour-in-bicicletta-degli-stati-uniti","status":"publish","type":"page","link":"https:\/\/123-esta.com\/it\/tour-in-bicicletta-degli-stati-uniti\/","title":{"rendered":"Il giro degli Stati Uniti in bicicletta \u00e8 possibile o \u00e8 una follia?"},"content":{"rendered":"\n<p>\u00c8 difficile muoversi liberamente negli Stati Uniti senza un mezzo di trasporto privato. Le societ\u00e0 di noleggio auto sono numerose e anche il noleggio di biciclette \u00e8 comune e molto diffuso negli <a href=\"https:\/\/123-esta.com\/it\/trasporti-negli-stati-uniti\/\">Stati Uniti<\/a>.<\/p>\n\n<p>Negli Stati Uniti, ovunque si vada, si pu\u00f2 facilmente noleggiare una bicicletta e si possono trovare tour in bicicletta. L&#8217;esperienza \u00e8 diversa e garantisce un modo migliore per esplorare appieno il paesaggio, un po&#8217; come una passeggiata.<\/p>\n\n<h2 class=\"wp-block-heading\">Quali sono i luoghi da raggiungere in bicicletta?<\/h2>\n\n<p>\u00c8 impossibile elencare tutti i luoghi pi\u00f9 belli da esplorare in bicicletta negli Stati Uniti. Tutto \u00e8 bello, dalle grandi citt\u00e0, alla campagna, ai famosi parchi come il Grand Canyon.<\/p>\n\n<p>Solo a New York, girare per Manhattan, attraversare il ponte di Brooklyn o esplorare Central Park in bicicletta promette un&#8217;esperienza epica. Quasi tutte le strade urbane degli Stati Uniti hanno una pista ciclabile. A volte le biciclette e le auto si mescolano, ma gli automobilisti americani sono molto rispettosi del traffico. Tuttavia, si consiglia di usare cautela.<\/p>\n\n<p>Al di fuori delle grandi citt\u00e0, ci sono tour in bicicletta. Su Internet ci sono molti siti di &#8220;piste ciclabili&#8221; che offrono diversi percorsi in bicicletta, da soli o in gruppo, con mappe, distanze e livelli di difficolt\u00e0. I viaggiatori hanno una vasta scelta di paesaggi da esplorare: pianure verdi, foreste, montagne verdi o rocciose; tutto pu\u00f2 essere fatto in bicicletta.<\/p>\n\n<p>Gli Stati Uniti sono un grande Paese con luoghi e attrazioni bellissime. Non c&#8217;\u00e8 una citt\u00e0 o un sito turistico a cui dare la priorit\u00e0, la differenza sta nel modo in cui viene effettuata l&#8217;esplorazione. Andare in bicicletta invece di guidare pu\u00f2 fare una grande differenza e promette una grande scoperta.<\/p>\n\n<h2 class=\"wp-block-heading\">E gli Stati Uniti?<\/h2>\n\n<p>L&#8217;idea piaceva a molti. Alcuni fanno una lunga traversata dall&#8217;Atlantico al Pacifico, altri optano per un tour pi\u00f9 soft, come un giro in bicicletta di Los Angeles, Chicago o Washington.<\/p>\n\n<p>I pi\u00f9 coraggiosi intraprendono l&#8217;ultimo viaggio in auto da San Francisco a New York in soli 90 giorni. \u00c8 impossibile descrivere la sensazione di questo tipo di viaggio senza averlo provato. Diciamo che un viaggio in bicicletta o un grande viaggio su strada come l&#8217;attraversamento degli Stati Uniti richiede sempre una buona e accurata preparazione. Alberghi, itinerari, costi e spese; tutto deve essere preparato in anticipo.<\/p>\n","protected":false},"excerpt":{"rendered":"<p>\u00c8 difficile muoversi liberamente negli Stati Uniti senza un mezzo di trasporto privato. Le societ\u00e0 di noleggio auto sono numerose e anche il noleggio di biciclette \u00e8 comune e molto diffuso negli Stati Uniti. Negli Stati Uniti, ovunque si vada, si pu\u00f2 facilmente noleggiare una bicicletta e si possono trovare tour in bicicletta. L&#8217;esperienza \u00e8 [&hellip;]<\/p>\n","protected":false},"author":1,"featured_media":0,"parent":0,"menu_order":0,"comment_status":"closed","ping_status":"closed","template":"","meta":{"site-sidebar-layout":"default","site-content-layout":"default","ast-site-content-layout":"default","site-content-style":"default","site-sidebar-style":"default","ast-global-header-display":"","ast-banner-title-visibility":"","ast-main-header-display":"","ast-hfb-above-header-display":"","ast-hfb-below-header-display":"","ast-hfb-mobile-header-display":"","site-post-title":"","ast-breadcrumbs-content":"","ast-featured-img":"","footer-sml-layout":"","ast-disable-related-posts":"","theme-transparent-header-meta":"default","adv-header-id-meta":"","stick-header-meta":"default","header-above-stick-meta":"","header-main-stick-meta":"","header-below-stick-meta":"","astra-migrate-meta-layouts":"default","ast-page-background-enabled":"default","ast-page-background-meta":{"desktop":{"background-color":"","background-image":"","background-repeat":"repeat","background-position":"center center","background-size":"auto","background-attachment":"scroll","background-type":"","background-media":"","overlay-type":"","overlay-color":"","overlay-opacity":"","overlay-gradient":""},"tablet":{"background-color":"","background-image":"","background-repeat":"repeat","background-position":"center center","background-size":"auto","background-attachment":"scroll","background-type":"","background-media":"","overlay-type":"","overlay-color":"","overlay-opacity":"","overlay-gradient":""},"mobile":{"background-color":"","background-image":"","background-repeat":"repeat","background-position":"center center","background-size":"auto","background-attachment":"scroll","background-type":"","background-media":"","overlay-type":"","overlay-color":"","overlay-opacity":"","overlay-gradient":""}},"ast-content-background-meta":{"desktop":{"background-color":"var(--ast-global-color-5)","background-image":"","background-repeat":"repeat","background-position":"center center","background-size":"auto","background-attachment":"scroll","background-type":"","background-media":"","overlay-type":"","overlay-color":"","overlay-opacity":"","overlay-gradient":""},"tablet":{"background-color":"var(--ast-global-color-5)","background-image":"","background-repeat":"repeat","background-position":"center center","background-size":"auto","background-attachment":"scroll","background-type":"","background-media":"","overlay-type":"","overlay-color":"","overlay-opacity":"","overlay-gradient":""},"mobile":{"background-color":"var(--ast-global-color-5)","background-image":"","background-repeat":"repeat","background-position":"center center","background-size":"auto","background-attachment":"scroll","background-type":"","background-media":"","overlay-type":"","overlay-color":"","overlay-opacity":"","overlay-gradient":""}},"footnotes":""},"class_list":["post-2397","page","type-page","status-publish","hentry"],"yoast_head":"<!-- This site is optimized with the Yoast SEO plugin v27.1.1 - https:\/\/yoast.com\/product\/yoast-seo-wordpress\/ -->\n<title>Il giro degli Stati Uniti in bicicletta \u00e8 possibile o \u00e8 una follia?<\/title>\n<meta name=\"description\" content=\"Siete tentati da un&#039;avventura, avete pensato di visitare gli Stati Uniti in bicicletta, \u00e8 possibile, ma richiede una preparazione\" \/>\n<meta name=\"robots\" content=\"index, follow, max-snippet:-1, max-image-preview:large, max-video-preview:-1\" \/>\n<link rel=\"canonical\" href=\"https:\/\/123-esta.com\/it\/tour-in-bicicletta-degli-stati-uniti\/\" \/>\n<meta property=\"og:locale\" content=\"it_IT\" \/>\n<meta property=\"og:type\" content=\"article\" \/>\n<meta property=\"og:title\" content=\"Il giro degli Stati Uniti in bicicletta \u00e8 possibile o \u00e8 una follia?\" \/>\n<meta property=\"og:description\" content=\"Siete tentati da un&#039;avventura, avete pensato di visitare gli Stati Uniti in bicicletta, \u00e8 possibile, ma richiede una preparazione\" \/>\n<meta property=\"og:url\" content=\"https:\/\/123-esta.com\/it\/tour-in-bicicletta-degli-stati-uniti\/\" \/>\n<meta property=\"og:site_name\" content=\"Formulaire ESTA pour les USA\" \/>\n<meta property=\"article:modified_time\" content=\"2022-09-19T15:11:06+00:00\" \/>\n<meta name=\"twitter:card\" content=\"summary_large_image\" \/>\n<meta name=\"twitter:label1\" content=\"Tempo di lettura stimato\" \/>\n\t<meta name=\"twitter:data1\" content=\"2 minuti\" \/>\n<script type=\"application\/ld+json\" class=\"yoast-schema-graph\">{\"@context\":\"https:\/\/schema.org\",\"@graph\":[{\"@type\":\"WebPage\",\"@id\":\"https:\/\/123-esta.com\/it\/tour-in-bicicletta-degli-stati-uniti\/\",\"url\":\"https:\/\/123-esta.com\/it\/tour-in-bicicletta-degli-stati-uniti\/\",\"name\":\"Il giro degli Stati Uniti in bicicletta \u00e8 possibile o \u00e8 una follia?\",\"isPartOf\":{\"@id\":\"https:\/\/123-esta.com\/it\/#website\"},\"datePublished\":\"2022-07-27T19:34:43+00:00\",\"dateModified\":\"2022-09-19T15:11:06+00:00\",\"description\":\"Siete tentati da un'avventura, avete pensato di visitare gli Stati Uniti in bicicletta, \u00e8 possibile, ma richiede una preparazione\",\"inLanguage\":\"it-IT\",\"potentialAction\":[{\"@type\":\"ReadAction\",\"target\":[\"https:\/\/123-esta.com\/it\/tour-in-bicicletta-degli-stati-uniti\/\"]}]},{\"@type\":\"WebSite\",\"@id\":\"https:\/\/123-esta.com\/it\/#website\",\"url\":\"https:\/\/123-esta.com\/it\/\",\"name\":\"Formulaire ESTA pour les USA\",\"description\":\"\",\"publisher\":{\"@id\":\"https:\/\/123-esta.com\/it\/#organization\"},\"potentialAction\":[{\"@type\":\"SearchAction\",\"target\":{\"@type\":\"EntryPoint\",\"urlTemplate\":\"https:\/\/123-esta.com\/it\/?s={search_term_string}\"},\"query-input\":{\"@type\":\"PropertyValueSpecification\",\"valueRequired\":true,\"valueName\":\"search_term_string\"}}],\"inLanguage\":\"it-IT\"},{\"@type\":\"Organization\",\"@id\":\"https:\/\/123-esta.com\/it\/#organization\",\"name\":\"Formulaire ESTA pour les USA\",\"url\":\"https:\/\/123-esta.com\/it\/\",\"logo\":{\"@type\":\"ImageObject\",\"inLanguage\":\"it-IT\",\"@id\":\"https:\/\/123-esta.com\/it\/#\/schema\/logo\/image\/\",\"url\":\"https:\/\/123-esta.com\/wp-content\/uploads\/2018\/03\/logo-123-esta.png\",\"contentUrl\":\"https:\/\/123-esta.com\/wp-content\/uploads\/2018\/03\/logo-123-esta.png\",\"width\":191,\"height\":54,\"caption\":\"Formulaire ESTA pour les USA\"},\"image\":{\"@id\":\"https:\/\/123-esta.com\/it\/#\/schema\/logo\/image\/\"}}]}<\/script>\n<!-- \/ Yoast SEO plugin. -->","yoast_head_json":{"title":"Il giro degli Stati Uniti in bicicletta \u00e8 possibile o \u00e8 una follia?","description":"Siete tentati da un'avventura, avete pensato di visitare gli Stati Uniti in bicicletta, \u00e8 possibile, ma richiede una preparazione","robots":{"index":"index","follow":"follow","max-snippet":"max-snippet:-1","max-image-preview":"max-image-preview:large","max-video-preview":"max-video-preview:-1"},"canonical":"https:\/\/123-esta.com\/it\/tour-in-bicicletta-degli-stati-uniti\/","og_locale":"it_IT","og_type":"article","og_title":"Il giro degli Stati Uniti in bicicletta \u00e8 possibile o \u00e8 una follia?","og_description":"Siete tentati da un'avventura, avete pensato di visitare gli Stati Uniti in bicicletta, \u00e8 possibile, ma richiede una preparazione","og_url":"https:\/\/123-esta.com\/it\/tour-in-bicicletta-degli-stati-uniti\/","og_site_name":"Formulaire ESTA pour les USA","article_modified_time":"2022-09-19T15:11:06+00:00","twitter_card":"summary_large_image","twitter_misc":{"Tempo di lettura stimato":"2 minuti"},"schema":{"@context":"https:\/\/schema.org","@graph":[{"@type":"WebPage","@id":"https:\/\/123-esta.com\/it\/tour-in-bicicletta-degli-stati-uniti\/","url":"https:\/\/123-esta.com\/it\/tour-in-bicicletta-degli-stati-uniti\/","name":"Il giro degli Stati Uniti in bicicletta \u00e8 possibile o \u00e8 una follia?","isPartOf":{"@id":"https:\/\/123-esta.com\/it\/#website"},"datePublished":"2022-07-27T19:34:43+00:00","dateModified":"2022-09-19T15:11:06+00:00","description":"Siete tentati da un'avventura, avete pensato di visitare gli Stati Uniti in bicicletta, \u00e8 possibile, ma richiede una preparazione","inLanguage":"it-IT","potentialAction":[{"@type":"ReadAction","target":["https:\/\/123-esta.com\/it\/tour-in-bicicletta-degli-stati-uniti\/"]}]},{"@type":"WebSite","@id":"https:\/\/123-esta.com\/it\/#website","url":"https:\/\/123-esta.com\/it\/","name":"Formulaire ESTA pour les USA","description":"","publisher":{"@id":"https:\/\/123-esta.com\/it\/#organization"},"potentialAction":[{"@type":"SearchAction","target":{"@type":"EntryPoint","urlTemplate":"https:\/\/123-esta.com\/it\/?s={search_term_string}"},"query-input":{"@type":"PropertyValueSpecification","valueRequired":true,"valueName":"search_term_string"}}],"inLanguage":"it-IT"},{"@type":"Organization","@id":"https:\/\/123-esta.com\/it\/#organization","name":"Formulaire ESTA pour les USA","url":"https:\/\/123-esta.com\/it\/","logo":{"@type":"ImageObject","inLanguage":"it-IT","@id":"https:\/\/123-esta.com\/it\/#\/schema\/logo\/image\/","url":"https:\/\/123-esta.com\/wp-content\/uploads\/2018\/03\/logo-123-esta.png","contentUrl":"https:\/\/123-esta.com\/wp-content\/uploads\/2018\/03\/logo-123-esta.png","width":191,"height":54,"caption":"Formulaire ESTA pour les USA"},"image":{"@id":"https:\/\/123-esta.com\/it\/#\/schema\/logo\/image\/"}}]}},"_links":{"self":[{"href":"https:\/\/123-esta.com\/it\/wp-json\/wp\/v2\/pages\/2397","targetHints":{"allow":["GET"]}}],"collection":[{"href":"https:\/\/123-esta.com\/it\/wp-json\/wp\/v2\/pages"}],"about":[{"href":"https:\/\/123-esta.com\/it\/wp-json\/wp\/v2\/types\/page"}],"author":[{"embeddable":true,"href":"https:\/\/123-esta.com\/it\/wp-json\/wp\/v2\/users\/1"}],"replies":[{"embeddable":true,"href":"https:\/\/123-esta.com\/it\/wp-json\/wp\/v2\/comments?post=2397"}],"version-history":[{"count":0,"href":"https:\/\/123-esta.com\/it\/wp-json\/wp\/v2\/pages\/2397\/revisions"}],"wp:attachment":[{"href":"https:\/\/123-esta.com\/it\/wp-json\/wp\/v2\/media?parent=2397"}],"curies":[{"name":"wp","href":"https:\/\/api.w.org\/{rel}","templated":true}]}}