{"id":2395,"date":"2022-07-27T21:34:43","date_gmt":"2022-07-27T19:34:43","guid":{"rendered":"https:\/\/123-esta.com\/hai-bisogno-di-un-visto-per-noi\/"},"modified":"2022-07-29T17:05:16","modified_gmt":"2022-07-29T15:05:16","slug":"hai-bisogno-di-un-visto-per-stati-uniti","status":"publish","type":"page","link":"https:\/\/123-esta.com\/it\/hai-bisogno-di-un-visto-per-stati-uniti\/","title":{"rendered":"Richiesta di visto per gli Stati Uniti"},"content":{"rendered":"\n<p>Con oltre 3 milioni di passeggeri che sbarcano negli Stati Uniti ogni giorno, le autorit\u00e0 doganali statunitensi sono desiderose di mantenere un elevato livello di sicurezza alle loro frontiere, pur mantenendo il traffico scorrevole.<\/p>\n\n<p>Se soddisfano i criteri di ammissibilit\u00e0, i cittadini francesi possono beneficiare del Programma Viaggio senza Visto degli Stati Uniti.<\/p>\n\n<p>Per richiedere un <a href=\"https:\/\/123-esta.com\/it\/cose-esta-per-gli-stati-uniti\/\">visto ESTA<\/a>, \u00e8 necessario essere cittadini di uno dei 40 Paesi partecipanti al programma. Inoltre, il soggiorno non deve superare i 90 giorni consecutivi, sia che si tratti di turismo, affari (soggiorno non retribuito) o transito. \u00c8 inoltre necessario essere in possesso di un passaporto elettronico o biometrico.<br\/>Chi non soddisfa questi requisiti deve richiedere un <a href=\"https:\/\/123-esta.com\/it\/visto-turistico-stati-uniti\/\">visto turistico per gli Stati Uniti<\/a>.<\/p>\n\n<h2 class=\"wp-block-heading\">Quale visto statunitense richiedere?<\/h2>\n\n<p>La <a href=\"https:\/\/123-esta.com\/it\/domanda-per-visa-stati-uniti\/\">domanda di visto per gli Stati Uniti<\/a> \u00e8 destinata ai viaggiatori che non possono beneficiare del Programma Viaggio senza Visto (Visa Waiver Program). Non \u00e8 una cosa da prendere alla leggera, perch\u00e9 senza un visto si pu\u00f2 dire addio al sogno americano.<\/p>\n\n<p>Esistono diversi visti per gli Stati Uniti, ma possiamo presentare quelli pi\u00f9 comunemente richiesti:<\/p>\n\n<ul class=\"wp-block-list\"><li>Sognate i grandi spazi aperti americani, di ammirare i grattacieli di New York o semplicemente di andare a trovare una persona cara? \u00c8 necessario richiedere un <a href=\"https:\/\/usa-esta.net\/it\/visto-stati-uniti\/visto-b2\/\">visto turistico statunitense<\/a>, il visto B2;<\/li><li>Volete frequentare i corsi di una delle prestigiose universit\u00e0 americane per ottenere crediti e persino una laurea? In questo caso \u00e8 necessario richiedere un visto F1 o un visto M1;<\/li><li>se desiderate fare uno stage in un&#8217;azienda per migliorare il vostro inglese e scoprire il mondo del lavoro dall&#8217;altra parte dell&#8217;Atlantico, dovete richiedere un visto J1.<\/li><\/ul>\n\n<p>Questa breve panoramica non \u00e8 ovviamente esaustiva. I diversi tipi di visto per gli Stati Uniti sono diversi e variegati come la situazione di ciascun richiedente, ma qualunque sia il vostro caso e lo scopo del vostro soggiorno negli Stati Uniti, dovrete contattare l&#8217;ambasciata statunitense del vostro Paese di residenza o il consolato statunitense pi\u00f9 vicino al vostro domicilio.<\/p>\n\n<h2 class=\"wp-block-heading\">Come ottenere un visto per gli Stati Uniti?<\/h2>\n\n<p>Come gi\u00e0 detto, se la vostra situazione non soddisfa i criteri del Visa Waiver Programme, dovete richiedere il permesso di rimanere negli Stati Uniti. Si tratta ora di capire <a href=\"https:\/\/123-esta.com\/it\/ottenere-un-visto-per-gli-stati-uniti\/\">come ottenere un visto per gli Stati Uniti<\/a>.<\/p>\n\n<p>Per tutte le richieste di visto USA Francia, la procedura inizia online, sul sito dell&#8217;ambasciata e dei consolati americani. Se desiderate richiedere un visto turistico per gli Stati Uniti (il pi\u00f9 comunemente richiesto), dovete compilare il modulo DS-160 online e poi raccogliere i documenti necessari da presentare al funzionario del governo statunitense il giorno dell&#8217;appuntamento, presso l&#8217;ambasciata o il consolato, se applicabile. I tempi di elaborazione del visto statunitense sono solitamente di 3-5 giorni lavorativi.<\/p>\n\n<h2 class=\"wp-block-heading\">E il prezzo del visto per gli Stati Uniti?<\/h2>\n\n<p>Il <a href=\"https:\/\/123-esta.com\/it\/qual-e-il-prezzo-di-un-visto-per-gli-stati-uniti\/\">prezzo del visto per gli Stati Uniti<\/a> varia a seconda della categoria del visto. Ad esempio, la tassa per un visto per lavoratori temporanei o tirocinanti (visto H) \u00e8 pi\u00f9 alta di quella per un visto per visitatori per turismo, affari o cure mediche: 190 dollari per il primo e 160 dollari per il secondo.<\/p>\n\n<p>La tassa sar\u00e0 pagata al momento della convalida della domanda di visto turistico per gli Stati Uniti. Non \u00e8 previsto alcun rimborso in caso di rifiuto della domanda, ma \u00e8 possibile ripresentare la domanda se la prima volta non \u00e8 stata accolta.<\/p>\n","protected":false},"excerpt":{"rendered":"<p>Con oltre 3 milioni di passeggeri che sbarcano negli Stati Uniti ogni giorno, le autorit\u00e0 doganali statunitensi sono desiderose di mantenere un elevato livello di sicurezza alle loro frontiere, pur mantenendo il traffico scorrevole. Se soddisfano i criteri di ammissibilit\u00e0, i cittadini francesi possono beneficiare del Programma Viaggio senza Visto degli Stati Uniti. Per richiedere [&hellip;]<\/p>\n","protected":false},"author":1,"featured_media":0,"parent":0,"menu_order":0,"comment_status":"closed","ping_status":"closed","template":"","meta":{"site-sidebar-layout":"default","site-content-layout":"default","ast-site-content-layout":"default","site-content-style":"default","site-sidebar-style":"default","ast-global-header-display":"","ast-banner-title-visibility":"","ast-main-header-display":"","ast-hfb-above-header-display":"","ast-hfb-below-header-display":"","ast-hfb-mobile-header-display":"","site-post-title":"","ast-breadcrumbs-content":"","ast-featured-img":"","footer-sml-layout":"","ast-disable-related-posts":"","theme-transparent-header-meta":"default","adv-header-id-meta":"","stick-header-meta":"default","header-above-stick-meta":"","header-main-stick-meta":"","header-below-stick-meta":"","astra-migrate-meta-layouts":"default","ast-page-background-enabled":"default","ast-page-background-meta":{"desktop":{"background-color":"","background-image":"","background-repeat":"repeat","background-position":"center center","background-size":"auto","background-attachment":"scroll","background-type":"","background-media":"","overlay-type":"","overlay-color":"","overlay-opacity":"","overlay-gradient":""},"tablet":{"background-color":"","background-image":"","background-repeat":"repeat","background-position":"center center","background-size":"auto","background-attachment":"scroll","background-type":"","background-media":"","overlay-type":"","overlay-color":"","overlay-opacity":"","overlay-gradient":""},"mobile":{"background-color":"","background-image":"","background-repeat":"repeat","background-position":"center center","background-size":"auto","background-attachment":"scroll","background-type":"","background-media":"","overlay-type":"","overlay-color":"","overlay-opacity":"","overlay-gradient":""}},"ast-content-background-meta":{"desktop":{"background-color":"var(--ast-global-color-5)","background-image":"","background-repeat":"repeat","background-position":"center center","background-size":"auto","background-attachment":"scroll","background-type":"","background-media":"","overlay-type":"","overlay-color":"","overlay-opacity":"","overlay-gradient":""},"tablet":{"background-color":"var(--ast-global-color-5)","background-image":"","background-repeat":"repeat","background-position":"center center","background-size":"auto","background-attachment":"scroll","background-type":"","background-media":"","overlay-type":"","overlay-color":"","overlay-opacity":"","overlay-gradient":""},"mobile":{"background-color":"var(--ast-global-color-5)","background-image":"","background-repeat":"repeat","background-position":"center center","background-size":"auto","background-attachment":"scroll","background-type":"","background-media":"","overlay-type":"","overlay-color":"","overlay-opacity":"","overlay-gradient":""}},"footnotes":""},"class_list":["post-2395","page","type-page","status-publish","hentry"],"yoast_head":"<!-- This site is optimized with the Yoast SEO plugin v27.1.1 - https:\/\/yoast.com\/product\/yoast-seo-wordpress\/ -->\n<title>\u00c8 necessario un visto per recarsi negli Stati Uniti?<\/title>\n<meta name=\"description\" content=\"\u00c8 impossibile recarsi negli Stati Uniti senza un permesso di viaggio. Qui ci concentriamo sulla consulenza per l&#039;ottenimento di un visto per gli Stati Uniti.\" \/>\n<meta name=\"robots\" content=\"index, follow, max-snippet:-1, max-image-preview:large, max-video-preview:-1\" \/>\n<link rel=\"canonical\" href=\"https:\/\/123-esta.com\/it\/hai-bisogno-di-un-visto-per-stati-uniti\/\" \/>\n<meta property=\"og:locale\" content=\"it_IT\" \/>\n<meta property=\"og:type\" content=\"article\" \/>\n<meta property=\"og:title\" content=\"\u00c8 necessario un visto per recarsi negli Stati Uniti?\" \/>\n<meta property=\"og:description\" content=\"\u00c8 impossibile recarsi negli Stati Uniti senza un permesso di viaggio. Qui ci concentriamo sulla consulenza per l&#039;ottenimento di un visto per gli Stati Uniti.\" \/>\n<meta property=\"og:url\" content=\"https:\/\/123-esta.com\/it\/hai-bisogno-di-un-visto-per-stati-uniti\/\" \/>\n<meta property=\"og:site_name\" content=\"Formulaire ESTA pour les USA\" \/>\n<meta property=\"article:modified_time\" content=\"2022-07-29T15:05:16+00:00\" \/>\n<meta name=\"twitter:card\" content=\"summary_large_image\" \/>\n<meta name=\"twitter:label1\" content=\"Tempo di lettura stimato\" \/>\n\t<meta name=\"twitter:data1\" content=\"3 minuti\" \/>\n<script type=\"application\/ld+json\" class=\"yoast-schema-graph\">{\"@context\":\"https:\/\/schema.org\",\"@graph\":[{\"@type\":\"WebPage\",\"@id\":\"https:\/\/123-esta.com\/it\/hai-bisogno-di-un-visto-per-stati-uniti\/\",\"url\":\"https:\/\/123-esta.com\/it\/hai-bisogno-di-un-visto-per-stati-uniti\/\",\"name\":\"\u00c8 necessario un visto per recarsi negli Stati Uniti?\",\"isPartOf\":{\"@id\":\"https:\/\/123-esta.com\/it\/#website\"},\"datePublished\":\"2022-07-27T19:34:43+00:00\",\"dateModified\":\"2022-07-29T15:05:16+00:00\",\"description\":\"\u00c8 impossibile recarsi negli Stati Uniti senza un permesso di viaggio. Qui ci concentriamo sulla consulenza per l'ottenimento di un visto per gli Stati Uniti.\",\"inLanguage\":\"it-IT\",\"potentialAction\":[{\"@type\":\"ReadAction\",\"target\":[\"https:\/\/123-esta.com\/it\/hai-bisogno-di-un-visto-per-stati-uniti\/\"]}]},{\"@type\":\"WebSite\",\"@id\":\"https:\/\/123-esta.com\/it\/#website\",\"url\":\"https:\/\/123-esta.com\/it\/\",\"name\":\"Formulaire ESTA pour les USA\",\"description\":\"\",\"publisher\":{\"@id\":\"https:\/\/123-esta.com\/it\/#organization\"},\"potentialAction\":[{\"@type\":\"SearchAction\",\"target\":{\"@type\":\"EntryPoint\",\"urlTemplate\":\"https:\/\/123-esta.com\/it\/?s={search_term_string}\"},\"query-input\":{\"@type\":\"PropertyValueSpecification\",\"valueRequired\":true,\"valueName\":\"search_term_string\"}}],\"inLanguage\":\"it-IT\"},{\"@type\":\"Organization\",\"@id\":\"https:\/\/123-esta.com\/it\/#organization\",\"name\":\"Formulaire ESTA pour les USA\",\"url\":\"https:\/\/123-esta.com\/it\/\",\"logo\":{\"@type\":\"ImageObject\",\"inLanguage\":\"it-IT\",\"@id\":\"https:\/\/123-esta.com\/it\/#\/schema\/logo\/image\/\",\"url\":\"https:\/\/123-esta.com\/wp-content\/uploads\/2018\/03\/logo-123-esta.png\",\"contentUrl\":\"https:\/\/123-esta.com\/wp-content\/uploads\/2018\/03\/logo-123-esta.png\",\"width\":191,\"height\":54,\"caption\":\"Formulaire ESTA pour les USA\"},\"image\":{\"@id\":\"https:\/\/123-esta.com\/it\/#\/schema\/logo\/image\/\"}}]}<\/script>\n<!-- \/ Yoast SEO plugin. -->","yoast_head_json":{"title":"\u00c8 necessario un visto per recarsi negli Stati Uniti?","description":"\u00c8 impossibile recarsi negli Stati Uniti senza un permesso di viaggio. Qui ci concentriamo sulla consulenza per l'ottenimento di un visto per gli Stati Uniti.","robots":{"index":"index","follow":"follow","max-snippet":"max-snippet:-1","max-image-preview":"max-image-preview:large","max-video-preview":"max-video-preview:-1"},"canonical":"https:\/\/123-esta.com\/it\/hai-bisogno-di-un-visto-per-stati-uniti\/","og_locale":"it_IT","og_type":"article","og_title":"\u00c8 necessario un visto per recarsi negli Stati Uniti?","og_description":"\u00c8 impossibile recarsi negli Stati Uniti senza un permesso di viaggio. Qui ci concentriamo sulla consulenza per l'ottenimento di un visto per gli Stati Uniti.","og_url":"https:\/\/123-esta.com\/it\/hai-bisogno-di-un-visto-per-stati-uniti\/","og_site_name":"Formulaire ESTA pour les USA","article_modified_time":"2022-07-29T15:05:16+00:00","twitter_card":"summary_large_image","twitter_misc":{"Tempo di lettura stimato":"3 minuti"},"schema":{"@context":"https:\/\/schema.org","@graph":[{"@type":"WebPage","@id":"https:\/\/123-esta.com\/it\/hai-bisogno-di-un-visto-per-stati-uniti\/","url":"https:\/\/123-esta.com\/it\/hai-bisogno-di-un-visto-per-stati-uniti\/","name":"\u00c8 necessario un visto per recarsi negli Stati Uniti?","isPartOf":{"@id":"https:\/\/123-esta.com\/it\/#website"},"datePublished":"2022-07-27T19:34:43+00:00","dateModified":"2022-07-29T15:05:16+00:00","description":"\u00c8 impossibile recarsi negli Stati Uniti senza un permesso di viaggio. Qui ci concentriamo sulla consulenza per l'ottenimento di un visto per gli Stati Uniti.","inLanguage":"it-IT","potentialAction":[{"@type":"ReadAction","target":["https:\/\/123-esta.com\/it\/hai-bisogno-di-un-visto-per-stati-uniti\/"]}]},{"@type":"WebSite","@id":"https:\/\/123-esta.com\/it\/#website","url":"https:\/\/123-esta.com\/it\/","name":"Formulaire ESTA pour les USA","description":"","publisher":{"@id":"https:\/\/123-esta.com\/it\/#organization"},"potentialAction":[{"@type":"SearchAction","target":{"@type":"EntryPoint","urlTemplate":"https:\/\/123-esta.com\/it\/?s={search_term_string}"},"query-input":{"@type":"PropertyValueSpecification","valueRequired":true,"valueName":"search_term_string"}}],"inLanguage":"it-IT"},{"@type":"Organization","@id":"https:\/\/123-esta.com\/it\/#organization","name":"Formulaire ESTA pour les USA","url":"https:\/\/123-esta.com\/it\/","logo":{"@type":"ImageObject","inLanguage":"it-IT","@id":"https:\/\/123-esta.com\/it\/#\/schema\/logo\/image\/","url":"https:\/\/123-esta.com\/wp-content\/uploads\/2018\/03\/logo-123-esta.png","contentUrl":"https:\/\/123-esta.com\/wp-content\/uploads\/2018\/03\/logo-123-esta.png","width":191,"height":54,"caption":"Formulaire ESTA pour les USA"},"image":{"@id":"https:\/\/123-esta.com\/it\/#\/schema\/logo\/image\/"}}]}},"_links":{"self":[{"href":"https:\/\/123-esta.com\/it\/wp-json\/wp\/v2\/pages\/2395","targetHints":{"allow":["GET"]}}],"collection":[{"href":"https:\/\/123-esta.com\/it\/wp-json\/wp\/v2\/pages"}],"about":[{"href":"https:\/\/123-esta.com\/it\/wp-json\/wp\/v2\/types\/page"}],"author":[{"embeddable":true,"href":"https:\/\/123-esta.com\/it\/wp-json\/wp\/v2\/users\/1"}],"replies":[{"embeddable":true,"href":"https:\/\/123-esta.com\/it\/wp-json\/wp\/v2\/comments?post=2395"}],"version-history":[{"count":0,"href":"https:\/\/123-esta.com\/it\/wp-json\/wp\/v2\/pages\/2395\/revisions"}],"wp:attachment":[{"href":"https:\/\/123-esta.com\/it\/wp-json\/wp\/v2\/media?parent=2395"}],"curies":[{"name":"wp","href":"https:\/\/api.w.org\/{rel}","templated":true}]}}