{"id":2392,"date":"2022-07-27T21:34:42","date_gmt":"2022-07-27T19:34:42","guid":{"rendered":"https:\/\/123-esta.com\/chiedere-e-meglio-acquistare-biglietti-aerei\/"},"modified":"2022-08-23T22:45:30","modified_gmt":"2022-08-23T20:45:30","slug":"chiedere-esta-meglio-acquistare-biglietti-aerei","status":"publish","type":"page","link":"https:\/\/123-esta.com\/it\/chiedere-esta-meglio-acquistare-biglietti-aerei\/","title":{"rendered":"Richiedere l&#8217;ESTA prima di prenotare il volo"},"content":{"rendered":"<p>\u00c8 possibile richiedere l&#8217;ESTA in qualsiasi momento quando si <a href=\"https:\/\/123-esta.com\/it\/trasporti-negli-stati-uniti\/\">prevede di recarsi negli Stati Uniti<\/a>. Tuttavia, \u00e8 consigliabile farlo almeno 72 ore prima dell&#8217;imbarco.<\/p>\n<p>Di norma, la risposta arriver\u00e0 subito dopo l&#8217;invio della domanda. Tuttavia, la domanda pu\u00f2 essere messa in attesa, nel qual caso possono essere necessarie fino a 72 ore per ricevere una risposta definitiva.<\/p>\n<p>Se la risposta \u00e8 negativa, l&#8217;unica possibilit\u00e0 \u00e8 richiedere un <a href=\"https:\/\/123-esta.com\/it\/visto-turistico-stati-uniti\/\">visto turistico B2<\/a>. Sebbene una risposta negativa sia molto rara, possono essere necessarie fino a 3 settimane per ottenere un visto.<\/p>\n<p>Se la domanda ESTA viene accettata, \u00e8 valida per due anni e non \u00e8 necessario specificare una data di partenza al momento della richiesta. Il beneficiario pu\u00f2 recarsi pi\u00f9 volte negli Stati Uniti per soggiorni fino a 90 giorni durante questi due anni senza dover richiedere un nuovo permesso per ogni viaggio. L&#8217;autorizzazione termina alla scadenza della data di validit\u00e0. Si noti che, logicamente, se il passaporto scade prima della fine della validit\u00e0 dell&#8217;autorizzazione ESTA, \u00e8 la data di scadenza del passaporto che deve essere presa in considerazione.<\/p>\n<p><em>Un ultimo consiglio: si consiglia di richiedere l&#8217;ESTA ancora prima di ottenere e acquistare il <a href=\"https:\/\/123-esta.com\/it\/esta-biglietto-aereo-di-ritorno-obbligatorio-per-gli-stati-uniti\/\">biglietto aereo per gli Stati Uniti<\/a>. E assicuratevi di avere lo stesso nome sul biglietto aereo e sull&#8217;autorizzazione di viaggio ESTA.<\/em><\/p>\n<h2>Soggiorni indimenticabili negli Stati Uniti secondo un programma personalizzato<\/h2>\n<p>Per molti si tratta di un&#8217;esperienza da fare almeno una volta nella vita. Camminare e scoprire luoghi che si \u00e8 abituati a vedere nei film o nei telefilm \u00e8 qualcosa di unico!<\/p>\n<p>Diverse agenzie offrono visite guidate a prezzi accettabili per chi ha il budget necessario. In caso contrario, \u00e8 possibile impostare un budget con un programma ben definito e personalizzato.<\/p>\n<p>Se si considera che gli Stati Uniti sono costituiti da oltre 50 Stati distribuiti su nove milioni di chilometri quadrati con pi\u00f9 di 350 milioni di abitanti, \u00e8 facile immaginare che non sar\u00e0 facile visitare ogni angolo del Paese. Bisogna essere un po&#8217; selettivi.<\/p>\n<h2>Scegliere i siti da visitare<\/h2>\n<p>Molti viaggiatori esperti consigliano sempre di preparare i piani di viaggio ben prima della partenza. Grazie a questo suggerimento, potrete concentrarvi maggiormente sugli aspetti essenziali del vostro programma di viaggio, invece di sprecare tempo ed energie per decidere il prossimo luogo da visitare.<\/p>\n<p>La maggior parte dei visitatori degli Stati Uniti si dirige verso le localit\u00e0 di mare per godere del clima pi\u00f9 fresco che del sole, ma anche semplicemente perch\u00e9 molte citt\u00e0 di interesse si trovano sulla costa: New York, Boston, Miami, Los Angeles, ecc.<\/p>\n<p>Se non avete voglia di &#8220;seguire lo schema&#8221;, potete concedervi una visita in Nevada, a Las Vegas, dove il poker e altri giochi da casin\u00f2 vi aspettano in un&#8217;atmosfera amichevole. Con moderazione, naturalmente!<\/p>\n","protected":false},"excerpt":{"rendered":"<p>\u00c8 possibile richiedere l&#8217;ESTA in qualsiasi momento quando si prevede di recarsi negli Stati Uniti. Tuttavia, \u00e8 consigliabile farlo almeno 72 ore prima dell&#8217;imbarco. Di norma, la risposta arriver\u00e0 subito dopo l&#8217;invio della domanda. Tuttavia, la domanda pu\u00f2 essere messa in attesa, nel qual caso possono essere necessarie fino a 72 ore per ricevere una [&hellip;]<\/p>\n","protected":false},"author":1,"featured_media":0,"parent":0,"menu_order":0,"comment_status":"closed","ping_status":"closed","template":"","meta":{"site-sidebar-layout":"default","site-content-layout":"default","ast-site-content-layout":"default","site-content-style":"default","site-sidebar-style":"default","ast-global-header-display":"","ast-banner-title-visibility":"","ast-main-header-display":"","ast-hfb-above-header-display":"","ast-hfb-below-header-display":"","ast-hfb-mobile-header-display":"","site-post-title":"","ast-breadcrumbs-content":"","ast-featured-img":"","footer-sml-layout":"","ast-disable-related-posts":"","theme-transparent-header-meta":"default","adv-header-id-meta":"","stick-header-meta":"default","header-above-stick-meta":"","header-main-stick-meta":"","header-below-stick-meta":"","astra-migrate-meta-layouts":"default","ast-page-background-enabled":"default","ast-page-background-meta":{"desktop":{"background-color":"","background-image":"","background-repeat":"repeat","background-position":"center center","background-size":"auto","background-attachment":"scroll","background-type":"","background-media":"","overlay-type":"","overlay-color":"","overlay-opacity":"","overlay-gradient":""},"tablet":{"background-color":"","background-image":"","background-repeat":"repeat","background-position":"center center","background-size":"auto","background-attachment":"scroll","background-type":"","background-media":"","overlay-type":"","overlay-color":"","overlay-opacity":"","overlay-gradient":""},"mobile":{"background-color":"","background-image":"","background-repeat":"repeat","background-position":"center center","background-size":"auto","background-attachment":"scroll","background-type":"","background-media":"","overlay-type":"","overlay-color":"","overlay-opacity":"","overlay-gradient":""}},"ast-content-background-meta":{"desktop":{"background-color":"var(--ast-global-color-5)","background-image":"","background-repeat":"repeat","background-position":"center center","background-size":"auto","background-attachment":"scroll","background-type":"","background-media":"","overlay-type":"","overlay-color":"","overlay-opacity":"","overlay-gradient":""},"tablet":{"background-color":"var(--ast-global-color-5)","background-image":"","background-repeat":"repeat","background-position":"center center","background-size":"auto","background-attachment":"scroll","background-type":"","background-media":"","overlay-type":"","overlay-color":"","overlay-opacity":"","overlay-gradient":""},"mobile":{"background-color":"var(--ast-global-color-5)","background-image":"","background-repeat":"repeat","background-position":"center center","background-size":"auto","background-attachment":"scroll","background-type":"","background-media":"","overlay-type":"","overlay-color":"","overlay-opacity":"","overlay-gradient":""}},"footnotes":""},"class_list":["post-2392","page","type-page","status-publish","hentry"],"yoast_head":"<!-- This site is optimized with the Yoast SEO plugin v27.1.1 - https:\/\/yoast.com\/product\/yoast-seo-wordpress\/ -->\n<title>Richiedere l&#039;ESTA prima di prenotare il volo<\/title>\n<meta name=\"description\" content=\"L&#039;ESTA \u00e8 valida per 2 anni, quindi non \u00e8 necessario richiederla all&#039;ultimo minuto. Soprattutto perch\u00e9 c&#039;\u00e8 ancora il rischio di un rifiuto.\" \/>\n<meta name=\"robots\" content=\"index, follow, max-snippet:-1, max-image-preview:large, max-video-preview:-1\" \/>\n<link rel=\"canonical\" href=\"https:\/\/123-esta.com\/it\/chiedere-esta-meglio-acquistare-biglietti-aerei\/\" \/>\n<meta property=\"og:locale\" content=\"it_IT\" \/>\n<meta property=\"og:type\" content=\"article\" \/>\n<meta property=\"og:title\" content=\"Richiedere l&#039;ESTA prima di prenotare il volo\" \/>\n<meta property=\"og:description\" content=\"L&#039;ESTA \u00e8 valida per 2 anni, quindi non \u00e8 necessario richiederla all&#039;ultimo minuto. Soprattutto perch\u00e9 c&#039;\u00e8 ancora il rischio di un rifiuto.\" \/>\n<meta property=\"og:url\" content=\"https:\/\/123-esta.com\/it\/chiedere-esta-meglio-acquistare-biglietti-aerei\/\" \/>\n<meta property=\"og:site_name\" content=\"Formulaire ESTA pour les USA\" \/>\n<meta property=\"article:modified_time\" content=\"2022-08-23T20:45:30+00:00\" \/>\n<meta name=\"twitter:card\" content=\"summary_large_image\" \/>\n<meta name=\"twitter:label1\" content=\"Tempo di lettura stimato\" \/>\n\t<meta name=\"twitter:data1\" content=\"2 minuti\" \/>\n<script type=\"application\/ld+json\" class=\"yoast-schema-graph\">{\"@context\":\"https:\/\/schema.org\",\"@graph\":[{\"@type\":\"WebPage\",\"@id\":\"https:\/\/123-esta.com\/it\/chiedere-esta-meglio-acquistare-biglietti-aerei\/\",\"url\":\"https:\/\/123-esta.com\/it\/chiedere-esta-meglio-acquistare-biglietti-aerei\/\",\"name\":\"Richiedere l'ESTA prima di prenotare il volo\",\"isPartOf\":{\"@id\":\"https:\/\/123-esta.com\/it\/#website\"},\"datePublished\":\"2022-07-27T19:34:42+00:00\",\"dateModified\":\"2022-08-23T20:45:30+00:00\",\"description\":\"L'ESTA \u00e8 valida per 2 anni, quindi non \u00e8 necessario richiederla all'ultimo minuto. Soprattutto perch\u00e9 c'\u00e8 ancora il rischio di un rifiuto.\",\"inLanguage\":\"it-IT\",\"potentialAction\":[{\"@type\":\"ReadAction\",\"target\":[\"https:\/\/123-esta.com\/it\/chiedere-esta-meglio-acquistare-biglietti-aerei\/\"]}]},{\"@type\":\"WebSite\",\"@id\":\"https:\/\/123-esta.com\/it\/#website\",\"url\":\"https:\/\/123-esta.com\/it\/\",\"name\":\"Formulaire ESTA pour les USA\",\"description\":\"\",\"publisher\":{\"@id\":\"https:\/\/123-esta.com\/it\/#organization\"},\"potentialAction\":[{\"@type\":\"SearchAction\",\"target\":{\"@type\":\"EntryPoint\",\"urlTemplate\":\"https:\/\/123-esta.com\/it\/?s={search_term_string}\"},\"query-input\":{\"@type\":\"PropertyValueSpecification\",\"valueRequired\":true,\"valueName\":\"search_term_string\"}}],\"inLanguage\":\"it-IT\"},{\"@type\":\"Organization\",\"@id\":\"https:\/\/123-esta.com\/it\/#organization\",\"name\":\"Formulaire ESTA pour les USA\",\"url\":\"https:\/\/123-esta.com\/it\/\",\"logo\":{\"@type\":\"ImageObject\",\"inLanguage\":\"it-IT\",\"@id\":\"https:\/\/123-esta.com\/it\/#\/schema\/logo\/image\/\",\"url\":\"https:\/\/123-esta.com\/wp-content\/uploads\/2018\/03\/logo-123-esta.png\",\"contentUrl\":\"https:\/\/123-esta.com\/wp-content\/uploads\/2018\/03\/logo-123-esta.png\",\"width\":191,\"height\":54,\"caption\":\"Formulaire ESTA pour les USA\"},\"image\":{\"@id\":\"https:\/\/123-esta.com\/it\/#\/schema\/logo\/image\/\"}}]}<\/script>\n<!-- \/ Yoast SEO plugin. -->","yoast_head_json":{"title":"Richiedere l'ESTA prima di prenotare il volo","description":"L'ESTA \u00e8 valida per 2 anni, quindi non \u00e8 necessario richiederla all'ultimo minuto. Soprattutto perch\u00e9 c'\u00e8 ancora il rischio di un rifiuto.","robots":{"index":"index","follow":"follow","max-snippet":"max-snippet:-1","max-image-preview":"max-image-preview:large","max-video-preview":"max-video-preview:-1"},"canonical":"https:\/\/123-esta.com\/it\/chiedere-esta-meglio-acquistare-biglietti-aerei\/","og_locale":"it_IT","og_type":"article","og_title":"Richiedere l'ESTA prima di prenotare il volo","og_description":"L'ESTA \u00e8 valida per 2 anni, quindi non \u00e8 necessario richiederla all'ultimo minuto. Soprattutto perch\u00e9 c'\u00e8 ancora il rischio di un rifiuto.","og_url":"https:\/\/123-esta.com\/it\/chiedere-esta-meglio-acquistare-biglietti-aerei\/","og_site_name":"Formulaire ESTA pour les USA","article_modified_time":"2022-08-23T20:45:30+00:00","twitter_card":"summary_large_image","twitter_misc":{"Tempo di lettura stimato":"2 minuti"},"schema":{"@context":"https:\/\/schema.org","@graph":[{"@type":"WebPage","@id":"https:\/\/123-esta.com\/it\/chiedere-esta-meglio-acquistare-biglietti-aerei\/","url":"https:\/\/123-esta.com\/it\/chiedere-esta-meglio-acquistare-biglietti-aerei\/","name":"Richiedere l'ESTA prima di prenotare il volo","isPartOf":{"@id":"https:\/\/123-esta.com\/it\/#website"},"datePublished":"2022-07-27T19:34:42+00:00","dateModified":"2022-08-23T20:45:30+00:00","description":"L'ESTA \u00e8 valida per 2 anni, quindi non \u00e8 necessario richiederla all'ultimo minuto. Soprattutto perch\u00e9 c'\u00e8 ancora il rischio di un rifiuto.","inLanguage":"it-IT","potentialAction":[{"@type":"ReadAction","target":["https:\/\/123-esta.com\/it\/chiedere-esta-meglio-acquistare-biglietti-aerei\/"]}]},{"@type":"WebSite","@id":"https:\/\/123-esta.com\/it\/#website","url":"https:\/\/123-esta.com\/it\/","name":"Formulaire ESTA pour les USA","description":"","publisher":{"@id":"https:\/\/123-esta.com\/it\/#organization"},"potentialAction":[{"@type":"SearchAction","target":{"@type":"EntryPoint","urlTemplate":"https:\/\/123-esta.com\/it\/?s={search_term_string}"},"query-input":{"@type":"PropertyValueSpecification","valueRequired":true,"valueName":"search_term_string"}}],"inLanguage":"it-IT"},{"@type":"Organization","@id":"https:\/\/123-esta.com\/it\/#organization","name":"Formulaire ESTA pour les USA","url":"https:\/\/123-esta.com\/it\/","logo":{"@type":"ImageObject","inLanguage":"it-IT","@id":"https:\/\/123-esta.com\/it\/#\/schema\/logo\/image\/","url":"https:\/\/123-esta.com\/wp-content\/uploads\/2018\/03\/logo-123-esta.png","contentUrl":"https:\/\/123-esta.com\/wp-content\/uploads\/2018\/03\/logo-123-esta.png","width":191,"height":54,"caption":"Formulaire ESTA pour les USA"},"image":{"@id":"https:\/\/123-esta.com\/it\/#\/schema\/logo\/image\/"}}]}},"_links":{"self":[{"href":"https:\/\/123-esta.com\/it\/wp-json\/wp\/v2\/pages\/2392","targetHints":{"allow":["GET"]}}],"collection":[{"href":"https:\/\/123-esta.com\/it\/wp-json\/wp\/v2\/pages"}],"about":[{"href":"https:\/\/123-esta.com\/it\/wp-json\/wp\/v2\/types\/page"}],"author":[{"embeddable":true,"href":"https:\/\/123-esta.com\/it\/wp-json\/wp\/v2\/users\/1"}],"replies":[{"embeddable":true,"href":"https:\/\/123-esta.com\/it\/wp-json\/wp\/v2\/comments?post=2392"}],"version-history":[{"count":0,"href":"https:\/\/123-esta.com\/it\/wp-json\/wp\/v2\/pages\/2392\/revisions"}],"wp:attachment":[{"href":"https:\/\/123-esta.com\/it\/wp-json\/wp\/v2\/media?parent=2392"}],"curies":[{"name":"wp","href":"https:\/\/api.w.org\/{rel}","templated":true}]}}