{"id":2381,"date":"2022-07-27T21:34:40","date_gmt":"2022-07-27T19:34:40","guid":{"rendered":"https:\/\/123-esta.com\/cose-lesta\/"},"modified":"2022-09-06T20:59:16","modified_gmt":"2022-09-06T18:59:16","slug":"cose-esta-per-gli-stati-uniti","status":"publish","type":"page","link":"https:\/\/123-esta.com\/it\/cose-esta-per-gli-stati-uniti\/","title":{"rendered":"Cos&#8217;\u00e8 l&#8217;autorizzazione al viaggio ESTA?"},"content":{"rendered":"\n<p>Ogni anno, diversi milioni di viaggiatori arrivano al confine degli Stati Uniti con l&#8217;autorizzazione <a href=\"https:\/\/123-esta.com\/it\/\">ESTA<\/a>. Come molti altri Paesi del mondo, gli Stati Uniti prendono molto sul serio la sicurezza del proprio territorio, tenendo sotto controllo l&#8217;immigrazione legale. Per ottenere un visto ESTA \u00e8 necessario soddisfare alcune condizioni.<\/p>\n\n<h2 class=\"wp-block-heading\">Qual \u00e8 lo scopo del visto ESTA per gli Stati Uniti?<\/h2>\n\n<p>Il visto ESTA per gli Stati Uniti \u00e8 un&#8217;autorizzazione che deve essere ottenuta prima di poter mettere piede nel Paese dello Zio Sam. Sebbene venga spesso utilizzato il termine &#8220;visto ESTA&#8221;, si tratta di un termine improprio, in quanto l&#8217;ESTA \u00e8 un documento che consente di fare a meno del visto.<\/p>\n\n<p>Il Sistema Elettronico per l&#8217;Autorizzazione al Viaggio (Electronic System for Travel Authorization, ESTA) \u00e8 stato creato per semplificare la vita alle persone che desiderano recarsi negli Stati Uniti. Infatti, \u00e8 molto veloce da ottenere e il <a href=\"https:\/\/123-esta.com\/it\/prezzi-e-pagamenti-esta\/\">costo dell&#8217;ESTA<\/a> \u00e8 molto inferiore a quello di un visto tradizionale. Ma il suo ambito di applicazione \u00e8 limitato ai viaggi d&#8217;affari e al turismo non remunerati. Non \u00e8 consigliabile ottenere un visto ESTA se il viaggio nella terra degli eccessi non rientra in questi criteri. Perch\u00e9 se c&#8217;\u00e8 un problema sul posto, la polizia e le autorit\u00e0 doganali sono estremamente severe nel trattare gli immigrati clandestini.<\/p>\n\n<h2 class=\"wp-block-heading\">Quali sono i requisiti per ottenere un visto ESTA per gli Stati Uniti?<\/h2>\n\n<p>\u00c8 importante conoscere i requisiti per ottenere un visto ESTA per gli Stati Uniti, poich\u00e9 non tutti sono idonei. Infatti, solo i cittadini dei 40 Paesi membri del Visa Waiver Program possono richiedere un visto ESTA. Dovete inoltre assicurarvi di soddisfare i seguenti criteri:<\/p>\n\n<ul class=\"wp-block-list\"><li>Come gi\u00e0 discusso in precedenza, il viaggio deve essere effettuato per motivi turistici o di lavoro, ma senza corrispettivo economico;<\/li><li>Il passaporto utilizzato per il viaggio deve essere elettronico o biometrico. Il periodo di validit\u00e0 deve coprire l&#8217;intera durata del soggiorno;<\/li><li>Il viaggio non deve durare pi\u00f9 di 90 giorni;<\/li><li>Infine, \u00e8 importante poter effettuare i pagamenti online, poich\u00e9 l&#8217;<a href=\"https:\/\/123-esta.com\/it\/esta-ufficiale\/\">ESTA ufficiale<\/a> pu\u00f2 essere ottenuto solo tramite Internet.<\/li><\/ul>\n\n<h2 class=\"wp-block-heading\">Come ottenere un visto ESTA?<\/h2>\n\n<p>Dopo essersi assicurati di soddisfare tutti i requisiti, \u00e8 il momento di compilare il <a href=\"https:\/\/123-esta.com\/it\/come-compilare-il-questionario-esta\/\">questionario ESTA<\/a>. Il questionario \u00e8 suddiviso in 3 parti in cui dovrete rispondere a diverse domande relative ai vostri dati personali (cognome, nome, data e luogo di nascita, ecc.), ai motivi del vostro viaggio o alle informazioni contenute nel vostro passaporto. Si conclude con una serie di domande a cui rispondere con un &#8220;s\u00ec&#8221; o un &#8220;no&#8221; riguardo al proprio stato di salute, alla propria fedina penale, all&#8217;eventuale intenzione di danneggiare la sicurezza interna del paese (si consiglia vivamente di rispondere &#8220;no&#8221; a questa domanda)&#8230;<\/p>\n\n<p>Una volta completato il questionario, lo inoltreremo alle autorit\u00e0 competenti. Se si \u00e8 proceduto direttamente sul sito ufficiale, \u00e8 sufficiente pagare la tassa di iscrizione che verr\u00e0 inoltrata direttamente ai funzionari incaricati della verifica. Se la risposta \u00e8 s\u00ec, dovete sapere che l&#8217;<a href=\"https:\/\/123-esta.com\/it\/tutto-sulla-validita-esta\/\">ESTA \u00e8 valido<\/a> per due anni, a meno che nel frattempo non cambino informazioni importanti (ad esempio, il cambio di passaporto). In caso contrario, non \u00e8 necessario rinnovarlo durante questo periodo.<\/p>\n\n<p>Dopo queste spiegazioni, avrete capito che alla domanda: <a href=\"https:\/\/123-esta.com\/it\/hai-bisogno-di-un-visto-per-stati-uniti\/\">il visto per gli Stati Uniti \u00e8 necessario?<\/a> La nostra risposta \u00e8 un grande S\u00cc, vista la sua natura e la sua utilit\u00e0. Se avete ancora domande sul visto ESTA? Non esitate a consultare le nostre <a href=\"https:\/\/123-esta.com\/it\/faq-esta\/\">FAQ sull&#8217;ESTA<\/a>.<\/p>\n","protected":false},"excerpt":{"rendered":"<p>Ogni anno, diversi milioni di viaggiatori arrivano al confine degli Stati Uniti con l&#8217;autorizzazione ESTA. Come molti altri Paesi del mondo, gli Stati Uniti prendono molto sul serio la sicurezza del proprio territorio, tenendo sotto controllo l&#8217;immigrazione legale. Per ottenere un visto ESTA \u00e8 necessario soddisfare alcune condizioni. Qual \u00e8 lo scopo del visto ESTA [&hellip;]<\/p>\n","protected":false},"author":1,"featured_media":0,"parent":0,"menu_order":0,"comment_status":"closed","ping_status":"closed","template":"","meta":{"site-sidebar-layout":"default","site-content-layout":"default","ast-site-content-layout":"default","site-content-style":"default","site-sidebar-style":"default","ast-global-header-display":"","ast-banner-title-visibility":"","ast-main-header-display":"","ast-hfb-above-header-display":"","ast-hfb-below-header-display":"","ast-hfb-mobile-header-display":"","site-post-title":"","ast-breadcrumbs-content":"","ast-featured-img":"","footer-sml-layout":"","ast-disable-related-posts":"","theme-transparent-header-meta":"default","adv-header-id-meta":"","stick-header-meta":"default","header-above-stick-meta":"","header-main-stick-meta":"","header-below-stick-meta":"","astra-migrate-meta-layouts":"default","ast-page-background-enabled":"default","ast-page-background-meta":{"desktop":{"background-color":"","background-image":"","background-repeat":"repeat","background-position":"center center","background-size":"auto","background-attachment":"scroll","background-type":"","background-media":"","overlay-type":"","overlay-color":"","overlay-opacity":"","overlay-gradient":""},"tablet":{"background-color":"","background-image":"","background-repeat":"repeat","background-position":"center center","background-size":"auto","background-attachment":"scroll","background-type":"","background-media":"","overlay-type":"","overlay-color":"","overlay-opacity":"","overlay-gradient":""},"mobile":{"background-color":"","background-image":"","background-repeat":"repeat","background-position":"center center","background-size":"auto","background-attachment":"scroll","background-type":"","background-media":"","overlay-type":"","overlay-color":"","overlay-opacity":"","overlay-gradient":""}},"ast-content-background-meta":{"desktop":{"background-color":"var(--ast-global-color-5)","background-image":"","background-repeat":"repeat","background-position":"center center","background-size":"auto","background-attachment":"scroll","background-type":"","background-media":"","overlay-type":"","overlay-color":"","overlay-opacity":"","overlay-gradient":""},"tablet":{"background-color":"var(--ast-global-color-5)","background-image":"","background-repeat":"repeat","background-position":"center center","background-size":"auto","background-attachment":"scroll","background-type":"","background-media":"","overlay-type":"","overlay-color":"","overlay-opacity":"","overlay-gradient":""},"mobile":{"background-color":"var(--ast-global-color-5)","background-image":"","background-repeat":"repeat","background-position":"center center","background-size":"auto","background-attachment":"scroll","background-type":"","background-media":"","overlay-type":"","overlay-color":"","overlay-opacity":"","overlay-gradient":""}},"footnotes":""},"class_list":["post-2381","page","type-page","status-publish","hentry"],"yoast_head":"<!-- This site is optimized with the Yoast SEO plugin v27.1.1 - https:\/\/yoast.com\/product\/yoast-seo-wordpress\/ -->\n<title>Cos&#039;\u00e8 l&#039;autorizzazione al viaggio ESTA?<\/title>\n<meta name=\"description\" content=\"L&#039;autorizzazione di viaggio ESTA \u00e8 diventata una tappa fondamentale nella preparazione di un breve viaggio negli Stati Uniti. Vi raccontiamo tutto.\" \/>\n<meta name=\"robots\" content=\"index, follow, max-snippet:-1, max-image-preview:large, max-video-preview:-1\" \/>\n<link rel=\"canonical\" href=\"https:\/\/123-esta.com\/it\/cose-esta-per-gli-stati-uniti\/\" \/>\n<meta property=\"og:locale\" content=\"it_IT\" \/>\n<meta property=\"og:type\" content=\"article\" \/>\n<meta property=\"og:title\" content=\"Cos&#039;\u00e8 l&#039;autorizzazione al viaggio ESTA?\" \/>\n<meta property=\"og:description\" content=\"L&#039;autorizzazione di viaggio ESTA \u00e8 diventata una tappa fondamentale nella preparazione di un breve viaggio negli Stati Uniti. Vi raccontiamo tutto.\" \/>\n<meta property=\"og:url\" content=\"https:\/\/123-esta.com\/it\/cose-esta-per-gli-stati-uniti\/\" \/>\n<meta property=\"og:site_name\" content=\"Formulaire ESTA pour les USA\" \/>\n<meta property=\"article:modified_time\" content=\"2022-09-06T18:59:16+00:00\" \/>\n<meta name=\"twitter:card\" content=\"summary_large_image\" \/>\n<meta name=\"twitter:label1\" content=\"Tempo di lettura stimato\" \/>\n\t<meta name=\"twitter:data1\" content=\"3 minuti\" \/>\n<script type=\"application\/ld+json\" class=\"yoast-schema-graph\">{\"@context\":\"https:\/\/schema.org\",\"@graph\":[{\"@type\":\"WebPage\",\"@id\":\"https:\/\/123-esta.com\/it\/cose-esta-per-gli-stati-uniti\/\",\"url\":\"https:\/\/123-esta.com\/it\/cose-esta-per-gli-stati-uniti\/\",\"name\":\"Cos'\u00e8 l'autorizzazione al viaggio ESTA?\",\"isPartOf\":{\"@id\":\"https:\/\/123-esta.com\/it\/#website\"},\"datePublished\":\"2022-07-27T19:34:40+00:00\",\"dateModified\":\"2022-09-06T18:59:16+00:00\",\"description\":\"L'autorizzazione di viaggio ESTA \u00e8 diventata una tappa fondamentale nella preparazione di un breve viaggio negli Stati Uniti. Vi raccontiamo tutto.\",\"inLanguage\":\"it-IT\",\"potentialAction\":[{\"@type\":\"ReadAction\",\"target\":[\"https:\/\/123-esta.com\/it\/cose-esta-per-gli-stati-uniti\/\"]}]},{\"@type\":\"WebSite\",\"@id\":\"https:\/\/123-esta.com\/it\/#website\",\"url\":\"https:\/\/123-esta.com\/it\/\",\"name\":\"Formulaire ESTA pour les USA\",\"description\":\"\",\"publisher\":{\"@id\":\"https:\/\/123-esta.com\/it\/#organization\"},\"potentialAction\":[{\"@type\":\"SearchAction\",\"target\":{\"@type\":\"EntryPoint\",\"urlTemplate\":\"https:\/\/123-esta.com\/it\/?s={search_term_string}\"},\"query-input\":{\"@type\":\"PropertyValueSpecification\",\"valueRequired\":true,\"valueName\":\"search_term_string\"}}],\"inLanguage\":\"it-IT\"},{\"@type\":\"Organization\",\"@id\":\"https:\/\/123-esta.com\/it\/#organization\",\"name\":\"Formulaire ESTA pour les USA\",\"url\":\"https:\/\/123-esta.com\/it\/\",\"logo\":{\"@type\":\"ImageObject\",\"inLanguage\":\"it-IT\",\"@id\":\"https:\/\/123-esta.com\/it\/#\/schema\/logo\/image\/\",\"url\":\"https:\/\/123-esta.com\/wp-content\/uploads\/2018\/03\/logo-123-esta.png\",\"contentUrl\":\"https:\/\/123-esta.com\/wp-content\/uploads\/2018\/03\/logo-123-esta.png\",\"width\":191,\"height\":54,\"caption\":\"Formulaire ESTA pour les USA\"},\"image\":{\"@id\":\"https:\/\/123-esta.com\/it\/#\/schema\/logo\/image\/\"}}]}<\/script>\n<!-- \/ Yoast SEO plugin. -->","yoast_head_json":{"title":"Cos'\u00e8 l'autorizzazione al viaggio ESTA?","description":"L'autorizzazione di viaggio ESTA \u00e8 diventata una tappa fondamentale nella preparazione di un breve viaggio negli Stati Uniti. Vi raccontiamo tutto.","robots":{"index":"index","follow":"follow","max-snippet":"max-snippet:-1","max-image-preview":"max-image-preview:large","max-video-preview":"max-video-preview:-1"},"canonical":"https:\/\/123-esta.com\/it\/cose-esta-per-gli-stati-uniti\/","og_locale":"it_IT","og_type":"article","og_title":"Cos'\u00e8 l'autorizzazione al viaggio ESTA?","og_description":"L'autorizzazione di viaggio ESTA \u00e8 diventata una tappa fondamentale nella preparazione di un breve viaggio negli Stati Uniti. Vi raccontiamo tutto.","og_url":"https:\/\/123-esta.com\/it\/cose-esta-per-gli-stati-uniti\/","og_site_name":"Formulaire ESTA pour les USA","article_modified_time":"2022-09-06T18:59:16+00:00","twitter_card":"summary_large_image","twitter_misc":{"Tempo di lettura stimato":"3 minuti"},"schema":{"@context":"https:\/\/schema.org","@graph":[{"@type":"WebPage","@id":"https:\/\/123-esta.com\/it\/cose-esta-per-gli-stati-uniti\/","url":"https:\/\/123-esta.com\/it\/cose-esta-per-gli-stati-uniti\/","name":"Cos'\u00e8 l'autorizzazione al viaggio ESTA?","isPartOf":{"@id":"https:\/\/123-esta.com\/it\/#website"},"datePublished":"2022-07-27T19:34:40+00:00","dateModified":"2022-09-06T18:59:16+00:00","description":"L'autorizzazione di viaggio ESTA \u00e8 diventata una tappa fondamentale nella preparazione di un breve viaggio negli Stati Uniti. Vi raccontiamo tutto.","inLanguage":"it-IT","potentialAction":[{"@type":"ReadAction","target":["https:\/\/123-esta.com\/it\/cose-esta-per-gli-stati-uniti\/"]}]},{"@type":"WebSite","@id":"https:\/\/123-esta.com\/it\/#website","url":"https:\/\/123-esta.com\/it\/","name":"Formulaire ESTA pour les USA","description":"","publisher":{"@id":"https:\/\/123-esta.com\/it\/#organization"},"potentialAction":[{"@type":"SearchAction","target":{"@type":"EntryPoint","urlTemplate":"https:\/\/123-esta.com\/it\/?s={search_term_string}"},"query-input":{"@type":"PropertyValueSpecification","valueRequired":true,"valueName":"search_term_string"}}],"inLanguage":"it-IT"},{"@type":"Organization","@id":"https:\/\/123-esta.com\/it\/#organization","name":"Formulaire ESTA pour les USA","url":"https:\/\/123-esta.com\/it\/","logo":{"@type":"ImageObject","inLanguage":"it-IT","@id":"https:\/\/123-esta.com\/it\/#\/schema\/logo\/image\/","url":"https:\/\/123-esta.com\/wp-content\/uploads\/2018\/03\/logo-123-esta.png","contentUrl":"https:\/\/123-esta.com\/wp-content\/uploads\/2018\/03\/logo-123-esta.png","width":191,"height":54,"caption":"Formulaire ESTA pour les USA"},"image":{"@id":"https:\/\/123-esta.com\/it\/#\/schema\/logo\/image\/"}}]}},"_links":{"self":[{"href":"https:\/\/123-esta.com\/it\/wp-json\/wp\/v2\/pages\/2381","targetHints":{"allow":["GET"]}}],"collection":[{"href":"https:\/\/123-esta.com\/it\/wp-json\/wp\/v2\/pages"}],"about":[{"href":"https:\/\/123-esta.com\/it\/wp-json\/wp\/v2\/types\/page"}],"author":[{"embeddable":true,"href":"https:\/\/123-esta.com\/it\/wp-json\/wp\/v2\/users\/1"}],"replies":[{"embeddable":true,"href":"https:\/\/123-esta.com\/it\/wp-json\/wp\/v2\/comments?post=2381"}],"version-history":[{"count":0,"href":"https:\/\/123-esta.com\/it\/wp-json\/wp\/v2\/pages\/2381\/revisions"}],"wp:attachment":[{"href":"https:\/\/123-esta.com\/it\/wp-json\/wp\/v2\/media?parent=2381"}],"curies":[{"name":"wp","href":"https:\/\/api.w.org\/{rel}","templated":true}]}}