{"id":2377,"date":"2022-07-27T21:34:36","date_gmt":"2022-07-27T19:34:36","guid":{"rendered":"https:\/\/123-esta.com\/il-noi-trasporti\/"},"modified":"2022-08-31T11:31:36","modified_gmt":"2022-08-31T09:31:36","slug":"trasporti-negli-stati-uniti","status":"publish","type":"page","link":"https:\/\/123-esta.com\/it\/trasporti-negli-stati-uniti\/","title":{"rendered":"Mezzi di trasporto per visitare gli Stati Uniti"},"content":{"rendered":"<p>Visitare gli Stati Uniti da nord a sud, da est a ovest e attraverso il centro \u00e8 un compito arduo a causa delle immense dimensioni del Paese. Seguite i nostri <a href=\"https:\/\/123-esta.com\/it\/consigli-per-viaggiare-negli-stati-uniti\/\">consigli sugli Stati Uniti<\/a> per semplificarvi la vita.<\/p>\n<p>Con una superficie di 9.370.000 chilometri quadrati e una popolazione di circa 322 milioni di abitanti, il Paese \u00e8 uno dei pi\u00f9 grandi al mondo. Solo 3 Paesi sono pi\u00f9 grandi: la Russia con 17.090.000 km2, il Canada con 9.980.000 km2 e la Cina con 9.680.000 km2.<\/p>\n<p>Tuttavia, ci sono molti modi per spostarsi negli Stati Uniti.<\/p>\n<h2>Come spostarsi negli Stati Uniti?<\/h2>\n<p>Negli Stati Uniti, nonostante la vastit\u00e0 del Paese, \u00e8 spesso possibile spostarsi da una citt\u00e0 all&#8217;altra utilizzando diversi mezzi di trasporto: auto, autobus, aereo e, in alcuni casi, nave o treno. Il Paese \u00e8 ben servito da numerose autostrade e moderni aeroporti che collegano le citt\u00e0 pi\u00f9 grandi e le frazioni pi\u00f9 piccole.<\/p>\n<p>Viaggiare \u00e8 bene, ma essere preparati lo \u00e8 ancora di pi\u00f9 e come dice il proverbio: se vuoi viaggiare lontano, devi essere preparato. \u00c8 quindi importante adeguare il budget alle modalit\u00e0 di trasporto.<\/p>\n<h2>Treno, auto, aereo, camper, barca, ecc.<\/h2>\n<p>Come in Europa, anche negli Stati Uniti \u00e8 possibile viaggiare in treno. \u00c8 un mezzo di trasporto moderno e molto confortevole a tariffe spesso imbattibili. Una volta a bordo, \u00e8 possibile trovare un ristorante con prezzi relativamente accessibili.<\/p>\n<p>Un&#8217;altra possibilit\u00e0 \u00e8 quella di viaggiare in autobus con una compagnia come Greyhound. Rispetto al treno, questo mezzo di trasporto \u00e8 spesso pi\u00f9 veloce e offre pi\u00f9 opzioni di destinazione e di orario. Se avete intenzione di percorrere distanze molto lunghe, gli autobus sono una vera alternativa. In particolare, gli autobus notturni possono essere un&#8217;ottima opzione per i viaggiatori che desiderano risparmiare su un pernottamento.<\/p>\n<p>Se potete permettervelo, l&#8217;<a href=\"https:\/\/123-esta.com\/it\/chiedere-esta-meglio-acquistare-biglietti-aerei\/\">aereo vi permetter\u00e0 di andare ancora pi\u00f9 veloci nei vostri viaggi a lunga distanza<\/a>. Tutte le principali citt\u00e0 statunitensi dispongono di aeroporti con infrastrutture moderne.<\/p>\n<p>Per coloro che desiderano <a href=\"https:\/\/123-esta.com\/it\/guidare-negli-stati-uniti-con-la-patente-italiana\/\">noleggiare un&#8217;auto<\/a> utilitaria, negli Stati Uniti ci sono molte opzioni. Gli aeroporti sono spesso pieni di agenzie di noleggio. Su alcuni siti web \u00e8 addirittura possibile noleggiare un&#8217;auto da privati a pagamento, il che \u00e8 spesso molto interessante.<\/p>\n<p>Un ultimo mezzo di trasporto che possiamo consigliare sono i camper. In effetti, la domanda \u00e8 superiore all&#8217;offerta! In famiglia o in coppia, \u00e8 uno dei mezzi di trasporto preferiti per il vostro viaggio nelle terre americane in luoghi mitici come New York, Florida, ecc.<\/p>\n<p>Un ultimo modo originale di viaggiare \u00e8 la bicicletta. <a href=\"https:\/\/123-esta.com\/it\/tour-in-bicicletta-degli-stati-uniti\/\">Visitare gli Stati Uniti in bicicletta<\/a> pu\u00f2 essere un&#8217;esperienza straordinaria!<\/p>\n","protected":false},"excerpt":{"rendered":"<p>Visitare gli Stati Uniti da nord a sud, da est a ovest e attraverso il centro \u00e8 un compito arduo a causa delle immense dimensioni del Paese. Seguite i nostri consigli sugli Stati Uniti per semplificarvi la vita. Con una superficie di 9.370.000 chilometri quadrati e una popolazione di circa 322 milioni di abitanti, il [&hellip;]<\/p>\n","protected":false},"author":1,"featured_media":0,"parent":0,"menu_order":0,"comment_status":"closed","ping_status":"closed","template":"","meta":{"site-sidebar-layout":"default","site-content-layout":"default","ast-site-content-layout":"default","site-content-style":"default","site-sidebar-style":"default","ast-global-header-display":"","ast-banner-title-visibility":"","ast-main-header-display":"","ast-hfb-above-header-display":"","ast-hfb-below-header-display":"","ast-hfb-mobile-header-display":"","site-post-title":"","ast-breadcrumbs-content":"","ast-featured-img":"","footer-sml-layout":"","ast-disable-related-posts":"","theme-transparent-header-meta":"default","adv-header-id-meta":"","stick-header-meta":"default","header-above-stick-meta":"","header-main-stick-meta":"","header-below-stick-meta":"","astra-migrate-meta-layouts":"default","ast-page-background-enabled":"default","ast-page-background-meta":{"desktop":{"background-color":"","background-image":"","background-repeat":"repeat","background-position":"center center","background-size":"auto","background-attachment":"scroll","background-type":"","background-media":"","overlay-type":"","overlay-color":"","overlay-opacity":"","overlay-gradient":""},"tablet":{"background-color":"","background-image":"","background-repeat":"repeat","background-position":"center center","background-size":"auto","background-attachment":"scroll","background-type":"","background-media":"","overlay-type":"","overlay-color":"","overlay-opacity":"","overlay-gradient":""},"mobile":{"background-color":"","background-image":"","background-repeat":"repeat","background-position":"center center","background-size":"auto","background-attachment":"scroll","background-type":"","background-media":"","overlay-type":"","overlay-color":"","overlay-opacity":"","overlay-gradient":""}},"ast-content-background-meta":{"desktop":{"background-color":"var(--ast-global-color-5)","background-image":"","background-repeat":"repeat","background-position":"center center","background-size":"auto","background-attachment":"scroll","background-type":"","background-media":"","overlay-type":"","overlay-color":"","overlay-opacity":"","overlay-gradient":""},"tablet":{"background-color":"var(--ast-global-color-5)","background-image":"","background-repeat":"repeat","background-position":"center center","background-size":"auto","background-attachment":"scroll","background-type":"","background-media":"","overlay-type":"","overlay-color":"","overlay-opacity":"","overlay-gradient":""},"mobile":{"background-color":"var(--ast-global-color-5)","background-image":"","background-repeat":"repeat","background-position":"center center","background-size":"auto","background-attachment":"scroll","background-type":"","background-media":"","overlay-type":"","overlay-color":"","overlay-opacity":"","overlay-gradient":""}},"footnotes":""},"class_list":["post-2377","page","type-page","status-publish","hentry"],"yoast_head":"<!-- This site is optimized with the Yoast SEO plugin v27.1.1 - https:\/\/yoast.com\/product\/yoast-seo-wordpress\/ -->\n<title>Quali sono i migliori mezzi di trasporto per visitare gli Stati Uniti?<\/title>\n<meta name=\"description\" content=\"Gli Stati Uniti sono un paese molto grande, ma non lasciatevi scoraggiare, perch\u00e9 \u00e8 molto facile spostarsi negli Stati Uniti. Elenco delle modalit\u00e0 di trasporto.\" \/>\n<meta name=\"robots\" content=\"index, follow, max-snippet:-1, max-image-preview:large, max-video-preview:-1\" \/>\n<link rel=\"canonical\" href=\"https:\/\/123-esta.com\/it\/trasporti-negli-stati-uniti\/\" \/>\n<meta property=\"og:locale\" content=\"it_IT\" \/>\n<meta property=\"og:type\" content=\"article\" \/>\n<meta property=\"og:title\" content=\"Quali sono i migliori mezzi di trasporto per visitare gli Stati Uniti?\" \/>\n<meta property=\"og:description\" content=\"Gli Stati Uniti sono un paese molto grande, ma non lasciatevi scoraggiare, perch\u00e9 \u00e8 molto facile spostarsi negli Stati Uniti. Elenco delle modalit\u00e0 di trasporto.\" \/>\n<meta property=\"og:url\" content=\"https:\/\/123-esta.com\/it\/trasporti-negli-stati-uniti\/\" \/>\n<meta property=\"og:site_name\" content=\"Formulaire ESTA pour les USA\" \/>\n<meta property=\"article:modified_time\" content=\"2022-08-31T09:31:36+00:00\" \/>\n<meta name=\"twitter:card\" content=\"summary_large_image\" \/>\n<meta name=\"twitter:label1\" content=\"Tempo di lettura stimato\" \/>\n\t<meta name=\"twitter:data1\" content=\"2 minuti\" \/>\n<script type=\"application\/ld+json\" class=\"yoast-schema-graph\">{\"@context\":\"https:\/\/schema.org\",\"@graph\":[{\"@type\":\"WebPage\",\"@id\":\"https:\/\/123-esta.com\/it\/trasporti-negli-stati-uniti\/\",\"url\":\"https:\/\/123-esta.com\/it\/trasporti-negli-stati-uniti\/\",\"name\":\"Quali sono i migliori mezzi di trasporto per visitare gli Stati Uniti?\",\"isPartOf\":{\"@id\":\"https:\/\/123-esta.com\/it\/#website\"},\"datePublished\":\"2022-07-27T19:34:36+00:00\",\"dateModified\":\"2022-08-31T09:31:36+00:00\",\"description\":\"Gli Stati Uniti sono un paese molto grande, ma non lasciatevi scoraggiare, perch\u00e9 \u00e8 molto facile spostarsi negli Stati Uniti. Elenco delle modalit\u00e0 di trasporto.\",\"inLanguage\":\"it-IT\",\"potentialAction\":[{\"@type\":\"ReadAction\",\"target\":[\"https:\/\/123-esta.com\/it\/trasporti-negli-stati-uniti\/\"]}]},{\"@type\":\"WebSite\",\"@id\":\"https:\/\/123-esta.com\/it\/#website\",\"url\":\"https:\/\/123-esta.com\/it\/\",\"name\":\"Formulaire ESTA pour les USA\",\"description\":\"\",\"publisher\":{\"@id\":\"https:\/\/123-esta.com\/it\/#organization\"},\"potentialAction\":[{\"@type\":\"SearchAction\",\"target\":{\"@type\":\"EntryPoint\",\"urlTemplate\":\"https:\/\/123-esta.com\/it\/?s={search_term_string}\"},\"query-input\":{\"@type\":\"PropertyValueSpecification\",\"valueRequired\":true,\"valueName\":\"search_term_string\"}}],\"inLanguage\":\"it-IT\"},{\"@type\":\"Organization\",\"@id\":\"https:\/\/123-esta.com\/it\/#organization\",\"name\":\"Formulaire ESTA pour les USA\",\"url\":\"https:\/\/123-esta.com\/it\/\",\"logo\":{\"@type\":\"ImageObject\",\"inLanguage\":\"it-IT\",\"@id\":\"https:\/\/123-esta.com\/it\/#\/schema\/logo\/image\/\",\"url\":\"https:\/\/123-esta.com\/wp-content\/uploads\/2018\/03\/logo-123-esta.png\",\"contentUrl\":\"https:\/\/123-esta.com\/wp-content\/uploads\/2018\/03\/logo-123-esta.png\",\"width\":191,\"height\":54,\"caption\":\"Formulaire ESTA pour les USA\"},\"image\":{\"@id\":\"https:\/\/123-esta.com\/it\/#\/schema\/logo\/image\/\"}}]}<\/script>\n<!-- \/ Yoast SEO plugin. -->","yoast_head_json":{"title":"Quali sono i migliori mezzi di trasporto per visitare gli Stati Uniti?","description":"Gli Stati Uniti sono un paese molto grande, ma non lasciatevi scoraggiare, perch\u00e9 \u00e8 molto facile spostarsi negli Stati Uniti. Elenco delle modalit\u00e0 di trasporto.","robots":{"index":"index","follow":"follow","max-snippet":"max-snippet:-1","max-image-preview":"max-image-preview:large","max-video-preview":"max-video-preview:-1"},"canonical":"https:\/\/123-esta.com\/it\/trasporti-negli-stati-uniti\/","og_locale":"it_IT","og_type":"article","og_title":"Quali sono i migliori mezzi di trasporto per visitare gli Stati Uniti?","og_description":"Gli Stati Uniti sono un paese molto grande, ma non lasciatevi scoraggiare, perch\u00e9 \u00e8 molto facile spostarsi negli Stati Uniti. Elenco delle modalit\u00e0 di trasporto.","og_url":"https:\/\/123-esta.com\/it\/trasporti-negli-stati-uniti\/","og_site_name":"Formulaire ESTA pour les USA","article_modified_time":"2022-08-31T09:31:36+00:00","twitter_card":"summary_large_image","twitter_misc":{"Tempo di lettura stimato":"2 minuti"},"schema":{"@context":"https:\/\/schema.org","@graph":[{"@type":"WebPage","@id":"https:\/\/123-esta.com\/it\/trasporti-negli-stati-uniti\/","url":"https:\/\/123-esta.com\/it\/trasporti-negli-stati-uniti\/","name":"Quali sono i migliori mezzi di trasporto per visitare gli Stati Uniti?","isPartOf":{"@id":"https:\/\/123-esta.com\/it\/#website"},"datePublished":"2022-07-27T19:34:36+00:00","dateModified":"2022-08-31T09:31:36+00:00","description":"Gli Stati Uniti sono un paese molto grande, ma non lasciatevi scoraggiare, perch\u00e9 \u00e8 molto facile spostarsi negli Stati Uniti. Elenco delle modalit\u00e0 di trasporto.","inLanguage":"it-IT","potentialAction":[{"@type":"ReadAction","target":["https:\/\/123-esta.com\/it\/trasporti-negli-stati-uniti\/"]}]},{"@type":"WebSite","@id":"https:\/\/123-esta.com\/it\/#website","url":"https:\/\/123-esta.com\/it\/","name":"Formulaire ESTA pour les USA","description":"","publisher":{"@id":"https:\/\/123-esta.com\/it\/#organization"},"potentialAction":[{"@type":"SearchAction","target":{"@type":"EntryPoint","urlTemplate":"https:\/\/123-esta.com\/it\/?s={search_term_string}"},"query-input":{"@type":"PropertyValueSpecification","valueRequired":true,"valueName":"search_term_string"}}],"inLanguage":"it-IT"},{"@type":"Organization","@id":"https:\/\/123-esta.com\/it\/#organization","name":"Formulaire ESTA pour les USA","url":"https:\/\/123-esta.com\/it\/","logo":{"@type":"ImageObject","inLanguage":"it-IT","@id":"https:\/\/123-esta.com\/it\/#\/schema\/logo\/image\/","url":"https:\/\/123-esta.com\/wp-content\/uploads\/2018\/03\/logo-123-esta.png","contentUrl":"https:\/\/123-esta.com\/wp-content\/uploads\/2018\/03\/logo-123-esta.png","width":191,"height":54,"caption":"Formulaire ESTA pour les USA"},"image":{"@id":"https:\/\/123-esta.com\/it\/#\/schema\/logo\/image\/"}}]}},"_links":{"self":[{"href":"https:\/\/123-esta.com\/it\/wp-json\/wp\/v2\/pages\/2377","targetHints":{"allow":["GET"]}}],"collection":[{"href":"https:\/\/123-esta.com\/it\/wp-json\/wp\/v2\/pages"}],"about":[{"href":"https:\/\/123-esta.com\/it\/wp-json\/wp\/v2\/types\/page"}],"author":[{"embeddable":true,"href":"https:\/\/123-esta.com\/it\/wp-json\/wp\/v2\/users\/1"}],"replies":[{"embeddable":true,"href":"https:\/\/123-esta.com\/it\/wp-json\/wp\/v2\/comments?post=2377"}],"version-history":[{"count":0,"href":"https:\/\/123-esta.com\/it\/wp-json\/wp\/v2\/pages\/2377\/revisions"}],"wp:attachment":[{"href":"https:\/\/123-esta.com\/it\/wp-json\/wp\/v2\/media?parent=2377"}],"curies":[{"name":"wp","href":"https:\/\/api.w.org\/{rel}","templated":true}]}}