{"id":2373,"date":"2022-07-27T21:34:36","date_gmt":"2022-07-27T19:34:36","guid":{"rendered":"https:\/\/123-esta.com\/guidare-negli-stati-uniti-con-la-patente\/"},"modified":"2022-08-23T22:33:12","modified_gmt":"2022-08-23T20:33:12","slug":"guidare-negli-stati-uniti-con-la-patente-italiana","status":"publish","type":"page","link":"https:\/\/123-esta.com\/it\/guidare-negli-stati-uniti-con-la-patente-italiana\/","title":{"rendered":"guidare negli Stati Uniti con la patente italiana"},"content":{"rendered":"\n<p>Chi non ha mai sognato di guidare negli Stati Uniti su strade mitiche come la Route 66? L&#8217;automobile \u00e8 il <a href=\"https:\/\/123-esta.com\/it\/trasporti-negli-stati-uniti\/\">principale mezzo di trasporto negli Stati Uniti<\/a>.<\/p>\n\n<p>Per poter realizzare il sogno di un viaggio negli Stati Uniti, \u00e8 importante richiedere online l&#8217;autorizzazione elettronica al viaggio ESTA. Inoltre, il viaggiatore deve ovviamente essere in possesso di una patente di guida valida per poter viaggiare in sicurezza negli Stati Uniti.<\/p>\n\n<p>A quali condizioni una patente italiana \u00e8 valida per guidare nel Paese dello zio Sam?<\/p>\n\n<h2 class=\"wp-block-heading\">Quale patente di guida per un breve soggiorno negli USA?<\/h2>\n\n<p>Per un soggiorno negli USA inferiore a 3 mesi, dovrebbe essere sufficiente la patente di guida italiana. Infatti, i modelli di patente dell&#8217;Italia con 1 o 3 parti sono sufficienti per poter camminare nei vari stati americani.<\/p>\n\n<p>Altri requisiti per utilizzare la patente italiana per guidare negli Stati Uniti:<\/p>\n\n<ul class=\"wp-block-list\"><li>il conducente deve avere almeno 21 anni;<\/li><li>Alcune agenzie di autonoleggio locali richiedono che il cliente abbia almeno 25 anni di et\u00e0 per noleggiare un&#8217;auto;<\/li><li>affinch\u00e9 il certificato di guida sia autorizzato, \u00e8 essenziale che il documento risalga a pi\u00f9 di un anno fa.<\/li><\/ul>\n\n<h2 class=\"wp-block-heading\">Cosa succede quando il tempo di permanenza \u00e8 pi\u00f9 lungo?<\/h2>\n\n<p>Il permesso italiana non \u00e8 pi\u00f9 valido se il soggiorno negli USA supera i 3 mesi. In questo caso, spesso \u00e8 necessario prendere la patente di guida dello Stato di residenza. Poich\u00e9 le leggi variano da regione a regione, si consiglia di contattare i consolati italiano negli Stati interessati per saperne di pi\u00f9. Si noti che in alcuni casi non \u00e8 necessario ripetere l&#8217;esame di guida.<\/p>\n\n<p>In ogni caso, i viaggiatori che desiderano soggiornare negli Stati Uniti per pi\u00f9 di 90 giorni dovranno utilizzare un permesso di guida internazionale. I permessi sono validi per un anno.<\/p>\n\n<h2 class=\"wp-block-heading\">I vantaggi di una patente internazionale per la guida negli USA<\/h2>\n\n<p>Per ottenere un permesso internazionale, \u00e8 sufficiente rivolgersi alla prefettura locale. Questo approccio gratuito consente di noleggiare facilmente un&#8217;auto presso le agenzie della maggior parte dei Paesi stranieri, compresi gli Stati Uniti.<\/p>\n\n<p>Anche se la patente di guida italiana pu\u00f2 essere sufficiente per compilare i moduli di noleggio auto, i turisti pi\u00f9 lungimiranti dovrebbero ottenere una patente internazionale per risparmiare tempo nel processo amministrativo.<\/p>\n\n<p>Un ultimo consiglio per chi viaggia per la prima volta: non esitate a investire in un GPS oltre all&#8217;auto a noleggio. Potrebbe farvi risparmiare molto tempo e situazioni spiacevoli.<\/p>\n","protected":false},"excerpt":{"rendered":"<p>Chi non ha mai sognato di guidare negli Stati Uniti su strade mitiche come la Route 66? L&#8217;automobile \u00e8 il principale mezzo di trasporto negli Stati Uniti. Per poter realizzare il sogno di un viaggio negli Stati Uniti, \u00e8 importante richiedere online l&#8217;autorizzazione elettronica al viaggio ESTA. Inoltre, il viaggiatore deve ovviamente essere in possesso [&hellip;]<\/p>\n","protected":false},"author":1,"featured_media":0,"parent":0,"menu_order":0,"comment_status":"closed","ping_status":"closed","template":"","meta":{"site-sidebar-layout":"default","site-content-layout":"default","ast-site-content-layout":"default","site-content-style":"default","site-sidebar-style":"default","ast-global-header-display":"","ast-banner-title-visibility":"","ast-main-header-display":"","ast-hfb-above-header-display":"","ast-hfb-below-header-display":"","ast-hfb-mobile-header-display":"","site-post-title":"","ast-breadcrumbs-content":"","ast-featured-img":"","footer-sml-layout":"","ast-disable-related-posts":"","theme-transparent-header-meta":"default","adv-header-id-meta":"","stick-header-meta":"default","header-above-stick-meta":"","header-main-stick-meta":"","header-below-stick-meta":"","astra-migrate-meta-layouts":"default","ast-page-background-enabled":"default","ast-page-background-meta":{"desktop":{"background-color":"","background-image":"","background-repeat":"repeat","background-position":"center center","background-size":"auto","background-attachment":"scroll","background-type":"","background-media":"","overlay-type":"","overlay-color":"","overlay-opacity":"","overlay-gradient":""},"tablet":{"background-color":"","background-image":"","background-repeat":"repeat","background-position":"center center","background-size":"auto","background-attachment":"scroll","background-type":"","background-media":"","overlay-type":"","overlay-color":"","overlay-opacity":"","overlay-gradient":""},"mobile":{"background-color":"","background-image":"","background-repeat":"repeat","background-position":"center center","background-size":"auto","background-attachment":"scroll","background-type":"","background-media":"","overlay-type":"","overlay-color":"","overlay-opacity":"","overlay-gradient":""}},"ast-content-background-meta":{"desktop":{"background-color":"var(--ast-global-color-5)","background-image":"","background-repeat":"repeat","background-position":"center center","background-size":"auto","background-attachment":"scroll","background-type":"","background-media":"","overlay-type":"","overlay-color":"","overlay-opacity":"","overlay-gradient":""},"tablet":{"background-color":"var(--ast-global-color-5)","background-image":"","background-repeat":"repeat","background-position":"center center","background-size":"auto","background-attachment":"scroll","background-type":"","background-media":"","overlay-type":"","overlay-color":"","overlay-opacity":"","overlay-gradient":""},"mobile":{"background-color":"var(--ast-global-color-5)","background-image":"","background-repeat":"repeat","background-position":"center center","background-size":"auto","background-attachment":"scroll","background-type":"","background-media":"","overlay-type":"","overlay-color":"","overlay-opacity":"","overlay-gradient":""}},"footnotes":""},"class_list":["post-2373","page","type-page","status-publish","hentry"],"yoast_head":"<!-- This site is optimized with the Yoast SEO plugin v27.1.1 - https:\/\/yoast.com\/product\/yoast-seo-wordpress\/ -->\n<title>Si pu\u00f2 guidare negli Stati Uniti con la patente italiana?<\/title>\n<meta name=\"description\" content=\"La guida negli Stati Uniti con una patente italiana dipende dalla durata del soggiorno negli Stati Uniti. Tutto quello che c&#039;\u00e8 da sapere qui.\" \/>\n<meta name=\"robots\" content=\"index, follow, max-snippet:-1, max-image-preview:large, max-video-preview:-1\" \/>\n<link rel=\"canonical\" href=\"https:\/\/123-esta.com\/it\/guidare-negli-stati-uniti-con-la-patente-italiana\/\" \/>\n<meta property=\"og:locale\" content=\"it_IT\" \/>\n<meta property=\"og:type\" content=\"article\" \/>\n<meta property=\"og:title\" content=\"Si pu\u00f2 guidare negli Stati Uniti con la patente italiana?\" \/>\n<meta property=\"og:description\" content=\"La guida negli Stati Uniti con una patente italiana dipende dalla durata del soggiorno negli Stati Uniti. Tutto quello che c&#039;\u00e8 da sapere qui.\" \/>\n<meta property=\"og:url\" content=\"https:\/\/123-esta.com\/it\/guidare-negli-stati-uniti-con-la-patente-italiana\/\" \/>\n<meta property=\"og:site_name\" content=\"Formulaire ESTA pour les USA\" \/>\n<meta property=\"article:modified_time\" content=\"2022-08-23T20:33:12+00:00\" \/>\n<meta name=\"twitter:card\" content=\"summary_large_image\" \/>\n<meta name=\"twitter:label1\" content=\"Tempo di lettura stimato\" \/>\n\t<meta name=\"twitter:data1\" content=\"2 minuti\" \/>\n<script type=\"application\/ld+json\" class=\"yoast-schema-graph\">{\"@context\":\"https:\/\/schema.org\",\"@graph\":[{\"@type\":\"WebPage\",\"@id\":\"https:\/\/123-esta.com\/it\/guidare-negli-stati-uniti-con-la-patente-italiana\/\",\"url\":\"https:\/\/123-esta.com\/it\/guidare-negli-stati-uniti-con-la-patente-italiana\/\",\"name\":\"Si pu\u00f2 guidare negli Stati Uniti con la patente italiana?\",\"isPartOf\":{\"@id\":\"https:\/\/123-esta.com\/it\/#website\"},\"datePublished\":\"2022-07-27T19:34:36+00:00\",\"dateModified\":\"2022-08-23T20:33:12+00:00\",\"description\":\"La guida negli Stati Uniti con una patente italiana dipende dalla durata del soggiorno negli Stati Uniti. Tutto quello che c'\u00e8 da sapere qui.\",\"inLanguage\":\"it-IT\",\"potentialAction\":[{\"@type\":\"ReadAction\",\"target\":[\"https:\/\/123-esta.com\/it\/guidare-negli-stati-uniti-con-la-patente-italiana\/\"]}]},{\"@type\":\"WebSite\",\"@id\":\"https:\/\/123-esta.com\/it\/#website\",\"url\":\"https:\/\/123-esta.com\/it\/\",\"name\":\"Formulaire ESTA pour les USA\",\"description\":\"\",\"publisher\":{\"@id\":\"https:\/\/123-esta.com\/it\/#organization\"},\"potentialAction\":[{\"@type\":\"SearchAction\",\"target\":{\"@type\":\"EntryPoint\",\"urlTemplate\":\"https:\/\/123-esta.com\/it\/?s={search_term_string}\"},\"query-input\":{\"@type\":\"PropertyValueSpecification\",\"valueRequired\":true,\"valueName\":\"search_term_string\"}}],\"inLanguage\":\"it-IT\"},{\"@type\":\"Organization\",\"@id\":\"https:\/\/123-esta.com\/it\/#organization\",\"name\":\"Formulaire ESTA pour les USA\",\"url\":\"https:\/\/123-esta.com\/it\/\",\"logo\":{\"@type\":\"ImageObject\",\"inLanguage\":\"it-IT\",\"@id\":\"https:\/\/123-esta.com\/it\/#\/schema\/logo\/image\/\",\"url\":\"https:\/\/123-esta.com\/wp-content\/uploads\/2018\/03\/logo-123-esta.png\",\"contentUrl\":\"https:\/\/123-esta.com\/wp-content\/uploads\/2018\/03\/logo-123-esta.png\",\"width\":191,\"height\":54,\"caption\":\"Formulaire ESTA pour les USA\"},\"image\":{\"@id\":\"https:\/\/123-esta.com\/it\/#\/schema\/logo\/image\/\"}}]}<\/script>\n<!-- \/ Yoast SEO plugin. -->","yoast_head_json":{"title":"Si pu\u00f2 guidare negli Stati Uniti con la patente italiana?","description":"La guida negli Stati Uniti con una patente italiana dipende dalla durata del soggiorno negli Stati Uniti. Tutto quello che c'\u00e8 da sapere qui.","robots":{"index":"index","follow":"follow","max-snippet":"max-snippet:-1","max-image-preview":"max-image-preview:large","max-video-preview":"max-video-preview:-1"},"canonical":"https:\/\/123-esta.com\/it\/guidare-negli-stati-uniti-con-la-patente-italiana\/","og_locale":"it_IT","og_type":"article","og_title":"Si pu\u00f2 guidare negli Stati Uniti con la patente italiana?","og_description":"La guida negli Stati Uniti con una patente italiana dipende dalla durata del soggiorno negli Stati Uniti. Tutto quello che c'\u00e8 da sapere qui.","og_url":"https:\/\/123-esta.com\/it\/guidare-negli-stati-uniti-con-la-patente-italiana\/","og_site_name":"Formulaire ESTA pour les USA","article_modified_time":"2022-08-23T20:33:12+00:00","twitter_card":"summary_large_image","twitter_misc":{"Tempo di lettura stimato":"2 minuti"},"schema":{"@context":"https:\/\/schema.org","@graph":[{"@type":"WebPage","@id":"https:\/\/123-esta.com\/it\/guidare-negli-stati-uniti-con-la-patente-italiana\/","url":"https:\/\/123-esta.com\/it\/guidare-negli-stati-uniti-con-la-patente-italiana\/","name":"Si pu\u00f2 guidare negli Stati Uniti con la patente italiana?","isPartOf":{"@id":"https:\/\/123-esta.com\/it\/#website"},"datePublished":"2022-07-27T19:34:36+00:00","dateModified":"2022-08-23T20:33:12+00:00","description":"La guida negli Stati Uniti con una patente italiana dipende dalla durata del soggiorno negli Stati Uniti. Tutto quello che c'\u00e8 da sapere qui.","inLanguage":"it-IT","potentialAction":[{"@type":"ReadAction","target":["https:\/\/123-esta.com\/it\/guidare-negli-stati-uniti-con-la-patente-italiana\/"]}]},{"@type":"WebSite","@id":"https:\/\/123-esta.com\/it\/#website","url":"https:\/\/123-esta.com\/it\/","name":"Formulaire ESTA pour les USA","description":"","publisher":{"@id":"https:\/\/123-esta.com\/it\/#organization"},"potentialAction":[{"@type":"SearchAction","target":{"@type":"EntryPoint","urlTemplate":"https:\/\/123-esta.com\/it\/?s={search_term_string}"},"query-input":{"@type":"PropertyValueSpecification","valueRequired":true,"valueName":"search_term_string"}}],"inLanguage":"it-IT"},{"@type":"Organization","@id":"https:\/\/123-esta.com\/it\/#organization","name":"Formulaire ESTA pour les USA","url":"https:\/\/123-esta.com\/it\/","logo":{"@type":"ImageObject","inLanguage":"it-IT","@id":"https:\/\/123-esta.com\/it\/#\/schema\/logo\/image\/","url":"https:\/\/123-esta.com\/wp-content\/uploads\/2018\/03\/logo-123-esta.png","contentUrl":"https:\/\/123-esta.com\/wp-content\/uploads\/2018\/03\/logo-123-esta.png","width":191,"height":54,"caption":"Formulaire ESTA pour les USA"},"image":{"@id":"https:\/\/123-esta.com\/it\/#\/schema\/logo\/image\/"}}]}},"_links":{"self":[{"href":"https:\/\/123-esta.com\/it\/wp-json\/wp\/v2\/pages\/2373","targetHints":{"allow":["GET"]}}],"collection":[{"href":"https:\/\/123-esta.com\/it\/wp-json\/wp\/v2\/pages"}],"about":[{"href":"https:\/\/123-esta.com\/it\/wp-json\/wp\/v2\/types\/page"}],"author":[{"embeddable":true,"href":"https:\/\/123-esta.com\/it\/wp-json\/wp\/v2\/users\/1"}],"replies":[{"embeddable":true,"href":"https:\/\/123-esta.com\/it\/wp-json\/wp\/v2\/comments?post=2373"}],"version-history":[{"count":0,"href":"https:\/\/123-esta.com\/it\/wp-json\/wp\/v2\/pages\/2373\/revisions"}],"wp:attachment":[{"href":"https:\/\/123-esta.com\/it\/wp-json\/wp\/v2\/media?parent=2373"}],"curies":[{"name":"wp","href":"https:\/\/api.w.org\/{rel}","templated":true}]}}