{"id":2365,"date":"2022-07-27T21:34:35","date_gmt":"2022-07-27T19:34:35","guid":{"rendered":"https:\/\/123-esta.com\/visita-nevada-usa\/"},"modified":"2022-09-19T17:28:22","modified_gmt":"2022-09-19T15:28:22","slug":"visitare-il-nevada-usa","status":"publish","type":"page","link":"https:\/\/123-esta.com\/it\/visitare-il-nevada-usa\/","title":{"rendered":"Visitare il Nevada: un&#8217;esperienza assolutamente straordinaria"},"content":{"rendered":"\n<p>Ci sono molti luoghi interessanti da visitare negli Stati Uniti. Il Nevada \u00e8 uno dei <a href=\"https:\/\/123-esta.com\/it\/citta-e-regioni-da-visitare-negli-stati-uniti\/\">10 Stati pi\u00f9 visitati degli Stati Uniti<\/a> e ha molto da offrire ai viaggiatori in cerca di novit\u00e0, bellezza ed emozioni.<\/p>\n\n<p>Come sapete, il Nevada \u00e8 uno stato arido che ha subito una trasformazione radicale e ospita alcuni dei luoghi da sogno pi\u00f9 famosi al mondo, tra cui Las Vegas.<\/p>\n\n<h2 class=\"wp-block-heading\">Luoghi da non perdere in Nevada<\/h2>\n\n<p>Sono molti i luoghi da non perdere in Nevada. \u00c8 uno Stato che promette grandi scoperte e avventure di ogni tipo. In questo articolo ci limiteremo a elencare solo i luoghi pi\u00f9 noti.<\/p>\n\n<p>La <a href=\"https:\/\/123-esta.com\/it\/cosa-fare-a-las-vegas\/\">visita a Las Vegas<\/a> \u00e8 in cima alla lista. Fondata dai mormoni nel 1855, \u00e8 la citt\u00e0 pi\u00f9 grande del Nevada. Da sola offre un&#8217;offerta di intrattenimento e di luoghi pi\u00f9 che sufficiente per un&#8217;intera giornata. Nel menu: casin\u00f2, piscine di tutti i tipi, montagne russe, circuiti da corsa con possibilit\u00e0 di guidare auto e la Parigi-Las Vegas.<\/p>\n\n<p>Dopo Las Vegas, meritano una visita anche il lago Mead e la diga di Hoover in Nevada. \u00c8 il pi\u00f9 grande bacino idrico degli Stati Uniti e la sua piattaforma offre uno spettacolo straordinario. \u00c8 questo prestigioso bacino che fornisce acqua alla California, a Las Vegas e a tutto il Nevada. Intorno al lago vengono proposte diverse attivit\u00e0.<\/p>\n\n<p>Chi \u00e8 alla ricerca di una scarica di adrenalina pu\u00f2 recarsi a Reno. In questa citt\u00e0 del Nevada si svolgono gare di ogni tipo: corse di auto, di aerei e persino di mongolfiere.<\/p>\n\n<p>Infine, il Great Basin National Park \u00e8 costituito da montagne aride e da innumerevoli grotte antiche che risalgono a oltre 500 milioni di anni fa. Nonostante il suo paesaggio desertico, offre ancora molto per stupirvi.<\/p>\n\n<h2 class=\"wp-block-heading\">Quando visitare il Nevada?<\/h2>\n\n<p>Ci\u00f2 dipende da diversi criteri. Chi va in vacanza con i propri figli dovr\u00e0 sicuramente aspettare le vacanze. Chi viaggia da solo o in coppia negli Stati Uniti pu\u00f2 aspettare la bassa stagione, quando i prezzi degli hotel sono pi\u00f9 accessibili. Il periodo migliore per visitarla \u00e8 l&#8217;autunno, da settembre a ottobre, quando il clima \u00e8 caldo e i prezzi sono pi\u00f9 bassi. Ricordate che il documento ESTA \u00e8 essenziale per viaggiare negli Stati Uniti.<\/p>\n","protected":false},"excerpt":{"rendered":"<p>Ci sono molti luoghi interessanti da visitare negli Stati Uniti. Il Nevada \u00e8 uno dei 10 Stati pi\u00f9 visitati degli Stati Uniti e ha molto da offrire ai viaggiatori in cerca di novit\u00e0, bellezza ed emozioni. Come sapete, il Nevada \u00e8 uno stato arido che ha subito una trasformazione radicale e ospita alcuni dei luoghi [&hellip;]<\/p>\n","protected":false},"author":1,"featured_media":0,"parent":0,"menu_order":0,"comment_status":"closed","ping_status":"closed","template":"","meta":{"site-sidebar-layout":"default","site-content-layout":"default","ast-site-content-layout":"default","site-content-style":"default","site-sidebar-style":"default","ast-global-header-display":"","ast-banner-title-visibility":"","ast-main-header-display":"","ast-hfb-above-header-display":"","ast-hfb-below-header-display":"","ast-hfb-mobile-header-display":"","site-post-title":"","ast-breadcrumbs-content":"","ast-featured-img":"","footer-sml-layout":"","ast-disable-related-posts":"","theme-transparent-header-meta":"default","adv-header-id-meta":"","stick-header-meta":"default","header-above-stick-meta":"","header-main-stick-meta":"","header-below-stick-meta":"","astra-migrate-meta-layouts":"default","ast-page-background-enabled":"default","ast-page-background-meta":{"desktop":{"background-color":"","background-image":"","background-repeat":"repeat","background-position":"center center","background-size":"auto","background-attachment":"scroll","background-type":"","background-media":"","overlay-type":"","overlay-color":"","overlay-opacity":"","overlay-gradient":""},"tablet":{"background-color":"","background-image":"","background-repeat":"repeat","background-position":"center center","background-size":"auto","background-attachment":"scroll","background-type":"","background-media":"","overlay-type":"","overlay-color":"","overlay-opacity":"","overlay-gradient":""},"mobile":{"background-color":"","background-image":"","background-repeat":"repeat","background-position":"center center","background-size":"auto","background-attachment":"scroll","background-type":"","background-media":"","overlay-type":"","overlay-color":"","overlay-opacity":"","overlay-gradient":""}},"ast-content-background-meta":{"desktop":{"background-color":"var(--ast-global-color-5)","background-image":"","background-repeat":"repeat","background-position":"center center","background-size":"auto","background-attachment":"scroll","background-type":"","background-media":"","overlay-type":"","overlay-color":"","overlay-opacity":"","overlay-gradient":""},"tablet":{"background-color":"var(--ast-global-color-5)","background-image":"","background-repeat":"repeat","background-position":"center center","background-size":"auto","background-attachment":"scroll","background-type":"","background-media":"","overlay-type":"","overlay-color":"","overlay-opacity":"","overlay-gradient":""},"mobile":{"background-color":"var(--ast-global-color-5)","background-image":"","background-repeat":"repeat","background-position":"center center","background-size":"auto","background-attachment":"scroll","background-type":"","background-media":"","overlay-type":"","overlay-color":"","overlay-opacity":"","overlay-gradient":""}},"footnotes":""},"class_list":["post-2365","page","type-page","status-publish","hentry"],"yoast_head":"<!-- This site is optimized with the Yoast SEO plugin v27.1.1 - https:\/\/yoast.com\/product\/yoast-seo-wordpress\/ -->\n<title>Visitate il Nevada per il vostro prossimo viaggio negli USA<\/title>\n<meta name=\"description\" content=\"Visitare il Nevada riserva molte sorprese, proprio come la sua citt\u00e0 simbolo: Las Vegas. Lasciatevi tentare dall&#039;ESTA in tasca!\" \/>\n<meta name=\"robots\" content=\"index, follow, max-snippet:-1, max-image-preview:large, max-video-preview:-1\" \/>\n<link rel=\"canonical\" href=\"https:\/\/123-esta.com\/it\/visitare-il-nevada-usa\/\" \/>\n<meta property=\"og:locale\" content=\"it_IT\" \/>\n<meta property=\"og:type\" content=\"article\" \/>\n<meta property=\"og:title\" content=\"Visitate il Nevada per il vostro prossimo viaggio negli USA\" \/>\n<meta property=\"og:description\" content=\"Visitare il Nevada riserva molte sorprese, proprio come la sua citt\u00e0 simbolo: Las Vegas. Lasciatevi tentare dall&#039;ESTA in tasca!\" \/>\n<meta property=\"og:url\" content=\"https:\/\/123-esta.com\/it\/visitare-il-nevada-usa\/\" \/>\n<meta property=\"og:site_name\" content=\"Formulaire ESTA pour les USA\" \/>\n<meta property=\"article:modified_time\" content=\"2022-09-19T15:28:22+00:00\" \/>\n<meta name=\"twitter:card\" content=\"summary_large_image\" \/>\n<meta name=\"twitter:label1\" content=\"Tempo di lettura stimato\" \/>\n\t<meta name=\"twitter:data1\" content=\"2 minuti\" \/>\n<script type=\"application\/ld+json\" class=\"yoast-schema-graph\">{\"@context\":\"https:\/\/schema.org\",\"@graph\":[{\"@type\":\"WebPage\",\"@id\":\"https:\/\/123-esta.com\/it\/visitare-il-nevada-usa\/\",\"url\":\"https:\/\/123-esta.com\/it\/visitare-il-nevada-usa\/\",\"name\":\"Visitate il Nevada per il vostro prossimo viaggio negli USA\",\"isPartOf\":{\"@id\":\"https:\/\/123-esta.com\/it\/#website\"},\"datePublished\":\"2022-07-27T19:34:35+00:00\",\"dateModified\":\"2022-09-19T15:28:22+00:00\",\"description\":\"Visitare il Nevada riserva molte sorprese, proprio come la sua citt\u00e0 simbolo: Las Vegas. Lasciatevi tentare dall'ESTA in tasca!\",\"inLanguage\":\"it-IT\",\"potentialAction\":[{\"@type\":\"ReadAction\",\"target\":[\"https:\/\/123-esta.com\/it\/visitare-il-nevada-usa\/\"]}]},{\"@type\":\"WebSite\",\"@id\":\"https:\/\/123-esta.com\/it\/#website\",\"url\":\"https:\/\/123-esta.com\/it\/\",\"name\":\"Formulaire ESTA pour les USA\",\"description\":\"\",\"publisher\":{\"@id\":\"https:\/\/123-esta.com\/it\/#organization\"},\"potentialAction\":[{\"@type\":\"SearchAction\",\"target\":{\"@type\":\"EntryPoint\",\"urlTemplate\":\"https:\/\/123-esta.com\/it\/?s={search_term_string}\"},\"query-input\":{\"@type\":\"PropertyValueSpecification\",\"valueRequired\":true,\"valueName\":\"search_term_string\"}}],\"inLanguage\":\"it-IT\"},{\"@type\":\"Organization\",\"@id\":\"https:\/\/123-esta.com\/it\/#organization\",\"name\":\"Formulaire ESTA pour les USA\",\"url\":\"https:\/\/123-esta.com\/it\/\",\"logo\":{\"@type\":\"ImageObject\",\"inLanguage\":\"it-IT\",\"@id\":\"https:\/\/123-esta.com\/it\/#\/schema\/logo\/image\/\",\"url\":\"https:\/\/123-esta.com\/wp-content\/uploads\/2018\/03\/logo-123-esta.png\",\"contentUrl\":\"https:\/\/123-esta.com\/wp-content\/uploads\/2018\/03\/logo-123-esta.png\",\"width\":191,\"height\":54,\"caption\":\"Formulaire ESTA pour les USA\"},\"image\":{\"@id\":\"https:\/\/123-esta.com\/it\/#\/schema\/logo\/image\/\"}}]}<\/script>\n<!-- \/ Yoast SEO plugin. -->","yoast_head_json":{"title":"Visitate il Nevada per il vostro prossimo viaggio negli USA","description":"Visitare il Nevada riserva molte sorprese, proprio come la sua citt\u00e0 simbolo: Las Vegas. Lasciatevi tentare dall'ESTA in tasca!","robots":{"index":"index","follow":"follow","max-snippet":"max-snippet:-1","max-image-preview":"max-image-preview:large","max-video-preview":"max-video-preview:-1"},"canonical":"https:\/\/123-esta.com\/it\/visitare-il-nevada-usa\/","og_locale":"it_IT","og_type":"article","og_title":"Visitate il Nevada per il vostro prossimo viaggio negli USA","og_description":"Visitare il Nevada riserva molte sorprese, proprio come la sua citt\u00e0 simbolo: Las Vegas. Lasciatevi tentare dall'ESTA in tasca!","og_url":"https:\/\/123-esta.com\/it\/visitare-il-nevada-usa\/","og_site_name":"Formulaire ESTA pour les USA","article_modified_time":"2022-09-19T15:28:22+00:00","twitter_card":"summary_large_image","twitter_misc":{"Tempo di lettura stimato":"2 minuti"},"schema":{"@context":"https:\/\/schema.org","@graph":[{"@type":"WebPage","@id":"https:\/\/123-esta.com\/it\/visitare-il-nevada-usa\/","url":"https:\/\/123-esta.com\/it\/visitare-il-nevada-usa\/","name":"Visitate il Nevada per il vostro prossimo viaggio negli USA","isPartOf":{"@id":"https:\/\/123-esta.com\/it\/#website"},"datePublished":"2022-07-27T19:34:35+00:00","dateModified":"2022-09-19T15:28:22+00:00","description":"Visitare il Nevada riserva molte sorprese, proprio come la sua citt\u00e0 simbolo: Las Vegas. Lasciatevi tentare dall'ESTA in tasca!","inLanguage":"it-IT","potentialAction":[{"@type":"ReadAction","target":["https:\/\/123-esta.com\/it\/visitare-il-nevada-usa\/"]}]},{"@type":"WebSite","@id":"https:\/\/123-esta.com\/it\/#website","url":"https:\/\/123-esta.com\/it\/","name":"Formulaire ESTA pour les USA","description":"","publisher":{"@id":"https:\/\/123-esta.com\/it\/#organization"},"potentialAction":[{"@type":"SearchAction","target":{"@type":"EntryPoint","urlTemplate":"https:\/\/123-esta.com\/it\/?s={search_term_string}"},"query-input":{"@type":"PropertyValueSpecification","valueRequired":true,"valueName":"search_term_string"}}],"inLanguage":"it-IT"},{"@type":"Organization","@id":"https:\/\/123-esta.com\/it\/#organization","name":"Formulaire ESTA pour les USA","url":"https:\/\/123-esta.com\/it\/","logo":{"@type":"ImageObject","inLanguage":"it-IT","@id":"https:\/\/123-esta.com\/it\/#\/schema\/logo\/image\/","url":"https:\/\/123-esta.com\/wp-content\/uploads\/2018\/03\/logo-123-esta.png","contentUrl":"https:\/\/123-esta.com\/wp-content\/uploads\/2018\/03\/logo-123-esta.png","width":191,"height":54,"caption":"Formulaire ESTA pour les USA"},"image":{"@id":"https:\/\/123-esta.com\/it\/#\/schema\/logo\/image\/"}}]}},"_links":{"self":[{"href":"https:\/\/123-esta.com\/it\/wp-json\/wp\/v2\/pages\/2365","targetHints":{"allow":["GET"]}}],"collection":[{"href":"https:\/\/123-esta.com\/it\/wp-json\/wp\/v2\/pages"}],"about":[{"href":"https:\/\/123-esta.com\/it\/wp-json\/wp\/v2\/types\/page"}],"author":[{"embeddable":true,"href":"https:\/\/123-esta.com\/it\/wp-json\/wp\/v2\/users\/1"}],"replies":[{"embeddable":true,"href":"https:\/\/123-esta.com\/it\/wp-json\/wp\/v2\/comments?post=2365"}],"version-history":[{"count":0,"href":"https:\/\/123-esta.com\/it\/wp-json\/wp\/v2\/pages\/2365\/revisions"}],"wp:attachment":[{"href":"https:\/\/123-esta.com\/it\/wp-json\/wp\/v2\/media?parent=2365"}],"curies":[{"name":"wp","href":"https:\/\/api.w.org\/{rel}","templated":true}]}}