{"id":2359,"date":"2022-07-27T21:34:34","date_gmt":"2022-07-27T19:34:34","guid":{"rendered":"https:\/\/123-esta.com\/que-faire-a-las-vegas\/"},"modified":"2022-09-08T20:06:45","modified_gmt":"2022-09-08T18:06:45","slug":"cosa-fare-a-las-vegas","status":"publish","type":"page","link":"https:\/\/123-esta.com\/it\/cosa-fare-a-las-vegas\/","title":{"rendered":"Cosa vedere e fare quando si visita Las Vegas?"},"content":{"rendered":"\n<p>Come si suol dire, Las Vegas \u00e8 un posto fantastico in cui vivere. Ma quando \u00e8 il momento migliore per andarci?<\/p>\n\n<p>Per rispondere a questa domanda, \u00e8 necessario dare uno sguardo alla citt\u00e0 di Las Vegas e ai suoi dintorni e prendere in considerazione gli eventi, i seminari e le feste che si susseguono e che fanno lievitare i prezzi. Un punto importante da tenere presente \u00e8 la capacit\u00e0 di sopportare o meno il caldo estivo.<\/p>\n\n<h2 class=\"wp-block-heading\">Il clima di Las Vegas<\/h2>\n\n<p>Nonostante il clima desertico, Las Vegas \u00e8 una citt\u00e0 che attira molti visitatori da tutto il mondo. Durante l&#8217;anno, la temperatura \u00e8 piuttosto variabile: si aggira intorno ai 37\u00b0C da giugno a settembre, con picchi in luglio e agosto (oltre 40\u00b0C), ma pu\u00f2 scendere a una media di 13\u00b0C da dicembre a gennaio.<\/p>\n\n<p>A Las Vegas la pioggia \u00e8 rara e la maggior parte del tempo \u00e8 soleggiata (300 giorni di sole). In inverno possono verificarsi tempeste, seguite da inondazioni relativamente grandi. Se volete andare a Las Vegas, a seconda del clima, dovreste andare in primavera da aprile a giugno e in autunno verso settembre e ottobre.<\/p>\n\n<h2 class=\"wp-block-heading\">I momenti di grande ricchezza<\/h2>\n\n<p>I periodi di maggiore affluenza a Sin City si registrano durante le vacanze scolastiche, ma anche durante i giorni festivi, gli eventi, i congressi e i vari seminari annuali intorno a febbraio e marzo. Anche i tornei di poker, che si svolgono nei mesi di giugno e luglio, sono tra i momenti pi\u00f9 popolari a Las Vegas.<\/p>\n\n<p>Di conseguenza, i prezzi delle camere d&#8217;albergo si impennano in determinati periodi. Per la notte di Capodanno e la vigilia di Natale, non troverete camere d&#8217;albergo con prezzi inferiori a 600 dollari a notte. Nei periodi pi\u00f9 tradizionali, da agosto a met\u00e0 settembre e da met\u00e0 novembre a met\u00e0 dicembre, si possono trovare camere a circa 150 dollari.<\/p>\n\n<p>In ogni caso, a Las Vegas c&#8217;\u00e8 sempre molta gente. Un famoso detto dice che la festa non si ferma mai!<\/p>\n\n<h2 class=\"wp-block-heading\">Il piacere di visitare Las Vegas<\/h2>\n\n<p>\u00c8 possibile visitare Las Vegas con il documento ESTA. Infatti, compilando il modulo di richiesta di autorizzazione al viaggio su Internet, avete la possibilit\u00e0 di recarvi negli Stati Uniti senza visto.<\/p>\n\n<p>Per un massimo di 90 giorni, avrete il piacere di viaggiare nel deserto <a href=\"https:\/\/123-esta.com\/it\/visitare-il-nevada-usa\/\">del Nevada<\/a>, di nuotare in una delle tante piscine degli hotel di lusso, senza dimenticare una gita in una delle tante attrazioni della citt\u00e0 di Las Vegas.<\/p>\n\n<p>Non c&#8217;\u00e8 dubbio che vorrete tentare la fortuna con i vari giochi disponibili nei numerosi casin\u00f2 della citt\u00e0! Ma attenzione&#8230; consumate con moderazione. Anche se \u00e8 sempre possibile essere fortunati, ricordate che nel lungo periodo i casin\u00f2 vincono quasi sempre.<\/p>\n\n<p>Infine, se avete voglia di festeggiare la vostra presenza a Las Vegas, potete recarvi al bar The Mix Lounge sul tetto del Delano. Divertimento ed emozioni garantite!<\/p>\n","protected":false},"excerpt":{"rendered":"<p>Come si suol dire, Las Vegas \u00e8 un posto fantastico in cui vivere. Ma quando \u00e8 il momento migliore per andarci? Per rispondere a questa domanda, \u00e8 necessario dare uno sguardo alla citt\u00e0 di Las Vegas e ai suoi dintorni e prendere in considerazione gli eventi, i seminari e le feste che si susseguono e [&hellip;]<\/p>\n","protected":false},"author":1,"featured_media":0,"parent":0,"menu_order":0,"comment_status":"closed","ping_status":"closed","template":"","meta":{"site-sidebar-layout":"default","site-content-layout":"default","ast-site-content-layout":"default","site-content-style":"default","site-sidebar-style":"default","ast-global-header-display":"","ast-banner-title-visibility":"","ast-main-header-display":"","ast-hfb-above-header-display":"","ast-hfb-below-header-display":"","ast-hfb-mobile-header-display":"","site-post-title":"","ast-breadcrumbs-content":"","ast-featured-img":"","footer-sml-layout":"","ast-disable-related-posts":"","theme-transparent-header-meta":"default","adv-header-id-meta":"","stick-header-meta":"default","header-above-stick-meta":"","header-main-stick-meta":"","header-below-stick-meta":"","astra-migrate-meta-layouts":"default","ast-page-background-enabled":"default","ast-page-background-meta":{"desktop":{"background-color":"","background-image":"","background-repeat":"repeat","background-position":"center center","background-size":"auto","background-attachment":"scroll","background-type":"","background-media":"","overlay-type":"","overlay-color":"","overlay-opacity":"","overlay-gradient":""},"tablet":{"background-color":"","background-image":"","background-repeat":"repeat","background-position":"center center","background-size":"auto","background-attachment":"scroll","background-type":"","background-media":"","overlay-type":"","overlay-color":"","overlay-opacity":"","overlay-gradient":""},"mobile":{"background-color":"","background-image":"","background-repeat":"repeat","background-position":"center center","background-size":"auto","background-attachment":"scroll","background-type":"","background-media":"","overlay-type":"","overlay-color":"","overlay-opacity":"","overlay-gradient":""}},"ast-content-background-meta":{"desktop":{"background-color":"var(--ast-global-color-5)","background-image":"","background-repeat":"repeat","background-position":"center center","background-size":"auto","background-attachment":"scroll","background-type":"","background-media":"","overlay-type":"","overlay-color":"","overlay-opacity":"","overlay-gradient":""},"tablet":{"background-color":"var(--ast-global-color-5)","background-image":"","background-repeat":"repeat","background-position":"center center","background-size":"auto","background-attachment":"scroll","background-type":"","background-media":"","overlay-type":"","overlay-color":"","overlay-opacity":"","overlay-gradient":""},"mobile":{"background-color":"var(--ast-global-color-5)","background-image":"","background-repeat":"repeat","background-position":"center center","background-size":"auto","background-attachment":"scroll","background-type":"","background-media":"","overlay-type":"","overlay-color":"","overlay-opacity":"","overlay-gradient":""}},"footnotes":""},"class_list":["post-2359","page","type-page","status-publish","hentry"],"yoast_head":"<!-- This site is optimized with the Yoast SEO plugin v27.1.1 - https:\/\/yoast.com\/product\/yoast-seo-wordpress\/ -->\n<title>Cosa vedere e fare quando si visita Las Vegas?<\/title>\n<meta name=\"description\" content=\"Las Vegas non \u00e8 pi\u00f9 un luogo da visitare, ma sapevate che \u00e8 a pochi clic di distanza? Ve ne parliamo nel nostro articolo.\" \/>\n<meta name=\"robots\" content=\"index, follow, max-snippet:-1, max-image-preview:large, max-video-preview:-1\" \/>\n<link rel=\"canonical\" href=\"https:\/\/123-esta.com\/it\/cosa-fare-a-las-vegas\/\" \/>\n<meta property=\"og:locale\" content=\"it_IT\" \/>\n<meta property=\"og:type\" content=\"article\" \/>\n<meta property=\"og:title\" content=\"Cosa vedere e fare quando si visita Las Vegas?\" \/>\n<meta property=\"og:description\" content=\"Las Vegas non \u00e8 pi\u00f9 un luogo da visitare, ma sapevate che \u00e8 a pochi clic di distanza? Ve ne parliamo nel nostro articolo.\" \/>\n<meta property=\"og:url\" content=\"https:\/\/123-esta.com\/it\/cosa-fare-a-las-vegas\/\" \/>\n<meta property=\"og:site_name\" content=\"Formulaire ESTA pour les USA\" \/>\n<meta property=\"article:modified_time\" content=\"2022-09-08T18:06:45+00:00\" \/>\n<meta name=\"twitter:card\" content=\"summary_large_image\" \/>\n<meta name=\"twitter:label1\" content=\"Tempo di lettura stimato\" \/>\n\t<meta name=\"twitter:data1\" content=\"2 minuti\" \/>\n<script type=\"application\/ld+json\" class=\"yoast-schema-graph\">{\"@context\":\"https:\/\/schema.org\",\"@graph\":[{\"@type\":\"WebPage\",\"@id\":\"https:\/\/123-esta.com\/it\/cosa-fare-a-las-vegas\/\",\"url\":\"https:\/\/123-esta.com\/it\/cosa-fare-a-las-vegas\/\",\"name\":\"Cosa vedere e fare quando si visita Las Vegas?\",\"isPartOf\":{\"@id\":\"https:\/\/123-esta.com\/it\/#website\"},\"datePublished\":\"2022-07-27T19:34:34+00:00\",\"dateModified\":\"2022-09-08T18:06:45+00:00\",\"description\":\"Las Vegas non \u00e8 pi\u00f9 un luogo da visitare, ma sapevate che \u00e8 a pochi clic di distanza? Ve ne parliamo nel nostro articolo.\",\"inLanguage\":\"it-IT\",\"potentialAction\":[{\"@type\":\"ReadAction\",\"target\":[\"https:\/\/123-esta.com\/it\/cosa-fare-a-las-vegas\/\"]}]},{\"@type\":\"WebSite\",\"@id\":\"https:\/\/123-esta.com\/it\/#website\",\"url\":\"https:\/\/123-esta.com\/it\/\",\"name\":\"Formulaire ESTA pour les USA\",\"description\":\"\",\"publisher\":{\"@id\":\"https:\/\/123-esta.com\/it\/#organization\"},\"potentialAction\":[{\"@type\":\"SearchAction\",\"target\":{\"@type\":\"EntryPoint\",\"urlTemplate\":\"https:\/\/123-esta.com\/it\/?s={search_term_string}\"},\"query-input\":{\"@type\":\"PropertyValueSpecification\",\"valueRequired\":true,\"valueName\":\"search_term_string\"}}],\"inLanguage\":\"it-IT\"},{\"@type\":\"Organization\",\"@id\":\"https:\/\/123-esta.com\/it\/#organization\",\"name\":\"Formulaire ESTA pour les USA\",\"url\":\"https:\/\/123-esta.com\/it\/\",\"logo\":{\"@type\":\"ImageObject\",\"inLanguage\":\"it-IT\",\"@id\":\"https:\/\/123-esta.com\/it\/#\/schema\/logo\/image\/\",\"url\":\"https:\/\/123-esta.com\/wp-content\/uploads\/2018\/03\/logo-123-esta.png\",\"contentUrl\":\"https:\/\/123-esta.com\/wp-content\/uploads\/2018\/03\/logo-123-esta.png\",\"width\":191,\"height\":54,\"caption\":\"Formulaire ESTA pour les USA\"},\"image\":{\"@id\":\"https:\/\/123-esta.com\/it\/#\/schema\/logo\/image\/\"}}]}<\/script>\n<!-- \/ Yoast SEO plugin. -->","yoast_head_json":{"title":"Cosa vedere e fare quando si visita Las Vegas?","description":"Las Vegas non \u00e8 pi\u00f9 un luogo da visitare, ma sapevate che \u00e8 a pochi clic di distanza? Ve ne parliamo nel nostro articolo.","robots":{"index":"index","follow":"follow","max-snippet":"max-snippet:-1","max-image-preview":"max-image-preview:large","max-video-preview":"max-video-preview:-1"},"canonical":"https:\/\/123-esta.com\/it\/cosa-fare-a-las-vegas\/","og_locale":"it_IT","og_type":"article","og_title":"Cosa vedere e fare quando si visita Las Vegas?","og_description":"Las Vegas non \u00e8 pi\u00f9 un luogo da visitare, ma sapevate che \u00e8 a pochi clic di distanza? Ve ne parliamo nel nostro articolo.","og_url":"https:\/\/123-esta.com\/it\/cosa-fare-a-las-vegas\/","og_site_name":"Formulaire ESTA pour les USA","article_modified_time":"2022-09-08T18:06:45+00:00","twitter_card":"summary_large_image","twitter_misc":{"Tempo di lettura stimato":"2 minuti"},"schema":{"@context":"https:\/\/schema.org","@graph":[{"@type":"WebPage","@id":"https:\/\/123-esta.com\/it\/cosa-fare-a-las-vegas\/","url":"https:\/\/123-esta.com\/it\/cosa-fare-a-las-vegas\/","name":"Cosa vedere e fare quando si visita Las Vegas?","isPartOf":{"@id":"https:\/\/123-esta.com\/it\/#website"},"datePublished":"2022-07-27T19:34:34+00:00","dateModified":"2022-09-08T18:06:45+00:00","description":"Las Vegas non \u00e8 pi\u00f9 un luogo da visitare, ma sapevate che \u00e8 a pochi clic di distanza? Ve ne parliamo nel nostro articolo.","inLanguage":"it-IT","potentialAction":[{"@type":"ReadAction","target":["https:\/\/123-esta.com\/it\/cosa-fare-a-las-vegas\/"]}]},{"@type":"WebSite","@id":"https:\/\/123-esta.com\/it\/#website","url":"https:\/\/123-esta.com\/it\/","name":"Formulaire ESTA pour les USA","description":"","publisher":{"@id":"https:\/\/123-esta.com\/it\/#organization"},"potentialAction":[{"@type":"SearchAction","target":{"@type":"EntryPoint","urlTemplate":"https:\/\/123-esta.com\/it\/?s={search_term_string}"},"query-input":{"@type":"PropertyValueSpecification","valueRequired":true,"valueName":"search_term_string"}}],"inLanguage":"it-IT"},{"@type":"Organization","@id":"https:\/\/123-esta.com\/it\/#organization","name":"Formulaire ESTA pour les USA","url":"https:\/\/123-esta.com\/it\/","logo":{"@type":"ImageObject","inLanguage":"it-IT","@id":"https:\/\/123-esta.com\/it\/#\/schema\/logo\/image\/","url":"https:\/\/123-esta.com\/wp-content\/uploads\/2018\/03\/logo-123-esta.png","contentUrl":"https:\/\/123-esta.com\/wp-content\/uploads\/2018\/03\/logo-123-esta.png","width":191,"height":54,"caption":"Formulaire ESTA pour les USA"},"image":{"@id":"https:\/\/123-esta.com\/it\/#\/schema\/logo\/image\/"}}]}},"_links":{"self":[{"href":"https:\/\/123-esta.com\/it\/wp-json\/wp\/v2\/pages\/2359","targetHints":{"allow":["GET"]}}],"collection":[{"href":"https:\/\/123-esta.com\/it\/wp-json\/wp\/v2\/pages"}],"about":[{"href":"https:\/\/123-esta.com\/it\/wp-json\/wp\/v2\/types\/page"}],"author":[{"embeddable":true,"href":"https:\/\/123-esta.com\/it\/wp-json\/wp\/v2\/users\/1"}],"replies":[{"embeddable":true,"href":"https:\/\/123-esta.com\/it\/wp-json\/wp\/v2\/comments?post=2359"}],"version-history":[{"count":0,"href":"https:\/\/123-esta.com\/it\/wp-json\/wp\/v2\/pages\/2359\/revisions"}],"wp:attachment":[{"href":"https:\/\/123-esta.com\/it\/wp-json\/wp\/v2\/media?parent=2359"}],"curies":[{"name":"wp","href":"https:\/\/api.w.org\/{rel}","templated":true}]}}