{"id":2353,"date":"2022-07-27T21:34:33","date_gmt":"2022-07-27T19:34:33","guid":{"rendered":"https:\/\/123-esta.com\/assicurazione-sanitaria-per-un-viaggio-negli-stati-uniti\/"},"modified":"2022-08-23T22:04:26","modified_gmt":"2022-08-23T20:04:26","slug":"assicurazione-sanitaria-per-un-viaggio-negli-stati-uniti","status":"publish","type":"page","link":"https:\/\/123-esta.com\/it\/assicurazione-sanitaria-per-un-viaggio-negli-stati-uniti\/","title":{"rendered":"Assicurazione sanitaria: come essere coperti negli USA?"},"content":{"rendered":"\n<p>Un viaggio all&#8217;estero, soprattutto negli Stati Uniti, non dovrebbe mai essere preso alla leggera, soprattutto quando si tratta di scegliere la giusta assicurazione sanitaria. Il costo delle cure mediche pu\u00f2 aumentare rapidamente e il rimborso delle spese varia notevolmente a seconda della compagnia assicurativa o del piano di assicurazione sanitaria.<\/p>\n\n<p>Non fate affidamento sul funzionamento dell&#8217;assicurazione sanitaria nel vostro Paese: alcuni Paesi hanno vantaggi diversi da altri. Negli Stati Uniti, vi mancheranno sicuramente il sistema di sicurezza sociale francese e la tessera europea di assicurazione malattia! In questo articolo vi diamo i nostri <a href=\"https:\/\/123-esta.com\/it\/consigli-per-viaggiare-negli-stati-uniti\/\">consigli prima di partire per gli Stati Uniti<\/a>, per un soggiorno breve o lungo sul suolo americano. Anticipate questa procedura ben prima della partenza, poich\u00e9 la materia \u00e8 vasta e complessa, sicuramente pi\u00f9 di quanto non lo sia per gli stranieri in Francia.<\/p>\n\n<h2 class=\"wp-block-heading\">Responsabilit\u00e0 civile, assicurazione per l&#8217;espatrio, assicurazione globale&#8230;: \u00e8 difficile orientarsi!<\/h2>\n\n<p>\u00c8 meglio dedicare un po&#8217; di tempo a confrontare le polizze assicurative prima di firmare un contratto in fretta e furia e sottoscrivere un&#8217;assicurazione troppo costosa e non adatta al vostro progetto. Negli Stati Uniti, il sistema sanitario \u00e8 detto &#8220;mutualistico&#8221;, cio\u00e8 privato (ad eccezione di <a href=\"https:\/\/fr.wikipedia.org\/wiki\/Medicaid\">MEDICAID<\/a> e <a href=\"https:\/\/www.medicare.gov\/\">MEDICARE<\/a>). Scordatevi quindi i contributi di solidariet\u00e0 in Francia per il rimborso delle spese mediche: \u00e8 pi\u00f9 un principio di &#8220;ognuno per s\u00e9&#8221;!<\/p>\n\n<p>Cos\u00ec come esiste un visto USA per ogni profilo (studenti stranieri, artisti, stagisti, giramondo&#8230;), i servizi di assistenza medica e di assicurazione sanitaria per gli Stati Uniti si adattano al richiedente, al suo budget e alle sue esigenze. Prima del 2014 e dell&#8217;Obamacare, gli americani non erano tenuti ad avere un&#8217;assicurazione sanitaria. D&#8217;ora in poi, tutti dovranno tutelarsi attraverso un&#8217;offerta sottoscritta. La cosa migliore da fare \u00e8 contattare i vari assicuratori per determinare l&#8217;assicurazione pi\u00f9 appropriata.<\/p>\n\n<p>Per dare un&#8217;idea, secondo uno studio del 2015, l&#8217;assicurazione sanitaria costava 17.454 dollari all&#8217;anno per una famiglia di 4 persone; 5.000 dollari di questi erano deducibili, il che significa che la famiglia doveva pagare questo importo prima di qualsiasi rimborso. L&#8217;importo della franchigia per le spese ospedaliere \u00e8 piuttosto alto, quindi \u00e8 essenziale avere sempre a disposizione del denaro sul proprio conto corrente.<\/p>\n\n<p>Anche se l&#8217;argomento \u00e8 delicato da trattare, non trascurate l&#8217;assicurazione per il rimpatrio della salma in caso di morte di un familiare. \u00c8 bene sapere che il principio della prestazione in caso di morte dell&#8217;assicurazione sanitaria francese non \u00e8 valido negli Stati Uniti.<\/p>\n\n<p>Nota: prima dell&#8217;espatrio controllate la vostra carta bancaria (ad esempio Visa Premier o Gold Mastercard). Questo pu\u00f2 includere l&#8217;assistenza medica al rimpatrio o anche la responsabilit\u00e0 civile per la vita privata che si estende all&#8217;estero.<\/p>\n\n<h2 class=\"wp-block-heading\">Studiate attentamente i contratti di assicurazione sanitaria per conoscere i costi effettivi da pagare.<\/h2>\n\n<p>Sono molti gli elementi del contratto che determinano le spese mediche vive che dovrete sostenere all&#8217;estero. Negli Stati Uniti, verificare la presenza di &#8220;Copay&#8221; (importo da pagare in tutti i casi), &#8220;Out of pocket maximum&#8221; (tetto massimo), &#8220;Deductible&#8221; (franchigia), &#8220;exclusions&#8221; (esclusioni) o &#8220;network&#8221; (rete di medici). Tutto questo vi aiuter\u00e0 a comprendere meglio la vostra copertura in caso di incidente nella vita.<\/p>\n\n<p>Per limitare i rischi, si consiglia di scegliere una copertura completa (cure, medicinali, rimpatrio, ricovero ospedaliero). A volte \u00e8 ancora pi\u00f9 interessante dal punto di vista economico essere rimpatriati in Francia per le cure.<\/p>\n\n<p>D&#8217;altra parte, fate attenzione a tutte le polizze assicurative per gli espatri: dopo l&#8217;attuazione dell&#8217;Obamacare, \u00e8 necessario verificare che una polizza assicurativa internazionale sia compatibile con il nuovo sistema americano, altrimenti dovrete pagare una penale. Tuttavia, questa compatibilit\u00e0 \u00e8 ben lungi dall&#8217;essere sistematica.<\/p>\n\n<p>Oltre all&#8217;assicurazione sanitaria negli Stati Uniti, e in generale per il vostro soggiorno all&#8217;estero, dovreste informarvi anche sull&#8217;assicurazione per la casa, l&#8217;assistenza legale e l&#8217;assistenza in viaggio che possono proteggere i vostri effetti personali. Infine, prendete in considerazione un&#8217;assicurazione per l&#8217;annullamento del viaggio, per ogni evenienza. Alcune organizzazioni, come Chapka assurances o Mondial assistance (ora Allianz travel), offrono pacchetti di viaggio. Contattateli o chiedete a un broker assicurativo di aiutarvi nella procedura. \u00c8 meglio farsi consigliare prima di iniziare uno stage all&#8217;estero, ad esempio, o un semestre di studi.<\/p>\n\n<p>Non esitate a fare qualche ricerca su Internet se il vostro giro del mondo non prevede di passare per gli Stati Uniti. Ogni paese ha le sue particolarit\u00e0 in termini di assicurazione contro gli infortuni, costi di trasporto o assicurazione per gli espatri!<\/p>\n","protected":false},"excerpt":{"rendered":"<p>Un viaggio all&#8217;estero, soprattutto negli Stati Uniti, non dovrebbe mai essere preso alla leggera, soprattutto quando si tratta di scegliere la giusta assicurazione sanitaria. Il costo delle cure mediche pu\u00f2 aumentare rapidamente e il rimborso delle spese varia notevolmente a seconda della compagnia assicurativa o del piano di assicurazione sanitaria. Non fate affidamento sul funzionamento [&hellip;]<\/p>\n","protected":false},"author":1,"featured_media":0,"parent":0,"menu_order":0,"comment_status":"closed","ping_status":"closed","template":"","meta":{"site-sidebar-layout":"default","site-content-layout":"default","ast-site-content-layout":"default","site-content-style":"default","site-sidebar-style":"default","ast-global-header-display":"","ast-banner-title-visibility":"","ast-main-header-display":"","ast-hfb-above-header-display":"","ast-hfb-below-header-display":"","ast-hfb-mobile-header-display":"","site-post-title":"","ast-breadcrumbs-content":"","ast-featured-img":"","footer-sml-layout":"","ast-disable-related-posts":"","theme-transparent-header-meta":"default","adv-header-id-meta":"","stick-header-meta":"default","header-above-stick-meta":"","header-main-stick-meta":"","header-below-stick-meta":"","astra-migrate-meta-layouts":"default","ast-page-background-enabled":"default","ast-page-background-meta":{"desktop":{"background-color":"","background-image":"","background-repeat":"repeat","background-position":"center center","background-size":"auto","background-attachment":"scroll","background-type":"","background-media":"","overlay-type":"","overlay-color":"","overlay-opacity":"","overlay-gradient":""},"tablet":{"background-color":"","background-image":"","background-repeat":"repeat","background-position":"center center","background-size":"auto","background-attachment":"scroll","background-type":"","background-media":"","overlay-type":"","overlay-color":"","overlay-opacity":"","overlay-gradient":""},"mobile":{"background-color":"","background-image":"","background-repeat":"repeat","background-position":"center center","background-size":"auto","background-attachment":"scroll","background-type":"","background-media":"","overlay-type":"","overlay-color":"","overlay-opacity":"","overlay-gradient":""}},"ast-content-background-meta":{"desktop":{"background-color":"var(--ast-global-color-5)","background-image":"","background-repeat":"repeat","background-position":"center center","background-size":"auto","background-attachment":"scroll","background-type":"","background-media":"","overlay-type":"","overlay-color":"","overlay-opacity":"","overlay-gradient":""},"tablet":{"background-color":"var(--ast-global-color-5)","background-image":"","background-repeat":"repeat","background-position":"center center","background-size":"auto","background-attachment":"scroll","background-type":"","background-media":"","overlay-type":"","overlay-color":"","overlay-opacity":"","overlay-gradient":""},"mobile":{"background-color":"var(--ast-global-color-5)","background-image":"","background-repeat":"repeat","background-position":"center center","background-size":"auto","background-attachment":"scroll","background-type":"","background-media":"","overlay-type":"","overlay-color":"","overlay-opacity":"","overlay-gradient":""}},"footnotes":""},"class_list":["post-2353","page","type-page","status-publish","hentry"],"yoast_head":"<!-- This site is optimized with the Yoast SEO plugin v27.1.1 - https:\/\/yoast.com\/product\/yoast-seo-wordpress\/ -->\n<title>Pensate all&#039;assicurazione sanitaria per il vostro viaggio negli USA<\/title>\n<meta name=\"description\" content=\"Il modo migliore per prepararsi al viaggio negli Stati Uniti \u00e8 stipulare un&#039;assicurazione sanitaria prima del viaggio.\" \/>\n<meta name=\"robots\" content=\"index, follow, max-snippet:-1, max-image-preview:large, max-video-preview:-1\" \/>\n<link rel=\"canonical\" href=\"https:\/\/123-esta.com\/it\/assicurazione-sanitaria-per-un-viaggio-negli-stati-uniti\/\" \/>\n<meta property=\"og:locale\" content=\"it_IT\" \/>\n<meta property=\"og:type\" content=\"article\" \/>\n<meta property=\"og:title\" content=\"Pensate all&#039;assicurazione sanitaria per il vostro viaggio negli USA\" \/>\n<meta property=\"og:description\" content=\"Il modo migliore per prepararsi al viaggio negli Stati Uniti \u00e8 stipulare un&#039;assicurazione sanitaria prima del viaggio.\" \/>\n<meta property=\"og:url\" content=\"https:\/\/123-esta.com\/it\/assicurazione-sanitaria-per-un-viaggio-negli-stati-uniti\/\" \/>\n<meta property=\"og:site_name\" content=\"Formulaire ESTA pour les USA\" \/>\n<meta property=\"article:modified_time\" content=\"2022-08-23T20:04:26+00:00\" \/>\n<meta name=\"twitter:card\" content=\"summary_large_image\" \/>\n<meta name=\"twitter:label1\" content=\"Tempo di lettura stimato\" \/>\n\t<meta name=\"twitter:data1\" content=\"3 minuti\" \/>\n<script type=\"application\/ld+json\" class=\"yoast-schema-graph\">{\"@context\":\"https:\/\/schema.org\",\"@graph\":[{\"@type\":\"WebPage\",\"@id\":\"https:\/\/123-esta.com\/it\/assicurazione-sanitaria-per-un-viaggio-negli-stati-uniti\/\",\"url\":\"https:\/\/123-esta.com\/it\/assicurazione-sanitaria-per-un-viaggio-negli-stati-uniti\/\",\"name\":\"Pensate all'assicurazione sanitaria per il vostro viaggio negli USA\",\"isPartOf\":{\"@id\":\"https:\/\/123-esta.com\/it\/#website\"},\"datePublished\":\"2022-07-27T19:34:33+00:00\",\"dateModified\":\"2022-08-23T20:04:26+00:00\",\"description\":\"Il modo migliore per prepararsi al viaggio negli Stati Uniti \u00e8 stipulare un'assicurazione sanitaria prima del viaggio.\",\"inLanguage\":\"it-IT\",\"potentialAction\":[{\"@type\":\"ReadAction\",\"target\":[\"https:\/\/123-esta.com\/it\/assicurazione-sanitaria-per-un-viaggio-negli-stati-uniti\/\"]}]},{\"@type\":\"WebSite\",\"@id\":\"https:\/\/123-esta.com\/it\/#website\",\"url\":\"https:\/\/123-esta.com\/it\/\",\"name\":\"Formulaire ESTA pour les USA\",\"description\":\"\",\"publisher\":{\"@id\":\"https:\/\/123-esta.com\/it\/#organization\"},\"potentialAction\":[{\"@type\":\"SearchAction\",\"target\":{\"@type\":\"EntryPoint\",\"urlTemplate\":\"https:\/\/123-esta.com\/it\/?s={search_term_string}\"},\"query-input\":{\"@type\":\"PropertyValueSpecification\",\"valueRequired\":true,\"valueName\":\"search_term_string\"}}],\"inLanguage\":\"it-IT\"},{\"@type\":\"Organization\",\"@id\":\"https:\/\/123-esta.com\/it\/#organization\",\"name\":\"Formulaire ESTA pour les USA\",\"url\":\"https:\/\/123-esta.com\/it\/\",\"logo\":{\"@type\":\"ImageObject\",\"inLanguage\":\"it-IT\",\"@id\":\"https:\/\/123-esta.com\/it\/#\/schema\/logo\/image\/\",\"url\":\"https:\/\/123-esta.com\/wp-content\/uploads\/2018\/03\/logo-123-esta.png\",\"contentUrl\":\"https:\/\/123-esta.com\/wp-content\/uploads\/2018\/03\/logo-123-esta.png\",\"width\":191,\"height\":54,\"caption\":\"Formulaire ESTA pour les USA\"},\"image\":{\"@id\":\"https:\/\/123-esta.com\/it\/#\/schema\/logo\/image\/\"}}]}<\/script>\n<!-- \/ Yoast SEO plugin. -->","yoast_head_json":{"title":"Pensate all'assicurazione sanitaria per il vostro viaggio negli USA","description":"Il modo migliore per prepararsi al viaggio negli Stati Uniti \u00e8 stipulare un'assicurazione sanitaria prima del viaggio.","robots":{"index":"index","follow":"follow","max-snippet":"max-snippet:-1","max-image-preview":"max-image-preview:large","max-video-preview":"max-video-preview:-1"},"canonical":"https:\/\/123-esta.com\/it\/assicurazione-sanitaria-per-un-viaggio-negli-stati-uniti\/","og_locale":"it_IT","og_type":"article","og_title":"Pensate all'assicurazione sanitaria per il vostro viaggio negli USA","og_description":"Il modo migliore per prepararsi al viaggio negli Stati Uniti \u00e8 stipulare un'assicurazione sanitaria prima del viaggio.","og_url":"https:\/\/123-esta.com\/it\/assicurazione-sanitaria-per-un-viaggio-negli-stati-uniti\/","og_site_name":"Formulaire ESTA pour les USA","article_modified_time":"2022-08-23T20:04:26+00:00","twitter_card":"summary_large_image","twitter_misc":{"Tempo di lettura stimato":"3 minuti"},"schema":{"@context":"https:\/\/schema.org","@graph":[{"@type":"WebPage","@id":"https:\/\/123-esta.com\/it\/assicurazione-sanitaria-per-un-viaggio-negli-stati-uniti\/","url":"https:\/\/123-esta.com\/it\/assicurazione-sanitaria-per-un-viaggio-negli-stati-uniti\/","name":"Pensate all'assicurazione sanitaria per il vostro viaggio negli USA","isPartOf":{"@id":"https:\/\/123-esta.com\/it\/#website"},"datePublished":"2022-07-27T19:34:33+00:00","dateModified":"2022-08-23T20:04:26+00:00","description":"Il modo migliore per prepararsi al viaggio negli Stati Uniti \u00e8 stipulare un'assicurazione sanitaria prima del viaggio.","inLanguage":"it-IT","potentialAction":[{"@type":"ReadAction","target":["https:\/\/123-esta.com\/it\/assicurazione-sanitaria-per-un-viaggio-negli-stati-uniti\/"]}]},{"@type":"WebSite","@id":"https:\/\/123-esta.com\/it\/#website","url":"https:\/\/123-esta.com\/it\/","name":"Formulaire ESTA pour les USA","description":"","publisher":{"@id":"https:\/\/123-esta.com\/it\/#organization"},"potentialAction":[{"@type":"SearchAction","target":{"@type":"EntryPoint","urlTemplate":"https:\/\/123-esta.com\/it\/?s={search_term_string}"},"query-input":{"@type":"PropertyValueSpecification","valueRequired":true,"valueName":"search_term_string"}}],"inLanguage":"it-IT"},{"@type":"Organization","@id":"https:\/\/123-esta.com\/it\/#organization","name":"Formulaire ESTA pour les USA","url":"https:\/\/123-esta.com\/it\/","logo":{"@type":"ImageObject","inLanguage":"it-IT","@id":"https:\/\/123-esta.com\/it\/#\/schema\/logo\/image\/","url":"https:\/\/123-esta.com\/wp-content\/uploads\/2018\/03\/logo-123-esta.png","contentUrl":"https:\/\/123-esta.com\/wp-content\/uploads\/2018\/03\/logo-123-esta.png","width":191,"height":54,"caption":"Formulaire ESTA pour les USA"},"image":{"@id":"https:\/\/123-esta.com\/it\/#\/schema\/logo\/image\/"}}]}},"_links":{"self":[{"href":"https:\/\/123-esta.com\/it\/wp-json\/wp\/v2\/pages\/2353","targetHints":{"allow":["GET"]}}],"collection":[{"href":"https:\/\/123-esta.com\/it\/wp-json\/wp\/v2\/pages"}],"about":[{"href":"https:\/\/123-esta.com\/it\/wp-json\/wp\/v2\/types\/page"}],"author":[{"embeddable":true,"href":"https:\/\/123-esta.com\/it\/wp-json\/wp\/v2\/users\/1"}],"replies":[{"embeddable":true,"href":"https:\/\/123-esta.com\/it\/wp-json\/wp\/v2\/comments?post=2353"}],"version-history":[{"count":0,"href":"https:\/\/123-esta.com\/it\/wp-json\/wp\/v2\/pages\/2353\/revisions"}],"wp:attachment":[{"href":"https:\/\/123-esta.com\/it\/wp-json\/wp\/v2\/media?parent=2353"}],"curies":[{"name":"wp","href":"https:\/\/api.w.org\/{rel}","templated":true}]}}