{"id":2351,"date":"2022-07-27T21:34:31","date_gmt":"2022-07-27T19:34:31","guid":{"rendered":"https:\/\/123-esta.com\/viaggio-in-canada-da-usa\/"},"modified":"2022-09-19T17:55:28","modified_gmt":"2022-09-19T15:55:28","slug":"viaggiare-in-canada-dagli-stati-uniti","status":"publish","type":"page","link":"https:\/\/123-esta.com\/it\/viaggiare-in-canada-dagli-stati-uniti\/","title":{"rendered":"Visitare il Canada durante il soggiorno negli Stati Uniti"},"content":{"rendered":"\n<p>Il Canada \u00e8 un Paese grande quanto gli Stati Uniti. Questo Paese offre un enorme potenziale turistico ai visitatori che arrivano sul suo territorio. Con una superficie di 9.984.670 km2 e una popolazione stimata di 35.540.400 abitanti, il Canada vi offre vasti spazi privi di qualsiasi presenza umana. \u00c8 pi\u00f9 facile godersi il Canada attraversando gli <a href=\"https:\/\/123-esta.com\/it\/cosa-fare-negli-stati-uniti-del-nordest\/\">Stati Uniti nordorientali<\/a>.<\/p>\n\n<p>Il clima varia da regione a regione ed \u00e8 caratterizzato da inverni freddi ed estati fresche o temperate e umide. La vegetazione \u00e8 composta da diversi tipi di foresta che offrono, tempo permettendo, famose avventure di trekking e &#8220;into the wild&#8221;.<\/p>\n\n<p>Durante le vostre avventure in uno dei tanti parchi naturali canadesi, potrete imbattervi in molti animali come castori, orsi, molti tipi di pesci, ecc.<\/p>\n\n<p>In inverno, nella maggior parte del Paese prevalgono la neve e un clima relativamente freddo. Gli sport invernali possono essere praticati a volont\u00e0. Come promemoria, nel 2012 vi si sono svolte le Olimpiadi invernali, nella citt\u00e0 di Vancouver.<\/p>\n\n<h2 class=\"wp-block-heading\">Di quali documenti ho bisogno per entrare in Canada?<\/h2>\n\n<p>I viaggiatori stranieri che desiderano rientrare in Canada devono essere in possesso di un passaporto valido.<\/p>\n\n<p>I cittadini di Francia, Regno Unito, Germania, Giappone, Corea del Sud, Australia e della maggior parte dei Paesi europei non hanno bisogno di un visto per entrare in Canada. A seconda della modalit\u00e0 di ingresso in Canada, pu\u00f2 essere richiesta un <a href=\"https:\/\/ave-eta-canada.com\/it\/\">eTA Canada<\/a> (autorizzazione elettronica al viaggio)<\/p>\n\n<p>Se siete viaggiatori francesi che desiderano visitare gli Stati Uniti con un volo di linea o in auto dal Canada, potete fare scalo negli Stati Uniti a condizione di soddisfare i requisiti per viaggiare negli Stati Uniti e di aver richiesto l&#8217;autorizzazione ESTA online.<\/p>\n\n<h2 class=\"wp-block-heading\">Hotel, ristoranti, trasporti in Canada<\/h2>\n\n<p>Il Paese dispone di diversi tipi di infrastrutture alberghiere. Non si dorme sotto le stelle e si mangia a saziet\u00e0 in Canada. Tutto dipende dalle vostre aspettative. Va notato che il costo della vita \u00e8 pi\u00f9 o meno lo stesso a Parigi e a Toronto. Ci\u00f2 significa che \u00e8 necessario un certo budget.<\/p>\n\n<p>Alberghi, ostelli della giovent\u00f9 e appartamenti in affitto si trovano facilmente in tutto il Paese a vari prezzi.<\/p>\n\n<p>Per quanto riguarda i ristoranti, offrono tutto ci\u00f2 che si pu\u00f2 trovare in Italia. L&#8217;immigrazione in Canada \u00e8 piuttosto recente, quindi molti immigrati europei di prima e seconda generazione vedono i loro ristoranti ispirarsi al meglio del vecchio mondo.<\/p>\n\n<p>Nelle grandi citt\u00e0 canadesi ci si pu\u00f2 muovere come a Roma: taxi, autobus, metro, auto a noleggio, per non parlare dei camper, ecc. Per spostarsi da una provincia all&#8217;altra, non mancano i mezzi di trasporto (aereo, auto a noleggio, autobus e treno) e diversi tipi di tariffe per le diverse destinazioni e i diversi orari.<\/p>\n\n<h2 class=\"wp-block-heading\">Siti da scoprire in Canada<\/h2>\n\n<p>In un Paese vasto come il Canada, non mancano i siti e le regioni da scoprire. Ecco un elenco non esaustivo di luoghi che consigliamo:<\/p>\n\n<ul class=\"wp-block-list\"><li>Cascate del Niagara;<\/li><li>Parco nazionale di Banff;<\/li><li>L&#8217;isola di Vancouver e l&#8217;omonima citt\u00e0;<\/li><li>Fughe nella natura a Lake Louise o nello Yukon;<\/li><li>L&#8217;enorme citt\u00e0 di Toronto (terza citt\u00e0 pi\u00f9 grande del Nord America);<\/li><li>Le due principali citt\u00e0 francofone del Qu\u00e9bec, Quebec City e Montr\u00e9al.<\/li><\/ul>\n\n<p>Sono tante le regioni, le citt\u00e0 e i siti naturali che vale la pena visitare se state programmando un viaggio in Canada dagli Stati Uniti d&#8217;America.<\/p>\n","protected":false},"excerpt":{"rendered":"<p>Il Canada \u00e8 un Paese grande quanto gli Stati Uniti. Questo Paese offre un enorme potenziale turistico ai visitatori che arrivano sul suo territorio. Con una superficie di 9.984.670 km2 e una popolazione stimata di 35.540.400 abitanti, il Canada vi offre vasti spazi privi di qualsiasi presenza umana. \u00c8 pi\u00f9 facile godersi il Canada attraversando [&hellip;]<\/p>\n","protected":false},"author":1,"featured_media":0,"parent":0,"menu_order":0,"comment_status":"closed","ping_status":"closed","template":"","meta":{"site-sidebar-layout":"default","site-content-layout":"default","ast-site-content-layout":"default","site-content-style":"default","site-sidebar-style":"default","ast-global-header-display":"","ast-banner-title-visibility":"","ast-main-header-display":"","ast-hfb-above-header-display":"","ast-hfb-below-header-display":"","ast-hfb-mobile-header-display":"","site-post-title":"","ast-breadcrumbs-content":"","ast-featured-img":"","footer-sml-layout":"","ast-disable-related-posts":"","theme-transparent-header-meta":"default","adv-header-id-meta":"","stick-header-meta":"default","header-above-stick-meta":"","header-main-stick-meta":"","header-below-stick-meta":"","astra-migrate-meta-layouts":"default","ast-page-background-enabled":"default","ast-page-background-meta":{"desktop":{"background-color":"","background-image":"","background-repeat":"repeat","background-position":"center center","background-size":"auto","background-attachment":"scroll","background-type":"","background-media":"","overlay-type":"","overlay-color":"","overlay-opacity":"","overlay-gradient":""},"tablet":{"background-color":"","background-image":"","background-repeat":"repeat","background-position":"center center","background-size":"auto","background-attachment":"scroll","background-type":"","background-media":"","overlay-type":"","overlay-color":"","overlay-opacity":"","overlay-gradient":""},"mobile":{"background-color":"","background-image":"","background-repeat":"repeat","background-position":"center center","background-size":"auto","background-attachment":"scroll","background-type":"","background-media":"","overlay-type":"","overlay-color":"","overlay-opacity":"","overlay-gradient":""}},"ast-content-background-meta":{"desktop":{"background-color":"var(--ast-global-color-5)","background-image":"","background-repeat":"repeat","background-position":"center center","background-size":"auto","background-attachment":"scroll","background-type":"","background-media":"","overlay-type":"","overlay-color":"","overlay-opacity":"","overlay-gradient":""},"tablet":{"background-color":"var(--ast-global-color-5)","background-image":"","background-repeat":"repeat","background-position":"center center","background-size":"auto","background-attachment":"scroll","background-type":"","background-media":"","overlay-type":"","overlay-color":"","overlay-opacity":"","overlay-gradient":""},"mobile":{"background-color":"var(--ast-global-color-5)","background-image":"","background-repeat":"repeat","background-position":"center center","background-size":"auto","background-attachment":"scroll","background-type":"","background-media":"","overlay-type":"","overlay-color":"","overlay-opacity":"","overlay-gradient":""}},"footnotes":""},"class_list":["post-2351","page","type-page","status-publish","hentry"],"yoast_head":"<!-- This site is optimized with the Yoast SEO plugin v27.1.1 - https:\/\/yoast.com\/product\/yoast-seo-wordpress\/ -->\n<title>Viaggiare in Canada dagli Stati Uniti \u00e8 possibile e raccomandabile<\/title>\n<meta name=\"description\" content=\"La combinazione di Stati Uniti e Canada \u00e8 possibile in entrambe le direzioni. Questi due Paesi sono complementari.\" \/>\n<meta name=\"robots\" content=\"index, follow, max-snippet:-1, max-image-preview:large, max-video-preview:-1\" \/>\n<link rel=\"canonical\" href=\"https:\/\/123-esta.com\/it\/viaggiare-in-canada-dagli-stati-uniti\/\" \/>\n<meta property=\"og:locale\" content=\"it_IT\" \/>\n<meta property=\"og:type\" content=\"article\" \/>\n<meta property=\"og:title\" content=\"Viaggiare in Canada dagli Stati Uniti \u00e8 possibile e raccomandabile\" \/>\n<meta property=\"og:description\" content=\"La combinazione di Stati Uniti e Canada \u00e8 possibile in entrambe le direzioni. Questi due Paesi sono complementari.\" \/>\n<meta property=\"og:url\" content=\"https:\/\/123-esta.com\/it\/viaggiare-in-canada-dagli-stati-uniti\/\" \/>\n<meta property=\"og:site_name\" content=\"Formulaire ESTA pour les USA\" \/>\n<meta property=\"article:modified_time\" content=\"2022-09-19T15:55:28+00:00\" \/>\n<meta name=\"twitter:card\" content=\"summary_large_image\" \/>\n<meta name=\"twitter:label1\" content=\"Tempo di lettura stimato\" \/>\n\t<meta name=\"twitter:data1\" content=\"3 minuti\" \/>\n<script type=\"application\/ld+json\" class=\"yoast-schema-graph\">{\"@context\":\"https:\/\/schema.org\",\"@graph\":[{\"@type\":\"WebPage\",\"@id\":\"https:\/\/123-esta.com\/it\/viaggiare-in-canada-dagli-stati-uniti\/\",\"url\":\"https:\/\/123-esta.com\/it\/viaggiare-in-canada-dagli-stati-uniti\/\",\"name\":\"Viaggiare in Canada dagli Stati Uniti \u00e8 possibile e raccomandabile\",\"isPartOf\":{\"@id\":\"https:\/\/123-esta.com\/it\/#website\"},\"datePublished\":\"2022-07-27T19:34:31+00:00\",\"dateModified\":\"2022-09-19T15:55:28+00:00\",\"description\":\"La combinazione di Stati Uniti e Canada \u00e8 possibile in entrambe le direzioni. Questi due Paesi sono complementari.\",\"inLanguage\":\"it-IT\",\"potentialAction\":[{\"@type\":\"ReadAction\",\"target\":[\"https:\/\/123-esta.com\/it\/viaggiare-in-canada-dagli-stati-uniti\/\"]}]},{\"@type\":\"WebSite\",\"@id\":\"https:\/\/123-esta.com\/it\/#website\",\"url\":\"https:\/\/123-esta.com\/it\/\",\"name\":\"Formulaire ESTA pour les USA\",\"description\":\"\",\"publisher\":{\"@id\":\"https:\/\/123-esta.com\/it\/#organization\"},\"potentialAction\":[{\"@type\":\"SearchAction\",\"target\":{\"@type\":\"EntryPoint\",\"urlTemplate\":\"https:\/\/123-esta.com\/it\/?s={search_term_string}\"},\"query-input\":{\"@type\":\"PropertyValueSpecification\",\"valueRequired\":true,\"valueName\":\"search_term_string\"}}],\"inLanguage\":\"it-IT\"},{\"@type\":\"Organization\",\"@id\":\"https:\/\/123-esta.com\/it\/#organization\",\"name\":\"Formulaire ESTA pour les USA\",\"url\":\"https:\/\/123-esta.com\/it\/\",\"logo\":{\"@type\":\"ImageObject\",\"inLanguage\":\"it-IT\",\"@id\":\"https:\/\/123-esta.com\/it\/#\/schema\/logo\/image\/\",\"url\":\"https:\/\/123-esta.com\/wp-content\/uploads\/2018\/03\/logo-123-esta.png\",\"contentUrl\":\"https:\/\/123-esta.com\/wp-content\/uploads\/2018\/03\/logo-123-esta.png\",\"width\":191,\"height\":54,\"caption\":\"Formulaire ESTA pour les USA\"},\"image\":{\"@id\":\"https:\/\/123-esta.com\/it\/#\/schema\/logo\/image\/\"}}]}<\/script>\n<!-- \/ Yoast SEO plugin. -->","yoast_head_json":{"title":"Viaggiare in Canada dagli Stati Uniti \u00e8 possibile e raccomandabile","description":"La combinazione di Stati Uniti e Canada \u00e8 possibile in entrambe le direzioni. Questi due Paesi sono complementari.","robots":{"index":"index","follow":"follow","max-snippet":"max-snippet:-1","max-image-preview":"max-image-preview:large","max-video-preview":"max-video-preview:-1"},"canonical":"https:\/\/123-esta.com\/it\/viaggiare-in-canada-dagli-stati-uniti\/","og_locale":"it_IT","og_type":"article","og_title":"Viaggiare in Canada dagli Stati Uniti \u00e8 possibile e raccomandabile","og_description":"La combinazione di Stati Uniti e Canada \u00e8 possibile in entrambe le direzioni. Questi due Paesi sono complementari.","og_url":"https:\/\/123-esta.com\/it\/viaggiare-in-canada-dagli-stati-uniti\/","og_site_name":"Formulaire ESTA pour les USA","article_modified_time":"2022-09-19T15:55:28+00:00","twitter_card":"summary_large_image","twitter_misc":{"Tempo di lettura stimato":"3 minuti"},"schema":{"@context":"https:\/\/schema.org","@graph":[{"@type":"WebPage","@id":"https:\/\/123-esta.com\/it\/viaggiare-in-canada-dagli-stati-uniti\/","url":"https:\/\/123-esta.com\/it\/viaggiare-in-canada-dagli-stati-uniti\/","name":"Viaggiare in Canada dagli Stati Uniti \u00e8 possibile e raccomandabile","isPartOf":{"@id":"https:\/\/123-esta.com\/it\/#website"},"datePublished":"2022-07-27T19:34:31+00:00","dateModified":"2022-09-19T15:55:28+00:00","description":"La combinazione di Stati Uniti e Canada \u00e8 possibile in entrambe le direzioni. Questi due Paesi sono complementari.","inLanguage":"it-IT","potentialAction":[{"@type":"ReadAction","target":["https:\/\/123-esta.com\/it\/viaggiare-in-canada-dagli-stati-uniti\/"]}]},{"@type":"WebSite","@id":"https:\/\/123-esta.com\/it\/#website","url":"https:\/\/123-esta.com\/it\/","name":"Formulaire ESTA pour les USA","description":"","publisher":{"@id":"https:\/\/123-esta.com\/it\/#organization"},"potentialAction":[{"@type":"SearchAction","target":{"@type":"EntryPoint","urlTemplate":"https:\/\/123-esta.com\/it\/?s={search_term_string}"},"query-input":{"@type":"PropertyValueSpecification","valueRequired":true,"valueName":"search_term_string"}}],"inLanguage":"it-IT"},{"@type":"Organization","@id":"https:\/\/123-esta.com\/it\/#organization","name":"Formulaire ESTA pour les USA","url":"https:\/\/123-esta.com\/it\/","logo":{"@type":"ImageObject","inLanguage":"it-IT","@id":"https:\/\/123-esta.com\/it\/#\/schema\/logo\/image\/","url":"https:\/\/123-esta.com\/wp-content\/uploads\/2018\/03\/logo-123-esta.png","contentUrl":"https:\/\/123-esta.com\/wp-content\/uploads\/2018\/03\/logo-123-esta.png","width":191,"height":54,"caption":"Formulaire ESTA pour les USA"},"image":{"@id":"https:\/\/123-esta.com\/it\/#\/schema\/logo\/image\/"}}]}},"_links":{"self":[{"href":"https:\/\/123-esta.com\/it\/wp-json\/wp\/v2\/pages\/2351","targetHints":{"allow":["GET"]}}],"collection":[{"href":"https:\/\/123-esta.com\/it\/wp-json\/wp\/v2\/pages"}],"about":[{"href":"https:\/\/123-esta.com\/it\/wp-json\/wp\/v2\/types\/page"}],"author":[{"embeddable":true,"href":"https:\/\/123-esta.com\/it\/wp-json\/wp\/v2\/users\/1"}],"replies":[{"embeddable":true,"href":"https:\/\/123-esta.com\/it\/wp-json\/wp\/v2\/comments?post=2351"}],"version-history":[{"count":0,"href":"https:\/\/123-esta.com\/it\/wp-json\/wp\/v2\/pages\/2351\/revisions"}],"wp:attachment":[{"href":"https:\/\/123-esta.com\/it\/wp-json\/wp\/v2\/media?parent=2351"}],"curies":[{"name":"wp","href":"https:\/\/api.w.org\/{rel}","templated":true}]}}