{"id":2343,"date":"2022-07-27T21:34:30","date_gmt":"2022-07-27T19:34:30","guid":{"rendered":"https:\/\/123-esta.com\/cosa-vedere-e-visitare-in-california\/"},"modified":"2022-09-15T19:34:03","modified_gmt":"2022-09-15T17:34:03","slug":"cosa-vedere-e-visitare-in-california","status":"publish","type":"page","link":"https:\/\/123-esta.com\/it\/cosa-vedere-e-visitare-in-california\/","title":{"rendered":"Cosa c&#8217;\u00e8 da vedere e da fare in California?"},"content":{"rendered":"\n<p>Pianificare un itinerario in un paese cos\u00ec grande come gli Stati Uniti pu\u00f2 essere un compito complicato, dato che ci sono cos\u00ec tante  <a href=\"\/\/123-esta.com\/les-grandes-villes-et-regions-a-visiter-aux-etats-unis\/\">Le principali citt\u00e0 e regioni da visitare negli Stati Uniti<\/a>  ! Per aiutarvi, i nostri esperti di viaggio hanno scritto una guida alla California, la definizione del sogno americano!<\/p>\n\n<p>Questo Stato americano evoca automaticamente l'&#8221;American way of life&#8221;, uno stile di vita rilassato su spiagge assolate e un&#8217;accogliente cultura multietnica, che attira ogni anno milioni di viaggiatori. Questa destinazione offre molte possibilit\u00e0 per tutti i tipi di viaggiatori:<\/p>\n\n<ul class=\"wp-block-list\"><li>Iniziate un viaggio sulle strade pi\u00f9 mitiche come la Route 66, la US1 o la Tioga Road;<\/li><li>Sciare sulle montagne di Saint Gabriel in inverno;<\/li><li>Partecipate a una spedizione in canoa lungo gli 82 km del fiume Los Angeles;<\/li><li>Visitate i vigneti sulle colline della Napa Valley per degustare il vino locale;<\/li><li>Prendere il sole sulle innumerevoli spiagge della costa californiana;<\/li><li>Nuotare nell&#8217;Oceano Pacifico;<\/li><li>Godetevi gli incredibili scenari naturali dei parchi nazionali come Yosemite, Death Valley e Sequoia;<\/li><li>Divertitevi da soli o con la famiglia nei parchi a tema pi\u00f9 famosi del mondo come Magic Kingdom (Disney), Lego land, Six Flag o Universal per gli appassionati di cinema;<\/li><li>Godetevi alcuni dei migliori surfisti degli Stati Uniti.<\/li><\/ul>\n\n<p>Soprannominata Golden State, la California \u00e8 esattamente come la si vede nei film o in televisione: esuberante, piena di vita, fuori dal comune, soleggiata, dove non ci si annoia mai! \u00c8 anche la sede di alcune delle pi\u00f9 famose metropoli degli Stati Uniti.<\/p>\n\n<p>La Citt\u00e0 degli Angeli \u00e8 conosciuta in tutto il mondo, sia attraverso i film, le serie televisive o la letteratura. Per molti, L.A. \u00e8 tanto una modesta citt\u00e0 di confine quanto una scintillante metropoli urbana con molte attrazioni. Capitale mondiale dell&#8217;intrattenimento, Los Angeles \u00e8 un sogno che si avvera per molti viaggiatori ogni anno grazie alla sua atmosfera cinematografica e musicale, agli studios, agli attori e ai produttori famosi! \u00c8 impensabile rimanere in California senza <a href=\"https:\/\/123-esta.com\/it\/cosa-vedere-a-los-angeles\/\">visitare Los Angeles<\/a>, anche solo per un giorno.<\/p>\n\n<p>San Francisco non \u00e8 da meno, una citt\u00e0 iconica che non lascia indifferenti. Tra i siti turistici pi\u00f9 popolari ci sono la famosa prigione di Alcatraz e il gigantesco Golden Gate Bridge. La &#8220;Citt\u00e0 della Baia&#8221;, come \u00e8 conosciuta negli Stati Uniti, \u00e8 una citt\u00e0 con un&#8217;influenza europea, che <a href=\"https:\/\/123-esta.com\/it\/top10-attrazioni-san-fransisco\/\">rende San Francisco una delle destinazioni preferite dai visitatori francesi in California<\/a>. I viaggiatori esperti descrivono SF come eccentrica, tradizionale ma moderna, dinamica e rispettosa dell&#8217;ambiente e, come Los Angeles, gode di una popolazione eterogenea.<\/p>\n\n<p>Situata sulla costa occidentale americana, la California \u00e8 una delle principali destinazioni per gli amanti del brivido, ma anche un Eldorado per chi desidera immergersi nello stile di vita hollywoodiano per una settimana o pi\u00f9.<\/p>\n","protected":false},"excerpt":{"rendered":"<p>Pianificare un itinerario in un paese cos\u00ec grande come gli Stati Uniti pu\u00f2 essere un compito complicato, dato che ci sono cos\u00ec tante Le principali citt\u00e0 e regioni da visitare negli Stati Uniti ! Per aiutarvi, i nostri esperti di viaggio hanno scritto una guida alla California, la definizione del sogno americano! Questo Stato americano [&hellip;]<\/p>\n","protected":false},"author":1,"featured_media":0,"parent":0,"menu_order":0,"comment_status":"closed","ping_status":"closed","template":"","meta":{"site-sidebar-layout":"default","site-content-layout":"default","ast-site-content-layout":"default","site-content-style":"default","site-sidebar-style":"default","ast-global-header-display":"","ast-banner-title-visibility":"","ast-main-header-display":"","ast-hfb-above-header-display":"","ast-hfb-below-header-display":"","ast-hfb-mobile-header-display":"","site-post-title":"","ast-breadcrumbs-content":"","ast-featured-img":"","footer-sml-layout":"","ast-disable-related-posts":"","theme-transparent-header-meta":"default","adv-header-id-meta":"","stick-header-meta":"default","header-above-stick-meta":"","header-main-stick-meta":"","header-below-stick-meta":"","astra-migrate-meta-layouts":"default","ast-page-background-enabled":"default","ast-page-background-meta":{"desktop":{"background-color":"","background-image":"","background-repeat":"repeat","background-position":"center center","background-size":"auto","background-attachment":"scroll","background-type":"","background-media":"","overlay-type":"","overlay-color":"","overlay-opacity":"","overlay-gradient":""},"tablet":{"background-color":"","background-image":"","background-repeat":"repeat","background-position":"center center","background-size":"auto","background-attachment":"scroll","background-type":"","background-media":"","overlay-type":"","overlay-color":"","overlay-opacity":"","overlay-gradient":""},"mobile":{"background-color":"","background-image":"","background-repeat":"repeat","background-position":"center center","background-size":"auto","background-attachment":"scroll","background-type":"","background-media":"","overlay-type":"","overlay-color":"","overlay-opacity":"","overlay-gradient":""}},"ast-content-background-meta":{"desktop":{"background-color":"var(--ast-global-color-5)","background-image":"","background-repeat":"repeat","background-position":"center center","background-size":"auto","background-attachment":"scroll","background-type":"","background-media":"","overlay-type":"","overlay-color":"","overlay-opacity":"","overlay-gradient":""},"tablet":{"background-color":"var(--ast-global-color-5)","background-image":"","background-repeat":"repeat","background-position":"center center","background-size":"auto","background-attachment":"scroll","background-type":"","background-media":"","overlay-type":"","overlay-color":"","overlay-opacity":"","overlay-gradient":""},"mobile":{"background-color":"var(--ast-global-color-5)","background-image":"","background-repeat":"repeat","background-position":"center center","background-size":"auto","background-attachment":"scroll","background-type":"","background-media":"","overlay-type":"","overlay-color":"","overlay-opacity":"","overlay-gradient":""}},"footnotes":""},"class_list":["post-2343","page","type-page","status-publish","hentry"],"yoast_head":"<!-- This site is optimized with the Yoast SEO plugin v27.1.1 - https:\/\/yoast.com\/product\/yoast-seo-wordpress\/ -->\n<title>Cosa vedere e visitare durante la vostra vacanza in California?<\/title>\n<meta name=\"description\" content=\"La California non \u00e8 pi\u00f9 un luogo da visitare: l&#039;europea San Francisco, la famosa Los Angeles, i parchi nazionali mozzafiato, cosa state aspettando?\" \/>\n<meta name=\"robots\" content=\"index, follow, max-snippet:-1, max-image-preview:large, max-video-preview:-1\" \/>\n<link rel=\"canonical\" href=\"https:\/\/123-esta.com\/it\/cosa-vedere-e-visitare-in-california\/\" \/>\n<meta property=\"og:locale\" content=\"it_IT\" \/>\n<meta property=\"og:type\" content=\"article\" \/>\n<meta property=\"og:title\" content=\"Cosa vedere e visitare durante la vostra vacanza in California?\" \/>\n<meta property=\"og:description\" content=\"La California non \u00e8 pi\u00f9 un luogo da visitare: l&#039;europea San Francisco, la famosa Los Angeles, i parchi nazionali mozzafiato, cosa state aspettando?\" \/>\n<meta property=\"og:url\" content=\"https:\/\/123-esta.com\/it\/cosa-vedere-e-visitare-in-california\/\" \/>\n<meta property=\"og:site_name\" content=\"Formulaire ESTA pour les USA\" \/>\n<meta property=\"article:modified_time\" content=\"2022-09-15T17:34:03+00:00\" \/>\n<meta name=\"twitter:card\" content=\"summary_large_image\" \/>\n<meta name=\"twitter:label1\" content=\"Tempo di lettura stimato\" \/>\n\t<meta name=\"twitter:data1\" content=\"2 minuti\" \/>\n<script type=\"application\/ld+json\" class=\"yoast-schema-graph\">{\"@context\":\"https:\/\/schema.org\",\"@graph\":[{\"@type\":\"WebPage\",\"@id\":\"https:\/\/123-esta.com\/it\/cosa-vedere-e-visitare-in-california\/\",\"url\":\"https:\/\/123-esta.com\/it\/cosa-vedere-e-visitare-in-california\/\",\"name\":\"Cosa vedere e visitare durante la vostra vacanza in California?\",\"isPartOf\":{\"@id\":\"https:\/\/123-esta.com\/it\/#website\"},\"datePublished\":\"2022-07-27T19:34:30+00:00\",\"dateModified\":\"2022-09-15T17:34:03+00:00\",\"description\":\"La California non \u00e8 pi\u00f9 un luogo da visitare: l'europea San Francisco, la famosa Los Angeles, i parchi nazionali mozzafiato, cosa state aspettando?\",\"inLanguage\":\"it-IT\",\"potentialAction\":[{\"@type\":\"ReadAction\",\"target\":[\"https:\/\/123-esta.com\/it\/cosa-vedere-e-visitare-in-california\/\"]}]},{\"@type\":\"WebSite\",\"@id\":\"https:\/\/123-esta.com\/it\/#website\",\"url\":\"https:\/\/123-esta.com\/it\/\",\"name\":\"Formulaire ESTA pour les USA\",\"description\":\"\",\"publisher\":{\"@id\":\"https:\/\/123-esta.com\/it\/#organization\"},\"potentialAction\":[{\"@type\":\"SearchAction\",\"target\":{\"@type\":\"EntryPoint\",\"urlTemplate\":\"https:\/\/123-esta.com\/it\/?s={search_term_string}\"},\"query-input\":{\"@type\":\"PropertyValueSpecification\",\"valueRequired\":true,\"valueName\":\"search_term_string\"}}],\"inLanguage\":\"it-IT\"},{\"@type\":\"Organization\",\"@id\":\"https:\/\/123-esta.com\/it\/#organization\",\"name\":\"Formulaire ESTA pour les USA\",\"url\":\"https:\/\/123-esta.com\/it\/\",\"logo\":{\"@type\":\"ImageObject\",\"inLanguage\":\"it-IT\",\"@id\":\"https:\/\/123-esta.com\/it\/#\/schema\/logo\/image\/\",\"url\":\"https:\/\/123-esta.com\/wp-content\/uploads\/2018\/03\/logo-123-esta.png\",\"contentUrl\":\"https:\/\/123-esta.com\/wp-content\/uploads\/2018\/03\/logo-123-esta.png\",\"width\":191,\"height\":54,\"caption\":\"Formulaire ESTA pour les USA\"},\"image\":{\"@id\":\"https:\/\/123-esta.com\/it\/#\/schema\/logo\/image\/\"}}]}<\/script>\n<!-- \/ Yoast SEO plugin. -->","yoast_head_json":{"title":"Cosa vedere e visitare durante la vostra vacanza in California?","description":"La California non \u00e8 pi\u00f9 un luogo da visitare: l'europea San Francisco, la famosa Los Angeles, i parchi nazionali mozzafiato, cosa state aspettando?","robots":{"index":"index","follow":"follow","max-snippet":"max-snippet:-1","max-image-preview":"max-image-preview:large","max-video-preview":"max-video-preview:-1"},"canonical":"https:\/\/123-esta.com\/it\/cosa-vedere-e-visitare-in-california\/","og_locale":"it_IT","og_type":"article","og_title":"Cosa vedere e visitare durante la vostra vacanza in California?","og_description":"La California non \u00e8 pi\u00f9 un luogo da visitare: l'europea San Francisco, la famosa Los Angeles, i parchi nazionali mozzafiato, cosa state aspettando?","og_url":"https:\/\/123-esta.com\/it\/cosa-vedere-e-visitare-in-california\/","og_site_name":"Formulaire ESTA pour les USA","article_modified_time":"2022-09-15T17:34:03+00:00","twitter_card":"summary_large_image","twitter_misc":{"Tempo di lettura stimato":"2 minuti"},"schema":{"@context":"https:\/\/schema.org","@graph":[{"@type":"WebPage","@id":"https:\/\/123-esta.com\/it\/cosa-vedere-e-visitare-in-california\/","url":"https:\/\/123-esta.com\/it\/cosa-vedere-e-visitare-in-california\/","name":"Cosa vedere e visitare durante la vostra vacanza in California?","isPartOf":{"@id":"https:\/\/123-esta.com\/it\/#website"},"datePublished":"2022-07-27T19:34:30+00:00","dateModified":"2022-09-15T17:34:03+00:00","description":"La California non \u00e8 pi\u00f9 un luogo da visitare: l'europea San Francisco, la famosa Los Angeles, i parchi nazionali mozzafiato, cosa state aspettando?","inLanguage":"it-IT","potentialAction":[{"@type":"ReadAction","target":["https:\/\/123-esta.com\/it\/cosa-vedere-e-visitare-in-california\/"]}]},{"@type":"WebSite","@id":"https:\/\/123-esta.com\/it\/#website","url":"https:\/\/123-esta.com\/it\/","name":"Formulaire ESTA pour les USA","description":"","publisher":{"@id":"https:\/\/123-esta.com\/it\/#organization"},"potentialAction":[{"@type":"SearchAction","target":{"@type":"EntryPoint","urlTemplate":"https:\/\/123-esta.com\/it\/?s={search_term_string}"},"query-input":{"@type":"PropertyValueSpecification","valueRequired":true,"valueName":"search_term_string"}}],"inLanguage":"it-IT"},{"@type":"Organization","@id":"https:\/\/123-esta.com\/it\/#organization","name":"Formulaire ESTA pour les USA","url":"https:\/\/123-esta.com\/it\/","logo":{"@type":"ImageObject","inLanguage":"it-IT","@id":"https:\/\/123-esta.com\/it\/#\/schema\/logo\/image\/","url":"https:\/\/123-esta.com\/wp-content\/uploads\/2018\/03\/logo-123-esta.png","contentUrl":"https:\/\/123-esta.com\/wp-content\/uploads\/2018\/03\/logo-123-esta.png","width":191,"height":54,"caption":"Formulaire ESTA pour les USA"},"image":{"@id":"https:\/\/123-esta.com\/it\/#\/schema\/logo\/image\/"}}]}},"_links":{"self":[{"href":"https:\/\/123-esta.com\/it\/wp-json\/wp\/v2\/pages\/2343","targetHints":{"allow":["GET"]}}],"collection":[{"href":"https:\/\/123-esta.com\/it\/wp-json\/wp\/v2\/pages"}],"about":[{"href":"https:\/\/123-esta.com\/it\/wp-json\/wp\/v2\/types\/page"}],"author":[{"embeddable":true,"href":"https:\/\/123-esta.com\/it\/wp-json\/wp\/v2\/users\/1"}],"replies":[{"embeddable":true,"href":"https:\/\/123-esta.com\/it\/wp-json\/wp\/v2\/comments?post=2343"}],"version-history":[{"count":0,"href":"https:\/\/123-esta.com\/it\/wp-json\/wp\/v2\/pages\/2343\/revisions"}],"wp:attachment":[{"href":"https:\/\/123-esta.com\/it\/wp-json\/wp\/v2\/media?parent=2343"}],"curies":[{"name":"wp","href":"https:\/\/api.w.org\/{rel}","templated":true}]}}