{"id":2341,"date":"2022-07-27T21:34:30","date_gmt":"2022-07-27T19:34:30","guid":{"rendered":"https:\/\/123-esta.com\/que-faire-a-boston\/"},"modified":"2022-09-15T19:39:52","modified_gmt":"2022-09-15T17:39:52","slug":"cosa-fare-a-boston","status":"publish","type":"page","link":"https:\/\/123-esta.com\/it\/cosa-fare-a-boston\/","title":{"rendered":"Cosa visitare durante un soggiorno a Boston?"},"content":{"rendered":"\n<p>Boston \u00e8 una citt\u00e0 americana nello stato del Massachusetts, nel <a href=\"https:\/\/123-esta.com\/it\/cosa-fare-negli-stati-uniti-del-nordest\/\">nord-est degli Stati Uniti<\/a>, 300 km a nord di New York. \u00c8 circondata dalle citt\u00e0 di Chelsea, Quincy e Winthrop.<\/p>\n\n<p>Per le sue dimensioni, rispetto alle altre citt\u00e0 dello Stato, \u00e8 la capitale e il centro culturale della regione del New England. \u00c8 anche la capitale dello Stato del Massachusetts.<\/p>\n\n<p>Boston \u00e8 accessibile via mare attraverso il suo porto. Quest&#8217;ultimo \u00e8 il porto di partenza delle navi da crociera in tour negli Stati Uniti e in Canada.<\/p>\n\n<h2 class=\"wp-block-heading\">Boston in breve<\/h2>\n\n<p>Boston \u00e8 una delle citt\u00e0 pi\u00f9 antiche degli Stati Uniti, ricca di storia e tradizioni. Infatti, molti immigrati europei arrivarono a Boston prima di diffondersi in tutto il Paese.<\/p>\n\n<p>Boston \u00e8 diversa da qualsiasi altra citt\u00e0 americana grazie al suo notevole centro storico, caratterizzato da un gran numero di edifici coloniali, strade acciottolate e altre reliquie del passato. La citt\u00e0 \u00e8 divisa in molti quartieri e offre una moltitudine di attrazioni. Tuttavia, Boston si \u00e8 evoluta con i tempi e ha anche un&#8217;atmosfera molto moderna.<\/p>\n\n<p>Boston \u00e8 famosa anche per le sue universit\u00e0. La citt\u00e0 ospita le famose istituzioni <a href=\"https:\/\/www.harvard.edu\/\">Harvard<\/a> e <a href=\"http:\/\/web.mit.edu\/\">MIT<\/a>. Per scoprirli, vengono proposte ai visitatori diverse passeggiate.<\/p>\n\n<h2 class=\"wp-block-heading\">Scoprire Boston<\/h2>\n\n<p>Un buon modo per conoscere la storia di Boston \u00e8 percorrere la linea rossa del Freedom Trail. Su una strada lunga circa 4 km, si possono scoprire importanti monumenti come la<a href=\"http:\/\/oldnorth.com\/\">Old North Church<\/a>, la <a href=\"http:\/\/www.office-tourisme-usa.com\/etat\/massachusetts\/massachusetts-state-house\">Massachusetts State House<\/a>, la statua di Benjamin Franklin, il quartiere italiano, la Old Meeting House e la casa di Paul Revere.<\/p>\n\n<p>Attraversando la zona residenziale di &#8220;Beacon Hill&#8221;, si possono ammirare gli incantevoli sentieri acciottolati, l&#8217;architettura delle case con i loro graziosi giardini, ecc. \u00c8 anche possibile acquistare qualche vecchio souvenir nei negozi vintage della via principale.<\/p>\n\n<p>Nella zona di Back Bay, a Copley Square, potreste avere l&#8217;opportunit\u00e0 di partecipare a festival, mercati e altri eventi comuni. Il pi\u00f9 delle volte, una semplice passeggiata nel parco sar\u00e0 sufficiente a rendervi felici.<\/p>\n\n<p>Il tour storico prosegue verso i campus delle famose universit\u00e0 di Harvard e MIT, considerate tra le migliori al mondo. Nei dintorni, meritano una visita i numerosi musei d&#8217;arte, di storia naturale e archeologici.<\/p>\n\n<p>L&#8217;attraversamento di passerelle, come quella di Arlington Street, consente di accedere rapidamente all&#8217;Esplanade. \u00c8 prevista anche una passeggiata rinfrescante lungo il fiume Charles. Per gli appassionati di baseball e i curiosi, vale la pena visitare anche l&#8217;iconico Fenway Park di Boston. \u00c8 possibile visitare un museo dedicato ai Red Sox.<\/p>\n\n<p>Oggi pi\u00f9 che mai, visitare Boston \u00e8 un&#8217;esperienza unica, diversa da qualsiasi altra citt\u00e0 degli Stati Uniti.<\/p>\n","protected":false},"excerpt":{"rendered":"<p>Boston \u00e8 una citt\u00e0 americana nello stato del Massachusetts, nel nord-est degli Stati Uniti, 300 km a nord di New York. \u00c8 circondata dalle citt\u00e0 di Chelsea, Quincy e Winthrop. Per le sue dimensioni, rispetto alle altre citt\u00e0 dello Stato, \u00e8 la capitale e il centro culturale della regione del New England. \u00c8 anche la [&hellip;]<\/p>\n","protected":false},"author":1,"featured_media":0,"parent":0,"menu_order":0,"comment_status":"closed","ping_status":"closed","template":"","meta":{"site-sidebar-layout":"default","site-content-layout":"default","ast-site-content-layout":"default","site-content-style":"default","site-sidebar-style":"default","ast-global-header-display":"","ast-banner-title-visibility":"","ast-main-header-display":"","ast-hfb-above-header-display":"","ast-hfb-below-header-display":"","ast-hfb-mobile-header-display":"","site-post-title":"","ast-breadcrumbs-content":"","ast-featured-img":"","footer-sml-layout":"","ast-disable-related-posts":"","theme-transparent-header-meta":"default","adv-header-id-meta":"","stick-header-meta":"default","header-above-stick-meta":"","header-main-stick-meta":"","header-below-stick-meta":"","astra-migrate-meta-layouts":"default","ast-page-background-enabled":"default","ast-page-background-meta":{"desktop":{"background-color":"","background-image":"","background-repeat":"repeat","background-position":"center center","background-size":"auto","background-attachment":"scroll","background-type":"","background-media":"","overlay-type":"","overlay-color":"","overlay-opacity":"","overlay-gradient":""},"tablet":{"background-color":"","background-image":"","background-repeat":"repeat","background-position":"center center","background-size":"auto","background-attachment":"scroll","background-type":"","background-media":"","overlay-type":"","overlay-color":"","overlay-opacity":"","overlay-gradient":""},"mobile":{"background-color":"","background-image":"","background-repeat":"repeat","background-position":"center center","background-size":"auto","background-attachment":"scroll","background-type":"","background-media":"","overlay-type":"","overlay-color":"","overlay-opacity":"","overlay-gradient":""}},"ast-content-background-meta":{"desktop":{"background-color":"var(--ast-global-color-5)","background-image":"","background-repeat":"repeat","background-position":"center center","background-size":"auto","background-attachment":"scroll","background-type":"","background-media":"","overlay-type":"","overlay-color":"","overlay-opacity":"","overlay-gradient":""},"tablet":{"background-color":"var(--ast-global-color-5)","background-image":"","background-repeat":"repeat","background-position":"center center","background-size":"auto","background-attachment":"scroll","background-type":"","background-media":"","overlay-type":"","overlay-color":"","overlay-opacity":"","overlay-gradient":""},"mobile":{"background-color":"var(--ast-global-color-5)","background-image":"","background-repeat":"repeat","background-position":"center center","background-size":"auto","background-attachment":"scroll","background-type":"","background-media":"","overlay-type":"","overlay-color":"","overlay-opacity":"","overlay-gradient":""}},"footnotes":""},"class_list":["post-2341","page","type-page","status-publish","hentry"],"yoast_head":"<!-- This site is optimized with the Yoast SEO plugin v27.1.1 - https:\/\/yoast.com\/product\/yoast-seo-wordpress\/ -->\n<title>Cosa fare e vedere a Boston?<\/title>\n<meta name=\"description\" content=\"Boston \u00e8 una culla storica e culturale assolutamente da vedere. Questa citt\u00e0 del nord-est degli Stati Uniti pu\u00f2 essere combinata con un viaggio a New York.\" \/>\n<meta name=\"robots\" content=\"index, follow, max-snippet:-1, max-image-preview:large, max-video-preview:-1\" \/>\n<link rel=\"canonical\" href=\"https:\/\/123-esta.com\/it\/cosa-fare-a-boston\/\" \/>\n<meta property=\"og:locale\" content=\"it_IT\" \/>\n<meta property=\"og:type\" content=\"article\" \/>\n<meta property=\"og:title\" content=\"Cosa fare e vedere a Boston?\" \/>\n<meta property=\"og:description\" content=\"Boston \u00e8 una culla storica e culturale assolutamente da vedere. Questa citt\u00e0 del nord-est degli Stati Uniti pu\u00f2 essere combinata con un viaggio a New York.\" \/>\n<meta property=\"og:url\" content=\"https:\/\/123-esta.com\/it\/cosa-fare-a-boston\/\" \/>\n<meta property=\"og:site_name\" content=\"Formulaire ESTA pour les USA\" \/>\n<meta property=\"article:modified_time\" content=\"2022-09-15T17:39:52+00:00\" \/>\n<meta name=\"twitter:card\" content=\"summary_large_image\" \/>\n<meta name=\"twitter:label1\" content=\"Tempo di lettura stimato\" \/>\n\t<meta name=\"twitter:data1\" content=\"2 minuti\" \/>\n<script type=\"application\/ld+json\" class=\"yoast-schema-graph\">{\"@context\":\"https:\/\/schema.org\",\"@graph\":[{\"@type\":\"WebPage\",\"@id\":\"https:\/\/123-esta.com\/it\/cosa-fare-a-boston\/\",\"url\":\"https:\/\/123-esta.com\/it\/cosa-fare-a-boston\/\",\"name\":\"Cosa fare e vedere a Boston?\",\"isPartOf\":{\"@id\":\"https:\/\/123-esta.com\/it\/#website\"},\"datePublished\":\"2022-07-27T19:34:30+00:00\",\"dateModified\":\"2022-09-15T17:39:52+00:00\",\"description\":\"Boston \u00e8 una culla storica e culturale assolutamente da vedere. Questa citt\u00e0 del nord-est degli Stati Uniti pu\u00f2 essere combinata con un viaggio a New York.\",\"inLanguage\":\"it-IT\",\"potentialAction\":[{\"@type\":\"ReadAction\",\"target\":[\"https:\/\/123-esta.com\/it\/cosa-fare-a-boston\/\"]}]},{\"@type\":\"WebSite\",\"@id\":\"https:\/\/123-esta.com\/it\/#website\",\"url\":\"https:\/\/123-esta.com\/it\/\",\"name\":\"Formulaire ESTA pour les USA\",\"description\":\"\",\"publisher\":{\"@id\":\"https:\/\/123-esta.com\/it\/#organization\"},\"potentialAction\":[{\"@type\":\"SearchAction\",\"target\":{\"@type\":\"EntryPoint\",\"urlTemplate\":\"https:\/\/123-esta.com\/it\/?s={search_term_string}\"},\"query-input\":{\"@type\":\"PropertyValueSpecification\",\"valueRequired\":true,\"valueName\":\"search_term_string\"}}],\"inLanguage\":\"it-IT\"},{\"@type\":\"Organization\",\"@id\":\"https:\/\/123-esta.com\/it\/#organization\",\"name\":\"Formulaire ESTA pour les USA\",\"url\":\"https:\/\/123-esta.com\/it\/\",\"logo\":{\"@type\":\"ImageObject\",\"inLanguage\":\"it-IT\",\"@id\":\"https:\/\/123-esta.com\/it\/#\/schema\/logo\/image\/\",\"url\":\"https:\/\/123-esta.com\/wp-content\/uploads\/2018\/03\/logo-123-esta.png\",\"contentUrl\":\"https:\/\/123-esta.com\/wp-content\/uploads\/2018\/03\/logo-123-esta.png\",\"width\":191,\"height\":54,\"caption\":\"Formulaire ESTA pour les USA\"},\"image\":{\"@id\":\"https:\/\/123-esta.com\/it\/#\/schema\/logo\/image\/\"}}]}<\/script>\n<!-- \/ Yoast SEO plugin. -->","yoast_head_json":{"title":"Cosa fare e vedere a Boston?","description":"Boston \u00e8 una culla storica e culturale assolutamente da vedere. Questa citt\u00e0 del nord-est degli Stati Uniti pu\u00f2 essere combinata con un viaggio a New York.","robots":{"index":"index","follow":"follow","max-snippet":"max-snippet:-1","max-image-preview":"max-image-preview:large","max-video-preview":"max-video-preview:-1"},"canonical":"https:\/\/123-esta.com\/it\/cosa-fare-a-boston\/","og_locale":"it_IT","og_type":"article","og_title":"Cosa fare e vedere a Boston?","og_description":"Boston \u00e8 una culla storica e culturale assolutamente da vedere. Questa citt\u00e0 del nord-est degli Stati Uniti pu\u00f2 essere combinata con un viaggio a New York.","og_url":"https:\/\/123-esta.com\/it\/cosa-fare-a-boston\/","og_site_name":"Formulaire ESTA pour les USA","article_modified_time":"2022-09-15T17:39:52+00:00","twitter_card":"summary_large_image","twitter_misc":{"Tempo di lettura stimato":"2 minuti"},"schema":{"@context":"https:\/\/schema.org","@graph":[{"@type":"WebPage","@id":"https:\/\/123-esta.com\/it\/cosa-fare-a-boston\/","url":"https:\/\/123-esta.com\/it\/cosa-fare-a-boston\/","name":"Cosa fare e vedere a Boston?","isPartOf":{"@id":"https:\/\/123-esta.com\/it\/#website"},"datePublished":"2022-07-27T19:34:30+00:00","dateModified":"2022-09-15T17:39:52+00:00","description":"Boston \u00e8 una culla storica e culturale assolutamente da vedere. Questa citt\u00e0 del nord-est degli Stati Uniti pu\u00f2 essere combinata con un viaggio a New York.","inLanguage":"it-IT","potentialAction":[{"@type":"ReadAction","target":["https:\/\/123-esta.com\/it\/cosa-fare-a-boston\/"]}]},{"@type":"WebSite","@id":"https:\/\/123-esta.com\/it\/#website","url":"https:\/\/123-esta.com\/it\/","name":"Formulaire ESTA pour les USA","description":"","publisher":{"@id":"https:\/\/123-esta.com\/it\/#organization"},"potentialAction":[{"@type":"SearchAction","target":{"@type":"EntryPoint","urlTemplate":"https:\/\/123-esta.com\/it\/?s={search_term_string}"},"query-input":{"@type":"PropertyValueSpecification","valueRequired":true,"valueName":"search_term_string"}}],"inLanguage":"it-IT"},{"@type":"Organization","@id":"https:\/\/123-esta.com\/it\/#organization","name":"Formulaire ESTA pour les USA","url":"https:\/\/123-esta.com\/it\/","logo":{"@type":"ImageObject","inLanguage":"it-IT","@id":"https:\/\/123-esta.com\/it\/#\/schema\/logo\/image\/","url":"https:\/\/123-esta.com\/wp-content\/uploads\/2018\/03\/logo-123-esta.png","contentUrl":"https:\/\/123-esta.com\/wp-content\/uploads\/2018\/03\/logo-123-esta.png","width":191,"height":54,"caption":"Formulaire ESTA pour les USA"},"image":{"@id":"https:\/\/123-esta.com\/it\/#\/schema\/logo\/image\/"}}]}},"_links":{"self":[{"href":"https:\/\/123-esta.com\/it\/wp-json\/wp\/v2\/pages\/2341","targetHints":{"allow":["GET"]}}],"collection":[{"href":"https:\/\/123-esta.com\/it\/wp-json\/wp\/v2\/pages"}],"about":[{"href":"https:\/\/123-esta.com\/it\/wp-json\/wp\/v2\/types\/page"}],"author":[{"embeddable":true,"href":"https:\/\/123-esta.com\/it\/wp-json\/wp\/v2\/users\/1"}],"replies":[{"embeddable":true,"href":"https:\/\/123-esta.com\/it\/wp-json\/wp\/v2\/comments?post=2341"}],"version-history":[{"count":0,"href":"https:\/\/123-esta.com\/it\/wp-json\/wp\/v2\/pages\/2341\/revisions"}],"wp:attachment":[{"href":"https:\/\/123-esta.com\/it\/wp-json\/wp\/v2\/media?parent=2341"}],"curies":[{"name":"wp","href":"https:\/\/api.w.org\/{rel}","templated":true}]}}