{"id":2335,"date":"2022-07-27T21:34:29","date_gmt":"2022-07-27T19:34:29","guid":{"rendered":"https:\/\/123-esta.com\/cosa-si-vede-dai-nostri-angeli\/"},"modified":"2022-09-13T23:00:51","modified_gmt":"2022-09-13T21:00:51","slug":"cosa-vedere-a-los-angeles","status":"publish","type":"page","link":"https:\/\/123-esta.com\/it\/cosa-vedere-a-los-angeles\/","title":{"rendered":"Quali sono le attrazioni da non perdere a Los Angeles?"},"content":{"rendered":"\n<p>Per molti, Los Angeles &#8211; o &#8220;L.A.&#8221; &#8211; incarna il sogno americano. Situata sulla <a href=\"https:\/\/123-esta.com\/it\/cosa-vedere-e-visitare-in-california\/\">costa della California<\/a>, la citt\u00e0 gode di un clima mite, di splendide spiagge e di un&#8217;atmosfera calda e accogliente. Il solo nominare &#8220;Los Angeles&#8221; ci fa sognare!<\/p>\n\n<p>La Citt\u00e0 degli Angeli (traduzione dallo spagnolo al francese di Los Angeles) evoca anche Hollywood, le stelle e uno stile di vita rilassato senza pari. Los Angeles \u00e8 nota anche per i suoi quartieri come Beverly Hills, Bel Air e Malibu. Quanti nomi resi celebri da certe serie degli anni &#8217;90! E non \u00e8 tutto, la citt\u00e0 \u00e8 anche conosciuta come la &#8220;citt\u00e0 del cinema del mondo&#8221;: i suoi numerosi studios, attori e produttori famosi. Siete interessati a vivere un&#8217;avventura unica nel cuore della seconda citt\u00e0 degli Stati Uniti?<\/p>\n\n<h2 class=\"wp-block-heading\">Rodeo Drive<\/h2>\n\n<p>Rodeo Drive \u00e8 il luogo ideale per gli amanti dello shopping di alto livello.<\/p>\n\n<p>\u00c8 una strada commerciale che si trova tra Wilshire e Santa Monica Boulevard. Tiffany &amp; Co, Dior, Armani, Chanel, Christian Dior, Gucci&#8230; tutte le grandi marche sono presenti! Se siete fortunati, potreste trovarvi faccia a faccia con una star di Hollywood che fa shopping.<\/p>\n\n<p>A titolo informativo, Rodeo Drive ospita il negozio pi\u00f9 costoso del mondo: la gioielleria e profumeria Bijan.<\/p>\n\n<h2 class=\"wp-block-heading\">Viale del tramonto<\/h2>\n\n<p>Il Sunset Boulevard \u00e8 noto in tutto il mondo per la sua vita notturna! Volete sfogarvi? Le piacciono i locali notturni? Fate una deviazione sul Sunset Boulevard!<\/p>\n\n<p>Lungo i bar e i locali notturni, Sunset Boulevard promette una notte da ricordare. Gli appassionati della vita notturna avranno di che divertirsi in questo viaggio unico a Los Angeles.<\/p>\n\n<h2 class=\"wp-block-heading\">Hollywood<\/h2>\n\n<p>Chi non ha mai sognato di percorrere la <a href=\"https:\/\/en.wikipedia.org\/wiki\/Hollywood_Walk_of_Fame\">Walk of Fame di Hollywood Boulevard<\/a>? Camminate sulle orme delle pi\u00f9 grandi star di Hollywood visitando il Grauman&#8217;s Chinese Theater per vedere le famose impronte di mani e piedi lasciate da oltre 100 celebrit\u00e0.<\/p>\n\n<p>Inoltre, sarebbe impensabile recarsi a Los Angeles senza visitare almeno i famosi studios di Hollywood. Sono disponibili molti tour organizzati degli studios di Hollywood. Vi permetteranno di vedere cosa succede dietro la telecamera. Un momento unico e indimenticabile che lascer\u00e0 un segno indelebile.<\/p>\n\n<h2 class=\"wp-block-heading\">Disneyland e le sue numerose attrazioni!<\/h2>\n\n<p>Los Angeles ha molti parchi a tema. Se dovessi vederne solo uno, sarebbe sicuramente il locale Disneyland!<\/p>\n\n<p>Andate ad Anaheim per scoprire il famoso parco di Walt Disney! Topolino e i suoi amici vi invitano a un viaggio nel regno della vostra infanzia. Questo parco divertimenti \u00e8 senza dubbio il pi\u00f9 famoso della West Coast, tra le sue famose montagne russe e le sue grandi ruote.<\/p>\n\n<p>Durante la visita, non perdetevi le principali attrazioni del parco, come l&#8217;Eporium (un bazar pieno di souvenir Disney di ogni tipo), Fantasyland (dove troverete tutti i personaggi Disney in carne e ossa), Tomorrowland (un programma di esplorazione spaziale e missilistica), ecc.<\/p>\n","protected":false},"excerpt":{"rendered":"<p>Per molti, Los Angeles &#8211; o &#8220;L.A.&#8221; &#8211; incarna il sogno americano. Situata sulla costa della California, la citt\u00e0 gode di un clima mite, di splendide spiagge e di un&#8217;atmosfera calda e accogliente. Il solo nominare &#8220;Los Angeles&#8221; ci fa sognare! La Citt\u00e0 degli Angeli (traduzione dallo spagnolo al francese di Los Angeles) evoca anche [&hellip;]<\/p>\n","protected":false},"author":1,"featured_media":0,"parent":0,"menu_order":0,"comment_status":"closed","ping_status":"closed","template":"","meta":{"site-sidebar-layout":"default","site-content-layout":"default","ast-site-content-layout":"default","site-content-style":"default","site-sidebar-style":"default","ast-global-header-display":"","ast-banner-title-visibility":"","ast-main-header-display":"","ast-hfb-above-header-display":"","ast-hfb-below-header-display":"","ast-hfb-mobile-header-display":"","site-post-title":"","ast-breadcrumbs-content":"","ast-featured-img":"","footer-sml-layout":"","ast-disable-related-posts":"","theme-transparent-header-meta":"default","adv-header-id-meta":"","stick-header-meta":"default","header-above-stick-meta":"","header-main-stick-meta":"","header-below-stick-meta":"","astra-migrate-meta-layouts":"default","ast-page-background-enabled":"default","ast-page-background-meta":{"desktop":{"background-color":"","background-image":"","background-repeat":"repeat","background-position":"center center","background-size":"auto","background-attachment":"scroll","background-type":"","background-media":"","overlay-type":"","overlay-color":"","overlay-opacity":"","overlay-gradient":""},"tablet":{"background-color":"","background-image":"","background-repeat":"repeat","background-position":"center center","background-size":"auto","background-attachment":"scroll","background-type":"","background-media":"","overlay-type":"","overlay-color":"","overlay-opacity":"","overlay-gradient":""},"mobile":{"background-color":"","background-image":"","background-repeat":"repeat","background-position":"center center","background-size":"auto","background-attachment":"scroll","background-type":"","background-media":"","overlay-type":"","overlay-color":"","overlay-opacity":"","overlay-gradient":""}},"ast-content-background-meta":{"desktop":{"background-color":"var(--ast-global-color-5)","background-image":"","background-repeat":"repeat","background-position":"center center","background-size":"auto","background-attachment":"scroll","background-type":"","background-media":"","overlay-type":"","overlay-color":"","overlay-opacity":"","overlay-gradient":""},"tablet":{"background-color":"var(--ast-global-color-5)","background-image":"","background-repeat":"repeat","background-position":"center center","background-size":"auto","background-attachment":"scroll","background-type":"","background-media":"","overlay-type":"","overlay-color":"","overlay-opacity":"","overlay-gradient":""},"mobile":{"background-color":"var(--ast-global-color-5)","background-image":"","background-repeat":"repeat","background-position":"center center","background-size":"auto","background-attachment":"scroll","background-type":"","background-media":"","overlay-type":"","overlay-color":"","overlay-opacity":"","overlay-gradient":""}},"footnotes":""},"class_list":["post-2335","page","type-page","status-publish","hentry"],"yoast_head":"<!-- This site is optimized with the Yoast SEO plugin v27.1.1 - https:\/\/yoast.com\/product\/yoast-seo-wordpress\/ -->\n<title>Cosa vedere e fare a Los Angeles, USA?<\/title>\n<meta name=\"description\" content=\"Informazioni sui luoghi migliori da visitare a Los Angeles: Rodeo Drive, Sunset Boulevard, Hollywood o Disneyland.\" \/>\n<meta name=\"robots\" content=\"index, follow, max-snippet:-1, max-image-preview:large, max-video-preview:-1\" \/>\n<link rel=\"canonical\" href=\"https:\/\/123-esta.com\/it\/cosa-vedere-a-los-angeles\/\" \/>\n<meta property=\"og:locale\" content=\"it_IT\" \/>\n<meta property=\"og:type\" content=\"article\" \/>\n<meta property=\"og:title\" content=\"Cosa vedere e fare a Los Angeles, USA?\" \/>\n<meta property=\"og:description\" content=\"Informazioni sui luoghi migliori da visitare a Los Angeles: Rodeo Drive, Sunset Boulevard, Hollywood o Disneyland.\" \/>\n<meta property=\"og:url\" content=\"https:\/\/123-esta.com\/it\/cosa-vedere-a-los-angeles\/\" \/>\n<meta property=\"og:site_name\" content=\"Formulaire ESTA pour les USA\" \/>\n<meta property=\"article:modified_time\" content=\"2022-09-13T21:00:51+00:00\" \/>\n<meta name=\"twitter:card\" content=\"summary_large_image\" \/>\n<meta name=\"twitter:label1\" content=\"Tempo di lettura stimato\" \/>\n\t<meta name=\"twitter:data1\" content=\"2 minuti\" \/>\n<script type=\"application\/ld+json\" class=\"yoast-schema-graph\">{\"@context\":\"https:\/\/schema.org\",\"@graph\":[{\"@type\":\"WebPage\",\"@id\":\"https:\/\/123-esta.com\/it\/cosa-vedere-a-los-angeles\/\",\"url\":\"https:\/\/123-esta.com\/it\/cosa-vedere-a-los-angeles\/\",\"name\":\"Cosa vedere e fare a Los Angeles, USA?\",\"isPartOf\":{\"@id\":\"https:\/\/123-esta.com\/it\/#website\"},\"datePublished\":\"2022-07-27T19:34:29+00:00\",\"dateModified\":\"2022-09-13T21:00:51+00:00\",\"description\":\"Informazioni sui luoghi migliori da visitare a Los Angeles: Rodeo Drive, Sunset Boulevard, Hollywood o Disneyland.\",\"inLanguage\":\"it-IT\",\"potentialAction\":[{\"@type\":\"ReadAction\",\"target\":[\"https:\/\/123-esta.com\/it\/cosa-vedere-a-los-angeles\/\"]}]},{\"@type\":\"WebSite\",\"@id\":\"https:\/\/123-esta.com\/it\/#website\",\"url\":\"https:\/\/123-esta.com\/it\/\",\"name\":\"Formulaire ESTA pour les USA\",\"description\":\"\",\"publisher\":{\"@id\":\"https:\/\/123-esta.com\/it\/#organization\"},\"potentialAction\":[{\"@type\":\"SearchAction\",\"target\":{\"@type\":\"EntryPoint\",\"urlTemplate\":\"https:\/\/123-esta.com\/it\/?s={search_term_string}\"},\"query-input\":{\"@type\":\"PropertyValueSpecification\",\"valueRequired\":true,\"valueName\":\"search_term_string\"}}],\"inLanguage\":\"it-IT\"},{\"@type\":\"Organization\",\"@id\":\"https:\/\/123-esta.com\/it\/#organization\",\"name\":\"Formulaire ESTA pour les USA\",\"url\":\"https:\/\/123-esta.com\/it\/\",\"logo\":{\"@type\":\"ImageObject\",\"inLanguage\":\"it-IT\",\"@id\":\"https:\/\/123-esta.com\/it\/#\/schema\/logo\/image\/\",\"url\":\"https:\/\/123-esta.com\/wp-content\/uploads\/2018\/03\/logo-123-esta.png\",\"contentUrl\":\"https:\/\/123-esta.com\/wp-content\/uploads\/2018\/03\/logo-123-esta.png\",\"width\":191,\"height\":54,\"caption\":\"Formulaire ESTA pour les USA\"},\"image\":{\"@id\":\"https:\/\/123-esta.com\/it\/#\/schema\/logo\/image\/\"}}]}<\/script>\n<!-- \/ Yoast SEO plugin. -->","yoast_head_json":{"title":"Cosa vedere e fare a Los Angeles, USA?","description":"Informazioni sui luoghi migliori da visitare a Los Angeles: Rodeo Drive, Sunset Boulevard, Hollywood o Disneyland.","robots":{"index":"index","follow":"follow","max-snippet":"max-snippet:-1","max-image-preview":"max-image-preview:large","max-video-preview":"max-video-preview:-1"},"canonical":"https:\/\/123-esta.com\/it\/cosa-vedere-a-los-angeles\/","og_locale":"it_IT","og_type":"article","og_title":"Cosa vedere e fare a Los Angeles, USA?","og_description":"Informazioni sui luoghi migliori da visitare a Los Angeles: Rodeo Drive, Sunset Boulevard, Hollywood o Disneyland.","og_url":"https:\/\/123-esta.com\/it\/cosa-vedere-a-los-angeles\/","og_site_name":"Formulaire ESTA pour les USA","article_modified_time":"2022-09-13T21:00:51+00:00","twitter_card":"summary_large_image","twitter_misc":{"Tempo di lettura stimato":"2 minuti"},"schema":{"@context":"https:\/\/schema.org","@graph":[{"@type":"WebPage","@id":"https:\/\/123-esta.com\/it\/cosa-vedere-a-los-angeles\/","url":"https:\/\/123-esta.com\/it\/cosa-vedere-a-los-angeles\/","name":"Cosa vedere e fare a Los Angeles, USA?","isPartOf":{"@id":"https:\/\/123-esta.com\/it\/#website"},"datePublished":"2022-07-27T19:34:29+00:00","dateModified":"2022-09-13T21:00:51+00:00","description":"Informazioni sui luoghi migliori da visitare a Los Angeles: Rodeo Drive, Sunset Boulevard, Hollywood o Disneyland.","inLanguage":"it-IT","potentialAction":[{"@type":"ReadAction","target":["https:\/\/123-esta.com\/it\/cosa-vedere-a-los-angeles\/"]}]},{"@type":"WebSite","@id":"https:\/\/123-esta.com\/it\/#website","url":"https:\/\/123-esta.com\/it\/","name":"Formulaire ESTA pour les USA","description":"","publisher":{"@id":"https:\/\/123-esta.com\/it\/#organization"},"potentialAction":[{"@type":"SearchAction","target":{"@type":"EntryPoint","urlTemplate":"https:\/\/123-esta.com\/it\/?s={search_term_string}"},"query-input":{"@type":"PropertyValueSpecification","valueRequired":true,"valueName":"search_term_string"}}],"inLanguage":"it-IT"},{"@type":"Organization","@id":"https:\/\/123-esta.com\/it\/#organization","name":"Formulaire ESTA pour les USA","url":"https:\/\/123-esta.com\/it\/","logo":{"@type":"ImageObject","inLanguage":"it-IT","@id":"https:\/\/123-esta.com\/it\/#\/schema\/logo\/image\/","url":"https:\/\/123-esta.com\/wp-content\/uploads\/2018\/03\/logo-123-esta.png","contentUrl":"https:\/\/123-esta.com\/wp-content\/uploads\/2018\/03\/logo-123-esta.png","width":191,"height":54,"caption":"Formulaire ESTA pour les USA"},"image":{"@id":"https:\/\/123-esta.com\/it\/#\/schema\/logo\/image\/"}}]}},"_links":{"self":[{"href":"https:\/\/123-esta.com\/it\/wp-json\/wp\/v2\/pages\/2335","targetHints":{"allow":["GET"]}}],"collection":[{"href":"https:\/\/123-esta.com\/it\/wp-json\/wp\/v2\/pages"}],"about":[{"href":"https:\/\/123-esta.com\/it\/wp-json\/wp\/v2\/types\/page"}],"author":[{"embeddable":true,"href":"https:\/\/123-esta.com\/it\/wp-json\/wp\/v2\/users\/1"}],"replies":[{"embeddable":true,"href":"https:\/\/123-esta.com\/it\/wp-json\/wp\/v2\/comments?post=2335"}],"version-history":[{"count":0,"href":"https:\/\/123-esta.com\/it\/wp-json\/wp\/v2\/pages\/2335\/revisions"}],"wp:attachment":[{"href":"https:\/\/123-esta.com\/it\/wp-json\/wp\/v2\/media?parent=2335"}],"curies":[{"name":"wp","href":"https:\/\/api.w.org\/{rel}","templated":true}]}}