{"id":2329,"date":"2022-07-27T21:34:28","date_gmt":"2022-07-27T19:34:28","guid":{"rendered":"https:\/\/123-esta.com\/cosa-fare-nel-nord-est-degli-stati-uniti\/"},"modified":"2022-09-01T23:11:52","modified_gmt":"2022-09-01T21:11:52","slug":"cosa-fare-negli-stati-uniti-del-nordest","status":"publish","type":"page","link":"https:\/\/123-esta.com\/it\/cosa-fare-negli-stati-uniti-del-nordest\/","title":{"rendered":"Avventura nel Nord Est degli Stati Uniti"},"content":{"rendered":"\n<p>Scoprite le <a href=\"https:\/\/123-esta.com\/it\/citta-e-regioni-da-visitare-negli-stati-uniti\/\">principali citt\u00e0 e regioni degli Stati Uniti<\/a> iniziando il vostro viaggio dal Nord Est degli USA. Questi territori sono molto adatti a un viaggio in auto e offrono un&#8217;esperienza indimenticabile ai viaggiatori. Con i suoi piccoli e attraenti villaggi del New England, le sue foreste che cambiano colore e forma con le stagioni, la sua costa selvaggia e le sue lunghe spiagge naturali, ce n&#8217;\u00e8 per tutti i gusti.<\/p>\n\n<h2 class=\"wp-block-heading\">Chicago o &#8220;la vecchia capitale del crimine&#8221;.<\/h2>\n\n<p>Anche se <a href=\"https:\/\/123-esta.com\/it\/cosa-fare-a-chicago\/\">Chicago<\/a> \u00e8 riuscita a scrollarsi di dosso la cattiva reputazione dell&#8217;epoca del proibizionismo, \u00e8 ancora la citt\u00e0 in cui il famigerato Al Capone divenne famoso per il suo giro di contrabbando. Ma a parte alcune zone da evitare nelle ore pi\u00f9 buie della notte, non c&#8217;\u00e8 da preoccuparsi per le vostre passeggiate!<\/p>\n\n<p>La citt\u00e0 \u00e8 nota anche per l&#8217;incredibile numero di musei, con oltre 70 strutture diverse che coprono quasi altrettanti temi: arte, storia, scienza&#8230; Chicago ha anche il secondo maggior numero di parchi e spazi verdi di qualsiasi altra citt\u00e0 degli Stati Uniti, all&#8217;altezza del suo motto &#8220;Urbs in Horto&#8221; che significa &#8220;la citt\u00e0 un giardino&#8221;. Infine, sarebbe un peccato non provare la specialit\u00e0 locale della pizza deep-dish o il Chicago-Style Hot Dog, che aggiunge un grande tocco verde al classico junk food.<\/p>\n\n<h2 class=\"wp-block-heading\">Boston, la citt\u00e0 storica<\/h2>\n\n<p>Un po&#8217; pi\u00f9 a nord si trova la capitale del Massachusetts, <a href=\"https:\/\/123-esta.com\/it\/cosa-fare-a-boston\/\">Boston<\/a>! Situata in riva al mare, questa citt\u00e0 attira gli appassionati di storia. Questa metropoli \u00e8 stata fondata nel XVII secolo da coloni inglesi, il che la rende uno dei luoghi pi\u00f9 antichi del continente. Per questo motivo, Boston \u00e8 spesso considerata la culla storica e culturale degli Stati Uniti. Oggi \u00e8 diventata l&#8217;esempio perfetto di una citt\u00e0 che mescola vecchio e nuovo. In effetti, ogni strada, marciapiede ed edificio \u00e8 impregnato di storia antica, ma la metropoli rimane ancorata al presente e al futuro, con il suo porto marittimo e l&#8217;universit\u00e0 di fama internazionale: Harvard. Boston \u00e8 quindi la destinazione perfetta per ogni viaggiatore in cerca di storia, cultura e conoscenza.<\/p>\n\n<h2 class=\"wp-block-heading\">Canada, paesaggi meravigliosi<\/h2>\n\n<p>Sebbene il <a href=\"https:\/\/123-esta.com\/it\/viaggiare-in-canada-dagli-stati-uniti\/\">Canada<\/a> sia un Paese a s\u00e9 stante, \u00e8 il diretto vicino degli Stati Uniti ai suoi confini settentrionali e sarebbe un peccato non fare una visita ai nostri amici del Quebec. Per chi parla inglese, Montreal o Quebec sono citt\u00e0 in cui la maggioranza della popolazione parla francese con un accento particolare! In questo modo sar\u00e0 pi\u00f9 facile ordinare una famosa poutine per combattere il freddo a volte pungente del paese. Il Canada offre anche paesaggi mozzafiato, soprattutto nel Parco Nazionale di BANFF. Dalle montagne con la loro neve perenne, alle sorgenti termali con temperature fino a 38\u00b0C, alle escursioni nel Johnston Canyon con le sue piccole cascate, dovrete dedicare al luogo il tempo necessario per goderne appieno. E se siete davvero fortunati, potrete assistere alla mitica aurora boreale, che illumina il cielo stellato con mille colori.<\/p>\n\n<p>Per l&#8217;ingresso in Canada via terra, non \u00e8 necessario richiedere un<a href=\"https:\/\/ave-eta-canada.com\/it\/\">visto per il Canada<\/a>. Tuttavia, sar\u00e0 per l&#8217;ingresso in aereo.<\/p>\n","protected":false},"excerpt":{"rendered":"<p>Scoprite le principali citt\u00e0 e regioni degli Stati Uniti iniziando il vostro viaggio dal Nord Est degli USA. Questi territori sono molto adatti a un viaggio in auto e offrono un&#8217;esperienza indimenticabile ai viaggiatori. Con i suoi piccoli e attraenti villaggi del New England, le sue foreste che cambiano colore e forma con le stagioni, [&hellip;]<\/p>\n","protected":false},"author":1,"featured_media":0,"parent":0,"menu_order":0,"comment_status":"closed","ping_status":"closed","template":"","meta":{"site-sidebar-layout":"default","site-content-layout":"default","ast-site-content-layout":"default","site-content-style":"default","site-sidebar-style":"default","ast-global-header-display":"","ast-banner-title-visibility":"","ast-main-header-display":"","ast-hfb-above-header-display":"","ast-hfb-below-header-display":"","ast-hfb-mobile-header-display":"","site-post-title":"","ast-breadcrumbs-content":"","ast-featured-img":"","footer-sml-layout":"","ast-disable-related-posts":"","theme-transparent-header-meta":"default","adv-header-id-meta":"","stick-header-meta":"default","header-above-stick-meta":"","header-main-stick-meta":"","header-below-stick-meta":"","astra-migrate-meta-layouts":"default","ast-page-background-enabled":"default","ast-page-background-meta":{"desktop":{"background-color":"","background-image":"","background-repeat":"repeat","background-position":"center center","background-size":"auto","background-attachment":"scroll","background-type":"","background-media":"","overlay-type":"","overlay-color":"","overlay-opacity":"","overlay-gradient":""},"tablet":{"background-color":"","background-image":"","background-repeat":"repeat","background-position":"center center","background-size":"auto","background-attachment":"scroll","background-type":"","background-media":"","overlay-type":"","overlay-color":"","overlay-opacity":"","overlay-gradient":""},"mobile":{"background-color":"","background-image":"","background-repeat":"repeat","background-position":"center center","background-size":"auto","background-attachment":"scroll","background-type":"","background-media":"","overlay-type":"","overlay-color":"","overlay-opacity":"","overlay-gradient":""}},"ast-content-background-meta":{"desktop":{"background-color":"var(--ast-global-color-5)","background-image":"","background-repeat":"repeat","background-position":"center center","background-size":"auto","background-attachment":"scroll","background-type":"","background-media":"","overlay-type":"","overlay-color":"","overlay-opacity":"","overlay-gradient":""},"tablet":{"background-color":"var(--ast-global-color-5)","background-image":"","background-repeat":"repeat","background-position":"center center","background-size":"auto","background-attachment":"scroll","background-type":"","background-media":"","overlay-type":"","overlay-color":"","overlay-opacity":"","overlay-gradient":""},"mobile":{"background-color":"var(--ast-global-color-5)","background-image":"","background-repeat":"repeat","background-position":"center center","background-size":"auto","background-attachment":"scroll","background-type":"","background-media":"","overlay-type":"","overlay-color":"","overlay-opacity":"","overlay-gradient":""}},"footnotes":""},"class_list":["post-2329","page","type-page","status-publish","hentry"],"yoast_head":"<!-- This site is optimized with the Yoast SEO plugin v27.1.1 - https:\/\/yoast.com\/product\/yoast-seo-wordpress\/ -->\n<title>Cosa fare nel Nord Est degli Stati Uniti? Il nostro consiglio<\/title>\n<meta name=\"description\" content=\"Il Nord Est degli Stati Uniti \u00e8 il luogo ideale per gli amanti della cultura e dell&#039;architettura. Anche gli amanti della natura troveranno pane per i loro denti.\" \/>\n<meta name=\"robots\" content=\"index, follow, max-snippet:-1, max-image-preview:large, max-video-preview:-1\" \/>\n<link rel=\"canonical\" href=\"https:\/\/123-esta.com\/it\/cosa-fare-negli-stati-uniti-del-nordest\/\" \/>\n<meta property=\"og:locale\" content=\"it_IT\" \/>\n<meta property=\"og:type\" content=\"article\" \/>\n<meta property=\"og:title\" content=\"Cosa fare nel Nord Est degli Stati Uniti? Il nostro consiglio\" \/>\n<meta property=\"og:description\" content=\"Il Nord Est degli Stati Uniti \u00e8 il luogo ideale per gli amanti della cultura e dell&#039;architettura. Anche gli amanti della natura troveranno pane per i loro denti.\" \/>\n<meta property=\"og:url\" content=\"https:\/\/123-esta.com\/it\/cosa-fare-negli-stati-uniti-del-nordest\/\" \/>\n<meta property=\"og:site_name\" content=\"Formulaire ESTA pour les USA\" \/>\n<meta property=\"article:modified_time\" content=\"2022-09-01T21:11:52+00:00\" \/>\n<meta name=\"twitter:card\" content=\"summary_large_image\" \/>\n<meta name=\"twitter:label1\" content=\"Tempo di lettura stimato\" \/>\n\t<meta name=\"twitter:data1\" content=\"2 minuti\" \/>\n<script type=\"application\/ld+json\" class=\"yoast-schema-graph\">{\"@context\":\"https:\/\/schema.org\",\"@graph\":[{\"@type\":\"WebPage\",\"@id\":\"https:\/\/123-esta.com\/it\/cosa-fare-negli-stati-uniti-del-nordest\/\",\"url\":\"https:\/\/123-esta.com\/it\/cosa-fare-negli-stati-uniti-del-nordest\/\",\"name\":\"Cosa fare nel Nord Est degli Stati Uniti? Il nostro consiglio\",\"isPartOf\":{\"@id\":\"https:\/\/123-esta.com\/it\/#website\"},\"datePublished\":\"2022-07-27T19:34:28+00:00\",\"dateModified\":\"2022-09-01T21:11:52+00:00\",\"description\":\"Il Nord Est degli Stati Uniti \u00e8 il luogo ideale per gli amanti della cultura e dell'architettura. Anche gli amanti della natura troveranno pane per i loro denti.\",\"inLanguage\":\"it-IT\",\"potentialAction\":[{\"@type\":\"ReadAction\",\"target\":[\"https:\/\/123-esta.com\/it\/cosa-fare-negli-stati-uniti-del-nordest\/\"]}]},{\"@type\":\"WebSite\",\"@id\":\"https:\/\/123-esta.com\/it\/#website\",\"url\":\"https:\/\/123-esta.com\/it\/\",\"name\":\"Formulaire ESTA pour les USA\",\"description\":\"\",\"publisher\":{\"@id\":\"https:\/\/123-esta.com\/it\/#organization\"},\"potentialAction\":[{\"@type\":\"SearchAction\",\"target\":{\"@type\":\"EntryPoint\",\"urlTemplate\":\"https:\/\/123-esta.com\/it\/?s={search_term_string}\"},\"query-input\":{\"@type\":\"PropertyValueSpecification\",\"valueRequired\":true,\"valueName\":\"search_term_string\"}}],\"inLanguage\":\"it-IT\"},{\"@type\":\"Organization\",\"@id\":\"https:\/\/123-esta.com\/it\/#organization\",\"name\":\"Formulaire ESTA pour les USA\",\"url\":\"https:\/\/123-esta.com\/it\/\",\"logo\":{\"@type\":\"ImageObject\",\"inLanguage\":\"it-IT\",\"@id\":\"https:\/\/123-esta.com\/it\/#\/schema\/logo\/image\/\",\"url\":\"https:\/\/123-esta.com\/wp-content\/uploads\/2018\/03\/logo-123-esta.png\",\"contentUrl\":\"https:\/\/123-esta.com\/wp-content\/uploads\/2018\/03\/logo-123-esta.png\",\"width\":191,\"height\":54,\"caption\":\"Formulaire ESTA pour les USA\"},\"image\":{\"@id\":\"https:\/\/123-esta.com\/it\/#\/schema\/logo\/image\/\"}}]}<\/script>\n<!-- \/ Yoast SEO plugin. -->","yoast_head_json":{"title":"Cosa fare nel Nord Est degli Stati Uniti? Il nostro consiglio","description":"Il Nord Est degli Stati Uniti \u00e8 il luogo ideale per gli amanti della cultura e dell'architettura. Anche gli amanti della natura troveranno pane per i loro denti.","robots":{"index":"index","follow":"follow","max-snippet":"max-snippet:-1","max-image-preview":"max-image-preview:large","max-video-preview":"max-video-preview:-1"},"canonical":"https:\/\/123-esta.com\/it\/cosa-fare-negli-stati-uniti-del-nordest\/","og_locale":"it_IT","og_type":"article","og_title":"Cosa fare nel Nord Est degli Stati Uniti? Il nostro consiglio","og_description":"Il Nord Est degli Stati Uniti \u00e8 il luogo ideale per gli amanti della cultura e dell'architettura. Anche gli amanti della natura troveranno pane per i loro denti.","og_url":"https:\/\/123-esta.com\/it\/cosa-fare-negli-stati-uniti-del-nordest\/","og_site_name":"Formulaire ESTA pour les USA","article_modified_time":"2022-09-01T21:11:52+00:00","twitter_card":"summary_large_image","twitter_misc":{"Tempo di lettura stimato":"2 minuti"},"schema":{"@context":"https:\/\/schema.org","@graph":[{"@type":"WebPage","@id":"https:\/\/123-esta.com\/it\/cosa-fare-negli-stati-uniti-del-nordest\/","url":"https:\/\/123-esta.com\/it\/cosa-fare-negli-stati-uniti-del-nordest\/","name":"Cosa fare nel Nord Est degli Stati Uniti? Il nostro consiglio","isPartOf":{"@id":"https:\/\/123-esta.com\/it\/#website"},"datePublished":"2022-07-27T19:34:28+00:00","dateModified":"2022-09-01T21:11:52+00:00","description":"Il Nord Est degli Stati Uniti \u00e8 il luogo ideale per gli amanti della cultura e dell'architettura. Anche gli amanti della natura troveranno pane per i loro denti.","inLanguage":"it-IT","potentialAction":[{"@type":"ReadAction","target":["https:\/\/123-esta.com\/it\/cosa-fare-negli-stati-uniti-del-nordest\/"]}]},{"@type":"WebSite","@id":"https:\/\/123-esta.com\/it\/#website","url":"https:\/\/123-esta.com\/it\/","name":"Formulaire ESTA pour les USA","description":"","publisher":{"@id":"https:\/\/123-esta.com\/it\/#organization"},"potentialAction":[{"@type":"SearchAction","target":{"@type":"EntryPoint","urlTemplate":"https:\/\/123-esta.com\/it\/?s={search_term_string}"},"query-input":{"@type":"PropertyValueSpecification","valueRequired":true,"valueName":"search_term_string"}}],"inLanguage":"it-IT"},{"@type":"Organization","@id":"https:\/\/123-esta.com\/it\/#organization","name":"Formulaire ESTA pour les USA","url":"https:\/\/123-esta.com\/it\/","logo":{"@type":"ImageObject","inLanguage":"it-IT","@id":"https:\/\/123-esta.com\/it\/#\/schema\/logo\/image\/","url":"https:\/\/123-esta.com\/wp-content\/uploads\/2018\/03\/logo-123-esta.png","contentUrl":"https:\/\/123-esta.com\/wp-content\/uploads\/2018\/03\/logo-123-esta.png","width":191,"height":54,"caption":"Formulaire ESTA pour les USA"},"image":{"@id":"https:\/\/123-esta.com\/it\/#\/schema\/logo\/image\/"}}]}},"_links":{"self":[{"href":"https:\/\/123-esta.com\/it\/wp-json\/wp\/v2\/pages\/2329","targetHints":{"allow":["GET"]}}],"collection":[{"href":"https:\/\/123-esta.com\/it\/wp-json\/wp\/v2\/pages"}],"about":[{"href":"https:\/\/123-esta.com\/it\/wp-json\/wp\/v2\/types\/page"}],"author":[{"embeddable":true,"href":"https:\/\/123-esta.com\/it\/wp-json\/wp\/v2\/users\/1"}],"replies":[{"embeddable":true,"href":"https:\/\/123-esta.com\/it\/wp-json\/wp\/v2\/comments?post=2329"}],"version-history":[{"count":0,"href":"https:\/\/123-esta.com\/it\/wp-json\/wp\/v2\/pages\/2329\/revisions"}],"wp:attachment":[{"href":"https:\/\/123-esta.com\/it\/wp-json\/wp\/v2\/media?parent=2329"}],"curies":[{"name":"wp","href":"https:\/\/api.w.org\/{rel}","templated":true}]}}