{"id":2326,"date":"2022-07-27T21:34:28","date_gmt":"2022-07-27T19:34:28","guid":{"rendered":"https:\/\/123-esta.com\/top10-attrazioni-san-fransisco\/"},"modified":"2022-08-23T23:40:08","modified_gmt":"2022-08-23T21:40:08","slug":"top10-attrazioni-san-fransisco","status":"publish","type":"page","link":"https:\/\/123-esta.com\/it\/top10-attrazioni-san-fransisco\/","title":{"rendered":"Le 10 cose da non perdere a San Francisco"},"content":{"rendered":"<p>Chi non ha mai sognato di andare a San Francisco e vedere con i propri occhi il mitico Golden Gate Bridge o di visitare la prigione pi\u00f9 famosa del mondo: Alcatraz? <a href=\"https:\/\/123-esta.com\/it\/cosa-vedere-e-visitare-in-california\/\">Visitare la California<\/a> richiede tempo e le sue citt\u00e0 toccano l&#8217;immaginazione.<\/p>\n<p>Se desiderate recarvi nella Citt\u00e0 della Baia, avrete bisogno di un&#8217;autorizzazione ESTA se il vostro soggiorno non supera i 3 mesi. Vi invitiamo a fare la vostra richiesta direttamente sul nostro sito web. La buona notizia \u00e8 che la procedura \u00e8 molto semplice e veloce. La maggior parte delle richieste viene accettata entro 3 giorni, a condizione che il modulo sia compilato correttamente con l&#8217;aiuto del passaporto.<\/p>\n<p>Una volta ottenuta l&#8217;autorizzazione, sarete pi\u00f9 liberi che mai di venire a scoprire SF, una citt\u00e0 dalle attrazioni diverse e quasi infinite! Poich\u00e9 \u00e8 necessario fare delle scelte, abbiamo raccolto per voi 3 visite essenziali.<\/p>\n<h2>Il famoso Golden Gate Bridge<\/h2>\n<p>Che sia merito dei film o delle serie americane, <a href=\"http:\/\/www.goldengatebridge.org\/\">il famoso ponte sulla baia di San Francisco \u00e8 uno dei luoghi pi\u00f9 mitici degli Stati Uniti<\/a>, conosciuto da tutti.<\/p>\n<p>Con una lunghezza di 2737 metri, fu costruita tra il 1933 e il 1937 ed \u00e8 oggi considerata una delle 7 meraviglie del mondo moderno! Il suo costruttore, l&#8217;americano di origine tedesca Joseph Strauss, \u00e8 una leggenda della storia americana.<\/p>\n<p>Camminare l\u00ec \u00e8 un&#8217;esperienza unica, ma attenzione a chi ha paura delle altezze: 67 metri di altezza, si sentono nello stomaco quando si guarda gi\u00f9!<\/p>\n<h2>Prigione di Alcatraz<\/h2>\n<p>Conosciuta in tutto il mondo e protagonista di film come il leggendario &#8220;Fuga da Alcatraz&#8221; con Clint Eastwood, la prigione di Alcatraz si trova su una piccola isola lunga 2,4 km nella baia di San Francisco.<\/p>\n<p>\u00c8 un must per ogni turista che visita San Francisco. Attiva fino al 1963, Alcatraz \u00e8 stata la prigione di massima sicurezza del Paese. La leggenda narra che nessun prigioniero sia mai riuscito a fuggire. Probabilmente \u00e8 per questo che vi sono stati rinchiusi prigionieri famosi come Al Capone, Henry Young o Robert Stroud (vedi il superbo film &#8220;Birdman of Alcatraz&#8221;).<\/p>\n<p>Visitata da oltre un milione di turisti ogni anno, una visita ad Alcatraz vi permetter\u00e0 di conoscere le condizioni dei prigionieri dell&#8217;epoca, la vita delle guardie, ecc. Una visita indimenticabile!<\/p>\n<h2>Il quartiere di Chinatown<\/h2>\n<p>Se siete negli Stati Uniti da diverse settimane grazie all&#8217;autorizzazione ESTA, una passeggiata nella Chinatown di San Francisco promette di essere uno shock culturale!<\/p>\n<p>\u00c8 la pi\u00f9 grande Chinatown del mondo al di fuori dell&#8217;Asia e conta poco pi\u00f9 di 100.000 abitanti provenienti dalla Cina e da tutta l&#8217;Asia. Passeggiare vi permetter\u00e0 di assaggiare le numerose specialit\u00e0 locali, ma attenzione: la gente del posto spesso non parla una parola di inglese! La conoscenza del mandarino sarebbe un grande vantaggio!<\/p>\n<h2>Ma anche&#8230;<\/h2>\n<p>Riassumere San Francisco in 3 luoghi \u00e8 ovviamente un minimo estremo! A seconda dei vostri gusti, alcuni di voi saranno senza dubbio attratti dal Fisherman&#8217;s Wharf, dal sublime grattacielo Transamerica Pyramid, dalle numerose case vittoriane della citt\u00e0, ecc.<\/p>\n<p>Guidata da alcune delle migliori squadre sportive d&#8217;America (i 49ers nel football americano, i Giants nel baseball e i Warriors nella pallacanestro), vale anche la pena notare che San Francisco \u00e8 conosciuta come una delle pi\u00f9 grandi comunit\u00e0 gay del mondo, in particolare nelle zone di Haight-Ashbury e Castro. Insomma, ce n&#8217;\u00e8 per tutti i gusti!<\/p>\n","protected":false},"excerpt":{"rendered":"<p>Chi non ha mai sognato di andare a San Francisco e vedere con i propri occhi il mitico Golden Gate Bridge o di visitare la prigione pi\u00f9 famosa del mondo: Alcatraz? Visitare la California richiede tempo e le sue citt\u00e0 toccano l&#8217;immaginazione. Se desiderate recarvi nella Citt\u00e0 della Baia, avrete bisogno di un&#8217;autorizzazione ESTA se [&hellip;]<\/p>\n","protected":false},"author":1,"featured_media":0,"parent":0,"menu_order":0,"comment_status":"closed","ping_status":"closed","template":"","meta":{"site-sidebar-layout":"default","site-content-layout":"default","ast-site-content-layout":"default","site-content-style":"default","site-sidebar-style":"default","ast-global-header-display":"","ast-banner-title-visibility":"","ast-main-header-display":"","ast-hfb-above-header-display":"","ast-hfb-below-header-display":"","ast-hfb-mobile-header-display":"","site-post-title":"","ast-breadcrumbs-content":"","ast-featured-img":"","footer-sml-layout":"","ast-disable-related-posts":"","theme-transparent-header-meta":"default","adv-header-id-meta":"","stick-header-meta":"default","header-above-stick-meta":"","header-main-stick-meta":"","header-below-stick-meta":"","astra-migrate-meta-layouts":"default","ast-page-background-enabled":"default","ast-page-background-meta":{"desktop":{"background-color":"","background-image":"","background-repeat":"repeat","background-position":"center center","background-size":"auto","background-attachment":"scroll","background-type":"","background-media":"","overlay-type":"","overlay-color":"","overlay-opacity":"","overlay-gradient":""},"tablet":{"background-color":"","background-image":"","background-repeat":"repeat","background-position":"center center","background-size":"auto","background-attachment":"scroll","background-type":"","background-media":"","overlay-type":"","overlay-color":"","overlay-opacity":"","overlay-gradient":""},"mobile":{"background-color":"","background-image":"","background-repeat":"repeat","background-position":"center center","background-size":"auto","background-attachment":"scroll","background-type":"","background-media":"","overlay-type":"","overlay-color":"","overlay-opacity":"","overlay-gradient":""}},"ast-content-background-meta":{"desktop":{"background-color":"var(--ast-global-color-5)","background-image":"","background-repeat":"repeat","background-position":"center center","background-size":"auto","background-attachment":"scroll","background-type":"","background-media":"","overlay-type":"","overlay-color":"","overlay-opacity":"","overlay-gradient":""},"tablet":{"background-color":"var(--ast-global-color-5)","background-image":"","background-repeat":"repeat","background-position":"center center","background-size":"auto","background-attachment":"scroll","background-type":"","background-media":"","overlay-type":"","overlay-color":"","overlay-opacity":"","overlay-gradient":""},"mobile":{"background-color":"var(--ast-global-color-5)","background-image":"","background-repeat":"repeat","background-position":"center center","background-size":"auto","background-attachment":"scroll","background-type":"","background-media":"","overlay-type":"","overlay-color":"","overlay-opacity":"","overlay-gradient":""}},"footnotes":""},"class_list":["post-2326","page","type-page","status-publish","hentry"],"yoast_head":"<!-- This site is optimized with the Yoast SEO plugin v27.1.1 - https:\/\/yoast.com\/product\/yoast-seo-wordpress\/ -->\n<title>Le 10 attrazioni da non perdere a San Francisco<\/title>\n<meta name=\"description\" content=\"San Francisco, una citt\u00e0 da sogno sulla costa californiana. Dobbiamo ancora presentarlo? Il Golden Gate Bridge, Alcatraz, Fisherman&#039;s Wharf, ecc.\" \/>\n<meta name=\"robots\" content=\"index, follow, max-snippet:-1, max-image-preview:large, max-video-preview:-1\" \/>\n<link rel=\"canonical\" href=\"https:\/\/123-esta.com\/it\/top10-attrazioni-san-fransisco\/\" \/>\n<meta property=\"og:locale\" content=\"it_IT\" \/>\n<meta property=\"og:type\" content=\"article\" \/>\n<meta property=\"og:title\" content=\"Le 10 attrazioni da non perdere a San Francisco\" \/>\n<meta property=\"og:description\" content=\"San Francisco, una citt\u00e0 da sogno sulla costa californiana. Dobbiamo ancora presentarlo? Il Golden Gate Bridge, Alcatraz, Fisherman&#039;s Wharf, ecc.\" \/>\n<meta property=\"og:url\" content=\"https:\/\/123-esta.com\/it\/top10-attrazioni-san-fransisco\/\" \/>\n<meta property=\"og:site_name\" content=\"Formulaire ESTA pour les USA\" \/>\n<meta property=\"article:modified_time\" content=\"2022-08-23T21:40:08+00:00\" \/>\n<meta name=\"twitter:card\" content=\"summary_large_image\" \/>\n<meta name=\"twitter:label1\" content=\"Tempo di lettura stimato\" \/>\n\t<meta name=\"twitter:data1\" content=\"3 minuti\" \/>\n<script type=\"application\/ld+json\" class=\"yoast-schema-graph\">{\"@context\":\"https:\/\/schema.org\",\"@graph\":[{\"@type\":\"WebPage\",\"@id\":\"https:\/\/123-esta.com\/it\/top10-attrazioni-san-fransisco\/\",\"url\":\"https:\/\/123-esta.com\/it\/top10-attrazioni-san-fransisco\/\",\"name\":\"Le 10 attrazioni da non perdere a San Francisco\",\"isPartOf\":{\"@id\":\"https:\/\/123-esta.com\/it\/#website\"},\"datePublished\":\"2022-07-27T19:34:28+00:00\",\"dateModified\":\"2022-08-23T21:40:08+00:00\",\"description\":\"San Francisco, una citt\u00e0 da sogno sulla costa californiana. Dobbiamo ancora presentarlo? Il Golden Gate Bridge, Alcatraz, Fisherman's Wharf, ecc.\",\"inLanguage\":\"it-IT\",\"potentialAction\":[{\"@type\":\"ReadAction\",\"target\":[\"https:\/\/123-esta.com\/it\/top10-attrazioni-san-fransisco\/\"]}]},{\"@type\":\"WebSite\",\"@id\":\"https:\/\/123-esta.com\/it\/#website\",\"url\":\"https:\/\/123-esta.com\/it\/\",\"name\":\"Formulaire ESTA pour les USA\",\"description\":\"\",\"publisher\":{\"@id\":\"https:\/\/123-esta.com\/it\/#organization\"},\"potentialAction\":[{\"@type\":\"SearchAction\",\"target\":{\"@type\":\"EntryPoint\",\"urlTemplate\":\"https:\/\/123-esta.com\/it\/?s={search_term_string}\"},\"query-input\":{\"@type\":\"PropertyValueSpecification\",\"valueRequired\":true,\"valueName\":\"search_term_string\"}}],\"inLanguage\":\"it-IT\"},{\"@type\":\"Organization\",\"@id\":\"https:\/\/123-esta.com\/it\/#organization\",\"name\":\"Formulaire ESTA pour les USA\",\"url\":\"https:\/\/123-esta.com\/it\/\",\"logo\":{\"@type\":\"ImageObject\",\"inLanguage\":\"it-IT\",\"@id\":\"https:\/\/123-esta.com\/it\/#\/schema\/logo\/image\/\",\"url\":\"https:\/\/123-esta.com\/wp-content\/uploads\/2018\/03\/logo-123-esta.png\",\"contentUrl\":\"https:\/\/123-esta.com\/wp-content\/uploads\/2018\/03\/logo-123-esta.png\",\"width\":191,\"height\":54,\"caption\":\"Formulaire ESTA pour les USA\"},\"image\":{\"@id\":\"https:\/\/123-esta.com\/it\/#\/schema\/logo\/image\/\"}}]}<\/script>\n<!-- \/ Yoast SEO plugin. -->","yoast_head_json":{"title":"Le 10 attrazioni da non perdere a San Francisco","description":"San Francisco, una citt\u00e0 da sogno sulla costa californiana. Dobbiamo ancora presentarlo? Il Golden Gate Bridge, Alcatraz, Fisherman's Wharf, ecc.","robots":{"index":"index","follow":"follow","max-snippet":"max-snippet:-1","max-image-preview":"max-image-preview:large","max-video-preview":"max-video-preview:-1"},"canonical":"https:\/\/123-esta.com\/it\/top10-attrazioni-san-fransisco\/","og_locale":"it_IT","og_type":"article","og_title":"Le 10 attrazioni da non perdere a San Francisco","og_description":"San Francisco, una citt\u00e0 da sogno sulla costa californiana. Dobbiamo ancora presentarlo? Il Golden Gate Bridge, Alcatraz, Fisherman's Wharf, ecc.","og_url":"https:\/\/123-esta.com\/it\/top10-attrazioni-san-fransisco\/","og_site_name":"Formulaire ESTA pour les USA","article_modified_time":"2022-08-23T21:40:08+00:00","twitter_card":"summary_large_image","twitter_misc":{"Tempo di lettura stimato":"3 minuti"},"schema":{"@context":"https:\/\/schema.org","@graph":[{"@type":"WebPage","@id":"https:\/\/123-esta.com\/it\/top10-attrazioni-san-fransisco\/","url":"https:\/\/123-esta.com\/it\/top10-attrazioni-san-fransisco\/","name":"Le 10 attrazioni da non perdere a San Francisco","isPartOf":{"@id":"https:\/\/123-esta.com\/it\/#website"},"datePublished":"2022-07-27T19:34:28+00:00","dateModified":"2022-08-23T21:40:08+00:00","description":"San Francisco, una citt\u00e0 da sogno sulla costa californiana. Dobbiamo ancora presentarlo? Il Golden Gate Bridge, Alcatraz, Fisherman's Wharf, ecc.","inLanguage":"it-IT","potentialAction":[{"@type":"ReadAction","target":["https:\/\/123-esta.com\/it\/top10-attrazioni-san-fransisco\/"]}]},{"@type":"WebSite","@id":"https:\/\/123-esta.com\/it\/#website","url":"https:\/\/123-esta.com\/it\/","name":"Formulaire ESTA pour les USA","description":"","publisher":{"@id":"https:\/\/123-esta.com\/it\/#organization"},"potentialAction":[{"@type":"SearchAction","target":{"@type":"EntryPoint","urlTemplate":"https:\/\/123-esta.com\/it\/?s={search_term_string}"},"query-input":{"@type":"PropertyValueSpecification","valueRequired":true,"valueName":"search_term_string"}}],"inLanguage":"it-IT"},{"@type":"Organization","@id":"https:\/\/123-esta.com\/it\/#organization","name":"Formulaire ESTA pour les USA","url":"https:\/\/123-esta.com\/it\/","logo":{"@type":"ImageObject","inLanguage":"it-IT","@id":"https:\/\/123-esta.com\/it\/#\/schema\/logo\/image\/","url":"https:\/\/123-esta.com\/wp-content\/uploads\/2018\/03\/logo-123-esta.png","contentUrl":"https:\/\/123-esta.com\/wp-content\/uploads\/2018\/03\/logo-123-esta.png","width":191,"height":54,"caption":"Formulaire ESTA pour les USA"},"image":{"@id":"https:\/\/123-esta.com\/it\/#\/schema\/logo\/image\/"}}]}},"_links":{"self":[{"href":"https:\/\/123-esta.com\/it\/wp-json\/wp\/v2\/pages\/2326","targetHints":{"allow":["GET"]}}],"collection":[{"href":"https:\/\/123-esta.com\/it\/wp-json\/wp\/v2\/pages"}],"about":[{"href":"https:\/\/123-esta.com\/it\/wp-json\/wp\/v2\/types\/page"}],"author":[{"embeddable":true,"href":"https:\/\/123-esta.com\/it\/wp-json\/wp\/v2\/users\/1"}],"replies":[{"embeddable":true,"href":"https:\/\/123-esta.com\/it\/wp-json\/wp\/v2\/comments?post=2326"}],"version-history":[{"count":0,"href":"https:\/\/123-esta.com\/it\/wp-json\/wp\/v2\/pages\/2326\/revisions"}],"wp:attachment":[{"href":"https:\/\/123-esta.com\/it\/wp-json\/wp\/v2\/media?parent=2326"}],"curies":[{"name":"wp","href":"https:\/\/api.w.org\/{rel}","templated":true}]}}