{"id":2320,"date":"2022-07-27T21:34:26","date_gmt":"2022-07-27T19:34:26","guid":{"rendered":"https:\/\/123-esta.com\/que-voir-a-chicago\/"},"modified":"2022-09-08T19:53:22","modified_gmt":"2022-09-08T17:53:22","slug":"cosa-fare-a-chicago","status":"publish","type":"page","link":"https:\/\/123-esta.com\/it\/cosa-fare-a-chicago\/","title":{"rendered":"Cosa vedere e fare a Chicago?"},"content":{"rendered":"\n<p>Chicago ha talvolta una cattiva reputazione, ma \u00e8 una delle citt\u00e0 da non perdere nel <a href=\"https:\/\/123-esta.com\/it\/cosa-fare-negli-stati-uniti-del-nordest\/\">nord-est degli Stati Uniti<\/a>.<\/p>\n\n<p>Prima di darvi 5 motivi per visitare la citt\u00e0 cara ad Al Capone, vi ricordiamo che \u00e8 necessaria un&#8217;autorizzazione ESTA per poter soggiornare sul suolo americano. Potete fare domanda sul nostro sito web ed esplorare Chicago in tutta sicurezza una volta ottenuta l&#8217;approvazione!<\/p>\n\n<h2 class=\"wp-block-heading\">Noleggiate una bicicletta e conquistate la vastit\u00e0 della citt\u00e0!<\/h2>\n\n<p>Armati di una mappa o di un GPS, noleggiare una bicicletta \u00e8 un ottimo modo per conquistare la terza citt\u00e0 pi\u00f9 grande degli Stati Uniti, con poco meno di 10 milioni di abitanti.<\/p>\n\n<p>Per facilitare la vostra avventura, vi consigliamo di utilizzare una delle tante compagnie turistiche che offrono un &#8220;Bike Tour&#8221; a un piccolo prezzo. Con una guida, potrete esplorare in tutta sicurezza le zone di Chicago meno conosciute dai turisti. Inoltre, sebbene la maggior parte della citt\u00e0 sia sicura, alcune aree povere sono pericolose e dovrebbero essere evitate.<\/p>\n\n<h2 class=\"wp-block-heading\">Shopping di lusso sul Magnificent Mile<\/h2>\n\n<p>Il<a href=\"https:\/\/www.themagnificentmile.com\/\">&#8220;Magnificent Mile<\/a>&#8221; \u00e8 il soprannome dato a parte del viale pi\u00f9 grande della citt\u00e0, Michigan Avenue, che prende il nome dal lago che costeggia la citt\u00e0. Questo &#8220;Miglio Meraviglioso&#8221; \u00e8 la parte della citt\u00e0 conosciuta per i suoi numerosi negozi di lusso, ma anche per i suoi numerosi locali notturni. Qui si trova il John Hancock Center, descritto di seguito.<\/p>\n\n<h2 class=\"wp-block-heading\">Visitare il famoso Istituto d&#8217;Arte<\/h2>\n\n<p>L&#8217;<a href=\"http:\/\/www.artic.edu\/\">Art Institute of Chicago<\/a> \u00e8 il museo da visitare a Chicago. \u00c8 il secondo museo d&#8217;arte pi\u00f9 grande del Paese, con numerose opere d&#8217;arte francesi: dipinti di Renoir e Monet, sculture di Renoir, Henri Matisse e Auguste Rodin, ecc.<\/p>\n\n<p>Come se non bastasse, il museo possiede numerose collezioni di oggetti d&#8217;arte provenienti da tutto il mondo (Africa, Asia, Oceania, Europa, ecc.) che permettono di fare un vero e proprio giro del mondo in un solo giorno. Una tappa obbligatoria se si ha un minimo di tempo a disposizione.<\/p>\n\n<h2 class=\"wp-block-heading\">Passeggiata nel futuristico Millennium Park<\/h2>\n\n<p>Inaugurato nel 2004, il Millennium Park \u00e8 una tappa obbligata nella citt\u00e0 del nord degli Stati Uniti! Offre l&#8217;accesso gratuito a diverse opere monumentali contemporanee e futuristiche.<\/p>\n\n<p>Oltre alle numerose sculture, \u00e8 possibile ammirare un teatro (l&#8217;Harris Theather), un&#8217;enorme &#8220;tribuna per bande&#8221; (il Jay Pritzker Pavilion), ma anche numerose fontane.<\/p>\n\n<h2 class=\"wp-block-heading\">Bevande in cima al John Hancock Center<\/h2>\n\n<p>Quando il sole sta per tramontare e il cielo \u00e8 sereno, consigliamo pi\u00f9 che mai di recarsi al John Hancock Center di Michigan Avenue.<\/p>\n\n<p>Questo grattacielo alto 344 metri, completato nel 1969, dispone di un lounge bar all&#8217;ultimo piano dell&#8217;edificio. La vista \u00e8 assolutamente incredibile e si pu\u00f2 ammirare la citt\u00e0 sia di giorno che di notte. L&#8217;ideale sarebbe venire al crepuscolo, in modo da poter osservare il sole scomparire all&#8217;orizzonte.<\/p>\n","protected":false},"excerpt":{"rendered":"<p>Chicago ha talvolta una cattiva reputazione, ma \u00e8 una delle citt\u00e0 da non perdere nel nord-est degli Stati Uniti. Prima di darvi 5 motivi per visitare la citt\u00e0 cara ad Al Capone, vi ricordiamo che \u00e8 necessaria un&#8217;autorizzazione ESTA per poter soggiornare sul suolo americano. Potete fare domanda sul nostro sito web ed esplorare Chicago [&hellip;]<\/p>\n","protected":false},"author":1,"featured_media":0,"parent":0,"menu_order":0,"comment_status":"closed","ping_status":"closed","template":"","meta":{"site-sidebar-layout":"default","site-content-layout":"default","ast-site-content-layout":"default","site-content-style":"default","site-sidebar-style":"default","ast-global-header-display":"","ast-banner-title-visibility":"","ast-main-header-display":"","ast-hfb-above-header-display":"","ast-hfb-below-header-display":"","ast-hfb-mobile-header-display":"","site-post-title":"","ast-breadcrumbs-content":"","ast-featured-img":"","footer-sml-layout":"","ast-disable-related-posts":"","theme-transparent-header-meta":"default","adv-header-id-meta":"","stick-header-meta":"default","header-above-stick-meta":"","header-main-stick-meta":"","header-below-stick-meta":"","astra-migrate-meta-layouts":"default","ast-page-background-enabled":"default","ast-page-background-meta":{"desktop":{"background-color":"","background-image":"","background-repeat":"repeat","background-position":"center center","background-size":"auto","background-attachment":"scroll","background-type":"","background-media":"","overlay-type":"","overlay-color":"","overlay-opacity":"","overlay-gradient":""},"tablet":{"background-color":"","background-image":"","background-repeat":"repeat","background-position":"center center","background-size":"auto","background-attachment":"scroll","background-type":"","background-media":"","overlay-type":"","overlay-color":"","overlay-opacity":"","overlay-gradient":""},"mobile":{"background-color":"","background-image":"","background-repeat":"repeat","background-position":"center center","background-size":"auto","background-attachment":"scroll","background-type":"","background-media":"","overlay-type":"","overlay-color":"","overlay-opacity":"","overlay-gradient":""}},"ast-content-background-meta":{"desktop":{"background-color":"var(--ast-global-color-5)","background-image":"","background-repeat":"repeat","background-position":"center center","background-size":"auto","background-attachment":"scroll","background-type":"","background-media":"","overlay-type":"","overlay-color":"","overlay-opacity":"","overlay-gradient":""},"tablet":{"background-color":"var(--ast-global-color-5)","background-image":"","background-repeat":"repeat","background-position":"center center","background-size":"auto","background-attachment":"scroll","background-type":"","background-media":"","overlay-type":"","overlay-color":"","overlay-opacity":"","overlay-gradient":""},"mobile":{"background-color":"var(--ast-global-color-5)","background-image":"","background-repeat":"repeat","background-position":"center center","background-size":"auto","background-attachment":"scroll","background-type":"","background-media":"","overlay-type":"","overlay-color":"","overlay-opacity":"","overlay-gradient":""}},"footnotes":""},"class_list":["post-2320","page","type-page","status-publish","hentry"],"yoast_head":"<!-- This site is optimized with the Yoast SEO plugin v27.1.1 - https:\/\/yoast.com\/product\/yoast-seo-wordpress\/ -->\n<title>Quali sono le cose da non perdere a Chicago?<\/title>\n<meta name=\"description\" content=\"Chicago, una citt\u00e0 piena di sorprese, ma non amata dai turisti. Non fate l&#039;errore di ignorarlo!\" \/>\n<meta name=\"robots\" content=\"index, follow, max-snippet:-1, max-image-preview:large, max-video-preview:-1\" \/>\n<link rel=\"canonical\" href=\"https:\/\/123-esta.com\/it\/cosa-fare-a-chicago\/\" \/>\n<meta property=\"og:locale\" content=\"it_IT\" \/>\n<meta property=\"og:type\" content=\"article\" \/>\n<meta property=\"og:title\" content=\"Quali sono le cose da non perdere a Chicago?\" \/>\n<meta property=\"og:description\" content=\"Chicago, una citt\u00e0 piena di sorprese, ma non amata dai turisti. Non fate l&#039;errore di ignorarlo!\" \/>\n<meta property=\"og:url\" content=\"https:\/\/123-esta.com\/it\/cosa-fare-a-chicago\/\" \/>\n<meta property=\"og:site_name\" content=\"Formulaire ESTA pour les USA\" \/>\n<meta property=\"article:modified_time\" content=\"2022-09-08T17:53:22+00:00\" \/>\n<meta name=\"twitter:card\" content=\"summary_large_image\" \/>\n<meta name=\"twitter:label1\" content=\"Tempo di lettura stimato\" \/>\n\t<meta name=\"twitter:data1\" content=\"2 minuti\" \/>\n<script type=\"application\/ld+json\" class=\"yoast-schema-graph\">{\"@context\":\"https:\/\/schema.org\",\"@graph\":[{\"@type\":\"WebPage\",\"@id\":\"https:\/\/123-esta.com\/it\/cosa-fare-a-chicago\/\",\"url\":\"https:\/\/123-esta.com\/it\/cosa-fare-a-chicago\/\",\"name\":\"Quali sono le cose da non perdere a Chicago?\",\"isPartOf\":{\"@id\":\"https:\/\/123-esta.com\/it\/#website\"},\"datePublished\":\"2022-07-27T19:34:26+00:00\",\"dateModified\":\"2022-09-08T17:53:22+00:00\",\"description\":\"Chicago, una citt\u00e0 piena di sorprese, ma non amata dai turisti. Non fate l'errore di ignorarlo!\",\"inLanguage\":\"it-IT\",\"potentialAction\":[{\"@type\":\"ReadAction\",\"target\":[\"https:\/\/123-esta.com\/it\/cosa-fare-a-chicago\/\"]}]},{\"@type\":\"WebSite\",\"@id\":\"https:\/\/123-esta.com\/it\/#website\",\"url\":\"https:\/\/123-esta.com\/it\/\",\"name\":\"Formulaire ESTA pour les USA\",\"description\":\"\",\"publisher\":{\"@id\":\"https:\/\/123-esta.com\/it\/#organization\"},\"potentialAction\":[{\"@type\":\"SearchAction\",\"target\":{\"@type\":\"EntryPoint\",\"urlTemplate\":\"https:\/\/123-esta.com\/it\/?s={search_term_string}\"},\"query-input\":{\"@type\":\"PropertyValueSpecification\",\"valueRequired\":true,\"valueName\":\"search_term_string\"}}],\"inLanguage\":\"it-IT\"},{\"@type\":\"Organization\",\"@id\":\"https:\/\/123-esta.com\/it\/#organization\",\"name\":\"Formulaire ESTA pour les USA\",\"url\":\"https:\/\/123-esta.com\/it\/\",\"logo\":{\"@type\":\"ImageObject\",\"inLanguage\":\"it-IT\",\"@id\":\"https:\/\/123-esta.com\/it\/#\/schema\/logo\/image\/\",\"url\":\"https:\/\/123-esta.com\/wp-content\/uploads\/2018\/03\/logo-123-esta.png\",\"contentUrl\":\"https:\/\/123-esta.com\/wp-content\/uploads\/2018\/03\/logo-123-esta.png\",\"width\":191,\"height\":54,\"caption\":\"Formulaire ESTA pour les USA\"},\"image\":{\"@id\":\"https:\/\/123-esta.com\/it\/#\/schema\/logo\/image\/\"}}]}<\/script>\n<!-- \/ Yoast SEO plugin. -->","yoast_head_json":{"title":"Quali sono le cose da non perdere a Chicago?","description":"Chicago, una citt\u00e0 piena di sorprese, ma non amata dai turisti. Non fate l'errore di ignorarlo!","robots":{"index":"index","follow":"follow","max-snippet":"max-snippet:-1","max-image-preview":"max-image-preview:large","max-video-preview":"max-video-preview:-1"},"canonical":"https:\/\/123-esta.com\/it\/cosa-fare-a-chicago\/","og_locale":"it_IT","og_type":"article","og_title":"Quali sono le cose da non perdere a Chicago?","og_description":"Chicago, una citt\u00e0 piena di sorprese, ma non amata dai turisti. Non fate l'errore di ignorarlo!","og_url":"https:\/\/123-esta.com\/it\/cosa-fare-a-chicago\/","og_site_name":"Formulaire ESTA pour les USA","article_modified_time":"2022-09-08T17:53:22+00:00","twitter_card":"summary_large_image","twitter_misc":{"Tempo di lettura stimato":"2 minuti"},"schema":{"@context":"https:\/\/schema.org","@graph":[{"@type":"WebPage","@id":"https:\/\/123-esta.com\/it\/cosa-fare-a-chicago\/","url":"https:\/\/123-esta.com\/it\/cosa-fare-a-chicago\/","name":"Quali sono le cose da non perdere a Chicago?","isPartOf":{"@id":"https:\/\/123-esta.com\/it\/#website"},"datePublished":"2022-07-27T19:34:26+00:00","dateModified":"2022-09-08T17:53:22+00:00","description":"Chicago, una citt\u00e0 piena di sorprese, ma non amata dai turisti. Non fate l'errore di ignorarlo!","inLanguage":"it-IT","potentialAction":[{"@type":"ReadAction","target":["https:\/\/123-esta.com\/it\/cosa-fare-a-chicago\/"]}]},{"@type":"WebSite","@id":"https:\/\/123-esta.com\/it\/#website","url":"https:\/\/123-esta.com\/it\/","name":"Formulaire ESTA pour les USA","description":"","publisher":{"@id":"https:\/\/123-esta.com\/it\/#organization"},"potentialAction":[{"@type":"SearchAction","target":{"@type":"EntryPoint","urlTemplate":"https:\/\/123-esta.com\/it\/?s={search_term_string}"},"query-input":{"@type":"PropertyValueSpecification","valueRequired":true,"valueName":"search_term_string"}}],"inLanguage":"it-IT"},{"@type":"Organization","@id":"https:\/\/123-esta.com\/it\/#organization","name":"Formulaire ESTA pour les USA","url":"https:\/\/123-esta.com\/it\/","logo":{"@type":"ImageObject","inLanguage":"it-IT","@id":"https:\/\/123-esta.com\/it\/#\/schema\/logo\/image\/","url":"https:\/\/123-esta.com\/wp-content\/uploads\/2018\/03\/logo-123-esta.png","contentUrl":"https:\/\/123-esta.com\/wp-content\/uploads\/2018\/03\/logo-123-esta.png","width":191,"height":54,"caption":"Formulaire ESTA pour les USA"},"image":{"@id":"https:\/\/123-esta.com\/it\/#\/schema\/logo\/image\/"}}]}},"_links":{"self":[{"href":"https:\/\/123-esta.com\/it\/wp-json\/wp\/v2\/pages\/2320","targetHints":{"allow":["GET"]}}],"collection":[{"href":"https:\/\/123-esta.com\/it\/wp-json\/wp\/v2\/pages"}],"about":[{"href":"https:\/\/123-esta.com\/it\/wp-json\/wp\/v2\/types\/page"}],"author":[{"embeddable":true,"href":"https:\/\/123-esta.com\/it\/wp-json\/wp\/v2\/users\/1"}],"replies":[{"embeddable":true,"href":"https:\/\/123-esta.com\/it\/wp-json\/wp\/v2\/comments?post=2320"}],"version-history":[{"count":0,"href":"https:\/\/123-esta.com\/it\/wp-json\/wp\/v2\/pages\/2320\/revisions"}],"wp:attachment":[{"href":"https:\/\/123-esta.com\/it\/wp-json\/wp\/v2\/media?parent=2320"}],"curies":[{"name":"wp","href":"https:\/\/api.w.org\/{rel}","templated":true}]}}