{"id":2313,"date":"2022-07-27T21:34:23","date_gmt":"2022-07-27T19:34:23","guid":{"rendered":"https:\/\/123-esta.com\/fort-lauderdale-crociera\/"},"modified":"2022-08-23T23:21:24","modified_gmt":"2022-08-23T21:21:24","slug":"fort-lauderdale-crociera","status":"publish","type":"page","link":"https:\/\/123-esta.com\/it\/fort-lauderdale-crociera\/","title":{"rendered":"Fort Lauderdale, punto di partenza per le crociere ai Caraibi"},"content":{"rendered":"\n<p>Situata nella parte sud-orientale dello <a href=\"https:\/\/123-esta.com\/it\/cosa-fare-in-florida\/\">stato della Florida<\/a>, Fort Lauderdale \u00e8 una destinazione turistica con molte attrazioni, ideale per iniziare il vostro tour di crociera ai Caraibi. Conosciuta anche come la Venezia d&#8217;America, la citt\u00e0 ha molti vantaggi.<\/p>\n\n<h2 class=\"wp-block-heading\">I principali asset della citt\u00e0<\/h2>\n\n<p>Uno dei principali vantaggi di questa citt\u00e0 \u00e8 la sua apertura verso i Caraibi, che la rende un punto di partenza privilegiato per molte crociere. Fort Lauderdale \u00e8 anche a meno di un&#8217;ora di macchina da Miami, con le sue incredibili spiagge, l&#8217;ambiente latino e le famose feste. Tuttavia, non \u00e8 necessario viaggiare fuori citt\u00e0. I luoghi di interesse da visitare in loco sono molti, di seguito un elenco non esaustivo.<\/p>\n\n<h2 class=\"wp-block-heading\">I canali di Fort Lauderdale<\/h2>\n\n<p>La citt\u00e0 si distingue dalle altre per i suoi numerosi corsi d&#8217;acqua, lunghi oltre 400 chilometri. Questi canali sono stati progettati all&#8217;inizio del XX secolo per drenare le paludi originarie e consentire lo sviluppo urbano.<\/p>\n\n<p>I canali sono corsie di traffico utilizzate dai vaporetti che vi portano in giro per la citt\u00e0. Si possono ammirare le belle case e i loro yacht. Infatti, a fronte di una popolazione di soli 165.000 abitanti, Fort Lauderdale conta quasi 50.000 barche ancorate nel centinaio di porti disponibili.<\/p>\n\n<h2 class=\"wp-block-heading\">La casa di Bonnet<\/h2>\n\n<p>La Bonnet House \u00e8 una delle case storiche della citt\u00e0, costruita interamente in corallo e che ospita una collezione unica di dipinti post-impressionisti. \u00c8 circondato da un magnifico parco di 14 ettari.<\/p>\n\n<p>Una serra con orchidee e sculture molto originali fanno parte delle attrazioni turistiche di questo sito. Le visite guidate sono costantemente organizzate dai volontari dell&#8217;associazione locale.<\/p>\n\n<h2 class=\"wp-block-heading\">La striscia<\/h2>\n\n<p>Questo lungo viale sul mare si trova tra Las Olas e Sunrise Boulevard. \u00c8 nota per i suoi caff\u00e8, hotel e ristoranti, molto frequentati dai turisti per la vicinanza alle bellissime spiagge della citt\u00e0.<\/p>\n\n<p>La Bonnet House \u00e8 vicina alla strip dove si pu\u00f2 visitare anche l&#8217;International Swimming Hall of Fame, un complesso natatorio dove si svolgono competizioni di alto livello, che comprende anche un museo dedicato allo sport caro a Michael Phelps.<\/p>\n\n<h2 class=\"wp-block-heading\">La vita notturna di Fort Lauderdale<\/h2>\n\n<p>La citt\u00e0 \u00e8 una mecca della vita notturna floridiana e offre una variet\u00e0 di feste e party senza fine.<\/p>\n\n<p>Vi consigliamo il Blue Martini, uno dei locali pi\u00f9 frequentati dai giovani e dai locali alla moda. Questa catena di lounge bar \u00e8 presente in tutta la Florida con uno stile e un&#8217;atmosfera di tendenza, perfetta per chi ha bisogno di sfogarsi fino alla fine della serata.<\/p>\n\n<p>Lo Smoke Caf\u00e9 \u00e8 un buon posto per gli amanti del vino. Con la sua atmosfera accogliente, questa cantina presenta molte variet\u00e0 di diverse origini e ottimi sigari di Cuba.<\/p>\n","protected":false},"excerpt":{"rendered":"<p>Situata nella parte sud-orientale dello stato della Florida, Fort Lauderdale \u00e8 una destinazione turistica con molte attrazioni, ideale per iniziare il vostro tour di crociera ai Caraibi. Conosciuta anche come la Venezia d&#8217;America, la citt\u00e0 ha molti vantaggi. I principali asset della citt\u00e0 Uno dei principali vantaggi di questa citt\u00e0 \u00e8 la sua apertura verso [&hellip;]<\/p>\n","protected":false},"author":1,"featured_media":0,"parent":0,"menu_order":0,"comment_status":"closed","ping_status":"closed","template":"","meta":{"site-sidebar-layout":"default","site-content-layout":"default","ast-site-content-layout":"default","site-content-style":"default","site-sidebar-style":"default","ast-global-header-display":"","ast-banner-title-visibility":"","ast-main-header-display":"","ast-hfb-above-header-display":"","ast-hfb-below-header-display":"","ast-hfb-mobile-header-display":"","site-post-title":"","ast-breadcrumbs-content":"","ast-featured-img":"","footer-sml-layout":"","ast-disable-related-posts":"","theme-transparent-header-meta":"default","adv-header-id-meta":"","stick-header-meta":"default","header-above-stick-meta":"","header-main-stick-meta":"","header-below-stick-meta":"","astra-migrate-meta-layouts":"default","ast-page-background-enabled":"default","ast-page-background-meta":{"desktop":{"background-color":"","background-image":"","background-repeat":"repeat","background-position":"center center","background-size":"auto","background-attachment":"scroll","background-type":"","background-media":"","overlay-type":"","overlay-color":"","overlay-opacity":"","overlay-gradient":""},"tablet":{"background-color":"","background-image":"","background-repeat":"repeat","background-position":"center center","background-size":"auto","background-attachment":"scroll","background-type":"","background-media":"","overlay-type":"","overlay-color":"","overlay-opacity":"","overlay-gradient":""},"mobile":{"background-color":"","background-image":"","background-repeat":"repeat","background-position":"center center","background-size":"auto","background-attachment":"scroll","background-type":"","background-media":"","overlay-type":"","overlay-color":"","overlay-opacity":"","overlay-gradient":""}},"ast-content-background-meta":{"desktop":{"background-color":"var(--ast-global-color-5)","background-image":"","background-repeat":"repeat","background-position":"center center","background-size":"auto","background-attachment":"scroll","background-type":"","background-media":"","overlay-type":"","overlay-color":"","overlay-opacity":"","overlay-gradient":""},"tablet":{"background-color":"var(--ast-global-color-5)","background-image":"","background-repeat":"repeat","background-position":"center center","background-size":"auto","background-attachment":"scroll","background-type":"","background-media":"","overlay-type":"","overlay-color":"","overlay-opacity":"","overlay-gradient":""},"mobile":{"background-color":"var(--ast-global-color-5)","background-image":"","background-repeat":"repeat","background-position":"center center","background-size":"auto","background-attachment":"scroll","background-type":"","background-media":"","overlay-type":"","overlay-color":"","overlay-opacity":"","overlay-gradient":""}},"footnotes":""},"class_list":["post-2313","page","type-page","status-publish","hentry"],"yoast_head":"<!-- This site is optimized with the Yoast SEO plugin v27.1.1 - https:\/\/yoast.com\/product\/yoast-seo-wordpress\/ -->\n<title>Fort Lauderdale, porto di partenza per la crociera ai Caraibi<\/title>\n<meta name=\"description\" content=\"Fort Lauderdale, la Venezia d&#039;America, \u00e8 una destinazione turistica con molte attrazioni. \u00c8 anche il punto di partenza delle crociere.\" \/>\n<meta name=\"robots\" content=\"index, follow, max-snippet:-1, max-image-preview:large, max-video-preview:-1\" \/>\n<link rel=\"canonical\" href=\"https:\/\/123-esta.com\/it\/fort-lauderdale-crociera\/\" \/>\n<meta property=\"og:locale\" content=\"it_IT\" \/>\n<meta property=\"og:type\" content=\"article\" \/>\n<meta property=\"og:title\" content=\"Fort Lauderdale, porto di partenza per la crociera ai Caraibi\" \/>\n<meta property=\"og:description\" content=\"Fort Lauderdale, la Venezia d&#039;America, \u00e8 una destinazione turistica con molte attrazioni. \u00c8 anche il punto di partenza delle crociere.\" \/>\n<meta property=\"og:url\" content=\"https:\/\/123-esta.com\/it\/fort-lauderdale-crociera\/\" \/>\n<meta property=\"og:site_name\" content=\"Formulaire ESTA pour les USA\" \/>\n<meta property=\"article:modified_time\" content=\"2022-08-23T21:21:24+00:00\" \/>\n<meta name=\"twitter:card\" content=\"summary_large_image\" \/>\n<meta name=\"twitter:label1\" content=\"Tempo di lettura stimato\" \/>\n\t<meta name=\"twitter:data1\" content=\"2 minuti\" \/>\n<script type=\"application\/ld+json\" class=\"yoast-schema-graph\">{\"@context\":\"https:\/\/schema.org\",\"@graph\":[{\"@type\":\"WebPage\",\"@id\":\"https:\/\/123-esta.com\/it\/fort-lauderdale-crociera\/\",\"url\":\"https:\/\/123-esta.com\/it\/fort-lauderdale-crociera\/\",\"name\":\"Fort Lauderdale, porto di partenza per la crociera ai Caraibi\",\"isPartOf\":{\"@id\":\"https:\/\/123-esta.com\/it\/#website\"},\"datePublished\":\"2022-07-27T19:34:23+00:00\",\"dateModified\":\"2022-08-23T21:21:24+00:00\",\"description\":\"Fort Lauderdale, la Venezia d'America, \u00e8 una destinazione turistica con molte attrazioni. \u00c8 anche il punto di partenza delle crociere.\",\"inLanguage\":\"it-IT\",\"potentialAction\":[{\"@type\":\"ReadAction\",\"target\":[\"https:\/\/123-esta.com\/it\/fort-lauderdale-crociera\/\"]}]},{\"@type\":\"WebSite\",\"@id\":\"https:\/\/123-esta.com\/it\/#website\",\"url\":\"https:\/\/123-esta.com\/it\/\",\"name\":\"Formulaire ESTA pour les USA\",\"description\":\"\",\"publisher\":{\"@id\":\"https:\/\/123-esta.com\/it\/#organization\"},\"potentialAction\":[{\"@type\":\"SearchAction\",\"target\":{\"@type\":\"EntryPoint\",\"urlTemplate\":\"https:\/\/123-esta.com\/it\/?s={search_term_string}\"},\"query-input\":{\"@type\":\"PropertyValueSpecification\",\"valueRequired\":true,\"valueName\":\"search_term_string\"}}],\"inLanguage\":\"it-IT\"},{\"@type\":\"Organization\",\"@id\":\"https:\/\/123-esta.com\/it\/#organization\",\"name\":\"Formulaire ESTA pour les USA\",\"url\":\"https:\/\/123-esta.com\/it\/\",\"logo\":{\"@type\":\"ImageObject\",\"inLanguage\":\"it-IT\",\"@id\":\"https:\/\/123-esta.com\/it\/#\/schema\/logo\/image\/\",\"url\":\"https:\/\/123-esta.com\/wp-content\/uploads\/2018\/03\/logo-123-esta.png\",\"contentUrl\":\"https:\/\/123-esta.com\/wp-content\/uploads\/2018\/03\/logo-123-esta.png\",\"width\":191,\"height\":54,\"caption\":\"Formulaire ESTA pour les USA\"},\"image\":{\"@id\":\"https:\/\/123-esta.com\/it\/#\/schema\/logo\/image\/\"}}]}<\/script>\n<!-- \/ Yoast SEO plugin. -->","yoast_head_json":{"title":"Fort Lauderdale, porto di partenza per la crociera ai Caraibi","description":"Fort Lauderdale, la Venezia d'America, \u00e8 una destinazione turistica con molte attrazioni. \u00c8 anche il punto di partenza delle crociere.","robots":{"index":"index","follow":"follow","max-snippet":"max-snippet:-1","max-image-preview":"max-image-preview:large","max-video-preview":"max-video-preview:-1"},"canonical":"https:\/\/123-esta.com\/it\/fort-lauderdale-crociera\/","og_locale":"it_IT","og_type":"article","og_title":"Fort Lauderdale, porto di partenza per la crociera ai Caraibi","og_description":"Fort Lauderdale, la Venezia d'America, \u00e8 una destinazione turistica con molte attrazioni. \u00c8 anche il punto di partenza delle crociere.","og_url":"https:\/\/123-esta.com\/it\/fort-lauderdale-crociera\/","og_site_name":"Formulaire ESTA pour les USA","article_modified_time":"2022-08-23T21:21:24+00:00","twitter_card":"summary_large_image","twitter_misc":{"Tempo di lettura stimato":"2 minuti"},"schema":{"@context":"https:\/\/schema.org","@graph":[{"@type":"WebPage","@id":"https:\/\/123-esta.com\/it\/fort-lauderdale-crociera\/","url":"https:\/\/123-esta.com\/it\/fort-lauderdale-crociera\/","name":"Fort Lauderdale, porto di partenza per la crociera ai Caraibi","isPartOf":{"@id":"https:\/\/123-esta.com\/it\/#website"},"datePublished":"2022-07-27T19:34:23+00:00","dateModified":"2022-08-23T21:21:24+00:00","description":"Fort Lauderdale, la Venezia d'America, \u00e8 una destinazione turistica con molte attrazioni. \u00c8 anche il punto di partenza delle crociere.","inLanguage":"it-IT","potentialAction":[{"@type":"ReadAction","target":["https:\/\/123-esta.com\/it\/fort-lauderdale-crociera\/"]}]},{"@type":"WebSite","@id":"https:\/\/123-esta.com\/it\/#website","url":"https:\/\/123-esta.com\/it\/","name":"Formulaire ESTA pour les USA","description":"","publisher":{"@id":"https:\/\/123-esta.com\/it\/#organization"},"potentialAction":[{"@type":"SearchAction","target":{"@type":"EntryPoint","urlTemplate":"https:\/\/123-esta.com\/it\/?s={search_term_string}"},"query-input":{"@type":"PropertyValueSpecification","valueRequired":true,"valueName":"search_term_string"}}],"inLanguage":"it-IT"},{"@type":"Organization","@id":"https:\/\/123-esta.com\/it\/#organization","name":"Formulaire ESTA pour les USA","url":"https:\/\/123-esta.com\/it\/","logo":{"@type":"ImageObject","inLanguage":"it-IT","@id":"https:\/\/123-esta.com\/it\/#\/schema\/logo\/image\/","url":"https:\/\/123-esta.com\/wp-content\/uploads\/2018\/03\/logo-123-esta.png","contentUrl":"https:\/\/123-esta.com\/wp-content\/uploads\/2018\/03\/logo-123-esta.png","width":191,"height":54,"caption":"Formulaire ESTA pour les USA"},"image":{"@id":"https:\/\/123-esta.com\/it\/#\/schema\/logo\/image\/"}}]}},"_links":{"self":[{"href":"https:\/\/123-esta.com\/it\/wp-json\/wp\/v2\/pages\/2313","targetHints":{"allow":["GET"]}}],"collection":[{"href":"https:\/\/123-esta.com\/it\/wp-json\/wp\/v2\/pages"}],"about":[{"href":"https:\/\/123-esta.com\/it\/wp-json\/wp\/v2\/types\/page"}],"author":[{"embeddable":true,"href":"https:\/\/123-esta.com\/it\/wp-json\/wp\/v2\/users\/1"}],"replies":[{"embeddable":true,"href":"https:\/\/123-esta.com\/it\/wp-json\/wp\/v2\/comments?post=2313"}],"version-history":[{"count":0,"href":"https:\/\/123-esta.com\/it\/wp-json\/wp\/v2\/pages\/2313\/revisions"}],"wp:attachment":[{"href":"https:\/\/123-esta.com\/it\/wp-json\/wp\/v2\/media?parent=2313"}],"curies":[{"name":"wp","href":"https:\/\/api.w.org\/{rel}","templated":true}]}}