{"id":2309,"date":"2022-07-27T21:34:22","date_gmt":"2022-07-27T19:34:22","guid":{"rendered":"https:\/\/123-esta.com\/crociera-di-lusso-usa\/"},"modified":"2022-09-23T11:21:00","modified_gmt":"2022-09-23T09:21:00","slug":"crociera-di-lusso-negli-stati-uniti","status":"publish","type":"page","link":"https:\/\/123-esta.com\/it\/crociera-di-lusso-negli-stati-uniti\/","title":{"rendered":"Quale crociera di lusso scegliere negli Stati Uniti"},"content":{"rendered":"\n<p>Se ne avete la possibilit\u00e0, una crociera di lusso pu\u00f2 essere un&#8217;esperienza eccezionale! La maggior parte delle crociere di questo tipo offre divertimento, intrattenimento, scoperta, molti scali e porti da sogno. <a href=\"https:\/\/123-esta.com\/it\/cosa-fare-in-florida\/\">Visitando la Florida<\/a> avrete l&#8217;imbarazzo della scelta per quanto riguarda le crociere di lusso.<\/p>\n\n<p>Potete fare una crociera di prestigio con la vostra famiglia, in gruppo e\/o in coppia. Molte compagnie offrono crociere di lusso con le migliori navi, servizi di qualit\u00e0 ed equipaggi altamente qualificati per garantire la massima soddisfazione dei viaggiatori.<\/p>\n\n<p>Si tratta di un mercato in crescita, che attrae un gran numero di persone nonostante il prezzo elevato.<\/p>\n\n<h2 class=\"wp-block-heading\">Offerte allettanti e statistiche interessanti<\/h2>\n\n<p>Quando si sceglie una crociera di lusso, si sa in anticipo che si otterranno tutti i vantaggi\/intrattenimenti possibili.<\/p>\n\n<p>I servizi di una crociera di prestigio sono altamente qualificati. Garantiscono la tranquillit\u00e0, il benessere e il comfort di ogni passeggero. La piscina, il centro benessere, una ristorazione impareggiabile, una variet\u00e0 di piatti e numerosi servizi di relax sono offerti e riescono a soddisfare anche gli ospiti pi\u00f9 esigenti.<\/p>\n\n<p>Secondo i dati e gli studi di varie associazioni e agenzie di viaggio specializzate, pi\u00f9 di un milione di persone lo ha gi\u00e0 fatto. Gli americani sono i clienti pi\u00f9 numerosi per questo tipo di attivit\u00e0. Rappresentano il 62% del mercato attuale. Allo stesso tempo, gli europei rappresentano &#8220;solo&#8221; il 27% del mercato. Resta il caso dei crocieristi asiatici. Ancora rappresentati in numero limitato, sempre pi\u00f9 persone si lasciano sedurre da una crociera di lusso. In pochi anni, il loro numero potrebbe raggiungere il 30% del mercato.<\/p>\n\n<h2 class=\"wp-block-heading\">Entusiasmo e desiderio di viaggiare di nuovo su una crociera di lusso<\/h2>\n\n<p>Quando i clienti sono soddisfatti del loro viaggio, vogliono rifarlo. In molti casi, alcune persone prenotano nuovamente per un&#8217;altra destinazione non appena tornano a terra!<\/p>\n\n<p>Il pi\u00f9 delle volte tornano entusiasti delle offerte, dei servizi e della variet\u00e0 di attivit\u00e0 per il tempo libero. Ad esempio, alcune persone sono felici di poter praticare il loro sport preferito, come il golf! Altri invece saranno attratti dall&#8217;idea di potersi godere una serata rilassante con uno spettacolo internazionale di qualit\u00e0.<\/p>\n","protected":false},"excerpt":{"rendered":"<p>Se ne avete la possibilit\u00e0, una crociera di lusso pu\u00f2 essere un&#8217;esperienza eccezionale! La maggior parte delle crociere di questo tipo offre divertimento, intrattenimento, scoperta, molti scali e porti da sogno. Visitando la Florida avrete l&#8217;imbarazzo della scelta per quanto riguarda le crociere di lusso. Potete fare una crociera di prestigio con la vostra famiglia, [&hellip;]<\/p>\n","protected":false},"author":1,"featured_media":0,"parent":0,"menu_order":0,"comment_status":"closed","ping_status":"closed","template":"","meta":{"site-sidebar-layout":"default","site-content-layout":"default","ast-site-content-layout":"default","site-content-style":"default","site-sidebar-style":"default","ast-global-header-display":"","ast-banner-title-visibility":"","ast-main-header-display":"","ast-hfb-above-header-display":"","ast-hfb-below-header-display":"","ast-hfb-mobile-header-display":"","site-post-title":"","ast-breadcrumbs-content":"","ast-featured-img":"","footer-sml-layout":"","ast-disable-related-posts":"","theme-transparent-header-meta":"default","adv-header-id-meta":"","stick-header-meta":"default","header-above-stick-meta":"","header-main-stick-meta":"","header-below-stick-meta":"","astra-migrate-meta-layouts":"default","ast-page-background-enabled":"default","ast-page-background-meta":{"desktop":{"background-color":"","background-image":"","background-repeat":"repeat","background-position":"center center","background-size":"auto","background-attachment":"scroll","background-type":"","background-media":"","overlay-type":"","overlay-color":"","overlay-opacity":"","overlay-gradient":""},"tablet":{"background-color":"","background-image":"","background-repeat":"repeat","background-position":"center center","background-size":"auto","background-attachment":"scroll","background-type":"","background-media":"","overlay-type":"","overlay-color":"","overlay-opacity":"","overlay-gradient":""},"mobile":{"background-color":"","background-image":"","background-repeat":"repeat","background-position":"center center","background-size":"auto","background-attachment":"scroll","background-type":"","background-media":"","overlay-type":"","overlay-color":"","overlay-opacity":"","overlay-gradient":""}},"ast-content-background-meta":{"desktop":{"background-color":"var(--ast-global-color-5)","background-image":"","background-repeat":"repeat","background-position":"center center","background-size":"auto","background-attachment":"scroll","background-type":"","background-media":"","overlay-type":"","overlay-color":"","overlay-opacity":"","overlay-gradient":""},"tablet":{"background-color":"var(--ast-global-color-5)","background-image":"","background-repeat":"repeat","background-position":"center center","background-size":"auto","background-attachment":"scroll","background-type":"","background-media":"","overlay-type":"","overlay-color":"","overlay-opacity":"","overlay-gradient":""},"mobile":{"background-color":"var(--ast-global-color-5)","background-image":"","background-repeat":"repeat","background-position":"center center","background-size":"auto","background-attachment":"scroll","background-type":"","background-media":"","overlay-type":"","overlay-color":"","overlay-opacity":"","overlay-gradient":""}},"footnotes":""},"class_list":["post-2309","page","type-page","status-publish","hentry"],"yoast_head":"<!-- This site is optimized with the Yoast SEO plugin v27.1.1 - https:\/\/yoast.com\/product\/yoast-seo-wordpress\/ -->\n<title>Avete voglia di una crociera di lusso negli Stati Uniti? Il nostro consiglio<\/title>\n<meta name=\"description\" content=\"Le crociere di lusso sono un modo eccezionale di viaggiare. Offre un&#039;ampia gamma di intrattenimenti, scoperte e soste.\" \/>\n<meta name=\"robots\" content=\"index, follow, max-snippet:-1, max-image-preview:large, max-video-preview:-1\" \/>\n<link rel=\"canonical\" href=\"https:\/\/123-esta.com\/it\/crociera-di-lusso-negli-stati-uniti\/\" \/>\n<meta property=\"og:locale\" content=\"it_IT\" \/>\n<meta property=\"og:type\" content=\"article\" \/>\n<meta property=\"og:title\" content=\"Avete voglia di una crociera di lusso negli Stati Uniti? Il nostro consiglio\" \/>\n<meta property=\"og:description\" content=\"Le crociere di lusso sono un modo eccezionale di viaggiare. Offre un&#039;ampia gamma di intrattenimenti, scoperte e soste.\" \/>\n<meta property=\"og:url\" content=\"https:\/\/123-esta.com\/it\/crociera-di-lusso-negli-stati-uniti\/\" \/>\n<meta property=\"og:site_name\" content=\"Formulaire ESTA pour les USA\" \/>\n<meta property=\"article:modified_time\" content=\"2022-09-23T09:21:00+00:00\" \/>\n<meta name=\"twitter:card\" content=\"summary_large_image\" \/>\n<meta name=\"twitter:label1\" content=\"Tempo di lettura stimato\" \/>\n\t<meta name=\"twitter:data1\" content=\"2 minuti\" \/>\n<script type=\"application\/ld+json\" class=\"yoast-schema-graph\">{\"@context\":\"https:\/\/schema.org\",\"@graph\":[{\"@type\":\"WebPage\",\"@id\":\"https:\/\/123-esta.com\/it\/crociera-di-lusso-negli-stati-uniti\/\",\"url\":\"https:\/\/123-esta.com\/it\/crociera-di-lusso-negli-stati-uniti\/\",\"name\":\"Avete voglia di una crociera di lusso negli Stati Uniti? Il nostro consiglio\",\"isPartOf\":{\"@id\":\"https:\/\/123-esta.com\/it\/#website\"},\"datePublished\":\"2022-07-27T19:34:22+00:00\",\"dateModified\":\"2022-09-23T09:21:00+00:00\",\"description\":\"Le crociere di lusso sono un modo eccezionale di viaggiare. Offre un'ampia gamma di intrattenimenti, scoperte e soste.\",\"inLanguage\":\"it-IT\",\"potentialAction\":[{\"@type\":\"ReadAction\",\"target\":[\"https:\/\/123-esta.com\/it\/crociera-di-lusso-negli-stati-uniti\/\"]}]},{\"@type\":\"WebSite\",\"@id\":\"https:\/\/123-esta.com\/it\/#website\",\"url\":\"https:\/\/123-esta.com\/it\/\",\"name\":\"Formulaire ESTA pour les USA\",\"description\":\"\",\"publisher\":{\"@id\":\"https:\/\/123-esta.com\/it\/#organization\"},\"potentialAction\":[{\"@type\":\"SearchAction\",\"target\":{\"@type\":\"EntryPoint\",\"urlTemplate\":\"https:\/\/123-esta.com\/it\/?s={search_term_string}\"},\"query-input\":{\"@type\":\"PropertyValueSpecification\",\"valueRequired\":true,\"valueName\":\"search_term_string\"}}],\"inLanguage\":\"it-IT\"},{\"@type\":\"Organization\",\"@id\":\"https:\/\/123-esta.com\/it\/#organization\",\"name\":\"Formulaire ESTA pour les USA\",\"url\":\"https:\/\/123-esta.com\/it\/\",\"logo\":{\"@type\":\"ImageObject\",\"inLanguage\":\"it-IT\",\"@id\":\"https:\/\/123-esta.com\/it\/#\/schema\/logo\/image\/\",\"url\":\"https:\/\/123-esta.com\/wp-content\/uploads\/2018\/03\/logo-123-esta.png\",\"contentUrl\":\"https:\/\/123-esta.com\/wp-content\/uploads\/2018\/03\/logo-123-esta.png\",\"width\":191,\"height\":54,\"caption\":\"Formulaire ESTA pour les USA\"},\"image\":{\"@id\":\"https:\/\/123-esta.com\/it\/#\/schema\/logo\/image\/\"}}]}<\/script>\n<!-- \/ Yoast SEO plugin. -->","yoast_head_json":{"title":"Avete voglia di una crociera di lusso negli Stati Uniti? Il nostro consiglio","description":"Le crociere di lusso sono un modo eccezionale di viaggiare. Offre un'ampia gamma di intrattenimenti, scoperte e soste.","robots":{"index":"index","follow":"follow","max-snippet":"max-snippet:-1","max-image-preview":"max-image-preview:large","max-video-preview":"max-video-preview:-1"},"canonical":"https:\/\/123-esta.com\/it\/crociera-di-lusso-negli-stati-uniti\/","og_locale":"it_IT","og_type":"article","og_title":"Avete voglia di una crociera di lusso negli Stati Uniti? Il nostro consiglio","og_description":"Le crociere di lusso sono un modo eccezionale di viaggiare. Offre un'ampia gamma di intrattenimenti, scoperte e soste.","og_url":"https:\/\/123-esta.com\/it\/crociera-di-lusso-negli-stati-uniti\/","og_site_name":"Formulaire ESTA pour les USA","article_modified_time":"2022-09-23T09:21:00+00:00","twitter_card":"summary_large_image","twitter_misc":{"Tempo di lettura stimato":"2 minuti"},"schema":{"@context":"https:\/\/schema.org","@graph":[{"@type":"WebPage","@id":"https:\/\/123-esta.com\/it\/crociera-di-lusso-negli-stati-uniti\/","url":"https:\/\/123-esta.com\/it\/crociera-di-lusso-negli-stati-uniti\/","name":"Avete voglia di una crociera di lusso negli Stati Uniti? Il nostro consiglio","isPartOf":{"@id":"https:\/\/123-esta.com\/it\/#website"},"datePublished":"2022-07-27T19:34:22+00:00","dateModified":"2022-09-23T09:21:00+00:00","description":"Le crociere di lusso sono un modo eccezionale di viaggiare. Offre un'ampia gamma di intrattenimenti, scoperte e soste.","inLanguage":"it-IT","potentialAction":[{"@type":"ReadAction","target":["https:\/\/123-esta.com\/it\/crociera-di-lusso-negli-stati-uniti\/"]}]},{"@type":"WebSite","@id":"https:\/\/123-esta.com\/it\/#website","url":"https:\/\/123-esta.com\/it\/","name":"Formulaire ESTA pour les USA","description":"","publisher":{"@id":"https:\/\/123-esta.com\/it\/#organization"},"potentialAction":[{"@type":"SearchAction","target":{"@type":"EntryPoint","urlTemplate":"https:\/\/123-esta.com\/it\/?s={search_term_string}"},"query-input":{"@type":"PropertyValueSpecification","valueRequired":true,"valueName":"search_term_string"}}],"inLanguage":"it-IT"},{"@type":"Organization","@id":"https:\/\/123-esta.com\/it\/#organization","name":"Formulaire ESTA pour les USA","url":"https:\/\/123-esta.com\/it\/","logo":{"@type":"ImageObject","inLanguage":"it-IT","@id":"https:\/\/123-esta.com\/it\/#\/schema\/logo\/image\/","url":"https:\/\/123-esta.com\/wp-content\/uploads\/2018\/03\/logo-123-esta.png","contentUrl":"https:\/\/123-esta.com\/wp-content\/uploads\/2018\/03\/logo-123-esta.png","width":191,"height":54,"caption":"Formulaire ESTA pour les USA"},"image":{"@id":"https:\/\/123-esta.com\/it\/#\/schema\/logo\/image\/"}}]}},"_links":{"self":[{"href":"https:\/\/123-esta.com\/it\/wp-json\/wp\/v2\/pages\/2309","targetHints":{"allow":["GET"]}}],"collection":[{"href":"https:\/\/123-esta.com\/it\/wp-json\/wp\/v2\/pages"}],"about":[{"href":"https:\/\/123-esta.com\/it\/wp-json\/wp\/v2\/types\/page"}],"author":[{"embeddable":true,"href":"https:\/\/123-esta.com\/it\/wp-json\/wp\/v2\/users\/1"}],"replies":[{"embeddable":true,"href":"https:\/\/123-esta.com\/it\/wp-json\/wp\/v2\/comments?post=2309"}],"version-history":[{"count":0,"href":"https:\/\/123-esta.com\/it\/wp-json\/wp\/v2\/pages\/2309\/revisions"}],"wp:attachment":[{"href":"https:\/\/123-esta.com\/it\/wp-json\/wp\/v2\/media?parent=2309"}],"curies":[{"name":"wp","href":"https:\/\/api.w.org\/{rel}","templated":true}]}}