{"id":2303,"date":"2022-07-27T21:34:21","date_gmt":"2022-07-27T19:34:21","guid":{"rendered":"https:\/\/123-esta.com\/top10-visite-miami\/"},"modified":"2022-09-01T09:39:58","modified_gmt":"2022-09-01T07:39:58","slug":"top10-visite-miami","status":"publish","type":"page","link":"https:\/\/123-esta.com\/it\/top10-visite-miami\/","title":{"rendered":"La nostra Top 10 delle cose da vedere e fare a Miami"},"content":{"rendered":"\n<p>Se \u00e8 la prima volta che venite a Miami, vi renderete subito conto dell&#8217;enorme potenziale turistico di questa citt\u00e0, che \u00e8 parte integrante della vostra <a href=\"https:\/\/123-esta.com\/it\/cosa-fare-in-florida\/\">visita in Florida<\/a>.<\/p>\n\n<p>Con il vostro documento ESTA in tasca, potrete esplorare il meglio che Miami ha da offrire per un massimo di 90 giorni. Una passeggiata sulla spiaggia di Miami al mattino in buona compagnia, una visita al museo nel pomeriggio, un pasto abbondante in un ristorante cubano la sera e una serata in discoteca. Le attivit\u00e0 sono innumerevoli e ce n&#8217;\u00e8 per tutti i gusti!<\/p>\n\n<h2 class=\"wp-block-heading\">Da dove iniziare la visita?<\/h2>\n\n<p>La vostra visita a Miami pu\u00f2 iniziare con una visita a Miami Beach, che \u00e8 una delle attrazioni pi\u00f9 interessanti e popolari per i visitatori. In questa zona si trova una spiaggia di palme che si estende per diversi chilometri ed \u00e8 uno dei luoghi pi\u00f9 famosi al mondo nel suo genere.<\/p>\n\n<p>Nei dintorni si trovano ristoranti a terrazza con una vista mozzafiato sul lungomare, parchi puliti e molti locali notturni. Si pu\u00f2 anche fare una crociera dal porto locale, praticare attivit\u00e0 acquatiche nella baia o fare una visita guidata con i veicoli anfibi.<\/p>\n\n<h2 class=\"wp-block-heading\">I cinque poli di attrazione di Miami<\/h2>\n\n<p>Secondo le guide turistiche, Miami ha cinque attrazioni principali per i turisti:<\/p>\n\n<ul class=\"wp-block-list\"><li>L&#8217;art d\u00e9co e le luci notturne che fanno scintillare Miami Beach, per non parlare degli alti edifici e dei numerosi hotel che non lasciano indifferente il visitatore;<\/li><li>La mitica Ocean Drive, lungo il mare;<\/li><li>Il World Erotic Art Museum, un museo che racconta l&#8217;erotismo, l&#8217;arte e traccia anche la pi\u00f9 importante diversit\u00e0 culturale di Miami;<\/li><li>Il New World Center, uno spazio diventato famoso per i suoi spettacoli di fama internazionale;<\/li><li>South Beach, un luogo dove ogni anno si riversano migliaia di visitatori da tutto il mondo.<\/li><\/ul>\n\n<h2 class=\"wp-block-heading\">Un po&#8217; di pi\u00f9 sulla citt\u00e0 di Miami e sulla sua regione<\/h2>\n\n<p>La citt\u00e0 di Miami ha un totale di tre milioni di abitanti che condividono un&#8217;area di 6297 km2. La popolazione, spesso di lingua spagnola, si trova in uno degli innumerevoli quartieri di Miami: Coral Gables, Little Havana, Overtown, Coconut Grove, Miami Beach e molti altri. Vale la pena notare che molti di questi distretti sono situati su isole collegate da ponti.<\/p>\n\n<p>Miami \u00e8 una citt\u00e0 latino-americana (la maggior parte delle indicazioni sar\u00e0 comunque in inglese e spagnolo) nota per le sue spiagge sabbiose ma anche per i suoi numerosi edifici moderni a perdita d&#8217;occhio e per la sua popolazione molto eterogenea.<\/p>\n\n<p>Con molti hotel e ristoranti chic dall&#8217;architettura di un passato quasi dimenticato, Miami \u00e8 una zona popolare per l&#8217;industria cinematografica e televisiva americana. Potreste anche imbattervi in uno dei blockbuster locali mentre siete in Florida!<\/p>\n","protected":false},"excerpt":{"rendered":"<p>Se \u00e8 la prima volta che venite a Miami, vi renderete subito conto dell&#8217;enorme potenziale turistico di questa citt\u00e0, che \u00e8 parte integrante della vostra visita in Florida. Con il vostro documento ESTA in tasca, potrete esplorare il meglio che Miami ha da offrire per un massimo di 90 giorni. Una passeggiata sulla spiaggia di [&hellip;]<\/p>\n","protected":false},"author":1,"featured_media":0,"parent":0,"menu_order":0,"comment_status":"closed","ping_status":"closed","template":"","meta":{"site-sidebar-layout":"default","site-content-layout":"default","ast-site-content-layout":"default","site-content-style":"default","site-sidebar-style":"default","ast-global-header-display":"","ast-banner-title-visibility":"","ast-main-header-display":"","ast-hfb-above-header-display":"","ast-hfb-below-header-display":"","ast-hfb-mobile-header-display":"","site-post-title":"","ast-breadcrumbs-content":"","ast-featured-img":"","footer-sml-layout":"","ast-disable-related-posts":"","theme-transparent-header-meta":"default","adv-header-id-meta":"","stick-header-meta":"default","header-above-stick-meta":"","header-main-stick-meta":"","header-below-stick-meta":"","astra-migrate-meta-layouts":"default","ast-page-background-enabled":"default","ast-page-background-meta":{"desktop":{"background-color":"","background-image":"","background-repeat":"repeat","background-position":"center center","background-size":"auto","background-attachment":"scroll","background-type":"","background-media":"","overlay-type":"","overlay-color":"","overlay-opacity":"","overlay-gradient":""},"tablet":{"background-color":"","background-image":"","background-repeat":"repeat","background-position":"center center","background-size":"auto","background-attachment":"scroll","background-type":"","background-media":"","overlay-type":"","overlay-color":"","overlay-opacity":"","overlay-gradient":""},"mobile":{"background-color":"","background-image":"","background-repeat":"repeat","background-position":"center center","background-size":"auto","background-attachment":"scroll","background-type":"","background-media":"","overlay-type":"","overlay-color":"","overlay-opacity":"","overlay-gradient":""}},"ast-content-background-meta":{"desktop":{"background-color":"var(--ast-global-color-5)","background-image":"","background-repeat":"repeat","background-position":"center center","background-size":"auto","background-attachment":"scroll","background-type":"","background-media":"","overlay-type":"","overlay-color":"","overlay-opacity":"","overlay-gradient":""},"tablet":{"background-color":"var(--ast-global-color-5)","background-image":"","background-repeat":"repeat","background-position":"center center","background-size":"auto","background-attachment":"scroll","background-type":"","background-media":"","overlay-type":"","overlay-color":"","overlay-opacity":"","overlay-gradient":""},"mobile":{"background-color":"var(--ast-global-color-5)","background-image":"","background-repeat":"repeat","background-position":"center center","background-size":"auto","background-attachment":"scroll","background-type":"","background-media":"","overlay-type":"","overlay-color":"","overlay-opacity":"","overlay-gradient":""}},"footnotes":""},"class_list":["post-2303","page","type-page","status-publish","hentry"],"yoast_head":"<!-- This site is optimized with the Yoast SEO plugin v27.1.1 - https:\/\/yoast.com\/product\/yoast-seo-wordpress\/ -->\n<title>La nostra Top 10 dei tour da non perdere a Miami<\/title>\n<meta name=\"description\" content=\"Presentazione dei 10 luoghi da non perdere a Miami. Non dimenticate di richiedere l&#039;ESTA per godervi questa citt\u00e0 magica.\" \/>\n<meta name=\"robots\" content=\"index, follow, max-snippet:-1, max-image-preview:large, max-video-preview:-1\" \/>\n<link rel=\"canonical\" href=\"https:\/\/123-esta.com\/it\/top10-visite-miami\/\" \/>\n<meta property=\"og:locale\" content=\"it_IT\" \/>\n<meta property=\"og:type\" content=\"article\" \/>\n<meta property=\"og:title\" content=\"La nostra Top 10 dei tour da non perdere a Miami\" \/>\n<meta property=\"og:description\" content=\"Presentazione dei 10 luoghi da non perdere a Miami. Non dimenticate di richiedere l&#039;ESTA per godervi questa citt\u00e0 magica.\" \/>\n<meta property=\"og:url\" content=\"https:\/\/123-esta.com\/it\/top10-visite-miami\/\" \/>\n<meta property=\"og:site_name\" content=\"Formulaire ESTA pour les USA\" \/>\n<meta property=\"article:modified_time\" content=\"2022-09-01T07:39:58+00:00\" \/>\n<meta name=\"twitter:card\" content=\"summary_large_image\" \/>\n<meta name=\"twitter:label1\" content=\"Tempo di lettura stimato\" \/>\n\t<meta name=\"twitter:data1\" content=\"2 minuti\" \/>\n<script type=\"application\/ld+json\" class=\"yoast-schema-graph\">{\"@context\":\"https:\/\/schema.org\",\"@graph\":[{\"@type\":\"WebPage\",\"@id\":\"https:\/\/123-esta.com\/it\/top10-visite-miami\/\",\"url\":\"https:\/\/123-esta.com\/it\/top10-visite-miami\/\",\"name\":\"La nostra Top 10 dei tour da non perdere a Miami\",\"isPartOf\":{\"@id\":\"https:\/\/123-esta.com\/it\/#website\"},\"datePublished\":\"2022-07-27T19:34:21+00:00\",\"dateModified\":\"2022-09-01T07:39:58+00:00\",\"description\":\"Presentazione dei 10 luoghi da non perdere a Miami. Non dimenticate di richiedere l'ESTA per godervi questa citt\u00e0 magica.\",\"inLanguage\":\"it-IT\",\"potentialAction\":[{\"@type\":\"ReadAction\",\"target\":[\"https:\/\/123-esta.com\/it\/top10-visite-miami\/\"]}]},{\"@type\":\"WebSite\",\"@id\":\"https:\/\/123-esta.com\/it\/#website\",\"url\":\"https:\/\/123-esta.com\/it\/\",\"name\":\"Formulaire ESTA pour les USA\",\"description\":\"\",\"publisher\":{\"@id\":\"https:\/\/123-esta.com\/it\/#organization\"},\"potentialAction\":[{\"@type\":\"SearchAction\",\"target\":{\"@type\":\"EntryPoint\",\"urlTemplate\":\"https:\/\/123-esta.com\/it\/?s={search_term_string}\"},\"query-input\":{\"@type\":\"PropertyValueSpecification\",\"valueRequired\":true,\"valueName\":\"search_term_string\"}}],\"inLanguage\":\"it-IT\"},{\"@type\":\"Organization\",\"@id\":\"https:\/\/123-esta.com\/it\/#organization\",\"name\":\"Formulaire ESTA pour les USA\",\"url\":\"https:\/\/123-esta.com\/it\/\",\"logo\":{\"@type\":\"ImageObject\",\"inLanguage\":\"it-IT\",\"@id\":\"https:\/\/123-esta.com\/it\/#\/schema\/logo\/image\/\",\"url\":\"https:\/\/123-esta.com\/wp-content\/uploads\/2018\/03\/logo-123-esta.png\",\"contentUrl\":\"https:\/\/123-esta.com\/wp-content\/uploads\/2018\/03\/logo-123-esta.png\",\"width\":191,\"height\":54,\"caption\":\"Formulaire ESTA pour les USA\"},\"image\":{\"@id\":\"https:\/\/123-esta.com\/it\/#\/schema\/logo\/image\/\"}}]}<\/script>\n<!-- \/ Yoast SEO plugin. -->","yoast_head_json":{"title":"La nostra Top 10 dei tour da non perdere a Miami","description":"Presentazione dei 10 luoghi da non perdere a Miami. Non dimenticate di richiedere l'ESTA per godervi questa citt\u00e0 magica.","robots":{"index":"index","follow":"follow","max-snippet":"max-snippet:-1","max-image-preview":"max-image-preview:large","max-video-preview":"max-video-preview:-1"},"canonical":"https:\/\/123-esta.com\/it\/top10-visite-miami\/","og_locale":"it_IT","og_type":"article","og_title":"La nostra Top 10 dei tour da non perdere a Miami","og_description":"Presentazione dei 10 luoghi da non perdere a Miami. Non dimenticate di richiedere l'ESTA per godervi questa citt\u00e0 magica.","og_url":"https:\/\/123-esta.com\/it\/top10-visite-miami\/","og_site_name":"Formulaire ESTA pour les USA","article_modified_time":"2022-09-01T07:39:58+00:00","twitter_card":"summary_large_image","twitter_misc":{"Tempo di lettura stimato":"2 minuti"},"schema":{"@context":"https:\/\/schema.org","@graph":[{"@type":"WebPage","@id":"https:\/\/123-esta.com\/it\/top10-visite-miami\/","url":"https:\/\/123-esta.com\/it\/top10-visite-miami\/","name":"La nostra Top 10 dei tour da non perdere a Miami","isPartOf":{"@id":"https:\/\/123-esta.com\/it\/#website"},"datePublished":"2022-07-27T19:34:21+00:00","dateModified":"2022-09-01T07:39:58+00:00","description":"Presentazione dei 10 luoghi da non perdere a Miami. Non dimenticate di richiedere l'ESTA per godervi questa citt\u00e0 magica.","inLanguage":"it-IT","potentialAction":[{"@type":"ReadAction","target":["https:\/\/123-esta.com\/it\/top10-visite-miami\/"]}]},{"@type":"WebSite","@id":"https:\/\/123-esta.com\/it\/#website","url":"https:\/\/123-esta.com\/it\/","name":"Formulaire ESTA pour les USA","description":"","publisher":{"@id":"https:\/\/123-esta.com\/it\/#organization"},"potentialAction":[{"@type":"SearchAction","target":{"@type":"EntryPoint","urlTemplate":"https:\/\/123-esta.com\/it\/?s={search_term_string}"},"query-input":{"@type":"PropertyValueSpecification","valueRequired":true,"valueName":"search_term_string"}}],"inLanguage":"it-IT"},{"@type":"Organization","@id":"https:\/\/123-esta.com\/it\/#organization","name":"Formulaire ESTA pour les USA","url":"https:\/\/123-esta.com\/it\/","logo":{"@type":"ImageObject","inLanguage":"it-IT","@id":"https:\/\/123-esta.com\/it\/#\/schema\/logo\/image\/","url":"https:\/\/123-esta.com\/wp-content\/uploads\/2018\/03\/logo-123-esta.png","contentUrl":"https:\/\/123-esta.com\/wp-content\/uploads\/2018\/03\/logo-123-esta.png","width":191,"height":54,"caption":"Formulaire ESTA pour les USA"},"image":{"@id":"https:\/\/123-esta.com\/it\/#\/schema\/logo\/image\/"}}]}},"_links":{"self":[{"href":"https:\/\/123-esta.com\/it\/wp-json\/wp\/v2\/pages\/2303","targetHints":{"allow":["GET"]}}],"collection":[{"href":"https:\/\/123-esta.com\/it\/wp-json\/wp\/v2\/pages"}],"about":[{"href":"https:\/\/123-esta.com\/it\/wp-json\/wp\/v2\/types\/page"}],"author":[{"embeddable":true,"href":"https:\/\/123-esta.com\/it\/wp-json\/wp\/v2\/users\/1"}],"replies":[{"embeddable":true,"href":"https:\/\/123-esta.com\/it\/wp-json\/wp\/v2\/comments?post=2303"}],"version-history":[{"count":0,"href":"https:\/\/123-esta.com\/it\/wp-json\/wp\/v2\/pages\/2303\/revisions"}],"wp:attachment":[{"href":"https:\/\/123-esta.com\/it\/wp-json\/wp\/v2\/media?parent=2303"}],"curies":[{"name":"wp","href":"https:\/\/api.w.org\/{rel}","templated":true}]}}